{"id":12890,"date":"2021-04-19T18:53:15","date_gmt":"2021-04-19T16:53:15","guid":{"rendered":"https:\/\/spawlab.pl\/about-the-company\/"},"modified":"2025-06-08T10:01:24","modified_gmt":"2025-06-08T08:01:24","slug":"about-the-company","status":"publish","type":"page","link":"https:\/\/spawlab.pl\/en\/about-the-company\/","title":{"rendered":"About the company"},"content":{"rendered":"\t\t<div data-elementor-type=\"wp-page\" data-elementor-id=\"12890\" class=\"elementor elementor-12890 elementor-6\" data-elementor-post-type=\"page\">\n\t\t\t\t\t\t<section class=\"elementor-section elementor-top-section elementor-element elementor-element-b2a1f7a elementor-section-boxed elementor-section-height-default elementor-section-height-default\" data-id=\"b2a1f7a\" data-element_type=\"section\" data-e-type=\"section\">\n\t\t\t\t\t\t<div class=\"elementor-container elementor-column-gap-default\">\n\t\t\t\t\t<div class=\"elementor-column elementor-col-33 elementor-top-column elementor-element elementor-element-0da6650\" data-id=\"0da6650\" data-element_type=\"column\" data-e-type=\"column\">\n\t\t\t<div class=\"elementor-widget-wrap elementor-element-populated\">\n\t\t\t\t\t\t<div class=\"elementor-element elementor-element-9304765 elementor-invisible elementor-widget elementor-widget-image\" data-id=\"9304765\" data-element_type=\"widget\" data-e-type=\"widget\" data-settings=\"{&quot;_animation&quot;:&quot;zoomIn&quot;}\" data-widget_type=\"image.default\">\n\t\t\t\t<div class=\"elementor-widget-container\">\n\t\t\t\t\t\t\t\t\t\t\t\t\t\t\t<img fetchpriority=\"high\" decoding=\"async\" width=\"910\" height=\"1024\" src=\"https:\/\/spawlab.pl\/wp-content\/smush-avif\/2024\/11\/0-910x1024.jpg.avif\" class=\"attachment-large size-large wp-image-18177\" alt=\"\" srcset=\"https:\/\/spawlab.pl\/wp-content\/smush-avif\/2024\/11\/0-910x1024.jpg.avif 910w, https:\/\/spawlab.pl\/wp-content\/smush-avif\/2024\/11\/0-267x300.jpg.avif 267w, https:\/\/spawlab.pl\/wp-content\/smush-avif\/2024\/11\/0-768x864.jpg.avif 768w, https:\/\/spawlab.pl\/wp-content\/smush-avif\/2024\/11\/0-1365x1536.jpg.avif 1365w, https:\/\/spawlab.pl\/wp-content\/smush-avif\/2024\/11\/0-1820x2048.jpg.avif 1820w, https:\/\/spawlab.pl\/wp-content\/smush-avif\/2024\/11\/0-600x675.jpg.avif 600w, https:\/\/spawlab.pl\/wp-content\/smush-avif\/2024\/11\/0-64x72.jpg.avif 64w\" sizes=\"(max-width: 910px) 100vw, 910px\" data-smush-avif-fallback=\"{&quot;src&quot;:&quot;https:\\\/\\\/spawlab.pl\\\/wp-content\\\/uploads\\\/2024\\\/11\\\/0-910x1024.jpg&quot;,&quot;srcset&quot;:&quot;https:\\\/\\\/spawlab.pl\\\/wp-content\\\/uploads\\\/2024\\\/11\\\/0-910x1024.jpg 910w, https:\\\/\\\/spawlab.pl\\\/wp-content\\\/uploads\\\/2024\\\/11\\\/0-267x300.jpg 267w, https:\\\/\\\/spawlab.pl\\\/wp-content\\\/uploads\\\/2024\\\/11\\\/0-768x864.jpg 768w, https:\\\/\\\/spawlab.pl\\\/wp-content\\\/uploads\\\/2024\\\/11\\\/0-1365x1536.jpg 1365w, https:\\\/\\\/spawlab.pl\\\/wp-content\\\/uploads\\\/2024\\\/11\\\/0-1820x2048.jpg 1820w, https:\\\/\\\/spawlab.pl\\\/wp-content\\\/uploads\\\/2024\\\/11\\\/0-600x675.jpg 600w, https:\\\/\\\/spawlab.pl\\\/wp-content\\\/uploads\\\/2024\\\/11\\\/0-64x72.jpg 64w&quot;}\" \/>\t\t\t\t\t\t\t\t\t\t\t\t\t\t\t<\/div>\n\t\t\t\t<\/div>\n\t\t\t\t<div class=\"elementor-element elementor-element-e61ccf7 elementor-invisible elementor-widget elementor-widget-image\" data-id=\"e61ccf7\" data-element_type=\"widget\" data-e-type=\"widget\" data-settings=\"{&quot;_animation&quot;:&quot;zoomIn&quot;}\" data-widget_type=\"image.default\">\n\t\t\t\t<div class=\"elementor-widget-container\">\n\t\t\t\t\t\t\t\t\t\t\t\t\t\t\t<img decoding=\"async\" width=\"768\" height=\"1024\" data-src=\"https:\/\/spawlab.pl\/wp-content\/smush-avif\/2024\/11\/20190216_121329-768x1024.jpg.avif\" class=\"attachment-large size-large wp-image-18181 lazyload\" alt=\"\" data-srcset=\"https:\/\/spawlab.pl\/wp-content\/smush-avif\/2024\/11\/20190216_121329-768x1024.jpg.avif 768w, https:\/\/spawlab.pl\/wp-content\/smush-avif\/2024\/11\/20190216_121329-225x300.jpg.avif 225w, https:\/\/spawlab.pl\/wp-content\/smush-avif\/2024\/11\/20190216_121329-1152x1536.jpg.avif 1152w, https:\/\/spawlab.pl\/wp-content\/smush-avif\/2024\/11\/20190216_121329-1536x2048.jpg.avif 1536w, https:\/\/spawlab.pl\/wp-content\/smush-avif\/2024\/11\/20190216_121329-600x800.jpg.avif 600w, https:\/\/spawlab.pl\/wp-content\/smush-avif\/2024\/11\/20190216_121329-64x85.jpg.avif 64w, https:\/\/spawlab.pl\/wp-content\/smush-avif\/2024\/11\/20190216_121329-scaled.jpg.avif 1920w\" data-sizes=\"(max-width: 768px) 100vw, 768px\" src=\"data:image\/svg+xml;base64,PHN2ZyB3aWR0aD0iMSIgaGVpZ2h0PSIxIiB4bWxucz0iaHR0cDovL3d3dy53My5vcmcvMjAwMC9zdmciPjwvc3ZnPg==\" style=\"--smush-placeholder-width: 768px; --smush-placeholder-aspect-ratio: 768\/1024;\" data-smush-avif-fallback=\"{&quot;data-src&quot;:&quot;https:\\\/\\\/spawlab.pl\\\/wp-content\\\/uploads\\\/2024\\\/11\\\/20190216_121329-768x1024.jpg&quot;,&quot;data-srcset&quot;:&quot;https:\\\/\\\/spawlab.pl\\\/wp-content\\\/uploads\\\/2024\\\/11\\\/20190216_121329-768x1024.jpg 768w, https:\\\/\\\/spawlab.pl\\\/wp-content\\\/uploads\\\/2024\\\/11\\\/20190216_121329-225x300.jpg 225w, https:\\\/\\\/spawlab.pl\\\/wp-content\\\/uploads\\\/2024\\\/11\\\/20190216_121329-1152x1536.jpg 1152w, https:\\\/\\\/spawlab.pl\\\/wp-content\\\/uploads\\\/2024\\\/11\\\/20190216_121329-1536x2048.jpg 1536w, https:\\\/\\\/spawlab.pl\\\/wp-content\\\/uploads\\\/2024\\\/11\\\/20190216_121329-600x800.jpg 600w, https:\\\/\\\/spawlab.pl\\\/wp-content\\\/uploads\\\/2024\\\/11\\\/20190216_121329-64x85.jpg 64w, https:\\\/\\\/spawlab.pl\\\/wp-content\\\/uploads\\\/2024\\\/11\\\/20190216_121329-scaled.jpg 1920w&quot;}\" \/>\t\t\t\t\t\t\t\t\t\t\t\t\t\t\t<\/div>\n\t\t\t\t<\/div>\n\t\t\t\t\t<\/div>\n\t\t<\/div>\n\t\t\t\t<div class=\"elementor-column elementor-col-66 elementor-top-column elementor-element elementor-element-b159341\" data-id=\"b159341\" data-element_type=\"column\" data-e-type=\"column\">\n\t\t\t<div class=\"elementor-widget-wrap elementor-element-populated\">\n\t\t\t\t\t\t<div class=\"elementor-element elementor-element-412af60 elementor-invisible elementor-widget elementor-widget-text-editor\" data-id=\"412af60\" data-element_type=\"widget\" data-e-type=\"widget\" data-settings=\"{&quot;_animation&quot;:&quot;zoomIn&quot;}\" data-widget_type=\"text-editor.default\">\n\t\t\t\t<div class=\"elementor-widget-container\">\n\t\t\t\t\t\t\t\t\t<p><b>Trust the experts &#8211; work with Spawlab!<\/b><\/p><p><span style=\"color: var( --e-global-color-text ); font-family: var( --e-global-typography-text-font-family ), Sans-serif; font-size: var( --e-global-typography-text-font-size ); font-weight: var( --e-global-typography-text-font-weight ); background-color: rgba(0, 0, 0, 0);\">Spawlab was established in 2015 to meet the demands of the rapidly growing industry. From the very beginning, our goal was to provide the highest quality service and individual approach to customers. <\/span><\/p><p><span style=\"color: var( --e-global-color-text ); font-family: var( --e-global-typography-text-font-family ), Sans-serif; font-size: var( --e-global-typography-text-font-size ); background-color: rgba(0, 0, 0, 0);\"><b>Why should you work with us?<\/b><\/span><\/p><p><span style=\"color: var( --e-global-color-text ); font-family: var( --e-global-typography-text-font-family ), Sans-serif; font-size: var( --e-global-typography-text-font-size ); font-weight: var( --e-global-typography-text-font-weight ); background-color: rgba(0, 0, 0, 0);\">Our offer was born out of a passion for welding and a constant desire to improve. Initially, we focused on the service of welding machines, but we soon noticed a huge demand for professional advice and comprehensive service &#8211; from equipment configuration to personnel training. <\/span><\/p><p><span style=\"color: var( --e-global-color-text ); font-family: var( --e-global-typography-text-font-family ), Sans-serif; font-size: var( --e-global-typography-text-font-size ); font-weight: var( --e-global-typography-text-font-weight ); background-color: rgba(0, 0, 0, 0);\"><span style=\"text-decoration: underline;\">Thanks to our work, many companies that have trusted us have undergone spectacular changes and today aspire to be international leaders.<\/span> <\/span><\/p><p><strong><span style=\"color: var( --e-global-color-text ); font-family: var( --e-global-typography-text-font-family ), Sans-serif; font-size: var( --e-global-typography-text-font-size ); background-color: rgba(0, 0, 0, 0);\">At Spawlab you will find:<\/span><\/strong><\/p><p><span style=\"color: var( --e-global-color-text ); font-family: var( --e-global-typography-text-font-family ), Sans-serif; font-size: var( --e-global-typography-text-font-size ); font-weight: var( --e-global-typography-text-font-weight ); background-color: rgba(0, 0, 0, 0);\">-New and used welding machines, often hard to find on the aftermarket, fully tested and configured according to your needs,<\/span><\/p><p>-Individual consulting and training &#8211; we will help your team maximize the potential of your new equipment,<\/p><p>-Calibration and validation of equipment &#8211; with advanced equipment such as Fronius calibration and Kemppi arcvalidation, you are assured that your equipment is operating to the highest standards.<\/p><p>Spawlab is not just about sales.  <b>It&#8217;s a partnership based on quality, knowledge and trust.<\/b>  Our meters, oscilloscopes and measuring equipment ensure that every machine we sell or service is in top condition.<\/p><p><em><span style=\"text-decoration: underline;\">We invite you to cooperate with us &#8211; bet on professionalism and experience. Take a look at our website to see our full offer, and let us support the development of your company! <\/span><\/em><\/p><p><b>Thank you for your trust and see you in your business!<\/b><\/p>\t\t\t\t\t\t\t\t<\/div>\n\t\t\t\t<\/div>\n\t\t\t\t\t<\/div>\n\t\t<\/div>\n\t\t\t\t\t<\/div>\n\t\t<\/section>\n\t\t\t\t<section class=\"elementor-section elementor-top-section elementor-element elementor-element-e04fcad elementor-section-full_width elementor-section-height-default elementor-section-height-default\" data-id=\"e04fcad\" data-element_type=\"section\" data-e-type=\"section\">\n\t\t\t\t\t\t<div class=\"elementor-container elementor-column-gap-default\">\n\t\t\t\t\t<div class=\"elementor-column elementor-col-100 elementor-top-column elementor-element elementor-element-9ca8f87\" data-id=\"9ca8f87\" data-element_type=\"column\" data-e-type=\"column\">\n\t\t\t<div class=\"elementor-widget-wrap elementor-element-populated\">\n\t\t\t\t\t\t<div class=\"elementor-element elementor-element-8f1b7b4 elementor-invisible elementor-widget elementor-widget-image\" data-id=\"8f1b7b4\" data-element_type=\"widget\" data-e-type=\"widget\" data-settings=\"{&quot;_animation&quot;:&quot;zoomIn&quot;}\" data-widget_type=\"image.default\">\n\t\t\t\t<div class=\"elementor-widget-container\">\n\t\t\t\t\t\t\t\t\t\t\t\t\t\t\t<img decoding=\"async\" width=\"300\" height=\"98\" data-src=\"https:\/\/spawlab.pl\/wp-content\/smush-avif\/2021\/05\/logo-300x98.png.avif\" class=\"attachment-medium size-medium wp-image-11108 lazyload\" alt=\"\" data-srcset=\"https:\/\/spawlab.pl\/wp-content\/smush-avif\/2021\/05\/logo-300x98.png.avif 300w, https:\/\/spawlab.pl\/wp-content\/smush-avif\/2021\/05\/logo-600x195.png.avif 600w, https:\/\/spawlab.pl\/wp-content\/smush-avif\/2021\/05\/logo-64x21.png.avif 64w, https:\/\/spawlab.pl\/wp-content\/smush-avif\/2021\/05\/logo-1024x333.png.avif 1024w, https:\/\/spawlab.pl\/wp-content\/smush-avif\/2021\/05\/logo-768x250.png.avif 768w, https:\/\/spawlab.pl\/wp-content\/smush-avif\/2021\/05\/logo-1536x500.png.avif 1536w, https:\/\/spawlab.pl\/wp-content\/smush-avif\/2021\/05\/logo-2048x667.png.avif 2048w\" data-sizes=\"(max-width: 300px) 100vw, 300px\" src=\"data:image\/svg+xml;base64,PHN2ZyB3aWR0aD0iMSIgaGVpZ2h0PSIxIiB4bWxucz0iaHR0cDovL3d3dy53My5vcmcvMjAwMC9zdmciPjwvc3ZnPg==\" style=\"--smush-placeholder-width: 300px; --smush-placeholder-aspect-ratio: 300\/98;\" data-smush-avif-fallback=\"{&quot;data-src&quot;:&quot;https:\\\/\\\/spawlab.pl\\\/wp-content\\\/uploads\\\/2021\\\/05\\\/logo-300x98.png&quot;,&quot;data-srcset&quot;:&quot;https:\\\/\\\/spawlab.pl\\\/wp-content\\\/uploads\\\/2021\\\/05\\\/logo-300x98.png 300w, https:\\\/\\\/spawlab.pl\\\/wp-content\\\/uploads\\\/2021\\\/05\\\/logo-600x195.png 600w, https:\\\/\\\/spawlab.pl\\\/wp-content\\\/uploads\\\/2021\\\/05\\\/logo-64x21.png 64w, https:\\\/\\\/spawlab.pl\\\/wp-content\\\/uploads\\\/2021\\\/05\\\/logo-1024x333.png 1024w, https:\\\/\\\/spawlab.pl\\\/wp-content\\\/uploads\\\/2021\\\/05\\\/logo-768x250.png 768w, https:\\\/\\\/spawlab.pl\\\/wp-content\\\/uploads\\\/2021\\\/05\\\/logo-1536x500.png 1536w, https:\\\/\\\/spawlab.pl\\\/wp-content\\\/uploads\\\/2021\\\/05\\\/logo-2048x667.png 2048w&quot;}\" \/>\t\t\t\t\t\t\t\t\t\t\t\t\t\t\t<\/div>\n\t\t\t\t<\/div>\n\t\t\t\t\t<\/div>\n\t\t<\/div>\n\t\t\t\t\t<\/div>\n\t\t<\/section>\n\t\t\t\t<\/div>\n\t\t","protected":false},"excerpt":{"rendered":"<p>Trust the experts &#8211; work with Spawlab! Spawlab was established in 2015 to meet the demands of the rapidly growing industry. From the very beginning, our goal was to provide the highest quality service and individual approach to customers. Why should you work with us? Our offer was born out of a passion for welding [&hellip;]<\/p>\n","protected":false},"author":3,"featured_media":0,"parent":0,"menu_order":25,"comment_status":"closed","ping_status":"closed","template":"","meta":{"inline_featured_image":false,"footnotes":""},"class_list":["post-12890","page","type-page","status-publish","hentry"],"yoast_head":"<!-- This site is optimized with the Yoast SEO Premium plugin v27.5 (Yoast SEO v27.6) - https:\/\/yoast.com\/product\/yoast-seo-premium-wordpress\/ -->\n<title>Spawlab Krotoszyn - About Us | History, Mission and Welding Shop Team.<\/title>\n<meta name=\"description\" content=\"Meet Spawlab - your trusted welding partner from Krotoszyn. Learn about our mission, values and team of experts. See why you should trust us!\" \/>\n<meta name=\"robots\" content=\"index, follow, max-snippet:-1, max-image-preview:large, max-video-preview:-1\" \/>\n<link rel=\"canonical\" href=\"https:\/\/spawlab.pl\/en\/about-the-company\/\" \/>\n<meta property=\"og:locale\" content=\"en_US\" \/>\n<meta property=\"og:type\" content=\"article\" \/>\n<meta property=\"og:title\" content=\"About the company\" \/>\n<meta property=\"og:description\" content=\"Lider sprzeda\u017cy, Oficjalny Dystrybutor Premium i Serwis na Polsk\u0119 Migatronic, Gys, Voestalpine Bohler Welding. Nowe i u\u017cywane Spawarki, Przecinarki Plazmowe, Kompresory. Mgr in\u017c. Jaros\u0142aw Ko\u0142aski, IWE\" \/>\n<meta property=\"og:url\" content=\"https:\/\/spawlab.pl\/en\/about-the-company\/\" \/>\n<meta property=\"og:site_name\" content=\"SpawLab - Welding equipment and plasma cutters - store and service\" \/>\n<meta property=\"article:publisher\" content=\"https:\/\/www.facebook.com\/Spawlab\/\" \/>\n<meta property=\"article:modified_time\" content=\"2025-06-08T08:01:24+00:00\" \/>\n<meta property=\"og:image\" content=\"https:\/\/spawlab.pl\/wp-content\/uploads\/2024\/11\/0-scaled.jpg\" \/>\n\t<meta property=\"og:image:width\" content=\"2275\" \/>\n\t<meta property=\"og:image:height\" content=\"2560\" \/>\n\t<meta property=\"og:image:type\" content=\"image\/jpeg\" \/>\n<meta name=\"twitter:label1\" content=\"Est. reading time\" \/>\n\t<meta name=\"twitter:data1\" content=\"1 minute\" \/>\n<script type=\"application\/ld+json\" class=\"yoast-schema-graph\">{\"@context\":\"https:\\\/\\\/schema.org\",\"@graph\":[{\"@type\":\"WebPage\",\"@id\":\"https:\\\/\\\/spawlab.pl\\\/en\\\/about-the-company\\\/\",\"url\":\"https:\\\/\\\/spawlab.pl\\\/en\\\/about-the-company\\\/\",\"name\":\"Spawlab Krotoszyn - About Us | History, Mission and Welding Shop Team.\",\"isPartOf\":{\"@id\":\"https:\\\/\\\/spawlab.pl\\\/en\\\/#website\"},\"primaryImageOfPage\":{\"@id\":\"https:\\\/\\\/spawlab.pl\\\/en\\\/about-the-company\\\/#primaryimage\"},\"image\":{\"@id\":\"https:\\\/\\\/spawlab.pl\\\/en\\\/about-the-company\\\/#primaryimage\"},\"thumbnailUrl\":\"https:\\\/\\\/spawlab.pl\\\/wp-content\\\/uploads\\\/2024\\\/11\\\/0-910x1024.jpg\",\"datePublished\":\"2021-04-19T16:53:15+00:00\",\"dateModified\":\"2025-06-08T08:01:24+00:00\",\"description\":\"Meet Spawlab - your trusted welding partner from Krotoszyn. Learn about our mission, values and team of experts. See why you should trust us!\",\"breadcrumb\":{\"@id\":\"https:\\\/\\\/spawlab.pl\\\/en\\\/about-the-company\\\/#breadcrumb\"},\"inLanguage\":\"en-US\",\"potentialAction\":[{\"@type\":\"ReadAction\",\"target\":[\"https:\\\/\\\/spawlab.pl\\\/en\\\/about-the-company\\\/\"]}]},{\"@type\":\"ImageObject\",\"inLanguage\":\"en-US\",\"@id\":\"https:\\\/\\\/spawlab.pl\\\/en\\\/about-the-company\\\/#primaryimage\",\"url\":\"https:\\\/\\\/spawlab.pl\\\/wp-content\\\/uploads\\\/2024\\\/11\\\/0-910x1024.jpg\",\"contentUrl\":\"https:\\\/\\\/spawlab.pl\\\/wp-content\\\/uploads\\\/2024\\\/11\\\/0-910x1024.jpg\"},{\"@type\":\"BreadcrumbList\",\"@id\":\"https:\\\/\\\/spawlab.pl\\\/en\\\/about-the-company\\\/#breadcrumb\",\"itemListElement\":[{\"@type\":\"ListItem\",\"position\":1,\"name\":\"Strona g\u0142\u00f3wna\",\"item\":\"https:\\\/\\\/spawlab.pl\\\/en\\\/\"},{\"@type\":\"ListItem\",\"position\":2,\"name\":\"About the company\"}]},{\"@type\":\"WebSite\",\"@id\":\"https:\\\/\\\/spawlab.pl\\\/en\\\/#website\",\"url\":\"https:\\\/\\\/spawlab.pl\\\/en\\\/\",\"name\":\"Spawlab.pl Lider - Spawarki, Przecinarki Plazmowe, Kompresory\",\"description\":\"Urz\u0105dzenia spawalnicze i Przecinarki plazmowe\\\/ nowe i u\u017cywane \\\/ Profesjonalny serwis\",\"publisher\":{\"@id\":\"https:\\\/\\\/spawlab.pl\\\/en\\\/#organization\"},\"alternateName\":\"Spawlab.pl - Dystrybutor Premium i Serwis na Polske Migatronic, Gys, Voestalpine Bohler Welding\",\"potentialAction\":[{\"@type\":\"SearchAction\",\"target\":{\"@type\":\"EntryPoint\",\"urlTemplate\":\"https:\\\/\\\/spawlab.pl\\\/en\\\/?s={search_term_string}\"},\"query-input\":{\"@type\":\"PropertyValueSpecification\",\"valueRequired\":true,\"valueName\":\"search_term_string\"}}],\"inLanguage\":\"en-US\"},{\"@type\":[\"Organization\",\"Place\"],\"@id\":\"https:\\\/\\\/spawlab.pl\\\/en\\\/#organization\",\"name\":\"Spawlab.pl\",\"url\":\"https:\\\/\\\/spawlab.pl\\\/en\\\/\",\"logo\":{\"@id\":\"https:\\\/\\\/spawlab.pl\\\/en\\\/about-the-company\\\/#local-main-organization-logo\"},\"image\":{\"@id\":\"https:\\\/\\\/spawlab.pl\\\/en\\\/about-the-company\\\/#local-main-organization-logo\"},\"sameAs\":[\"https:\\\/\\\/www.facebook.com\\\/Spawlab\\\/\",\"https:\\\/\\\/www.linkedin.com\\\/company\\\/spawlab\",\"https:\\\/\\\/www.instagram.com\\\/spawlab.pl\",\"https:\\\/\\\/www.tiktok.com\\\/@spawlab\"],\"description\":\"Lider sprzeda\u017cy, Oficjalny Dystrybutor Premium i Serwis na Polsk\u0119 Migatronic, Gys, Voestalpine Bohler Welding. Nowe i u\u017cywane Spawarki, Przecinarki Plazmowe, Kompresory. Mgr in\u017c. Jaros\u0142aw Ko\u0142aski, IWE\",\"hasMerchantReturnPolicy\":{\"@type\":\"MerchantReturnPolicy\",\"merchantReturnLink\":\"https:\\\/\\\/spawlab.pl\\\/polityka-prywatnosci-2\\\/\"},\"telephone\":[],\"openingHoursSpecification\":[{\"@type\":\"OpeningHoursSpecification\",\"dayOfWeek\":[\"Monday\",\"Tuesday\",\"Wednesday\",\"Thursday\",\"Friday\",\"Saturday\",\"Sunday\"],\"opens\":\"09:00\",\"closes\":\"17:00\"}]},{\"@type\":\"ImageObject\",\"inLanguage\":\"en-US\",\"@id\":\"https:\\\/\\\/spawlab.pl\\\/en\\\/about-the-company\\\/#local-main-organization-logo\",\"url\":\"https:\\\/\\\/spawlab.pl\\\/wp-content\\\/uploads\\\/2022\\\/01\\\/olx.jpg\",\"contentUrl\":\"https:\\\/\\\/spawlab.pl\\\/wp-content\\\/uploads\\\/2022\\\/01\\\/olx.jpg\",\"width\":200,\"height\":200,\"caption\":\"Spawlab.pl\"}]}<\/script>\n<!-- \/ Yoast SEO Premium plugin. -->","yoast_head_json":{"title":"Spawlab Krotoszyn - About Us | History, Mission and Welding Shop Team.","description":"Meet Spawlab - your trusted welding partner from Krotoszyn. Learn about our mission, values and team of experts. See why you should trust us!","robots":{"index":"index","follow":"follow","max-snippet":"max-snippet:-1","max-image-preview":"max-image-preview:large","max-video-preview":"max-video-preview:-1"},"canonical":"https:\/\/spawlab.pl\/en\/about-the-company\/","og_locale":"en_US","og_type":"article","og_title":"About the company","og_description":"Lider sprzeda\u017cy, Oficjalny Dystrybutor Premium i Serwis na Polsk\u0119 Migatronic, Gys, Voestalpine Bohler Welding. Nowe i u\u017cywane Spawarki, Przecinarki Plazmowe, Kompresory. Mgr in\u017c. Jaros\u0142aw Ko\u0142aski, IWE","og_url":"https:\/\/spawlab.pl\/en\/about-the-company\/","og_site_name":"SpawLab - Welding equipment and plasma cutters - store and service","article_publisher":"https:\/\/www.facebook.com\/Spawlab\/","article_modified_time":"2025-06-08T08:01:24+00:00","og_image":[{"width":2275,"height":2560,"url":"https:\/\/spawlab.pl\/wp-content\/uploads\/2024\/11\/0-scaled.jpg","type":"image\/jpeg"}],"twitter_misc":{"Est. reading time":"1 minute"},"schema":{"@context":"https:\/\/schema.org","@graph":[{"@type":"WebPage","@id":"https:\/\/spawlab.pl\/en\/about-the-company\/","url":"https:\/\/spawlab.pl\/en\/about-the-company\/","name":"Spawlab Krotoszyn - About Us | History, Mission and Welding Shop Team.","isPartOf":{"@id":"https:\/\/spawlab.pl\/en\/#website"},"primaryImageOfPage":{"@id":"https:\/\/spawlab.pl\/en\/about-the-company\/#primaryimage"},"image":{"@id":"https:\/\/spawlab.pl\/en\/about-the-company\/#primaryimage"},"thumbnailUrl":"https:\/\/spawlab.pl\/wp-content\/uploads\/2024\/11\/0-910x1024.jpg","datePublished":"2021-04-19T16:53:15+00:00","dateModified":"2025-06-08T08:01:24+00:00","description":"Meet Spawlab - your trusted welding partner from Krotoszyn. Learn about our mission, values and team of experts. See why you should trust us!","breadcrumb":{"@id":"https:\/\/spawlab.pl\/en\/about-the-company\/#breadcrumb"},"inLanguage":"en-US","potentialAction":[{"@type":"ReadAction","target":["https:\/\/spawlab.pl\/en\/about-the-company\/"]}]},{"@type":"ImageObject","inLanguage":"en-US","@id":"https:\/\/spawlab.pl\/en\/about-the-company\/#primaryimage","url":"https:\/\/spawlab.pl\/wp-content\/uploads\/2024\/11\/0-910x1024.jpg","contentUrl":"https:\/\/spawlab.pl\/wp-content\/uploads\/2024\/11\/0-910x1024.jpg"},{"@type":"BreadcrumbList","@id":"https:\/\/spawlab.pl\/en\/about-the-company\/#breadcrumb","itemListElement":[{"@type":"ListItem","position":1,"name":"Strona g\u0142\u00f3wna","item":"https:\/\/spawlab.pl\/en\/"},{"@type":"ListItem","position":2,"name":"About the company"}]},{"@type":"WebSite","@id":"https:\/\/spawlab.pl\/en\/#website","url":"https:\/\/spawlab.pl\/en\/","name":"Spawlab.pl Lider - Spawarki, Przecinarki Plazmowe, Kompresory","description":"Urz\u0105dzenia spawalnicze i Przecinarki plazmowe\/ nowe i u\u017cywane \/ Profesjonalny serwis","publisher":{"@id":"https:\/\/spawlab.pl\/en\/#organization"},"alternateName":"Spawlab.pl - Dystrybutor Premium i Serwis na Polske Migatronic, Gys, Voestalpine Bohler Welding","potentialAction":[{"@type":"SearchAction","target":{"@type":"EntryPoint","urlTemplate":"https:\/\/spawlab.pl\/en\/?s={search_term_string}"},"query-input":{"@type":"PropertyValueSpecification","valueRequired":true,"valueName":"search_term_string"}}],"inLanguage":"en-US"},{"@type":["Organization","Place"],"@id":"https:\/\/spawlab.pl\/en\/#organization","name":"Spawlab.pl","url":"https:\/\/spawlab.pl\/en\/","logo":{"@id":"https:\/\/spawlab.pl\/en\/about-the-company\/#local-main-organization-logo"},"image":{"@id":"https:\/\/spawlab.pl\/en\/about-the-company\/#local-main-organization-logo"},"sameAs":["https:\/\/www.facebook.com\/Spawlab\/","https:\/\/www.linkedin.com\/company\/spawlab","https:\/\/www.instagram.com\/spawlab.pl","https:\/\/www.tiktok.com\/@spawlab"],"description":"Lider sprzeda\u017cy, Oficjalny Dystrybutor Premium i Serwis na Polsk\u0119 Migatronic, Gys, Voestalpine Bohler Welding. Nowe i u\u017cywane Spawarki, Przecinarki Plazmowe, Kompresory. Mgr in\u017c. Jaros\u0142aw Ko\u0142aski, IWE","hasMerchantReturnPolicy":{"@type":"MerchantReturnPolicy","merchantReturnLink":"https:\/\/spawlab.pl\/polityka-prywatnosci-2\/"},"telephone":[],"openingHoursSpecification":[{"@type":"OpeningHoursSpecification","dayOfWeek":["Monday","Tuesday","Wednesday","Thursday","Friday","Saturday","Sunday"],"opens":"09:00","closes":"17:00"}]},{"@type":"ImageObject","inLanguage":"en-US","@id":"https:\/\/spawlab.pl\/en\/about-the-company\/#local-main-organization-logo","url":"https:\/\/spawlab.pl\/wp-content\/uploads\/2022\/01\/olx.jpg","contentUrl":"https:\/\/spawlab.pl\/wp-content\/uploads\/2022\/01\/olx.jpg","width":200,"height":200,"caption":"Spawlab.pl"}]}},"_links":{"self":[{"href":"https:\/\/spawlab.pl\/en\/wp-json\/wp\/v2\/pages\/12890","targetHints":{"allow":["GET"]}}],"collection":[{"href":"https:\/\/spawlab.pl\/en\/wp-json\/wp\/v2\/pages"}],"about":[{"href":"https:\/\/spawlab.pl\/en\/wp-json\/wp\/v2\/types\/page"}],"author":[{"embeddable":true,"href":"https:\/\/spawlab.pl\/en\/wp-json\/wp\/v2\/users\/3"}],"replies":[{"embeddable":true,"href":"https:\/\/spawlab.pl\/en\/wp-json\/wp\/v2\/comments?post=12890"}],"version-history":[{"count":3,"href":"https:\/\/spawlab.pl\/en\/wp-json\/wp\/v2\/pages\/12890\/revisions"}],"predecessor-version":[{"id":26182,"href":"https:\/\/spawlab.pl\/en\/wp-json\/wp\/v2\/pages\/12890\/revisions\/26182"}],"wp:attachment":[{"href":"https:\/\/spawlab.pl\/en\/wp-json\/wp\/v2\/media?parent=12890"}],"curies":[{"name":"wp","href":"https:\/\/api.w.org\/{rel}","templated":true}]}}