{"id":12907,"date":"2021-04-19T21:14:35","date_gmt":"2021-04-19T19:14:35","guid":{"rendered":"https:\/\/spawlab.pl\/regulations\/"},"modified":"2025-06-08T10:02:49","modified_gmt":"2025-06-08T08:02:49","slug":"regulations","status":"publish","type":"page","link":"https:\/\/spawlab.pl\/en\/regulations\/","title":{"rendered":"Regulations"},"content":{"rendered":"\t\t<div data-elementor-type=\"wp-page\" data-elementor-id=\"12907\" class=\"elementor elementor-12907 elementor-38\" data-elementor-post-type=\"page\">\n\t\t\t\t\t\t<section class=\"elementor-section elementor-top-section elementor-element elementor-element-e7799aa elementor-section-boxed elementor-section-height-default elementor-section-height-default\" data-id=\"e7799aa\" data-element_type=\"section\" data-e-type=\"section\">\n\t\t\t\t\t\t<div class=\"elementor-container elementor-column-gap-default\">\n\t\t\t\t\t<div class=\"elementor-column elementor-col-100 elementor-top-column elementor-element elementor-element-048f20a\" data-id=\"048f20a\" data-element_type=\"column\" data-e-type=\"column\">\n\t\t\t<div class=\"elementor-widget-wrap elementor-element-populated\">\n\t\t\t\t\t\t<div class=\"elementor-element elementor-element-bf3f46b elementor-widget elementor-widget-text-editor\" data-id=\"bf3f46b\" data-element_type=\"widget\" data-e-type=\"widget\" data-widget_type=\"text-editor.default\">\n\t\t\t\t<div class=\"elementor-widget-container\">\n\t\t\t\t\t\t\t\t\t<p>Regulations of the Internet Welding Shop \u201cSpawlab\u201d. &#8211; www.spawlab.pl<br>Seller: Spawlab Jaros\u0142aw Ko\u0142aski 63-700 Krotoszyn akacjowa 15<br>Ordering: the person\/company ordering the goods<br>The owner of the online store \u201cSpawlab\u201d available at www.spawlab.pl is<br>Spawlab Jaros\u0142aw Ko\u0142aski 63-700 Krotoszyn akacjowa 15 nip 621-172-10-99<br>All prices shown in the store are gross prices (include VAT). For each product sold<br>we issue a receipt or VAT invoice, which is attached to the shipment.<br>Products offered by Spawlab &nbsp;&nbsp;Jaroslaw Kolaski are both brand new (with warranty<br>manufacturer, importer or distributor), free from physical and legal defects and have been legally<br>introduced into the Polish market and the company Spawlab&nbsp;&nbsp;Jaroslaw Kolaski offers the sale of used goods<br>which are sold without manufacturer&#8217;s warranty and with the option of warranty excluded. They have all<br>necessary required certificates. Prior to shipment of used products are examined for compliance with<br>description, verification of the product condition is carried out to ensure the best quality<br>services.<br>Spawlab Jaroslaw Kolaski offer and regulations apply to sales on Polish territory. The sale and<br>shipment of goods abroad is each time and individually agreed with the Orderer.<br>Orders may be placed by the Orderers registered on the www.spawlab.pl<br>website. When registering, you must provide at least the personal information that has been marked as<br>required.<br>Orders should be made using the form on the<br>www.spawlab.pl website.<br>Orders may also be placed by phone or e-mail. The execution of the order<br>will take place after the Seller contacts the Ordering Party and confirms<br>the order.<br>The Ordering Party is obliged to provide a telephone number or e-mail address with the order, which<br>will enable the Seller to contact the Ordering Party in order to confirm the order.<br>The Ordering Party may make changes to the order, but only until the order is processed (until<br>the moment it is submitted for shipment). Subsequent revisions will be treated as another, separate<br>order. Making changes, the Ordering Party shall make by contacting by phone or email<br>with the Seller.<br>The delivery time of the order depends on the form of payment, the carrier and the<br>stock status of the goods. Availability is given in the description of each product. It informs how many<br>working days usually elapse from the moment of order confirmation by the Ordering Party to the moment<br>of preparation of the ordered goods and shipment.<br>In case of ordering several products with different lead times, the longest quoted lead time is applicable to the total order<br>. In the case of splitting an order,<br>individual shipments may be shipped at different times by prior arrangement<br>of the Seller with the Orderer.<br>In the case of ordering a product for a customer (personalized or not) which is not in the company&#8217;s stock,<br>the buyer must be sure about the purchase because the manufacturer&#8217;s production of the device for this order         <\/p><p>non-refundable .The ordered goods are delivered to the address that was specified in the order form.<br>In case of unavailability of the goods covered by the order or part of it, the Ordering Party is<br>informed about the status of the order and decides how to fulfill it (partial<br>fulfillment or cancellation of the entire order).<br>The seller has the right to withdraw from the execution of the order in case of doubts about<br>the orderer, his credibility and reliability, which could not be confirmed.<br>When placing an order, the purchaser agrees to the processing and use of his<br>personal data for the purpose of processing the order.<br>If the ordering party, by placing an order, agrees to receive promotional information<br>regarding products and the www.spawlab.pl store, his correspondence data will be<br>used to send such information.<br>Personal data placed in the database of the store are processed exclusively for its needs, not<br>are and will not be shared with other entities. The data are stored with due<br>care and are properly protected from access by unauthorized persons, in accordance with<br>the Act of August 29, 1997 on the protection of personal data (Journal of Laws of 1997 No. 133 item 883).<br>The Ordering Party has the right to inspect his\/her data, correct them, and request to stop their use<br>.<br>The binding and final price is the price of the product given on the Spawlab.pl website at the time of<br>order placement by the Ordering Party. The total value of the order is given on the website,<br>after the Orderer selects the form of order delivery and the form of<br>payment.<br>The Seller reserves the right to make changes to the prices of goods on offer<br>on an ongoing basis and to carry out and cancel all kinds of promotional actions, including<br>sales. Introduced changes in the offer do not affect orders placed before the date<br>of entry into force of such a change: price, conditions of promotional actions or sales, and they will be<br>implemented on the terms in force at the time of order placement.<br>Payment for the ordered goods is paid: prepayment on account (that is, payment on account before shipment<br>of the order). The account number is given in the order confirmation.     &nbsp;<\/p>\n<p>The goods, in case of availability in stock, are shipped immediately after recording the receipt in our account.<\/p>\n<p>&nbsp;In the case of ordering new goods under the customer, which is not in stock and is ordered from the headquarters&nbsp;<\/p>\n<p>of a given brand is not possible to return or break the order in progress.<br>Ordered goods are delivered via courier DHL\/Fedex\/DPD (delivery time 1-<br>3 days), Polish Post (delivery time 1-5 days).<br>It is possible to collect goods in person at the company&#8217;s headquarters, after prior telephone<br>arrangement. The Ordering Party is charged for delivery costs, which are specified in the section \u201cCosts<br>delivery\u201d.<br>Upon receipt, the Ordering Party is obliged to check the shipment in the presence of the courier for its<br>condition and then confirm the fact of receipt. If the Ordering Party receives<br>a shipment with traces of mechanical damage or, for example, torn or ripped tapes<br>wrapping the shipment, it should not accept the shipment and in the presence of the courier draw up an appropriate<br>damage protocol. This protocol will be the basis for determining the responsibility of the carrier for<br>the emergence of damage, as well as a condition for the Seller to accept this type of complaint<br>from the Purchaser. The fact about the damaged shipment or its absence should be immediately reported<br>to the Seller in order to clarify the matter.    <br>Acceptance by the Ordering Party of a damaged or robbed shipment without writing a damage report<br>may result in the loss of warranty, guarantee or right to withdraw from the contract.<br>The company Spawlab&nbsp;Jaroslaw Kolaski reserves the right to exclude the warranty for new and<br>used devices<br>The warranty does not cover damage caused by improper use or installation<br>of the purchased goods.<br>If, upon receipt of the goods, the Purchaser finds manufacturing defects in the goods, he\/she may exercise<br>warranty rights directly with the manufacturer of the product or at the indicated services<br>(applies to products covered by the manufacturer&#8217;s warranty).<br>The Purchaser has the right to lodge a complaint in case of finding the following in the goods delivered<br>: manufacturing defects, incompatibility of the goods with the goods contained in the order,<br>mechanical damage caused during transport (after drawing up a damage report and<br>reporting the fact to the Seller).<br>In the case of non-conformity of the goods with the contract, the advertised goods, together with a letter specifying the type<br>of non-conformity and expectations on how to fulfill our obligations, should be sent back to<br>at the expense of the Seller, after notifying the Seller of the desire to return the goods.<br>In the case of an unfounded complaint or damage to the equipment through the fault of the user, all<br>costs are paid by the Orderer. Complaint processing takes up to 14 working days.<br>Ordering Consumer has the right to return goods purchased in the online store without<br>giving a reason within 14 days from the date of delivery of goods, in accordance with the Act of March 2,<br>2000. \u201cOn the protection of certain consumer rights&#8230;\u201d (Journal of Laws No. 22 item 271, as amended). Return of<br>goods shall be made only at the expense of the Purchaser. Goods should be returned only in<br>unaltered condition, in original, undamaged packaging, with complete contents.<br>It is permissible to open the packaging in order to view the goods. The purchaser is obliged to<br>inform the Seller of his intention to withdraw from the contract. The returned goods are to be<br>delivered to the specified address along with a written statement of withdrawal from the contract. In<br>this statement, the Purchaser is also to provide his personal data and information on how<br>he wishes to collect the amount due, previously paid for the returned goods &#8211; by bank transfer (it is necessary to<br>provide the bank account number) or by postal order (to the address provided). Refund<br>is made within 7 days from the date of receipt of the return shipment.        <br>In case of failure to comply with the aforementioned conditions for the return of goods, the Seller reserves<br>the right to withdraw from the contract and not accept the return shipment to the Purchaser.<br>In the case where the ordering party is a sole proprietor or a<br>legal entity, the right to such a return does not apply to<br>Photos of goods posted in the store may sometimes differ from their actual appearance.<br>However, this does not change their technical characteristics given in the description.<br>Any issues related to payment operators: payu , przelewy24 should be consulted directly with the payment operators.<br>The content of the online store Spawlab.pl does not constitute an offer within the meaning of the Civil Code.<br>The store reserves the right to change the regulations.<br>The terms and conditions define the rules of shopping at www.spawlab.pl.<br>Placing and confirming an order is tantamount to acceptance of the terms and conditions.<br>Any disputes will be resolved by the court having jurisdiction over the Seller&#8217;s registered office.<\/p>\t\t\t\t\t\t\t\t<\/div>\n\t\t\t\t<\/div>\n\t\t\t\t\t<\/div>\n\t\t<\/div>\n\t\t\t\t\t<\/div>\n\t\t<\/section>\n\t\t\t\t<\/div>\n\t\t","protected":false},"excerpt":{"rendered":"<p>Regulations of the Internet Welding Shop \u201cSpawlab\u201d. &#8211; www.spawlab.plSeller: Spawlab Jaros\u0142aw Ko\u0142aski 63-700 Krotoszyn akacjowa 15Ordering: the person\/company ordering the goodsThe owner of the online store \u201cSpawlab\u201d available at www.spawlab.pl isSpawlab Jaros\u0142aw Ko\u0142aski 63-700 Krotoszyn akacjowa 15 nip 621-172-10-99All prices shown in the store are gross prices (include VAT). For each product soldwe issue a [&hellip;]<\/p>\n","protected":false},"author":3,"featured_media":0,"parent":0,"menu_order":35,"comment_status":"closed","ping_status":"closed","template":"","meta":{"inline_featured_image":false,"footnotes":""},"class_list":["post-12907","page","type-page","status-publish","hentry"],"yoast_head":"<!-- This site is optimized with the Yoast SEO Premium plugin v27.0 (Yoast SEO v27.3) - https:\/\/yoast.com\/product\/yoast-seo-premium-wordpress\/ -->\n<title>Regulations - SpawLab - Welding equipment and plasma cutters - store and service<\/title>\n<meta name=\"description\" content=\"Official terms and conditions of the Spawlab.pl online store. Learn about the rules regarding orders, payments, deliveries, returns, complaints and personal data protection.\" \/>\n<meta name=\"robots\" content=\"index, follow, max-snippet:-1, max-image-preview:large, max-video-preview:-1\" \/>\n<link rel=\"canonical\" href=\"https:\/\/spawlab.pl\/en\/regulations\/\" \/>\n<meta property=\"og:locale\" content=\"en_US\" \/>\n<meta property=\"og:type\" content=\"article\" \/>\n<meta property=\"og:title\" content=\"Regulations\" \/>\n<meta property=\"og:description\" content=\"Lider sprzeda\u017cy, Oficjalny Dystrybutor Premium i Serwis na Polsk\u0119 Migatronic, Gys, Voestalpine Bohler Welding. Nowe i u\u017cywane Spawarki, Przecinarki Plazmowe, Kompresory. Mgr in\u017c. Jaros\u0142aw Ko\u0142aski, IWE\" \/>\n<meta property=\"og:url\" content=\"https:\/\/spawlab.pl\/en\/regulations\/\" \/>\n<meta property=\"og:site_name\" content=\"SpawLab - Welding equipment and plasma cutters - store and service\" \/>\n<meta property=\"article:publisher\" content=\"https:\/\/www.facebook.com\/Spawlab\/\" \/>\n<meta property=\"article:modified_time\" content=\"2025-06-08T08:02:49+00:00\" \/>\n<meta property=\"og:image\" content=\"https:\/\/spawlab.pl\/wp-content\/uploads\/2025\/06\/LOGO-SPOLECZN-scaled.png\" \/>\n\t<meta property=\"og:image:width\" content=\"2560\" \/>\n\t<meta property=\"og:image:height\" content=\"1440\" \/>\n\t<meta property=\"og:image:type\" content=\"image\/png\" \/>\n<meta name=\"twitter:label1\" content=\"Est. reading time\" \/>\n\t<meta name=\"twitter:data1\" content=\"8 minutes\" \/>\n<script type=\"application\/ld+json\" class=\"yoast-schema-graph\">{\"@context\":\"https:\\\/\\\/schema.org\",\"@graph\":[{\"@type\":\"WebPage\",\"@id\":\"https:\\\/\\\/spawlab.pl\\\/en\\\/regulations\\\/\",\"url\":\"https:\\\/\\\/spawlab.pl\\\/en\\\/regulations\\\/\",\"name\":\"Regulations - SpawLab - Welding equipment and plasma cutters - store and service\",\"isPartOf\":{\"@id\":\"https:\\\/\\\/spawlab.pl\\\/en\\\/#website\"},\"datePublished\":\"2021-04-19T19:14:35+00:00\",\"dateModified\":\"2025-06-08T08:02:49+00:00\",\"description\":\"Official terms and conditions of the Spawlab.pl online store. Learn about the rules regarding orders, payments, deliveries, returns, complaints and personal data protection.\",\"breadcrumb\":{\"@id\":\"https:\\\/\\\/spawlab.pl\\\/en\\\/regulations\\\/#breadcrumb\"},\"inLanguage\":\"en-US\",\"potentialAction\":[{\"@type\":\"ReadAction\",\"target\":[\"https:\\\/\\\/spawlab.pl\\\/en\\\/regulations\\\/\"]}]},{\"@type\":\"BreadcrumbList\",\"@id\":\"https:\\\/\\\/spawlab.pl\\\/en\\\/regulations\\\/#breadcrumb\",\"itemListElement\":[{\"@type\":\"ListItem\",\"position\":1,\"name\":\"Strona g\u0142\u00f3wna\",\"item\":\"https:\\\/\\\/spawlab.pl\\\/en\\\/\"},{\"@type\":\"ListItem\",\"position\":2,\"name\":\"Regulations\"}]},{\"@type\":\"WebSite\",\"@id\":\"https:\\\/\\\/spawlab.pl\\\/en\\\/#website\",\"url\":\"https:\\\/\\\/spawlab.pl\\\/en\\\/\",\"name\":\"Spawlab.pl Lider - Spawarki, Przecinarki Plazmowe, Kompresory\",\"description\":\"Urz\u0105dzenia spawalnicze i Przecinarki plazmowe\\\/ nowe i u\u017cywane \\\/ Profesjonalny serwis\",\"publisher\":{\"@id\":\"https:\\\/\\\/spawlab.pl\\\/en\\\/#organization\"},\"alternateName\":\"Spawlab.pl - Dystrybutor Premium i Serwis na Polske Migatronic, Gys, Voestalpine Bohler Welding\",\"potentialAction\":[{\"@type\":\"SearchAction\",\"target\":{\"@type\":\"EntryPoint\",\"urlTemplate\":\"https:\\\/\\\/spawlab.pl\\\/en\\\/?s={search_term_string}\"},\"query-input\":{\"@type\":\"PropertyValueSpecification\",\"valueRequired\":true,\"valueName\":\"search_term_string\"}}],\"inLanguage\":\"en-US\"},{\"@type\":[\"Organization\",\"Place\"],\"@id\":\"https:\\\/\\\/spawlab.pl\\\/en\\\/#organization\",\"name\":\"Spawlab.pl\",\"url\":\"https:\\\/\\\/spawlab.pl\\\/en\\\/\",\"logo\":{\"@id\":\"https:\\\/\\\/spawlab.pl\\\/en\\\/regulations\\\/#local-main-organization-logo\"},\"image\":{\"@id\":\"https:\\\/\\\/spawlab.pl\\\/en\\\/regulations\\\/#local-main-organization-logo\"},\"sameAs\":[\"https:\\\/\\\/www.facebook.com\\\/Spawlab\\\/\",\"https:\\\/\\\/www.linkedin.com\\\/company\\\/spawlab\",\"https:\\\/\\\/www.instagram.com\\\/spawlab.pl\",\"https:\\\/\\\/www.tiktok.com\\\/@spawlab\"],\"description\":\"Lider sprzeda\u017cy, Oficjalny Dystrybutor Premium i Serwis na Polsk\u0119 Migatronic, Gys, Voestalpine Bohler Welding. Nowe i u\u017cywane Spawarki, Przecinarki Plazmowe, Kompresory. Mgr in\u017c. Jaros\u0142aw Ko\u0142aski, IWE\",\"hasMerchantReturnPolicy\":{\"@type\":\"MerchantReturnPolicy\",\"merchantReturnLink\":\"https:\\\/\\\/spawlab.pl\\\/polityka-prywatnosci-2\\\/\"},\"telephone\":[],\"openingHoursSpecification\":[{\"@type\":\"OpeningHoursSpecification\",\"dayOfWeek\":[\"Monday\",\"Tuesday\",\"Wednesday\",\"Thursday\",\"Friday\",\"Saturday\",\"Sunday\"],\"opens\":\"09:00\",\"closes\":\"17:00\"}]},{\"@type\":\"ImageObject\",\"inLanguage\":\"en-US\",\"@id\":\"https:\\\/\\\/spawlab.pl\\\/en\\\/regulations\\\/#local-main-organization-logo\",\"url\":\"https:\\\/\\\/spawlab.pl\\\/wp-content\\\/uploads\\\/2022\\\/01\\\/olx.jpg\",\"contentUrl\":\"https:\\\/\\\/spawlab.pl\\\/wp-content\\\/uploads\\\/2022\\\/01\\\/olx.jpg\",\"width\":200,\"height\":200,\"caption\":\"Spawlab.pl\"}]}<\/script>\n<!-- \/ Yoast SEO Premium plugin. -->","yoast_head_json":{"title":"Regulations - SpawLab - Welding equipment and plasma cutters - store and service","description":"Official terms and conditions of the Spawlab.pl online store. Learn about the rules regarding orders, payments, deliveries, returns, complaints and personal data protection.","robots":{"index":"index","follow":"follow","max-snippet":"max-snippet:-1","max-image-preview":"max-image-preview:large","max-video-preview":"max-video-preview:-1"},"canonical":"https:\/\/spawlab.pl\/en\/regulations\/","og_locale":"en_US","og_type":"article","og_title":"Regulations","og_description":"Lider sprzeda\u017cy, Oficjalny Dystrybutor Premium i Serwis na Polsk\u0119 Migatronic, Gys, Voestalpine Bohler Welding. Nowe i u\u017cywane Spawarki, Przecinarki Plazmowe, Kompresory. Mgr in\u017c. Jaros\u0142aw Ko\u0142aski, IWE","og_url":"https:\/\/spawlab.pl\/en\/regulations\/","og_site_name":"SpawLab - Welding equipment and plasma cutters - store and service","article_publisher":"https:\/\/www.facebook.com\/Spawlab\/","article_modified_time":"2025-06-08T08:02:49+00:00","og_image":[{"width":2560,"height":1440,"url":"https:\/\/spawlab.pl\/wp-content\/uploads\/2025\/06\/LOGO-SPOLECZN-scaled.png","type":"image\/png"}],"twitter_misc":{"Est. reading time":"8 minutes"},"schema":{"@context":"https:\/\/schema.org","@graph":[{"@type":"WebPage","@id":"https:\/\/spawlab.pl\/en\/regulations\/","url":"https:\/\/spawlab.pl\/en\/regulations\/","name":"Regulations - SpawLab - Welding equipment and plasma cutters - store and service","isPartOf":{"@id":"https:\/\/spawlab.pl\/en\/#website"},"datePublished":"2021-04-19T19:14:35+00:00","dateModified":"2025-06-08T08:02:49+00:00","description":"Official terms and conditions of the Spawlab.pl online store. Learn about the rules regarding orders, payments, deliveries, returns, complaints and personal data protection.","breadcrumb":{"@id":"https:\/\/spawlab.pl\/en\/regulations\/#breadcrumb"},"inLanguage":"en-US","potentialAction":[{"@type":"ReadAction","target":["https:\/\/spawlab.pl\/en\/regulations\/"]}]},{"@type":"BreadcrumbList","@id":"https:\/\/spawlab.pl\/en\/regulations\/#breadcrumb","itemListElement":[{"@type":"ListItem","position":1,"name":"Strona g\u0142\u00f3wna","item":"https:\/\/spawlab.pl\/en\/"},{"@type":"ListItem","position":2,"name":"Regulations"}]},{"@type":"WebSite","@id":"https:\/\/spawlab.pl\/en\/#website","url":"https:\/\/spawlab.pl\/en\/","name":"Spawlab.pl Lider - Spawarki, Przecinarki Plazmowe, Kompresory","description":"Urz\u0105dzenia spawalnicze i Przecinarki plazmowe\/ nowe i u\u017cywane \/ Profesjonalny serwis","publisher":{"@id":"https:\/\/spawlab.pl\/en\/#organization"},"alternateName":"Spawlab.pl - Dystrybutor Premium i Serwis na Polske Migatronic, Gys, Voestalpine Bohler Welding","potentialAction":[{"@type":"SearchAction","target":{"@type":"EntryPoint","urlTemplate":"https:\/\/spawlab.pl\/en\/?s={search_term_string}"},"query-input":{"@type":"PropertyValueSpecification","valueRequired":true,"valueName":"search_term_string"}}],"inLanguage":"en-US"},{"@type":["Organization","Place"],"@id":"https:\/\/spawlab.pl\/en\/#organization","name":"Spawlab.pl","url":"https:\/\/spawlab.pl\/en\/","logo":{"@id":"https:\/\/spawlab.pl\/en\/regulations\/#local-main-organization-logo"},"image":{"@id":"https:\/\/spawlab.pl\/en\/regulations\/#local-main-organization-logo"},"sameAs":["https:\/\/www.facebook.com\/Spawlab\/","https:\/\/www.linkedin.com\/company\/spawlab","https:\/\/www.instagram.com\/spawlab.pl","https:\/\/www.tiktok.com\/@spawlab"],"description":"Lider sprzeda\u017cy, Oficjalny Dystrybutor Premium i Serwis na Polsk\u0119 Migatronic, Gys, Voestalpine Bohler Welding. Nowe i u\u017cywane Spawarki, Przecinarki Plazmowe, Kompresory. Mgr in\u017c. Jaros\u0142aw Ko\u0142aski, IWE","hasMerchantReturnPolicy":{"@type":"MerchantReturnPolicy","merchantReturnLink":"https:\/\/spawlab.pl\/polityka-prywatnosci-2\/"},"telephone":[],"openingHoursSpecification":[{"@type":"OpeningHoursSpecification","dayOfWeek":["Monday","Tuesday","Wednesday","Thursday","Friday","Saturday","Sunday"],"opens":"09:00","closes":"17:00"}]},{"@type":"ImageObject","inLanguage":"en-US","@id":"https:\/\/spawlab.pl\/en\/regulations\/#local-main-organization-logo","url":"https:\/\/spawlab.pl\/wp-content\/uploads\/2022\/01\/olx.jpg","contentUrl":"https:\/\/spawlab.pl\/wp-content\/uploads\/2022\/01\/olx.jpg","width":200,"height":200,"caption":"Spawlab.pl"}]}},"_links":{"self":[{"href":"https:\/\/spawlab.pl\/en\/wp-json\/wp\/v2\/pages\/12907","targetHints":{"allow":["GET"]}}],"collection":[{"href":"https:\/\/spawlab.pl\/en\/wp-json\/wp\/v2\/pages"}],"about":[{"href":"https:\/\/spawlab.pl\/en\/wp-json\/wp\/v2\/types\/page"}],"author":[{"embeddable":true,"href":"https:\/\/spawlab.pl\/en\/wp-json\/wp\/v2\/users\/3"}],"replies":[{"embeddable":true,"href":"https:\/\/spawlab.pl\/en\/wp-json\/wp\/v2\/comments?post=12907"}],"version-history":[{"count":4,"href":"https:\/\/spawlab.pl\/en\/wp-json\/wp\/v2\/pages\/12907\/revisions"}],"predecessor-version":[{"id":37552,"href":"https:\/\/spawlab.pl\/en\/wp-json\/wp\/v2\/pages\/12907\/revisions\/37552"}],"wp:attachment":[{"href":"https:\/\/spawlab.pl\/en\/wp-json\/wp\/v2\/media?parent=12907"}],"curies":[{"name":"wp","href":"https:\/\/api.w.org\/{rel}","templated":true}]}}