{"id":17770,"date":"2024-09-27T20:35:22","date_gmt":"2024-09-27T18:35:22","guid":{"rendered":"https:\/\/spawlab.pl\/produkt\/gys-protig-201-ac-dc-fv\/"},"modified":"2024-09-27T20:35:22","modified_gmt":"2024-09-27T18:35:22","slug":"gys-protig-201-ac-dc-fv","status":"publish","type":"product","link":"https:\/\/spawlab.pl\/en\/produkt\/gys-protig-201-ac-dc-fv\/","title":{"rendered":"GYS Protig 201 AC\/DC FV"},"content":{"rendered":"<p><img fetchpriority=\"high\" decoding=\"async\" class=\"wp-image-11054 alignleft\" src=\"https:\/\/spawlab.pl\/wp-content\/smush-avif\/2024\/09\/20240927_154946-scaled.jpg.avif\" alt=\"\" width=\"306\" height=\"408\" srcset=\"https:\/\/spawlab.pl\/wp-content\/smush-avif\/2024\/09\/20240927_154946-scaled.jpg.avif 1920w, https:\/\/spawlab.pl\/wp-content\/smush-avif\/2024\/09\/20240927_154946-225x300.jpg.avif 225w, https:\/\/spawlab.pl\/wp-content\/smush-avif\/2024\/09\/20240927_154946-768x1024.jpg.avif 768w, https:\/\/spawlab.pl\/wp-content\/smush-avif\/2024\/09\/20240927_154946-1152x1536.jpg.avif 1152w, https:\/\/spawlab.pl\/wp-content\/smush-avif\/2024\/09\/20240927_154946-1536x2048.jpg.avif 1536w, https:\/\/spawlab.pl\/wp-content\/smush-avif\/2024\/09\/20240927_154946-1320x1760.jpg.avif 1320w, https:\/\/spawlab.pl\/wp-content\/smush-avif\/2024\/09\/20240927_154946-600x800.jpg.avif 600w, https:\/\/spawlab.pl\/wp-content\/smush-avif\/2024\/09\/20240927_154946-64x85.jpg.avif 64w\" sizes=\"(max-width: 306px) 100vw, 306px\" data-smush-avif-fallback=\"{&quot;src&quot;:&quot;https:\\\/\\\/spawlab.pl\\\/wp-content\\\/uploads\\\/2024\\\/09\\\/20240927_154946-scaled.jpg&quot;,&quot;srcset&quot;:&quot;https:\\\/\\\/spawlab.pl\\\/wp-content\\\/uploads\\\/2024\\\/09\\\/20240927_154946-scaled.jpg 1920w, https:\\\/\\\/spawlab.pl\\\/wp-content\\\/uploads\\\/2024\\\/09\\\/20240927_154946-225x300.jpg 225w, https:\\\/\\\/spawlab.pl\\\/wp-content\\\/uploads\\\/2024\\\/09\\\/20240927_154946-768x1024.jpg 768w, https:\\\/\\\/spawlab.pl\\\/wp-content\\\/uploads\\\/2024\\\/09\\\/20240927_154946-1152x1536.jpg 1152w, https:\\\/\\\/spawlab.pl\\\/wp-content\\\/uploads\\\/2024\\\/09\\\/20240927_154946-1536x2048.jpg 1536w, https:\\\/\\\/spawlab.pl\\\/wp-content\\\/uploads\\\/2024\\\/09\\\/20240927_154946-1320x1760.jpg 1320w, https:\\\/\\\/spawlab.pl\\\/wp-content\\\/uploads\\\/2024\\\/09\\\/20240927_154946-600x800.jpg 600w, https:\\\/\\\/spawlab.pl\\\/wp-content\\\/uploads\\\/2024\\\/09\\\/20240927_154946-64x85.jpg 64w&quot;}\" \/>Get ready for a real revolution in welding!<br \/>\nBehold the GYS Protig 201 AC\/DC FV &#8211; a machine that not only raises the bar, but tears it down and throws it into space!<br \/>\nImagine a machine that makes every weld perfect and every task seem easier than ever!<br \/>\nThis compact and extremely powerful tool, weighing only 18.5 kg, hides incredible power.<br \/>\nWeld like a pro thanks to the power of 200 A at maximum amperage, powered by Full Voltage technology &#8211; which means you can connect it to both standard 230V mains and lower voltages, maintaining full efficiency!<br \/>\nWith the ability to weld with both alternating current (AC) and direct current (DC), the Protig 201 AC\/DC FV gives you full control over any material &#8211; from stainless steel to aluminum to titanium!<br \/>\nThe performance of this beast?<br \/>\n100% cycle at 100 A!<br \/>\nWhat does this mean?<br \/>\nUninterrupted operation without overheating &#8211; and for hours!<br \/>\nAnd when you need more power, it reaches a full 200 A at 40% cycle.<br \/>\nInverter IGBT technology is the heart of this machine &#8211; it not only guarantees excellent arc stability, but also minimizes energy loss, which translates into lower operating costs.<br \/>\nThe Protig 201 AC\/DC FV also offers features such as TIG Pulse, which precisely controls energy and ensures cleaner welds, and HF start, which is non-contact arc ignition that makes your welding cleaner and more efficient.<br \/>\nAnd now pay attention &#8211; we&#8217;re going to the next level of technological perfection!<br \/>\nWith the AC Easy function, welding aluminum becomes child&#8217;s play.<br \/>\nWith this inno vation, forget about complicated settings and technological intricacies &#8211; AC Easy automatically adjusts the parameters of alternating current (AC) welding, optimizing them to ensure the perfect balance between weld quality and ease of operation.<br \/>\nImagine a perfect, smooth weld on aluminum without having to manually adjust dozens of parameters.<br \/>\nThis feature is a savior for anyone who wants to work quickly and efficiently, achieving masterful results effortlessly.<br \/>\nNot to mention the PFC &#8211; Power Factor Correction &#8211; thanks to which this equipment works optimally even with an unstable power supply, ensuring uninterrupted operation in all conditions.<br \/>\nThis is a machine made for those who want to break boundaries and achieve perfection in every weld.<br \/>\nGYS Protig 201 AC\/DC FV is not just a piece of equipment &#8211; it is your new partner on the road to perfection, making every project a masterpiece! List price is 9,500zl net<strong>(11,685zl gross<\/strong>)part number 063945 Shortcut: -Inverter device -Power 160A- 25% 100A- 100% -Welding range 10-200A -Power supply 230V -Fuse 16A -Welding mode: 2tact\/4tact; Tig HF, lift; Puls; welding; MMA, MMA Puls -Welding functions: AC Easy- sets parameters under amperage by itself; Ac manual (balance and frequency), Puls, DC welding with and without Puls, Full welding path to set, -Small handy welder for conflict-free work.<br \/>\n-Includes: Abicor binzel tig chuck type 26 4m Ground holder 3m 230v power cord<iframe title=\"Gys Protig 201 ac\/dc Welding stainless steel\" width=\"500\" height=\"281\" data-src=\"https:\/\/www.youtube.com\/embed\/oJNqDTwoEvQ?feature=oembed\" frameborder=\"0\" allow=\"accelerometer; autoplay; clipboard-write; encrypted-media; gyroscope; picture-in-picture; web-share\" referrerpolicy=\"strict-origin-when-cross-origin\" allowfullscreen src=\"data:image\/svg+xml;base64,PHN2ZyB3aWR0aD0iMSIgaGVpZ2h0PSIxIiB4bWxucz0iaHR0cDovL3d3dy53My5vcmcvMjAwMC9zdmciPjwvc3ZnPg==\" class=\"lazyload\" data-load-mode=\"1\"><\/iframe>                     <\/p>\n","protected":false},"excerpt":{"rendered":"<p>Get ready for a real revolution in welding! Behold the GYS Protig 201 AC\/DC FV &#8211; a machine that not only raises the bar, but tears it down and throws it into space! Imagine a machine that makes every weld perfect and every task seem easier than ever! This compact and extremely powerful tool, weighing [&hellip;]<\/p>\n","protected":false},"featured_media":17728,"template":"","meta":{"inline_featured_image":false},"product_brand":[],"product_cat":[491,480,490,473],"product_tag":[],"class_list":{"0":"post-17770","1":"product","2":"type-product","3":"status-publish","4":"has-post-thumbnail","6":"product_cat-ac-dc","7":"product_cat-gas-cooled-en","8":"product_cat-tig-en","9":"product_cat-used","11":"first","12":"instock","13":"taxable","14":"shipping-taxable","15":"purchasable","16":"product-type-simple"},"yoast_head":"<!-- This site is optimized with the Yoast SEO Premium plugin v27.0 (Yoast SEO v27.3) - https:\/\/yoast.com\/product\/yoast-seo-premium-wordpress\/ -->\n<title>GYS Protig 201 AC\/DC FV - SpawLab - Welding equipment and plasma cutters - store and service<\/title>\n<meta name=\"description\" content=\"Lider sprzeda\u017cy, Oficjalny Dystrybutor Premium i Serwis na Polsk\u0119 Migatronic, Gys, Voestalpine Bohler Welding. Nowe i u\u017cywane Spawarki, Przecinarki Plazmowe, Kompresory. Mgr in\u017c. Jaros\u0142aw Ko\u0142aski, IWE\" \/>\n<meta name=\"robots\" content=\"index, follow, max-snippet:-1, max-image-preview:large, max-video-preview:-1\" \/>\n<link rel=\"canonical\" href=\"https:\/\/spawlab.pl\/en\/produkt\/gys-protig-201-ac-dc-fv\/\" \/>\n<meta property=\"og:locale\" content=\"en_US\" \/>\n<meta property=\"og:type\" content=\"article\" \/>\n<meta property=\"og:title\" content=\"GYS Protig 201 AC\/DC FV\" \/>\n<meta property=\"og:description\" content=\"Lider sprzeda\u017cy, Oficjalny Dystrybutor Premium i Serwis na Polsk\u0119 Migatronic, Gys, Voestalpine Bohler Welding. Nowe i u\u017cywane Spawarki, Przecinarki Plazmowe, Kompresory. Mgr in\u017c. Jaros\u0142aw Ko\u0142aski, IWE\" \/>\n<meta property=\"og:url\" content=\"https:\/\/spawlab.pl\/en\/produkt\/gys-protig-201-ac-dc-fv\/\" \/>\n<meta property=\"og:site_name\" content=\"SpawLab - Welding equipment and plasma cutters - store and service\" \/>\n<meta property=\"article:publisher\" content=\"https:\/\/www.facebook.com\/Spawlab\/\" \/>\n<meta property=\"og:image\" content=\"https:\/\/spawlab.pl\/wp-content\/uploads\/2024\/09\/20240927_154946-scaled.jpg\" \/>\n\t<meta property=\"og:image:width\" content=\"1920\" \/>\n\t<meta property=\"og:image:height\" content=\"2560\" \/>\n\t<meta property=\"og:image:type\" content=\"image\/jpeg\" \/>\n<meta name=\"twitter:label1\" content=\"Price\" \/>\n\t<meta name=\"twitter:data1\" content=\"7 400,00&nbsp;&#122;&#322; (6 016,26&nbsp;&#122;&#322; netto)\" \/>\n\t<meta name=\"twitter:label2\" content=\"Availability\" \/>\n\t<meta name=\"twitter:data2\" content=\"In stock\" \/>\n<script type=\"application\/ld+json\" class=\"yoast-schema-graph\">{\"@context\":\"https:\\\/\\\/schema.org\",\"@graph\":[{\"@type\":[\"WebPage\",\"ItemPage\"],\"@id\":\"https:\\\/\\\/spawlab.pl\\\/en\\\/produkt\\\/gys-protig-201-ac-dc-fv\\\/\",\"url\":\"https:\\\/\\\/spawlab.pl\\\/en\\\/produkt\\\/gys-protig-201-ac-dc-fv\\\/\",\"name\":\"GYS Protig 201 AC\\\/DC FV - SpawLab - Welding equipment and plasma cutters - store and service\",\"isPartOf\":{\"@id\":\"https:\\\/\\\/spawlab.pl\\\/en\\\/#website\"},\"primaryImageOfPage\":{\"@id\":\"https:\\\/\\\/spawlab.pl\\\/en\\\/produkt\\\/gys-protig-201-ac-dc-fv\\\/#primaryimage\"},\"image\":{\"@id\":\"https:\\\/\\\/spawlab.pl\\\/en\\\/produkt\\\/gys-protig-201-ac-dc-fv\\\/#primaryimage\"},\"thumbnailUrl\":\"https:\\\/\\\/spawlab.pl\\\/wp-content\\\/uploads\\\/2024\\\/09\\\/20240927_154946-scaled.jpg\",\"datePublished\":\"2024-09-27T18:35:22+00:00\",\"description\":\"Lider sprzeda\u017cy, Oficjalny Dystrybutor Premium i Serwis na Polsk\u0119 Migatronic, Gys, Voestalpine Bohler Welding. Nowe i u\u017cywane Spawarki, Przecinarki Plazmowe, Kompresory. Mgr in\u017c. Jaros\u0142aw Ko\u0142aski, IWE\",\"breadcrumb\":{\"@id\":\"https:\\\/\\\/spawlab.pl\\\/en\\\/produkt\\\/gys-protig-201-ac-dc-fv\\\/#breadcrumb\"},\"inLanguage\":\"en-US\",\"potentialAction\":[{\"@type\":\"ReadAction\",\"target\":[\"https:\\\/\\\/spawlab.pl\\\/en\\\/produkt\\\/gys-protig-201-ac-dc-fv\\\/\"]}]},{\"@type\":\"ImageObject\",\"inLanguage\":\"en-US\",\"@id\":\"https:\\\/\\\/spawlab.pl\\\/en\\\/produkt\\\/gys-protig-201-ac-dc-fv\\\/#primaryimage\",\"url\":\"https:\\\/\\\/spawlab.pl\\\/wp-content\\\/uploads\\\/2024\\\/09\\\/20240927_154946-scaled.jpg\",\"contentUrl\":\"https:\\\/\\\/spawlab.pl\\\/wp-content\\\/uploads\\\/2024\\\/09\\\/20240927_154946-scaled.jpg\",\"width\":1920,\"height\":2560},{\"@type\":\"BreadcrumbList\",\"@id\":\"https:\\\/\\\/spawlab.pl\\\/en\\\/produkt\\\/gys-protig-201-ac-dc-fv\\\/#breadcrumb\",\"itemListElement\":[{\"@type\":\"ListItem\",\"position\":1,\"name\":\"Strona g\u0142\u00f3wna\",\"item\":\"https:\\\/\\\/spawlab.pl\\\/en\\\/\"},{\"@type\":\"ListItem\",\"position\":2,\"name\":\"Store\",\"item\":\"https:\\\/\\\/spawlab.pl\\\/en\\\/shop\\\/\"},{\"@type\":\"ListItem\",\"position\":3,\"name\":\"GYS Protig 201 AC\\\/DC FV\"}]},{\"@type\":\"WebSite\",\"@id\":\"https:\\\/\\\/spawlab.pl\\\/en\\\/#website\",\"url\":\"https:\\\/\\\/spawlab.pl\\\/en\\\/\",\"name\":\"Spawlab.pl Lider - Spawarki, Przecinarki Plazmowe, Kompresory\",\"description\":\"Urz\u0105dzenia spawalnicze i Przecinarki plazmowe\\\/ nowe i u\u017cywane \\\/ Profesjonalny serwis\",\"publisher\":{\"@id\":\"https:\\\/\\\/spawlab.pl\\\/en\\\/#organization\"},\"alternateName\":\"Spawlab.pl - Dystrybutor Premium i Serwis na Polske Migatronic, Gys, Voestalpine Bohler Welding\",\"potentialAction\":[{\"@type\":\"SearchAction\",\"target\":{\"@type\":\"EntryPoint\",\"urlTemplate\":\"https:\\\/\\\/spawlab.pl\\\/en\\\/?s={search_term_string}\"},\"query-input\":{\"@type\":\"PropertyValueSpecification\",\"valueRequired\":true,\"valueName\":\"search_term_string\"}}],\"inLanguage\":\"en-US\"},{\"@type\":[\"Organization\",\"Place\"],\"@id\":\"https:\\\/\\\/spawlab.pl\\\/en\\\/#organization\",\"name\":\"Spawlab.pl\",\"url\":\"https:\\\/\\\/spawlab.pl\\\/en\\\/\",\"logo\":{\"@id\":\"https:\\\/\\\/spawlab.pl\\\/en\\\/produkt\\\/gys-protig-201-ac-dc-fv\\\/#local-main-organization-logo\"},\"image\":{\"@id\":\"https:\\\/\\\/spawlab.pl\\\/en\\\/produkt\\\/gys-protig-201-ac-dc-fv\\\/#local-main-organization-logo\"},\"sameAs\":[\"https:\\\/\\\/www.facebook.com\\\/Spawlab\\\/\",\"https:\\\/\\\/www.linkedin.com\\\/company\\\/spawlab\",\"https:\\\/\\\/www.instagram.com\\\/spawlab.pl\",\"https:\\\/\\\/www.tiktok.com\\\/@spawlab\"],\"description\":\"Lider sprzeda\u017cy, Oficjalny Dystrybutor Premium i Serwis na Polsk\u0119 Migatronic, Gys, Voestalpine Bohler Welding. Nowe i u\u017cywane Spawarki, Przecinarki Plazmowe, Kompresory. Mgr in\u017c. Jaros\u0142aw Ko\u0142aski, IWE\",\"hasMerchantReturnPolicy\":{\"@type\":\"MerchantReturnPolicy\",\"merchantReturnLink\":\"https:\\\/\\\/spawlab.pl\\\/polityka-prywatnosci-2\\\/\"},\"telephone\":[],\"openingHoursSpecification\":[{\"@type\":\"OpeningHoursSpecification\",\"dayOfWeek\":[\"Monday\",\"Tuesday\",\"Wednesday\",\"Thursday\",\"Friday\",\"Saturday\",\"Sunday\"],\"opens\":\"09:00\",\"closes\":\"17:00\"}]},{\"@type\":\"ImageObject\",\"inLanguage\":\"en-US\",\"@id\":\"https:\\\/\\\/spawlab.pl\\\/en\\\/produkt\\\/gys-protig-201-ac-dc-fv\\\/#local-main-organization-logo\",\"url\":\"https:\\\/\\\/spawlab.pl\\\/wp-content\\\/uploads\\\/2022\\\/01\\\/olx.jpg\",\"contentUrl\":\"https:\\\/\\\/spawlab.pl\\\/wp-content\\\/uploads\\\/2022\\\/01\\\/olx.jpg\",\"width\":200,\"height\":200,\"caption\":\"Spawlab.pl\"}]}<\/script>\n<meta property=\"product:brand\" content=\"Gys\" \/>\n<meta property=\"product:price:amount\" content=\"7400.00\" \/>\n<meta property=\"product:price:currency\" content=\"PLN\" \/>\n<meta property=\"og:availability\" content=\"instock\" \/>\n<meta property=\"product:availability\" content=\"instock\" \/>\n<meta property=\"product:condition\" content=\"new\" \/>\n<!-- \/ Yoast SEO Premium plugin. -->","yoast_head_json":{"title":"GYS Protig 201 AC\/DC FV - SpawLab - Welding equipment and plasma cutters - store and service","description":"Lider sprzeda\u017cy, Oficjalny Dystrybutor Premium i Serwis na Polsk\u0119 Migatronic, Gys, Voestalpine Bohler Welding. Nowe i u\u017cywane Spawarki, Przecinarki Plazmowe, Kompresory. Mgr in\u017c. Jaros\u0142aw Ko\u0142aski, IWE","robots":{"index":"index","follow":"follow","max-snippet":"max-snippet:-1","max-image-preview":"max-image-preview:large","max-video-preview":"max-video-preview:-1"},"canonical":"https:\/\/spawlab.pl\/en\/produkt\/gys-protig-201-ac-dc-fv\/","og_locale":"en_US","og_type":"article","og_title":"GYS Protig 201 AC\/DC FV","og_description":"Lider sprzeda\u017cy, Oficjalny Dystrybutor Premium i Serwis na Polsk\u0119 Migatronic, Gys, Voestalpine Bohler Welding. Nowe i u\u017cywane Spawarki, Przecinarki Plazmowe, Kompresory. Mgr in\u017c. Jaros\u0142aw Ko\u0142aski, IWE","og_url":"https:\/\/spawlab.pl\/en\/produkt\/gys-protig-201-ac-dc-fv\/","og_site_name":"SpawLab - Welding equipment and plasma cutters - store and service","article_publisher":"https:\/\/www.facebook.com\/Spawlab\/","og_image":[{"width":1920,"height":2560,"url":"https:\/\/spawlab.pl\/wp-content\/uploads\/2024\/09\/20240927_154946-scaled.jpg","type":"image\/jpeg"}],"twitter_misc":{"Price":"7 400,00&nbsp;&#122;&#322; (6 016,26&nbsp;&#122;&#322; netto)","Availability":"In stock"},"schema":{"@context":"https:\/\/schema.org","@graph":[{"@type":["WebPage","ItemPage"],"@id":"https:\/\/spawlab.pl\/en\/produkt\/gys-protig-201-ac-dc-fv\/","url":"https:\/\/spawlab.pl\/en\/produkt\/gys-protig-201-ac-dc-fv\/","name":"GYS Protig 201 AC\/DC FV - SpawLab - Welding equipment and plasma cutters - store and service","isPartOf":{"@id":"https:\/\/spawlab.pl\/en\/#website"},"primaryImageOfPage":{"@id":"https:\/\/spawlab.pl\/en\/produkt\/gys-protig-201-ac-dc-fv\/#primaryimage"},"image":{"@id":"https:\/\/spawlab.pl\/en\/produkt\/gys-protig-201-ac-dc-fv\/#primaryimage"},"thumbnailUrl":"https:\/\/spawlab.pl\/wp-content\/uploads\/2024\/09\/20240927_154946-scaled.jpg","datePublished":"2024-09-27T18:35:22+00:00","description":"Lider sprzeda\u017cy, Oficjalny Dystrybutor Premium i Serwis na Polsk\u0119 Migatronic, Gys, Voestalpine Bohler Welding. Nowe i u\u017cywane Spawarki, Przecinarki Plazmowe, Kompresory. Mgr in\u017c. Jaros\u0142aw Ko\u0142aski, IWE","breadcrumb":{"@id":"https:\/\/spawlab.pl\/en\/produkt\/gys-protig-201-ac-dc-fv\/#breadcrumb"},"inLanguage":"en-US","potentialAction":[{"@type":"ReadAction","target":["https:\/\/spawlab.pl\/en\/produkt\/gys-protig-201-ac-dc-fv\/"]}]},{"@type":"ImageObject","inLanguage":"en-US","@id":"https:\/\/spawlab.pl\/en\/produkt\/gys-protig-201-ac-dc-fv\/#primaryimage","url":"https:\/\/spawlab.pl\/wp-content\/uploads\/2024\/09\/20240927_154946-scaled.jpg","contentUrl":"https:\/\/spawlab.pl\/wp-content\/uploads\/2024\/09\/20240927_154946-scaled.jpg","width":1920,"height":2560},{"@type":"BreadcrumbList","@id":"https:\/\/spawlab.pl\/en\/produkt\/gys-protig-201-ac-dc-fv\/#breadcrumb","itemListElement":[{"@type":"ListItem","position":1,"name":"Strona g\u0142\u00f3wna","item":"https:\/\/spawlab.pl\/en\/"},{"@type":"ListItem","position":2,"name":"Store","item":"https:\/\/spawlab.pl\/en\/shop\/"},{"@type":"ListItem","position":3,"name":"GYS Protig 201 AC\/DC FV"}]},{"@type":"WebSite","@id":"https:\/\/spawlab.pl\/en\/#website","url":"https:\/\/spawlab.pl\/en\/","name":"Spawlab.pl Lider - Spawarki, Przecinarki Plazmowe, Kompresory","description":"Urz\u0105dzenia spawalnicze i Przecinarki plazmowe\/ nowe i u\u017cywane \/ Profesjonalny serwis","publisher":{"@id":"https:\/\/spawlab.pl\/en\/#organization"},"alternateName":"Spawlab.pl - Dystrybutor Premium i Serwis na Polske Migatronic, Gys, Voestalpine Bohler Welding","potentialAction":[{"@type":"SearchAction","target":{"@type":"EntryPoint","urlTemplate":"https:\/\/spawlab.pl\/en\/?s={search_term_string}"},"query-input":{"@type":"PropertyValueSpecification","valueRequired":true,"valueName":"search_term_string"}}],"inLanguage":"en-US"},{"@type":["Organization","Place"],"@id":"https:\/\/spawlab.pl\/en\/#organization","name":"Spawlab.pl","url":"https:\/\/spawlab.pl\/en\/","logo":{"@id":"https:\/\/spawlab.pl\/en\/produkt\/gys-protig-201-ac-dc-fv\/#local-main-organization-logo"},"image":{"@id":"https:\/\/spawlab.pl\/en\/produkt\/gys-protig-201-ac-dc-fv\/#local-main-organization-logo"},"sameAs":["https:\/\/www.facebook.com\/Spawlab\/","https:\/\/www.linkedin.com\/company\/spawlab","https:\/\/www.instagram.com\/spawlab.pl","https:\/\/www.tiktok.com\/@spawlab"],"description":"Lider sprzeda\u017cy, Oficjalny Dystrybutor Premium i Serwis na Polsk\u0119 Migatronic, Gys, Voestalpine Bohler Welding. Nowe i u\u017cywane Spawarki, Przecinarki Plazmowe, Kompresory. Mgr in\u017c. Jaros\u0142aw Ko\u0142aski, IWE","hasMerchantReturnPolicy":{"@type":"MerchantReturnPolicy","merchantReturnLink":"https:\/\/spawlab.pl\/polityka-prywatnosci-2\/"},"telephone":[],"openingHoursSpecification":[{"@type":"OpeningHoursSpecification","dayOfWeek":["Monday","Tuesday","Wednesday","Thursday","Friday","Saturday","Sunday"],"opens":"09:00","closes":"17:00"}]},{"@type":"ImageObject","inLanguage":"en-US","@id":"https:\/\/spawlab.pl\/en\/produkt\/gys-protig-201-ac-dc-fv\/#local-main-organization-logo","url":"https:\/\/spawlab.pl\/wp-content\/uploads\/2022\/01\/olx.jpg","contentUrl":"https:\/\/spawlab.pl\/wp-content\/uploads\/2022\/01\/olx.jpg","width":200,"height":200,"caption":"Spawlab.pl"}]},"product_brand":"Gys","product_price_amount":"7400.00","product_price_currency":"PLN","og_availability":"instock","product_availability":"instock","product_condition":"new"},"_links":{"self":[{"href":"https:\/\/spawlab.pl\/en\/wp-json\/wp\/v2\/product\/17770","targetHints":{"allow":["GET"]}}],"collection":[{"href":"https:\/\/spawlab.pl\/en\/wp-json\/wp\/v2\/product"}],"about":[{"href":"https:\/\/spawlab.pl\/en\/wp-json\/wp\/v2\/types\/product"}],"wp:featuredmedia":[{"embeddable":true,"href":"https:\/\/spawlab.pl\/en\/wp-json\/wp\/v2\/media\/17728"}],"wp:attachment":[{"href":"https:\/\/spawlab.pl\/en\/wp-json\/wp\/v2\/media?parent=17770"}],"wp:term":[{"taxonomy":"product_brand","embeddable":true,"href":"https:\/\/spawlab.pl\/en\/wp-json\/wp\/v2\/product_brand?post=17770"},{"taxonomy":"product_cat","embeddable":true,"href":"https:\/\/spawlab.pl\/en\/wp-json\/wp\/v2\/product_cat?post=17770"},{"taxonomy":"product_tag","embeddable":true,"href":"https:\/\/spawlab.pl\/en\/wp-json\/wp\/v2\/product_tag?post=17770"}],"curies":[{"name":"wp","href":"https:\/\/api.w.org\/{rel}","templated":true}]}}