{"id":17949,"date":"2023-06-09T13:47:56","date_gmt":"2023-06-09T11:47:56","guid":{"rendered":"https:\/\/spawlab.pl\/produkt\/mattei-erc-22l-400-3-2019\/"},"modified":"2023-06-09T13:47:56","modified_gmt":"2023-06-09T11:47:56","slug":"mattei-erc-22l-400-3-2019","status":"publish","type":"product","link":"https:\/\/spawlab.pl\/en\/produkt\/mattei-erc-22l-400-3-2019\/","title":{"rendered":"Mattei ERC 22L 400-3 2019."},"content":{"rendered":"<p><strong>Like new!<\/strong><a href=\"https:\/\/cdn2.hubspot.net\/hubfs\/4609801\/MATTEI%20CORPORATE%20NEW%20WEBSITE\/CATALOGHI\/INGLESE\/EN_COMPRESSORI%20LUBRIFICATI\/EN_SERIE%20CLASSIC\/ERC_500-1000_EN.pdf?hsCtaTracking=3f7c83c9-6ddc-44df-9733-afb39ac17afb%7C1a94a911-2fb4-4307-aca6-b6c2de019d8d\">Link to the catalog MatteiLink<\/a><a href=\"https:\/\/drive.google.com\/drive\/folders\/1BY8tqf-LU0KdArAyoGkaVqbDtyHffUd_?usp=sharing\">to Videos of the operation of the device ( slack and pumping)<\/a> Vane compressor power 22kw with softstart (soft start) thanks to it everything becomes easier \ud83d\ude09 <strong>capacity 3.75 m3\/min &#8211; pressure 8 bar max &#8211; power 22<\/strong><strong>kWManufacture<\/strong> <strong>year<\/strong><strong>2019<\/strong> Working time: -under load <strong>1588h<\/strong> -on slack<strong> 3216h<\/strong> -connected to electricity <strong>6926h<\/strong> -oil 3216h -separator 3216h Next oil change <strong>in 5000h\/separator 10,000h\/<\/strong> Digital Maestro XB Panel with information on incorrect phase sequence Mattei compressor units are designed to operate at optimum energy.<br \/>\nThe compressor is equipped with a friendly controller , which monitors and analyzes the operation of the unit and adjusts the compressor operation to the requirements of the compressed air system.<br \/>\nThe motor is coupled to the compressor with a direct drive through a flexible connection, which guarantees perfect cooperation, no power loss and quiet, comfortable operation.<br \/>\nThis makes the compressor virtually maintenance-free.<br \/>\nThanks to the low maintenance requirements and competitive prices for original spare parts, the ERC compressor series allows a significant reduction in maintenance costs compared to conventional compressors from other manufacturers. <strong>Energy saving<\/strong> Equipped with <strong>energy-saving<\/strong> IE3-class electric motors.<br \/>\nLow air end speed and direct 1:1 coupling between the electric motor and compressor provide energy savings of more than 15% compared to other rotary compressors. <strong>Simple and economical maintenance<\/strong> The bodyless ERC 15-18-22 compressors require simple and quick maintenance and service.<br \/>\nThe absence of rolling bearings contributes significantly to lower maintenance costs.<br \/>\nHowever, these costs are low because the blades, rotor and stator have an almost indefinite life span if proper maintenance is performed.<br \/>\nMore than 100,000 hours of operation are guaranteed without the need to replace the compression unit. <strong>Safety and security<\/strong> Automatic flow rate control: a special proportional modulating suction valve allows air to be supplied at a constant pressure and to be able to operate even without a receiver.<br \/>\nWith this setting, the air flow rate automatically adjusts to the air demand of the network to which the compressor is connected, providing clear energy savings.          Thermostatic valve: the Classic Series compressors, model ERC 15-18-22, are equipped with a thermostatic valve that maintains the ideal operating temperature for optimum energy efficiency.<br \/>\n<strong>Electronic control<\/strong>: the compressors in the Classic Series, version ERC 15-18-22, are equipped with the Maestro XB electronic controller, whose graphical display allows continuous monitoring of oil temperature, line pressure, and hours of switch-on, operation and load.<br \/>\n<strong>Standard equipment<\/strong> soft start: this solution starts the engine gradually, drastically reducing the power consumed during this particular phase; safety thermostat to protect against excessive temperature of the oil-air mixture; pressure gauge; first filling with &#8220;ROTOROIL F2&#8221; oil; high-efficiency inlet filter: 99% efficient filtration system ensures high quality compressed air for any application, and a special multi-stage oil separation ensures residual oil content in the air below 3 mg\/m\u00b3; compressed air aftercooler of adequate size and made entirely of aluminum.<br \/>\nhighly efficient dehydrator Technical specifications Maximum pressure 8 bar Nominal motor power 22 kW Sound pressure level 79 dB(A) @ 1 m Dimensions 1660 x 690 x 910 mm Weight 390 kg Free air flow 3.75 m3\/min Power supply 400\/3\/50 The cost of a new one is 18 000 Euro net   <\/p>\n","protected":false},"excerpt":{"rendered":"<p>Like new!Link to the catalog MatteiLinkto Videos of the operation of the device ( slack and pumping) Vane compressor power 22kw with softstart (soft start) thanks to it everything becomes easier \ud83d\ude09 capacity 3.75 m3\/min &#8211; pressure 8 bar max &#8211; power 22kWManufacture year2019 Working time: -under load 1588h -on slack 3216h -connected to electricity [&hellip;]<\/p>\n","protected":false},"featured_media":16484,"template":"","meta":{"inline_featured_image":false},"product_brand":[],"product_cat":[489,473],"product_tag":[],"class_list":{"0":"post-17949","1":"product","2":"type-product","3":"status-publish","4":"has-post-thumbnail","6":"product_cat-compressors","7":"product_cat-used","9":"first","10":"outofstock","11":"sale","12":"taxable","13":"shipping-taxable","14":"purchasable","15":"product-type-simple"},"yoast_head":"<!-- This site is optimized with the Yoast SEO Premium plugin v27.0 (Yoast SEO v27.3) - https:\/\/yoast.com\/product\/yoast-seo-premium-wordpress\/ -->\n<title>Mattei ERC 22L 400-3 2019. - SpawLab - Welding equipment and plasma cutters - store and service<\/title>\n<meta name=\"description\" content=\"Lider sprzeda\u017cy, Oficjalny Dystrybutor Premium i Serwis na Polsk\u0119 Migatronic, Gys, Voestalpine Bohler Welding. Nowe i u\u017cywane Spawarki, Przecinarki Plazmowe, Kompresory. Mgr in\u017c. Jaros\u0142aw Ko\u0142aski, IWE\" \/>\n<meta name=\"robots\" content=\"index, follow, max-snippet:-1, max-image-preview:large, max-video-preview:-1\" \/>\n<link rel=\"canonical\" href=\"https:\/\/spawlab.pl\/en\/produkt\/mattei-erc-22l-400-3-2019\/\" \/>\n<meta property=\"og:locale\" content=\"en_US\" \/>\n<meta property=\"og:type\" content=\"article\" \/>\n<meta property=\"og:title\" content=\"Mattei ERC 22L 400-3 2019.\" \/>\n<meta property=\"og:description\" content=\"Lider sprzeda\u017cy, Oficjalny Dystrybutor Premium i Serwis na Polsk\u0119 Migatronic, Gys, Voestalpine Bohler Welding. Nowe i u\u017cywane Spawarki, Przecinarki Plazmowe, Kompresory. Mgr in\u017c. Jaros\u0142aw Ko\u0142aski, IWE\" \/>\n<meta property=\"og:url\" content=\"https:\/\/spawlab.pl\/en\/produkt\/mattei-erc-22l-400-3-2019\/\" \/>\n<meta property=\"og:site_name\" content=\"SpawLab - Welding equipment and plasma cutters - store and service\" \/>\n<meta property=\"article:publisher\" content=\"https:\/\/www.facebook.com\/Spawlab\/\" \/>\n<meta property=\"og:image\" content=\"https:\/\/spawlab.pl\/wp-content\/uploads\/2023\/06\/1-scaled.jpg\" \/>\n\t<meta property=\"og:image:width\" content=\"1920\" \/>\n\t<meta property=\"og:image:height\" content=\"2560\" \/>\n\t<meta property=\"og:image:type\" content=\"image\/jpeg\" \/>\n<meta name=\"twitter:label1\" content=\"Price\" \/>\n\t<meta name=\"twitter:data1\" content=\"49 999,00&nbsp;&#122;&#322; (40 649,59&nbsp;&#122;&#322; netto)\" \/>\n\t<meta name=\"twitter:label2\" content=\"Availability\" \/>\n\t<meta name=\"twitter:data2\" content=\"Out of stock\" \/>\n<script type=\"application\/ld+json\" class=\"yoast-schema-graph\">{\"@context\":\"https:\\\/\\\/schema.org\",\"@graph\":[{\"@type\":[\"WebPage\",\"ItemPage\"],\"@id\":\"https:\\\/\\\/spawlab.pl\\\/en\\\/produkt\\\/mattei-erc-22l-400-3-2019\\\/\",\"url\":\"https:\\\/\\\/spawlab.pl\\\/en\\\/produkt\\\/mattei-erc-22l-400-3-2019\\\/\",\"name\":\"Mattei ERC 22L 400-3 2019. - SpawLab - Welding equipment and plasma cutters - store and service\",\"isPartOf\":{\"@id\":\"https:\\\/\\\/spawlab.pl\\\/en\\\/#website\"},\"primaryImageOfPage\":{\"@id\":\"https:\\\/\\\/spawlab.pl\\\/en\\\/produkt\\\/mattei-erc-22l-400-3-2019\\\/#primaryimage\"},\"image\":{\"@id\":\"https:\\\/\\\/spawlab.pl\\\/en\\\/produkt\\\/mattei-erc-22l-400-3-2019\\\/#primaryimage\"},\"thumbnailUrl\":\"https:\\\/\\\/spawlab.pl\\\/wp-content\\\/uploads\\\/2023\\\/06\\\/1-scaled.jpg\",\"datePublished\":\"2023-06-09T11:47:56+00:00\",\"description\":\"Lider sprzeda\u017cy, Oficjalny Dystrybutor Premium i Serwis na Polsk\u0119 Migatronic, Gys, Voestalpine Bohler Welding. Nowe i u\u017cywane Spawarki, Przecinarki Plazmowe, Kompresory. Mgr in\u017c. Jaros\u0142aw Ko\u0142aski, IWE\",\"breadcrumb\":{\"@id\":\"https:\\\/\\\/spawlab.pl\\\/en\\\/produkt\\\/mattei-erc-22l-400-3-2019\\\/#breadcrumb\"},\"inLanguage\":\"en-US\",\"potentialAction\":[{\"@type\":\"ReadAction\",\"target\":[\"https:\\\/\\\/spawlab.pl\\\/en\\\/produkt\\\/mattei-erc-22l-400-3-2019\\\/\"]}]},{\"@type\":\"ImageObject\",\"inLanguage\":\"en-US\",\"@id\":\"https:\\\/\\\/spawlab.pl\\\/en\\\/produkt\\\/mattei-erc-22l-400-3-2019\\\/#primaryimage\",\"url\":\"https:\\\/\\\/spawlab.pl\\\/wp-content\\\/uploads\\\/2023\\\/06\\\/1-scaled.jpg\",\"contentUrl\":\"https:\\\/\\\/spawlab.pl\\\/wp-content\\\/uploads\\\/2023\\\/06\\\/1-scaled.jpg\",\"width\":1920,\"height\":2560},{\"@type\":\"BreadcrumbList\",\"@id\":\"https:\\\/\\\/spawlab.pl\\\/en\\\/produkt\\\/mattei-erc-22l-400-3-2019\\\/#breadcrumb\",\"itemListElement\":[{\"@type\":\"ListItem\",\"position\":1,\"name\":\"Strona g\u0142\u00f3wna\",\"item\":\"https:\\\/\\\/spawlab.pl\\\/en\\\/\"},{\"@type\":\"ListItem\",\"position\":2,\"name\":\"Store\",\"item\":\"https:\\\/\\\/spawlab.pl\\\/en\\\/shop\\\/\"},{\"@type\":\"ListItem\",\"position\":3,\"name\":\"Mattei ERC 22L 400-3 2019.\"}]},{\"@type\":\"WebSite\",\"@id\":\"https:\\\/\\\/spawlab.pl\\\/en\\\/#website\",\"url\":\"https:\\\/\\\/spawlab.pl\\\/en\\\/\",\"name\":\"Spawlab.pl Lider - Spawarki, Przecinarki Plazmowe, Kompresory\",\"description\":\"Urz\u0105dzenia spawalnicze i Przecinarki plazmowe\\\/ nowe i u\u017cywane \\\/ Profesjonalny serwis\",\"publisher\":{\"@id\":\"https:\\\/\\\/spawlab.pl\\\/en\\\/#organization\"},\"alternateName\":\"Spawlab.pl - Dystrybutor Premium i Serwis na Polske Migatronic, Gys, Voestalpine Bohler Welding\",\"potentialAction\":[{\"@type\":\"SearchAction\",\"target\":{\"@type\":\"EntryPoint\",\"urlTemplate\":\"https:\\\/\\\/spawlab.pl\\\/en\\\/?s={search_term_string}\"},\"query-input\":{\"@type\":\"PropertyValueSpecification\",\"valueRequired\":true,\"valueName\":\"search_term_string\"}}],\"inLanguage\":\"en-US\"},{\"@type\":[\"Organization\",\"Place\"],\"@id\":\"https:\\\/\\\/spawlab.pl\\\/en\\\/#organization\",\"name\":\"Spawlab.pl\",\"url\":\"https:\\\/\\\/spawlab.pl\\\/en\\\/\",\"logo\":{\"@id\":\"https:\\\/\\\/spawlab.pl\\\/en\\\/produkt\\\/mattei-erc-22l-400-3-2019\\\/#local-main-organization-logo\"},\"image\":{\"@id\":\"https:\\\/\\\/spawlab.pl\\\/en\\\/produkt\\\/mattei-erc-22l-400-3-2019\\\/#local-main-organization-logo\"},\"sameAs\":[\"https:\\\/\\\/www.facebook.com\\\/Spawlab\\\/\",\"https:\\\/\\\/www.linkedin.com\\\/company\\\/spawlab\",\"https:\\\/\\\/www.instagram.com\\\/spawlab.pl\",\"https:\\\/\\\/www.tiktok.com\\\/@spawlab\"],\"description\":\"Lider sprzeda\u017cy, Oficjalny Dystrybutor Premium i Serwis na Polsk\u0119 Migatronic, Gys, Voestalpine Bohler Welding. Nowe i u\u017cywane Spawarki, Przecinarki Plazmowe, Kompresory. Mgr in\u017c. Jaros\u0142aw Ko\u0142aski, IWE\",\"hasMerchantReturnPolicy\":{\"@type\":\"MerchantReturnPolicy\",\"merchantReturnLink\":\"https:\\\/\\\/spawlab.pl\\\/polityka-prywatnosci-2\\\/\"},\"telephone\":[],\"openingHoursSpecification\":[{\"@type\":\"OpeningHoursSpecification\",\"dayOfWeek\":[\"Monday\",\"Tuesday\",\"Wednesday\",\"Thursday\",\"Friday\",\"Saturday\",\"Sunday\"],\"opens\":\"09:00\",\"closes\":\"17:00\"}]},{\"@type\":\"ImageObject\",\"inLanguage\":\"en-US\",\"@id\":\"https:\\\/\\\/spawlab.pl\\\/en\\\/produkt\\\/mattei-erc-22l-400-3-2019\\\/#local-main-organization-logo\",\"url\":\"https:\\\/\\\/spawlab.pl\\\/wp-content\\\/uploads\\\/2022\\\/01\\\/olx.jpg\",\"contentUrl\":\"https:\\\/\\\/spawlab.pl\\\/wp-content\\\/uploads\\\/2022\\\/01\\\/olx.jpg\",\"width\":200,\"height\":200,\"caption\":\"Spawlab.pl\"}]}<\/script>\n<meta property=\"product:brand\" content=\"Mattei\" \/>\n<meta property=\"product:price:amount\" content=\"49999.00\" \/>\n<meta property=\"product:price:currency\" content=\"PLN\" \/>\n<meta property=\"og:availability\" content=\"out of stock\" \/>\n<meta property=\"product:availability\" content=\"out of stock\" \/>\n<meta property=\"product:condition\" content=\"new\" \/>\n<!-- \/ Yoast SEO Premium plugin. -->","yoast_head_json":{"title":"Mattei ERC 22L 400-3 2019. - SpawLab - Welding equipment and plasma cutters - store and service","description":"Lider sprzeda\u017cy, Oficjalny Dystrybutor Premium i Serwis na Polsk\u0119 Migatronic, Gys, Voestalpine Bohler Welding. Nowe i u\u017cywane Spawarki, Przecinarki Plazmowe, Kompresory. Mgr in\u017c. Jaros\u0142aw Ko\u0142aski, IWE","robots":{"index":"index","follow":"follow","max-snippet":"max-snippet:-1","max-image-preview":"max-image-preview:large","max-video-preview":"max-video-preview:-1"},"canonical":"https:\/\/spawlab.pl\/en\/produkt\/mattei-erc-22l-400-3-2019\/","og_locale":"en_US","og_type":"article","og_title":"Mattei ERC 22L 400-3 2019.","og_description":"Lider sprzeda\u017cy, Oficjalny Dystrybutor Premium i Serwis na Polsk\u0119 Migatronic, Gys, Voestalpine Bohler Welding. Nowe i u\u017cywane Spawarki, Przecinarki Plazmowe, Kompresory. Mgr in\u017c. Jaros\u0142aw Ko\u0142aski, IWE","og_url":"https:\/\/spawlab.pl\/en\/produkt\/mattei-erc-22l-400-3-2019\/","og_site_name":"SpawLab - Welding equipment and plasma cutters - store and service","article_publisher":"https:\/\/www.facebook.com\/Spawlab\/","og_image":[{"width":1920,"height":2560,"url":"https:\/\/spawlab.pl\/wp-content\/uploads\/2023\/06\/1-scaled.jpg","type":"image\/jpeg"}],"twitter_misc":{"Price":"49 999,00&nbsp;&#122;&#322; (40 649,59&nbsp;&#122;&#322; netto)","Availability":"Out of stock"},"schema":{"@context":"https:\/\/schema.org","@graph":[{"@type":["WebPage","ItemPage"],"@id":"https:\/\/spawlab.pl\/en\/produkt\/mattei-erc-22l-400-3-2019\/","url":"https:\/\/spawlab.pl\/en\/produkt\/mattei-erc-22l-400-3-2019\/","name":"Mattei ERC 22L 400-3 2019. - SpawLab - Welding equipment and plasma cutters - store and service","isPartOf":{"@id":"https:\/\/spawlab.pl\/en\/#website"},"primaryImageOfPage":{"@id":"https:\/\/spawlab.pl\/en\/produkt\/mattei-erc-22l-400-3-2019\/#primaryimage"},"image":{"@id":"https:\/\/spawlab.pl\/en\/produkt\/mattei-erc-22l-400-3-2019\/#primaryimage"},"thumbnailUrl":"https:\/\/spawlab.pl\/wp-content\/uploads\/2023\/06\/1-scaled.jpg","datePublished":"2023-06-09T11:47:56+00:00","description":"Lider sprzeda\u017cy, Oficjalny Dystrybutor Premium i Serwis na Polsk\u0119 Migatronic, Gys, Voestalpine Bohler Welding. Nowe i u\u017cywane Spawarki, Przecinarki Plazmowe, Kompresory. Mgr in\u017c. Jaros\u0142aw Ko\u0142aski, IWE","breadcrumb":{"@id":"https:\/\/spawlab.pl\/en\/produkt\/mattei-erc-22l-400-3-2019\/#breadcrumb"},"inLanguage":"en-US","potentialAction":[{"@type":"ReadAction","target":["https:\/\/spawlab.pl\/en\/produkt\/mattei-erc-22l-400-3-2019\/"]}]},{"@type":"ImageObject","inLanguage":"en-US","@id":"https:\/\/spawlab.pl\/en\/produkt\/mattei-erc-22l-400-3-2019\/#primaryimage","url":"https:\/\/spawlab.pl\/wp-content\/uploads\/2023\/06\/1-scaled.jpg","contentUrl":"https:\/\/spawlab.pl\/wp-content\/uploads\/2023\/06\/1-scaled.jpg","width":1920,"height":2560},{"@type":"BreadcrumbList","@id":"https:\/\/spawlab.pl\/en\/produkt\/mattei-erc-22l-400-3-2019\/#breadcrumb","itemListElement":[{"@type":"ListItem","position":1,"name":"Strona g\u0142\u00f3wna","item":"https:\/\/spawlab.pl\/en\/"},{"@type":"ListItem","position":2,"name":"Store","item":"https:\/\/spawlab.pl\/en\/shop\/"},{"@type":"ListItem","position":3,"name":"Mattei ERC 22L 400-3 2019."}]},{"@type":"WebSite","@id":"https:\/\/spawlab.pl\/en\/#website","url":"https:\/\/spawlab.pl\/en\/","name":"Spawlab.pl Lider - Spawarki, Przecinarki Plazmowe, Kompresory","description":"Urz\u0105dzenia spawalnicze i Przecinarki plazmowe\/ nowe i u\u017cywane \/ Profesjonalny serwis","publisher":{"@id":"https:\/\/spawlab.pl\/en\/#organization"},"alternateName":"Spawlab.pl - Dystrybutor Premium i Serwis na Polske Migatronic, Gys, Voestalpine Bohler Welding","potentialAction":[{"@type":"SearchAction","target":{"@type":"EntryPoint","urlTemplate":"https:\/\/spawlab.pl\/en\/?s={search_term_string}"},"query-input":{"@type":"PropertyValueSpecification","valueRequired":true,"valueName":"search_term_string"}}],"inLanguage":"en-US"},{"@type":["Organization","Place"],"@id":"https:\/\/spawlab.pl\/en\/#organization","name":"Spawlab.pl","url":"https:\/\/spawlab.pl\/en\/","logo":{"@id":"https:\/\/spawlab.pl\/en\/produkt\/mattei-erc-22l-400-3-2019\/#local-main-organization-logo"},"image":{"@id":"https:\/\/spawlab.pl\/en\/produkt\/mattei-erc-22l-400-3-2019\/#local-main-organization-logo"},"sameAs":["https:\/\/www.facebook.com\/Spawlab\/","https:\/\/www.linkedin.com\/company\/spawlab","https:\/\/www.instagram.com\/spawlab.pl","https:\/\/www.tiktok.com\/@spawlab"],"description":"Lider sprzeda\u017cy, Oficjalny Dystrybutor Premium i Serwis na Polsk\u0119 Migatronic, Gys, Voestalpine Bohler Welding. Nowe i u\u017cywane Spawarki, Przecinarki Plazmowe, Kompresory. Mgr in\u017c. Jaros\u0142aw Ko\u0142aski, IWE","hasMerchantReturnPolicy":{"@type":"MerchantReturnPolicy","merchantReturnLink":"https:\/\/spawlab.pl\/polityka-prywatnosci-2\/"},"telephone":[],"openingHoursSpecification":[{"@type":"OpeningHoursSpecification","dayOfWeek":["Monday","Tuesday","Wednesday","Thursday","Friday","Saturday","Sunday"],"opens":"09:00","closes":"17:00"}]},{"@type":"ImageObject","inLanguage":"en-US","@id":"https:\/\/spawlab.pl\/en\/produkt\/mattei-erc-22l-400-3-2019\/#local-main-organization-logo","url":"https:\/\/spawlab.pl\/wp-content\/uploads\/2022\/01\/olx.jpg","contentUrl":"https:\/\/spawlab.pl\/wp-content\/uploads\/2022\/01\/olx.jpg","width":200,"height":200,"caption":"Spawlab.pl"}]},"product_brand":"Mattei","product_price_amount":"49999.00","product_price_currency":"PLN","og_availability":"out of stock","product_availability":"out of stock","product_condition":"new"},"_links":{"self":[{"href":"https:\/\/spawlab.pl\/en\/wp-json\/wp\/v2\/product\/17949","targetHints":{"allow":["GET"]}}],"collection":[{"href":"https:\/\/spawlab.pl\/en\/wp-json\/wp\/v2\/product"}],"about":[{"href":"https:\/\/spawlab.pl\/en\/wp-json\/wp\/v2\/types\/product"}],"wp:featuredmedia":[{"embeddable":true,"href":"https:\/\/spawlab.pl\/en\/wp-json\/wp\/v2\/media\/16484"}],"wp:attachment":[{"href":"https:\/\/spawlab.pl\/en\/wp-json\/wp\/v2\/media?parent=17949"}],"wp:term":[{"taxonomy":"product_brand","embeddable":true,"href":"https:\/\/spawlab.pl\/en\/wp-json\/wp\/v2\/product_brand?post=17949"},{"taxonomy":"product_cat","embeddable":true,"href":"https:\/\/spawlab.pl\/en\/wp-json\/wp\/v2\/product_cat?post=17949"},{"taxonomy":"product_tag","embeddable":true,"href":"https:\/\/spawlab.pl\/en\/wp-json\/wp\/v2\/product_tag?post=17949"}],"curies":[{"name":"wp","href":"https:\/\/api.w.org\/{rel}","templated":true}]}}