{"id":17980,"date":"2023-04-15T17:19:46","date_gmt":"2023-04-15T15:19:46","guid":{"rendered":"https:\/\/spawlab.pl\/produkt\/kemppi-x8\/"},"modified":"2025-05-05T08:12:33","modified_gmt":"2025-05-05T06:12:33","slug":"kemppi-x8","status":"publish","type":"product","link":"https:\/\/spawlab.pl\/en\/produkt\/kemppi-x8\/","title":{"rendered":"Kemppi X8"},"content":{"rendered":"<p><strong>Kemppi X8 &#8211; Professional aftermarket welding equipment with advanced technologies<\/strong><br \/>\nDiscover a unique opportunity to acquire one of the most sought-after welding machines on the aftermarket &#8211; the <strong>Kemppi X8<\/strong>. Our offer includes two fully operational machines that are very popular among professionals due to their unparalleled performance and expandability and customization capabilities. <\/p>\n<p><strong>Key features that will convince even the most demanding:<\/strong><\/p>\n<ul>\n<li><strong>Extremely flexible power:<\/strong><br \/>\nThe standard configuration provides 400A (60% 320A &#8211; 100% efficiency), with the ability to increase up to 600A (440A &#8211; 100% efficiency). This is a guarantee of stability and performance, regardless of the intensity of work. <\/li>\n<li><strong>Advanced cooling system:<\/strong><br \/>\nMaintains optimal operating temperature for long, trouble-free use even in extreme conditions.<\/li>\n<li><strong>Dual wire feeders:<\/strong><br \/>\nAllow you to use different types of wires and diameters, which significantly speeds up the welding process and increases its precision. This saves time and minimizes downtime. <\/li>\n<li><strong>Comprehensive welding processes:<\/strong><br \/>\nSupports MMA, Manual MIG, Synergy, Pulse, Dual Pulse, Wise Root+ (ideal for pipe and border welds) and Wise Fusion, among others. It is also possible to purchase additional processes and synergy curves, giving you full control over every stage of welding.  <\/li>\n<li><strong>Intuitive Remote Control &#8211; Control Pad:<\/strong><br \/>\nEnables convenient and precise management of welding processes, enhancing work comfort and operational safety.<\/li>\n<li><strong>Complete kit:<\/strong><br \/>\nThe unit comes with Abicor Binzel professional welding fixtures, making it ready for immediate use with no additional investment required.<\/li>\n<\/ul>\n<p><strong>Exceptional price offer:<\/strong><br \/>\nIn the configuration shown above, a new device according to the price list costs <strong>PLN 146,600 gross<\/strong>. When you buy a Kemppi X8, you are investing in equipment that not only improves the quality of your work, but also increases the efficiency of your production. Tested and recommended by professionals, the Kemppi X8 is equipment that makes a difference!  <\/p>\n<p><strong>Increase your competitiveness:<\/strong><br \/>\nOwning a Kemppi X8 is not only an investment in top quality, but also a step towards innovation. Thanks to its advanced welding processes, this machine enables you to tackle the most demanding projects. Seize the opportunity and stay ahead of the competition by offering your customers unmatched precision and productivity!  <\/p>\n<p>Feel free to contact us &#8211; this device is waiting just for you!<\/p>\n","protected":false},"excerpt":{"rendered":"<p>The Kemppi X8 is an exceptional secondary welding equipment that offers flexible power, an advanced cooling system, dual wire feeders and intuitive remote control. Ready to go right out of the box &#8211; ideal for professionals who value precision and performance. <\/p>\n","protected":false},"featured_media":16295,"template":"","meta":{"inline_featured_image":false},"product_brand":[774],"product_cat":[483,493,473],"product_tag":[3443,3441,3436,3440,3439,3437,3438,3442],"class_list":{"0":"post-17980","1":"product","2":"type-product","3":"status-publish","4":"has-post-thumbnail","6":"product_brand-kemppi","7":"product_cat-liquid-cooled","8":"product_cat-mig-mag-en","9":"product_cat-used","10":"product_tag-control-pad-en","11":"product_tag-dual-wire-feeders","12":"product_tag-kemppi-x8-en","13":"product_tag-professional-welding","14":"product_tag-secondary-welder","15":"product_tag-welding-equipment","16":"product_tag-welding-machine","17":"product_tag-welding-processes","19":"first","20":"instock","21":"sale","22":"featured","23":"taxable","24":"shipping-taxable","25":"purchasable","26":"product-type-simple"},"yoast_head":"<!-- This site is optimized with the Yoast SEO Premium plugin v27.5 (Yoast SEO v27.6) - https:\/\/yoast.com\/product\/yoast-seo-premium-wordpress\/ -->\n<title>Kemppi X8 - SpawLab - Welding equipment and plasma cutters - store and service<\/title>\n<meta name=\"description\" content=\"Discover the Kemppi X8 - revolutionary welding equipment that combines power, precision and innovative features. Increase the efficiency of your workshop today!\" \/>\n<meta name=\"robots\" content=\"index, follow, max-snippet:-1, max-image-preview:large, max-video-preview:-1\" \/>\n<link rel=\"canonical\" href=\"https:\/\/spawlab.pl\/en\/produkt\/kemppi-x8\/\" \/>\n<meta property=\"og:locale\" content=\"en_US\" \/>\n<meta property=\"og:type\" content=\"article\" \/>\n<meta property=\"og:title\" content=\"Kemppi X8\" \/>\n<meta property=\"og:description\" content=\"Meet the Kemppi X8 - your new partner in perfect welding! \u26a1\ufe0f? Precision, power and innovation in one device that changes the rules of the game. Join the elite of professionals today! ??\" \/>\n<meta property=\"og:url\" content=\"https:\/\/spawlab.pl\/en\/produkt\/kemppi-x8\/\" \/>\n<meta property=\"og:site_name\" content=\"SpawLab - Welding equipment and plasma cutters - store and service\" \/>\n<meta property=\"article:publisher\" content=\"https:\/\/www.facebook.com\/Spawlab\/\" \/>\n<meta property=\"article:modified_time\" content=\"2025-05-05T06:12:33+00:00\" \/>\n<meta property=\"og:image\" content=\"https:\/\/spawlab.pl\/wp-content\/uploads\/2023\/04\/0.jpg\" \/>\n\t<meta property=\"og:image:width\" content=\"1920\" \/>\n\t<meta property=\"og:image:height\" content=\"2161\" \/>\n\t<meta property=\"og:image:type\" content=\"image\/jpeg\" \/>\n<meta name=\"twitter:label1\" content=\"Price\" \/>\n\t<meta name=\"twitter:data1\" content=\"60 000,00&nbsp;&#122;&#322; (48 780,49&nbsp;&#122;&#322; netto)\" \/>\n\t<meta name=\"twitter:label2\" content=\"Availability\" \/>\n\t<meta name=\"twitter:data2\" content=\"In stock\" \/>\n<script type=\"application\/ld+json\" class=\"yoast-schema-graph\">{\"@context\":\"https:\\\/\\\/schema.org\",\"@graph\":[{\"@type\":[\"WebPage\",\"ItemPage\"],\"@id\":\"https:\\\/\\\/spawlab.pl\\\/en\\\/produkt\\\/kemppi-x8\\\/\",\"url\":\"https:\\\/\\\/spawlab.pl\\\/en\\\/produkt\\\/kemppi-x8\\\/\",\"name\":\"Kemppi X8 - SpawLab - Welding equipment and plasma cutters - store and service\",\"isPartOf\":{\"@id\":\"https:\\\/\\\/spawlab.pl\\\/en\\\/#website\"},\"primaryImageOfPage\":{\"@id\":\"https:\\\/\\\/spawlab.pl\\\/en\\\/produkt\\\/kemppi-x8\\\/#primaryimage\"},\"image\":{\"@id\":\"https:\\\/\\\/spawlab.pl\\\/en\\\/produkt\\\/kemppi-x8\\\/#primaryimage\"},\"thumbnailUrl\":\"https:\\\/\\\/spawlab.pl\\\/wp-content\\\/uploads\\\/2023\\\/04\\\/0.jpg\",\"datePublished\":\"2023-04-15T15:19:46+00:00\",\"dateModified\":\"2025-05-05T06:12:33+00:00\",\"description\":\"Discover the Kemppi X8 - revolutionary welding equipment that combines power, precision and innovative features. Increase the efficiency of your workshop today!\",\"breadcrumb\":{\"@id\":\"https:\\\/\\\/spawlab.pl\\\/en\\\/produkt\\\/kemppi-x8\\\/#breadcrumb\"},\"inLanguage\":\"en-US\",\"potentialAction\":[{\"@type\":\"ReadAction\",\"target\":[\"https:\\\/\\\/spawlab.pl\\\/en\\\/produkt\\\/kemppi-x8\\\/\"]}]},{\"@type\":\"ImageObject\",\"inLanguage\":\"en-US\",\"@id\":\"https:\\\/\\\/spawlab.pl\\\/en\\\/produkt\\\/kemppi-x8\\\/#primaryimage\",\"url\":\"https:\\\/\\\/spawlab.pl\\\/wp-content\\\/uploads\\\/2023\\\/04\\\/0.jpg\",\"contentUrl\":\"https:\\\/\\\/spawlab.pl\\\/wp-content\\\/uploads\\\/2023\\\/04\\\/0.jpg\",\"width\":1920,\"height\":2161},{\"@type\":\"BreadcrumbList\",\"@id\":\"https:\\\/\\\/spawlab.pl\\\/en\\\/produkt\\\/kemppi-x8\\\/#breadcrumb\",\"itemListElement\":[{\"@type\":\"ListItem\",\"position\":1,\"name\":\"Strona g\u0142\u00f3wna\",\"item\":\"https:\\\/\\\/spawlab.pl\\\/en\\\/\"},{\"@type\":\"ListItem\",\"position\":2,\"name\":\"Store\",\"item\":\"https:\\\/\\\/spawlab.pl\\\/en\\\/shop\\\/\"},{\"@type\":\"ListItem\",\"position\":3,\"name\":\"Kemppi X8\"}]},{\"@type\":\"WebSite\",\"@id\":\"https:\\\/\\\/spawlab.pl\\\/en\\\/#website\",\"url\":\"https:\\\/\\\/spawlab.pl\\\/en\\\/\",\"name\":\"Spawlab.pl Lider - Spawarki, Przecinarki Plazmowe, Kompresory\",\"description\":\"Urz\u0105dzenia spawalnicze i Przecinarki plazmowe\\\/ nowe i u\u017cywane \\\/ Profesjonalny serwis\",\"publisher\":{\"@id\":\"https:\\\/\\\/spawlab.pl\\\/en\\\/#organization\"},\"alternateName\":\"Spawlab.pl - Dystrybutor Premium i Serwis na Polske Migatronic, Gys, Voestalpine Bohler Welding\",\"potentialAction\":[{\"@type\":\"SearchAction\",\"target\":{\"@type\":\"EntryPoint\",\"urlTemplate\":\"https:\\\/\\\/spawlab.pl\\\/en\\\/?s={search_term_string}\"},\"query-input\":{\"@type\":\"PropertyValueSpecification\",\"valueRequired\":true,\"valueName\":\"search_term_string\"}}],\"inLanguage\":\"en-US\"},{\"@type\":[\"Organization\",\"Place\"],\"@id\":\"https:\\\/\\\/spawlab.pl\\\/en\\\/#organization\",\"name\":\"Spawlab.pl\",\"url\":\"https:\\\/\\\/spawlab.pl\\\/en\\\/\",\"logo\":{\"@id\":\"https:\\\/\\\/spawlab.pl\\\/en\\\/produkt\\\/kemppi-x8\\\/#local-main-organization-logo\"},\"image\":{\"@id\":\"https:\\\/\\\/spawlab.pl\\\/en\\\/produkt\\\/kemppi-x8\\\/#local-main-organization-logo\"},\"sameAs\":[\"https:\\\/\\\/www.facebook.com\\\/Spawlab\\\/\",\"https:\\\/\\\/www.linkedin.com\\\/company\\\/spawlab\",\"https:\\\/\\\/www.instagram.com\\\/spawlab.pl\",\"https:\\\/\\\/www.tiktok.com\\\/@spawlab\"],\"description\":\"Lider sprzeda\u017cy, Oficjalny Dystrybutor Premium i Serwis na Polsk\u0119 Migatronic, Gys, Voestalpine Bohler Welding. Nowe i u\u017cywane Spawarki, Przecinarki Plazmowe, Kompresory. Mgr in\u017c. Jaros\u0142aw Ko\u0142aski, IWE\",\"hasMerchantReturnPolicy\":{\"@type\":\"MerchantReturnPolicy\",\"merchantReturnLink\":\"https:\\\/\\\/spawlab.pl\\\/polityka-prywatnosci-2\\\/\"},\"telephone\":[],\"openingHoursSpecification\":[{\"@type\":\"OpeningHoursSpecification\",\"dayOfWeek\":[\"Monday\",\"Tuesday\",\"Wednesday\",\"Thursday\",\"Friday\",\"Saturday\",\"Sunday\"],\"opens\":\"09:00\",\"closes\":\"17:00\"}]},{\"@type\":\"ImageObject\",\"inLanguage\":\"en-US\",\"@id\":\"https:\\\/\\\/spawlab.pl\\\/en\\\/produkt\\\/kemppi-x8\\\/#local-main-organization-logo\",\"url\":\"https:\\\/\\\/spawlab.pl\\\/wp-content\\\/uploads\\\/2022\\\/01\\\/olx.jpg\",\"contentUrl\":\"https:\\\/\\\/spawlab.pl\\\/wp-content\\\/uploads\\\/2022\\\/01\\\/olx.jpg\",\"width\":200,\"height\":200,\"caption\":\"Spawlab.pl\"}]}<\/script>\n<meta property=\"product:brand\" content=\"Kemppi\" \/>\n<meta property=\"product:price:amount\" content=\"60000.00\" \/>\n<meta property=\"product:price:currency\" content=\"PLN\" \/>\n<meta property=\"og:availability\" content=\"instock\" \/>\n<meta property=\"product:availability\" content=\"instock\" \/>\n<meta property=\"product:condition\" content=\"new\" \/>\n<!-- \/ Yoast SEO Premium plugin. -->","yoast_head_json":{"title":"Kemppi X8 - SpawLab - Welding equipment and plasma cutters - store and service","description":"Discover the Kemppi X8 - revolutionary welding equipment that combines power, precision and innovative features. Increase the efficiency of your workshop today!","robots":{"index":"index","follow":"follow","max-snippet":"max-snippet:-1","max-image-preview":"max-image-preview:large","max-video-preview":"max-video-preview:-1"},"canonical":"https:\/\/spawlab.pl\/en\/produkt\/kemppi-x8\/","og_locale":"en_US","og_type":"article","og_title":"Kemppi X8","og_description":"Meet the Kemppi X8 - your new partner in perfect welding! \u26a1\ufe0f? Precision, power and innovation in one device that changes the rules of the game. Join the elite of professionals today! ??","og_url":"https:\/\/spawlab.pl\/en\/produkt\/kemppi-x8\/","og_site_name":"SpawLab - Welding equipment and plasma cutters - store and service","article_publisher":"https:\/\/www.facebook.com\/Spawlab\/","article_modified_time":"2025-05-05T06:12:33+00:00","og_image":[{"width":1920,"height":2161,"url":"https:\/\/spawlab.pl\/wp-content\/uploads\/2023\/04\/0.jpg","type":"image\/jpeg"}],"twitter_misc":{"Price":"60 000,00&nbsp;&#122;&#322; (48 780,49&nbsp;&#122;&#322; netto)","Availability":"In stock"},"schema":{"@context":"https:\/\/schema.org","@graph":[{"@type":["WebPage","ItemPage"],"@id":"https:\/\/spawlab.pl\/en\/produkt\/kemppi-x8\/","url":"https:\/\/spawlab.pl\/en\/produkt\/kemppi-x8\/","name":"Kemppi X8 - SpawLab - Welding equipment and plasma cutters - store and service","isPartOf":{"@id":"https:\/\/spawlab.pl\/en\/#website"},"primaryImageOfPage":{"@id":"https:\/\/spawlab.pl\/en\/produkt\/kemppi-x8\/#primaryimage"},"image":{"@id":"https:\/\/spawlab.pl\/en\/produkt\/kemppi-x8\/#primaryimage"},"thumbnailUrl":"https:\/\/spawlab.pl\/wp-content\/uploads\/2023\/04\/0.jpg","datePublished":"2023-04-15T15:19:46+00:00","dateModified":"2025-05-05T06:12:33+00:00","description":"Discover the Kemppi X8 - revolutionary welding equipment that combines power, precision and innovative features. Increase the efficiency of your workshop today!","breadcrumb":{"@id":"https:\/\/spawlab.pl\/en\/produkt\/kemppi-x8\/#breadcrumb"},"inLanguage":"en-US","potentialAction":[{"@type":"ReadAction","target":["https:\/\/spawlab.pl\/en\/produkt\/kemppi-x8\/"]}]},{"@type":"ImageObject","inLanguage":"en-US","@id":"https:\/\/spawlab.pl\/en\/produkt\/kemppi-x8\/#primaryimage","url":"https:\/\/spawlab.pl\/wp-content\/uploads\/2023\/04\/0.jpg","contentUrl":"https:\/\/spawlab.pl\/wp-content\/uploads\/2023\/04\/0.jpg","width":1920,"height":2161},{"@type":"BreadcrumbList","@id":"https:\/\/spawlab.pl\/en\/produkt\/kemppi-x8\/#breadcrumb","itemListElement":[{"@type":"ListItem","position":1,"name":"Strona g\u0142\u00f3wna","item":"https:\/\/spawlab.pl\/en\/"},{"@type":"ListItem","position":2,"name":"Store","item":"https:\/\/spawlab.pl\/en\/shop\/"},{"@type":"ListItem","position":3,"name":"Kemppi X8"}]},{"@type":"WebSite","@id":"https:\/\/spawlab.pl\/en\/#website","url":"https:\/\/spawlab.pl\/en\/","name":"Spawlab.pl Lider - Spawarki, Przecinarki Plazmowe, Kompresory","description":"Urz\u0105dzenia spawalnicze i Przecinarki plazmowe\/ nowe i u\u017cywane \/ Profesjonalny serwis","publisher":{"@id":"https:\/\/spawlab.pl\/en\/#organization"},"alternateName":"Spawlab.pl - Dystrybutor Premium i Serwis na Polske Migatronic, Gys, Voestalpine Bohler Welding","potentialAction":[{"@type":"SearchAction","target":{"@type":"EntryPoint","urlTemplate":"https:\/\/spawlab.pl\/en\/?s={search_term_string}"},"query-input":{"@type":"PropertyValueSpecification","valueRequired":true,"valueName":"search_term_string"}}],"inLanguage":"en-US"},{"@type":["Organization","Place"],"@id":"https:\/\/spawlab.pl\/en\/#organization","name":"Spawlab.pl","url":"https:\/\/spawlab.pl\/en\/","logo":{"@id":"https:\/\/spawlab.pl\/en\/produkt\/kemppi-x8\/#local-main-organization-logo"},"image":{"@id":"https:\/\/spawlab.pl\/en\/produkt\/kemppi-x8\/#local-main-organization-logo"},"sameAs":["https:\/\/www.facebook.com\/Spawlab\/","https:\/\/www.linkedin.com\/company\/spawlab","https:\/\/www.instagram.com\/spawlab.pl","https:\/\/www.tiktok.com\/@spawlab"],"description":"Lider sprzeda\u017cy, Oficjalny Dystrybutor Premium i Serwis na Polsk\u0119 Migatronic, Gys, Voestalpine Bohler Welding. Nowe i u\u017cywane Spawarki, Przecinarki Plazmowe, Kompresory. Mgr in\u017c. Jaros\u0142aw Ko\u0142aski, IWE","hasMerchantReturnPolicy":{"@type":"MerchantReturnPolicy","merchantReturnLink":"https:\/\/spawlab.pl\/polityka-prywatnosci-2\/"},"telephone":[],"openingHoursSpecification":[{"@type":"OpeningHoursSpecification","dayOfWeek":["Monday","Tuesday","Wednesday","Thursday","Friday","Saturday","Sunday"],"opens":"09:00","closes":"17:00"}]},{"@type":"ImageObject","inLanguage":"en-US","@id":"https:\/\/spawlab.pl\/en\/produkt\/kemppi-x8\/#local-main-organization-logo","url":"https:\/\/spawlab.pl\/wp-content\/uploads\/2022\/01\/olx.jpg","contentUrl":"https:\/\/spawlab.pl\/wp-content\/uploads\/2022\/01\/olx.jpg","width":200,"height":200,"caption":"Spawlab.pl"}]},"product_brand":"Kemppi","product_price_amount":"60000.00","product_price_currency":"PLN","og_availability":"instock","product_availability":"instock","product_condition":"new"},"_links":{"self":[{"href":"https:\/\/spawlab.pl\/en\/wp-json\/wp\/v2\/product\/17980","targetHints":{"allow":["GET"]}}],"collection":[{"href":"https:\/\/spawlab.pl\/en\/wp-json\/wp\/v2\/product"}],"about":[{"href":"https:\/\/spawlab.pl\/en\/wp-json\/wp\/v2\/types\/product"}],"wp:featuredmedia":[{"embeddable":true,"href":"https:\/\/spawlab.pl\/en\/wp-json\/wp\/v2\/media\/16295"}],"wp:attachment":[{"href":"https:\/\/spawlab.pl\/en\/wp-json\/wp\/v2\/media?parent=17980"}],"wp:term":[{"taxonomy":"product_brand","embeddable":true,"href":"https:\/\/spawlab.pl\/en\/wp-json\/wp\/v2\/product_brand?post=17980"},{"taxonomy":"product_cat","embeddable":true,"href":"https:\/\/spawlab.pl\/en\/wp-json\/wp\/v2\/product_cat?post=17980"},{"taxonomy":"product_tag","embeddable":true,"href":"https:\/\/spawlab.pl\/en\/wp-json\/wp\/v2\/product_tag?post=17980"}],"curies":[{"name":"wp","href":"https:\/\/api.w.org\/{rel}","templated":true}]}}