{"id":19746,"date":"2025-02-01T22:10:55","date_gmt":"2025-02-01T21:10:55","guid":{"rendered":"https:\/\/spawlab.pl\/?post_type=product&#038;p=19746"},"modified":"2025-05-05T09:22:55","modified_gmt":"2025-05-05T07:22:55","slug":"ewm-alpha-q-551-pipe-solution-coldarc-forcearc-kopia-kopia-kopia-kopia-kopia","status":"publish","type":"product","link":"https:\/\/spawlab.pl\/en\/produkt\/ewm-alpha-q-551-pipe-solution-coldarc-forcearc-kopia-kopia-kopia-kopia-kopia\/","title":{"rendered":"Migatronic PI 400 Ac\/Dc with CWF wire feeder"},"content":{"rendered":"<h3>Introduction to Migatronic PI 400 AC\/DC<\/h3>\n<p><strong>Migatronic PI 400 AC\/DC<\/strong> is a modern welder with CMF wire feeder, created for professionals who value precision and full automation. Right from the start, the device is distinguished by a digital control panel and a unique feeder that allows continuous welding without interruptions. What&#8217;s more, thanks to advanced features such as Hot Start and AC frequency and balance control, welding is extremely stable and repeatable.  <\/p>\n<h3>Why choose the Migatronic PI 400 AC\/DC?<\/h3>\n<p>Imagine you are working on a project where every weld is crucial, which is why <strong>the Migatronic PI 400 AC\/DC<\/strong> starts the welding process with perfect precision. In addition, the innovative CMF wire feeder makes it possible to weld without the need for constant wire refilling, which significantly reduces working time. This device guarantees real savings and superior weld quality, making it the best choice for companies aiming to dominate the market.  <\/p>\n<h3>A success story<\/h3>\n<p>One industrial company, aspiring to be a world leader, was experiencing problems with intermittent welding and unstable welds. After implementing the <strong>Migatronic PI 400 AC\/DC<\/strong>, operators noticed that welding became continuous and the results precise and aesthetically pleasing. As a result, the company has reduced project turnaround times, achieving significant savings. This story proves that choosing this welder is an investment that pays off.   <\/p>\n<h3>Key features and benefits<\/h3>\n<ul>\n<li><strong>Digital control:<\/strong><br \/>\nPrecision panel allows you to set all welding parameters, which guarantees repeatable results.<\/li>\n<li><strong>Innovative CMF wire feeder:<\/strong><br \/>\nEnables continuous welding without interruptions, increasing automation and efficiency.<\/li>\n<li><strong>TIG\/MMA welding versatility:<\/strong><br \/>\nThe device supports TIG and MMA methods, so you can weld aluminum, unalloyed steel, high-alloy steel, and copper and brass alloys.<\/li>\n<li><strong>Mobility:<\/strong><br \/>\nThanks to its light weight and compact dimensions, the welder is ideal for construction sites, workshops and repair work.<\/li>\n<li><strong>Advanced welding optimization features:<\/strong><br \/>\nHot Start, frequency, balance and pulse control guarantee optimization of the welding process. In addition, the ability to save up to 60 programs allows easy adaptation to different conditions. <\/li>\n<\/ul>\n<h3>Technical specifications<\/h3>\n<ul>\n<li><strong>Supply voltage:<\/strong> 3 \u00d7 400 V (tolerance \u00b115%)<\/li>\n<li><strong>Fuse:<\/strong> 25 A<\/li>\n<li><strong>Mains current:<\/strong> Effective 17.3 A, maximum 28.0 A<\/li>\n<li><strong>Rated power (100%):<\/strong> 12.0 kVA<\/li>\n<li><strong>Maximum power:<\/strong> 19.3 kVA<\/li>\n<li><strong>No-load power:<\/strong> 40 W<\/li>\n<li><strong>Efficiency:<\/strong> 0.85<\/li>\n<li><strong>Power Factor:<\/strong> 0.85<\/li>\n<li><strong>Current range:<\/strong> 5-400 A<\/li>\n<li><strong>Load capacity:<\/strong>\n<ul>\n<li>TIG 100% cycle at 20\u00b0C: 330 A<\/li>\n<li>MMA 100% cycle at 20\u00b0C: 330 A<\/li>\n<li>Max TIG cycle: 400 A at 70%, MMA: 400 A at 50% <\/li>\n<li>TIG 100% cycle at 40\u00b0C: 290 A, MMA 100% cycle at 40\u00b0C: 290 A<\/li>\n<li>TIG 60% cycle at 40\u00b0C: 350 A, MMA 60% at 40\u00b0C: 350 A<\/li>\n<li>Max TIG cycle: 400 A at 40%, MMA: 400 A at 20% <\/li>\n<\/ul>\n<\/li>\n<li><strong>No-load voltage:<\/strong> 95 V<\/li>\n<li><strong>Degree of protection:<\/strong> IP 23<\/li>\n<li><strong>Dimensions (HxWxL):<\/strong> 98 \u00d7 54.5 \u00d7 109 cm<\/li>\n<li><strong>Weight (without coolant):<\/strong> 72 kg<\/li>\n<li><strong>Radiator:<\/strong> efficiency 1.2 kW, capacity 3.5 l, flow 1.75 l\/min (1.2 bar, 60\u00b0C), max pressure 3 bar <\/li>\n<\/ul>\n<h4>Detailed parameters of alternating current and pulsation:<\/h4>\n<ul>\n<li><strong>AC balance (TIG AC):<\/strong> 20-80%<\/li>\n<li><strong>AC balance (value in amps, for TIG AC):<\/strong> 30-170%<\/li>\n<li><strong>AC frequency (TIG AC):<\/strong> 25-150 Hz<\/li>\n<li><strong>Pulse time TIG\/MMA (slow mode):<\/strong> 0.01-10 sec.<\/li>\n<li><strong>Pause time TIG\/MMA (slow mode):<\/strong> 0.01-10 sec.<\/li>\n<li><strong>Fast pulse (DC TIG):<\/strong> frequency 25-523 Hz.<\/li>\n<li><strong>Fast pulse (MMA DC):<\/strong> frequency 25-100 Hz<\/li>\n<li><strong>Pulse frequency for wire feeder:<\/strong> Typically 25-523 Hz (synchronized with DC TIG mode).<\/li>\n<\/ul>\n<h3>Application in practice<\/h3>\n<p><strong>The Migatronic PI 400 AC\/DC<\/strong> is ideal for the automotive industry, construction, shipyards and manufacturing plants. The device is also ideal in repair shops, where every weld must be precise. Thanks to continuous automation and the innovative CMF wire feeder, welding is carried out without interruption, resulting in high quality welds and time savings.  <\/p>\n<h3>Summary<\/h3>\n<p>In summary, the <strong>Migatronic PI 400 AC\/DC with CMF wire feeder<\/strong> is a new mobile and versatile TIG\/MMA welder that combines precise digital control with full welding automation. Its detailed specifications, such as 3\u00d7400 V, 25 A, 12.0 kVA power rating, 5-400 A range, 20-80% AC balance, 25-150 Hz AC frequency and precise pulse control, guarantee the highest quality welds. In addition, the new configuration costs more than \u00a3100,000 net, highlighting its advanced nature and value for professionals. If your company dreams of achieving perfection, choose the Migatronic PI 400 AC\/DC &#8211; it&#8217;s an investment that pays off!    <\/p>\n<blockquote><p><strong>RECOMMEND!<\/strong><br \/>\nJaroslaw Kolaski, M.Sc., IWE <\/p><\/blockquote>\n<h3>Official Representative<\/h3>\n<p><strong>We are Migatronic&#8217;s official representative for Poland and authorized service provider.<\/strong><br \/>\nCheck out more at <a href=\"https:\/\/www.migatronic.com\" target=\"_new\" rel=\"noopener\">migatronic.com<\/a> in the distributor section.<\/p>\n","protected":false},"excerpt":{"rendered":"<p>Migatronic PI 400 AC\/DC with CMF wire feeder is a modern mobile TIG\/MMA welder with digital control. It provides precise, continuous welding and high quality welds. Ideal for professionals.  <\/p>\n<p>&nbsp;<\/p>\n","protected":false},"featured_media":19748,"template":"","meta":{"inline_featured_image":false},"product_brand":[822],"product_cat":[491,485,490,473],"product_tag":[3645,3639,3641,3637,3647,3643,3572],"class_list":{"0":"post-19746","1":"product","2":"type-product","3":"status-publish","4":"has-post-thumbnail","6":"product_brand-migatronic","7":"product_cat-ac-dc","8":"product_cat-liquid-cooled-en-2","9":"product_cat-tig-en","10":"product_cat-used","11":"product_tag-cmf-wire-feeder-welder","12":"product_tag-digital-control-of-the-welding-machine","13":"product_tag-migatronic-pi-400-ac-dc-en","14":"product_tag-mobile-welding-machine","15":"product_tag-new-tig-mma-welder","16":"product_tag-pi-400-welding-machine","17":"product_tag-professional-welder","19":"first","20":"instock","21":"taxable","22":"shipping-taxable","23":"purchasable","24":"product-type-simple"},"yoast_head":"<!-- This site is optimized with the Yoast SEO Premium plugin v27.5 (Yoast SEO v27.6) - https:\/\/yoast.com\/product\/yoast-seo-premium-wordpress\/ -->\n<title>Migatronic PI 400 Ac\/Dc with CWF wire feeder - SpawLab - Welding equipment and plasma cutters - store and service<\/title>\n<meta name=\"description\" content=\"Meet the Migatronic PI 400 AC\/DC - a new CMF wire feeder welder that guarantees precise TIG\/MMA welding. Ideal for professionals.\" \/>\n<meta name=\"robots\" content=\"index, follow, max-snippet:-1, max-image-preview:large, max-video-preview:-1\" \/>\n<link rel=\"canonical\" href=\"https:\/\/spawlab.pl\/en\/produkt\/ewm-alpha-q-551-pipe-solution-coldarc-forcearc-kopia-kopia-kopia-kopia-kopia\/\" \/>\n<meta property=\"og:locale\" content=\"en_US\" \/>\n<meta property=\"og:type\" content=\"article\" \/>\n<meta property=\"og:title\" content=\"Migatronic PI 400 Ac\/Dc with CWF wire feeder\" \/>\n<meta property=\"og:description\" content=\"Meet the Migatronic PI 400 AC\/DC with CMF wire feeder! \u26a1\ufe0f? This is a modern mobile TIG\/MMA welder with digital control and full automation. Ideal for companies striving for perfection and economy. Weld without interruption! ?\u200d?? #MigatronicPI400 #WelderCMF\" \/>\n<meta property=\"og:url\" content=\"https:\/\/spawlab.pl\/en\/produkt\/ewm-alpha-q-551-pipe-solution-coldarc-forcearc-kopia-kopia-kopia-kopia-kopia\/\" \/>\n<meta property=\"og:site_name\" content=\"SpawLab - Welding equipment and plasma cutters - store and service\" \/>\n<meta property=\"article:publisher\" content=\"https:\/\/www.facebook.com\/Spawlab\/\" \/>\n<meta property=\"article:modified_time\" content=\"2025-05-05T07:22:55+00:00\" \/>\n<meta property=\"og:image\" content=\"https:\/\/spawlab.pl\/wp-content\/uploads\/2025\/02\/20250201_144057-scaled.jpg\" \/>\n\t<meta property=\"og:image:width\" content=\"1920\" \/>\n\t<meta property=\"og:image:height\" content=\"2560\" \/>\n\t<meta property=\"og:image:type\" content=\"image\/jpeg\" \/>\n<meta name=\"twitter:label1\" content=\"Price\" \/>\n\t<meta name=\"twitter:data1\" content=\"54 120,00&nbsp;&#122;&#322; (44 000,00&nbsp;&#122;&#322; netto)\" \/>\n\t<meta name=\"twitter:label2\" content=\"Availability\" \/>\n\t<meta name=\"twitter:data2\" content=\"In stock\" \/>\n<script type=\"application\/ld+json\" class=\"yoast-schema-graph\">{\"@context\":\"https:\\\/\\\/schema.org\",\"@graph\":[{\"@type\":[\"WebPage\",\"ItemPage\"],\"@id\":\"https:\\\/\\\/spawlab.pl\\\/en\\\/produkt\\\/ewm-alpha-q-551-pipe-solution-coldarc-forcearc-kopia-kopia-kopia-kopia-kopia\\\/\",\"url\":\"https:\\\/\\\/spawlab.pl\\\/en\\\/produkt\\\/ewm-alpha-q-551-pipe-solution-coldarc-forcearc-kopia-kopia-kopia-kopia-kopia\\\/\",\"name\":\"Migatronic PI 400 Ac\\\/Dc with CWF wire feeder - SpawLab - Welding equipment and plasma cutters - store and service\",\"isPartOf\":{\"@id\":\"https:\\\/\\\/spawlab.pl\\\/en\\\/#website\"},\"primaryImageOfPage\":{\"@id\":\"https:\\\/\\\/spawlab.pl\\\/en\\\/produkt\\\/ewm-alpha-q-551-pipe-solution-coldarc-forcearc-kopia-kopia-kopia-kopia-kopia\\\/#primaryimage\"},\"image\":{\"@id\":\"https:\\\/\\\/spawlab.pl\\\/en\\\/produkt\\\/ewm-alpha-q-551-pipe-solution-coldarc-forcearc-kopia-kopia-kopia-kopia-kopia\\\/#primaryimage\"},\"thumbnailUrl\":\"https:\\\/\\\/spawlab.pl\\\/wp-content\\\/uploads\\\/2025\\\/02\\\/20250201_144057-scaled.jpg\",\"datePublished\":\"2025-02-01T21:10:55+00:00\",\"dateModified\":\"2025-05-05T07:22:55+00:00\",\"description\":\"Meet the Migatronic PI 400 AC\\\/DC - a new CMF wire feeder welder that guarantees precise TIG\\\/MMA welding. Ideal for professionals.\",\"breadcrumb\":{\"@id\":\"https:\\\/\\\/spawlab.pl\\\/en\\\/produkt\\\/ewm-alpha-q-551-pipe-solution-coldarc-forcearc-kopia-kopia-kopia-kopia-kopia\\\/#breadcrumb\"},\"inLanguage\":\"en-US\",\"potentialAction\":[{\"@type\":\"ReadAction\",\"target\":[\"https:\\\/\\\/spawlab.pl\\\/en\\\/produkt\\\/ewm-alpha-q-551-pipe-solution-coldarc-forcearc-kopia-kopia-kopia-kopia-kopia\\\/\"]}]},{\"@type\":\"ImageObject\",\"inLanguage\":\"en-US\",\"@id\":\"https:\\\/\\\/spawlab.pl\\\/en\\\/produkt\\\/ewm-alpha-q-551-pipe-solution-coldarc-forcearc-kopia-kopia-kopia-kopia-kopia\\\/#primaryimage\",\"url\":\"https:\\\/\\\/spawlab.pl\\\/wp-content\\\/uploads\\\/2025\\\/02\\\/20250201_144057-scaled.jpg\",\"contentUrl\":\"https:\\\/\\\/spawlab.pl\\\/wp-content\\\/uploads\\\/2025\\\/02\\\/20250201_144057-scaled.jpg\",\"width\":1920,\"height\":2560,\"caption\":\"Migatronic PI 400 AC\\\/DC - front view of the welder with CMF wire feeder.\"},{\"@type\":\"BreadcrumbList\",\"@id\":\"https:\\\/\\\/spawlab.pl\\\/en\\\/produkt\\\/ewm-alpha-q-551-pipe-solution-coldarc-forcearc-kopia-kopia-kopia-kopia-kopia\\\/#breadcrumb\",\"itemListElement\":[{\"@type\":\"ListItem\",\"position\":1,\"name\":\"Strona g\u0142\u00f3wna\",\"item\":\"https:\\\/\\\/spawlab.pl\\\/en\\\/\"},{\"@type\":\"ListItem\",\"position\":2,\"name\":\"Store\",\"item\":\"https:\\\/\\\/spawlab.pl\\\/en\\\/shop\\\/\"},{\"@type\":\"ListItem\",\"position\":3,\"name\":\"Migatronic PI 400 Ac\\\/Dc with CWF wire feeder\"}]},{\"@type\":\"WebSite\",\"@id\":\"https:\\\/\\\/spawlab.pl\\\/en\\\/#website\",\"url\":\"https:\\\/\\\/spawlab.pl\\\/en\\\/\",\"name\":\"Spawlab.pl Lider - Spawarki, Przecinarki Plazmowe, Kompresory\",\"description\":\"Urz\u0105dzenia spawalnicze i Przecinarki plazmowe\\\/ nowe i u\u017cywane \\\/ Profesjonalny serwis\",\"publisher\":{\"@id\":\"https:\\\/\\\/spawlab.pl\\\/en\\\/#organization\"},\"alternateName\":\"Spawlab.pl - Dystrybutor Premium i Serwis na Polske Migatronic, Gys, Voestalpine Bohler Welding\",\"potentialAction\":[{\"@type\":\"SearchAction\",\"target\":{\"@type\":\"EntryPoint\",\"urlTemplate\":\"https:\\\/\\\/spawlab.pl\\\/en\\\/?s={search_term_string}\"},\"query-input\":{\"@type\":\"PropertyValueSpecification\",\"valueRequired\":true,\"valueName\":\"search_term_string\"}}],\"inLanguage\":\"en-US\"},{\"@type\":[\"Organization\",\"Place\"],\"@id\":\"https:\\\/\\\/spawlab.pl\\\/en\\\/#organization\",\"name\":\"Spawlab.pl\",\"url\":\"https:\\\/\\\/spawlab.pl\\\/en\\\/\",\"logo\":{\"@id\":\"https:\\\/\\\/spawlab.pl\\\/en\\\/produkt\\\/ewm-alpha-q-551-pipe-solution-coldarc-forcearc-kopia-kopia-kopia-kopia-kopia\\\/#local-main-organization-logo\"},\"image\":{\"@id\":\"https:\\\/\\\/spawlab.pl\\\/en\\\/produkt\\\/ewm-alpha-q-551-pipe-solution-coldarc-forcearc-kopia-kopia-kopia-kopia-kopia\\\/#local-main-organization-logo\"},\"sameAs\":[\"https:\\\/\\\/www.facebook.com\\\/Spawlab\\\/\",\"https:\\\/\\\/www.linkedin.com\\\/company\\\/spawlab\",\"https:\\\/\\\/www.instagram.com\\\/spawlab.pl\",\"https:\\\/\\\/www.tiktok.com\\\/@spawlab\"],\"description\":\"Lider sprzeda\u017cy, Oficjalny Dystrybutor Premium i Serwis na Polsk\u0119 Migatronic, Gys, Voestalpine Bohler Welding. Nowe i u\u017cywane Spawarki, Przecinarki Plazmowe, Kompresory. Mgr in\u017c. Jaros\u0142aw Ko\u0142aski, IWE\",\"hasMerchantReturnPolicy\":{\"@type\":\"MerchantReturnPolicy\",\"merchantReturnLink\":\"https:\\\/\\\/spawlab.pl\\\/polityka-prywatnosci-2\\\/\"},\"telephone\":[],\"openingHoursSpecification\":[{\"@type\":\"OpeningHoursSpecification\",\"dayOfWeek\":[\"Monday\",\"Tuesday\",\"Wednesday\",\"Thursday\",\"Friday\",\"Saturday\",\"Sunday\"],\"opens\":\"09:00\",\"closes\":\"17:00\"}]},{\"@type\":\"ImageObject\",\"inLanguage\":\"en-US\",\"@id\":\"https:\\\/\\\/spawlab.pl\\\/en\\\/produkt\\\/ewm-alpha-q-551-pipe-solution-coldarc-forcearc-kopia-kopia-kopia-kopia-kopia\\\/#local-main-organization-logo\",\"url\":\"https:\\\/\\\/spawlab.pl\\\/wp-content\\\/uploads\\\/2022\\\/01\\\/olx.jpg\",\"contentUrl\":\"https:\\\/\\\/spawlab.pl\\\/wp-content\\\/uploads\\\/2022\\\/01\\\/olx.jpg\",\"width\":200,\"height\":200,\"caption\":\"Spawlab.pl\"}]}<\/script>\n<meta property=\"product:brand\" content=\"Migatronic\" \/>\n<meta property=\"product:price:amount\" content=\"54120.00\" \/>\n<meta property=\"product:price:currency\" content=\"PLN\" \/>\n<meta property=\"og:availability\" content=\"instock\" \/>\n<meta property=\"product:availability\" content=\"instock\" \/>\n<meta property=\"product:condition\" content=\"new\" \/>\n<!-- \/ Yoast SEO Premium plugin. -->","yoast_head_json":{"title":"Migatronic PI 400 Ac\/Dc with CWF wire feeder - SpawLab - Welding equipment and plasma cutters - store and service","description":"Meet the Migatronic PI 400 AC\/DC - a new CMF wire feeder welder that guarantees precise TIG\/MMA welding. Ideal for professionals.","robots":{"index":"index","follow":"follow","max-snippet":"max-snippet:-1","max-image-preview":"max-image-preview:large","max-video-preview":"max-video-preview:-1"},"canonical":"https:\/\/spawlab.pl\/en\/produkt\/ewm-alpha-q-551-pipe-solution-coldarc-forcearc-kopia-kopia-kopia-kopia-kopia\/","og_locale":"en_US","og_type":"article","og_title":"Migatronic PI 400 Ac\/Dc with CWF wire feeder","og_description":"Meet the Migatronic PI 400 AC\/DC with CMF wire feeder! \u26a1\ufe0f? This is a modern mobile TIG\/MMA welder with digital control and full automation. Ideal for companies striving for perfection and economy. Weld without interruption! ?\u200d?? #MigatronicPI400 #WelderCMF","og_url":"https:\/\/spawlab.pl\/en\/produkt\/ewm-alpha-q-551-pipe-solution-coldarc-forcearc-kopia-kopia-kopia-kopia-kopia\/","og_site_name":"SpawLab - Welding equipment and plasma cutters - store and service","article_publisher":"https:\/\/www.facebook.com\/Spawlab\/","article_modified_time":"2025-05-05T07:22:55+00:00","og_image":[{"width":1920,"height":2560,"url":"https:\/\/spawlab.pl\/wp-content\/uploads\/2025\/02\/20250201_144057-scaled.jpg","type":"image\/jpeg"}],"twitter_misc":{"Price":"54 120,00&nbsp;&#122;&#322; (44 000,00&nbsp;&#122;&#322; netto)","Availability":"In stock"},"schema":{"@context":"https:\/\/schema.org","@graph":[{"@type":["WebPage","ItemPage"],"@id":"https:\/\/spawlab.pl\/en\/produkt\/ewm-alpha-q-551-pipe-solution-coldarc-forcearc-kopia-kopia-kopia-kopia-kopia\/","url":"https:\/\/spawlab.pl\/en\/produkt\/ewm-alpha-q-551-pipe-solution-coldarc-forcearc-kopia-kopia-kopia-kopia-kopia\/","name":"Migatronic PI 400 Ac\/Dc with CWF wire feeder - SpawLab - Welding equipment and plasma cutters - store and service","isPartOf":{"@id":"https:\/\/spawlab.pl\/en\/#website"},"primaryImageOfPage":{"@id":"https:\/\/spawlab.pl\/en\/produkt\/ewm-alpha-q-551-pipe-solution-coldarc-forcearc-kopia-kopia-kopia-kopia-kopia\/#primaryimage"},"image":{"@id":"https:\/\/spawlab.pl\/en\/produkt\/ewm-alpha-q-551-pipe-solution-coldarc-forcearc-kopia-kopia-kopia-kopia-kopia\/#primaryimage"},"thumbnailUrl":"https:\/\/spawlab.pl\/wp-content\/uploads\/2025\/02\/20250201_144057-scaled.jpg","datePublished":"2025-02-01T21:10:55+00:00","dateModified":"2025-05-05T07:22:55+00:00","description":"Meet the Migatronic PI 400 AC\/DC - a new CMF wire feeder welder that guarantees precise TIG\/MMA welding. Ideal for professionals.","breadcrumb":{"@id":"https:\/\/spawlab.pl\/en\/produkt\/ewm-alpha-q-551-pipe-solution-coldarc-forcearc-kopia-kopia-kopia-kopia-kopia\/#breadcrumb"},"inLanguage":"en-US","potentialAction":[{"@type":"ReadAction","target":["https:\/\/spawlab.pl\/en\/produkt\/ewm-alpha-q-551-pipe-solution-coldarc-forcearc-kopia-kopia-kopia-kopia-kopia\/"]}]},{"@type":"ImageObject","inLanguage":"en-US","@id":"https:\/\/spawlab.pl\/en\/produkt\/ewm-alpha-q-551-pipe-solution-coldarc-forcearc-kopia-kopia-kopia-kopia-kopia\/#primaryimage","url":"https:\/\/spawlab.pl\/wp-content\/uploads\/2025\/02\/20250201_144057-scaled.jpg","contentUrl":"https:\/\/spawlab.pl\/wp-content\/uploads\/2025\/02\/20250201_144057-scaled.jpg","width":1920,"height":2560,"caption":"Migatronic PI 400 AC\/DC - front view of the welder with CMF wire feeder."},{"@type":"BreadcrumbList","@id":"https:\/\/spawlab.pl\/en\/produkt\/ewm-alpha-q-551-pipe-solution-coldarc-forcearc-kopia-kopia-kopia-kopia-kopia\/#breadcrumb","itemListElement":[{"@type":"ListItem","position":1,"name":"Strona g\u0142\u00f3wna","item":"https:\/\/spawlab.pl\/en\/"},{"@type":"ListItem","position":2,"name":"Store","item":"https:\/\/spawlab.pl\/en\/shop\/"},{"@type":"ListItem","position":3,"name":"Migatronic PI 400 Ac\/Dc with CWF wire feeder"}]},{"@type":"WebSite","@id":"https:\/\/spawlab.pl\/en\/#website","url":"https:\/\/spawlab.pl\/en\/","name":"Spawlab.pl Lider - Spawarki, Przecinarki Plazmowe, Kompresory","description":"Urz\u0105dzenia spawalnicze i Przecinarki plazmowe\/ nowe i u\u017cywane \/ Profesjonalny serwis","publisher":{"@id":"https:\/\/spawlab.pl\/en\/#organization"},"alternateName":"Spawlab.pl - Dystrybutor Premium i Serwis na Polske Migatronic, Gys, Voestalpine Bohler Welding","potentialAction":[{"@type":"SearchAction","target":{"@type":"EntryPoint","urlTemplate":"https:\/\/spawlab.pl\/en\/?s={search_term_string}"},"query-input":{"@type":"PropertyValueSpecification","valueRequired":true,"valueName":"search_term_string"}}],"inLanguage":"en-US"},{"@type":["Organization","Place"],"@id":"https:\/\/spawlab.pl\/en\/#organization","name":"Spawlab.pl","url":"https:\/\/spawlab.pl\/en\/","logo":{"@id":"https:\/\/spawlab.pl\/en\/produkt\/ewm-alpha-q-551-pipe-solution-coldarc-forcearc-kopia-kopia-kopia-kopia-kopia\/#local-main-organization-logo"},"image":{"@id":"https:\/\/spawlab.pl\/en\/produkt\/ewm-alpha-q-551-pipe-solution-coldarc-forcearc-kopia-kopia-kopia-kopia-kopia\/#local-main-organization-logo"},"sameAs":["https:\/\/www.facebook.com\/Spawlab\/","https:\/\/www.linkedin.com\/company\/spawlab","https:\/\/www.instagram.com\/spawlab.pl","https:\/\/www.tiktok.com\/@spawlab"],"description":"Lider sprzeda\u017cy, Oficjalny Dystrybutor Premium i Serwis na Polsk\u0119 Migatronic, Gys, Voestalpine Bohler Welding. Nowe i u\u017cywane Spawarki, Przecinarki Plazmowe, Kompresory. Mgr in\u017c. Jaros\u0142aw Ko\u0142aski, IWE","hasMerchantReturnPolicy":{"@type":"MerchantReturnPolicy","merchantReturnLink":"https:\/\/spawlab.pl\/polityka-prywatnosci-2\/"},"telephone":[],"openingHoursSpecification":[{"@type":"OpeningHoursSpecification","dayOfWeek":["Monday","Tuesday","Wednesday","Thursday","Friday","Saturday","Sunday"],"opens":"09:00","closes":"17:00"}]},{"@type":"ImageObject","inLanguage":"en-US","@id":"https:\/\/spawlab.pl\/en\/produkt\/ewm-alpha-q-551-pipe-solution-coldarc-forcearc-kopia-kopia-kopia-kopia-kopia\/#local-main-organization-logo","url":"https:\/\/spawlab.pl\/wp-content\/uploads\/2022\/01\/olx.jpg","contentUrl":"https:\/\/spawlab.pl\/wp-content\/uploads\/2022\/01\/olx.jpg","width":200,"height":200,"caption":"Spawlab.pl"}]},"product_brand":"Migatronic","product_price_amount":"54120.00","product_price_currency":"PLN","og_availability":"instock","product_availability":"instock","product_condition":"new"},"_links":{"self":[{"href":"https:\/\/spawlab.pl\/en\/wp-json\/wp\/v2\/product\/19746","targetHints":{"allow":["GET"]}}],"collection":[{"href":"https:\/\/spawlab.pl\/en\/wp-json\/wp\/v2\/product"}],"about":[{"href":"https:\/\/spawlab.pl\/en\/wp-json\/wp\/v2\/types\/product"}],"wp:featuredmedia":[{"embeddable":true,"href":"https:\/\/spawlab.pl\/en\/wp-json\/wp\/v2\/media\/19748"}],"wp:attachment":[{"href":"https:\/\/spawlab.pl\/en\/wp-json\/wp\/v2\/media?parent=19746"}],"wp:term":[{"taxonomy":"product_brand","embeddable":true,"href":"https:\/\/spawlab.pl\/en\/wp-json\/wp\/v2\/product_brand?post=19746"},{"taxonomy":"product_cat","embeddable":true,"href":"https:\/\/spawlab.pl\/en\/wp-json\/wp\/v2\/product_cat?post=19746"},{"taxonomy":"product_tag","embeddable":true,"href":"https:\/\/spawlab.pl\/en\/wp-json\/wp\/v2\/product_tag?post=19746"}],"curies":[{"name":"wp","href":"https:\/\/api.w.org\/{rel}","templated":true}]}}