{"id":21041,"date":"2025-02-15T15:58:03","date_gmt":"2025-02-15T14:58:03","guid":{"rendered":"https:\/\/spawlab.pl\/?post_type=product&#038;p=21041"},"modified":"2025-05-26T07:53:59","modified_gmt":"2025-05-26T05:53:59","slug":"ewm-alpha-q-551-pipe-solution-coldarc-forcearc-kopia-kopia-kopia-kopia-kopia-kopia-kopia-kopia","status":"publish","type":"product","link":"https:\/\/spawlab.pl\/en\/produkt\/ewm-alpha-q-551-pipe-solution-coldarc-forcearc-kopia-kopia-kopia-kopia-kopia-kopia-kopia-kopia\/","title":{"rendered":"Fronius TPS 2700 CMT"},"content":{"rendered":"<div class=\"flex max-w-full flex-col flex-grow\">\n<div class=\"min-h-8 text-message flex w-full flex-col items-end gap-2 whitespace-normal break-words text-start [.text-message+&amp;]:mt-5\" dir=\"auto\" data-message-author-role=\"assistant\" data-message-id=\"4b8cd93c-a666-4d14-9941-ead93ad9f63a\" data-message-model-slug=\"gpt-4o\">\n<div class=\"flex w-full flex-col gap-1 empty:hidden first:pt-[3px]\">\n<div class=\"markdown prose w-full break-words dark:prose-invert dark\">\n<div class=\"flex max-w-full flex-col flex-grow\">\n<div class=\"min-h-8 text-message flex w-full flex-col items-end gap-2 whitespace-normal break-words text-start [.text-message+&amp;]:mt-5\" dir=\"auto\" data-message-author-role=\"assistant\" data-message-id=\"4b8cd93c-a666-4d14-9941-ead93ad9f63a\" data-message-model-slug=\"gpt-4o\">\n<div class=\"flex w-full flex-col gap-1 empty:hidden first:pt-[3px]\">\n<div class=\"markdown prose w-full break-words dark:prose-invert dark\">\n<p data-start=\"0\" data-end=\"90\"><strong data-start=\"0\" data-end=\"90\">Fronius TPS 2700 CMT &#8211; advanced MIG\/MAG welder with Cold Metal Transfer technology<\/strong><\/p>\n<p><iframe title=\"Fronius TPS 2700 CMT \u2013 The Best Welding Machine only in Spawlab.pl #fronius  #CMT #spawanie #welding\" width=\"500\" height=\"281\" data-src=\"https:\/\/www.youtube.com\/embed\/ZZOokpRR89Y?feature=oembed\" frameborder=\"0\" allow=\"accelerometer; autoplay; clipboard-write; encrypted-media; gyroscope; picture-in-picture; web-share\" referrerpolicy=\"strict-origin-when-cross-origin\" allowfullscreen src=\"data:image\/svg+xml;base64,PHN2ZyB3aWR0aD0iMSIgaGVpZ2h0PSIxIiB4bWxucz0iaHR0cDovL3d3dy53My5vcmcvMjAwMC9zdmciPjwvc3ZnPg==\" class=\"lazyload\" data-load-mode=\"1\"><\/iframe><\/p>\n<p data-start=\"92\" data-end=\"402\">The Fronius TPS 2700 CMT is a professional MIG\/MAG welder that enables precise and efficient welding of various materials, including steel and aluminum, thanks to Cold Metal Transfer (CMT) technology. Low heat input and an extremely stable arc distinguish CMT from traditional MIG\/MAG welding methods. <\/p>\n<h3 data-start=\"404\" data-end=\"443\">Key features and technologies<\/h3>\n<ul data-start=\"445\" data-end=\"1296\">\n<li data-start=\"445\" data-end=\"641\"><strong data-start=\"447\" data-end=\"476\">Cold Metal Transfer (CMT)<\/strong> &#8211; a welding process with minimal heat input, ideal for joining thin sheets and materials with different thermal conductivities, such as steel and aluminum.<\/li>\n<li data-start=\"642\" data-end=\"801\"><strong data-start=\"644\" data-end=\"656\">Synergy<\/strong> &#8211; automatically adjusts welding parameters to the selected material and wire diameter for easy setup and optimal results.<\/li>\n<li data-start=\"802\" data-end=\"992\"><strong data-start=\"804\" data-end=\"827\">Pulsed welding<\/strong> &#8211; a function that enables precise welding of materials such as aluminum, copper or stainless steel, reducing spatter and ensuring high quality welds.<\/li>\n<li data-start=\"993\" data-end=\"1156\"><strong data-start=\"995\" data-end=\"1016\">Liquid cooling<\/strong> &#8211; the liquid cooling system ensures efficient heat dissipation, which increases the life of the device and allows it to work longer without interruption.<\/li>\n<li data-start=\"1157\" data-end=\"1296\"><strong data-start=\"1159\" data-end=\"1181\">Compact size<\/strong> &#8211; the ergonomic and compact design makes it easy to transport and integrate the device into various work environments.<\/li>\n<\/ul>\n<h3 data-start=\"1298\" data-end=\"1317\">Technical data<\/h3>\n<ul data-start=\"1319\" data-end=\"1675\">\n<li data-start=\"1319\" data-end=\"1354\"><strong data-start=\"1321\" data-end=\"1344\">Supply voltage:<\/strong> 3 \u00d7 400 V<\/li>\n<li data-start=\"1355\" data-end=\"1383\"><strong data-start=\"1357\" data-end=\"1375\">Welding current:<\/strong> 3-270 A<\/li>\n<li data-start=\"1384\" data-end=\"1459\"><strong data-start=\"1386\" data-end=\"1401\">Work cycle:<\/strong>\n<ul data-start=\"1404\" data-end=\"1459\">\n<li data-start=\"1404\" data-end=\"1420\">40% at 270 A<\/li>\n<li data-start=\"1423\" data-end=\"1439\">60% at 220 A<\/li>\n<li data-start=\"1442\" data-end=\"1459\">100% at 190 A<\/li>\n<\/ul>\n<\/li>\n<li data-start=\"1460\" data-end=\"1495\"><strong data-start=\"1462\" data-end=\"1490\">Idle voltage:<\/strong> 57 V<\/li>\n<li data-start=\"1496\" data-end=\"1550\"><strong data-start=\"1498\" data-end=\"1531\">Dimensions (L \u00d7 W \u00d7 H):<\/strong> 687 \u00d7 276 \u00d7 445 mm.<\/li>\n<li data-start=\"1551\" data-end=\"1570\"><strong data-start=\"1553\" data-end=\"1562\">Weight:<\/strong> 32.5 kg<\/li>\n<\/ul>\n<hr data-start=\"1677\" data-end=\"1680\">\n<h3 data-start=\"1682\" data-end=\"1719\">Previous owner&#8217;s history<\/h3>\n<p data-start=\"1721\" data-end=\"2473\">Jan, the owner of a small locksmith shop, was looking for a solution to weld thin sheets without deforming the material. Traditional welding methods often led to overheating and deformation. After investing in a <strong data-start=\"1954\" data-end=\"1978\">Fronius TPS 2700 CMT<\/strong>, Jan noticed a significant improvement in weld quality. CMT technology made it possible to join different materials with minimal heat introduction, eliminating the problem of deformation. Thanks to digital process control and the ability to save settings, work became more efficient, and preparation time for welding was reduced. After several years of trouble-free operation, Jan decided to expand the machine park, leaving the TPS 2700 CMT in excellent condition for the next user.     <\/p>\n<\/div>\n<\/div>\n<\/div>\n<\/div>\n<blockquote><p><strong>RECOMMEND!<\/strong><br \/>\nJaroslaw Kolaski, M.Sc., IWE <\/p><\/blockquote>\n<\/div>\n<\/div>\n<\/div>\n<\/div>\n","protected":false},"excerpt":{"rendered":"<p data-pm-slice=\"1 1 []\">Fronius TPS 2700 CMT &#8211; professional MIG\/MAG welder with CMT technology, ideal for precision welding of various materials.<\/p>\n<p>&nbsp;<\/p>\n","protected":false},"featured_media":21028,"template":"","meta":{"inline_featured_image":false},"product_brand":[831],"product_cat":[483,493,473],"product_tag":[4523,4522,4521,4524,3522],"class_list":{"0":"post-21041","1":"product","2":"type-product","3":"status-publish","4":"has-post-thumbnail","6":"product_brand-fronius","7":"product_cat-liquid-cooled","8":"product_cat-mig-mag-en","9":"product_cat-used","10":"product_tag-cmt-en","11":"product_tag-cold-metal-transfer-en","12":"product_tag-fronius-tps-2700-cmt-en","13":"product_tag-low-heat-input","14":"product_tag-mig-mag-welder","16":"first","17":"instock","18":"taxable","19":"shipping-taxable","20":"purchasable","21":"product-type-simple"},"yoast_head":"<!-- This site is optimized with the Yoast SEO Premium plugin v27.5 (Yoast SEO v27.6) - https:\/\/yoast.com\/product\/yoast-seo-premium-wordpress\/ -->\n<title>Fronius TPS 2700 CMT - SpawLab - Welding equipment and plasma cutters - store and service<\/title>\n<meta name=\"description\" content=\"The Fronius TPS 2700 CMT is an advanced MIG\/MAG welder with Cold Metal Transfer technology, providing precision welding with minimal heat input.\" \/>\n<meta name=\"robots\" content=\"index, follow, max-snippet:-1, max-image-preview:large, max-video-preview:-1\" \/>\n<link rel=\"canonical\" href=\"https:\/\/spawlab.pl\/en\/produkt\/ewm-alpha-q-551-pipe-solution-coldarc-forcearc-kopia-kopia-kopia-kopia-kopia-kopia-kopia-kopia\/\" \/>\n<meta property=\"og:locale\" content=\"en_US\" \/>\n<meta property=\"og:type\" content=\"article\" \/>\n<meta property=\"og:title\" content=\"Fronius TPS 2700 CMT\" \/>\n<meta property=\"og:description\" content=\"Meet the Fronius TPS 2700 CMT - a welder that revolutionizes the welding process with Cold Metal Transfer technology. Precision, versatility and minimal heat introduction!\" \/>\n<meta property=\"og:url\" content=\"https:\/\/spawlab.pl\/en\/produkt\/ewm-alpha-q-551-pipe-solution-coldarc-forcearc-kopia-kopia-kopia-kopia-kopia-kopia-kopia-kopia\/\" \/>\n<meta property=\"og:site_name\" content=\"SpawLab - Welding equipment and plasma cutters - store and service\" \/>\n<meta property=\"article:publisher\" content=\"https:\/\/www.facebook.com\/Spawlab\/\" \/>\n<meta property=\"article:modified_time\" content=\"2025-05-26T05:53:59+00:00\" \/>\n<meta property=\"og:image\" content=\"https:\/\/spawlab.pl\/wp-content\/uploads\/2025\/02\/20250215_120605-scaled.jpg\" \/>\n\t<meta property=\"og:image:width\" content=\"1920\" \/>\n\t<meta property=\"og:image:height\" content=\"2560\" \/>\n\t<meta property=\"og:image:type\" content=\"image\/jpeg\" \/>\n<meta name=\"twitter:label1\" content=\"Price\" \/>\n\t<meta name=\"twitter:data1\" content=\"34 150,00&nbsp;&#122;&#322; (27 764,23&nbsp;&#122;&#322; netto)\" \/>\n\t<meta name=\"twitter:label2\" content=\"Availability\" \/>\n\t<meta name=\"twitter:data2\" content=\"In stock\" \/>\n<script type=\"application\/ld+json\" class=\"yoast-schema-graph\">{\"@context\":\"https:\\\/\\\/schema.org\",\"@graph\":[{\"@type\":[\"WebPage\",\"ItemPage\"],\"@id\":\"https:\\\/\\\/spawlab.pl\\\/en\\\/produkt\\\/ewm-alpha-q-551-pipe-solution-coldarc-forcearc-kopia-kopia-kopia-kopia-kopia-kopia-kopia-kopia\\\/\",\"url\":\"https:\\\/\\\/spawlab.pl\\\/en\\\/produkt\\\/ewm-alpha-q-551-pipe-solution-coldarc-forcearc-kopia-kopia-kopia-kopia-kopia-kopia-kopia-kopia\\\/\",\"name\":\"Fronius TPS 2700 CMT - SpawLab - Welding equipment and plasma cutters - store and service\",\"isPartOf\":{\"@id\":\"https:\\\/\\\/spawlab.pl\\\/en\\\/#website\"},\"primaryImageOfPage\":{\"@id\":\"https:\\\/\\\/spawlab.pl\\\/en\\\/produkt\\\/ewm-alpha-q-551-pipe-solution-coldarc-forcearc-kopia-kopia-kopia-kopia-kopia-kopia-kopia-kopia\\\/#primaryimage\"},\"image\":{\"@id\":\"https:\\\/\\\/spawlab.pl\\\/en\\\/produkt\\\/ewm-alpha-q-551-pipe-solution-coldarc-forcearc-kopia-kopia-kopia-kopia-kopia-kopia-kopia-kopia\\\/#primaryimage\"},\"thumbnailUrl\":\"https:\\\/\\\/spawlab.pl\\\/wp-content\\\/uploads\\\/2025\\\/02\\\/20250215_120605-scaled.jpg\",\"datePublished\":\"2025-02-15T14:58:03+00:00\",\"dateModified\":\"2025-05-26T05:53:59+00:00\",\"description\":\"The Fronius TPS 2700 CMT is an advanced MIG\\\/MAG welder with Cold Metal Transfer technology, providing precision welding with minimal heat input.\",\"breadcrumb\":{\"@id\":\"https:\\\/\\\/spawlab.pl\\\/en\\\/produkt\\\/ewm-alpha-q-551-pipe-solution-coldarc-forcearc-kopia-kopia-kopia-kopia-kopia-kopia-kopia-kopia\\\/#breadcrumb\"},\"inLanguage\":\"en-US\",\"potentialAction\":[{\"@type\":\"ReadAction\",\"target\":[\"https:\\\/\\\/spawlab.pl\\\/en\\\/produkt\\\/ewm-alpha-q-551-pipe-solution-coldarc-forcearc-kopia-kopia-kopia-kopia-kopia-kopia-kopia-kopia\\\/\"]}]},{\"@type\":\"ImageObject\",\"inLanguage\":\"en-US\",\"@id\":\"https:\\\/\\\/spawlab.pl\\\/en\\\/produkt\\\/ewm-alpha-q-551-pipe-solution-coldarc-forcearc-kopia-kopia-kopia-kopia-kopia-kopia-kopia-kopia\\\/#primaryimage\",\"url\":\"https:\\\/\\\/spawlab.pl\\\/wp-content\\\/uploads\\\/2025\\\/02\\\/20250215_120605-scaled.jpg\",\"contentUrl\":\"https:\\\/\\\/spawlab.pl\\\/wp-content\\\/uploads\\\/2025\\\/02\\\/20250215_120605-scaled.jpg\",\"width\":1920,\"height\":2560,\"caption\":\"Side view of the Fronius TPS 2700 CMT, showing its robust design and compact dimensions.\"},{\"@type\":\"BreadcrumbList\",\"@id\":\"https:\\\/\\\/spawlab.pl\\\/en\\\/produkt\\\/ewm-alpha-q-551-pipe-solution-coldarc-forcearc-kopia-kopia-kopia-kopia-kopia-kopia-kopia-kopia\\\/#breadcrumb\",\"itemListElement\":[{\"@type\":\"ListItem\",\"position\":1,\"name\":\"Strona g\u0142\u00f3wna\",\"item\":\"https:\\\/\\\/spawlab.pl\\\/en\\\/\"},{\"@type\":\"ListItem\",\"position\":2,\"name\":\"Store\",\"item\":\"https:\\\/\\\/spawlab.pl\\\/en\\\/shop\\\/\"},{\"@type\":\"ListItem\",\"position\":3,\"name\":\"Fronius TPS 2700 CMT\"}]},{\"@type\":\"WebSite\",\"@id\":\"https:\\\/\\\/spawlab.pl\\\/en\\\/#website\",\"url\":\"https:\\\/\\\/spawlab.pl\\\/en\\\/\",\"name\":\"Spawlab.pl Lider - Spawarki, Przecinarki Plazmowe, Kompresory\",\"description\":\"Urz\u0105dzenia spawalnicze i Przecinarki plazmowe\\\/ nowe i u\u017cywane \\\/ Profesjonalny serwis\",\"publisher\":{\"@id\":\"https:\\\/\\\/spawlab.pl\\\/en\\\/#organization\"},\"alternateName\":\"Spawlab.pl - Dystrybutor Premium i Serwis na Polske Migatronic, Gys, Voestalpine Bohler Welding\",\"potentialAction\":[{\"@type\":\"SearchAction\",\"target\":{\"@type\":\"EntryPoint\",\"urlTemplate\":\"https:\\\/\\\/spawlab.pl\\\/en\\\/?s={search_term_string}\"},\"query-input\":{\"@type\":\"PropertyValueSpecification\",\"valueRequired\":true,\"valueName\":\"search_term_string\"}}],\"inLanguage\":\"en-US\"},{\"@type\":[\"Organization\",\"Place\"],\"@id\":\"https:\\\/\\\/spawlab.pl\\\/en\\\/#organization\",\"name\":\"Spawlab.pl\",\"url\":\"https:\\\/\\\/spawlab.pl\\\/en\\\/\",\"logo\":{\"@id\":\"https:\\\/\\\/spawlab.pl\\\/en\\\/produkt\\\/ewm-alpha-q-551-pipe-solution-coldarc-forcearc-kopia-kopia-kopia-kopia-kopia-kopia-kopia-kopia\\\/#local-main-organization-logo\"},\"image\":{\"@id\":\"https:\\\/\\\/spawlab.pl\\\/en\\\/produkt\\\/ewm-alpha-q-551-pipe-solution-coldarc-forcearc-kopia-kopia-kopia-kopia-kopia-kopia-kopia-kopia\\\/#local-main-organization-logo\"},\"sameAs\":[\"https:\\\/\\\/www.facebook.com\\\/Spawlab\\\/\",\"https:\\\/\\\/www.linkedin.com\\\/company\\\/spawlab\",\"https:\\\/\\\/www.instagram.com\\\/spawlab.pl\",\"https:\\\/\\\/www.tiktok.com\\\/@spawlab\"],\"description\":\"Lider sprzeda\u017cy, Oficjalny Dystrybutor Premium i Serwis na Polsk\u0119 Migatronic, Gys, Voestalpine Bohler Welding. Nowe i u\u017cywane Spawarki, Przecinarki Plazmowe, Kompresory. Mgr in\u017c. Jaros\u0142aw Ko\u0142aski, IWE\",\"hasMerchantReturnPolicy\":{\"@type\":\"MerchantReturnPolicy\",\"merchantReturnLink\":\"https:\\\/\\\/spawlab.pl\\\/polityka-prywatnosci-2\\\/\"},\"telephone\":[],\"openingHoursSpecification\":[{\"@type\":\"OpeningHoursSpecification\",\"dayOfWeek\":[\"Monday\",\"Tuesday\",\"Wednesday\",\"Thursday\",\"Friday\",\"Saturday\",\"Sunday\"],\"opens\":\"09:00\",\"closes\":\"17:00\"}]},{\"@type\":\"ImageObject\",\"inLanguage\":\"en-US\",\"@id\":\"https:\\\/\\\/spawlab.pl\\\/en\\\/produkt\\\/ewm-alpha-q-551-pipe-solution-coldarc-forcearc-kopia-kopia-kopia-kopia-kopia-kopia-kopia-kopia\\\/#local-main-organization-logo\",\"url\":\"https:\\\/\\\/spawlab.pl\\\/wp-content\\\/uploads\\\/2022\\\/01\\\/olx.jpg\",\"contentUrl\":\"https:\\\/\\\/spawlab.pl\\\/wp-content\\\/uploads\\\/2022\\\/01\\\/olx.jpg\",\"width\":200,\"height\":200,\"caption\":\"Spawlab.pl\"}]}<\/script>\n<meta property=\"product:brand\" content=\"Fronius\" \/>\n<meta property=\"product:price:amount\" content=\"34150.00\" \/>\n<meta property=\"product:price:currency\" content=\"PLN\" \/>\n<meta property=\"og:availability\" content=\"instock\" \/>\n<meta property=\"product:availability\" content=\"instock\" \/>\n<meta property=\"product:condition\" content=\"new\" \/>\n<!-- \/ Yoast SEO Premium plugin. -->","yoast_head_json":{"title":"Fronius TPS 2700 CMT - SpawLab - Welding equipment and plasma cutters - store and service","description":"The Fronius TPS 2700 CMT is an advanced MIG\/MAG welder with Cold Metal Transfer technology, providing precision welding with minimal heat input.","robots":{"index":"index","follow":"follow","max-snippet":"max-snippet:-1","max-image-preview":"max-image-preview:large","max-video-preview":"max-video-preview:-1"},"canonical":"https:\/\/spawlab.pl\/en\/produkt\/ewm-alpha-q-551-pipe-solution-coldarc-forcearc-kopia-kopia-kopia-kopia-kopia-kopia-kopia-kopia\/","og_locale":"en_US","og_type":"article","og_title":"Fronius TPS 2700 CMT","og_description":"Meet the Fronius TPS 2700 CMT - a welder that revolutionizes the welding process with Cold Metal Transfer technology. Precision, versatility and minimal heat introduction!","og_url":"https:\/\/spawlab.pl\/en\/produkt\/ewm-alpha-q-551-pipe-solution-coldarc-forcearc-kopia-kopia-kopia-kopia-kopia-kopia-kopia-kopia\/","og_site_name":"SpawLab - Welding equipment and plasma cutters - store and service","article_publisher":"https:\/\/www.facebook.com\/Spawlab\/","article_modified_time":"2025-05-26T05:53:59+00:00","og_image":[{"width":1920,"height":2560,"url":"https:\/\/spawlab.pl\/wp-content\/uploads\/2025\/02\/20250215_120605-scaled.jpg","type":"image\/jpeg"}],"twitter_misc":{"Price":"34 150,00&nbsp;&#122;&#322; (27 764,23&nbsp;&#122;&#322; netto)","Availability":"In stock"},"schema":{"@context":"https:\/\/schema.org","@graph":[{"@type":["WebPage","ItemPage"],"@id":"https:\/\/spawlab.pl\/en\/produkt\/ewm-alpha-q-551-pipe-solution-coldarc-forcearc-kopia-kopia-kopia-kopia-kopia-kopia-kopia-kopia\/","url":"https:\/\/spawlab.pl\/en\/produkt\/ewm-alpha-q-551-pipe-solution-coldarc-forcearc-kopia-kopia-kopia-kopia-kopia-kopia-kopia-kopia\/","name":"Fronius TPS 2700 CMT - SpawLab - Welding equipment and plasma cutters - store and service","isPartOf":{"@id":"https:\/\/spawlab.pl\/en\/#website"},"primaryImageOfPage":{"@id":"https:\/\/spawlab.pl\/en\/produkt\/ewm-alpha-q-551-pipe-solution-coldarc-forcearc-kopia-kopia-kopia-kopia-kopia-kopia-kopia-kopia\/#primaryimage"},"image":{"@id":"https:\/\/spawlab.pl\/en\/produkt\/ewm-alpha-q-551-pipe-solution-coldarc-forcearc-kopia-kopia-kopia-kopia-kopia-kopia-kopia-kopia\/#primaryimage"},"thumbnailUrl":"https:\/\/spawlab.pl\/wp-content\/uploads\/2025\/02\/20250215_120605-scaled.jpg","datePublished":"2025-02-15T14:58:03+00:00","dateModified":"2025-05-26T05:53:59+00:00","description":"The Fronius TPS 2700 CMT is an advanced MIG\/MAG welder with Cold Metal Transfer technology, providing precision welding with minimal heat input.","breadcrumb":{"@id":"https:\/\/spawlab.pl\/en\/produkt\/ewm-alpha-q-551-pipe-solution-coldarc-forcearc-kopia-kopia-kopia-kopia-kopia-kopia-kopia-kopia\/#breadcrumb"},"inLanguage":"en-US","potentialAction":[{"@type":"ReadAction","target":["https:\/\/spawlab.pl\/en\/produkt\/ewm-alpha-q-551-pipe-solution-coldarc-forcearc-kopia-kopia-kopia-kopia-kopia-kopia-kopia-kopia\/"]}]},{"@type":"ImageObject","inLanguage":"en-US","@id":"https:\/\/spawlab.pl\/en\/produkt\/ewm-alpha-q-551-pipe-solution-coldarc-forcearc-kopia-kopia-kopia-kopia-kopia-kopia-kopia-kopia\/#primaryimage","url":"https:\/\/spawlab.pl\/wp-content\/uploads\/2025\/02\/20250215_120605-scaled.jpg","contentUrl":"https:\/\/spawlab.pl\/wp-content\/uploads\/2025\/02\/20250215_120605-scaled.jpg","width":1920,"height":2560,"caption":"Side view of the Fronius TPS 2700 CMT, showing its robust design and compact dimensions."},{"@type":"BreadcrumbList","@id":"https:\/\/spawlab.pl\/en\/produkt\/ewm-alpha-q-551-pipe-solution-coldarc-forcearc-kopia-kopia-kopia-kopia-kopia-kopia-kopia-kopia\/#breadcrumb","itemListElement":[{"@type":"ListItem","position":1,"name":"Strona g\u0142\u00f3wna","item":"https:\/\/spawlab.pl\/en\/"},{"@type":"ListItem","position":2,"name":"Store","item":"https:\/\/spawlab.pl\/en\/shop\/"},{"@type":"ListItem","position":3,"name":"Fronius TPS 2700 CMT"}]},{"@type":"WebSite","@id":"https:\/\/spawlab.pl\/en\/#website","url":"https:\/\/spawlab.pl\/en\/","name":"Spawlab.pl Lider - Spawarki, Przecinarki Plazmowe, Kompresory","description":"Urz\u0105dzenia spawalnicze i Przecinarki plazmowe\/ nowe i u\u017cywane \/ Profesjonalny serwis","publisher":{"@id":"https:\/\/spawlab.pl\/en\/#organization"},"alternateName":"Spawlab.pl - Dystrybutor Premium i Serwis na Polske Migatronic, Gys, Voestalpine Bohler Welding","potentialAction":[{"@type":"SearchAction","target":{"@type":"EntryPoint","urlTemplate":"https:\/\/spawlab.pl\/en\/?s={search_term_string}"},"query-input":{"@type":"PropertyValueSpecification","valueRequired":true,"valueName":"search_term_string"}}],"inLanguage":"en-US"},{"@type":["Organization","Place"],"@id":"https:\/\/spawlab.pl\/en\/#organization","name":"Spawlab.pl","url":"https:\/\/spawlab.pl\/en\/","logo":{"@id":"https:\/\/spawlab.pl\/en\/produkt\/ewm-alpha-q-551-pipe-solution-coldarc-forcearc-kopia-kopia-kopia-kopia-kopia-kopia-kopia-kopia\/#local-main-organization-logo"},"image":{"@id":"https:\/\/spawlab.pl\/en\/produkt\/ewm-alpha-q-551-pipe-solution-coldarc-forcearc-kopia-kopia-kopia-kopia-kopia-kopia-kopia-kopia\/#local-main-organization-logo"},"sameAs":["https:\/\/www.facebook.com\/Spawlab\/","https:\/\/www.linkedin.com\/company\/spawlab","https:\/\/www.instagram.com\/spawlab.pl","https:\/\/www.tiktok.com\/@spawlab"],"description":"Lider sprzeda\u017cy, Oficjalny Dystrybutor Premium i Serwis na Polsk\u0119 Migatronic, Gys, Voestalpine Bohler Welding. Nowe i u\u017cywane Spawarki, Przecinarki Plazmowe, Kompresory. Mgr in\u017c. Jaros\u0142aw Ko\u0142aski, IWE","hasMerchantReturnPolicy":{"@type":"MerchantReturnPolicy","merchantReturnLink":"https:\/\/spawlab.pl\/polityka-prywatnosci-2\/"},"telephone":[],"openingHoursSpecification":[{"@type":"OpeningHoursSpecification","dayOfWeek":["Monday","Tuesday","Wednesday","Thursday","Friday","Saturday","Sunday"],"opens":"09:00","closes":"17:00"}]},{"@type":"ImageObject","inLanguage":"en-US","@id":"https:\/\/spawlab.pl\/en\/produkt\/ewm-alpha-q-551-pipe-solution-coldarc-forcearc-kopia-kopia-kopia-kopia-kopia-kopia-kopia-kopia\/#local-main-organization-logo","url":"https:\/\/spawlab.pl\/wp-content\/uploads\/2022\/01\/olx.jpg","contentUrl":"https:\/\/spawlab.pl\/wp-content\/uploads\/2022\/01\/olx.jpg","width":200,"height":200,"caption":"Spawlab.pl"}]},"product_brand":"Fronius","product_price_amount":"34150.00","product_price_currency":"PLN","og_availability":"instock","product_availability":"instock","product_condition":"new"},"_links":{"self":[{"href":"https:\/\/spawlab.pl\/en\/wp-json\/wp\/v2\/product\/21041","targetHints":{"allow":["GET"]}}],"collection":[{"href":"https:\/\/spawlab.pl\/en\/wp-json\/wp\/v2\/product"}],"about":[{"href":"https:\/\/spawlab.pl\/en\/wp-json\/wp\/v2\/types\/product"}],"wp:featuredmedia":[{"embeddable":true,"href":"https:\/\/spawlab.pl\/en\/wp-json\/wp\/v2\/media\/21028"}],"wp:attachment":[{"href":"https:\/\/spawlab.pl\/en\/wp-json\/wp\/v2\/media?parent=21041"}],"wp:term":[{"taxonomy":"product_brand","embeddable":true,"href":"https:\/\/spawlab.pl\/en\/wp-json\/wp\/v2\/product_brand?post=21041"},{"taxonomy":"product_cat","embeddable":true,"href":"https:\/\/spawlab.pl\/en\/wp-json\/wp\/v2\/product_cat?post=21041"},{"taxonomy":"product_tag","embeddable":true,"href":"https:\/\/spawlab.pl\/en\/wp-json\/wp\/v2\/product_tag?post=21041"}],"curies":[{"name":"wp","href":"https:\/\/api.w.org\/{rel}","templated":true}]}}