{"id":23446,"date":"2025-03-08T23:01:45","date_gmt":"2025-03-08T22:01:45","guid":{"rendered":"https:\/\/spawlab.pl\/?post_type=product&#038;p=23446"},"modified":"2025-05-26T09:16:15","modified_gmt":"2025-05-26T07:16:15","slug":"ewm-alpha-q-551-pipe-solution-coldarc-forcearc-kopia-kopia-kopia-kopia-kopia-kopia-kopia-kopia-kopia-kopia-kopia","status":"publish","type":"product","link":"https:\/\/spawlab.pl\/en\/produkt\/ewm-alpha-q-551-pipe-solution-coldarc-forcearc-kopia-kopia-kopia-kopia-kopia-kopia-kopia-kopia-kopia-kopia-kopia\/","title":{"rendered":"Esab LTG 250"},"content":{"rendered":"<div class=\"flex max-w-full flex-col flex-grow\">\n<div class=\"min-h-8 text-message flex w-full flex-col items-end gap-2 whitespace-normal break-words text-start [.text-message+&amp;]:mt-5\" dir=\"auto\" data-message-author-role=\"assistant\" data-message-id=\"4b8cd93c-a666-4d14-9941-ead93ad9f63a\" data-message-model-slug=\"gpt-4o\">\n<div class=\"flex w-full flex-col gap-1 empty:hidden first:pt-[3px]\">\n<div class=\"markdown prose w-full break-words dark:prose-invert dark\">\n<div class=\"flex max-w-full flex-col flex-grow\">\n<div class=\"min-h-8 text-message flex w-full flex-col items-end gap-2 whitespace-normal break-words text-start [.text-message+&amp;]:mt-5\" dir=\"auto\" data-message-author-role=\"assistant\" data-message-id=\"4b8cd93c-a666-4d14-9941-ead93ad9f63a\" data-message-model-slug=\"gpt-4o\">\n<div class=\"flex w-full flex-col gap-1 empty:hidden first:pt-[3px]\">\n<div class=\"markdown prose w-full break-words dark:prose-invert dark\">\n<p data-start=\"0\" data-end=\"99\"><strong data-start=\"0\" data-end=\"99\">? ESAB LTG 250 welder &#8211; a reliable device for TIG and covered electrode welding! ?<\/strong><\/p>\n<p data-start=\"101\" data-end=\"320\"><strong data-start=\"101\" data-end=\"117\">ESAB LTG 250<\/strong> is a <span class=\"relative -mx-px my-[-0.2rem] rounded px-px py-[0.2rem]\">thyristor welding rectifier<\/span>, <span class=\"relative -mx-px my-[-0.2rem] rounded px-px py-[0.2rem]\">designed for TIG and covered electrode welding<\/span>. <span class=\"relative -mx-px my-[-0.2rem] rounded px-px py-[0.2rem]\">Thanks to its robust design and advanced technology<\/span>, <span class=\"relative -mx-px my-[-0.2rem] rounded px-px py-[0.2rem]\">this device ensures high weld quality and reliability in various industrial applications<\/span>.<\/p>\n<hr data-start=\"322\" data-end=\"325\">\n<h2 data-start=\"327\" data-end=\"367\"><strong data-start=\"330\" data-end=\"367\">\u2699\ufe0f Key features and applications:<\/strong><\/h2>\n<ul data-start=\"369\" data-end=\"1015\">\n<li data-start=\"369\" data-end=\"513\">\n<p data-start=\"371\" data-end=\"513\"><strong data-start=\"371\" data-end=\"391\">Versatility:<\/strong> <span class=\"relative -mx-px my-[-0.2rem] rounded px-px py-[0.2rem]\">TIG and MMA (shielded electrode) welding is possible<\/span>, <span class=\"relative -mx-px my-[-0.2rem] rounded px-px py-[0.2rem]\">making the device a versatile tool in the workshop<\/span>.<\/p>\n<\/li>\n<li data-start=\"515\" data-end=\"707\">\n<p data-start=\"517\" data-end=\"707\"><strong data-start=\"517\" data-end=\"542\">Parameter adjustment:<\/strong> <span class=\"relative -mx-px my-[-0.2rem] rounded px-px py-[0.2rem]\">Functions such as current ramp-up (slope-up) and current ramp-down (slope-down) in the range of 0.1-15 s<\/span>, <span class=\"relative -mx-px my-[-0.2rem] rounded px-px py-[0.2rem]\">as well as gas post-flow time adjustment from 1 to 25 s<\/span>, <span class=\"relative -mx-px my-[-0.2rem] rounded px-px py-[0.2rem]\">allow you to fine-tune the welding process to your needs<\/span>.<\/p>\n<\/li>\n<li data-start=\"709\" data-end=\"863\">\n<p data-start=\"711\" data-end=\"863\"><strong data-start=\"711\" data-end=\"735\">Robust design:<\/strong> <span class=\"relative -mx-px my-[-0.2rem] rounded px-px py-[0.2rem]\">the device weighs 195 kg<\/span>, <span class=\"relative -mx-px my-[-0.2rem] rounded px-px py-[0.2rem]\">which shows its durability and resistance to harsh working conditions<\/span>.<\/p>\n<\/li>\n<li data-start=\"865\" data-end=\"1015\">\n<p data-start=\"867\" data-end=\"1015\"><strong data-start=\"867\" data-end=\"887\">Ease of operation:<\/strong> <span class=\"relative -mx-px my-[-0.2rem] rounded px-px py-[0.2rem]\">The intuitive control panel allows you to quickly set welding parameters<\/span>, <span class=\"relative -mx-px my-[-0.2rem] rounded px-px py-[0.2rem]\">making your work more efficient<\/span>.<\/p>\n<\/li>\n<\/ul>\n<hr data-start=\"1017\" data-end=\"1020\">\n<h2 data-start=\"1022\" data-end=\"1056\"><strong data-start=\"1025\" data-end=\"1056\">? Technical specifications:<\/strong><\/h2>\n<ul data-start=\"1058\" data-end=\"1937\">\n<li data-start=\"1058\" data-end=\"1356\">\n<p data-start=\"1060\" data-end=\"1086\"><strong data-start=\"1060\" data-end=\"1086\">Maximum load:<\/strong><\/p>\n<ul data-start=\"1089\" data-end=\"1356\">\n<li data-start=\"1089\" data-end=\"1176\"><span class=\"relative -mx-px my-[-0.2rem] rounded px-px py-[0.2rem]\">At 35% duty cycle: 250 A<\/span><\/li>\n<li data-start=\"1179\" data-end=\"1266\"><span class=\"relative -mx-px my-[-0.2rem] rounded px-px py-[0.2rem]\">At 60% duty cycle: 190 A<\/span><\/li>\n<li data-start=\"1269\" data-end=\"1356\"><span class=\"relative -mx-px my-[-0.2rem] rounded px-px py-[0.2rem]\">At 100% duty cycle: 150 A<\/span><\/li>\n<\/ul>\n<\/li>\n<li data-start=\"1358\" data-end=\"1474\">\n<p data-start=\"1360\" data-end=\"1474\"><strong data-start=\"1360\" data-end=\"1388\">Idle voltage:<\/strong> <span class=\"relative -mx-px my-[-0.2rem] rounded px-px py-[0.2rem]\">68 V<\/span><\/p>\n<\/li>\n<li data-start=\"1476\" data-end=\"1590\">\n<p data-start=\"1478\" data-end=\"1590\"><strong data-start=\"1478\" data-end=\"1504\">Welding current range:<\/strong> <span class=\"relative -mx-px my-[-0.2rem] rounded px-px py-[0.2rem]\">4-250 A<\/span><\/p>\n<\/li>\n<li data-start=\"1592\" data-end=\"1698\">\n<p data-start=\"1594\" data-end=\"1608\"><strong data-start=\"1594\" data-end=\"1608\">Efficiency:<\/strong><\/p>\n<ul data-start=\"1611\" data-end=\"1698\">\n<li data-start=\"1611\" data-end=\"1698\"><span class=\"relative -mx-px my-[-0.2rem] rounded px-px py-[0.2rem]\">At 35% duty cycle: 67% (MMA), 55% (TIG)<\/span><\/li>\n<\/ul>\n<\/li>\n<li data-start=\"1700\" data-end=\"1814\">\n<p data-start=\"1702\" data-end=\"1814\"><strong data-start=\"1702\" data-end=\"1728\">Enclosure protection class:<\/strong> <span class=\"relative -mx-px my-[-0.2rem] rounded px-px py-[0.2rem]\">IP 21<\/span><\/p>\n<\/li>\n<li data-start=\"1816\" data-end=\"1937\">\n<p data-start=\"1818\" data-end=\"1937\"><strong data-start=\"1818\" data-end=\"1851\">Dimensions (L x W x H):<\/strong> <span class=\"relative -mx-px my-[-0.2rem] rounded px-px py-[0.2rem]\">1250 x 745 x 780 mm<\/span><\/p>\n<\/li>\n<\/ul>\n<hr data-start=\"1939\" data-end=\"1942\">\n<h2 data-start=\"1944\" data-end=\"1967\"><strong data-start=\"1947\" data-end=\"1967\">? Application:<\/strong><\/h2>\n<ul data-start=\"1969\" data-end=\"2300\">\n<li data-start=\"1969\" data-end=\"2080\">\n<p data-start=\"1971\" data-end=\"2080\"><strong data-start=\"1971\" data-end=\"1993\">Metal industry:<\/strong> <span class=\"relative -mx-px my-[-0.2rem] rounded px-px py-[0.2rem]\">Ideal for welding steel structures, pipes and machine components<\/span>.<\/p>\n<\/li>\n<li data-start=\"2082\" data-end=\"2195\">\n<p data-start=\"2084\" data-end=\"2195\"><strong data-start=\"2084\" data-end=\"2108\">Repair shops:<\/strong> <span class=\"relative -mx-px my-[-0.2rem] rounded px-px py-[0.2rem]\">Indispensable for repairing and maintaining metal equipment<\/span>.<\/p>\n<\/li>\n<li data-start=\"2197\" data-end=\"2300\">\n<p data-start=\"2199\" data-end=\"2300\"><strong data-start=\"2199\" data-end=\"2213\">Manufacturing:<\/strong> <span class=\"relative -mx-px my-[-0.2rem] rounded px-px py-[0.2rem]\">Works well in production lines requiring precise and durable welds<\/span>.<\/p>\n<\/li>\n<\/ul>\n<\/div>\n<\/div>\n<\/div>\n<\/div>\n<\/div>\n<\/div>\n<\/div>\n<\/div>\n","protected":false},"excerpt":{"rendered":"<p data-start=\"3679\" data-end=\"3907\"><strong data-start=\"3679\" data-end=\"3695\">ESAB LTG 250<\/strong> &#8211; <span class=\"relative -mx-px my-[-0.2rem] rounded px-px py-[0.2rem]\">professional TIG and MMA welder<\/span>, <span class=\"relative -mx-px my-[-0.2rem] rounded px-px py-[0.2rem]\">with a current range of 4-250 A<\/span>, <span class=\"relative -mx-px my-[-0.2rem] rounded px-px py-[0.2rem]\">with current rise and fall control functions<\/span>, <span class=\"relative -mx-px my-[-0.2rem] rounded px-px py-[0.2rem]\">ideal for industrial applications<\/span>.<\/p>\n<p>&nbsp;<\/p>\n","protected":false},"featured_media":23450,"template":"","meta":{"inline_featured_image":false},"product_brand":[800],"product_cat":[492,486,490,473],"product_tag":[4833,4830,3652,4534,4831,3572,4832,3474,4535,3437,3438],"class_list":{"0":"post-23446","1":"product","2":"type-product","3":"status-publish","4":"has-post-thumbnail","6":"product_brand-esab","7":"product_cat-dc","8":"product_cat-liquid-cooled-en-3","9":"product_cat-tig-en","10":"product_cat-used","11":"product_tag-covered-electrode-welding","12":"product_tag-esab-ltg-250-en","13":"product_tag-esab-welder","14":"product_tag-industrial-welding","15":"product_tag-mma-welder","16":"product_tag-professional-welder","17":"product_tag-thyristor-welding-rectifier","18":"product_tag-tig-welder","19":"product_tag-tig-welding-en","20":"product_tag-welding-equipment","21":"product_tag-welding-machine","23":"first","24":"outofstock","25":"taxable","26":"shipping-taxable","27":"purchasable","28":"product-type-simple"},"yoast_head":"<!-- This site is optimized with the Yoast SEO Premium plugin v27.0 (Yoast SEO v27.3) - https:\/\/yoast.com\/product\/yoast-seo-premium-wordpress\/ -->\n<title>Esab LTG 250 - SpawLab - Welding equipment and plasma cutters - store and service<\/title>\n<meta name=\"description\" content=\"The ESAB LTG 250 is a thyristor welding rectifier, designed for TIG and covered electrode welding, with a welding current range of 4 to 250 A, providing reliability and precision in industrial applications.\" \/>\n<meta name=\"robots\" content=\"index, follow, max-snippet:-1, max-image-preview:large, max-video-preview:-1\" \/>\n<link rel=\"canonical\" href=\"https:\/\/spawlab.pl\/en\/produkt\/ewm-alpha-q-551-pipe-solution-coldarc-forcearc-kopia-kopia-kopia-kopia-kopia-kopia-kopia-kopia-kopia-kopia-kopia\/\" \/>\n<meta property=\"og:locale\" content=\"en_US\" \/>\n<meta property=\"og:type\" content=\"article\" \/>\n<meta property=\"og:title\" content=\"Esab LTG 250\" \/>\n<meta property=\"og:description\" content=\"? Looking for a reliable TIG and MMA welder? The ESAB LTG 250 is the answer to your needs! ?\ufe0fVersatility: TIG and covered electrode welding.Precision control: Adjust the welding parameters to your requirements.Robustness: Durable construction ready for industrial challenges.Bet on quality and reliability with the ESAB LTG 250! ?\u200d?\" \/>\n<meta property=\"og:url\" content=\"https:\/\/spawlab.pl\/en\/produkt\/ewm-alpha-q-551-pipe-solution-coldarc-forcearc-kopia-kopia-kopia-kopia-kopia-kopia-kopia-kopia-kopia-kopia-kopia\/\" \/>\n<meta property=\"og:site_name\" content=\"SpawLab - Welding equipment and plasma cutters - store and service\" \/>\n<meta property=\"article:publisher\" content=\"https:\/\/www.facebook.com\/Spawlab\/\" \/>\n<meta property=\"article:modified_time\" content=\"2025-05-26T07:16:15+00:00\" \/>\n<meta property=\"og:image\" content=\"https:\/\/spawlab.pl\/wp-content\/uploads\/2025\/03\/12-scaled.jpg\" \/>\n\t<meta property=\"og:image:width\" content=\"1920\" \/>\n\t<meta property=\"og:image:height\" content=\"2560\" \/>\n\t<meta property=\"og:image:type\" content=\"image\/jpeg\" \/>\n<meta name=\"twitter:label1\" content=\"Price\" \/>\n\t<meta name=\"twitter:data1\" content=\"2 460,00&nbsp;&#122;&#322; (2 000,00&nbsp;&#122;&#322; netto)\" \/>\n\t<meta name=\"twitter:label2\" content=\"Availability\" \/>\n\t<meta name=\"twitter:data2\" content=\"Out of stock\" \/>\n<script type=\"application\/ld+json\" class=\"yoast-schema-graph\">{\"@context\":\"https:\\\/\\\/schema.org\",\"@graph\":[{\"@type\":[\"WebPage\",\"ItemPage\"],\"@id\":\"https:\\\/\\\/spawlab.pl\\\/en\\\/produkt\\\/ewm-alpha-q-551-pipe-solution-coldarc-forcearc-kopia-kopia-kopia-kopia-kopia-kopia-kopia-kopia-kopia-kopia-kopia\\\/\",\"url\":\"https:\\\/\\\/spawlab.pl\\\/en\\\/produkt\\\/ewm-alpha-q-551-pipe-solution-coldarc-forcearc-kopia-kopia-kopia-kopia-kopia-kopia-kopia-kopia-kopia-kopia-kopia\\\/\",\"name\":\"Esab LTG 250 - SpawLab - Welding equipment and plasma cutters - store and service\",\"isPartOf\":{\"@id\":\"https:\\\/\\\/spawlab.pl\\\/en\\\/#website\"},\"primaryImageOfPage\":{\"@id\":\"https:\\\/\\\/spawlab.pl\\\/en\\\/produkt\\\/ewm-alpha-q-551-pipe-solution-coldarc-forcearc-kopia-kopia-kopia-kopia-kopia-kopia-kopia-kopia-kopia-kopia-kopia\\\/#primaryimage\"},\"image\":{\"@id\":\"https:\\\/\\\/spawlab.pl\\\/en\\\/produkt\\\/ewm-alpha-q-551-pipe-solution-coldarc-forcearc-kopia-kopia-kopia-kopia-kopia-kopia-kopia-kopia-kopia-kopia-kopia\\\/#primaryimage\"},\"thumbnailUrl\":\"https:\\\/\\\/spawlab.pl\\\/wp-content\\\/uploads\\\/2025\\\/03\\\/12-scaled.jpg\",\"datePublished\":\"2025-03-08T22:01:45+00:00\",\"dateModified\":\"2025-05-26T07:16:15+00:00\",\"description\":\"The ESAB LTG 250 is a thyristor welding rectifier, designed for TIG and covered electrode welding, with a welding current range of 4 to 250 A, providing reliability and precision in industrial applications.\",\"breadcrumb\":{\"@id\":\"https:\\\/\\\/spawlab.pl\\\/en\\\/produkt\\\/ewm-alpha-q-551-pipe-solution-coldarc-forcearc-kopia-kopia-kopia-kopia-kopia-kopia-kopia-kopia-kopia-kopia-kopia\\\/#breadcrumb\"},\"inLanguage\":\"en-US\",\"potentialAction\":[{\"@type\":\"ReadAction\",\"target\":[\"https:\\\/\\\/spawlab.pl\\\/en\\\/produkt\\\/ewm-alpha-q-551-pipe-solution-coldarc-forcearc-kopia-kopia-kopia-kopia-kopia-kopia-kopia-kopia-kopia-kopia-kopia\\\/\"]}]},{\"@type\":\"ImageObject\",\"inLanguage\":\"en-US\",\"@id\":\"https:\\\/\\\/spawlab.pl\\\/en\\\/produkt\\\/ewm-alpha-q-551-pipe-solution-coldarc-forcearc-kopia-kopia-kopia-kopia-kopia-kopia-kopia-kopia-kopia-kopia-kopia\\\/#primaryimage\",\"url\":\"https:\\\/\\\/spawlab.pl\\\/wp-content\\\/uploads\\\/2025\\\/03\\\/12-scaled.jpg\",\"contentUrl\":\"https:\\\/\\\/spawlab.pl\\\/wp-content\\\/uploads\\\/2025\\\/03\\\/12-scaled.jpg\",\"width\":1920,\"height\":2560,\"caption\":\"Side view of the ESAB LTG 250, showing the robust design.\"},{\"@type\":\"BreadcrumbList\",\"@id\":\"https:\\\/\\\/spawlab.pl\\\/en\\\/produkt\\\/ewm-alpha-q-551-pipe-solution-coldarc-forcearc-kopia-kopia-kopia-kopia-kopia-kopia-kopia-kopia-kopia-kopia-kopia\\\/#breadcrumb\",\"itemListElement\":[{\"@type\":\"ListItem\",\"position\":1,\"name\":\"Strona g\u0142\u00f3wna\",\"item\":\"https:\\\/\\\/spawlab.pl\\\/en\\\/\"},{\"@type\":\"ListItem\",\"position\":2,\"name\":\"Store\",\"item\":\"https:\\\/\\\/spawlab.pl\\\/en\\\/shop\\\/\"},{\"@type\":\"ListItem\",\"position\":3,\"name\":\"Esab LTG 250\"}]},{\"@type\":\"WebSite\",\"@id\":\"https:\\\/\\\/spawlab.pl\\\/en\\\/#website\",\"url\":\"https:\\\/\\\/spawlab.pl\\\/en\\\/\",\"name\":\"Spawlab.pl Lider - Spawarki, Przecinarki Plazmowe, Kompresory\",\"description\":\"Urz\u0105dzenia spawalnicze i Przecinarki plazmowe\\\/ nowe i u\u017cywane \\\/ Profesjonalny serwis\",\"publisher\":{\"@id\":\"https:\\\/\\\/spawlab.pl\\\/en\\\/#organization\"},\"alternateName\":\"Spawlab.pl - Dystrybutor Premium i Serwis na Polske Migatronic, Gys, Voestalpine Bohler Welding\",\"potentialAction\":[{\"@type\":\"SearchAction\",\"target\":{\"@type\":\"EntryPoint\",\"urlTemplate\":\"https:\\\/\\\/spawlab.pl\\\/en\\\/?s={search_term_string}\"},\"query-input\":{\"@type\":\"PropertyValueSpecification\",\"valueRequired\":true,\"valueName\":\"search_term_string\"}}],\"inLanguage\":\"en-US\"},{\"@type\":[\"Organization\",\"Place\"],\"@id\":\"https:\\\/\\\/spawlab.pl\\\/en\\\/#organization\",\"name\":\"Spawlab.pl\",\"url\":\"https:\\\/\\\/spawlab.pl\\\/en\\\/\",\"logo\":{\"@id\":\"https:\\\/\\\/spawlab.pl\\\/en\\\/produkt\\\/ewm-alpha-q-551-pipe-solution-coldarc-forcearc-kopia-kopia-kopia-kopia-kopia-kopia-kopia-kopia-kopia-kopia-kopia\\\/#local-main-organization-logo\"},\"image\":{\"@id\":\"https:\\\/\\\/spawlab.pl\\\/en\\\/produkt\\\/ewm-alpha-q-551-pipe-solution-coldarc-forcearc-kopia-kopia-kopia-kopia-kopia-kopia-kopia-kopia-kopia-kopia-kopia\\\/#local-main-organization-logo\"},\"sameAs\":[\"https:\\\/\\\/www.facebook.com\\\/Spawlab\\\/\",\"https:\\\/\\\/www.linkedin.com\\\/company\\\/spawlab\",\"https:\\\/\\\/www.instagram.com\\\/spawlab.pl\",\"https:\\\/\\\/www.tiktok.com\\\/@spawlab\"],\"description\":\"Lider sprzeda\u017cy, Oficjalny Dystrybutor Premium i Serwis na Polsk\u0119 Migatronic, Gys, Voestalpine Bohler Welding. Nowe i u\u017cywane Spawarki, Przecinarki Plazmowe, Kompresory. Mgr in\u017c. Jaros\u0142aw Ko\u0142aski, IWE\",\"hasMerchantReturnPolicy\":{\"@type\":\"MerchantReturnPolicy\",\"merchantReturnLink\":\"https:\\\/\\\/spawlab.pl\\\/polityka-prywatnosci-2\\\/\"},\"telephone\":[],\"openingHoursSpecification\":[{\"@type\":\"OpeningHoursSpecification\",\"dayOfWeek\":[\"Monday\",\"Tuesday\",\"Wednesday\",\"Thursday\",\"Friday\",\"Saturday\",\"Sunday\"],\"opens\":\"09:00\",\"closes\":\"17:00\"}]},{\"@type\":\"ImageObject\",\"inLanguage\":\"en-US\",\"@id\":\"https:\\\/\\\/spawlab.pl\\\/en\\\/produkt\\\/ewm-alpha-q-551-pipe-solution-coldarc-forcearc-kopia-kopia-kopia-kopia-kopia-kopia-kopia-kopia-kopia-kopia-kopia\\\/#local-main-organization-logo\",\"url\":\"https:\\\/\\\/spawlab.pl\\\/wp-content\\\/uploads\\\/2022\\\/01\\\/olx.jpg\",\"contentUrl\":\"https:\\\/\\\/spawlab.pl\\\/wp-content\\\/uploads\\\/2022\\\/01\\\/olx.jpg\",\"width\":200,\"height\":200,\"caption\":\"Spawlab.pl\"}]}<\/script>\n<meta property=\"product:brand\" content=\"Esab\" \/>\n<meta property=\"product:price:amount\" content=\"2460.00\" \/>\n<meta property=\"product:price:currency\" content=\"PLN\" \/>\n<meta property=\"og:availability\" content=\"out of stock\" \/>\n<meta property=\"product:availability\" content=\"out of stock\" \/>\n<meta property=\"product:condition\" content=\"new\" \/>\n<!-- \/ Yoast SEO Premium plugin. -->","yoast_head_json":{"title":"Esab LTG 250 - SpawLab - Welding equipment and plasma cutters - store and service","description":"The ESAB LTG 250 is a thyristor welding rectifier, designed for TIG and covered electrode welding, with a welding current range of 4 to 250 A, providing reliability and precision in industrial applications.","robots":{"index":"index","follow":"follow","max-snippet":"max-snippet:-1","max-image-preview":"max-image-preview:large","max-video-preview":"max-video-preview:-1"},"canonical":"https:\/\/spawlab.pl\/en\/produkt\/ewm-alpha-q-551-pipe-solution-coldarc-forcearc-kopia-kopia-kopia-kopia-kopia-kopia-kopia-kopia-kopia-kopia-kopia\/","og_locale":"en_US","og_type":"article","og_title":"Esab LTG 250","og_description":"? Looking for a reliable TIG and MMA welder? The ESAB LTG 250 is the answer to your needs! ?\ufe0fVersatility: TIG and covered electrode welding.Precision control: Adjust the welding parameters to your requirements.Robustness: Durable construction ready for industrial challenges.Bet on quality and reliability with the ESAB LTG 250! ?\u200d?","og_url":"https:\/\/spawlab.pl\/en\/produkt\/ewm-alpha-q-551-pipe-solution-coldarc-forcearc-kopia-kopia-kopia-kopia-kopia-kopia-kopia-kopia-kopia-kopia-kopia\/","og_site_name":"SpawLab - Welding equipment and plasma cutters - store and service","article_publisher":"https:\/\/www.facebook.com\/Spawlab\/","article_modified_time":"2025-05-26T07:16:15+00:00","og_image":[{"width":1920,"height":2560,"url":"https:\/\/spawlab.pl\/wp-content\/uploads\/2025\/03\/12-scaled.jpg","type":"image\/jpeg"}],"twitter_misc":{"Price":"2 460,00&nbsp;&#122;&#322; (2 000,00&nbsp;&#122;&#322; netto)","Availability":"Out of stock"},"schema":{"@context":"https:\/\/schema.org","@graph":[{"@type":["WebPage","ItemPage"],"@id":"https:\/\/spawlab.pl\/en\/produkt\/ewm-alpha-q-551-pipe-solution-coldarc-forcearc-kopia-kopia-kopia-kopia-kopia-kopia-kopia-kopia-kopia-kopia-kopia\/","url":"https:\/\/spawlab.pl\/en\/produkt\/ewm-alpha-q-551-pipe-solution-coldarc-forcearc-kopia-kopia-kopia-kopia-kopia-kopia-kopia-kopia-kopia-kopia-kopia\/","name":"Esab LTG 250 - SpawLab - Welding equipment and plasma cutters - store and service","isPartOf":{"@id":"https:\/\/spawlab.pl\/en\/#website"},"primaryImageOfPage":{"@id":"https:\/\/spawlab.pl\/en\/produkt\/ewm-alpha-q-551-pipe-solution-coldarc-forcearc-kopia-kopia-kopia-kopia-kopia-kopia-kopia-kopia-kopia-kopia-kopia\/#primaryimage"},"image":{"@id":"https:\/\/spawlab.pl\/en\/produkt\/ewm-alpha-q-551-pipe-solution-coldarc-forcearc-kopia-kopia-kopia-kopia-kopia-kopia-kopia-kopia-kopia-kopia-kopia\/#primaryimage"},"thumbnailUrl":"https:\/\/spawlab.pl\/wp-content\/uploads\/2025\/03\/12-scaled.jpg","datePublished":"2025-03-08T22:01:45+00:00","dateModified":"2025-05-26T07:16:15+00:00","description":"The ESAB LTG 250 is a thyristor welding rectifier, designed for TIG and covered electrode welding, with a welding current range of 4 to 250 A, providing reliability and precision in industrial applications.","breadcrumb":{"@id":"https:\/\/spawlab.pl\/en\/produkt\/ewm-alpha-q-551-pipe-solution-coldarc-forcearc-kopia-kopia-kopia-kopia-kopia-kopia-kopia-kopia-kopia-kopia-kopia\/#breadcrumb"},"inLanguage":"en-US","potentialAction":[{"@type":"ReadAction","target":["https:\/\/spawlab.pl\/en\/produkt\/ewm-alpha-q-551-pipe-solution-coldarc-forcearc-kopia-kopia-kopia-kopia-kopia-kopia-kopia-kopia-kopia-kopia-kopia\/"]}]},{"@type":"ImageObject","inLanguage":"en-US","@id":"https:\/\/spawlab.pl\/en\/produkt\/ewm-alpha-q-551-pipe-solution-coldarc-forcearc-kopia-kopia-kopia-kopia-kopia-kopia-kopia-kopia-kopia-kopia-kopia\/#primaryimage","url":"https:\/\/spawlab.pl\/wp-content\/uploads\/2025\/03\/12-scaled.jpg","contentUrl":"https:\/\/spawlab.pl\/wp-content\/uploads\/2025\/03\/12-scaled.jpg","width":1920,"height":2560,"caption":"Side view of the ESAB LTG 250, showing the robust design."},{"@type":"BreadcrumbList","@id":"https:\/\/spawlab.pl\/en\/produkt\/ewm-alpha-q-551-pipe-solution-coldarc-forcearc-kopia-kopia-kopia-kopia-kopia-kopia-kopia-kopia-kopia-kopia-kopia\/#breadcrumb","itemListElement":[{"@type":"ListItem","position":1,"name":"Strona g\u0142\u00f3wna","item":"https:\/\/spawlab.pl\/en\/"},{"@type":"ListItem","position":2,"name":"Store","item":"https:\/\/spawlab.pl\/en\/shop\/"},{"@type":"ListItem","position":3,"name":"Esab LTG 250"}]},{"@type":"WebSite","@id":"https:\/\/spawlab.pl\/en\/#website","url":"https:\/\/spawlab.pl\/en\/","name":"Spawlab.pl Lider - Spawarki, Przecinarki Plazmowe, Kompresory","description":"Urz\u0105dzenia spawalnicze i Przecinarki plazmowe\/ nowe i u\u017cywane \/ Profesjonalny serwis","publisher":{"@id":"https:\/\/spawlab.pl\/en\/#organization"},"alternateName":"Spawlab.pl - Dystrybutor Premium i Serwis na Polske Migatronic, Gys, Voestalpine Bohler Welding","potentialAction":[{"@type":"SearchAction","target":{"@type":"EntryPoint","urlTemplate":"https:\/\/spawlab.pl\/en\/?s={search_term_string}"},"query-input":{"@type":"PropertyValueSpecification","valueRequired":true,"valueName":"search_term_string"}}],"inLanguage":"en-US"},{"@type":["Organization","Place"],"@id":"https:\/\/spawlab.pl\/en\/#organization","name":"Spawlab.pl","url":"https:\/\/spawlab.pl\/en\/","logo":{"@id":"https:\/\/spawlab.pl\/en\/produkt\/ewm-alpha-q-551-pipe-solution-coldarc-forcearc-kopia-kopia-kopia-kopia-kopia-kopia-kopia-kopia-kopia-kopia-kopia\/#local-main-organization-logo"},"image":{"@id":"https:\/\/spawlab.pl\/en\/produkt\/ewm-alpha-q-551-pipe-solution-coldarc-forcearc-kopia-kopia-kopia-kopia-kopia-kopia-kopia-kopia-kopia-kopia-kopia\/#local-main-organization-logo"},"sameAs":["https:\/\/www.facebook.com\/Spawlab\/","https:\/\/www.linkedin.com\/company\/spawlab","https:\/\/www.instagram.com\/spawlab.pl","https:\/\/www.tiktok.com\/@spawlab"],"description":"Lider sprzeda\u017cy, Oficjalny Dystrybutor Premium i Serwis na Polsk\u0119 Migatronic, Gys, Voestalpine Bohler Welding. Nowe i u\u017cywane Spawarki, Przecinarki Plazmowe, Kompresory. Mgr in\u017c. Jaros\u0142aw Ko\u0142aski, IWE","hasMerchantReturnPolicy":{"@type":"MerchantReturnPolicy","merchantReturnLink":"https:\/\/spawlab.pl\/polityka-prywatnosci-2\/"},"telephone":[],"openingHoursSpecification":[{"@type":"OpeningHoursSpecification","dayOfWeek":["Monday","Tuesday","Wednesday","Thursday","Friday","Saturday","Sunday"],"opens":"09:00","closes":"17:00"}]},{"@type":"ImageObject","inLanguage":"en-US","@id":"https:\/\/spawlab.pl\/en\/produkt\/ewm-alpha-q-551-pipe-solution-coldarc-forcearc-kopia-kopia-kopia-kopia-kopia-kopia-kopia-kopia-kopia-kopia-kopia\/#local-main-organization-logo","url":"https:\/\/spawlab.pl\/wp-content\/uploads\/2022\/01\/olx.jpg","contentUrl":"https:\/\/spawlab.pl\/wp-content\/uploads\/2022\/01\/olx.jpg","width":200,"height":200,"caption":"Spawlab.pl"}]},"product_brand":"Esab","product_price_amount":"2460.00","product_price_currency":"PLN","og_availability":"out of stock","product_availability":"out of stock","product_condition":"new"},"_links":{"self":[{"href":"https:\/\/spawlab.pl\/en\/wp-json\/wp\/v2\/product\/23446","targetHints":{"allow":["GET"]}}],"collection":[{"href":"https:\/\/spawlab.pl\/en\/wp-json\/wp\/v2\/product"}],"about":[{"href":"https:\/\/spawlab.pl\/en\/wp-json\/wp\/v2\/types\/product"}],"wp:featuredmedia":[{"embeddable":true,"href":"https:\/\/spawlab.pl\/en\/wp-json\/wp\/v2\/media\/23450"}],"wp:attachment":[{"href":"https:\/\/spawlab.pl\/en\/wp-json\/wp\/v2\/media?parent=23446"}],"wp:term":[{"taxonomy":"product_brand","embeddable":true,"href":"https:\/\/spawlab.pl\/en\/wp-json\/wp\/v2\/product_brand?post=23446"},{"taxonomy":"product_cat","embeddable":true,"href":"https:\/\/spawlab.pl\/en\/wp-json\/wp\/v2\/product_cat?post=23446"},{"taxonomy":"product_tag","embeddable":true,"href":"https:\/\/spawlab.pl\/en\/wp-json\/wp\/v2\/product_tag?post=23446"}],"curies":[{"name":"wp","href":"https:\/\/api.w.org\/{rel}","templated":true}]}}