{"id":23635,"date":"2025-03-13T08:56:40","date_gmt":"2025-03-13T07:56:40","guid":{"rendered":"https:\/\/spawlab.pl\/?post_type=product&#038;p=23635"},"modified":"2025-05-26T09:05:25","modified_gmt":"2025-05-26T07:05:25","slug":"ewm-alpha-q-551-pipe-solution-coldarc-forcearc-kopia-kopia-kopia-kopia-kopia-kopia-kopia-kopia-kopia-kopia-kopia-kopia","status":"publish","type":"product","link":"https:\/\/spawlab.pl\/en\/produkt\/ewm-alpha-q-551-pipe-solution-coldarc-forcearc-kopia-kopia-kopia-kopia-kopia-kopia-kopia-kopia-kopia-kopia-kopia-kopia\/","title":{"rendered":"Migatronic Omega 2 400 Advanced"},"content":{"rendered":"<div class=\"flex max-w-full flex-col flex-grow\">\n<div class=\"min-h-8 text-message flex w-full flex-col items-end gap-2 whitespace-normal break-words text-start [.text-message+&amp;]:mt-5\" dir=\"auto\" data-message-author-role=\"assistant\" data-message-id=\"4b8cd93c-a666-4d14-9941-ead93ad9f63a\" data-message-model-slug=\"gpt-4o\">\n<div class=\"flex w-full flex-col gap-1 empty:hidden first:pt-[3px]\">\n<div class=\"markdown prose w-full break-words dark:prose-invert dark\">\n<div class=\"flex max-w-full flex-col flex-grow\">\n<div class=\"min-h-8 text-message flex w-full flex-col items-end gap-2 whitespace-normal break-words text-start [.text-message+&amp;]:mt-5\" dir=\"auto\" data-message-author-role=\"assistant\" data-message-id=\"4b8cd93c-a666-4d14-9941-ead93ad9f63a\" data-message-model-slug=\"gpt-4o\">\n<div class=\"flex w-full flex-col gap-1 empty:hidden first:pt-[3px]\">\n<div class=\"markdown prose w-full break-words dark:prose-invert dark\">\n<p data-start=\"0\" data-end=\"113\"><strong data-start=\"0\" data-end=\"113\">? Migatronic Omega\u00b2 400 welder with Advanced panel &#8211; an advanced device for MIG\/MAG welding! ?<\/strong><\/p>\n<\/div>\n<\/div>\n<p><iframe title=\"Migatronic Omega 2 400  Duo Plus \u2013 Elevate Your Welding Game! #Migatronic #Omega2 #DuoPlus #Welding\" width=\"500\" height=\"281\" data-src=\"https:\/\/www.youtube.com\/embed\/tsDMid4l6VM?feature=oembed\" frameborder=\"0\" allow=\"accelerometer; autoplay; clipboard-write; encrypted-media; gyroscope; picture-in-picture; web-share\" referrerpolicy=\"strict-origin-when-cross-origin\" allowfullscreen src=\"data:image\/svg+xml;base64,PHN2ZyB3aWR0aD0iMSIgaGVpZ2h0PSIxIiB4bWxucz0iaHR0cDovL3d3dy53My5vcmcvMjAwMC9zdmciPjwvc3ZnPg==\" class=\"lazyload\" data-load-mode=\"1\"><\/iframe><\/p>\n<div class=\"flex w-full flex-col gap-1 empty:hidden first:pt-[3px]\">\n<div class=\"markdown prose w-full break-words dark:prose-invert dark\">\n<p data-start=\"115\" data-end=\"337\"><strong data-start=\"115\" data-end=\"140\"><br \/>\nMigatronic Omega\u00b2 400<\/strong> is a modern inverter welder, <span class=\"relative -mx-px my-[-0.2rem] rounded px-px py-[0.2rem]\">designed for professional MIG\/MAG welding applications<\/span>. <span class=\"relative -mx-px my-[-0.2rem] rounded px-px py-[0.2rem]\">Thanks to its advanced technology and robust design<\/span>, <span class=\"relative -mx-px my-[-0.2rem] rounded px-px py-[0.2rem]\">this device ensures high weld quality and reliability in various working conditions<\/span>.<\/p>\n<hr data-start=\"339\" data-end=\"342\">\n<h2 data-start=\"344\" data-end=\"384\"><strong data-start=\"347\" data-end=\"384\">\u2699\ufe0f Key features and applications:<\/strong><\/h2>\n<ul data-start=\"386\" data-end=\"1037\">\n<li data-start=\"386\" data-end=\"553\">\n<p data-start=\"388\" data-end=\"553\"><strong data-start=\"388\" data-end=\"433\">Advanced Control Panel (Advanced):<\/strong> <span class=\"relative -mx-px my-[-0.2rem] rounded px-px py-[0.2rem]\">The digital panel with synergy programs allows easy and precise setting of welding parameters. Just select the type of shielding gas, welding wire and material to start working. <\/span><\/p>\n<\/li>\n<li data-start=\"555\" data-end=\"699\">\n<p data-start=\"557\" data-end=\"699\"><strong data-start=\"557\" data-end=\"579\">DUO Plus\u2122 function:<\/strong> Wire pulsing <span class=\"relative -mx-px my-[-0.2rem] rounded px-px py-[0.2rem]\">, which gives the weld a TIG-like appearance, making it easier to control the weld pool.<\/span> Ideal for riser welding or under aesthetic welding<\/p>\n<\/li>\n<li data-start=\"701\" data-end=\"882\">\n<p data-start=\"703\" data-end=\"882\"><strong data-start=\"703\" data-end=\"756\">Optional IGC\u00ae (Intelligent Gas Control):<\/strong> <span class=\"relative -mx-px my-[-0.2rem] rounded px-px py-[0.2rem]\">An automatic gas delivery system that adjusts the gas flow according to the selected current, significantly saving shielding gas consumption during welding.<\/span> <\/p>\n<\/li>\n<li data-start=\"884\" data-end=\"1037\">\n<p data-start=\"886\" data-end=\"1037\"><strong data-start=\"886\" data-end=\"911\">Ease of updating:<\/strong> <span class=\"relative -mx-px my-[-0.2rem] rounded px-px py-[0.2rem]\">A built-in SD card slot allows you to update your software for the latest features and improvements.<\/span> <\/p>\n<\/li>\n<\/ul>\n<hr data-start=\"1039\" data-end=\"1042\">\n<h2 data-start=\"1044\" data-end=\"1078\"><strong data-start=\"1047\" data-end=\"1078\">? Technical specifications:<\/strong><\/h2>\n<ul data-start=\"1080\" data-end=\"2070\">\n<li data-start=\"1080\" data-end=\"1226\">\n<p data-start=\"1082\" data-end=\"1226\"><strong data-start=\"1082\" data-end=\"1100\">Welding current:<\/strong> <span class=\"relative -mx-px my-[-0.2rem] rounded px-px py-[0.2rem]\">Ranges from 15 A to 400 A, allowing the parameters to be adjusted for different material thicknesses and weld types.<\/span><\/p>\n<\/li>\n<li data-start=\"1228\" data-end=\"1379\">\n<p data-start=\"1230\" data-end=\"1379\"><strong data-start=\"1230\" data-end=\"1253\">Supply voltage:<\/strong> <span class=\"relative -mx-px my-[-0.2rem] rounded px-px py-[0.2rem]\">400 V \u00b115%, 50\/60 Hz, which ensures stable operation under standard industrial conditions.<\/span><\/p>\n<\/li>\n<li data-start=\"1381\" data-end=\"1618\">\n<p data-start=\"1383\" data-end=\"1398\"><strong data-start=\"1383\" data-end=\"1398\">Work cycle:<\/strong><\/p>\n<ul data-start=\"1401\" data-end=\"1618\">\n<li data-start=\"1401\" data-end=\"1488\"><span class=\"relative -mx-px my-[-0.2rem] rounded px-px py-[0.2rem]\">400 A at 50%<\/span><\/li>\n<li data-start=\"1491\" data-end=\"1618\"><span class=\"relative -mx-px my-[-0.2rem] rounded px-px py-[0.2rem]\">300 A at 100%<\/span><\/li>\n<\/ul>\n<\/li>\n<li data-start=\"1620\" data-end=\"1781\">\n<p data-start=\"1622\" data-end=\"1781\"><strong data-start=\"1622\" data-end=\"1655\">Dimensions (L x W x H):<\/strong> <span class=\"relative -mx-px my-[-0.2rem] rounded px-px py-[0.2rem]\">630 x 250 x 650 mm, making it compact and easy to transport.<\/span><\/p>\n<\/li>\n<li data-start=\"1620\" data-end=\"1781\">\n<p data-start=\"1622\" data-end=\"1781\"><strong data-start=\"1785\" data-end=\"1794\">Weight:<\/strong> <span class=\"relative -mx-px my-[-0.2rem] rounded px-px py-[0.2rem]\">36.5 kg, which makes it easy to move the device around the workplace.<\/span> <\/p>\n<\/li>\n<li data-start=\"1922\" data-end=\"2070\">\n<p data-start=\"1924\" data-end=\"2070\"><strong data-start=\"1924\" data-end=\"1944\">Degree of protection:<\/strong> <span class=\"relative -mx-px my-[-0.2rem] rounded px-px py-[0.2rem]\">IP23, which means dust and water resistance, allowing operation in harsh environments.<\/span> <\/p>\n<\/li>\n<\/ul>\n<hr data-start=\"2072\" data-end=\"2075\">\n<h2 data-start=\"2077\" data-end=\"2100\"><strong data-start=\"2080\" data-end=\"2100\">? Application:<\/strong><\/h2>\n<ul data-start=\"2102\" data-end=\"2430\">\n<li data-start=\"2102\" data-end=\"2212\">\n<p data-start=\"2104\" data-end=\"2212\"><strong data-start=\"2104\" data-end=\"2126\">Metal industry:<\/strong> <span class=\"relative -mx-px my-[-0.2rem] rounded px-px py-[0.2rem]\">Ideal for welding steel structures, pipes and machine components.<\/span><\/p>\n<\/li>\n<li data-start=\"2214\" data-end=\"2326\">\n<p data-start=\"2216\" data-end=\"2326\"><strong data-start=\"2216\" data-end=\"2240\">Repair shops:<\/strong> <span class=\"relative -mx-px my-[-0.2rem] rounded px-px py-[0.2rem]\">Indispensable for repairing and maintaining metal equipment.<\/span><\/p>\n<\/li>\n<li data-start=\"2328\" data-end=\"2430\">\n<p data-start=\"2330\" data-end=\"2430\"><strong data-start=\"2330\" data-end=\"2344\">Manufacturing:<\/strong> <span class=\"relative -mx-px my-[-0.2rem] rounded px-px py-[0.2rem]\">Works well in production lines requiring precise and durable welds.<\/span><\/p>\n<\/li>\n<\/ul>\n<\/div>\n<\/div>\n<\/div>\n<\/div>\n<\/div>\n<\/div>\n<\/div>\n<\/div>\n","protected":false},"excerpt":{"rendered":"<p data-start=\"3679\" data-end=\"3907\"><strong data-start=\"3927\" data-end=\"3952\">Migatronic Omega\u00b2 400<\/strong> &#8211; advanced inverter MIG\/MAG welder with Advanced panel, with welding current up to 400 A, compact and energyos<\/p>\n<p>&nbsp;<\/p>\n","protected":false},"featured_media":23637,"template":"","meta":{"inline_featured_image":false},"product_brand":[822],"product_cat":[483,493,473],"product_tag":[4500,4771,4768,4769,4770,3572,4470],"class_list":{"0":"post-23635","1":"product","2":"type-product","3":"status-publish","4":"has-post-thumbnail","6":"product_brand-migatronic","7":"product_cat-liquid-cooled","8":"product_cat-mig-mag-en","9":"product_cat-used","10":"product_tag-duo-plus-en","11":"product_tag-migatronic-omega-400-advanced-en","12":"product_tag-migatronic-omega-400-en","13":"product_tag-migatronic-welder","14":"product_tag-omega-400-en","15":"product_tag-professional-welder","16":"product_tag-synergy-welder","18":"first","19":"outofstock","20":"taxable","21":"shipping-taxable","22":"purchasable","23":"product-type-simple"},"yoast_head":"<!-- This site is optimized with the Yoast SEO Premium plugin v27.5 (Yoast SEO v27.6) - https:\/\/yoast.com\/product\/yoast-seo-premium-wordpress\/ -->\n<title>Migatronic Omega 2 400 Advanced - SpawLab - Welding equipment and plasma cutters - store and service<\/title>\n<meta name=\"description\" content=\"Migatronic Omega\u00b2 400 is an advanced inverter MIG\/MAG welder with Advanced panel, offering welding current in the range of 15-400 A, compact design and features such as DUO Plus\u2122 and optional IGC\u00ae system, ideal for professionals.\" \/>\n<meta name=\"robots\" content=\"index, follow, max-snippet:-1, max-image-preview:large, max-video-preview:-1\" \/>\n<link rel=\"canonical\" href=\"https:\/\/spawlab.pl\/en\/produkt\/ewm-alpha-q-551-pipe-solution-coldarc-forcearc-kopia-kopia-kopia-kopia-kopia-kopia-kopia-kopia-kopia-kopia-kopia-kopia\/\" \/>\n<meta property=\"og:locale\" content=\"en_US\" \/>\n<meta property=\"og:type\" content=\"article\" \/>\n<meta property=\"og:title\" content=\"Migatronic Omega 2 400 Advanced\" \/>\n<meta property=\"og:description\" content=\"? Looking for an advanced MIG\/MAG welder with smart features? Migatronic Omega\u00b2 400 with Advanced panel is the perfect choice! ?\ufe0fAdvanced panel: Easy parameter setting with synergy programs.DUO Plus\u2122 function: TIG-like welds.Optional IGC\u00ae System: Save shielding gas with intelligent control.Bet on quality and modernity with Migatronic Omega\u00b2 400! ?\u200d?\" \/>\n<meta property=\"og:url\" content=\"https:\/\/spawlab.pl\/en\/produkt\/ewm-alpha-q-551-pipe-solution-coldarc-forcearc-kopia-kopia-kopia-kopia-kopia-kopia-kopia-kopia-kopia-kopia-kopia-kopia\/\" \/>\n<meta property=\"og:site_name\" content=\"SpawLab - Welding equipment and plasma cutters - store and service\" \/>\n<meta property=\"article:publisher\" content=\"https:\/\/www.facebook.com\/Spawlab\/\" \/>\n<meta property=\"article:modified_time\" content=\"2025-05-26T07:05:25+00:00\" \/>\n<meta property=\"og:image\" content=\"https:\/\/spawlab.pl\/wp-content\/uploads\/2025\/03\/20250312_163803-scaled.jpg\" \/>\n\t<meta property=\"og:image:width\" content=\"1920\" \/>\n\t<meta property=\"og:image:height\" content=\"2560\" \/>\n\t<meta property=\"og:image:type\" content=\"image\/jpeg\" \/>\n<meta name=\"twitter:label1\" content=\"Price\" \/>\n\t<meta name=\"twitter:data1\" content=\"14 145,00&nbsp;&#122;&#322; (11 500,00&nbsp;&#122;&#322; netto)\" \/>\n\t<meta name=\"twitter:label2\" content=\"Availability\" \/>\n\t<meta name=\"twitter:data2\" content=\"Out of stock\" \/>\n<script type=\"application\/ld+json\" class=\"yoast-schema-graph\">{\"@context\":\"https:\\\/\\\/schema.org\",\"@graph\":[{\"@type\":[\"WebPage\",\"ItemPage\"],\"@id\":\"https:\\\/\\\/spawlab.pl\\\/en\\\/produkt\\\/ewm-alpha-q-551-pipe-solution-coldarc-forcearc-kopia-kopia-kopia-kopia-kopia-kopia-kopia-kopia-kopia-kopia-kopia-kopia\\\/\",\"url\":\"https:\\\/\\\/spawlab.pl\\\/en\\\/produkt\\\/ewm-alpha-q-551-pipe-solution-coldarc-forcearc-kopia-kopia-kopia-kopia-kopia-kopia-kopia-kopia-kopia-kopia-kopia-kopia\\\/\",\"name\":\"Migatronic Omega 2 400 Advanced - SpawLab - Welding equipment and plasma cutters - store and service\",\"isPartOf\":{\"@id\":\"https:\\\/\\\/spawlab.pl\\\/en\\\/#website\"},\"primaryImageOfPage\":{\"@id\":\"https:\\\/\\\/spawlab.pl\\\/en\\\/produkt\\\/ewm-alpha-q-551-pipe-solution-coldarc-forcearc-kopia-kopia-kopia-kopia-kopia-kopia-kopia-kopia-kopia-kopia-kopia-kopia\\\/#primaryimage\"},\"image\":{\"@id\":\"https:\\\/\\\/spawlab.pl\\\/en\\\/produkt\\\/ewm-alpha-q-551-pipe-solution-coldarc-forcearc-kopia-kopia-kopia-kopia-kopia-kopia-kopia-kopia-kopia-kopia-kopia-kopia\\\/#primaryimage\"},\"thumbnailUrl\":\"https:\\\/\\\/spawlab.pl\\\/wp-content\\\/uploads\\\/2025\\\/03\\\/20250312_163803-scaled.jpg\",\"datePublished\":\"2025-03-13T07:56:40+00:00\",\"dateModified\":\"2025-05-26T07:05:25+00:00\",\"description\":\"Migatronic Omega\u00b2 400 is an advanced inverter MIG\\\/MAG welder with Advanced panel, offering welding current in the range of 15-400 A, compact design and features such as DUO Plus\u2122 and optional IGC\u00ae system, ideal for professionals.\",\"breadcrumb\":{\"@id\":\"https:\\\/\\\/spawlab.pl\\\/en\\\/produkt\\\/ewm-alpha-q-551-pipe-solution-coldarc-forcearc-kopia-kopia-kopia-kopia-kopia-kopia-kopia-kopia-kopia-kopia-kopia-kopia\\\/#breadcrumb\"},\"inLanguage\":\"en-US\",\"potentialAction\":[{\"@type\":\"ReadAction\",\"target\":[\"https:\\\/\\\/spawlab.pl\\\/en\\\/produkt\\\/ewm-alpha-q-551-pipe-solution-coldarc-forcearc-kopia-kopia-kopia-kopia-kopia-kopia-kopia-kopia-kopia-kopia-kopia-kopia\\\/\"]}]},{\"@type\":\"ImageObject\",\"inLanguage\":\"en-US\",\"@id\":\"https:\\\/\\\/spawlab.pl\\\/en\\\/produkt\\\/ewm-alpha-q-551-pipe-solution-coldarc-forcearc-kopia-kopia-kopia-kopia-kopia-kopia-kopia-kopia-kopia-kopia-kopia-kopia\\\/#primaryimage\",\"url\":\"https:\\\/\\\/spawlab.pl\\\/wp-content\\\/uploads\\\/2025\\\/03\\\/20250312_163803-scaled.jpg\",\"contentUrl\":\"https:\\\/\\\/spawlab.pl\\\/wp-content\\\/uploads\\\/2025\\\/03\\\/20250312_163803-scaled.jpg\",\"width\":1920,\"height\":2560,\"caption\":\"The front of the Migatronic Omega\u00b2 400 welder with the Advanced panel visible.\"},{\"@type\":\"BreadcrumbList\",\"@id\":\"https:\\\/\\\/spawlab.pl\\\/en\\\/produkt\\\/ewm-alpha-q-551-pipe-solution-coldarc-forcearc-kopia-kopia-kopia-kopia-kopia-kopia-kopia-kopia-kopia-kopia-kopia-kopia\\\/#breadcrumb\",\"itemListElement\":[{\"@type\":\"ListItem\",\"position\":1,\"name\":\"Strona g\u0142\u00f3wna\",\"item\":\"https:\\\/\\\/spawlab.pl\\\/en\\\/\"},{\"@type\":\"ListItem\",\"position\":2,\"name\":\"Store\",\"item\":\"https:\\\/\\\/spawlab.pl\\\/en\\\/shop\\\/\"},{\"@type\":\"ListItem\",\"position\":3,\"name\":\"Migatronic Omega 2 400 Advanced\"}]},{\"@type\":\"WebSite\",\"@id\":\"https:\\\/\\\/spawlab.pl\\\/en\\\/#website\",\"url\":\"https:\\\/\\\/spawlab.pl\\\/en\\\/\",\"name\":\"Spawlab.pl Lider - Spawarki, Przecinarki Plazmowe, Kompresory\",\"description\":\"Urz\u0105dzenia spawalnicze i Przecinarki plazmowe\\\/ nowe i u\u017cywane \\\/ Profesjonalny serwis\",\"publisher\":{\"@id\":\"https:\\\/\\\/spawlab.pl\\\/en\\\/#organization\"},\"alternateName\":\"Spawlab.pl - Dystrybutor Premium i Serwis na Polske Migatronic, Gys, Voestalpine Bohler Welding\",\"potentialAction\":[{\"@type\":\"SearchAction\",\"target\":{\"@type\":\"EntryPoint\",\"urlTemplate\":\"https:\\\/\\\/spawlab.pl\\\/en\\\/?s={search_term_string}\"},\"query-input\":{\"@type\":\"PropertyValueSpecification\",\"valueRequired\":true,\"valueName\":\"search_term_string\"}}],\"inLanguage\":\"en-US\"},{\"@type\":[\"Organization\",\"Place\"],\"@id\":\"https:\\\/\\\/spawlab.pl\\\/en\\\/#organization\",\"name\":\"Spawlab.pl\",\"url\":\"https:\\\/\\\/spawlab.pl\\\/en\\\/\",\"logo\":{\"@id\":\"https:\\\/\\\/spawlab.pl\\\/en\\\/produkt\\\/ewm-alpha-q-551-pipe-solution-coldarc-forcearc-kopia-kopia-kopia-kopia-kopia-kopia-kopia-kopia-kopia-kopia-kopia-kopia\\\/#local-main-organization-logo\"},\"image\":{\"@id\":\"https:\\\/\\\/spawlab.pl\\\/en\\\/produkt\\\/ewm-alpha-q-551-pipe-solution-coldarc-forcearc-kopia-kopia-kopia-kopia-kopia-kopia-kopia-kopia-kopia-kopia-kopia-kopia\\\/#local-main-organization-logo\"},\"sameAs\":[\"https:\\\/\\\/www.facebook.com\\\/Spawlab\\\/\",\"https:\\\/\\\/www.linkedin.com\\\/company\\\/spawlab\",\"https:\\\/\\\/www.instagram.com\\\/spawlab.pl\",\"https:\\\/\\\/www.tiktok.com\\\/@spawlab\"],\"description\":\"Lider sprzeda\u017cy, Oficjalny Dystrybutor Premium i Serwis na Polsk\u0119 Migatronic, Gys, Voestalpine Bohler Welding. Nowe i u\u017cywane Spawarki, Przecinarki Plazmowe, Kompresory. Mgr in\u017c. Jaros\u0142aw Ko\u0142aski, IWE\",\"hasMerchantReturnPolicy\":{\"@type\":\"MerchantReturnPolicy\",\"merchantReturnLink\":\"https:\\\/\\\/spawlab.pl\\\/polityka-prywatnosci-2\\\/\"},\"telephone\":[],\"openingHoursSpecification\":[{\"@type\":\"OpeningHoursSpecification\",\"dayOfWeek\":[\"Monday\",\"Tuesday\",\"Wednesday\",\"Thursday\",\"Friday\",\"Saturday\",\"Sunday\"],\"opens\":\"09:00\",\"closes\":\"17:00\"}]},{\"@type\":\"ImageObject\",\"inLanguage\":\"en-US\",\"@id\":\"https:\\\/\\\/spawlab.pl\\\/en\\\/produkt\\\/ewm-alpha-q-551-pipe-solution-coldarc-forcearc-kopia-kopia-kopia-kopia-kopia-kopia-kopia-kopia-kopia-kopia-kopia-kopia\\\/#local-main-organization-logo\",\"url\":\"https:\\\/\\\/spawlab.pl\\\/wp-content\\\/uploads\\\/2022\\\/01\\\/olx.jpg\",\"contentUrl\":\"https:\\\/\\\/spawlab.pl\\\/wp-content\\\/uploads\\\/2022\\\/01\\\/olx.jpg\",\"width\":200,\"height\":200,\"caption\":\"Spawlab.pl\"}]}<\/script>\n<meta property=\"product:brand\" content=\"Migatronic\" \/>\n<meta property=\"product:price:amount\" content=\"14145.00\" \/>\n<meta property=\"product:price:currency\" content=\"PLN\" \/>\n<meta property=\"og:availability\" content=\"out of stock\" \/>\n<meta property=\"product:availability\" content=\"out of stock\" \/>\n<meta property=\"product:condition\" content=\"new\" \/>\n<!-- \/ Yoast SEO Premium plugin. -->","yoast_head_json":{"title":"Migatronic Omega 2 400 Advanced - SpawLab - Welding equipment and plasma cutters - store and service","description":"Migatronic Omega\u00b2 400 is an advanced inverter MIG\/MAG welder with Advanced panel, offering welding current in the range of 15-400 A, compact design and features such as DUO Plus\u2122 and optional IGC\u00ae system, ideal for professionals.","robots":{"index":"index","follow":"follow","max-snippet":"max-snippet:-1","max-image-preview":"max-image-preview:large","max-video-preview":"max-video-preview:-1"},"canonical":"https:\/\/spawlab.pl\/en\/produkt\/ewm-alpha-q-551-pipe-solution-coldarc-forcearc-kopia-kopia-kopia-kopia-kopia-kopia-kopia-kopia-kopia-kopia-kopia-kopia\/","og_locale":"en_US","og_type":"article","og_title":"Migatronic Omega 2 400 Advanced","og_description":"? Looking for an advanced MIG\/MAG welder with smart features? Migatronic Omega\u00b2 400 with Advanced panel is the perfect choice! ?\ufe0fAdvanced panel: Easy parameter setting with synergy programs.DUO Plus\u2122 function: TIG-like welds.Optional IGC\u00ae System: Save shielding gas with intelligent control.Bet on quality and modernity with Migatronic Omega\u00b2 400! ?\u200d?","og_url":"https:\/\/spawlab.pl\/en\/produkt\/ewm-alpha-q-551-pipe-solution-coldarc-forcearc-kopia-kopia-kopia-kopia-kopia-kopia-kopia-kopia-kopia-kopia-kopia-kopia\/","og_site_name":"SpawLab - Welding equipment and plasma cutters - store and service","article_publisher":"https:\/\/www.facebook.com\/Spawlab\/","article_modified_time":"2025-05-26T07:05:25+00:00","og_image":[{"width":1920,"height":2560,"url":"https:\/\/spawlab.pl\/wp-content\/uploads\/2025\/03\/20250312_163803-scaled.jpg","type":"image\/jpeg"}],"twitter_misc":{"Price":"14 145,00&nbsp;&#122;&#322; (11 500,00&nbsp;&#122;&#322; netto)","Availability":"Out of stock"},"schema":{"@context":"https:\/\/schema.org","@graph":[{"@type":["WebPage","ItemPage"],"@id":"https:\/\/spawlab.pl\/en\/produkt\/ewm-alpha-q-551-pipe-solution-coldarc-forcearc-kopia-kopia-kopia-kopia-kopia-kopia-kopia-kopia-kopia-kopia-kopia-kopia\/","url":"https:\/\/spawlab.pl\/en\/produkt\/ewm-alpha-q-551-pipe-solution-coldarc-forcearc-kopia-kopia-kopia-kopia-kopia-kopia-kopia-kopia-kopia-kopia-kopia-kopia\/","name":"Migatronic Omega 2 400 Advanced - SpawLab - Welding equipment and plasma cutters - store and service","isPartOf":{"@id":"https:\/\/spawlab.pl\/en\/#website"},"primaryImageOfPage":{"@id":"https:\/\/spawlab.pl\/en\/produkt\/ewm-alpha-q-551-pipe-solution-coldarc-forcearc-kopia-kopia-kopia-kopia-kopia-kopia-kopia-kopia-kopia-kopia-kopia-kopia\/#primaryimage"},"image":{"@id":"https:\/\/spawlab.pl\/en\/produkt\/ewm-alpha-q-551-pipe-solution-coldarc-forcearc-kopia-kopia-kopia-kopia-kopia-kopia-kopia-kopia-kopia-kopia-kopia-kopia\/#primaryimage"},"thumbnailUrl":"https:\/\/spawlab.pl\/wp-content\/uploads\/2025\/03\/20250312_163803-scaled.jpg","datePublished":"2025-03-13T07:56:40+00:00","dateModified":"2025-05-26T07:05:25+00:00","description":"Migatronic Omega\u00b2 400 is an advanced inverter MIG\/MAG welder with Advanced panel, offering welding current in the range of 15-400 A, compact design and features such as DUO Plus\u2122 and optional IGC\u00ae system, ideal for professionals.","breadcrumb":{"@id":"https:\/\/spawlab.pl\/en\/produkt\/ewm-alpha-q-551-pipe-solution-coldarc-forcearc-kopia-kopia-kopia-kopia-kopia-kopia-kopia-kopia-kopia-kopia-kopia-kopia\/#breadcrumb"},"inLanguage":"en-US","potentialAction":[{"@type":"ReadAction","target":["https:\/\/spawlab.pl\/en\/produkt\/ewm-alpha-q-551-pipe-solution-coldarc-forcearc-kopia-kopia-kopia-kopia-kopia-kopia-kopia-kopia-kopia-kopia-kopia-kopia\/"]}]},{"@type":"ImageObject","inLanguage":"en-US","@id":"https:\/\/spawlab.pl\/en\/produkt\/ewm-alpha-q-551-pipe-solution-coldarc-forcearc-kopia-kopia-kopia-kopia-kopia-kopia-kopia-kopia-kopia-kopia-kopia-kopia\/#primaryimage","url":"https:\/\/spawlab.pl\/wp-content\/uploads\/2025\/03\/20250312_163803-scaled.jpg","contentUrl":"https:\/\/spawlab.pl\/wp-content\/uploads\/2025\/03\/20250312_163803-scaled.jpg","width":1920,"height":2560,"caption":"The front of the Migatronic Omega\u00b2 400 welder with the Advanced panel visible."},{"@type":"BreadcrumbList","@id":"https:\/\/spawlab.pl\/en\/produkt\/ewm-alpha-q-551-pipe-solution-coldarc-forcearc-kopia-kopia-kopia-kopia-kopia-kopia-kopia-kopia-kopia-kopia-kopia-kopia\/#breadcrumb","itemListElement":[{"@type":"ListItem","position":1,"name":"Strona g\u0142\u00f3wna","item":"https:\/\/spawlab.pl\/en\/"},{"@type":"ListItem","position":2,"name":"Store","item":"https:\/\/spawlab.pl\/en\/shop\/"},{"@type":"ListItem","position":3,"name":"Migatronic Omega 2 400 Advanced"}]},{"@type":"WebSite","@id":"https:\/\/spawlab.pl\/en\/#website","url":"https:\/\/spawlab.pl\/en\/","name":"Spawlab.pl Lider - Spawarki, Przecinarki Plazmowe, Kompresory","description":"Urz\u0105dzenia spawalnicze i Przecinarki plazmowe\/ nowe i u\u017cywane \/ Profesjonalny serwis","publisher":{"@id":"https:\/\/spawlab.pl\/en\/#organization"},"alternateName":"Spawlab.pl - Dystrybutor Premium i Serwis na Polske Migatronic, Gys, Voestalpine Bohler Welding","potentialAction":[{"@type":"SearchAction","target":{"@type":"EntryPoint","urlTemplate":"https:\/\/spawlab.pl\/en\/?s={search_term_string}"},"query-input":{"@type":"PropertyValueSpecification","valueRequired":true,"valueName":"search_term_string"}}],"inLanguage":"en-US"},{"@type":["Organization","Place"],"@id":"https:\/\/spawlab.pl\/en\/#organization","name":"Spawlab.pl","url":"https:\/\/spawlab.pl\/en\/","logo":{"@id":"https:\/\/spawlab.pl\/en\/produkt\/ewm-alpha-q-551-pipe-solution-coldarc-forcearc-kopia-kopia-kopia-kopia-kopia-kopia-kopia-kopia-kopia-kopia-kopia-kopia\/#local-main-organization-logo"},"image":{"@id":"https:\/\/spawlab.pl\/en\/produkt\/ewm-alpha-q-551-pipe-solution-coldarc-forcearc-kopia-kopia-kopia-kopia-kopia-kopia-kopia-kopia-kopia-kopia-kopia-kopia\/#local-main-organization-logo"},"sameAs":["https:\/\/www.facebook.com\/Spawlab\/","https:\/\/www.linkedin.com\/company\/spawlab","https:\/\/www.instagram.com\/spawlab.pl","https:\/\/www.tiktok.com\/@spawlab"],"description":"Lider sprzeda\u017cy, Oficjalny Dystrybutor Premium i Serwis na Polsk\u0119 Migatronic, Gys, Voestalpine Bohler Welding. Nowe i u\u017cywane Spawarki, Przecinarki Plazmowe, Kompresory. Mgr in\u017c. Jaros\u0142aw Ko\u0142aski, IWE","hasMerchantReturnPolicy":{"@type":"MerchantReturnPolicy","merchantReturnLink":"https:\/\/spawlab.pl\/polityka-prywatnosci-2\/"},"telephone":[],"openingHoursSpecification":[{"@type":"OpeningHoursSpecification","dayOfWeek":["Monday","Tuesday","Wednesday","Thursday","Friday","Saturday","Sunday"],"opens":"09:00","closes":"17:00"}]},{"@type":"ImageObject","inLanguage":"en-US","@id":"https:\/\/spawlab.pl\/en\/produkt\/ewm-alpha-q-551-pipe-solution-coldarc-forcearc-kopia-kopia-kopia-kopia-kopia-kopia-kopia-kopia-kopia-kopia-kopia-kopia\/#local-main-organization-logo","url":"https:\/\/spawlab.pl\/wp-content\/uploads\/2022\/01\/olx.jpg","contentUrl":"https:\/\/spawlab.pl\/wp-content\/uploads\/2022\/01\/olx.jpg","width":200,"height":200,"caption":"Spawlab.pl"}]},"product_brand":"Migatronic","product_price_amount":"14145.00","product_price_currency":"PLN","og_availability":"out of stock","product_availability":"out of stock","product_condition":"new"},"_links":{"self":[{"href":"https:\/\/spawlab.pl\/en\/wp-json\/wp\/v2\/product\/23635","targetHints":{"allow":["GET"]}}],"collection":[{"href":"https:\/\/spawlab.pl\/en\/wp-json\/wp\/v2\/product"}],"about":[{"href":"https:\/\/spawlab.pl\/en\/wp-json\/wp\/v2\/types\/product"}],"wp:featuredmedia":[{"embeddable":true,"href":"https:\/\/spawlab.pl\/en\/wp-json\/wp\/v2\/media\/23637"}],"wp:attachment":[{"href":"https:\/\/spawlab.pl\/en\/wp-json\/wp\/v2\/media?parent=23635"}],"wp:term":[{"taxonomy":"product_brand","embeddable":true,"href":"https:\/\/spawlab.pl\/en\/wp-json\/wp\/v2\/product_brand?post=23635"},{"taxonomy":"product_cat","embeddable":true,"href":"https:\/\/spawlab.pl\/en\/wp-json\/wp\/v2\/product_cat?post=23635"},{"taxonomy":"product_tag","embeddable":true,"href":"https:\/\/spawlab.pl\/en\/wp-json\/wp\/v2\/product_tag?post=23635"}],"curies":[{"name":"wp","href":"https:\/\/api.w.org\/{rel}","templated":true}]}}