{"id":23793,"date":"2025-03-24T11:21:30","date_gmt":"2025-03-24T10:21:30","guid":{"rendered":"https:\/\/spawlab.pl\/?post_type=product&#038;p=23793"},"modified":"2025-03-24T11:52:55","modified_gmt":"2025-03-24T10:52:55","slug":"ewm-alpha-q-551-pipe-solution-coldarc-forcearc-kopia-kopia-kopia-kopia-kopia-kopia-kopia-kopia-kopia-kopia-kopia-kopia-kopia-kopia","status":"publish","type":"product","link":"https:\/\/spawlab.pl\/en\/produkt\/ewm-alpha-q-551-pipe-solution-coldarc-forcearc-kopia-kopia-kopia-kopia-kopia-kopia-kopia-kopia-kopia-kopia-kopia-kopia-kopia-kopia\/","title":{"rendered":"EWM ALPHA Q 551 Pipe solution, ColdArc, ForceArc (Kopia) (Kopia) (Kopia) (Kopia) (Kopia) (Kopia) (Kopia) (Kopia) (Kopia) (Kopia) (Kopia) (Kopia) (Kopia) (Kopia)"},"content":{"rendered":"<p>EWM ALPHA Q 551 <strong>list price new is close to 70 thou net <\/strong> -Inverter welder <strong>-Power: 550A &#8211; 60%, 420A &#8211; 100% -Welding range<\/strong><strong> 5A- 550A<\/strong> -Power supply 400V -Safety 42A -Welding functions MMA, TIG, MIG\/MAG manual, MIG\/MAG synergy, MIG\/MAG pulse, MIG\/MAG double pulse -Wire or current pulsing. <strong>-Special processes: Pipe Solution, ColdArc,<\/strong><strong> ForceArc&#8211;pipeSolution<\/strong> Strong arc for fast, reliable welding in all positions with or without gap.<br \/>\nAbsolutely reliable ridge stitch welding For all sheet thicknesses Can be used in all positions for sheet metal and tubes No leakage or liquid metal fall-off Excellent core properties Extremely reliable slope joining Good controllability in all forced positions Reliable joints in the ridge layer even without air gap <strong>&#8211; -coldArc<\/strong>. <strong>-coldArc Short<\/strong> -circuit arc with reduced heat generation and no spatter for welding and brazing without dislocation and for ridge stitch welding with excellent gap bridging capability.<br \/>\nLess material deformation and less discoloration due to reduced heat input Significantly reduced spatter due to almost passive material transition Unique process stability even with long compound wire bundles without additional control wires Generally available torch systems, because the material transition occurs without wear and without drive in the welding fixture Easy welding of boundary layers at all sheet thicknesses and in all positions Excellent gap bridging even with variable widths Excellent surface coating when soldering thin sheets Minimum additional processing, Thanks to the spatter-free process, optimum application also for visible external welds Unalloyed, low-alloy and high-alloy steels as well as brazed joints even for the thinnest sheets Soldering of CrNi sheets with CuAI8 \/ AIBz8 Soldering and welding of coated sheets e.g.<br \/>\nCuSi, AlSi and Zn Stitch welding of unalloyed and low-alloyed and high-alloyed steels and high-strength fine-grained steels Visible CrNi external welds in thin sheets <strong>&#8211;forceArc<\/strong> Strong arc with reduced heat input and stable direction with deep fusion for higher power range.<br \/>\nUnalloyed, low-alloyed and high-alloyed steels as well as high-strength fine-grained steels Small angle of weld groove opening by deep fusion and arc with stable direction Reduction in number of layers Less material distortion due to concentrated arc with reduced heat input Excellent core and slope joining Perfect welding even with long wire tips (free wire exit) Reduction of undercuts Virtually spatter-free Particularly suitable, e.g. For dynamic fillet welds Subassemblies subject to loads up to, e.g., load-bearing elements of bridges Wagon production and steel structures Unalloyed, low-alloy and high-alloy steels and high-strength fine-grained steels Use in manual and automatic systems Welded fillet welds show greater penetration depths      <strong>-Version with two feeders.<br \/>\nPossibility of quick changeover from steel to aluminum or from one diameter to another wire diameter.<br \/>\nE.g. welding ridge on 1.0 wire and filling on 1.2 or 1.6 powder wire  <\/strong><\/p>\n<p>&nbsp;  Equipment little used, in bdb condition.<br \/>\nIdeal for your company to take a big step forward in versatility and meeting even the most difficult tasks. <strong>-Matched version, includes:<\/strong> Kemppi and Ewm mig holder Decent 4m ground wire Power cord about 5m &nbsp; RECOMMEND!<br \/>\nEng.<br \/>\nJaroslaw Kolaski, IWE IWE-International Welding Engineer   <\/p>\n","protected":false},"excerpt":{"rendered":"<p>EWM ALPHA Q 551 list price new is close to 70 thou net -Inverter welder -Power: 550A &#8211; 60%, 420A &#8211; 100% -Welding range 5A- 550A -Power supply 400V -Safety 42A -Welding functions MMA, TIG, MIG\/MAG manual, MIG\/MAG synergy, MIG\/MAG pulse, MIG\/MAG double pulse -Wire or current pulsing. -Special processes: Pipe Solution, ColdArc, ForceArc&#8211;pipeSolution Strong [&hellip;]<\/p>\n","protected":false},"featured_media":23797,"template":"","meta":{"inline_featured_image":false},"product_brand":[1014],"product_cat":[473],"product_tag":[8581],"class_list":{"0":"post-23793","1":"product","2":"type-product","3":"status-publish","4":"has-post-thumbnail","6":"product_brand-trw-nelson","7":"product_cat-used","8":"product_tag-industrial-welding-machine-en","10":"first","11":"outofstock","12":"sale","13":"taxable","14":"shipping-taxable","15":"purchasable","16":"product-type-simple"},"yoast_head":"<!-- This site is optimized with the Yoast SEO Premium plugin v27.0 (Yoast SEO v27.3) - https:\/\/yoast.com\/product\/yoast-seo-premium-wordpress\/ -->\n<title>EWM ALPHA Q 551 Pipe solution, ColdArc, ForceArc (Kopia) (Kopia) (Kopia) (Kopia) (Kopia) (Kopia) (Kopia) (Kopia) (Kopia) (Kopia) (Kopia) (Kopia) (Kopia) (Kopia) - SpawLab - Welding equipment and plasma cutters - store and service<\/title>\n<meta name=\"description\" content=\"Lider sprzeda\u017cy, Oficjalny Dystrybutor Premium i Serwis na Polsk\u0119 Migatronic, Gys, Voestalpine Bohler Welding. Nowe i u\u017cywane Spawarki, Przecinarki Plazmowe, Kompresory. Mgr in\u017c. Jaros\u0142aw Ko\u0142aski, IWE\" \/>\n<meta name=\"robots\" content=\"index, follow, max-snippet:-1, max-image-preview:large, max-video-preview:-1\" \/>\n<link rel=\"canonical\" href=\"https:\/\/spawlab.pl\/en\/produkt\/ewm-alpha-q-551-pipe-solution-coldarc-forcearc-kopia-kopia-kopia-kopia-kopia-kopia-kopia-kopia-kopia-kopia-kopia-kopia-kopia-kopia\/\" \/>\n<meta property=\"og:locale\" content=\"en_US\" \/>\n<meta property=\"og:type\" content=\"article\" \/>\n<meta property=\"og:title\" content=\"EWM ALPHA Q 551 Pipe solution, ColdArc, ForceArc (Kopia) (Kopia) (Kopia) (Kopia) (Kopia) (Kopia) (Kopia) (Kopia) (Kopia) (Kopia) (Kopia) (Kopia) (Kopia) (Kopia)\" \/>\n<meta property=\"og:description\" content=\"Lider sprzeda\u017cy, Oficjalny Dystrybutor Premium i Serwis na Polsk\u0119 Migatronic, Gys, Voestalpine Bohler Welding. Nowe i u\u017cywane Spawarki, Przecinarki Plazmowe, Kompresory. Mgr in\u017c. Jaros\u0142aw Ko\u0142aski, IWE\" \/>\n<meta property=\"og:url\" content=\"https:\/\/spawlab.pl\/en\/produkt\/ewm-alpha-q-551-pipe-solution-coldarc-forcearc-kopia-kopia-kopia-kopia-kopia-kopia-kopia-kopia-kopia-kopia-kopia-kopia-kopia-kopia\/\" \/>\n<meta property=\"og:site_name\" content=\"SpawLab - Welding equipment and plasma cutters - store and service\" \/>\n<meta property=\"article:publisher\" content=\"https:\/\/www.facebook.com\/Spawlab\/\" \/>\n<meta property=\"article:modified_time\" content=\"2025-03-24T10:52:55+00:00\" \/>\n<meta property=\"og:image\" content=\"https:\/\/spawlab.pl\/wp-content\/uploads\/2025\/03\/20250322_120600-scaled.jpg\" \/>\n\t<meta property=\"og:image:width\" content=\"1920\" \/>\n\t<meta property=\"og:image:height\" content=\"2560\" \/>\n\t<meta property=\"og:image:type\" content=\"image\/jpeg\" \/>\n<meta name=\"twitter:label1\" content=\"Price\" \/>\n\t<meta name=\"twitter:data1\" content=\"40 590,00&nbsp;&#122;&#322; (33 000,00&nbsp;&#122;&#322; netto)\" \/>\n\t<meta name=\"twitter:label2\" content=\"Availability\" \/>\n\t<meta name=\"twitter:data2\" content=\"Out of stock\" \/>\n<script type=\"application\/ld+json\" class=\"yoast-schema-graph\">{\"@context\":\"https:\\\/\\\/schema.org\",\"@graph\":[{\"@type\":[\"WebPage\",\"ItemPage\"],\"@id\":\"https:\\\/\\\/spawlab.pl\\\/en\\\/produkt\\\/ewm-alpha-q-551-pipe-solution-coldarc-forcearc-kopia-kopia-kopia-kopia-kopia-kopia-kopia-kopia-kopia-kopia-kopia-kopia-kopia-kopia\\\/\",\"url\":\"https:\\\/\\\/spawlab.pl\\\/en\\\/produkt\\\/ewm-alpha-q-551-pipe-solution-coldarc-forcearc-kopia-kopia-kopia-kopia-kopia-kopia-kopia-kopia-kopia-kopia-kopia-kopia-kopia-kopia\\\/\",\"name\":\"EWM ALPHA Q 551 Pipe solution, ColdArc, ForceArc (Kopia) (Kopia) (Kopia) (Kopia) (Kopia) (Kopia) (Kopia) (Kopia) (Kopia) (Kopia) (Kopia) (Kopia) (Kopia) (Kopia) - SpawLab - Welding equipment and plasma cutters - store and service\",\"isPartOf\":{\"@id\":\"https:\\\/\\\/spawlab.pl\\\/en\\\/#website\"},\"primaryImageOfPage\":{\"@id\":\"https:\\\/\\\/spawlab.pl\\\/en\\\/produkt\\\/ewm-alpha-q-551-pipe-solution-coldarc-forcearc-kopia-kopia-kopia-kopia-kopia-kopia-kopia-kopia-kopia-kopia-kopia-kopia-kopia-kopia\\\/#primaryimage\"},\"image\":{\"@id\":\"https:\\\/\\\/spawlab.pl\\\/en\\\/produkt\\\/ewm-alpha-q-551-pipe-solution-coldarc-forcearc-kopia-kopia-kopia-kopia-kopia-kopia-kopia-kopia-kopia-kopia-kopia-kopia-kopia-kopia\\\/#primaryimage\"},\"thumbnailUrl\":\"https:\\\/\\\/spawlab.pl\\\/wp-content\\\/uploads\\\/2025\\\/03\\\/20250322_120600-scaled.jpg\",\"datePublished\":\"2025-03-24T10:21:30+00:00\",\"dateModified\":\"2025-03-24T10:52:55+00:00\",\"description\":\"Lider sprzeda\u017cy, Oficjalny Dystrybutor Premium i Serwis na Polsk\u0119 Migatronic, Gys, Voestalpine Bohler Welding. Nowe i u\u017cywane Spawarki, Przecinarki Plazmowe, Kompresory. Mgr in\u017c. Jaros\u0142aw Ko\u0142aski, IWE\",\"breadcrumb\":{\"@id\":\"https:\\\/\\\/spawlab.pl\\\/en\\\/produkt\\\/ewm-alpha-q-551-pipe-solution-coldarc-forcearc-kopia-kopia-kopia-kopia-kopia-kopia-kopia-kopia-kopia-kopia-kopia-kopia-kopia-kopia\\\/#breadcrumb\"},\"inLanguage\":\"en-US\",\"potentialAction\":[{\"@type\":\"ReadAction\",\"target\":[\"https:\\\/\\\/spawlab.pl\\\/en\\\/produkt\\\/ewm-alpha-q-551-pipe-solution-coldarc-forcearc-kopia-kopia-kopia-kopia-kopia-kopia-kopia-kopia-kopia-kopia-kopia-kopia-kopia-kopia\\\/\"]}]},{\"@type\":\"ImageObject\",\"inLanguage\":\"en-US\",\"@id\":\"https:\\\/\\\/spawlab.pl\\\/en\\\/produkt\\\/ewm-alpha-q-551-pipe-solution-coldarc-forcearc-kopia-kopia-kopia-kopia-kopia-kopia-kopia-kopia-kopia-kopia-kopia-kopia-kopia-kopia\\\/#primaryimage\",\"url\":\"https:\\\/\\\/spawlab.pl\\\/wp-content\\\/uploads\\\/2025\\\/03\\\/20250322_120600-scaled.jpg\",\"contentUrl\":\"https:\\\/\\\/spawlab.pl\\\/wp-content\\\/uploads\\\/2025\\\/03\\\/20250322_120600-scaled.jpg\",\"width\":1920,\"height\":2560},{\"@type\":\"BreadcrumbList\",\"@id\":\"https:\\\/\\\/spawlab.pl\\\/en\\\/produkt\\\/ewm-alpha-q-551-pipe-solution-coldarc-forcearc-kopia-kopia-kopia-kopia-kopia-kopia-kopia-kopia-kopia-kopia-kopia-kopia-kopia-kopia\\\/#breadcrumb\",\"itemListElement\":[{\"@type\":\"ListItem\",\"position\":1,\"name\":\"Strona g\u0142\u00f3wna\",\"item\":\"https:\\\/\\\/spawlab.pl\\\/en\\\/\"},{\"@type\":\"ListItem\",\"position\":2,\"name\":\"Store\",\"item\":\"https:\\\/\\\/spawlab.pl\\\/en\\\/shop\\\/\"},{\"@type\":\"ListItem\",\"position\":3,\"name\":\"EWM ALPHA Q 551 Pipe solution, ColdArc, ForceArc (Kopia) (Kopia) (Kopia) (Kopia) (Kopia) (Kopia) (Kopia) (Kopia) (Kopia) (Kopia) (Kopia) (Kopia) (Kopia) (Kopia)\"}]},{\"@type\":\"WebSite\",\"@id\":\"https:\\\/\\\/spawlab.pl\\\/en\\\/#website\",\"url\":\"https:\\\/\\\/spawlab.pl\\\/en\\\/\",\"name\":\"Spawlab.pl Lider - Spawarki, Przecinarki Plazmowe, Kompresory\",\"description\":\"Urz\u0105dzenia spawalnicze i Przecinarki plazmowe\\\/ nowe i u\u017cywane \\\/ Profesjonalny serwis\",\"publisher\":{\"@id\":\"https:\\\/\\\/spawlab.pl\\\/en\\\/#organization\"},\"alternateName\":\"Spawlab.pl - Dystrybutor Premium i Serwis na Polske Migatronic, Gys, Voestalpine Bohler Welding\",\"potentialAction\":[{\"@type\":\"SearchAction\",\"target\":{\"@type\":\"EntryPoint\",\"urlTemplate\":\"https:\\\/\\\/spawlab.pl\\\/en\\\/?s={search_term_string}\"},\"query-input\":{\"@type\":\"PropertyValueSpecification\",\"valueRequired\":true,\"valueName\":\"search_term_string\"}}],\"inLanguage\":\"en-US\"},{\"@type\":[\"Organization\",\"Place\"],\"@id\":\"https:\\\/\\\/spawlab.pl\\\/en\\\/#organization\",\"name\":\"Spawlab.pl\",\"url\":\"https:\\\/\\\/spawlab.pl\\\/en\\\/\",\"logo\":{\"@id\":\"https:\\\/\\\/spawlab.pl\\\/en\\\/produkt\\\/ewm-alpha-q-551-pipe-solution-coldarc-forcearc-kopia-kopia-kopia-kopia-kopia-kopia-kopia-kopia-kopia-kopia-kopia-kopia-kopia-kopia\\\/#local-main-organization-logo\"},\"image\":{\"@id\":\"https:\\\/\\\/spawlab.pl\\\/en\\\/produkt\\\/ewm-alpha-q-551-pipe-solution-coldarc-forcearc-kopia-kopia-kopia-kopia-kopia-kopia-kopia-kopia-kopia-kopia-kopia-kopia-kopia-kopia\\\/#local-main-organization-logo\"},\"sameAs\":[\"https:\\\/\\\/www.facebook.com\\\/Spawlab\\\/\",\"https:\\\/\\\/www.linkedin.com\\\/company\\\/spawlab\",\"https:\\\/\\\/www.instagram.com\\\/spawlab.pl\",\"https:\\\/\\\/www.tiktok.com\\\/@spawlab\"],\"description\":\"Lider sprzeda\u017cy, Oficjalny Dystrybutor Premium i Serwis na Polsk\u0119 Migatronic, Gys, Voestalpine Bohler Welding. Nowe i u\u017cywane Spawarki, Przecinarki Plazmowe, Kompresory. Mgr in\u017c. Jaros\u0142aw Ko\u0142aski, IWE\",\"hasMerchantReturnPolicy\":{\"@type\":\"MerchantReturnPolicy\",\"merchantReturnLink\":\"https:\\\/\\\/spawlab.pl\\\/polityka-prywatnosci-2\\\/\"},\"telephone\":[],\"openingHoursSpecification\":[{\"@type\":\"OpeningHoursSpecification\",\"dayOfWeek\":[\"Monday\",\"Tuesday\",\"Wednesday\",\"Thursday\",\"Friday\",\"Saturday\",\"Sunday\"],\"opens\":\"09:00\",\"closes\":\"17:00\"}]},{\"@type\":\"ImageObject\",\"inLanguage\":\"en-US\",\"@id\":\"https:\\\/\\\/spawlab.pl\\\/en\\\/produkt\\\/ewm-alpha-q-551-pipe-solution-coldarc-forcearc-kopia-kopia-kopia-kopia-kopia-kopia-kopia-kopia-kopia-kopia-kopia-kopia-kopia-kopia\\\/#local-main-organization-logo\",\"url\":\"https:\\\/\\\/spawlab.pl\\\/wp-content\\\/uploads\\\/2022\\\/01\\\/olx.jpg\",\"contentUrl\":\"https:\\\/\\\/spawlab.pl\\\/wp-content\\\/uploads\\\/2022\\\/01\\\/olx.jpg\",\"width\":200,\"height\":200,\"caption\":\"Spawlab.pl\"}]}<\/script>\n<meta property=\"product:price:amount\" content=\"40590.00\" \/>\n<meta property=\"product:price:currency\" content=\"PLN\" \/>\n<meta property=\"og:availability\" content=\"out of stock\" \/>\n<meta property=\"product:availability\" content=\"out of stock\" \/>\n<meta property=\"product:condition\" content=\"new\" \/>\n<!-- \/ Yoast SEO Premium plugin. -->","yoast_head_json":{"title":"EWM ALPHA Q 551 Pipe solution, ColdArc, ForceArc (Kopia) (Kopia) (Kopia) (Kopia) (Kopia) (Kopia) (Kopia) (Kopia) (Kopia) (Kopia) (Kopia) (Kopia) (Kopia) (Kopia) - SpawLab - Welding equipment and plasma cutters - store and service","description":"Lider sprzeda\u017cy, Oficjalny Dystrybutor Premium i Serwis na Polsk\u0119 Migatronic, Gys, Voestalpine Bohler Welding. Nowe i u\u017cywane Spawarki, Przecinarki Plazmowe, Kompresory. Mgr in\u017c. Jaros\u0142aw Ko\u0142aski, IWE","robots":{"index":"index","follow":"follow","max-snippet":"max-snippet:-1","max-image-preview":"max-image-preview:large","max-video-preview":"max-video-preview:-1"},"canonical":"https:\/\/spawlab.pl\/en\/produkt\/ewm-alpha-q-551-pipe-solution-coldarc-forcearc-kopia-kopia-kopia-kopia-kopia-kopia-kopia-kopia-kopia-kopia-kopia-kopia-kopia-kopia\/","og_locale":"en_US","og_type":"article","og_title":"EWM ALPHA Q 551 Pipe solution, ColdArc, ForceArc (Kopia) (Kopia) (Kopia) (Kopia) (Kopia) (Kopia) (Kopia) (Kopia) (Kopia) (Kopia) (Kopia) (Kopia) (Kopia) (Kopia)","og_description":"Lider sprzeda\u017cy, Oficjalny Dystrybutor Premium i Serwis na Polsk\u0119 Migatronic, Gys, Voestalpine Bohler Welding. Nowe i u\u017cywane Spawarki, Przecinarki Plazmowe, Kompresory. Mgr in\u017c. Jaros\u0142aw Ko\u0142aski, IWE","og_url":"https:\/\/spawlab.pl\/en\/produkt\/ewm-alpha-q-551-pipe-solution-coldarc-forcearc-kopia-kopia-kopia-kopia-kopia-kopia-kopia-kopia-kopia-kopia-kopia-kopia-kopia-kopia\/","og_site_name":"SpawLab - Welding equipment and plasma cutters - store and service","article_publisher":"https:\/\/www.facebook.com\/Spawlab\/","article_modified_time":"2025-03-24T10:52:55+00:00","og_image":[{"width":1920,"height":2560,"url":"https:\/\/spawlab.pl\/wp-content\/uploads\/2025\/03\/20250322_120600-scaled.jpg","type":"image\/jpeg"}],"twitter_misc":{"Price":"40 590,00&nbsp;&#122;&#322; (33 000,00&nbsp;&#122;&#322; netto)","Availability":"Out of stock"},"schema":{"@context":"https:\/\/schema.org","@graph":[{"@type":["WebPage","ItemPage"],"@id":"https:\/\/spawlab.pl\/en\/produkt\/ewm-alpha-q-551-pipe-solution-coldarc-forcearc-kopia-kopia-kopia-kopia-kopia-kopia-kopia-kopia-kopia-kopia-kopia-kopia-kopia-kopia\/","url":"https:\/\/spawlab.pl\/en\/produkt\/ewm-alpha-q-551-pipe-solution-coldarc-forcearc-kopia-kopia-kopia-kopia-kopia-kopia-kopia-kopia-kopia-kopia-kopia-kopia-kopia-kopia\/","name":"EWM ALPHA Q 551 Pipe solution, ColdArc, ForceArc (Kopia) (Kopia) (Kopia) (Kopia) (Kopia) (Kopia) (Kopia) (Kopia) (Kopia) (Kopia) (Kopia) (Kopia) (Kopia) (Kopia) - SpawLab - Welding equipment and plasma cutters - store and service","isPartOf":{"@id":"https:\/\/spawlab.pl\/en\/#website"},"primaryImageOfPage":{"@id":"https:\/\/spawlab.pl\/en\/produkt\/ewm-alpha-q-551-pipe-solution-coldarc-forcearc-kopia-kopia-kopia-kopia-kopia-kopia-kopia-kopia-kopia-kopia-kopia-kopia-kopia-kopia\/#primaryimage"},"image":{"@id":"https:\/\/spawlab.pl\/en\/produkt\/ewm-alpha-q-551-pipe-solution-coldarc-forcearc-kopia-kopia-kopia-kopia-kopia-kopia-kopia-kopia-kopia-kopia-kopia-kopia-kopia-kopia\/#primaryimage"},"thumbnailUrl":"https:\/\/spawlab.pl\/wp-content\/uploads\/2025\/03\/20250322_120600-scaled.jpg","datePublished":"2025-03-24T10:21:30+00:00","dateModified":"2025-03-24T10:52:55+00:00","description":"Lider sprzeda\u017cy, Oficjalny Dystrybutor Premium i Serwis na Polsk\u0119 Migatronic, Gys, Voestalpine Bohler Welding. Nowe i u\u017cywane Spawarki, Przecinarki Plazmowe, Kompresory. Mgr in\u017c. Jaros\u0142aw Ko\u0142aski, IWE","breadcrumb":{"@id":"https:\/\/spawlab.pl\/en\/produkt\/ewm-alpha-q-551-pipe-solution-coldarc-forcearc-kopia-kopia-kopia-kopia-kopia-kopia-kopia-kopia-kopia-kopia-kopia-kopia-kopia-kopia\/#breadcrumb"},"inLanguage":"en-US","potentialAction":[{"@type":"ReadAction","target":["https:\/\/spawlab.pl\/en\/produkt\/ewm-alpha-q-551-pipe-solution-coldarc-forcearc-kopia-kopia-kopia-kopia-kopia-kopia-kopia-kopia-kopia-kopia-kopia-kopia-kopia-kopia\/"]}]},{"@type":"ImageObject","inLanguage":"en-US","@id":"https:\/\/spawlab.pl\/en\/produkt\/ewm-alpha-q-551-pipe-solution-coldarc-forcearc-kopia-kopia-kopia-kopia-kopia-kopia-kopia-kopia-kopia-kopia-kopia-kopia-kopia-kopia\/#primaryimage","url":"https:\/\/spawlab.pl\/wp-content\/uploads\/2025\/03\/20250322_120600-scaled.jpg","contentUrl":"https:\/\/spawlab.pl\/wp-content\/uploads\/2025\/03\/20250322_120600-scaled.jpg","width":1920,"height":2560},{"@type":"BreadcrumbList","@id":"https:\/\/spawlab.pl\/en\/produkt\/ewm-alpha-q-551-pipe-solution-coldarc-forcearc-kopia-kopia-kopia-kopia-kopia-kopia-kopia-kopia-kopia-kopia-kopia-kopia-kopia-kopia\/#breadcrumb","itemListElement":[{"@type":"ListItem","position":1,"name":"Strona g\u0142\u00f3wna","item":"https:\/\/spawlab.pl\/en\/"},{"@type":"ListItem","position":2,"name":"Store","item":"https:\/\/spawlab.pl\/en\/shop\/"},{"@type":"ListItem","position":3,"name":"EWM ALPHA Q 551 Pipe solution, ColdArc, ForceArc (Kopia) (Kopia) (Kopia) (Kopia) (Kopia) (Kopia) (Kopia) (Kopia) (Kopia) (Kopia) (Kopia) (Kopia) (Kopia) (Kopia)"}]},{"@type":"WebSite","@id":"https:\/\/spawlab.pl\/en\/#website","url":"https:\/\/spawlab.pl\/en\/","name":"Spawlab.pl Lider - Spawarki, Przecinarki Plazmowe, Kompresory","description":"Urz\u0105dzenia spawalnicze i Przecinarki plazmowe\/ nowe i u\u017cywane \/ Profesjonalny serwis","publisher":{"@id":"https:\/\/spawlab.pl\/en\/#organization"},"alternateName":"Spawlab.pl - Dystrybutor Premium i Serwis na Polske Migatronic, Gys, Voestalpine Bohler Welding","potentialAction":[{"@type":"SearchAction","target":{"@type":"EntryPoint","urlTemplate":"https:\/\/spawlab.pl\/en\/?s={search_term_string}"},"query-input":{"@type":"PropertyValueSpecification","valueRequired":true,"valueName":"search_term_string"}}],"inLanguage":"en-US"},{"@type":["Organization","Place"],"@id":"https:\/\/spawlab.pl\/en\/#organization","name":"Spawlab.pl","url":"https:\/\/spawlab.pl\/en\/","logo":{"@id":"https:\/\/spawlab.pl\/en\/produkt\/ewm-alpha-q-551-pipe-solution-coldarc-forcearc-kopia-kopia-kopia-kopia-kopia-kopia-kopia-kopia-kopia-kopia-kopia-kopia-kopia-kopia\/#local-main-organization-logo"},"image":{"@id":"https:\/\/spawlab.pl\/en\/produkt\/ewm-alpha-q-551-pipe-solution-coldarc-forcearc-kopia-kopia-kopia-kopia-kopia-kopia-kopia-kopia-kopia-kopia-kopia-kopia-kopia-kopia\/#local-main-organization-logo"},"sameAs":["https:\/\/www.facebook.com\/Spawlab\/","https:\/\/www.linkedin.com\/company\/spawlab","https:\/\/www.instagram.com\/spawlab.pl","https:\/\/www.tiktok.com\/@spawlab"],"description":"Lider sprzeda\u017cy, Oficjalny Dystrybutor Premium i Serwis na Polsk\u0119 Migatronic, Gys, Voestalpine Bohler Welding. Nowe i u\u017cywane Spawarki, Przecinarki Plazmowe, Kompresory. Mgr in\u017c. Jaros\u0142aw Ko\u0142aski, IWE","hasMerchantReturnPolicy":{"@type":"MerchantReturnPolicy","merchantReturnLink":"https:\/\/spawlab.pl\/polityka-prywatnosci-2\/"},"telephone":[],"openingHoursSpecification":[{"@type":"OpeningHoursSpecification","dayOfWeek":["Monday","Tuesday","Wednesday","Thursday","Friday","Saturday","Sunday"],"opens":"09:00","closes":"17:00"}]},{"@type":"ImageObject","inLanguage":"en-US","@id":"https:\/\/spawlab.pl\/en\/produkt\/ewm-alpha-q-551-pipe-solution-coldarc-forcearc-kopia-kopia-kopia-kopia-kopia-kopia-kopia-kopia-kopia-kopia-kopia-kopia-kopia-kopia\/#local-main-organization-logo","url":"https:\/\/spawlab.pl\/wp-content\/uploads\/2022\/01\/olx.jpg","contentUrl":"https:\/\/spawlab.pl\/wp-content\/uploads\/2022\/01\/olx.jpg","width":200,"height":200,"caption":"Spawlab.pl"}]},"product_price_amount":"40590.00","product_price_currency":"PLN","og_availability":"out of stock","product_availability":"out of stock","product_condition":"new"},"_links":{"self":[{"href":"https:\/\/spawlab.pl\/en\/wp-json\/wp\/v2\/product\/23793","targetHints":{"allow":["GET"]}}],"collection":[{"href":"https:\/\/spawlab.pl\/en\/wp-json\/wp\/v2\/product"}],"about":[{"href":"https:\/\/spawlab.pl\/en\/wp-json\/wp\/v2\/types\/product"}],"wp:featuredmedia":[{"embeddable":true,"href":"https:\/\/spawlab.pl\/en\/wp-json\/wp\/v2\/media\/23797"}],"wp:attachment":[{"href":"https:\/\/spawlab.pl\/en\/wp-json\/wp\/v2\/media?parent=23793"}],"wp:term":[{"taxonomy":"product_brand","embeddable":true,"href":"https:\/\/spawlab.pl\/en\/wp-json\/wp\/v2\/product_brand?post=23793"},{"taxonomy":"product_cat","embeddable":true,"href":"https:\/\/spawlab.pl\/en\/wp-json\/wp\/v2\/product_cat?post=23793"},{"taxonomy":"product_tag","embeddable":true,"href":"https:\/\/spawlab.pl\/en\/wp-json\/wp\/v2\/product_tag?post=23793"}],"curies":[{"name":"wp","href":"https:\/\/api.w.org\/{rel}","templated":true}]}}