{"id":30110,"date":"2022-01-02T21:55:25","date_gmt":"2022-01-02T20:55:25","guid":{"rendered":"https:\/\/spawlab.pl\/produkt\/trafilux-trafimig-200-dual-pulse\/"},"modified":"2022-01-02T21:55:25","modified_gmt":"2022-01-02T20:55:25","slug":"trafilux-trafimig-200-dual-pulse","status":"publish","type":"product","link":"https:\/\/spawlab.pl\/en\/produkt\/trafilux-trafimig-200-dual-pulse\/","title":{"rendered":"TRAFILUX TRAFIMIG 200 DUAL PULSE"},"content":{"rendered":"<p>TRAFILUX TRAFIMIG 200 DUAL PULS<br \/>\nThis is a high-tech synergistic inverter source designed for welding low-carbon steels, low- and high-alloy steels, aluminum and its alloys, copper and its alloys. The device is based on IGBT transistors that ensure minimum electromagnetic interference, low power loss in the basic circuits, enabling increased efficiency and reliability of the current source. The device has an energy-saving fan, reducing power consumption and reducing noise levels. Parameter settings are facilitated by an easy-to-read LCD display.   <\/p>\n<p>MIG 200 Dual pulse allows operation in modes<br \/>\nMIG\/MAG &#8211; Synergy or Manual mode<br \/>\nMIG\/MAG &#8211; Single pulse<br \/>\nMIG\/MAG &#8211; Dual pulse<br \/>\nTIG LIFT &#8211; Pulse<br \/>\nTIG LIFT without pulse<\/p>\n<p>SPOT &#8211; spot welding &#8211; continuous spot welding<br \/>\nFCAW &#8211; self-consuming wire welding<br \/>\nMMA<br \/>\nMMA PULS + pulse electrode welding<br \/>\nMIG pulse frequency 0.5-5.0 Hz \/ TIG pulse frequency 0.5-100 Hz<\/p>\n<p>MMA mode &#8211; Adjustment of arc dynamics, Adjustment of hot start value and duration, VRD module<\/p>\n<p>TIG pulse mode &#8211; adjustment of pulse frequency, pulse balance, peak current value.<\/p>\n<p>Arc ignition can be performed in 4 modes:<\/p>\n<p>2 bar &#8211; 4 bar &#8211; S4T (special 4 bar) &#8211; S2T (special two bar)<\/p>\n<p>REMOTE CONTROL &#8211; WIFI<br \/>\nThe device is equipped with a WIFI module, thanks to which it is possible to remotely control it using a phone\/tablet with android operating system. To control it, you need a free app, available at TRAFILUX equipment dealers. <\/p>\n<table>\n<tbody>\n<tr>\n<td><\/td>\n<td colspan=\"2\">TRAFIMIG-200DP<\/td>\n<\/tr>\n<tr>\n<td>Welding current (A)<\/td>\n<td colspan=\"2\">20\uff5e200A<\/td>\n<\/tr>\n<tr>\n<td>Material selection<\/td>\n<td>AlSi5 Ar, AlMg5 Ar, <\/p>\n<p>AlMg4.5,<\/td>\n<td>Fe Co2\uff0cFe Ar82\uff0c <\/p>\n<p>E308 Ar98<\/td>\n<\/tr>\n<tr>\n<td>Wire diameter (mm)<\/td>\n<td>1.0\uff0c1.2<\/td>\n<td>0.8\uff0c1.0<\/td>\n<\/tr>\n<tr>\n<td>Modes of operation<\/td>\n<td colspan=\"2\">2T\uff0c4T\uff0cS2T\uff0cS4T\uff0cSpot\uff0cCpot<\/td>\n<\/tr>\n<tr>\n<td>Inductance (Forc)<\/td>\n<td colspan=\"2\">-90%\uff5e50%<\/td>\n<\/tr>\n<tr>\n<td>Wire burning (Burn)<\/td>\n<td colspan=\"2\">-90%\uff5e90%<\/td>\n<\/tr>\n<tr>\n<td>Spot welding welding time (S)<\/td>\n<td colspan=\"2\">0.1\uff5e9.9s<\/td>\n<\/tr>\n<tr>\n<td>Pulse frequency (Hz)<\/td>\n<td colspan=\"2\">0.5\uff5e5.0Hz<\/td>\n<\/tr>\n<tr>\n<td>Balance in Pulse<\/td>\n<td colspan=\"2\">20%\uff5e80%<\/td>\n<\/tr>\n<tr>\n<td>Peak current in Pulse (Ip-p)<\/td>\n<td colspan=\"2\">5%\uff5e50%<\/td>\n<\/tr>\n<tr>\n<td>Base Current (PU) Arc Length<\/td>\n<td colspan=\"2\">-50%\uff5e50%<\/td>\n<\/tr>\n<tr>\n<td>Peak current arc length (BU)<\/td>\n<td colspan=\"2\">-50%\uff5e50%<\/td>\n<\/tr>\n<tr>\n<td>Slow feeder start (StFd)<\/td>\n<td colspan=\"2\">1\uff5e13m<\/td>\n<\/tr>\n<tr>\n<td>Spot welding &#8211; break time (Stop)<\/td>\n<td colspan=\"2\">0.1\uff5e25.5s<\/td>\n<\/tr>\n<tr>\n<td>Gas advance (Freg)<\/td>\n<td colspan=\"2\">0\uff5e10s<\/td>\n<\/tr>\n<tr>\n<td>Gas delay (Post)<\/td>\n<td colspan=\"2\">0.1\uff5e50s<\/td>\n<\/tr>\n<\/tbody>\n<\/table>\n","protected":false},"excerpt":{"rendered":"<p>TRAFILUX TRAFIMIG 200 DUAL PULS This is a high-tech synergistic inverter source designed for welding low-carbon steels, low- and high-alloy steels, aluminum and its alloys, copper and its alloys. The device is based on IGBT transistors that ensure minimum electromagnetic interference, low power loss in the basic circuits, enabling increased efficiency and reliability of the [&hellip;]<\/p>\n","protected":false},"featured_media":14362,"template":"","meta":{"inline_featured_image":false},"product_brand":[],"product_cat":[498,512,474],"product_tag":[],"class_list":{"0":"post-30110","1":"product","2":"type-product","3":"status-publish","4":"has-post-thumbnail","6":"product_cat-gas-cooled-en-7","7":"product_cat-mig-mag-en-2","8":"product_cat-new","10":"first","11":"instock","12":"taxable","13":"shipping-taxable","14":"purchasable","15":"product-type-simple"},"yoast_head":"<!-- This site is optimized with the Yoast SEO Premium plugin v27.0 (Yoast SEO v27.3) - https:\/\/yoast.com\/product\/yoast-seo-premium-wordpress\/ -->\n<title>TRAFILUX TRAFIMIG 200 DUAL PULSE - SpawLab - Welding equipment and plasma cutters - store and service<\/title>\n<meta name=\"description\" content=\"Lider sprzeda\u017cy, Oficjalny Dystrybutor Premium i Serwis na Polsk\u0119 Migatronic, Gys, Voestalpine Bohler Welding. Nowe i u\u017cywane Spawarki, Przecinarki Plazmowe, Kompresory. Mgr in\u017c. Jaros\u0142aw Ko\u0142aski, IWE\" \/>\n<meta name=\"robots\" content=\"index, follow, max-snippet:-1, max-image-preview:large, max-video-preview:-1\" \/>\n<link rel=\"canonical\" href=\"https:\/\/spawlab.pl\/en\/produkt\/trafilux-trafimig-200-dual-pulse\/\" \/>\n<meta property=\"og:locale\" content=\"en_US\" \/>\n<meta property=\"og:type\" content=\"article\" \/>\n<meta property=\"og:title\" content=\"TRAFILUX TRAFIMIG 200 DUAL PULSE\" \/>\n<meta property=\"og:description\" content=\"Lider sprzeda\u017cy, Oficjalny Dystrybutor Premium i Serwis na Polsk\u0119 Migatronic, Gys, Voestalpine Bohler Welding. Nowe i u\u017cywane Spawarki, Przecinarki Plazmowe, Kompresory. Mgr in\u017c. Jaros\u0142aw Ko\u0142aski, IWE\" \/>\n<meta property=\"og:url\" content=\"https:\/\/spawlab.pl\/en\/produkt\/trafilux-trafimig-200-dual-pulse\/\" \/>\n<meta property=\"og:site_name\" content=\"SpawLab - Welding equipment and plasma cutters - store and service\" \/>\n<meta property=\"article:publisher\" content=\"https:\/\/www.facebook.com\/Spawlab\/\" \/>\n<meta property=\"og:image\" content=\"https:\/\/spawlab.pl\/wp-content\/uploads\/2025\/06\/LOGO-SPOLECZN-scaled.png\" \/>\n\t<meta property=\"og:image:width\" content=\"2560\" \/>\n\t<meta property=\"og:image:height\" content=\"1440\" \/>\n\t<meta property=\"og:image:type\" content=\"image\/png\" \/>\n<meta name=\"twitter:label1\" content=\"Price\" \/>\n\t<meta name=\"twitter:data1\" content=\"2 309,00&nbsp;&#122;&#322; (1 877,24&nbsp;&#122;&#322; netto)\" \/>\n\t<meta name=\"twitter:label2\" content=\"Availability\" \/>\n\t<meta name=\"twitter:data2\" content=\"In stock\" \/>\n<script type=\"application\/ld+json\" class=\"yoast-schema-graph\">{\"@context\":\"https:\\\/\\\/schema.org\",\"@graph\":[{\"@type\":[\"WebPage\",\"ItemPage\"],\"@id\":\"https:\\\/\\\/spawlab.pl\\\/en\\\/produkt\\\/trafilux-trafimig-200-dual-pulse\\\/\",\"url\":\"https:\\\/\\\/spawlab.pl\\\/en\\\/produkt\\\/trafilux-trafimig-200-dual-pulse\\\/\",\"name\":\"TRAFILUX TRAFIMIG 200 DUAL PULSE - SpawLab - Welding equipment and plasma cutters - store and service\",\"isPartOf\":{\"@id\":\"https:\\\/\\\/spawlab.pl\\\/en\\\/#website\"},\"primaryImageOfPage\":{\"@id\":\"https:\\\/\\\/spawlab.pl\\\/en\\\/produkt\\\/trafilux-trafimig-200-dual-pulse\\\/#primaryimage\"},\"image\":{\"@id\":\"https:\\\/\\\/spawlab.pl\\\/en\\\/produkt\\\/trafilux-trafimig-200-dual-pulse\\\/#primaryimage\"},\"thumbnailUrl\":\"https:\\\/\\\/spawlab.pl\\\/wp-content\\\/uploads\\\/2022\\\/01\\\/MIG200DP-V2.jpg\",\"datePublished\":\"2022-01-02T20:55:25+00:00\",\"description\":\"Lider sprzeda\u017cy, Oficjalny Dystrybutor Premium i Serwis na Polsk\u0119 Migatronic, Gys, Voestalpine Bohler Welding. Nowe i u\u017cywane Spawarki, Przecinarki Plazmowe, Kompresory. Mgr in\u017c. Jaros\u0142aw Ko\u0142aski, IWE\",\"breadcrumb\":{\"@id\":\"https:\\\/\\\/spawlab.pl\\\/en\\\/produkt\\\/trafilux-trafimig-200-dual-pulse\\\/#breadcrumb\"},\"inLanguage\":\"en-US\",\"potentialAction\":[{\"@type\":\"ReadAction\",\"target\":[\"https:\\\/\\\/spawlab.pl\\\/en\\\/produkt\\\/trafilux-trafimig-200-dual-pulse\\\/\"]}]},{\"@type\":\"ImageObject\",\"inLanguage\":\"en-US\",\"@id\":\"https:\\\/\\\/spawlab.pl\\\/en\\\/produkt\\\/trafilux-trafimig-200-dual-pulse\\\/#primaryimage\",\"url\":\"https:\\\/\\\/spawlab.pl\\\/wp-content\\\/uploads\\\/2022\\\/01\\\/MIG200DP-V2.jpg\",\"contentUrl\":\"https:\\\/\\\/spawlab.pl\\\/wp-content\\\/uploads\\\/2022\\\/01\\\/MIG200DP-V2.jpg\",\"width\":1000,\"height\":1045},{\"@type\":\"BreadcrumbList\",\"@id\":\"https:\\\/\\\/spawlab.pl\\\/en\\\/produkt\\\/trafilux-trafimig-200-dual-pulse\\\/#breadcrumb\",\"itemListElement\":[{\"@type\":\"ListItem\",\"position\":1,\"name\":\"Strona g\u0142\u00f3wna\",\"item\":\"https:\\\/\\\/spawlab.pl\\\/en\\\/\"},{\"@type\":\"ListItem\",\"position\":2,\"name\":\"Store\",\"item\":\"https:\\\/\\\/spawlab.pl\\\/en\\\/shop\\\/\"},{\"@type\":\"ListItem\",\"position\":3,\"name\":\"TRAFILUX TRAFIMIG 200 DUAL PULSE\"}]},{\"@type\":\"WebSite\",\"@id\":\"https:\\\/\\\/spawlab.pl\\\/en\\\/#website\",\"url\":\"https:\\\/\\\/spawlab.pl\\\/en\\\/\",\"name\":\"Spawlab.pl Lider - Spawarki, Przecinarki Plazmowe, Kompresory\",\"description\":\"Urz\u0105dzenia spawalnicze i Przecinarki plazmowe\\\/ nowe i u\u017cywane \\\/ Profesjonalny serwis\",\"publisher\":{\"@id\":\"https:\\\/\\\/spawlab.pl\\\/en\\\/#organization\"},\"alternateName\":\"Spawlab.pl - Dystrybutor Premium i Serwis na Polske Migatronic, Gys, Voestalpine Bohler Welding\",\"potentialAction\":[{\"@type\":\"SearchAction\",\"target\":{\"@type\":\"EntryPoint\",\"urlTemplate\":\"https:\\\/\\\/spawlab.pl\\\/en\\\/?s={search_term_string}\"},\"query-input\":{\"@type\":\"PropertyValueSpecification\",\"valueRequired\":true,\"valueName\":\"search_term_string\"}}],\"inLanguage\":\"en-US\"},{\"@type\":[\"Organization\",\"Place\"],\"@id\":\"https:\\\/\\\/spawlab.pl\\\/en\\\/#organization\",\"name\":\"Spawlab.pl\",\"url\":\"https:\\\/\\\/spawlab.pl\\\/en\\\/\",\"logo\":{\"@id\":\"https:\\\/\\\/spawlab.pl\\\/en\\\/produkt\\\/trafilux-trafimig-200-dual-pulse\\\/#local-main-organization-logo\"},\"image\":{\"@id\":\"https:\\\/\\\/spawlab.pl\\\/en\\\/produkt\\\/trafilux-trafimig-200-dual-pulse\\\/#local-main-organization-logo\"},\"sameAs\":[\"https:\\\/\\\/www.facebook.com\\\/Spawlab\\\/\",\"https:\\\/\\\/www.linkedin.com\\\/company\\\/spawlab\",\"https:\\\/\\\/www.instagram.com\\\/spawlab.pl\",\"https:\\\/\\\/www.tiktok.com\\\/@spawlab\"],\"description\":\"Lider sprzeda\u017cy, Oficjalny Dystrybutor Premium i Serwis na Polsk\u0119 Migatronic, Gys, Voestalpine Bohler Welding. Nowe i u\u017cywane Spawarki, Przecinarki Plazmowe, Kompresory. Mgr in\u017c. Jaros\u0142aw Ko\u0142aski, IWE\",\"hasMerchantReturnPolicy\":{\"@type\":\"MerchantReturnPolicy\",\"merchantReturnLink\":\"https:\\\/\\\/spawlab.pl\\\/polityka-prywatnosci-2\\\/\"},\"telephone\":[],\"openingHoursSpecification\":[{\"@type\":\"OpeningHoursSpecification\",\"dayOfWeek\":[\"Monday\",\"Tuesday\",\"Wednesday\",\"Thursday\",\"Friday\",\"Saturday\",\"Sunday\"],\"opens\":\"09:00\",\"closes\":\"17:00\"}]},{\"@type\":\"ImageObject\",\"inLanguage\":\"en-US\",\"@id\":\"https:\\\/\\\/spawlab.pl\\\/en\\\/produkt\\\/trafilux-trafimig-200-dual-pulse\\\/#local-main-organization-logo\",\"url\":\"https:\\\/\\\/spawlab.pl\\\/wp-content\\\/uploads\\\/2022\\\/01\\\/olx.jpg\",\"contentUrl\":\"https:\\\/\\\/spawlab.pl\\\/wp-content\\\/uploads\\\/2022\\\/01\\\/olx.jpg\",\"width\":200,\"height\":200,\"caption\":\"Spawlab.pl\"}]}<\/script>\n<meta property=\"product:brand\" content=\"Trafilux\" \/>\n<meta property=\"product:price:amount\" content=\"2309.00\" \/>\n<meta property=\"product:price:currency\" content=\"PLN\" \/>\n<meta property=\"og:availability\" content=\"instock\" \/>\n<meta property=\"product:availability\" content=\"instock\" \/>\n<meta property=\"product:condition\" content=\"new\" \/>\n<!-- \/ Yoast SEO Premium plugin. -->","yoast_head_json":{"title":"TRAFILUX TRAFIMIG 200 DUAL PULSE - SpawLab - Welding equipment and plasma cutters - store and service","description":"Lider sprzeda\u017cy, Oficjalny Dystrybutor Premium i Serwis na Polsk\u0119 Migatronic, Gys, Voestalpine Bohler Welding. Nowe i u\u017cywane Spawarki, Przecinarki Plazmowe, Kompresory. Mgr in\u017c. Jaros\u0142aw Ko\u0142aski, IWE","robots":{"index":"index","follow":"follow","max-snippet":"max-snippet:-1","max-image-preview":"max-image-preview:large","max-video-preview":"max-video-preview:-1"},"canonical":"https:\/\/spawlab.pl\/en\/produkt\/trafilux-trafimig-200-dual-pulse\/","og_locale":"en_US","og_type":"article","og_title":"TRAFILUX TRAFIMIG 200 DUAL PULSE","og_description":"Lider sprzeda\u017cy, Oficjalny Dystrybutor Premium i Serwis na Polsk\u0119 Migatronic, Gys, Voestalpine Bohler Welding. Nowe i u\u017cywane Spawarki, Przecinarki Plazmowe, Kompresory. Mgr in\u017c. Jaros\u0142aw Ko\u0142aski, IWE","og_url":"https:\/\/spawlab.pl\/en\/produkt\/trafilux-trafimig-200-dual-pulse\/","og_site_name":"SpawLab - Welding equipment and plasma cutters - store and service","article_publisher":"https:\/\/www.facebook.com\/Spawlab\/","og_image":[{"width":2560,"height":1440,"url":"https:\/\/spawlab.pl\/wp-content\/uploads\/2025\/06\/LOGO-SPOLECZN-scaled.png","type":"image\/png"}],"twitter_misc":{"Price":"2 309,00&nbsp;&#122;&#322; (1 877,24&nbsp;&#122;&#322; netto)","Availability":"In stock"},"schema":{"@context":"https:\/\/schema.org","@graph":[{"@type":["WebPage","ItemPage"],"@id":"https:\/\/spawlab.pl\/en\/produkt\/trafilux-trafimig-200-dual-pulse\/","url":"https:\/\/spawlab.pl\/en\/produkt\/trafilux-trafimig-200-dual-pulse\/","name":"TRAFILUX TRAFIMIG 200 DUAL PULSE - SpawLab - Welding equipment and plasma cutters - store and service","isPartOf":{"@id":"https:\/\/spawlab.pl\/en\/#website"},"primaryImageOfPage":{"@id":"https:\/\/spawlab.pl\/en\/produkt\/trafilux-trafimig-200-dual-pulse\/#primaryimage"},"image":{"@id":"https:\/\/spawlab.pl\/en\/produkt\/trafilux-trafimig-200-dual-pulse\/#primaryimage"},"thumbnailUrl":"https:\/\/spawlab.pl\/wp-content\/uploads\/2022\/01\/MIG200DP-V2.jpg","datePublished":"2022-01-02T20:55:25+00:00","description":"Lider sprzeda\u017cy, Oficjalny Dystrybutor Premium i Serwis na Polsk\u0119 Migatronic, Gys, Voestalpine Bohler Welding. Nowe i u\u017cywane Spawarki, Przecinarki Plazmowe, Kompresory. Mgr in\u017c. Jaros\u0142aw Ko\u0142aski, IWE","breadcrumb":{"@id":"https:\/\/spawlab.pl\/en\/produkt\/trafilux-trafimig-200-dual-pulse\/#breadcrumb"},"inLanguage":"en-US","potentialAction":[{"@type":"ReadAction","target":["https:\/\/spawlab.pl\/en\/produkt\/trafilux-trafimig-200-dual-pulse\/"]}]},{"@type":"ImageObject","inLanguage":"en-US","@id":"https:\/\/spawlab.pl\/en\/produkt\/trafilux-trafimig-200-dual-pulse\/#primaryimage","url":"https:\/\/spawlab.pl\/wp-content\/uploads\/2022\/01\/MIG200DP-V2.jpg","contentUrl":"https:\/\/spawlab.pl\/wp-content\/uploads\/2022\/01\/MIG200DP-V2.jpg","width":1000,"height":1045},{"@type":"BreadcrumbList","@id":"https:\/\/spawlab.pl\/en\/produkt\/trafilux-trafimig-200-dual-pulse\/#breadcrumb","itemListElement":[{"@type":"ListItem","position":1,"name":"Strona g\u0142\u00f3wna","item":"https:\/\/spawlab.pl\/en\/"},{"@type":"ListItem","position":2,"name":"Store","item":"https:\/\/spawlab.pl\/en\/shop\/"},{"@type":"ListItem","position":3,"name":"TRAFILUX TRAFIMIG 200 DUAL PULSE"}]},{"@type":"WebSite","@id":"https:\/\/spawlab.pl\/en\/#website","url":"https:\/\/spawlab.pl\/en\/","name":"Spawlab.pl Lider - Spawarki, Przecinarki Plazmowe, Kompresory","description":"Urz\u0105dzenia spawalnicze i Przecinarki plazmowe\/ nowe i u\u017cywane \/ Profesjonalny serwis","publisher":{"@id":"https:\/\/spawlab.pl\/en\/#organization"},"alternateName":"Spawlab.pl - Dystrybutor Premium i Serwis na Polske Migatronic, Gys, Voestalpine Bohler Welding","potentialAction":[{"@type":"SearchAction","target":{"@type":"EntryPoint","urlTemplate":"https:\/\/spawlab.pl\/en\/?s={search_term_string}"},"query-input":{"@type":"PropertyValueSpecification","valueRequired":true,"valueName":"search_term_string"}}],"inLanguage":"en-US"},{"@type":["Organization","Place"],"@id":"https:\/\/spawlab.pl\/en\/#organization","name":"Spawlab.pl","url":"https:\/\/spawlab.pl\/en\/","logo":{"@id":"https:\/\/spawlab.pl\/en\/produkt\/trafilux-trafimig-200-dual-pulse\/#local-main-organization-logo"},"image":{"@id":"https:\/\/spawlab.pl\/en\/produkt\/trafilux-trafimig-200-dual-pulse\/#local-main-organization-logo"},"sameAs":["https:\/\/www.facebook.com\/Spawlab\/","https:\/\/www.linkedin.com\/company\/spawlab","https:\/\/www.instagram.com\/spawlab.pl","https:\/\/www.tiktok.com\/@spawlab"],"description":"Lider sprzeda\u017cy, Oficjalny Dystrybutor Premium i Serwis na Polsk\u0119 Migatronic, Gys, Voestalpine Bohler Welding. Nowe i u\u017cywane Spawarki, Przecinarki Plazmowe, Kompresory. Mgr in\u017c. Jaros\u0142aw Ko\u0142aski, IWE","hasMerchantReturnPolicy":{"@type":"MerchantReturnPolicy","merchantReturnLink":"https:\/\/spawlab.pl\/polityka-prywatnosci-2\/"},"telephone":[],"openingHoursSpecification":[{"@type":"OpeningHoursSpecification","dayOfWeek":["Monday","Tuesday","Wednesday","Thursday","Friday","Saturday","Sunday"],"opens":"09:00","closes":"17:00"}]},{"@type":"ImageObject","inLanguage":"en-US","@id":"https:\/\/spawlab.pl\/en\/produkt\/trafilux-trafimig-200-dual-pulse\/#local-main-organization-logo","url":"https:\/\/spawlab.pl\/wp-content\/uploads\/2022\/01\/olx.jpg","contentUrl":"https:\/\/spawlab.pl\/wp-content\/uploads\/2022\/01\/olx.jpg","width":200,"height":200,"caption":"Spawlab.pl"}]},"product_brand":"Trafilux","product_price_amount":"2309.00","product_price_currency":"PLN","og_availability":"instock","product_availability":"instock","product_condition":"new"},"_links":{"self":[{"href":"https:\/\/spawlab.pl\/en\/wp-json\/wp\/v2\/product\/30110","targetHints":{"allow":["GET"]}}],"collection":[{"href":"https:\/\/spawlab.pl\/en\/wp-json\/wp\/v2\/product"}],"about":[{"href":"https:\/\/spawlab.pl\/en\/wp-json\/wp\/v2\/types\/product"}],"wp:featuredmedia":[{"embeddable":true,"href":"https:\/\/spawlab.pl\/en\/wp-json\/wp\/v2\/media\/14362"}],"wp:attachment":[{"href":"https:\/\/spawlab.pl\/en\/wp-json\/wp\/v2\/media?parent=30110"}],"wp:term":[{"taxonomy":"product_brand","embeddable":true,"href":"https:\/\/spawlab.pl\/en\/wp-json\/wp\/v2\/product_brand?post=30110"},{"taxonomy":"product_cat","embeddable":true,"href":"https:\/\/spawlab.pl\/en\/wp-json\/wp\/v2\/product_cat?post=30110"},{"taxonomy":"product_tag","embeddable":true,"href":"https:\/\/spawlab.pl\/en\/wp-json\/wp\/v2\/product_tag?post=30110"}],"curies":[{"name":"wp","href":"https:\/\/api.w.org\/{rel}","templated":true}]}}