{"id":30114,"date":"2022-01-02T21:48:39","date_gmt":"2022-01-02T20:48:39","guid":{"rendered":"https:\/\/spawlab.pl\/produkt\/trafilux-trafimig-350-dual-puls-pro\/"},"modified":"2022-01-02T21:48:39","modified_gmt":"2022-01-02T20:48:39","slug":"trafilux-trafimig-350-dual-puls-pro","status":"publish","type":"product","link":"https:\/\/spawlab.pl\/en\/produkt\/trafilux-trafimig-350-dual-puls-pro\/","title":{"rendered":"Trafilux TRAFIMIG 350 Dual Puls PRO"},"content":{"rendered":"<p>TRAFILUX MIG 350 Dual Puls PRO<br \/>\nThis is a professional inverter semi-automatic welding machine designed for industrial work giving the possibility to weld heavy structures. The device is equipped with a robust transport chassis. Expanded Functionality of the device allows you to work in MIG\/MAG, MMA, TIG CuSi3 modes. Synergic semi-automatic machine having the possibility of double pulsation in the MIG\/MAG method, thanks to which the quality of the weld, does not differ in quality from the weld obtained in the TIG method. Semi-automatic welding machine equipped with an easy-to-read LCD screen and Menu in 5 languages gives the possibility to work in modes: &#8211; 1 Pulse &#8211; single pulse MIG\/MAG &#8211; 2 Pulse &#8211; double pulse MIG\/MAG &#8211; 2 bar\/4 bar &#8211; possibility to choose two modes &#8211; s2T, s4T &#8211; welding flow chart as in TIG method &#8211; SPOT &#8211; possibility of spot welding and possibility of soldering. The device can work in the TIG method in the modes: 2takt\/4akt\/SPOT, giving the possibility to adjust the current rise, fall, crater filling. Descending and ascending current time, advance and delay of gas discharge. The device can work in the MMA method &#8211; giving you the ability to adjust the value of the current, arc dynamics ARC FORCE, HOT START &#8211; a hot start current that makes it easier to ignite the electrode. The device allows you to save working parameters thanks to the built-in 18-channel memory. The design advantage of the device is transistors made with IGBT technology. The characteristics of this type of transistors are, lower power consumption, less electromagnetic interference, with higher efficiency and a stronger and more stable welding arc.          <\/p>\n<p>Supply voltage ~3 x 400V \u00b110% 50\/60 Hz<br \/>\nMIG welding current [A] 20-350<br \/>\nDuty cycle 60%<\/p>\n<p>MIG PARAMETERS<br \/>\nSeparate wire feeder, 4-roll<br \/>\nWire diameter [mm] 0.8\/1.0\/1.2\/1.2<br \/>\nWire feed speed [m\/min] 1.0-22<br \/>\nPulse\/double pulse welding<br \/>\nDouble pulse frequency FdP [Hz] 0,0-10<br \/>\nAdjustment of double pulsation parameters<br \/>\nSpot welding SPOT 0-10[s]<br \/>\nSoldering<br \/>\nAdjustment of welding inductance<br \/>\nOperation mode 2T\/4T S2T, S4T<br \/>\nSlow Feed &#8211; slow feeder start<br \/>\nBurn Back &#8211; wire burning<\/p>\n<p>MMA PARAMETERS<br \/>\nMMA welding current [A] 30 &#8211; 350<br \/>\nHot Start \/ Arc Force<\/p>\n<p>TIG LIFT PARAMETERS<br \/>\nLift arc ignition<br \/>\nCurrent rise time [s] 0-10<br \/>\nCurrent fall time [s] 0-10<br \/>\nGas advance time [s] 0-20<br \/>\nGas delay time [s] 0-20<br \/>\nCrater filling current [%] 10-100%<br \/>\nEfficiency \u03b7 [%] 85<br \/>\nDegree of protection IP21<br \/>\nDimensions [mm] L. x W x H 810x510x800mm<br \/>\nWeight [kg] 44   <\/p>\n<p>MB24 bracket &#8211; 3M<br \/>\nMass wire<br \/>\nElectrode wire<br \/>\nPlug 400V &#8211; 5 PIN &#8211; 32A<br \/>\nReduction for 230V &#8211; Socket 400V 5 PIN + Plug 230V<br \/>\nGas wire<br \/>\nRollers for steel 1.0 &#8211; 1.2 mm<br \/>\nRollers for aluminum 1.0 &#8211; 1.2 mm<\/p>\n","protected":false},"excerpt":{"rendered":"<p>TRAFILUX MIG 350 Dual Puls PRO This is a professional inverter semi-automatic welding machine designed for industrial work giving the possibility to weld heavy structures. The device is equipped with a robust transport chassis. Expanded Functionality of the device allows you to work in MIG\/MAG, MMA, TIG CuSi3 modes. Synergic semi-automatic machine having the possibility [&hellip;]<\/p>\n","protected":false},"featured_media":14357,"template":"","meta":{"inline_featured_image":false},"product_brand":[],"product_cat":[498,512,474],"product_tag":[],"class_list":{"0":"post-30114","1":"product","2":"type-product","3":"status-publish","4":"has-post-thumbnail","6":"product_cat-gas-cooled-en-7","7":"product_cat-mig-mag-en-2","8":"product_cat-new","10":"first","11":"onbackorder","12":"taxable","13":"shipping-taxable","14":"purchasable","15":"product-type-simple"},"yoast_head":"<!-- This site is optimized with the Yoast SEO Premium plugin v27.0 (Yoast SEO v27.3) - https:\/\/yoast.com\/product\/yoast-seo-premium-wordpress\/ -->\n<title>Trafilux TRAFIMIG 350 Dual Puls PRO - SpawLab - Welding equipment and plasma cutters - store and service<\/title>\n<meta name=\"description\" content=\"Lider sprzeda\u017cy, Oficjalny Dystrybutor Premium i Serwis na Polsk\u0119 Migatronic, Gys, Voestalpine Bohler Welding. Nowe i u\u017cywane Spawarki, Przecinarki Plazmowe, Kompresory. Mgr in\u017c. Jaros\u0142aw Ko\u0142aski, IWE\" \/>\n<meta name=\"robots\" content=\"index, follow, max-snippet:-1, max-image-preview:large, max-video-preview:-1\" \/>\n<link rel=\"canonical\" href=\"https:\/\/spawlab.pl\/en\/produkt\/trafilux-trafimig-350-dual-puls-pro\/\" \/>\n<meta property=\"og:locale\" content=\"en_US\" \/>\n<meta property=\"og:type\" content=\"article\" \/>\n<meta property=\"og:title\" content=\"Trafilux TRAFIMIG 350 Dual Puls PRO\" \/>\n<meta property=\"og:description\" content=\"Lider sprzeda\u017cy, Oficjalny Dystrybutor Premium i Serwis na Polsk\u0119 Migatronic, Gys, Voestalpine Bohler Welding. Nowe i u\u017cywane Spawarki, Przecinarki Plazmowe, Kompresory. Mgr in\u017c. Jaros\u0142aw Ko\u0142aski, IWE\" \/>\n<meta property=\"og:url\" content=\"https:\/\/spawlab.pl\/en\/produkt\/trafilux-trafimig-350-dual-puls-pro\/\" \/>\n<meta property=\"og:site_name\" content=\"SpawLab - Welding equipment and plasma cutters - store and service\" \/>\n<meta property=\"article:publisher\" content=\"https:\/\/www.facebook.com\/Spawlab\/\" \/>\n<meta property=\"og:image\" content=\"https:\/\/spawlab.pl\/wp-content\/uploads\/2025\/06\/LOGO-SPOLECZN-scaled.png\" \/>\n\t<meta property=\"og:image:width\" content=\"2560\" \/>\n\t<meta property=\"og:image:height\" content=\"1440\" \/>\n\t<meta property=\"og:image:type\" content=\"image\/png\" \/>\n<meta name=\"twitter:label1\" content=\"Price\" \/>\n\t<meta name=\"twitter:data1\" content=\"6 399,00&nbsp;&#122;&#322; (5 202,44&nbsp;&#122;&#322; netto)\" \/>\n\t<meta name=\"twitter:label2\" content=\"Availability\" \/>\n\t<meta name=\"twitter:data2\" content=\"On backorder\" \/>\n<script type=\"application\/ld+json\" class=\"yoast-schema-graph\">{\"@context\":\"https:\\\/\\\/schema.org\",\"@graph\":[{\"@type\":[\"WebPage\",\"ItemPage\"],\"@id\":\"https:\\\/\\\/spawlab.pl\\\/en\\\/produkt\\\/trafilux-trafimig-350-dual-puls-pro\\\/\",\"url\":\"https:\\\/\\\/spawlab.pl\\\/en\\\/produkt\\\/trafilux-trafimig-350-dual-puls-pro\\\/\",\"name\":\"Trafilux TRAFIMIG 350 Dual Puls PRO - SpawLab - Welding equipment and plasma cutters - store and service\",\"isPartOf\":{\"@id\":\"https:\\\/\\\/spawlab.pl\\\/en\\\/#website\"},\"primaryImageOfPage\":{\"@id\":\"https:\\\/\\\/spawlab.pl\\\/en\\\/produkt\\\/trafilux-trafimig-350-dual-puls-pro\\\/#primaryimage\"},\"image\":{\"@id\":\"https:\\\/\\\/spawlab.pl\\\/en\\\/produkt\\\/trafilux-trafimig-350-dual-puls-pro\\\/#primaryimage\"},\"thumbnailUrl\":\"https:\\\/\\\/spawlab.pl\\\/wp-content\\\/uploads\\\/2022\\\/01\\\/280PRO-2.png\",\"datePublished\":\"2022-01-02T20:48:39+00:00\",\"description\":\"Lider sprzeda\u017cy, Oficjalny Dystrybutor Premium i Serwis na Polsk\u0119 Migatronic, Gys, Voestalpine Bohler Welding. Nowe i u\u017cywane Spawarki, Przecinarki Plazmowe, Kompresory. Mgr in\u017c. Jaros\u0142aw Ko\u0142aski, IWE\",\"breadcrumb\":{\"@id\":\"https:\\\/\\\/spawlab.pl\\\/en\\\/produkt\\\/trafilux-trafimig-350-dual-puls-pro\\\/#breadcrumb\"},\"inLanguage\":\"en-US\",\"potentialAction\":[{\"@type\":\"ReadAction\",\"target\":[\"https:\\\/\\\/spawlab.pl\\\/en\\\/produkt\\\/trafilux-trafimig-350-dual-puls-pro\\\/\"]}]},{\"@type\":\"ImageObject\",\"inLanguage\":\"en-US\",\"@id\":\"https:\\\/\\\/spawlab.pl\\\/en\\\/produkt\\\/trafilux-trafimig-350-dual-puls-pro\\\/#primaryimage\",\"url\":\"https:\\\/\\\/spawlab.pl\\\/wp-content\\\/uploads\\\/2022\\\/01\\\/280PRO-2.png\",\"contentUrl\":\"https:\\\/\\\/spawlab.pl\\\/wp-content\\\/uploads\\\/2022\\\/01\\\/280PRO-2.png\",\"width\":6000,\"height\":4000},{\"@type\":\"BreadcrumbList\",\"@id\":\"https:\\\/\\\/spawlab.pl\\\/en\\\/produkt\\\/trafilux-trafimig-350-dual-puls-pro\\\/#breadcrumb\",\"itemListElement\":[{\"@type\":\"ListItem\",\"position\":1,\"name\":\"Strona g\u0142\u00f3wna\",\"item\":\"https:\\\/\\\/spawlab.pl\\\/en\\\/\"},{\"@type\":\"ListItem\",\"position\":2,\"name\":\"Store\",\"item\":\"https:\\\/\\\/spawlab.pl\\\/en\\\/shop\\\/\"},{\"@type\":\"ListItem\",\"position\":3,\"name\":\"Trafilux TRAFIMIG 350 Dual Puls PRO\"}]},{\"@type\":\"WebSite\",\"@id\":\"https:\\\/\\\/spawlab.pl\\\/en\\\/#website\",\"url\":\"https:\\\/\\\/spawlab.pl\\\/en\\\/\",\"name\":\"Spawlab.pl Lider - Spawarki, Przecinarki Plazmowe, Kompresory\",\"description\":\"Urz\u0105dzenia spawalnicze i Przecinarki plazmowe\\\/ nowe i u\u017cywane \\\/ Profesjonalny serwis\",\"publisher\":{\"@id\":\"https:\\\/\\\/spawlab.pl\\\/en\\\/#organization\"},\"alternateName\":\"Spawlab.pl - Dystrybutor Premium i Serwis na Polske Migatronic, Gys, Voestalpine Bohler Welding\",\"potentialAction\":[{\"@type\":\"SearchAction\",\"target\":{\"@type\":\"EntryPoint\",\"urlTemplate\":\"https:\\\/\\\/spawlab.pl\\\/en\\\/?s={search_term_string}\"},\"query-input\":{\"@type\":\"PropertyValueSpecification\",\"valueRequired\":true,\"valueName\":\"search_term_string\"}}],\"inLanguage\":\"en-US\"},{\"@type\":[\"Organization\",\"Place\"],\"@id\":\"https:\\\/\\\/spawlab.pl\\\/en\\\/#organization\",\"name\":\"Spawlab.pl\",\"url\":\"https:\\\/\\\/spawlab.pl\\\/en\\\/\",\"logo\":{\"@id\":\"https:\\\/\\\/spawlab.pl\\\/en\\\/produkt\\\/trafilux-trafimig-350-dual-puls-pro\\\/#local-main-organization-logo\"},\"image\":{\"@id\":\"https:\\\/\\\/spawlab.pl\\\/en\\\/produkt\\\/trafilux-trafimig-350-dual-puls-pro\\\/#local-main-organization-logo\"},\"sameAs\":[\"https:\\\/\\\/www.facebook.com\\\/Spawlab\\\/\",\"https:\\\/\\\/www.linkedin.com\\\/company\\\/spawlab\",\"https:\\\/\\\/www.instagram.com\\\/spawlab.pl\",\"https:\\\/\\\/www.tiktok.com\\\/@spawlab\"],\"description\":\"Lider sprzeda\u017cy, Oficjalny Dystrybutor Premium i Serwis na Polsk\u0119 Migatronic, Gys, Voestalpine Bohler Welding. Nowe i u\u017cywane Spawarki, Przecinarki Plazmowe, Kompresory. Mgr in\u017c. Jaros\u0142aw Ko\u0142aski, IWE\",\"hasMerchantReturnPolicy\":{\"@type\":\"MerchantReturnPolicy\",\"merchantReturnLink\":\"https:\\\/\\\/spawlab.pl\\\/polityka-prywatnosci-2\\\/\"},\"telephone\":[],\"openingHoursSpecification\":[{\"@type\":\"OpeningHoursSpecification\",\"dayOfWeek\":[\"Monday\",\"Tuesday\",\"Wednesday\",\"Thursday\",\"Friday\",\"Saturday\",\"Sunday\"],\"opens\":\"09:00\",\"closes\":\"17:00\"}]},{\"@type\":\"ImageObject\",\"inLanguage\":\"en-US\",\"@id\":\"https:\\\/\\\/spawlab.pl\\\/en\\\/produkt\\\/trafilux-trafimig-350-dual-puls-pro\\\/#local-main-organization-logo\",\"url\":\"https:\\\/\\\/spawlab.pl\\\/wp-content\\\/uploads\\\/2022\\\/01\\\/olx.jpg\",\"contentUrl\":\"https:\\\/\\\/spawlab.pl\\\/wp-content\\\/uploads\\\/2022\\\/01\\\/olx.jpg\",\"width\":200,\"height\":200,\"caption\":\"Spawlab.pl\"}]}<\/script>\n<meta property=\"product:brand\" content=\"Trafilux\" \/>\n<meta property=\"product:price:amount\" content=\"6399.00\" \/>\n<meta property=\"product:price:currency\" content=\"PLN\" \/>\n<meta property=\"og:availability\" content=\"backorder\" \/>\n<meta property=\"product:availability\" content=\"available for order\" \/>\n<meta property=\"product:condition\" content=\"new\" \/>\n<!-- \/ Yoast SEO Premium plugin. -->","yoast_head_json":{"title":"Trafilux TRAFIMIG 350 Dual Puls PRO - SpawLab - Welding equipment and plasma cutters - store and service","description":"Lider sprzeda\u017cy, Oficjalny Dystrybutor Premium i Serwis na Polsk\u0119 Migatronic, Gys, Voestalpine Bohler Welding. Nowe i u\u017cywane Spawarki, Przecinarki Plazmowe, Kompresory. Mgr in\u017c. Jaros\u0142aw Ko\u0142aski, IWE","robots":{"index":"index","follow":"follow","max-snippet":"max-snippet:-1","max-image-preview":"max-image-preview:large","max-video-preview":"max-video-preview:-1"},"canonical":"https:\/\/spawlab.pl\/en\/produkt\/trafilux-trafimig-350-dual-puls-pro\/","og_locale":"en_US","og_type":"article","og_title":"Trafilux TRAFIMIG 350 Dual Puls PRO","og_description":"Lider sprzeda\u017cy, Oficjalny Dystrybutor Premium i Serwis na Polsk\u0119 Migatronic, Gys, Voestalpine Bohler Welding. Nowe i u\u017cywane Spawarki, Przecinarki Plazmowe, Kompresory. Mgr in\u017c. Jaros\u0142aw Ko\u0142aski, IWE","og_url":"https:\/\/spawlab.pl\/en\/produkt\/trafilux-trafimig-350-dual-puls-pro\/","og_site_name":"SpawLab - Welding equipment and plasma cutters - store and service","article_publisher":"https:\/\/www.facebook.com\/Spawlab\/","og_image":[{"width":2560,"height":1440,"url":"https:\/\/spawlab.pl\/wp-content\/uploads\/2025\/06\/LOGO-SPOLECZN-scaled.png","type":"image\/png"}],"twitter_misc":{"Price":"6 399,00&nbsp;&#122;&#322; (5 202,44&nbsp;&#122;&#322; netto)","Availability":"On backorder"},"schema":{"@context":"https:\/\/schema.org","@graph":[{"@type":["WebPage","ItemPage"],"@id":"https:\/\/spawlab.pl\/en\/produkt\/trafilux-trafimig-350-dual-puls-pro\/","url":"https:\/\/spawlab.pl\/en\/produkt\/trafilux-trafimig-350-dual-puls-pro\/","name":"Trafilux TRAFIMIG 350 Dual Puls PRO - SpawLab - Welding equipment and plasma cutters - store and service","isPartOf":{"@id":"https:\/\/spawlab.pl\/en\/#website"},"primaryImageOfPage":{"@id":"https:\/\/spawlab.pl\/en\/produkt\/trafilux-trafimig-350-dual-puls-pro\/#primaryimage"},"image":{"@id":"https:\/\/spawlab.pl\/en\/produkt\/trafilux-trafimig-350-dual-puls-pro\/#primaryimage"},"thumbnailUrl":"https:\/\/spawlab.pl\/wp-content\/uploads\/2022\/01\/280PRO-2.png","datePublished":"2022-01-02T20:48:39+00:00","description":"Lider sprzeda\u017cy, Oficjalny Dystrybutor Premium i Serwis na Polsk\u0119 Migatronic, Gys, Voestalpine Bohler Welding. Nowe i u\u017cywane Spawarki, Przecinarki Plazmowe, Kompresory. Mgr in\u017c. Jaros\u0142aw Ko\u0142aski, IWE","breadcrumb":{"@id":"https:\/\/spawlab.pl\/en\/produkt\/trafilux-trafimig-350-dual-puls-pro\/#breadcrumb"},"inLanguage":"en-US","potentialAction":[{"@type":"ReadAction","target":["https:\/\/spawlab.pl\/en\/produkt\/trafilux-trafimig-350-dual-puls-pro\/"]}]},{"@type":"ImageObject","inLanguage":"en-US","@id":"https:\/\/spawlab.pl\/en\/produkt\/trafilux-trafimig-350-dual-puls-pro\/#primaryimage","url":"https:\/\/spawlab.pl\/wp-content\/uploads\/2022\/01\/280PRO-2.png","contentUrl":"https:\/\/spawlab.pl\/wp-content\/uploads\/2022\/01\/280PRO-2.png","width":6000,"height":4000},{"@type":"BreadcrumbList","@id":"https:\/\/spawlab.pl\/en\/produkt\/trafilux-trafimig-350-dual-puls-pro\/#breadcrumb","itemListElement":[{"@type":"ListItem","position":1,"name":"Strona g\u0142\u00f3wna","item":"https:\/\/spawlab.pl\/en\/"},{"@type":"ListItem","position":2,"name":"Store","item":"https:\/\/spawlab.pl\/en\/shop\/"},{"@type":"ListItem","position":3,"name":"Trafilux TRAFIMIG 350 Dual Puls PRO"}]},{"@type":"WebSite","@id":"https:\/\/spawlab.pl\/en\/#website","url":"https:\/\/spawlab.pl\/en\/","name":"Spawlab.pl Lider - Spawarki, Przecinarki Plazmowe, Kompresory","description":"Urz\u0105dzenia spawalnicze i Przecinarki plazmowe\/ nowe i u\u017cywane \/ Profesjonalny serwis","publisher":{"@id":"https:\/\/spawlab.pl\/en\/#organization"},"alternateName":"Spawlab.pl - Dystrybutor Premium i Serwis na Polske Migatronic, Gys, Voestalpine Bohler Welding","potentialAction":[{"@type":"SearchAction","target":{"@type":"EntryPoint","urlTemplate":"https:\/\/spawlab.pl\/en\/?s={search_term_string}"},"query-input":{"@type":"PropertyValueSpecification","valueRequired":true,"valueName":"search_term_string"}}],"inLanguage":"en-US"},{"@type":["Organization","Place"],"@id":"https:\/\/spawlab.pl\/en\/#organization","name":"Spawlab.pl","url":"https:\/\/spawlab.pl\/en\/","logo":{"@id":"https:\/\/spawlab.pl\/en\/produkt\/trafilux-trafimig-350-dual-puls-pro\/#local-main-organization-logo"},"image":{"@id":"https:\/\/spawlab.pl\/en\/produkt\/trafilux-trafimig-350-dual-puls-pro\/#local-main-organization-logo"},"sameAs":["https:\/\/www.facebook.com\/Spawlab\/","https:\/\/www.linkedin.com\/company\/spawlab","https:\/\/www.instagram.com\/spawlab.pl","https:\/\/www.tiktok.com\/@spawlab"],"description":"Lider sprzeda\u017cy, Oficjalny Dystrybutor Premium i Serwis na Polsk\u0119 Migatronic, Gys, Voestalpine Bohler Welding. Nowe i u\u017cywane Spawarki, Przecinarki Plazmowe, Kompresory. Mgr in\u017c. Jaros\u0142aw Ko\u0142aski, IWE","hasMerchantReturnPolicy":{"@type":"MerchantReturnPolicy","merchantReturnLink":"https:\/\/spawlab.pl\/polityka-prywatnosci-2\/"},"telephone":[],"openingHoursSpecification":[{"@type":"OpeningHoursSpecification","dayOfWeek":["Monday","Tuesday","Wednesday","Thursday","Friday","Saturday","Sunday"],"opens":"09:00","closes":"17:00"}]},{"@type":"ImageObject","inLanguage":"en-US","@id":"https:\/\/spawlab.pl\/en\/produkt\/trafilux-trafimig-350-dual-puls-pro\/#local-main-organization-logo","url":"https:\/\/spawlab.pl\/wp-content\/uploads\/2022\/01\/olx.jpg","contentUrl":"https:\/\/spawlab.pl\/wp-content\/uploads\/2022\/01\/olx.jpg","width":200,"height":200,"caption":"Spawlab.pl"}]},"product_brand":"Trafilux","product_price_amount":"6399.00","product_price_currency":"PLN","og_availability":"backorder","product_availability":"available for order","product_condition":"new"},"_links":{"self":[{"href":"https:\/\/spawlab.pl\/en\/wp-json\/wp\/v2\/product\/30114","targetHints":{"allow":["GET"]}}],"collection":[{"href":"https:\/\/spawlab.pl\/en\/wp-json\/wp\/v2\/product"}],"about":[{"href":"https:\/\/spawlab.pl\/en\/wp-json\/wp\/v2\/types\/product"}],"wp:featuredmedia":[{"embeddable":true,"href":"https:\/\/spawlab.pl\/en\/wp-json\/wp\/v2\/media\/14357"}],"wp:attachment":[{"href":"https:\/\/spawlab.pl\/en\/wp-json\/wp\/v2\/media?parent=30114"}],"wp:term":[{"taxonomy":"product_brand","embeddable":true,"href":"https:\/\/spawlab.pl\/en\/wp-json\/wp\/v2\/product_brand?post=30114"},{"taxonomy":"product_cat","embeddable":true,"href":"https:\/\/spawlab.pl\/en\/wp-json\/wp\/v2\/product_cat?post=30114"},{"taxonomy":"product_tag","embeddable":true,"href":"https:\/\/spawlab.pl\/en\/wp-json\/wp\/v2\/product_tag?post=30114"}],"curies":[{"name":"wp","href":"https:\/\/api.w.org\/{rel}","templated":true}]}}