{"id":30136,"date":"2021-12-14T15:50:57","date_gmt":"2021-12-14T14:50:57","guid":{"rendered":"https:\/\/spawlab.pl\/produkt\/paton-eco-160\/"},"modified":"2021-12-14T15:50:57","modified_gmt":"2021-12-14T14:50:57","slug":"paton-eco-160","status":"publish","type":"product","link":"https:\/\/spawlab.pl\/en\/produkt\/paton-eco-160\/","title":{"rendered":"Paton ECO-160"},"content":{"rendered":"<h2>Paton ECO-160 MMA welder &#8211; basic data<\/h2>\n<p>The <strong>PATON ECO-160<\/strong> MMA welder is designed for <strong>manual arc welding<\/strong> with <strong>the MMA method<\/strong>, using direct current. <strong>The ECO series<\/strong> is dedicated to home users who require a functional device with a nominal current of <strong>160A<\/strong>. This is sufficient to work with <strong>any electrode from<\/strong> \u04241 <strong>.6mm to \u04244mm<\/strong> including difficult-to-fuse <strong>electrodes<\/strong>. The duty cycle is not less than 40%, which allows you to perform most tasks on a semi-industrial scale, as well as works well in the household sector.   <\/p>\n<p>Thanks to their robust, compact design, the <strong>ECO series<\/strong> welders are ideal for use in the field. The small size of the device makes it very portable, and the professional transport case included makes it much easier to carry the device. <\/p>\n<p><a href=\"https:\/\/paton.pl\/wp-content\/uploads\/2021\/11\/spawarka-mma-paton-eco-160-funkcje.jpg\" data-lbwps-width=\"636\" data-lbwps-height=\"556\" data-lbwps-srcsmall=\"https:\/\/paton.pl\/wp-content\/uploads\/2021\/11\/spawarka-mma-paton-eco-160-funkcje.jpg\"><img fetchpriority=\"high\" decoding=\"async\" class=\"img-responsive alignnone wp-image-45927 size-full lazyloaded\" src=\"https:\/\/paton.pl\/wp-content\/uploads\/2021\/11\/spawarka-mma-paton-eco-160-funkcje.jpg\" sizes=\"(max-width: 636px) 100vw, 636px\" srcset=\"https:\/\/paton.pl\/wp-content\/uploads\/2021\/11\/spawarka-mma-paton-eco-160-funkcje.jpg 636w, https:\/\/paton.pl\/wp-content\/uploads\/2021\/11\/spawarka-mma-paton-eco-160-funkcje-300x262.jpg 300w, https:\/\/paton.pl\/wp-content\/uploads\/2021\/11\/spawarka-mma-paton-eco-160-funkcje-90x79.jpg 90w, https:\/\/paton.pl\/wp-content\/uploads\/2021\/11\/spawarka-mma-paton-eco-160-funkcje-600x525.jpg 600w\" alt=\"mma welder paton eco-160 functions\" width=\"636\" height=\"556\" data-ll-status=\"loaded\"><\/a><\/p>\n<h2><strong>The main advantages of the Paton ECO-160 MMA welder<\/strong><\/h2>\n<ul>\n<li><strong>European production of welding machines<\/strong><\/li>\n<li>Infinitely adjustable welding current<\/li>\n<li>Ability to work on long extension cords as well as with a generator<\/li>\n<li>All electronic components are impregnated with two layers of high-quality varnish, which ensures the reliability of the product throughout its lifetime<\/li>\n<li>Improved arc glow stability<\/li>\n<li><strong>Hot-Start<\/strong> (hot start), <strong>Arc-Force<\/strong> (arc force) and<strong> Anti-Force<\/strong> (anti-scratch) functions<\/li>\n<li>The devices have <strong>voltage spike protection and an operation stabilization circuit<\/strong>, allowing proper operation for a voltage range of 170V to 260V<\/li>\n<li><strong>Twice the electricity demand<\/strong> compared to traditional sources<\/li>\n<\/ul>\n<p><strong>A 5-year manufacturer&#8217;s warranty for consumers<\/strong><strong>consumers, as well as companies<\/strong><\/p>\n<p>The highest quality workmanship confirmed by<strong> a 5-year DOOR-to-DOOR manufacturer&#8217;s warranty<\/strong>. <strong>ECO<\/strong> series models are characterized by a compact design, which uses a number of innovative solutions to increase the reliability of the devices. The use of an inverter block procuring frequencies on the order of kHz, affects the dimensions of the transformer in the power block, which significantly reduces the weight and dimensions of the device itself.  <\/p>\n<h2><strong>The purchased set of MMA welder PATON ECO-160 includes:  <\/strong><\/h2>\n<ul>\n<li><strong>PATON <\/strong><strong>ECO-160 DC<\/strong> inverter welder<\/li>\n<li>Electrode holder <strong>3m<\/strong><\/li>\n<li>Mass holder <strong>3m<\/strong><\/li>\n<li>Professional carrying case<\/li>\n<li>Carrying strap<\/li>\n<li>User Manual<\/li>\n<\/ul>\n<p><strong>Hot-Start function <\/strong>(hot start) &#8211; ensures the highest quality of the beginning of welding, first-class ignition &#8211; when the electric arc is ignited, during a short moment of time, the working welding current increases from the set working level to the optimal level. In some cases (when working with a weak network or generator), this level can be set manually if there is a corresponding switch (as in the <strong>&#8220;Professional&#8221;<\/strong> series <strong>)<\/strong>. Lowering <strong>the &#8220;Hot-Start&#8221;<\/strong> to reduce energy consumption from a weak grid or increasing it in a strong grid makes ignition much easier.  <\/p>\n<p><strong>Arc-Force<\/strong> <strong>function <\/strong> &#8211; is used to improve the stability of short arc combustion and prevent &#8220;sticking&#8221; of the electrode. When a drop of metal separates from the electrode, the current is automatically increased to a certain level if there is a corresponding switch (as in the <strong>&#8220;Professional&#8221;<\/strong> series <strong>)<\/strong>.  By lowering the &#8220;Arc Force&#8221; to reduce the energy input from a weak grid or increasing it in a strong grid, the stability of arc combustion is even more improved.<\/p>\n<p><b><strong>Anti-Stick function <\/strong><\/b>(anti-stick) <b>&#8211; allows <\/b>the welder to easily separate the electrode from the product. In the event of a short circuit (if it occurs), after a short break, the welding current is reduced automatically. Once the electrode is separated from the workpiece, the source automatically restores its operation.  <\/p>\n<h3>The main advantages of the ECO series:<\/h3>\n<ul>\n<li>Voltage drop protection system.<\/li>\n<li>Additional <strong>system for stabilizing operation<\/strong> at larger long-term voltage differences in the single-phase power grid between 170 V and 260 V. At a minimum current voltage of 170 V, you can weld with an electrode with a diameter of <em>\u04243<\/em>mm or less.<\/li>\n<li>Adaptation to standard electrical network. Due to the high efficiency of the welder, it provides <strong>two times less electricity requirements<\/strong> compared to traditional sources. <\/li>\n<li>Functionality due to the long load time <strong>at<\/strong> <strong>nominal current<\/strong>, which allows comfortable welding with <em>\u04243<\/em>mm diameter electrodes at their nominal current.<\/li>\n<li>Increased reliability <strong>in dusty<\/strong> and high-humidity <strong>production environments<\/strong> thanks to a robust design that protects electronics.<\/li>\n<li>Enhanced durability due to<strong> impregnation of the electronic system with two layers of <\/strong>high-quality varnish, which ensures the reliability of the product throughout its lifetime.<\/li>\n<li>Improved arc glow stability.<\/li>\n<li>Efficiency by using the latest advanced <strong>IGBT technology.<\/strong><\/li>\n<\/ul>\n<table id=\"tablepress-19\" class=\"tablepress tablepress-id-19\">\n<tbody class=\"row-hover\">\n<tr class=\"row-1 odd\">\n<td class=\"column-1\">Supply voltage 50\/60 Hz<\/td>\n<td class=\"column-2\">230 V<\/td>\n<\/tr>\n<tr class=\"row-2 even\">\n<td class=\"column-1\">Mains fuse required<\/td>\n<td class=\"column-2\">16C<\/td>\n<\/tr>\n<tr class=\"row-3 odd\">\n<td class=\"column-1\">Nominal welding current<\/td>\n<td class=\"column-2\">160 A<\/td>\n<\/tr>\n<tr class=\"row-4 even\">\n<td class=\"column-1\">Maximum welding current<\/td>\n<td class=\"column-2\">190 A<\/td>\n<\/tr>\n<tr class=\"row-5 odd\">\n<td class=\"column-1\">Required nominal current from the mains<\/td>\n<td class=\"column-2\">20 A<\/td>\n<\/tr>\n<tr class=\"row-6 even\">\n<td class=\"column-1\">Duty cycle, %<\/td>\n<td class=\"column-2\">40% &#8211; 160 \u0410<br \/>\n100% &#8211; 101 \u0410<\/td>\n<\/tr>\n<tr class=\"row-7 odd\">\n<td class=\"column-1\">Supply voltage variation ranges<\/td>\n<td class=\"column-2\">170 &#8211; 260 V<\/td>\n<\/tr>\n<tr class=\"row-8 even\">\n<td class=\"column-1\">Welding current adjustment ranges<\/td>\n<td class=\"column-2\">20 &#8211; 160 A<\/td>\n<\/tr>\n<tr class=\"row-9 odd\">\n<td class=\"column-1\">&#8220;Hot-Start&#8221; function<\/td>\n<td class=\"column-2\">Automatic<\/td>\n<\/tr>\n<tr class=\"row-10 even\">\n<td class=\"column-1\">Arc-Force&#8221; function<\/td>\n<td class=\"column-2\">Automatic<\/td>\n<\/tr>\n<tr class=\"row-11 odd\">\n<td class=\"column-1\">&#8220;Anti-Stick&#8221; function<\/td>\n<td class=\"column-2\">Automatic<\/td>\n<\/tr>\n<tr class=\"row-12 even\">\n<td class=\"column-1\">Idling current voltage<\/td>\n<td class=\"column-2\">Up to 80 V<\/td>\n<\/tr>\n<tr class=\"row-13 odd\">\n<td class=\"column-1\">Arc ignition current voltage<\/td>\n<td class=\"column-2\">110 V<\/td>\n<\/tr>\n<tr class=\"row-14 even\">\n<td class=\"column-1\">Nominal power consumption<\/td>\n<td class=\"column-2\">4.4 kVA<\/td>\n<\/tr>\n<tr class=\"row-15 odd\">\n<td class=\"column-1\">Maximum power consumption<\/td>\n<td class=\"column-2\">5.5 kVA<\/td>\n<\/tr>\n<tr class=\"row-16 even\">\n<td class=\"column-1\">Efficiency\u0301 energy efficiency<\/td>\n<td class=\"column-2\">90%<\/td>\n<\/tr>\n<tr class=\"row-17 odd\">\n<td class=\"column-1\">Cooling<\/td>\n<td class=\"column-2\">Forced<\/td>\n<\/tr>\n<tr class=\"row-18 even\">\n<td class=\"column-1\">Operating temperature range<\/td>\n<td class=\"column-2\">-25 &#8230; +45 \u00ba\u0421<\/td>\n<\/tr>\n<tr class=\"row-19 odd\">\n<td class=\"column-1\">Standards met:<\/td>\n<td class=\"column-2\">EN 60204 &#8211; 1:2006<br \/>\nEN 60974 &#8211; 1:2012<br \/>\nEN 60974 &#8211; 10:2014<\/td>\n<\/tr>\n<tr class=\"row-20 even\">\n<td class=\"column-1\">Dimensions (length, width, height), mm:<\/td>\n<td class=\"column-2\">245 \u0445 100 \u0445 200<\/td>\n<\/tr>\n<tr class=\"row-21 odd\">\n<td class=\"column-1\">Weight, kg<\/td>\n<td class=\"column-2\">3.75 kg<\/td>\n<\/tr>\n<tr class=\"row-22 even\">\n<td class=\"column-1\">Degree of protection*<\/td>\n<td class=\"column-2\">IP 21<\/td>\n<\/tr>\n<\/tbody>\n<\/table>\n","protected":false},"excerpt":{"rendered":"<p>Paton ECO-160 MMA welder &#8211; basic data The PATON ECO-160 MMA welder is designed for manual arc welding with the MMA method, using direct current. The ECO series is dedicated to home users who require a functional device with a nominal current of 160A. This is sufficient to work with any electrode from \u04241 .6mm [&hellip;]<\/p>\n","protected":false},"featured_media":14073,"template":"","meta":{"inline_featured_image":false},"product_brand":[],"product_cat":[499,474],"product_tag":[],"class_list":{"0":"post-30136","1":"product","2":"type-product","3":"status-publish","4":"has-post-thumbnail","6":"product_cat-mma-en-2","7":"product_cat-new","9":"first","10":"instock","11":"taxable","12":"shipping-taxable","13":"purchasable","14":"product-type-simple"},"yoast_head":"<!-- This site is optimized with the Yoast SEO Premium plugin v27.0 (Yoast SEO v27.3) - https:\/\/yoast.com\/product\/yoast-seo-premium-wordpress\/ -->\n<title>Paton ECO-160 - SpawLab - Welding equipment and plasma cutters - store and service<\/title>\n<meta name=\"description\" content=\"Lider sprzeda\u017cy, Oficjalny Dystrybutor Premium i Serwis na Polsk\u0119 Migatronic, Gys, Voestalpine Bohler Welding. Nowe i u\u017cywane Spawarki, Przecinarki Plazmowe, Kompresory. Mgr in\u017c. Jaros\u0142aw Ko\u0142aski, IWE\" \/>\n<meta name=\"robots\" content=\"index, follow, max-snippet:-1, max-image-preview:large, max-video-preview:-1\" \/>\n<link rel=\"canonical\" href=\"https:\/\/spawlab.pl\/en\/produkt\/paton-eco-160\/\" \/>\n<meta property=\"og:locale\" content=\"en_US\" \/>\n<meta property=\"og:type\" content=\"article\" \/>\n<meta property=\"og:title\" content=\"Paton ECO-160\" \/>\n<meta property=\"og:description\" content=\"Lider sprzeda\u017cy, Oficjalny Dystrybutor Premium i Serwis na Polsk\u0119 Migatronic, Gys, Voestalpine Bohler Welding. Nowe i u\u017cywane Spawarki, Przecinarki Plazmowe, Kompresory. Mgr in\u017c. Jaros\u0142aw Ko\u0142aski, IWE\" \/>\n<meta property=\"og:url\" content=\"https:\/\/spawlab.pl\/en\/produkt\/paton-eco-160\/\" \/>\n<meta property=\"og:site_name\" content=\"SpawLab - Welding equipment and plasma cutters - store and service\" \/>\n<meta property=\"article:publisher\" content=\"https:\/\/www.facebook.com\/Spawlab\/\" \/>\n<meta property=\"og:image\" content=\"https:\/\/spawlab.pl\/wp-content\/uploads\/2025\/06\/LOGO-SPOLECZN-scaled.png\" \/>\n\t<meta property=\"og:image:width\" content=\"2560\" \/>\n\t<meta property=\"og:image:height\" content=\"1440\" \/>\n\t<meta property=\"og:image:type\" content=\"image\/png\" \/>\n<meta name=\"twitter:label1\" content=\"Price\" \/>\n\t<meta name=\"twitter:data1\" content=\"940,00&nbsp;&#122;&#322; (764,23&nbsp;&#122;&#322; netto)\" \/>\n\t<meta name=\"twitter:label2\" content=\"Availability\" \/>\n\t<meta name=\"twitter:data2\" content=\"In stock\" \/>\n<script type=\"application\/ld+json\" class=\"yoast-schema-graph\">{\"@context\":\"https:\\\/\\\/schema.org\",\"@graph\":[{\"@type\":[\"WebPage\",\"ItemPage\"],\"@id\":\"https:\\\/\\\/spawlab.pl\\\/en\\\/produkt\\\/paton-eco-160\\\/\",\"url\":\"https:\\\/\\\/spawlab.pl\\\/en\\\/produkt\\\/paton-eco-160\\\/\",\"name\":\"Paton ECO-160 - SpawLab - Welding equipment and plasma cutters - store and service\",\"isPartOf\":{\"@id\":\"https:\\\/\\\/spawlab.pl\\\/en\\\/#website\"},\"primaryImageOfPage\":{\"@id\":\"https:\\\/\\\/spawlab.pl\\\/en\\\/produkt\\\/paton-eco-160\\\/#primaryimage\"},\"image\":{\"@id\":\"https:\\\/\\\/spawlab.pl\\\/en\\\/produkt\\\/paton-eco-160\\\/#primaryimage\"},\"thumbnailUrl\":\"https:\\\/\\\/spawlab.pl\\\/wp-content\\\/uploads\\\/2021\\\/12\\\/Spawarka-MMA-Paton-ECO-160-1.jpg\",\"datePublished\":\"2021-12-14T14:50:57+00:00\",\"description\":\"Lider sprzeda\u017cy, Oficjalny Dystrybutor Premium i Serwis na Polsk\u0119 Migatronic, Gys, Voestalpine Bohler Welding. Nowe i u\u017cywane Spawarki, Przecinarki Plazmowe, Kompresory. Mgr in\u017c. Jaros\u0142aw Ko\u0142aski, IWE\",\"breadcrumb\":{\"@id\":\"https:\\\/\\\/spawlab.pl\\\/en\\\/produkt\\\/paton-eco-160\\\/#breadcrumb\"},\"inLanguage\":\"en-US\",\"potentialAction\":[{\"@type\":\"ReadAction\",\"target\":[\"https:\\\/\\\/spawlab.pl\\\/en\\\/produkt\\\/paton-eco-160\\\/\"]}]},{\"@type\":\"ImageObject\",\"inLanguage\":\"en-US\",\"@id\":\"https:\\\/\\\/spawlab.pl\\\/en\\\/produkt\\\/paton-eco-160\\\/#primaryimage\",\"url\":\"https:\\\/\\\/spawlab.pl\\\/wp-content\\\/uploads\\\/2021\\\/12\\\/Spawarka-MMA-Paton-ECO-160-1.jpg\",\"contentUrl\":\"https:\\\/\\\/spawlab.pl\\\/wp-content\\\/uploads\\\/2021\\\/12\\\/Spawarka-MMA-Paton-ECO-160-1.jpg\",\"width\":800,\"height\":800},{\"@type\":\"BreadcrumbList\",\"@id\":\"https:\\\/\\\/spawlab.pl\\\/en\\\/produkt\\\/paton-eco-160\\\/#breadcrumb\",\"itemListElement\":[{\"@type\":\"ListItem\",\"position\":1,\"name\":\"Strona g\u0142\u00f3wna\",\"item\":\"https:\\\/\\\/spawlab.pl\\\/en\\\/\"},{\"@type\":\"ListItem\",\"position\":2,\"name\":\"Store\",\"item\":\"https:\\\/\\\/spawlab.pl\\\/en\\\/shop\\\/\"},{\"@type\":\"ListItem\",\"position\":3,\"name\":\"Paton ECO-160\"}]},{\"@type\":\"WebSite\",\"@id\":\"https:\\\/\\\/spawlab.pl\\\/en\\\/#website\",\"url\":\"https:\\\/\\\/spawlab.pl\\\/en\\\/\",\"name\":\"Spawlab.pl Lider - Spawarki, Przecinarki Plazmowe, Kompresory\",\"description\":\"Urz\u0105dzenia spawalnicze i Przecinarki plazmowe\\\/ nowe i u\u017cywane \\\/ Profesjonalny serwis\",\"publisher\":{\"@id\":\"https:\\\/\\\/spawlab.pl\\\/en\\\/#organization\"},\"alternateName\":\"Spawlab.pl - Dystrybutor Premium i Serwis na Polske Migatronic, Gys, Voestalpine Bohler Welding\",\"potentialAction\":[{\"@type\":\"SearchAction\",\"target\":{\"@type\":\"EntryPoint\",\"urlTemplate\":\"https:\\\/\\\/spawlab.pl\\\/en\\\/?s={search_term_string}\"},\"query-input\":{\"@type\":\"PropertyValueSpecification\",\"valueRequired\":true,\"valueName\":\"search_term_string\"}}],\"inLanguage\":\"en-US\"},{\"@type\":[\"Organization\",\"Place\"],\"@id\":\"https:\\\/\\\/spawlab.pl\\\/en\\\/#organization\",\"name\":\"Spawlab.pl\",\"url\":\"https:\\\/\\\/spawlab.pl\\\/en\\\/\",\"logo\":{\"@id\":\"https:\\\/\\\/spawlab.pl\\\/en\\\/produkt\\\/paton-eco-160\\\/#local-main-organization-logo\"},\"image\":{\"@id\":\"https:\\\/\\\/spawlab.pl\\\/en\\\/produkt\\\/paton-eco-160\\\/#local-main-organization-logo\"},\"sameAs\":[\"https:\\\/\\\/www.facebook.com\\\/Spawlab\\\/\",\"https:\\\/\\\/www.linkedin.com\\\/company\\\/spawlab\",\"https:\\\/\\\/www.instagram.com\\\/spawlab.pl\",\"https:\\\/\\\/www.tiktok.com\\\/@spawlab\"],\"description\":\"Lider sprzeda\u017cy, Oficjalny Dystrybutor Premium i Serwis na Polsk\u0119 Migatronic, Gys, Voestalpine Bohler Welding. Nowe i u\u017cywane Spawarki, Przecinarki Plazmowe, Kompresory. Mgr in\u017c. Jaros\u0142aw Ko\u0142aski, IWE\",\"hasMerchantReturnPolicy\":{\"@type\":\"MerchantReturnPolicy\",\"merchantReturnLink\":\"https:\\\/\\\/spawlab.pl\\\/polityka-prywatnosci-2\\\/\"},\"telephone\":[],\"openingHoursSpecification\":[{\"@type\":\"OpeningHoursSpecification\",\"dayOfWeek\":[\"Monday\",\"Tuesday\",\"Wednesday\",\"Thursday\",\"Friday\",\"Saturday\",\"Sunday\"],\"opens\":\"09:00\",\"closes\":\"17:00\"}]},{\"@type\":\"ImageObject\",\"inLanguage\":\"en-US\",\"@id\":\"https:\\\/\\\/spawlab.pl\\\/en\\\/produkt\\\/paton-eco-160\\\/#local-main-organization-logo\",\"url\":\"https:\\\/\\\/spawlab.pl\\\/wp-content\\\/uploads\\\/2022\\\/01\\\/olx.jpg\",\"contentUrl\":\"https:\\\/\\\/spawlab.pl\\\/wp-content\\\/uploads\\\/2022\\\/01\\\/olx.jpg\",\"width\":200,\"height\":200,\"caption\":\"Spawlab.pl\"}]}<\/script>\n<meta property=\"product:brand\" content=\"Paton\" \/>\n<meta property=\"product:price:amount\" content=\"940.00\" \/>\n<meta property=\"product:price:currency\" content=\"PLN\" \/>\n<meta property=\"og:availability\" content=\"instock\" \/>\n<meta property=\"product:availability\" content=\"instock\" \/>\n<meta property=\"product:condition\" content=\"new\" \/>\n<!-- \/ Yoast SEO Premium plugin. -->","yoast_head_json":{"title":"Paton ECO-160 - SpawLab - Welding equipment and plasma cutters - store and service","description":"Lider sprzeda\u017cy, Oficjalny Dystrybutor Premium i Serwis na Polsk\u0119 Migatronic, Gys, Voestalpine Bohler Welding. Nowe i u\u017cywane Spawarki, Przecinarki Plazmowe, Kompresory. Mgr in\u017c. Jaros\u0142aw Ko\u0142aski, IWE","robots":{"index":"index","follow":"follow","max-snippet":"max-snippet:-1","max-image-preview":"max-image-preview:large","max-video-preview":"max-video-preview:-1"},"canonical":"https:\/\/spawlab.pl\/en\/produkt\/paton-eco-160\/","og_locale":"en_US","og_type":"article","og_title":"Paton ECO-160","og_description":"Lider sprzeda\u017cy, Oficjalny Dystrybutor Premium i Serwis na Polsk\u0119 Migatronic, Gys, Voestalpine Bohler Welding. Nowe i u\u017cywane Spawarki, Przecinarki Plazmowe, Kompresory. Mgr in\u017c. Jaros\u0142aw Ko\u0142aski, IWE","og_url":"https:\/\/spawlab.pl\/en\/produkt\/paton-eco-160\/","og_site_name":"SpawLab - Welding equipment and plasma cutters - store and service","article_publisher":"https:\/\/www.facebook.com\/Spawlab\/","og_image":[{"width":2560,"height":1440,"url":"https:\/\/spawlab.pl\/wp-content\/uploads\/2025\/06\/LOGO-SPOLECZN-scaled.png","type":"image\/png"}],"twitter_misc":{"Price":"940,00&nbsp;&#122;&#322; (764,23&nbsp;&#122;&#322; netto)","Availability":"In stock"},"schema":{"@context":"https:\/\/schema.org","@graph":[{"@type":["WebPage","ItemPage"],"@id":"https:\/\/spawlab.pl\/en\/produkt\/paton-eco-160\/","url":"https:\/\/spawlab.pl\/en\/produkt\/paton-eco-160\/","name":"Paton ECO-160 - SpawLab - Welding equipment and plasma cutters - store and service","isPartOf":{"@id":"https:\/\/spawlab.pl\/en\/#website"},"primaryImageOfPage":{"@id":"https:\/\/spawlab.pl\/en\/produkt\/paton-eco-160\/#primaryimage"},"image":{"@id":"https:\/\/spawlab.pl\/en\/produkt\/paton-eco-160\/#primaryimage"},"thumbnailUrl":"https:\/\/spawlab.pl\/wp-content\/uploads\/2021\/12\/Spawarka-MMA-Paton-ECO-160-1.jpg","datePublished":"2021-12-14T14:50:57+00:00","description":"Lider sprzeda\u017cy, Oficjalny Dystrybutor Premium i Serwis na Polsk\u0119 Migatronic, Gys, Voestalpine Bohler Welding. Nowe i u\u017cywane Spawarki, Przecinarki Plazmowe, Kompresory. Mgr in\u017c. Jaros\u0142aw Ko\u0142aski, IWE","breadcrumb":{"@id":"https:\/\/spawlab.pl\/en\/produkt\/paton-eco-160\/#breadcrumb"},"inLanguage":"en-US","potentialAction":[{"@type":"ReadAction","target":["https:\/\/spawlab.pl\/en\/produkt\/paton-eco-160\/"]}]},{"@type":"ImageObject","inLanguage":"en-US","@id":"https:\/\/spawlab.pl\/en\/produkt\/paton-eco-160\/#primaryimage","url":"https:\/\/spawlab.pl\/wp-content\/uploads\/2021\/12\/Spawarka-MMA-Paton-ECO-160-1.jpg","contentUrl":"https:\/\/spawlab.pl\/wp-content\/uploads\/2021\/12\/Spawarka-MMA-Paton-ECO-160-1.jpg","width":800,"height":800},{"@type":"BreadcrumbList","@id":"https:\/\/spawlab.pl\/en\/produkt\/paton-eco-160\/#breadcrumb","itemListElement":[{"@type":"ListItem","position":1,"name":"Strona g\u0142\u00f3wna","item":"https:\/\/spawlab.pl\/en\/"},{"@type":"ListItem","position":2,"name":"Store","item":"https:\/\/spawlab.pl\/en\/shop\/"},{"@type":"ListItem","position":3,"name":"Paton ECO-160"}]},{"@type":"WebSite","@id":"https:\/\/spawlab.pl\/en\/#website","url":"https:\/\/spawlab.pl\/en\/","name":"Spawlab.pl Lider - Spawarki, Przecinarki Plazmowe, Kompresory","description":"Urz\u0105dzenia spawalnicze i Przecinarki plazmowe\/ nowe i u\u017cywane \/ Profesjonalny serwis","publisher":{"@id":"https:\/\/spawlab.pl\/en\/#organization"},"alternateName":"Spawlab.pl - Dystrybutor Premium i Serwis na Polske Migatronic, Gys, Voestalpine Bohler Welding","potentialAction":[{"@type":"SearchAction","target":{"@type":"EntryPoint","urlTemplate":"https:\/\/spawlab.pl\/en\/?s={search_term_string}"},"query-input":{"@type":"PropertyValueSpecification","valueRequired":true,"valueName":"search_term_string"}}],"inLanguage":"en-US"},{"@type":["Organization","Place"],"@id":"https:\/\/spawlab.pl\/en\/#organization","name":"Spawlab.pl","url":"https:\/\/spawlab.pl\/en\/","logo":{"@id":"https:\/\/spawlab.pl\/en\/produkt\/paton-eco-160\/#local-main-organization-logo"},"image":{"@id":"https:\/\/spawlab.pl\/en\/produkt\/paton-eco-160\/#local-main-organization-logo"},"sameAs":["https:\/\/www.facebook.com\/Spawlab\/","https:\/\/www.linkedin.com\/company\/spawlab","https:\/\/www.instagram.com\/spawlab.pl","https:\/\/www.tiktok.com\/@spawlab"],"description":"Lider sprzeda\u017cy, Oficjalny Dystrybutor Premium i Serwis na Polsk\u0119 Migatronic, Gys, Voestalpine Bohler Welding. Nowe i u\u017cywane Spawarki, Przecinarki Plazmowe, Kompresory. Mgr in\u017c. Jaros\u0142aw Ko\u0142aski, IWE","hasMerchantReturnPolicy":{"@type":"MerchantReturnPolicy","merchantReturnLink":"https:\/\/spawlab.pl\/polityka-prywatnosci-2\/"},"telephone":[],"openingHoursSpecification":[{"@type":"OpeningHoursSpecification","dayOfWeek":["Monday","Tuesday","Wednesday","Thursday","Friday","Saturday","Sunday"],"opens":"09:00","closes":"17:00"}]},{"@type":"ImageObject","inLanguage":"en-US","@id":"https:\/\/spawlab.pl\/en\/produkt\/paton-eco-160\/#local-main-organization-logo","url":"https:\/\/spawlab.pl\/wp-content\/uploads\/2022\/01\/olx.jpg","contentUrl":"https:\/\/spawlab.pl\/wp-content\/uploads\/2022\/01\/olx.jpg","width":200,"height":200,"caption":"Spawlab.pl"}]},"product_brand":"Paton","product_price_amount":"940.00","product_price_currency":"PLN","og_availability":"instock","product_availability":"instock","product_condition":"new"},"_links":{"self":[{"href":"https:\/\/spawlab.pl\/en\/wp-json\/wp\/v2\/product\/30136","targetHints":{"allow":["GET"]}}],"collection":[{"href":"https:\/\/spawlab.pl\/en\/wp-json\/wp\/v2\/product"}],"about":[{"href":"https:\/\/spawlab.pl\/en\/wp-json\/wp\/v2\/types\/product"}],"wp:featuredmedia":[{"embeddable":true,"href":"https:\/\/spawlab.pl\/en\/wp-json\/wp\/v2\/media\/14073"}],"wp:attachment":[{"href":"https:\/\/spawlab.pl\/en\/wp-json\/wp\/v2\/media?parent=30136"}],"wp:term":[{"taxonomy":"product_brand","embeddable":true,"href":"https:\/\/spawlab.pl\/en\/wp-json\/wp\/v2\/product_brand?post=30136"},{"taxonomy":"product_cat","embeddable":true,"href":"https:\/\/spawlab.pl\/en\/wp-json\/wp\/v2\/product_cat?post=30136"},{"taxonomy":"product_tag","embeddable":true,"href":"https:\/\/spawlab.pl\/en\/wp-json\/wp\/v2\/product_tag?post=30136"}],"curies":[{"name":"wp","href":"https:\/\/api.w.org\/{rel}","templated":true}]}}