{"id":30139,"date":"2021-12-14T15:19:48","date_gmt":"2021-12-14T14:19:48","guid":{"rendered":"https:\/\/spawlab.pl\/produkt\/paton-pro-250\/"},"modified":"2021-12-14T15:19:48","modified_gmt":"2021-12-14T14:19:48","slug":"paton-pro-250","status":"publish","type":"product","link":"https:\/\/spawlab.pl\/en\/produkt\/paton-pro-250\/","title":{"rendered":"Paton PRO-250"},"content":{"rendered":"<h2>Paton PRO-250 MMA\/TIG Lift welder &#8211; basic welder data<\/h2>\n<p>The <strong>PATON PRO-250 <\/strong>MMA\/TIG Lift welder is designed for manual <strong>MMA<\/strong> arc welding, argon shielded <strong>TIG<\/strong> direct current arc welding, and semi-automatic <strong>MIG\/MAG<\/strong> welding in shielded gas and protective mixtures.<\/p>\n<p>This model achieves a <strong>duty cycle of 70%<\/strong> at its <strong>full nominal current of<\/strong> <strong>250A<\/strong>, which is sufficient for working with any electrodes from \u04241 <strong>.6mm up to fusible \u04244mm<\/strong>, as well as semi-automatic welding with solid wire from \u04240 <strong>.6mm to \u04241.0mm <\/strong>(MIG\/MAG welding is possible after purchasing a wire feeder). The device is set to optimal values for most use cases. Demanding users can select each parameter individually.  <\/p>\n<p><strong>The PRO series <\/strong>offers full <strong>electronic control, <\/strong>which allows greater control of the welding process for each of the selected methods, as well as enabling the maximum potential of the equipment. The PRO series welding inverters are dedicated to industrial use, as well as for the most demanding home users. <\/p>\n<p>&nbsp;<\/p>\n<p><a href=\"https:\/\/paton.pl\/wp-content\/uploads\/2021\/11\/spawarka-mma-250-pro-funkcje.jpg\" data-lbwps-width=\"793\" data-lbwps-height=\"635\" data-lbwps-srcsmall=\"https:\/\/paton.pl\/wp-content\/uploads\/2021\/11\/spawarka-mma-250-pro-funkcje.jpg\"><img fetchpriority=\"high\" decoding=\"async\" class=\"img-responsive alignnone wp-image-46067 size-full lazyloaded\" src=\"https:\/\/paton.pl\/wp-content\/uploads\/2021\/11\/spawarka-mma-250-pro-funkcje.jpg\" sizes=\"(max-width: 793px) 100vw, 793px\" srcset=\"https:\/\/paton.pl\/wp-content\/uploads\/2021\/11\/spawarka-mma-250-pro-funkcje.jpg 793w, https:\/\/paton.pl\/wp-content\/uploads\/2021\/11\/spawarka-mma-250-pro-funkcje-300x240.jpg 300w, https:\/\/paton.pl\/wp-content\/uploads\/2021\/11\/spawarka-mma-250-pro-funkcje-768x615.jpg 768w, https:\/\/paton.pl\/wp-content\/uploads\/2021\/11\/spawarka-mma-250-pro-funkcje-90x72.jpg 90w, https:\/\/paton.pl\/wp-content\/uploads\/2021\/11\/spawarka-mma-250-pro-funkcje-600x480.jpg 600w\" alt=\"\" width=\"793\" height=\"635\" data-ll-status=\"loaded\"><\/a><\/p>\n<p>&nbsp;<\/p>\n<h2><strong>The main advantages of the Paton PRO-250 MMA welder<\/strong><\/h2>\n<ul>\n<li><strong>European production of welding machines<\/strong><\/li>\n<li><strong>Electronic thermal protection system<\/strong> that protects all heat-generating components from overheating<\/li>\n<li>Possibility to connect an external wire feeder<\/li>\n<li>Ability to work on long extension cords as well as with a generator<\/li>\n<li><strong>Pulsed current<\/strong> welding mode available in all methods<\/li>\n<li>Improved arc glow stability<\/li>\n<li><strong>Hot-Start<\/strong> (hot start), <strong>Arc-Force<\/strong> (arc force) and<strong> Anti-Force<\/strong> (anti-scratch) functions<\/li>\n<li>The devices have <strong>voltage spike protection and an operation stabilization system<\/strong>, allowing proper operation for a voltage range of 160V to 260V<\/li>\n<li><strong>Twice the electricity demand<\/strong> compared to traditional sources<\/li>\n<li>Optimal fusion and correct stitch shape regardless of welding position<\/li>\n<\/ul>\n<p><strong>5-year manufacturer&#8217;s warranty for consumers as well as companies<\/strong><\/p>\n<p>The highest quality workmanship confirmed by<strong> a 5-year DOOR-to-DOOR manufacturer&#8217;s warranty<\/strong>. Models of the <strong>VDI PRO<\/strong> series are characterized by a compact design, which uses a number of innovative technological solutions that increase the reliability of the devices. Increased reliability of the inverter in environments with high dust and humidity by moving the electronic system to a separate chamber, moreover, impregnated electronic components with high-class varnish.  <\/p>\n<p><strong>The purchased set includes:  <\/strong><\/p>\n<ul>\n<li><strong>PATON PRO-250<\/strong> MMA welder<\/li>\n<li><strong>ABICOR BINZEL DE2200 3m<\/strong> electrode holder<\/li>\n<li><strong>ABICOR BINZEL MK300 3m<\/strong> ground holder<\/li>\n<li>Professional carrying case<\/li>\n<li>Carrying strap<\/li>\n<li>User Manual<\/li>\n<\/ul>\n<p><strong>Hot-Start function <\/strong>(hot start) &#8211; ensures the highest quality of the beginning of welding, first-class ignition &#8211; when the electric arc is ignited, during a short moment of time, the working welding current increases from the set working level to the optimal level. In some cases (when working with a weak network or generator), this level can be set manually if there is a corresponding switch (as in the <strong>&#8220;Professional&#8221;<\/strong> series <strong>)<\/strong>. Lowering <strong>the &#8220;Hot-Start&#8221;<\/strong> to reduce energy consumption from a weak grid or increasing it in a strong grid makes ignition much easier.<br \/>\n<strong>Arc-Force<\/strong> <strong>function <\/strong> &#8211; is used to improve the stability of short arc combustion and prevent &#8220;sticking&#8221; of the electrode. When a drop of metal separates from the electrode, the current is automatically increased to a certain level if there is a corresponding switch (as in the <strong>&#8220;Professional&#8221;<\/strong> series <strong>)<\/strong>. By lowering the &#8220;Arc Force&#8221; to reduce the power consumption from a weak grid or increasing it in a strong grid, the stability of arc burning is even more improved.<br \/>\n<b><strong>Anti-Stick function <\/strong><\/b>(anti-stick) <b>&#8211; allows <\/b>the welder to easily separate the electrode from the product. In the event of a short circuit (if it occurs), after a short break, the welding current is reduced automatically. Once the electrode is separated from the workpiece, the source automatically restores its operation.  <\/p>\n<h3>The main advantages of the PATON inverter welder:<\/h3>\n<ul>\n<li>Wide range of adjustable welding parameters:<br \/>\n&#8211; <strong>MMA<\/strong> method &#8211; 1 (basic) + 10 (additional)<br \/>\n&#8211; <strong>TIG<\/strong> method &#8211; 1 (basic) + 4 (additional)<br \/>\n&#8211; <strong>MIG\/MAG<\/strong> method &#8211; 1 (basic) + 5 (additional)<\/li>\n<li><strong>Pulsed current<\/strong> welding function, which is additionally programmable &#8211; in all welding modes.<\/li>\n<li>Power surge protection system.<\/li>\n<li>Installed additional system to <strong>stabilize operation <\/strong>at larger long-term voltage differences in the single-phase power grid from 160 V to 260 V.<\/li>\n<li>Adapted to the standard electricity grid. Thanks to its high efficiency, the source provides <strong>two times less electricity demand<\/strong> compared to traditional sources. <\/li>\n<li>Adaptive fan speed, which <strong>increases at the beginning of welding<\/strong>, increases even more when the welder is heated and decreases <strong>when it is cool<\/strong>, this saves wear on the fan and reduces the amount of dust in the welder.<\/li>\n<li>Convenience of operation due to good load life at <strong>nominal amperage<\/strong>, which allows welding virtually <strong>continuously <\/strong>with electrodes at nominal amperage.<\/li>\n<li><strong>Thermal protection system<\/strong> that protects all heat-generating components of the welding unit from overheating.<\/li>\n<li>Enhanced durability due to<strong> impregnation of the electronic system with two layers of <\/strong>high-quality varnish, which ensures the reliability of the product throughout its lifetime.<\/li>\n<li>Improved arc glow stability.<\/li>\n<li>Efficiency by using the latest advanced IGBT technology.<\/li>\n<\/ul>\n<table id=\"tablepress-126\" class=\"tablepress tablepress-id-126\">\n<tbody class=\"row-hover\">\n<tr class=\"row-1 odd\">\n<td class=\"column-1\">Supply voltage 50\/60 Hz<\/td>\n<td class=\"column-2\">230 V<\/td>\n<\/tr>\n<tr class=\"row-2 even\">\n<td class=\"column-1\">Mains fuse required<\/td>\n<td class=\"column-2\">20C<\/td>\n<\/tr>\n<tr class=\"row-3 odd\">\n<td class=\"column-1\">Nominal welding current<\/td>\n<td class=\"column-2\">250 A<\/td>\n<\/tr>\n<tr class=\"row-4 even\">\n<td class=\"column-1\">Maximum welding current<\/td>\n<td class=\"column-2\">335 A<\/td>\n<\/tr>\n<tr class=\"row-5 odd\">\n<td class=\"column-1\">Nominal mains current required<\/td>\n<td class=\"column-2\">32 &#8211; 36 A<\/td>\n<\/tr>\n<tr class=\"row-6 even\">\n<td class=\"column-1\">Duty cycle, %<\/td>\n<td class=\"column-2\">70% &#8211; 250 \u0410<br \/>\n100% &#8211; 208 \u0410<\/td>\n<\/tr>\n<tr class=\"row-7 odd\">\n<td class=\"column-1\">Supply voltage variation ranges<\/td>\n<td class=\"column-2\">160 &#8211; 260 V<\/td>\n<\/tr>\n<tr class=\"row-8 even\">\n<td class=\"column-1\">Welding current adjustment ranges<\/td>\n<td class=\"column-2\">12 &#8211; 250 A<\/td>\n<\/tr>\n<tr class=\"row-9 odd\">\n<td class=\"column-1\">Welding voltage adjustment ranges<\/td>\n<td class=\"column-2\">12 &#8211; 28 V<\/td>\n<\/tr>\n<tr class=\"row-10 even\">\n<td class=\"column-1\">Covered electrode diameter<\/td>\n<td class=\"column-2\">1.6 &#8211; 6.0 mm<\/td>\n<\/tr>\n<tr class=\"row-11 odd\">\n<td class=\"column-1\">Diameter of solid wire<\/td>\n<td class=\"column-2\">0.6 &#8211; 1.2 mm<\/td>\n<\/tr>\n<tr class=\"row-12 even\">\n<td class=\"column-1\">Pulsed current welding methods<\/td>\n<td class=\"column-2\">&#8220;MMA: 0.2&#8230;500 Hz<br \/>\nTIG: 0.2&#8230;500 Hz<br \/>\nMIG\/MAG: 5&#8230;500 Hz&#8221;<\/td>\n<\/tr>\n<tr class=\"row-13 odd\">\n<td class=\"column-1\">&#8220;Hot-Start&#8221; function<\/td>\n<td class=\"column-2\">Adjustable<\/td>\n<\/tr>\n<tr class=\"row-14 even\">\n<td class=\"column-1\">Arc-Force&#8221; function<\/td>\n<td class=\"column-2\">Adjustable<\/td>\n<\/tr>\n<tr class=\"row-15 odd\">\n<td class=\"column-1\">&#8220;Anti-Stick&#8221; function<\/td>\n<td class=\"column-2\">Automatic<\/td>\n<\/tr>\n<tr class=\"row-16 even\">\n<td class=\"column-1\">Idle voltage reduction system<\/td>\n<td class=\"column-2\">On \/ Off<\/td>\n<\/tr>\n<tr class=\"row-17 odd\">\n<td class=\"column-1\">Idling current voltage<\/td>\n<td class=\"column-2\">12 \/ 75 V<\/td>\n<\/tr>\n<tr class=\"row-18 even\">\n<td class=\"column-1\">Arc ignition current voltage<\/td>\n<td class=\"column-2\">110 V<\/td>\n<\/tr>\n<tr class=\"row-19 odd\">\n<td class=\"column-1\">Nominal power consumption<\/td>\n<td class=\"column-2\">6.9 &#8211; 7.9 kVA<\/td>\n<\/tr>\n<tr class=\"row-20 even\">\n<td class=\"column-1\">Maximum power consumption<\/td>\n<td class=\"column-2\">11.0 kVA<\/td>\n<\/tr>\n<tr class=\"row-21 odd\">\n<td class=\"column-1\">Efficiency\u0301 energy efficiency<\/td>\n<td class=\"column-2\">92%<\/td>\n<\/tr>\n<tr class=\"row-22 even\">\n<td class=\"column-1\">Cooling<\/td>\n<td class=\"column-2\">Automatic<\/td>\n<\/tr>\n<tr class=\"row-23 odd\">\n<td class=\"column-1\">Operating temperature range<\/td>\n<td class=\"column-2\">-25 &#8230; +45 \u00ba\u0421<\/td>\n<\/tr>\n<tr class=\"row-24 even\">\n<td class=\"column-1\">Standards met:<\/td>\n<td class=\"column-2\">EN 60204 &#8211; 1:2006<br \/>\nEN 60974 &#8211; 1:2012<br \/>\nEN 60974 &#8211; 10:2014<\/td>\n<\/tr>\n<tr class=\"row-25 odd\">\n<td class=\"column-1\">Dimensions (length, width, height), mm:<\/td>\n<td class=\"column-2\">330 \u0445 110 \u0445 250<\/td>\n<\/tr>\n<tr class=\"row-26 even\">\n<td class=\"column-1\">Weight<\/td>\n<td class=\"column-2\">5.7 kg<\/td>\n<\/tr>\n<tr class=\"row-27 odd\">\n<td class=\"column-1\">Degree of protection*<\/td>\n<td class=\"column-2\">IP 33<\/td>\n<\/tr>\n<\/tbody>\n<\/table>\n","protected":false},"excerpt":{"rendered":"<p>Paton PRO-250 MMA\/TIG Lift welder &#8211; basic welder data The PATON PRO-250 MMA\/TIG Lift welder is designed for manual MMA arc welding, argon shielded TIG direct current arc welding, and semi-automatic MIG\/MAG welding in shielded gas and protective mixtures. This model achieves a duty cycle of 70% at its full nominal current of 250A, which [&hellip;]<\/p>\n","protected":false},"featured_media":14103,"template":"","meta":{"inline_featured_image":false},"product_brand":[],"product_cat":[499,474],"product_tag":[],"class_list":{"0":"post-30139","1":"product","2":"type-product","3":"status-publish","4":"has-post-thumbnail","6":"product_cat-mma-en-2","7":"product_cat-new","9":"first","10":"instock","11":"taxable","12":"shipping-taxable","13":"purchasable","14":"product-type-simple"},"yoast_head":"<!-- This site is optimized with the Yoast SEO Premium plugin v27.0 (Yoast SEO v27.3) - https:\/\/yoast.com\/product\/yoast-seo-premium-wordpress\/ -->\n<title>Paton PRO-250 - SpawLab - Welding equipment and plasma cutters - store and service<\/title>\n<meta name=\"description\" content=\"Lider sprzeda\u017cy, Oficjalny Dystrybutor Premium i Serwis na Polsk\u0119 Migatronic, Gys, Voestalpine Bohler Welding. Nowe i u\u017cywane Spawarki, Przecinarki Plazmowe, Kompresory. Mgr in\u017c. Jaros\u0142aw Ko\u0142aski, IWE\" \/>\n<meta name=\"robots\" content=\"index, follow, max-snippet:-1, max-image-preview:large, max-video-preview:-1\" \/>\n<link rel=\"canonical\" href=\"https:\/\/spawlab.pl\/en\/produkt\/paton-pro-250\/\" \/>\n<meta property=\"og:locale\" content=\"en_US\" \/>\n<meta property=\"og:type\" content=\"article\" \/>\n<meta property=\"og:title\" content=\"Paton PRO-250\" \/>\n<meta property=\"og:description\" content=\"Lider sprzeda\u017cy, Oficjalny Dystrybutor Premium i Serwis na Polsk\u0119 Migatronic, Gys, Voestalpine Bohler Welding. Nowe i u\u017cywane Spawarki, Przecinarki Plazmowe, Kompresory. Mgr in\u017c. Jaros\u0142aw Ko\u0142aski, IWE\" \/>\n<meta property=\"og:url\" content=\"https:\/\/spawlab.pl\/en\/produkt\/paton-pro-250\/\" \/>\n<meta property=\"og:site_name\" content=\"SpawLab - Welding equipment and plasma cutters - store and service\" \/>\n<meta property=\"article:publisher\" content=\"https:\/\/www.facebook.com\/Spawlab\/\" \/>\n<meta property=\"og:image\" content=\"https:\/\/spawlab.pl\/wp-content\/uploads\/2025\/06\/LOGO-SPOLECZN-scaled.png\" \/>\n\t<meta property=\"og:image:width\" content=\"2560\" \/>\n\t<meta property=\"og:image:height\" content=\"1440\" \/>\n\t<meta property=\"og:image:type\" content=\"image\/png\" \/>\n<meta name=\"twitter:label1\" content=\"Price\" \/>\n\t<meta name=\"twitter:data1\" content=\"1 980,00&nbsp;&#122;&#322; (1 609,76&nbsp;&#122;&#322; netto)\" \/>\n\t<meta name=\"twitter:label2\" content=\"Availability\" \/>\n\t<meta name=\"twitter:data2\" content=\"In stock\" \/>\n<script type=\"application\/ld+json\" class=\"yoast-schema-graph\">{\"@context\":\"https:\\\/\\\/schema.org\",\"@graph\":[{\"@type\":[\"WebPage\",\"ItemPage\"],\"@id\":\"https:\\\/\\\/spawlab.pl\\\/en\\\/produkt\\\/paton-pro-250\\\/\",\"url\":\"https:\\\/\\\/spawlab.pl\\\/en\\\/produkt\\\/paton-pro-250\\\/\",\"name\":\"Paton PRO-250 - SpawLab - Welding equipment and plasma cutters - store and service\",\"isPartOf\":{\"@id\":\"https:\\\/\\\/spawlab.pl\\\/en\\\/#website\"},\"primaryImageOfPage\":{\"@id\":\"https:\\\/\\\/spawlab.pl\\\/en\\\/produkt\\\/paton-pro-250\\\/#primaryimage\"},\"image\":{\"@id\":\"https:\\\/\\\/spawlab.pl\\\/en\\\/produkt\\\/paton-pro-250\\\/#primaryimage\"},\"thumbnailUrl\":\"https:\\\/\\\/spawlab.pl\\\/wp-content\\\/uploads\\\/2021\\\/12\\\/Spawarka-MMA-TIG-Lift-MIG-MAG-Paton-PRO-250-5.jpg\",\"datePublished\":\"2021-12-14T14:19:48+00:00\",\"description\":\"Lider sprzeda\u017cy, Oficjalny Dystrybutor Premium i Serwis na Polsk\u0119 Migatronic, Gys, Voestalpine Bohler Welding. Nowe i u\u017cywane Spawarki, Przecinarki Plazmowe, Kompresory. Mgr in\u017c. Jaros\u0142aw Ko\u0142aski, IWE\",\"breadcrumb\":{\"@id\":\"https:\\\/\\\/spawlab.pl\\\/en\\\/produkt\\\/paton-pro-250\\\/#breadcrumb\"},\"inLanguage\":\"en-US\",\"potentialAction\":[{\"@type\":\"ReadAction\",\"target\":[\"https:\\\/\\\/spawlab.pl\\\/en\\\/produkt\\\/paton-pro-250\\\/\"]}]},{\"@type\":\"ImageObject\",\"inLanguage\":\"en-US\",\"@id\":\"https:\\\/\\\/spawlab.pl\\\/en\\\/produkt\\\/paton-pro-250\\\/#primaryimage\",\"url\":\"https:\\\/\\\/spawlab.pl\\\/wp-content\\\/uploads\\\/2021\\\/12\\\/Spawarka-MMA-TIG-Lift-MIG-MAG-Paton-PRO-250-5.jpg\",\"contentUrl\":\"https:\\\/\\\/spawlab.pl\\\/wp-content\\\/uploads\\\/2021\\\/12\\\/Spawarka-MMA-TIG-Lift-MIG-MAG-Paton-PRO-250-5.jpg\",\"width\":800,\"height\":800},{\"@type\":\"BreadcrumbList\",\"@id\":\"https:\\\/\\\/spawlab.pl\\\/en\\\/produkt\\\/paton-pro-250\\\/#breadcrumb\",\"itemListElement\":[{\"@type\":\"ListItem\",\"position\":1,\"name\":\"Strona g\u0142\u00f3wna\",\"item\":\"https:\\\/\\\/spawlab.pl\\\/en\\\/\"},{\"@type\":\"ListItem\",\"position\":2,\"name\":\"Store\",\"item\":\"https:\\\/\\\/spawlab.pl\\\/en\\\/shop\\\/\"},{\"@type\":\"ListItem\",\"position\":3,\"name\":\"Paton PRO-250\"}]},{\"@type\":\"WebSite\",\"@id\":\"https:\\\/\\\/spawlab.pl\\\/en\\\/#website\",\"url\":\"https:\\\/\\\/spawlab.pl\\\/en\\\/\",\"name\":\"Spawlab.pl Lider - Spawarki, Przecinarki Plazmowe, Kompresory\",\"description\":\"Urz\u0105dzenia spawalnicze i Przecinarki plazmowe\\\/ nowe i u\u017cywane \\\/ Profesjonalny serwis\",\"publisher\":{\"@id\":\"https:\\\/\\\/spawlab.pl\\\/en\\\/#organization\"},\"alternateName\":\"Spawlab.pl - Dystrybutor Premium i Serwis na Polske Migatronic, Gys, Voestalpine Bohler Welding\",\"potentialAction\":[{\"@type\":\"SearchAction\",\"target\":{\"@type\":\"EntryPoint\",\"urlTemplate\":\"https:\\\/\\\/spawlab.pl\\\/en\\\/?s={search_term_string}\"},\"query-input\":{\"@type\":\"PropertyValueSpecification\",\"valueRequired\":true,\"valueName\":\"search_term_string\"}}],\"inLanguage\":\"en-US\"},{\"@type\":[\"Organization\",\"Place\"],\"@id\":\"https:\\\/\\\/spawlab.pl\\\/en\\\/#organization\",\"name\":\"Spawlab.pl\",\"url\":\"https:\\\/\\\/spawlab.pl\\\/en\\\/\",\"logo\":{\"@id\":\"https:\\\/\\\/spawlab.pl\\\/en\\\/produkt\\\/paton-pro-250\\\/#local-main-organization-logo\"},\"image\":{\"@id\":\"https:\\\/\\\/spawlab.pl\\\/en\\\/produkt\\\/paton-pro-250\\\/#local-main-organization-logo\"},\"sameAs\":[\"https:\\\/\\\/www.facebook.com\\\/Spawlab\\\/\",\"https:\\\/\\\/www.linkedin.com\\\/company\\\/spawlab\",\"https:\\\/\\\/www.instagram.com\\\/spawlab.pl\",\"https:\\\/\\\/www.tiktok.com\\\/@spawlab\"],\"description\":\"Lider sprzeda\u017cy, Oficjalny Dystrybutor Premium i Serwis na Polsk\u0119 Migatronic, Gys, Voestalpine Bohler Welding. Nowe i u\u017cywane Spawarki, Przecinarki Plazmowe, Kompresory. Mgr in\u017c. Jaros\u0142aw Ko\u0142aski, IWE\",\"hasMerchantReturnPolicy\":{\"@type\":\"MerchantReturnPolicy\",\"merchantReturnLink\":\"https:\\\/\\\/spawlab.pl\\\/polityka-prywatnosci-2\\\/\"},\"telephone\":[],\"openingHoursSpecification\":[{\"@type\":\"OpeningHoursSpecification\",\"dayOfWeek\":[\"Monday\",\"Tuesday\",\"Wednesday\",\"Thursday\",\"Friday\",\"Saturday\",\"Sunday\"],\"opens\":\"09:00\",\"closes\":\"17:00\"}]},{\"@type\":\"ImageObject\",\"inLanguage\":\"en-US\",\"@id\":\"https:\\\/\\\/spawlab.pl\\\/en\\\/produkt\\\/paton-pro-250\\\/#local-main-organization-logo\",\"url\":\"https:\\\/\\\/spawlab.pl\\\/wp-content\\\/uploads\\\/2022\\\/01\\\/olx.jpg\",\"contentUrl\":\"https:\\\/\\\/spawlab.pl\\\/wp-content\\\/uploads\\\/2022\\\/01\\\/olx.jpg\",\"width\":200,\"height\":200,\"caption\":\"Spawlab.pl\"}]}<\/script>\n<meta property=\"product:brand\" content=\"Paton\" \/>\n<meta property=\"product:price:amount\" content=\"1980.00\" \/>\n<meta property=\"product:price:currency\" content=\"PLN\" \/>\n<meta property=\"og:availability\" content=\"instock\" \/>\n<meta property=\"product:availability\" content=\"instock\" \/>\n<meta property=\"product:condition\" content=\"new\" \/>\n<!-- \/ Yoast SEO Premium plugin. -->","yoast_head_json":{"title":"Paton PRO-250 - SpawLab - Welding equipment and plasma cutters - store and service","description":"Lider sprzeda\u017cy, Oficjalny Dystrybutor Premium i Serwis na Polsk\u0119 Migatronic, Gys, Voestalpine Bohler Welding. Nowe i u\u017cywane Spawarki, Przecinarki Plazmowe, Kompresory. Mgr in\u017c. Jaros\u0142aw Ko\u0142aski, IWE","robots":{"index":"index","follow":"follow","max-snippet":"max-snippet:-1","max-image-preview":"max-image-preview:large","max-video-preview":"max-video-preview:-1"},"canonical":"https:\/\/spawlab.pl\/en\/produkt\/paton-pro-250\/","og_locale":"en_US","og_type":"article","og_title":"Paton PRO-250","og_description":"Lider sprzeda\u017cy, Oficjalny Dystrybutor Premium i Serwis na Polsk\u0119 Migatronic, Gys, Voestalpine Bohler Welding. Nowe i u\u017cywane Spawarki, Przecinarki Plazmowe, Kompresory. Mgr in\u017c. Jaros\u0142aw Ko\u0142aski, IWE","og_url":"https:\/\/spawlab.pl\/en\/produkt\/paton-pro-250\/","og_site_name":"SpawLab - Welding equipment and plasma cutters - store and service","article_publisher":"https:\/\/www.facebook.com\/Spawlab\/","og_image":[{"width":2560,"height":1440,"url":"https:\/\/spawlab.pl\/wp-content\/uploads\/2025\/06\/LOGO-SPOLECZN-scaled.png","type":"image\/png"}],"twitter_misc":{"Price":"1 980,00&nbsp;&#122;&#322; (1 609,76&nbsp;&#122;&#322; netto)","Availability":"In stock"},"schema":{"@context":"https:\/\/schema.org","@graph":[{"@type":["WebPage","ItemPage"],"@id":"https:\/\/spawlab.pl\/en\/produkt\/paton-pro-250\/","url":"https:\/\/spawlab.pl\/en\/produkt\/paton-pro-250\/","name":"Paton PRO-250 - SpawLab - Welding equipment and plasma cutters - store and service","isPartOf":{"@id":"https:\/\/spawlab.pl\/en\/#website"},"primaryImageOfPage":{"@id":"https:\/\/spawlab.pl\/en\/produkt\/paton-pro-250\/#primaryimage"},"image":{"@id":"https:\/\/spawlab.pl\/en\/produkt\/paton-pro-250\/#primaryimage"},"thumbnailUrl":"https:\/\/spawlab.pl\/wp-content\/uploads\/2021\/12\/Spawarka-MMA-TIG-Lift-MIG-MAG-Paton-PRO-250-5.jpg","datePublished":"2021-12-14T14:19:48+00:00","description":"Lider sprzeda\u017cy, Oficjalny Dystrybutor Premium i Serwis na Polsk\u0119 Migatronic, Gys, Voestalpine Bohler Welding. Nowe i u\u017cywane Spawarki, Przecinarki Plazmowe, Kompresory. Mgr in\u017c. Jaros\u0142aw Ko\u0142aski, IWE","breadcrumb":{"@id":"https:\/\/spawlab.pl\/en\/produkt\/paton-pro-250\/#breadcrumb"},"inLanguage":"en-US","potentialAction":[{"@type":"ReadAction","target":["https:\/\/spawlab.pl\/en\/produkt\/paton-pro-250\/"]}]},{"@type":"ImageObject","inLanguage":"en-US","@id":"https:\/\/spawlab.pl\/en\/produkt\/paton-pro-250\/#primaryimage","url":"https:\/\/spawlab.pl\/wp-content\/uploads\/2021\/12\/Spawarka-MMA-TIG-Lift-MIG-MAG-Paton-PRO-250-5.jpg","contentUrl":"https:\/\/spawlab.pl\/wp-content\/uploads\/2021\/12\/Spawarka-MMA-TIG-Lift-MIG-MAG-Paton-PRO-250-5.jpg","width":800,"height":800},{"@type":"BreadcrumbList","@id":"https:\/\/spawlab.pl\/en\/produkt\/paton-pro-250\/#breadcrumb","itemListElement":[{"@type":"ListItem","position":1,"name":"Strona g\u0142\u00f3wna","item":"https:\/\/spawlab.pl\/en\/"},{"@type":"ListItem","position":2,"name":"Store","item":"https:\/\/spawlab.pl\/en\/shop\/"},{"@type":"ListItem","position":3,"name":"Paton PRO-250"}]},{"@type":"WebSite","@id":"https:\/\/spawlab.pl\/en\/#website","url":"https:\/\/spawlab.pl\/en\/","name":"Spawlab.pl Lider - Spawarki, Przecinarki Plazmowe, Kompresory","description":"Urz\u0105dzenia spawalnicze i Przecinarki plazmowe\/ nowe i u\u017cywane \/ Profesjonalny serwis","publisher":{"@id":"https:\/\/spawlab.pl\/en\/#organization"},"alternateName":"Spawlab.pl - Dystrybutor Premium i Serwis na Polske Migatronic, Gys, Voestalpine Bohler Welding","potentialAction":[{"@type":"SearchAction","target":{"@type":"EntryPoint","urlTemplate":"https:\/\/spawlab.pl\/en\/?s={search_term_string}"},"query-input":{"@type":"PropertyValueSpecification","valueRequired":true,"valueName":"search_term_string"}}],"inLanguage":"en-US"},{"@type":["Organization","Place"],"@id":"https:\/\/spawlab.pl\/en\/#organization","name":"Spawlab.pl","url":"https:\/\/spawlab.pl\/en\/","logo":{"@id":"https:\/\/spawlab.pl\/en\/produkt\/paton-pro-250\/#local-main-organization-logo"},"image":{"@id":"https:\/\/spawlab.pl\/en\/produkt\/paton-pro-250\/#local-main-organization-logo"},"sameAs":["https:\/\/www.facebook.com\/Spawlab\/","https:\/\/www.linkedin.com\/company\/spawlab","https:\/\/www.instagram.com\/spawlab.pl","https:\/\/www.tiktok.com\/@spawlab"],"description":"Lider sprzeda\u017cy, Oficjalny Dystrybutor Premium i Serwis na Polsk\u0119 Migatronic, Gys, Voestalpine Bohler Welding. Nowe i u\u017cywane Spawarki, Przecinarki Plazmowe, Kompresory. Mgr in\u017c. Jaros\u0142aw Ko\u0142aski, IWE","hasMerchantReturnPolicy":{"@type":"MerchantReturnPolicy","merchantReturnLink":"https:\/\/spawlab.pl\/polityka-prywatnosci-2\/"},"telephone":[],"openingHoursSpecification":[{"@type":"OpeningHoursSpecification","dayOfWeek":["Monday","Tuesday","Wednesday","Thursday","Friday","Saturday","Sunday"],"opens":"09:00","closes":"17:00"}]},{"@type":"ImageObject","inLanguage":"en-US","@id":"https:\/\/spawlab.pl\/en\/produkt\/paton-pro-250\/#local-main-organization-logo","url":"https:\/\/spawlab.pl\/wp-content\/uploads\/2022\/01\/olx.jpg","contentUrl":"https:\/\/spawlab.pl\/wp-content\/uploads\/2022\/01\/olx.jpg","width":200,"height":200,"caption":"Spawlab.pl"}]},"product_brand":"Paton","product_price_amount":"1980.00","product_price_currency":"PLN","og_availability":"instock","product_availability":"instock","product_condition":"new"},"_links":{"self":[{"href":"https:\/\/spawlab.pl\/en\/wp-json\/wp\/v2\/product\/30139","targetHints":{"allow":["GET"]}}],"collection":[{"href":"https:\/\/spawlab.pl\/en\/wp-json\/wp\/v2\/product"}],"about":[{"href":"https:\/\/spawlab.pl\/en\/wp-json\/wp\/v2\/types\/product"}],"wp:featuredmedia":[{"embeddable":true,"href":"https:\/\/spawlab.pl\/en\/wp-json\/wp\/v2\/media\/14103"}],"wp:attachment":[{"href":"https:\/\/spawlab.pl\/en\/wp-json\/wp\/v2\/media?parent=30139"}],"wp:term":[{"taxonomy":"product_brand","embeddable":true,"href":"https:\/\/spawlab.pl\/en\/wp-json\/wp\/v2\/product_brand?post=30139"},{"taxonomy":"product_cat","embeddable":true,"href":"https:\/\/spawlab.pl\/en\/wp-json\/wp\/v2\/product_cat?post=30139"},{"taxonomy":"product_tag","embeddable":true,"href":"https:\/\/spawlab.pl\/en\/wp-json\/wp\/v2\/product_tag?post=30139"}],"curies":[{"name":"wp","href":"https:\/\/api.w.org\/{rel}","templated":true}]}}