{"id":30142,"date":"2021-11-24T20:09:30","date_gmt":"2021-11-24T19:09:30","guid":{"rendered":"https:\/\/spawlab.pl\/produkt\/optrel-swiss-air-universal-blowing-apparatus\/"},"modified":"2025-06-26T21:36:50","modified_gmt":"2025-06-26T19:36:50","slug":"optrel-swiss-air-universal-blowing-apparatus","status":"publish","type":"product","link":"https:\/\/spawlab.pl\/en\/produkt\/optrel-swiss-air-universal-blowing-apparatus\/","title":{"rendered":"OPTREL Swiss Air universal blowing apparatus"},"content":{"rendered":"<p>The Optrel<strong> SWISS AIR <\/strong>blowing apparatus constantly delivers fresh fully filtered air directly to the user&#8217;s respirator. The unique <strong>Swiss design<\/strong> does not require wearing a visor and does not cause adverse facial cooling or dry eyes. <\/p>\n<p><strong>Optrel<\/strong> respirator with half-mask respirator is a reliable protection against exposure to <strong>dusts<\/strong>,<strong> fumes<\/strong>,<strong> areosols<\/strong> occurring in the working environment with a very high <strong>comfort of use<\/strong>.<\/p>\n<p><strong>Swiss-Air<\/strong> is all about <strong>versatility for use <\/strong>in all conditions with any visor or safety glasses.<\/p>\n<p><strong>Features\/Abilities<br \/>\n<\/strong><\/p>\n<ul>\n<li>The possibility of simultaneous use of any personal protective equipment: <strong>head<\/strong> and <strong>face<\/strong> and <strong>eyes<\/strong> regardless of brand.<\/li>\n<li>The <strong>positive pressure<\/strong> generated in the respirator <strong>facilitates breathing<\/strong> and reduces the feeling of fatigue.<\/li>\n<li>The use of the included puffing respirator eliminates the risk of eye irritation and forehead cooling.<\/li>\n<li><strong>The highest level of respiratory protection<\/strong> with <strong>TH3<\/strong> class filter, which shows <strong>10<\/strong> times higher filtration efficiency compared to the highest protection class of <strong>FFP3<\/strong> respirators and <strong>40 <\/strong> times higher than<strong> FPP2<\/strong>.<\/li>\n<li><strong>Universal application &#8211; <\/strong>the possibility of using any means of individual protection of the head and face and eyes, such as goggles, goggles, visors, protective helmets, welding visors, ear muffs and many others.<\/li>\n<li><strong>Infinitely adjustable airflow<\/strong> regardless of the state of the battery and filter contamination &#8211; a system that stabilizes motor operation depending on the temperature and altitude of use.<\/li>\n<li><strong>Excellent fit of the respirator<\/strong> to the face<strong> every time<\/strong> without the need to check its tightness every time, as in the case of traditional filtering respirators.<\/li>\n<li><strong>The front control remote<\/strong> connected directly to the blowing unit allows you to conveniently control the device with a dial, and indicates the intensity of the airflow (up to 130 l\/min) and the battery charge status.<\/li>\n<li><strong>The miniaturized design of<\/strong> the camera<strong>(25<\/strong> x <strong>17 cm<\/strong>) <strong>with above-average performance<\/strong> &#8211; the thickness of the Swiss Air is less than <strong>4.8 cm<\/strong>, allowing it to work in tight spaces.<\/li>\n<li><strong>Up to<\/strong> <strong>14 hours of continuous operation<\/strong> on a single charge.<\/li>\n<li>Conveniently <strong>attach the camera<\/strong> to the back with a <strong>harness <\/strong>(harness)<strong> with a clip<\/strong>, and <strong>the respirator<\/strong> to the face via <strong>an infinitely adjustable headband<\/strong> that fits any head in sizes <strong>S<\/strong> to<strong> XL<\/strong>.<\/li>\n<li>The light weight of the camera <strong>(550 g<\/strong>), combined with the ergonomic harness, significantly reduces the load on the back, which allows you to work with the clean air system for long periods of time.<\/li>\n<li>A <strong>Y-shaped<\/strong> air duct placed around the head and a flexible tube effectively supply clean air to the respirator, creating a constant <strong>positive pressure<\/strong> that protects the user from the ingress of harmful air pollutants such as <strong>dust<\/strong>, <strong>fumes<\/strong>, <strong>aerosols<\/strong>, and <strong>viruses<\/strong> and <strong>fungi<\/strong>.<\/li>\n<li>The<strong> SwissAir<\/strong> breathing kit is also<strong> suitable for <\/strong>all <strong>welding<\/strong> and <strong>grinding<\/strong> <strong>work<\/strong> and other industrial processes &#8211; the respirator is made of a special <strong>flame-resistant material<\/strong>, while the blowing apparatus is equipped with <strong>an additional<\/strong> <strong>pre-filter<\/strong> and a spark guard, which effectively eliminates the risk of glowing particles entering the apparatus.<\/li>\n<li><strong>Maximum safety<\/strong> with dual signaling &#8211; visual on both the remote control and the device itself, as well as acoustic &#8211; alerting you when the filter is very full or the battery is running out.<\/li>\n<li>The respirator is equipped with durable silicone exhaust valves that force optimal air circulation.<\/li>\n<li><strong>Quiet<\/strong>, peaceful <strong>operation with<\/strong> Optrel <strong>SwissAir<\/strong> &#8211; the device does not generate excessive noise &#8211; <strong>70dB(A)<\/strong> maximum.<\/li>\n<li>High-quality materials used in production: Half-mask (durable rip-stop fabric, polyurethane foam and silicone seals), Housing (polyadmid 66 type GF30).<\/li>\n<li>Solidly constructed bearing fan motor with electronic fuse.<\/li>\n<li>Automatic equalization of motor speed to the current temperature and altitude of use.<\/li>\n<li>Filter type: <strong>TH3P R SSL<\/strong> with pre-filter and spark shield.<\/li>\n<li>Lithium-ion battery <strong>operating time up to 14 h<\/strong> (3.6 V \/ 6.5 Ah \/ 23.4Wh).<\/li>\n<li>Weight of the apparatus including filter and harness and respirator: 1.2 kg.<\/li>\n<li>Dimensions: <strong>250 <\/strong>x<strong> 170 <\/strong>x<strong> 50<\/strong> mm.<\/li>\n<li>Color: <strong>Black<\/strong><\/li>\n<li><strong>2-year warranty<\/strong> on the device except for batteries.<\/li>\n<\/ul>\n<p><strong>Requirements<\/strong><\/p>\n<ul>\n<li><strong>CE<\/strong> designation <strong>1024<\/strong><\/li>\n<li>EN 12941 TH3P (Europe)<\/li>\n<li>P3; AS\/NZS 1716; EAC TP TC 019\/2011 (Australia).<\/li>\n<li>EAC TP TC 019\/2011<\/li>\n<\/ul>\n<div><strong>The kit includes<\/strong><\/div>\n<div><strong> <\/strong><\/div>\n<div>A complete<strong> SwissAir <\/strong>breathing system by Optrel including: a blowing apparatus with a battery, a respirator equipped with exhalation valves, Y-supply hoses and a flexible hose, a harness with suspenders, a remote control, a battery charger, a storage backpack and an instruction manual.<\/div>\n<div><\/div>\n<div>\n<div><strong>See short presentations of Optrel Swiss-Air<br \/>\n<a href=\"https:\/\/www.youtube.com\/watch?v=_qNAD1Gz-tE\">Video of the device presentation<\/a><\/strong><\/div>\n<div>\n<div class=\"row\">\n<div class=\"gr-12 gr-24@mobile no-gutter-left no-gutter@mobile\">\n<div class=\"simple-def\">\n<dl class=\"list list--def -text-s\">\n<dt class=\"list__item simple-def__terms -weight-b\">Battery life [h] :14<\/dt>\n<\/dl>\n<\/div>\n<\/div>\n<div class=\"gr-12 gr-24@mobile no-gutter-right no-gutter@mobile\">\n<div class=\"simple-def\">\n<dl class=\"list list--def -text-s\">\n<dt class=\"list__item simple-def__terms -weight-b\">Camera weight [g] :1200<\/dt>\n<\/dl>\n<\/div>\n<\/div>\n<\/div>\n<div class=\"row\">\n<div class=\"gr-12 gr-24@mobile no-gutter-left no-gutter@mobile\">\n<div class=\"simple-def\">\n<dl class=\"list list--def -text-s\">\n<dt class=\"list__item simple-def__terms -weight-b\">Air flow [l\/min] :100, 115, 130<\/dt>\n<\/dl>\n<\/div>\n<\/div>\n<div class=\"gr-12 gr-24@mobile no-gutter-right no-gutter@mobile\">\n<div class=\"simple-def\">\n<dl class=\"list list--def -text-s\">\n<dt class=\"list__item simple-def__terms -weight-b\">Manufacturer&#8217;s warranty :2 years<\/dt>\n<\/dl>\n<\/div>\n<\/div>\n<\/div>\n<\/div>\n<\/div>\n","protected":false},"excerpt":{"rendered":"<p>The Optrel SWISS AIR blowing apparatus constantly delivers fresh fully filtered air directly to the user&#8217;s respirator. The unique Swiss design does not require wearing a visor and does not cause adverse facial cooling or dry eyes. Optrel respirator with half-mask respirator is a reliable protection against exposure to dusts, fumes, areosols occurring in the [&hellip;]<\/p>\n","protected":false},"featured_media":14033,"template":"","meta":{"inline_featured_image":false},"product_brand":[],"product_cat":[476,475,524,477],"product_tag":[1460],"class_list":{"0":"post-30142","1":"product","2":"type-product","3":"status-publish","4":"has-post-thumbnail","6":"product_cat-accessories","7":"product_cat-accessories-parts","8":"product_cat-optrel-en-2","9":"product_cat-welding-visors","10":"product_tag-optrel-en","12":"first","13":"instock","14":"taxable","15":"shipping-taxable","16":"purchasable","17":"product-type-simple"},"yoast_head":"<!-- This site is optimized with the Yoast SEO Premium plugin v27.0 (Yoast SEO v27.3) - https:\/\/yoast.com\/product\/yoast-seo-premium-wordpress\/ -->\n<title>OPTREL Swiss Air universal blowing apparatus - SpawLab - Welding equipment and plasma cutters - store and service<\/title>\n<meta name=\"description\" content=\"Lider sprzeda\u017cy, Oficjalny Dystrybutor Premium i Serwis na Polsk\u0119 Migatronic, Gys, Voestalpine Bohler Welding. Nowe i u\u017cywane Spawarki, Przecinarki Plazmowe, Kompresory. Mgr in\u017c. Jaros\u0142aw Ko\u0142aski, IWE\" \/>\n<meta name=\"robots\" content=\"index, follow, max-snippet:-1, max-image-preview:large, max-video-preview:-1\" \/>\n<link rel=\"canonical\" href=\"https:\/\/spawlab.pl\/en\/produkt\/optrel-swiss-air-universal-blowing-apparatus\/\" \/>\n<meta property=\"og:locale\" content=\"en_US\" \/>\n<meta property=\"og:type\" content=\"article\" \/>\n<meta property=\"og:title\" content=\"OPTREL Swiss Air universal blowing apparatus\" \/>\n<meta property=\"og:description\" content=\"Lider sprzeda\u017cy, Oficjalny Dystrybutor Premium i Serwis na Polsk\u0119 Migatronic, Gys, Voestalpine Bohler Welding. Nowe i u\u017cywane Spawarki, Przecinarki Plazmowe, Kompresory. Mgr in\u017c. Jaros\u0142aw Ko\u0142aski, IWE\" \/>\n<meta property=\"og:url\" content=\"https:\/\/spawlab.pl\/en\/produkt\/optrel-swiss-air-universal-blowing-apparatus\/\" \/>\n<meta property=\"og:site_name\" content=\"SpawLab - Welding equipment and plasma cutters - store and service\" \/>\n<meta property=\"article:publisher\" content=\"https:\/\/www.facebook.com\/Spawlab\/\" \/>\n<meta property=\"article:modified_time\" content=\"2025-06-26T19:36:50+00:00\" \/>\n<meta property=\"og:image\" content=\"https:\/\/spawlab.pl\/wp-content\/uploads\/2021\/11\/aparat-filtrujaco-nadmuchowy-optrel-swiss-air-czarny-1.jpg\" \/>\n\t<meta property=\"og:image:width\" content=\"527\" \/>\n\t<meta property=\"og:image:height\" content=\"781\" \/>\n\t<meta property=\"og:image:type\" content=\"image\/jpeg\" \/>\n<meta name=\"twitter:label1\" content=\"Price\" \/>\n\t<meta name=\"twitter:data1\" content=\"6 383,64&nbsp;&#122;&#322; (5 189,95&nbsp;&#122;&#322; netto)\" \/>\n\t<meta name=\"twitter:label2\" content=\"Availability\" \/>\n\t<meta name=\"twitter:data2\" content=\"In stock\" \/>\n<script type=\"application\/ld+json\" class=\"yoast-schema-graph\">{\"@context\":\"https:\\\/\\\/schema.org\",\"@graph\":[{\"@type\":[\"WebPage\",\"ItemPage\"],\"@id\":\"https:\\\/\\\/spawlab.pl\\\/en\\\/produkt\\\/optrel-swiss-air-universal-blowing-apparatus\\\/\",\"url\":\"https:\\\/\\\/spawlab.pl\\\/en\\\/produkt\\\/optrel-swiss-air-universal-blowing-apparatus\\\/\",\"name\":\"OPTREL Swiss Air universal blowing apparatus - SpawLab - Welding equipment and plasma cutters - store and service\",\"isPartOf\":{\"@id\":\"https:\\\/\\\/spawlab.pl\\\/en\\\/#website\"},\"primaryImageOfPage\":{\"@id\":\"https:\\\/\\\/spawlab.pl\\\/en\\\/produkt\\\/optrel-swiss-air-universal-blowing-apparatus\\\/#primaryimage\"},\"image\":{\"@id\":\"https:\\\/\\\/spawlab.pl\\\/en\\\/produkt\\\/optrel-swiss-air-universal-blowing-apparatus\\\/#primaryimage\"},\"thumbnailUrl\":\"https:\\\/\\\/spawlab.pl\\\/wp-content\\\/uploads\\\/2021\\\/11\\\/aparat-filtrujaco-nadmuchowy-optrel-swiss-air-czarny-1.jpg\",\"datePublished\":\"2021-11-24T19:09:30+00:00\",\"dateModified\":\"2025-06-26T19:36:50+00:00\",\"description\":\"Lider sprzeda\u017cy, Oficjalny Dystrybutor Premium i Serwis na Polsk\u0119 Migatronic, Gys, Voestalpine Bohler Welding. Nowe i u\u017cywane Spawarki, Przecinarki Plazmowe, Kompresory. Mgr in\u017c. Jaros\u0142aw Ko\u0142aski, IWE\",\"breadcrumb\":{\"@id\":\"https:\\\/\\\/spawlab.pl\\\/en\\\/produkt\\\/optrel-swiss-air-universal-blowing-apparatus\\\/#breadcrumb\"},\"inLanguage\":\"en-US\",\"potentialAction\":[{\"@type\":\"ReadAction\",\"target\":[\"https:\\\/\\\/spawlab.pl\\\/en\\\/produkt\\\/optrel-swiss-air-universal-blowing-apparatus\\\/\"]}]},{\"@type\":\"ImageObject\",\"inLanguage\":\"en-US\",\"@id\":\"https:\\\/\\\/spawlab.pl\\\/en\\\/produkt\\\/optrel-swiss-air-universal-blowing-apparatus\\\/#primaryimage\",\"url\":\"https:\\\/\\\/spawlab.pl\\\/wp-content\\\/uploads\\\/2021\\\/11\\\/aparat-filtrujaco-nadmuchowy-optrel-swiss-air-czarny-1.jpg\",\"contentUrl\":\"https:\\\/\\\/spawlab.pl\\\/wp-content\\\/uploads\\\/2021\\\/11\\\/aparat-filtrujaco-nadmuchowy-optrel-swiss-air-czarny-1.jpg\",\"width\":527,\"height\":781},{\"@type\":\"BreadcrumbList\",\"@id\":\"https:\\\/\\\/spawlab.pl\\\/en\\\/produkt\\\/optrel-swiss-air-universal-blowing-apparatus\\\/#breadcrumb\",\"itemListElement\":[{\"@type\":\"ListItem\",\"position\":1,\"name\":\"Strona g\u0142\u00f3wna\",\"item\":\"https:\\\/\\\/spawlab.pl\\\/en\\\/\"},{\"@type\":\"ListItem\",\"position\":2,\"name\":\"Store\",\"item\":\"https:\\\/\\\/spawlab.pl\\\/en\\\/shop\\\/\"},{\"@type\":\"ListItem\",\"position\":3,\"name\":\"OPTREL Swiss Air universal blowing apparatus\"}]},{\"@type\":\"WebSite\",\"@id\":\"https:\\\/\\\/spawlab.pl\\\/en\\\/#website\",\"url\":\"https:\\\/\\\/spawlab.pl\\\/en\\\/\",\"name\":\"Spawlab.pl Lider - Spawarki, Przecinarki Plazmowe, Kompresory\",\"description\":\"Urz\u0105dzenia spawalnicze i Przecinarki plazmowe\\\/ nowe i u\u017cywane \\\/ Profesjonalny serwis\",\"publisher\":{\"@id\":\"https:\\\/\\\/spawlab.pl\\\/en\\\/#organization\"},\"alternateName\":\"Spawlab.pl - Dystrybutor Premium i Serwis na Polske Migatronic, Gys, Voestalpine Bohler Welding\",\"potentialAction\":[{\"@type\":\"SearchAction\",\"target\":{\"@type\":\"EntryPoint\",\"urlTemplate\":\"https:\\\/\\\/spawlab.pl\\\/en\\\/?s={search_term_string}\"},\"query-input\":{\"@type\":\"PropertyValueSpecification\",\"valueRequired\":true,\"valueName\":\"search_term_string\"}}],\"inLanguage\":\"en-US\"},{\"@type\":[\"Organization\",\"Place\"],\"@id\":\"https:\\\/\\\/spawlab.pl\\\/en\\\/#organization\",\"name\":\"Spawlab.pl\",\"url\":\"https:\\\/\\\/spawlab.pl\\\/en\\\/\",\"logo\":{\"@id\":\"https:\\\/\\\/spawlab.pl\\\/en\\\/produkt\\\/optrel-swiss-air-universal-blowing-apparatus\\\/#local-main-organization-logo\"},\"image\":{\"@id\":\"https:\\\/\\\/spawlab.pl\\\/en\\\/produkt\\\/optrel-swiss-air-universal-blowing-apparatus\\\/#local-main-organization-logo\"},\"sameAs\":[\"https:\\\/\\\/www.facebook.com\\\/Spawlab\\\/\",\"https:\\\/\\\/www.linkedin.com\\\/company\\\/spawlab\",\"https:\\\/\\\/www.instagram.com\\\/spawlab.pl\",\"https:\\\/\\\/www.tiktok.com\\\/@spawlab\"],\"description\":\"Lider sprzeda\u017cy, Oficjalny Dystrybutor Premium i Serwis na Polsk\u0119 Migatronic, Gys, Voestalpine Bohler Welding. Nowe i u\u017cywane Spawarki, Przecinarki Plazmowe, Kompresory. Mgr in\u017c. Jaros\u0142aw Ko\u0142aski, IWE\",\"hasMerchantReturnPolicy\":{\"@type\":\"MerchantReturnPolicy\",\"merchantReturnLink\":\"https:\\\/\\\/spawlab.pl\\\/polityka-prywatnosci-2\\\/\"},\"telephone\":[],\"openingHoursSpecification\":[{\"@type\":\"OpeningHoursSpecification\",\"dayOfWeek\":[\"Monday\",\"Tuesday\",\"Wednesday\",\"Thursday\",\"Friday\",\"Saturday\",\"Sunday\"],\"opens\":\"09:00\",\"closes\":\"17:00\"}]},{\"@type\":\"ImageObject\",\"inLanguage\":\"en-US\",\"@id\":\"https:\\\/\\\/spawlab.pl\\\/en\\\/produkt\\\/optrel-swiss-air-universal-blowing-apparatus\\\/#local-main-organization-logo\",\"url\":\"https:\\\/\\\/spawlab.pl\\\/wp-content\\\/uploads\\\/2022\\\/01\\\/olx.jpg\",\"contentUrl\":\"https:\\\/\\\/spawlab.pl\\\/wp-content\\\/uploads\\\/2022\\\/01\\\/olx.jpg\",\"width\":200,\"height\":200,\"caption\":\"Spawlab.pl\"}]}<\/script>\n<meta property=\"product:price:amount\" content=\"6383.64\" \/>\n<meta property=\"product:price:currency\" content=\"PLN\" \/>\n<meta property=\"og:availability\" content=\"instock\" \/>\n<meta property=\"product:availability\" content=\"instock\" \/>\n<meta property=\"product:condition\" content=\"new\" \/>\n<!-- \/ Yoast SEO Premium plugin. -->","yoast_head_json":{"title":"OPTREL Swiss Air universal blowing apparatus - SpawLab - Welding equipment and plasma cutters - store and service","description":"Lider sprzeda\u017cy, Oficjalny Dystrybutor Premium i Serwis na Polsk\u0119 Migatronic, Gys, Voestalpine Bohler Welding. Nowe i u\u017cywane Spawarki, Przecinarki Plazmowe, Kompresory. Mgr in\u017c. Jaros\u0142aw Ko\u0142aski, IWE","robots":{"index":"index","follow":"follow","max-snippet":"max-snippet:-1","max-image-preview":"max-image-preview:large","max-video-preview":"max-video-preview:-1"},"canonical":"https:\/\/spawlab.pl\/en\/produkt\/optrel-swiss-air-universal-blowing-apparatus\/","og_locale":"en_US","og_type":"article","og_title":"OPTREL Swiss Air universal blowing apparatus","og_description":"Lider sprzeda\u017cy, Oficjalny Dystrybutor Premium i Serwis na Polsk\u0119 Migatronic, Gys, Voestalpine Bohler Welding. Nowe i u\u017cywane Spawarki, Przecinarki Plazmowe, Kompresory. Mgr in\u017c. Jaros\u0142aw Ko\u0142aski, IWE","og_url":"https:\/\/spawlab.pl\/en\/produkt\/optrel-swiss-air-universal-blowing-apparatus\/","og_site_name":"SpawLab - Welding equipment and plasma cutters - store and service","article_publisher":"https:\/\/www.facebook.com\/Spawlab\/","article_modified_time":"2025-06-26T19:36:50+00:00","og_image":[{"width":527,"height":781,"url":"https:\/\/spawlab.pl\/wp-content\/uploads\/2021\/11\/aparat-filtrujaco-nadmuchowy-optrel-swiss-air-czarny-1.jpg","type":"image\/jpeg"}],"twitter_misc":{"Price":"6 383,64&nbsp;&#122;&#322; (5 189,95&nbsp;&#122;&#322; netto)","Availability":"In stock"},"schema":{"@context":"https:\/\/schema.org","@graph":[{"@type":["WebPage","ItemPage"],"@id":"https:\/\/spawlab.pl\/en\/produkt\/optrel-swiss-air-universal-blowing-apparatus\/","url":"https:\/\/spawlab.pl\/en\/produkt\/optrel-swiss-air-universal-blowing-apparatus\/","name":"OPTREL Swiss Air universal blowing apparatus - SpawLab - Welding equipment and plasma cutters - store and service","isPartOf":{"@id":"https:\/\/spawlab.pl\/en\/#website"},"primaryImageOfPage":{"@id":"https:\/\/spawlab.pl\/en\/produkt\/optrel-swiss-air-universal-blowing-apparatus\/#primaryimage"},"image":{"@id":"https:\/\/spawlab.pl\/en\/produkt\/optrel-swiss-air-universal-blowing-apparatus\/#primaryimage"},"thumbnailUrl":"https:\/\/spawlab.pl\/wp-content\/uploads\/2021\/11\/aparat-filtrujaco-nadmuchowy-optrel-swiss-air-czarny-1.jpg","datePublished":"2021-11-24T19:09:30+00:00","dateModified":"2025-06-26T19:36:50+00:00","description":"Lider sprzeda\u017cy, Oficjalny Dystrybutor Premium i Serwis na Polsk\u0119 Migatronic, Gys, Voestalpine Bohler Welding. Nowe i u\u017cywane Spawarki, Przecinarki Plazmowe, Kompresory. Mgr in\u017c. Jaros\u0142aw Ko\u0142aski, IWE","breadcrumb":{"@id":"https:\/\/spawlab.pl\/en\/produkt\/optrel-swiss-air-universal-blowing-apparatus\/#breadcrumb"},"inLanguage":"en-US","potentialAction":[{"@type":"ReadAction","target":["https:\/\/spawlab.pl\/en\/produkt\/optrel-swiss-air-universal-blowing-apparatus\/"]}]},{"@type":"ImageObject","inLanguage":"en-US","@id":"https:\/\/spawlab.pl\/en\/produkt\/optrel-swiss-air-universal-blowing-apparatus\/#primaryimage","url":"https:\/\/spawlab.pl\/wp-content\/uploads\/2021\/11\/aparat-filtrujaco-nadmuchowy-optrel-swiss-air-czarny-1.jpg","contentUrl":"https:\/\/spawlab.pl\/wp-content\/uploads\/2021\/11\/aparat-filtrujaco-nadmuchowy-optrel-swiss-air-czarny-1.jpg","width":527,"height":781},{"@type":"BreadcrumbList","@id":"https:\/\/spawlab.pl\/en\/produkt\/optrel-swiss-air-universal-blowing-apparatus\/#breadcrumb","itemListElement":[{"@type":"ListItem","position":1,"name":"Strona g\u0142\u00f3wna","item":"https:\/\/spawlab.pl\/en\/"},{"@type":"ListItem","position":2,"name":"Store","item":"https:\/\/spawlab.pl\/en\/shop\/"},{"@type":"ListItem","position":3,"name":"OPTREL Swiss Air universal blowing apparatus"}]},{"@type":"WebSite","@id":"https:\/\/spawlab.pl\/en\/#website","url":"https:\/\/spawlab.pl\/en\/","name":"Spawlab.pl Lider - Spawarki, Przecinarki Plazmowe, Kompresory","description":"Urz\u0105dzenia spawalnicze i Przecinarki plazmowe\/ nowe i u\u017cywane \/ Profesjonalny serwis","publisher":{"@id":"https:\/\/spawlab.pl\/en\/#organization"},"alternateName":"Spawlab.pl - Dystrybutor Premium i Serwis na Polske Migatronic, Gys, Voestalpine Bohler Welding","potentialAction":[{"@type":"SearchAction","target":{"@type":"EntryPoint","urlTemplate":"https:\/\/spawlab.pl\/en\/?s={search_term_string}"},"query-input":{"@type":"PropertyValueSpecification","valueRequired":true,"valueName":"search_term_string"}}],"inLanguage":"en-US"},{"@type":["Organization","Place"],"@id":"https:\/\/spawlab.pl\/en\/#organization","name":"Spawlab.pl","url":"https:\/\/spawlab.pl\/en\/","logo":{"@id":"https:\/\/spawlab.pl\/en\/produkt\/optrel-swiss-air-universal-blowing-apparatus\/#local-main-organization-logo"},"image":{"@id":"https:\/\/spawlab.pl\/en\/produkt\/optrel-swiss-air-universal-blowing-apparatus\/#local-main-organization-logo"},"sameAs":["https:\/\/www.facebook.com\/Spawlab\/","https:\/\/www.linkedin.com\/company\/spawlab","https:\/\/www.instagram.com\/spawlab.pl","https:\/\/www.tiktok.com\/@spawlab"],"description":"Lider sprzeda\u017cy, Oficjalny Dystrybutor Premium i Serwis na Polsk\u0119 Migatronic, Gys, Voestalpine Bohler Welding. Nowe i u\u017cywane Spawarki, Przecinarki Plazmowe, Kompresory. Mgr in\u017c. Jaros\u0142aw Ko\u0142aski, IWE","hasMerchantReturnPolicy":{"@type":"MerchantReturnPolicy","merchantReturnLink":"https:\/\/spawlab.pl\/polityka-prywatnosci-2\/"},"telephone":[],"openingHoursSpecification":[{"@type":"OpeningHoursSpecification","dayOfWeek":["Monday","Tuesday","Wednesday","Thursday","Friday","Saturday","Sunday"],"opens":"09:00","closes":"17:00"}]},{"@type":"ImageObject","inLanguage":"en-US","@id":"https:\/\/spawlab.pl\/en\/produkt\/optrel-swiss-air-universal-blowing-apparatus\/#local-main-organization-logo","url":"https:\/\/spawlab.pl\/wp-content\/uploads\/2022\/01\/olx.jpg","contentUrl":"https:\/\/spawlab.pl\/wp-content\/uploads\/2022\/01\/olx.jpg","width":200,"height":200,"caption":"Spawlab.pl"}]},"product_price_amount":"6383.64","product_price_currency":"PLN","og_availability":"instock","product_availability":"instock","product_condition":"new"},"_links":{"self":[{"href":"https:\/\/spawlab.pl\/en\/wp-json\/wp\/v2\/product\/30142","targetHints":{"allow":["GET"]}}],"collection":[{"href":"https:\/\/spawlab.pl\/en\/wp-json\/wp\/v2\/product"}],"about":[{"href":"https:\/\/spawlab.pl\/en\/wp-json\/wp\/v2\/types\/product"}],"wp:featuredmedia":[{"embeddable":true,"href":"https:\/\/spawlab.pl\/en\/wp-json\/wp\/v2\/media\/14033"}],"wp:attachment":[{"href":"https:\/\/spawlab.pl\/en\/wp-json\/wp\/v2\/media?parent=30142"}],"wp:term":[{"taxonomy":"product_brand","embeddable":true,"href":"https:\/\/spawlab.pl\/en\/wp-json\/wp\/v2\/product_brand?post=30142"},{"taxonomy":"product_cat","embeddable":true,"href":"https:\/\/spawlab.pl\/en\/wp-json\/wp\/v2\/product_cat?post=30142"},{"taxonomy":"product_tag","embeddable":true,"href":"https:\/\/spawlab.pl\/en\/wp-json\/wp\/v2\/product_tag?post=30142"}],"curies":[{"name":"wp","href":"https:\/\/api.w.org\/{rel}","templated":true}]}}