{"id":30147,"date":"2021-12-13T13:34:35","date_gmt":"2021-12-13T12:34:35","guid":{"rendered":"https:\/\/spawlab.pl\/produkt\/ideal-tecno-mig-254-2-pulse-230-400v\/"},"modified":"2021-12-13T13:34:35","modified_gmt":"2021-12-13T12:34:35","slug":"ideal-tecno-mig-254-2-pulse-230-400v","status":"publish","type":"product","link":"https:\/\/spawlab.pl\/en\/produkt\/ideal-tecno-mig-254-2-pulse-230-400v\/","title":{"rendered":"Ideal TECNO MIG 254\/2 PULSE 230\/400V"},"content":{"rendered":"<p>Inverter professional semi-automatic welding machine for MIG-MAG, FLUX and MMA welding with covered electrode. Welding current 200A. Power supply 230\/400V. Welding wire diameter 0,6-1,0mm. Wire feeder 4-roll    <\/p>\n<h2>Technical parameters<\/h2>\n<div>\n<p><strong>TECNOMIG 254\/2 PULSE 230\/400V<\/strong> is an inverter semi-automatic welding machine designed for <strong>MIG\/MAG, MMA and FLUX <\/strong>arc welding <strong>. <\/strong>The machine has been designed for a wide range of applications: from maintenance work to auto body repairs.<\/p>\n<p>The device has three synergistic MIG\/MAG welding modes<strong>: MIG, MIG PULS, MIG DOUBLE PULS.<\/strong><\/p>\n<div>\n<div>\n<p><strong>TECNO MIG 254\/2<\/strong> <strong>PULSE <\/strong>is used for welding aluminum and its alloys, stainless steel, carbon and low alloy steels. Welding is carried out in a shield of inert gas, active gas or a mixture, depending on the program selected on the control panel. <\/p>\n<p>By using <strong>MIG pulsation<\/strong>, there is an increase in the amount of heat introduced into the welded part. It is possible to obtain a better weld, regardless of the welding position, and to reduce the amount of spatter. <\/p>\n<\/div>\n<div>\n<p>With both MIG and MIG PULS methods, we have the option to choose the function of the button in the handle between <strong>Spot (spot <\/strong> welding),<strong> 2-takt, S2-takt,<\/strong> <strong>4-takt <\/strong>(button lock for long welds) operation,<\/p>\n<p>Through the use of <strong>a 4-roller feeder<\/strong>, the device provides stable wire feeding that is so important when welding aluminum, and can handle 5-meter welding guns very well.<\/p>\n<p>The easy-to-read and easy-to-use <strong>digital control panel<\/strong> allows accurate adjustment of MIG welding parameters such as :<\/p>\n<ul>\n<li>peak current \/ base current control in double pulse<\/li>\n<li>inductance control (MIG \/ Double Pulse)<\/li>\n<li>adjustment of pulse amplitude in double pulse<\/li>\n<li>Pulse width (fill) adjustment in double pulse<\/li>\n<li>Double pulse frequency control<\/li>\n<li>spot welding time adjustment<\/li>\n<li>adjustment of wire burning time after welding<\/li>\n<li>adjustment of the gas discharge time before welding<\/li>\n<li>Adjustment of gas discharge time after welding<\/li>\n<\/ul>\n<p>The device also has accurate adjustment of MMA parameters such as:<\/p>\n<ul>\n<li>ARC FORCE (MMA) control.<\/li>\n<li>current control in HOT START (MMA)<\/li>\n<\/ul>\n<\/div>\n<\/div>\n<div>\n<h2>Physical parameters<\/h2>\n<p>The device has a <strong>fan-cooling system<\/strong> which dramatically increases its performance.<\/p>\n<p>The device is equipped with <strong>overload protection<\/strong>, which increases its reliability.<\/p>\n<h2>Power supply parameters<img decoding=\"async\" data-src=\"https:\/\/www.badek.pl\/assets\/upload\/cms\/user_uploads\/images\/DSC01759.JPG\" alt=\"\" src=\"data:image\/svg+xml;base64,PHN2ZyB3aWR0aD0iMSIgaGVpZ2h0PSIxIiB4bWxucz0iaHR0cDovL3d3dy53My5vcmcvMjAwMC9zdmciPjwvc3ZnPg==\" class=\"lazyload\"><\/h2>\n<p>Single-phase (230V) and inter-phase (400V) power supply.<\/p>\n<p>The device is equipped with a power plug.<\/p>\n<h2>Equipment<\/h2>\n<p>The delivery includes a device with a 3-meter-long MIG welding chuck, a 2-meter-long ground wire and a 2-meter-long electrode wire.<\/p>\n<h2>Warranty terms and conditions<\/h2>\n<p>Warranty 12 months for professional use. Warranty service is provided <strong>door-to-door <\/strong>without transportation costs on the user&#8217;s side. <\/p>\n<table class=\" table table-striped int-el-product-attribute-table \">\n<tbody>\n<tr class=\"int-el-product-attribute-table-group\">\n<td colspan=\"2\">PHYSICAL PARAMETERS<\/td>\n<\/tr>\n<tr class=\"int-el-product-attribute-table-attribute\">\n<td class=\"int-el-product-attribute-table-attribute-name\">Wire spool size<\/td>\n<td class=\"int-el-product-attribute-table-attribute-value\">5 \/ 15 kg<\/td>\n<\/tr>\n<tr class=\"int-el-product-attribute-table-attribute\">\n<td class=\"int-el-product-attribute-table-attribute-name\">Degree of protection<\/td>\n<td class=\"int-el-product-attribute-table-attribute-value\">IP21S<\/td>\n<\/tr>\n<tr class=\"int-el-product-attribute-table-attribute\">\n<td class=\"int-el-product-attribute-table-attribute-name\">Weight of device \/ set<\/td>\n<td class=\"int-el-product-attribute-table-attribute-value\">26.3 \/ 28 kg<\/td>\n<\/tr>\n<tr class=\"int-el-product-attribute-table-attribute\">\n<td class=\"int-el-product-attribute-table-attribute-name\">Overall dimensions L x W x H<\/td>\n<td class=\"int-el-product-attribute-table-attribute-value\">800x280x540 mm<\/td>\n<\/tr>\n<tr class=\"int-el-product-attribute-table-attribute\">\n<td class=\"int-el-product-attribute-table-attribute-name\">Package dimensions L x W x H<\/td>\n<td class=\"int-el-product-attribute-table-attribute-value\">800x300x420 mm<\/td>\n<\/tr>\n<tr class=\"int-el-product-attribute-table-group\">\n<td colspan=\"2\">SPECIFICATIONS<\/td>\n<\/tr>\n<tr class=\"int-el-product-attribute-table-attribute\">\n<td class=\"int-el-product-attribute-table-attribute-name\">Power<\/td>\n<td class=\"int-el-product-attribute-table-attribute-value\">7 kW<\/td>\n<\/tr>\n<tr class=\"int-el-product-attribute-table-attribute\">\n<td class=\"int-el-product-attribute-table-attribute-name\">Maximum current<\/td>\n<td class=\"int-el-product-attribute-table-attribute-value\">200 A<\/td>\n<\/tr>\n<tr class=\"int-el-product-attribute-table-attribute\">\n<td class=\"int-el-product-attribute-table-attribute-name\">Current at 100% operation<\/td>\n<td class=\"int-el-product-attribute-table-attribute-value\">160 A<\/td>\n<\/tr>\n<tr class=\"int-el-product-attribute-table-attribute\">\n<td class=\"int-el-product-attribute-table-attribute-name\">Current at 60% operation<\/td>\n<td class=\"int-el-product-attribute-table-attribute-value\">200 A<\/td>\n<\/tr>\n<tr class=\"int-el-product-attribute-table-attribute\">\n<td class=\"int-el-product-attribute-table-attribute-name\">Diameter of aluminum wire<\/td>\n<td class=\"int-el-product-attribute-table-attribute-value\">1.0 &#8211; 1.2 mm<\/td>\n<\/tr>\n<tr class=\"int-el-product-attribute-table-attribute\">\n<td class=\"int-el-product-attribute-table-attribute-name\">Self-insulating wire diameter<\/td>\n<td class=\"int-el-product-attribute-table-attribute-value\">0.8 mm<\/td>\n<\/tr>\n<tr class=\"int-el-product-attribute-table-attribute\">\n<td class=\"int-el-product-attribute-table-attribute-name\">Steel wire diameter<\/td>\n<td class=\"int-el-product-attribute-table-attribute-value\">0.8 &#8211; 1.0 mm<\/td>\n<\/tr>\n<tr class=\"int-el-product-attribute-table-attribute\">\n<td class=\"int-el-product-attribute-table-attribute-name\">Stainless steel wire diameter<\/td>\n<td class=\"int-el-product-attribute-table-attribute-value\">0.8 &#8211; 1.0 mm<\/td>\n<\/tr>\n<tr class=\"int-el-product-attribute-table-attribute\">\n<td class=\"int-el-product-attribute-table-attribute-name\">Welding electrode diameter<\/td>\n<td class=\"int-el-product-attribute-table-attribute-value\">1.6 &#8211; 4.0 mm<\/td>\n<\/tr>\n<tr class=\"int-el-product-attribute-table-attribute\">\n<td class=\"int-el-product-attribute-table-attribute-name\">Welding current adjustment range<\/td>\n<td class=\"int-el-product-attribute-table-attribute-value\">50 &#8211; 200 A (MIG) \/ 5 &#8211; 200 A (TIG\/MMA)<\/td>\n<\/tr>\n<tr class=\"int-el-product-attribute-table-group\">\n<td colspan=\"2\">POWER SUPPLY PARAMETERS<\/td>\n<\/tr>\n<tr class=\"int-el-product-attribute-table-attribute\">\n<td class=\"int-el-product-attribute-table-attribute-name\">Mains protection<\/td>\n<td class=\"int-el-product-attribute-table-attribute-value\">C25A (230V) \/ C16A (400V)<\/td>\n<\/tr>\n<tr class=\"int-el-product-attribute-table-attribute\">\n<td class=\"int-el-product-attribute-table-attribute-name\">Rated supply voltage<\/td>\n<td class=\"int-el-product-attribute-table-attribute-value\">230\/400 V; 50Hz (1ph\/2ph)<\/td>\n<\/tr>\n<\/tbody>\n<\/table>\n<\/div>\n<\/div>\n","protected":false},"excerpt":{"rendered":"<p>Inverter professional semi-automatic welding machine for MIG-MAG, FLUX and MMA welding with covered electrode. Welding current 200A. Power supply 230\/400V. Welding wire diameter 0,6-1,0mm. Wire feeder 4-roll Technical parameters TECNOMIG 254\/2 PULSE 230\/400V is an inverter semi-automatic welding machine designed for MIG\/MAG, MMA and FLUX arc welding . The machine has been designed for a [&hellip;]<\/p>\n","protected":false},"featured_media":14066,"template":"","meta":{"inline_featured_image":false},"product_brand":[],"product_cat":[498,512,474],"product_tag":[],"class_list":{"0":"post-30147","1":"product","2":"type-product","3":"status-publish","4":"has-post-thumbnail","6":"product_cat-gas-cooled-en-7","7":"product_cat-mig-mag-en-2","8":"product_cat-new","10":"first","11":"instock","12":"taxable","13":"shipping-taxable","14":"purchasable","15":"product-type-simple"},"yoast_head":"<!-- This site is optimized with the Yoast SEO Premium plugin v27.0 (Yoast SEO v27.3) - https:\/\/yoast.com\/product\/yoast-seo-premium-wordpress\/ -->\n<title>Ideal TECNO MIG 254\/2 PULSE 230\/400V - SpawLab - Welding equipment and plasma cutters - store and service<\/title>\n<meta name=\"description\" content=\"Lider sprzeda\u017cy, Oficjalny Dystrybutor Premium i Serwis na Polsk\u0119 Migatronic, Gys, Voestalpine Bohler Welding. Nowe i u\u017cywane Spawarki, Przecinarki Plazmowe, Kompresory. Mgr in\u017c. Jaros\u0142aw Ko\u0142aski, IWE\" \/>\n<meta name=\"robots\" content=\"index, follow, max-snippet:-1, max-image-preview:large, max-video-preview:-1\" \/>\n<link rel=\"canonical\" href=\"https:\/\/spawlab.pl\/en\/produkt\/ideal-tecno-mig-254-2-pulse-230-400v\/\" \/>\n<meta property=\"og:locale\" content=\"en_US\" \/>\n<meta property=\"og:type\" content=\"article\" \/>\n<meta property=\"og:title\" content=\"Ideal TECNO MIG 254\/2 PULSE 230\/400V\" \/>\n<meta property=\"og:description\" content=\"Lider sprzeda\u017cy, Oficjalny Dystrybutor Premium i Serwis na Polsk\u0119 Migatronic, Gys, Voestalpine Bohler Welding. Nowe i u\u017cywane Spawarki, Przecinarki Plazmowe, Kompresory. Mgr in\u017c. Jaros\u0142aw Ko\u0142aski, IWE\" \/>\n<meta property=\"og:url\" content=\"https:\/\/spawlab.pl\/en\/produkt\/ideal-tecno-mig-254-2-pulse-230-400v\/\" \/>\n<meta property=\"og:site_name\" content=\"SpawLab - Welding equipment and plasma cutters - store and service\" \/>\n<meta property=\"article:publisher\" content=\"https:\/\/www.facebook.com\/Spawlab\/\" \/>\n<meta property=\"og:image\" content=\"https:\/\/www.badek.pl\/assets\/upload\/cms\/user_uploads\/images\/DSC01759.JPG\" \/>\n<meta name=\"twitter:label1\" content=\"Price\" \/>\n\t<meta name=\"twitter:data1\" content=\"2 899,00&nbsp;&#122;&#322; (2 356,91&nbsp;&#122;&#322; netto)\" \/>\n\t<meta name=\"twitter:label2\" content=\"Availability\" \/>\n\t<meta name=\"twitter:data2\" content=\"In stock\" \/>\n<script type=\"application\/ld+json\" class=\"yoast-schema-graph\">{\"@context\":\"https:\\\/\\\/schema.org\",\"@graph\":[{\"@type\":[\"WebPage\",\"ItemPage\"],\"@id\":\"https:\\\/\\\/spawlab.pl\\\/en\\\/produkt\\\/ideal-tecno-mig-254-2-pulse-230-400v\\\/\",\"url\":\"https:\\\/\\\/spawlab.pl\\\/en\\\/produkt\\\/ideal-tecno-mig-254-2-pulse-230-400v\\\/\",\"name\":\"Ideal TECNO MIG 254\\\/2 PULSE 230\\\/400V - SpawLab - Welding equipment and plasma cutters - store and service\",\"isPartOf\":{\"@id\":\"https:\\\/\\\/spawlab.pl\\\/en\\\/#website\"},\"primaryImageOfPage\":{\"@id\":\"https:\\\/\\\/spawlab.pl\\\/en\\\/produkt\\\/ideal-tecno-mig-254-2-pulse-230-400v\\\/#primaryimage\"},\"image\":{\"@id\":\"https:\\\/\\\/spawlab.pl\\\/en\\\/produkt\\\/ideal-tecno-mig-254-2-pulse-230-400v\\\/#primaryimage\"},\"thumbnailUrl\":\"https:\\\/\\\/spawlab.pl\\\/wp-content\\\/uploads\\\/2021\\\/12\\\/tecno-mig-254-2-pulse-230-400v-5675_2-309d6719.jpg\",\"datePublished\":\"2021-12-13T12:34:35+00:00\",\"description\":\"Lider sprzeda\u017cy, Oficjalny Dystrybutor Premium i Serwis na Polsk\u0119 Migatronic, Gys, Voestalpine Bohler Welding. Nowe i u\u017cywane Spawarki, Przecinarki Plazmowe, Kompresory. Mgr in\u017c. Jaros\u0142aw Ko\u0142aski, IWE\",\"breadcrumb\":{\"@id\":\"https:\\\/\\\/spawlab.pl\\\/en\\\/produkt\\\/ideal-tecno-mig-254-2-pulse-230-400v\\\/#breadcrumb\"},\"inLanguage\":\"en-US\",\"potentialAction\":[{\"@type\":\"ReadAction\",\"target\":[\"https:\\\/\\\/spawlab.pl\\\/en\\\/produkt\\\/ideal-tecno-mig-254-2-pulse-230-400v\\\/\"]}]},{\"@type\":\"ImageObject\",\"inLanguage\":\"en-US\",\"@id\":\"https:\\\/\\\/spawlab.pl\\\/en\\\/produkt\\\/ideal-tecno-mig-254-2-pulse-230-400v\\\/#primaryimage\",\"url\":\"https:\\\/\\\/spawlab.pl\\\/wp-content\\\/uploads\\\/2021\\\/12\\\/tecno-mig-254-2-pulse-230-400v-5675_2-309d6719.jpg\",\"contentUrl\":\"https:\\\/\\\/spawlab.pl\\\/wp-content\\\/uploads\\\/2021\\\/12\\\/tecno-mig-254-2-pulse-230-400v-5675_2-309d6719.jpg\",\"width\":800,\"height\":800},{\"@type\":\"BreadcrumbList\",\"@id\":\"https:\\\/\\\/spawlab.pl\\\/en\\\/produkt\\\/ideal-tecno-mig-254-2-pulse-230-400v\\\/#breadcrumb\",\"itemListElement\":[{\"@type\":\"ListItem\",\"position\":1,\"name\":\"Strona g\u0142\u00f3wna\",\"item\":\"https:\\\/\\\/spawlab.pl\\\/en\\\/\"},{\"@type\":\"ListItem\",\"position\":2,\"name\":\"Store\",\"item\":\"https:\\\/\\\/spawlab.pl\\\/en\\\/shop\\\/\"},{\"@type\":\"ListItem\",\"position\":3,\"name\":\"Ideal TECNO MIG 254\\\/2 PULSE 230\\\/400V\"}]},{\"@type\":\"WebSite\",\"@id\":\"https:\\\/\\\/spawlab.pl\\\/en\\\/#website\",\"url\":\"https:\\\/\\\/spawlab.pl\\\/en\\\/\",\"name\":\"Spawlab.pl Lider - Spawarki, Przecinarki Plazmowe, Kompresory\",\"description\":\"Urz\u0105dzenia spawalnicze i Przecinarki plazmowe\\\/ nowe i u\u017cywane \\\/ Profesjonalny serwis\",\"publisher\":{\"@id\":\"https:\\\/\\\/spawlab.pl\\\/en\\\/#organization\"},\"alternateName\":\"Spawlab.pl - Dystrybutor Premium i Serwis na Polske Migatronic, Gys, Voestalpine Bohler Welding\",\"potentialAction\":[{\"@type\":\"SearchAction\",\"target\":{\"@type\":\"EntryPoint\",\"urlTemplate\":\"https:\\\/\\\/spawlab.pl\\\/en\\\/?s={search_term_string}\"},\"query-input\":{\"@type\":\"PropertyValueSpecification\",\"valueRequired\":true,\"valueName\":\"search_term_string\"}}],\"inLanguage\":\"en-US\"},{\"@type\":[\"Organization\",\"Place\"],\"@id\":\"https:\\\/\\\/spawlab.pl\\\/en\\\/#organization\",\"name\":\"Spawlab.pl\",\"url\":\"https:\\\/\\\/spawlab.pl\\\/en\\\/\",\"logo\":{\"@id\":\"https:\\\/\\\/spawlab.pl\\\/en\\\/produkt\\\/ideal-tecno-mig-254-2-pulse-230-400v\\\/#local-main-organization-logo\"},\"image\":{\"@id\":\"https:\\\/\\\/spawlab.pl\\\/en\\\/produkt\\\/ideal-tecno-mig-254-2-pulse-230-400v\\\/#local-main-organization-logo\"},\"sameAs\":[\"https:\\\/\\\/www.facebook.com\\\/Spawlab\\\/\",\"https:\\\/\\\/www.linkedin.com\\\/company\\\/spawlab\",\"https:\\\/\\\/www.instagram.com\\\/spawlab.pl\",\"https:\\\/\\\/www.tiktok.com\\\/@spawlab\"],\"description\":\"Lider sprzeda\u017cy, Oficjalny Dystrybutor Premium i Serwis na Polsk\u0119 Migatronic, Gys, Voestalpine Bohler Welding. Nowe i u\u017cywane Spawarki, Przecinarki Plazmowe, Kompresory. Mgr in\u017c. Jaros\u0142aw Ko\u0142aski, IWE\",\"hasMerchantReturnPolicy\":{\"@type\":\"MerchantReturnPolicy\",\"merchantReturnLink\":\"https:\\\/\\\/spawlab.pl\\\/polityka-prywatnosci-2\\\/\"},\"telephone\":[],\"openingHoursSpecification\":[{\"@type\":\"OpeningHoursSpecification\",\"dayOfWeek\":[\"Monday\",\"Tuesday\",\"Wednesday\",\"Thursday\",\"Friday\",\"Saturday\",\"Sunday\"],\"opens\":\"09:00\",\"closes\":\"17:00\"}]},{\"@type\":\"ImageObject\",\"inLanguage\":\"en-US\",\"@id\":\"https:\\\/\\\/spawlab.pl\\\/en\\\/produkt\\\/ideal-tecno-mig-254-2-pulse-230-400v\\\/#local-main-organization-logo\",\"url\":\"https:\\\/\\\/spawlab.pl\\\/wp-content\\\/uploads\\\/2022\\\/01\\\/olx.jpg\",\"contentUrl\":\"https:\\\/\\\/spawlab.pl\\\/wp-content\\\/uploads\\\/2022\\\/01\\\/olx.jpg\",\"width\":200,\"height\":200,\"caption\":\"Spawlab.pl\"}]}<\/script>\n<meta property=\"product:brand\" content=\"Ideal\" \/>\n<meta property=\"product:price:amount\" content=\"2899.00\" \/>\n<meta property=\"product:price:currency\" content=\"PLN\" \/>\n<meta property=\"og:availability\" content=\"instock\" \/>\n<meta property=\"product:availability\" content=\"instock\" \/>\n<meta property=\"product:condition\" content=\"new\" \/>\n<!-- \/ Yoast SEO Premium plugin. -->","yoast_head_json":{"title":"Ideal TECNO MIG 254\/2 PULSE 230\/400V - SpawLab - Welding equipment and plasma cutters - store and service","description":"Lider sprzeda\u017cy, Oficjalny Dystrybutor Premium i Serwis na Polsk\u0119 Migatronic, Gys, Voestalpine Bohler Welding. Nowe i u\u017cywane Spawarki, Przecinarki Plazmowe, Kompresory. Mgr in\u017c. Jaros\u0142aw Ko\u0142aski, IWE","robots":{"index":"index","follow":"follow","max-snippet":"max-snippet:-1","max-image-preview":"max-image-preview:large","max-video-preview":"max-video-preview:-1"},"canonical":"https:\/\/spawlab.pl\/en\/produkt\/ideal-tecno-mig-254-2-pulse-230-400v\/","og_locale":"en_US","og_type":"article","og_title":"Ideal TECNO MIG 254\/2 PULSE 230\/400V","og_description":"Lider sprzeda\u017cy, Oficjalny Dystrybutor Premium i Serwis na Polsk\u0119 Migatronic, Gys, Voestalpine Bohler Welding. Nowe i u\u017cywane Spawarki, Przecinarki Plazmowe, Kompresory. Mgr in\u017c. Jaros\u0142aw Ko\u0142aski, IWE","og_url":"https:\/\/spawlab.pl\/en\/produkt\/ideal-tecno-mig-254-2-pulse-230-400v\/","og_site_name":"SpawLab - Welding equipment and plasma cutters - store and service","article_publisher":"https:\/\/www.facebook.com\/Spawlab\/","og_image":[{"url":"https:\/\/www.badek.pl\/assets\/upload\/cms\/user_uploads\/images\/DSC01759.JPG","type":"","width":"","height":""}],"twitter_misc":{"Price":"2 899,00&nbsp;&#122;&#322; (2 356,91&nbsp;&#122;&#322; netto)","Availability":"In stock"},"schema":{"@context":"https:\/\/schema.org","@graph":[{"@type":["WebPage","ItemPage"],"@id":"https:\/\/spawlab.pl\/en\/produkt\/ideal-tecno-mig-254-2-pulse-230-400v\/","url":"https:\/\/spawlab.pl\/en\/produkt\/ideal-tecno-mig-254-2-pulse-230-400v\/","name":"Ideal TECNO MIG 254\/2 PULSE 230\/400V - SpawLab - Welding equipment and plasma cutters - store and service","isPartOf":{"@id":"https:\/\/spawlab.pl\/en\/#website"},"primaryImageOfPage":{"@id":"https:\/\/spawlab.pl\/en\/produkt\/ideal-tecno-mig-254-2-pulse-230-400v\/#primaryimage"},"image":{"@id":"https:\/\/spawlab.pl\/en\/produkt\/ideal-tecno-mig-254-2-pulse-230-400v\/#primaryimage"},"thumbnailUrl":"https:\/\/spawlab.pl\/wp-content\/uploads\/2021\/12\/tecno-mig-254-2-pulse-230-400v-5675_2-309d6719.jpg","datePublished":"2021-12-13T12:34:35+00:00","description":"Lider sprzeda\u017cy, Oficjalny Dystrybutor Premium i Serwis na Polsk\u0119 Migatronic, Gys, Voestalpine Bohler Welding. Nowe i u\u017cywane Spawarki, Przecinarki Plazmowe, Kompresory. Mgr in\u017c. Jaros\u0142aw Ko\u0142aski, IWE","breadcrumb":{"@id":"https:\/\/spawlab.pl\/en\/produkt\/ideal-tecno-mig-254-2-pulse-230-400v\/#breadcrumb"},"inLanguage":"en-US","potentialAction":[{"@type":"ReadAction","target":["https:\/\/spawlab.pl\/en\/produkt\/ideal-tecno-mig-254-2-pulse-230-400v\/"]}]},{"@type":"ImageObject","inLanguage":"en-US","@id":"https:\/\/spawlab.pl\/en\/produkt\/ideal-tecno-mig-254-2-pulse-230-400v\/#primaryimage","url":"https:\/\/spawlab.pl\/wp-content\/uploads\/2021\/12\/tecno-mig-254-2-pulse-230-400v-5675_2-309d6719.jpg","contentUrl":"https:\/\/spawlab.pl\/wp-content\/uploads\/2021\/12\/tecno-mig-254-2-pulse-230-400v-5675_2-309d6719.jpg","width":800,"height":800},{"@type":"BreadcrumbList","@id":"https:\/\/spawlab.pl\/en\/produkt\/ideal-tecno-mig-254-2-pulse-230-400v\/#breadcrumb","itemListElement":[{"@type":"ListItem","position":1,"name":"Strona g\u0142\u00f3wna","item":"https:\/\/spawlab.pl\/en\/"},{"@type":"ListItem","position":2,"name":"Store","item":"https:\/\/spawlab.pl\/en\/shop\/"},{"@type":"ListItem","position":3,"name":"Ideal TECNO MIG 254\/2 PULSE 230\/400V"}]},{"@type":"WebSite","@id":"https:\/\/spawlab.pl\/en\/#website","url":"https:\/\/spawlab.pl\/en\/","name":"Spawlab.pl Lider - Spawarki, Przecinarki Plazmowe, Kompresory","description":"Urz\u0105dzenia spawalnicze i Przecinarki plazmowe\/ nowe i u\u017cywane \/ Profesjonalny serwis","publisher":{"@id":"https:\/\/spawlab.pl\/en\/#organization"},"alternateName":"Spawlab.pl - Dystrybutor Premium i Serwis na Polske Migatronic, Gys, Voestalpine Bohler Welding","potentialAction":[{"@type":"SearchAction","target":{"@type":"EntryPoint","urlTemplate":"https:\/\/spawlab.pl\/en\/?s={search_term_string}"},"query-input":{"@type":"PropertyValueSpecification","valueRequired":true,"valueName":"search_term_string"}}],"inLanguage":"en-US"},{"@type":["Organization","Place"],"@id":"https:\/\/spawlab.pl\/en\/#organization","name":"Spawlab.pl","url":"https:\/\/spawlab.pl\/en\/","logo":{"@id":"https:\/\/spawlab.pl\/en\/produkt\/ideal-tecno-mig-254-2-pulse-230-400v\/#local-main-organization-logo"},"image":{"@id":"https:\/\/spawlab.pl\/en\/produkt\/ideal-tecno-mig-254-2-pulse-230-400v\/#local-main-organization-logo"},"sameAs":["https:\/\/www.facebook.com\/Spawlab\/","https:\/\/www.linkedin.com\/company\/spawlab","https:\/\/www.instagram.com\/spawlab.pl","https:\/\/www.tiktok.com\/@spawlab"],"description":"Lider sprzeda\u017cy, Oficjalny Dystrybutor Premium i Serwis na Polsk\u0119 Migatronic, Gys, Voestalpine Bohler Welding. Nowe i u\u017cywane Spawarki, Przecinarki Plazmowe, Kompresory. Mgr in\u017c. Jaros\u0142aw Ko\u0142aski, IWE","hasMerchantReturnPolicy":{"@type":"MerchantReturnPolicy","merchantReturnLink":"https:\/\/spawlab.pl\/polityka-prywatnosci-2\/"},"telephone":[],"openingHoursSpecification":[{"@type":"OpeningHoursSpecification","dayOfWeek":["Monday","Tuesday","Wednesday","Thursday","Friday","Saturday","Sunday"],"opens":"09:00","closes":"17:00"}]},{"@type":"ImageObject","inLanguage":"en-US","@id":"https:\/\/spawlab.pl\/en\/produkt\/ideal-tecno-mig-254-2-pulse-230-400v\/#local-main-organization-logo","url":"https:\/\/spawlab.pl\/wp-content\/uploads\/2022\/01\/olx.jpg","contentUrl":"https:\/\/spawlab.pl\/wp-content\/uploads\/2022\/01\/olx.jpg","width":200,"height":200,"caption":"Spawlab.pl"}]},"product_brand":"Ideal","product_price_amount":"2899.00","product_price_currency":"PLN","og_availability":"instock","product_availability":"instock","product_condition":"new"},"_links":{"self":[{"href":"https:\/\/spawlab.pl\/en\/wp-json\/wp\/v2\/product\/30147","targetHints":{"allow":["GET"]}}],"collection":[{"href":"https:\/\/spawlab.pl\/en\/wp-json\/wp\/v2\/product"}],"about":[{"href":"https:\/\/spawlab.pl\/en\/wp-json\/wp\/v2\/types\/product"}],"wp:featuredmedia":[{"embeddable":true,"href":"https:\/\/spawlab.pl\/en\/wp-json\/wp\/v2\/media\/14066"}],"wp:attachment":[{"href":"https:\/\/spawlab.pl\/en\/wp-json\/wp\/v2\/media?parent=30147"}],"wp:term":[{"taxonomy":"product_brand","embeddable":true,"href":"https:\/\/spawlab.pl\/en\/wp-json\/wp\/v2\/product_brand?post=30147"},{"taxonomy":"product_cat","embeddable":true,"href":"https:\/\/spawlab.pl\/en\/wp-json\/wp\/v2\/product_cat?post=30147"},{"taxonomy":"product_tag","embeddable":true,"href":"https:\/\/spawlab.pl\/en\/wp-json\/wp\/v2\/product_tag?post=30147"}],"curies":[{"name":"wp","href":"https:\/\/api.w.org\/{rel}","templated":true}]}}