{"id":30223,"date":"2022-01-26T15:18:16","date_gmt":"2022-01-26T14:18:16","guid":{"rendered":"https:\/\/spawlab.pl\/produkt\/ewm-microplasma-55-2-pg\/"},"modified":"2022-01-26T15:18:16","modified_gmt":"2022-01-26T14:18:16","slug":"ewm-microplasma-55-2-pg","status":"publish","type":"product","link":"https:\/\/spawlab.pl\/en\/produkt\/ewm-microplasma-55-2-pg\/","title":{"rendered":"EWM Microplasma 55-2 PG"},"content":{"rendered":"<p>This is not the typical cheapest kit from the Internet. This is an offer aimed at companies that are looking for a kit that is new with a warranty for years. <\/p>\n<h3>The price shown includes the following components:<\/h3>\n<ul class=\"description_list\">\n<li title=\"090-008818-00502\" data-id=\"41812\" data-acckind=\"11364:K\u00fchlger\u00e4te\">Cooling module with impeller pump,<\/li>\n<li title=\"394-003843-00000\" data-id=\"41808\" data-acckind=\"944:Brenner\">Manual plasma welding fixture without setting gauge,<\/li>\n<li title=\"090-008826-00000\" data-id=\"42802\" data-acckind=\"950:Transportwagen\">Transport cart (4 rollers) for transporting a power source, a cooler and two cylinders of shielding gas,<\/li>\n<li title=\"094-005314-00000\" data-id=\"91637\" data-acckind=\"9559:Werkst\u00fcckleitungen\">Ground wire with clamp, 170 A \/ 60 %, 16 mm\u00b2<\/li>\n<li title=\"096-000001-00000\" data-id=\"15691\" data-acckind=\"10530:Druckminderer\">Cylinder pressure regulator,<\/li>\n<li title=\"096-000000-00000\" data-id=\"15690\" data-acckind=\"10530:Druckminderer\">&#8220;Maxex&#8221; pressure regulator,<\/li>\n<li title=\"092-000525-00001\" data-id=\"41813\" data-acckind=\"435:Allgemein\">Gas Hose,<\/li>\n<li title=\"094-000010-00001\" data-id=\"6105\" data-acckind=\"435:Allgemein\">Gas hose, 2 m<\/li>\n<li title=\"094-000530-00005\" data-id=\"42833\" data-acckind=\"672:K\u00fchlmittel\">Coolant to -10\u00b0C (14\u00b0F), 5 l,<\/li>\n<li title=\"094-001652-00000\" data-id=\"26243\" data-acckind=\"435:Allgemein\">Thread adapter for connecting gas hoses with 1\/4&#8243; left-hand thread to welders with 1\/4&#8243; right-hand thread connector,<\/li>\n<li class=\"last-item\" title=\"094-008262-00000\" data-id=\"43106\" data-acckind=\"9126:Verschlei\u00dfteile\">Electrode alignment template, Fits PHW 100\/150 and PWM 100\/150<\/li>\n<\/ul>\n<ul class=\"bgrd description_list\">\n<li class=\"first-item\" data-sortnum=\"1,00\" data-textid=\"7400816\">Microplasma welder with precision gas metering unit<\/li>\n<li data-sortnum=\"2,00\" data-textid=\"7400817\"><b>Precision gas metering unit, for plasma gas and shielding gas, without hysteresis, with 15-channel control valves<\/b> <b><\/b><b><\/b><b><\/b><b><\/b><b>allowing maximum precise adjustment of the gas flow rate. Recommended for precision welding, even at low amperage <\/b><\/li>\n<li data-sortnum=\"2,00\" data-textid=\"7400817\">Plasma gas setting range: from 0.1 l\/min to 1.1 l\/min (tolerance +\/- 2% of final value)<\/li>\n<li data-sortnum=\"2,00\" data-textid=\"7400817\">Shielding gas setting range: from 3.5 l\/min to 20 l\/min (tolerance +\/- 2% of final value)<\/li>\n<li data-sortnum=\"6,00\" data-textid=\"3945810\"><strong><b>Methods and functions:<\/b><\/strong><\/li>\n<li data-sortnum=\"10,00\" data-textid=\"3973523\">Plasma and TIG welding<\/li>\n<li data-sortnum=\"10,00\" data-textid=\"3973523\">Plasma pulse welding and TIG pulse welding<\/li>\n<li data-sortnum=\"10,00\" data-textid=\"3973523\">Pulsed plasma and TIG welding up to the kHz range &#8211; thanks to the compact arc, it enables high welding speeds with heat input kept to a minimum<\/li>\n<li data-sortnum=\"39,00\" data-textid=\"3973524\">Plasma and TIG welding current adjustable in 0.1 A increments<\/li>\n<li data-sortnum=\"39,00\" data-textid=\"3973524\">Pilot arc current separately adjustable for start phase, weld phase, end crater and weld break<\/li>\n<li data-sortnum=\"112,00\" data-textid=\"3973528\">Monitoring of temperature, flow and pressure of the coolant circuit<\/li>\n<li data-sortnum=\"120,00\" data-textid=\"870279\">2-tactile \/ 4-tactile operation<\/li>\n<li data-sortnum=\"129,00\" data-textid=\"870280\">Spot\/tack welding function (spotArc \/ spotmatic)<\/li>\n<li data-sortnum=\"135,00\" data-textid=\"870207\">Adjustable current rise and fall time<\/li>\n<li data-sortnum=\"135,00\" data-textid=\"3973525\">Spotmatic &#8211; saves on tacking time by 50% (not applicable to TIG)<\/li>\n<li data-sortnum=\"150,00\" data-textid=\"870282\">Adjustable time of initial and final gas discharge<\/li>\n<li data-sortnum=\"159,00\" data-textid=\"3945809\"><strong><b>Benefits:<\/b><\/strong><\/li>\n<li data-sortnum=\"160,00\" data-textid=\"7400873\">Do not buy characteristics, all characteristics for this type of machine are included in the ex-factory delivery.<\/li>\n<li data-sortnum=\"165,00\" data-textid=\"3973527\">Unmistakable connections for all utilities<\/li>\n<li data-sortnum=\"170,00\" data-textid=\"3973529\">Welding gun connection via quick coupler<\/li>\n<li data-sortnum=\"175,00\" data-textid=\"744831\">Possibility to connect a remote control attachment<\/li>\n<li data-sortnum=\"180,00\" data-textid=\"3973533\">Two connections for the system bus (e.g., for ewm Xnet)<\/li>\n<li data-sortnum=\"185,00\" data-textid=\"3973532\">All controls and connections for the welding torch, remote control attachment and ground wire are directly accessible from the front of the machine<\/li>\n<li data-sortnum=\"195,00\" data-textid=\"3973530\">Ability to transport Microplasma and Cool 50 MPW50 using Trolly 55-6<\/li>\n<li data-sortnum=\"195,00\" data-textid=\"3973530\">Without the need for additional connection of the cooler to the mains. Cool 50 MPW50 is powered by electricity through the Microplasma unit <\/li>\n<li data-sortnum=\"195,00\" data-textid=\"3973530\">If high currents, long duty cycles and high ambient temperatures are present, a separate cooler can alternatively be used to cool the heated coolant (The cooler for the heated coolant does not fit under the Microplasma unit and on the Trolly 55-6)<\/li>\n<li data-sortnum=\"285,00\" data-textid=\"3721162\">Optional network connectivity via LAN or WiFi gateway and Xnet software<\/li>\n<li data-sortnum=\"400,00\" data-textid=\"130117\">Power cable 3.5 m with Schuko 16 A plug<\/li>\n<li class=\"last-item\" data-sortnum=\"410,00\" data-textid=\"3973535\">Before welding, always read the instructions in the operating manuals of the welding torch and welder used<\/li>\n<\/ul>\n<ul class=\"description_list\">\n<li class=\"first-item\"><b>One knob operation<\/b><\/li>\n<li class=\"knurps\">Selection of the welding waveform and setting of parameters via Click-Wheel or classically with &#8220;forward&#8221;\/&#8221;backward&#8221; buttons<\/li>\n<li class=\"knurps last-item\">Expert menu for extended welding parameter settings<\/li>\n<\/ul>\n<div class=\"technicalData\">\n<table class=\"ewmPimTechData detail_table\" data-mainwp=\"\" data-voltages=\"0\" data-tablename=\"TDcontrol\" data-productid=\"336591\">\n<tbody>\n<tr data-fieldname=\"Schweissverfahren_moeglich\">\n<td class=\"td1\">Welding method<\/td>\n<td><span title=\"\">Plasma<\/span><\/td>\n<\/tr>\n<tr data-fieldname=\"Schweissverfahren_moeglich\">\n<td class=\"td1\"><\/td>\n<td><span title=\"\">WIG DC<\/span><\/td>\n<\/tr>\n<tr data-fieldname=\"Betriebsart\">\n<td class=\"td1\">Operating modes<\/td>\n<td><span title=\"\">2-bar.<\/span><\/td>\n<\/tr>\n<tr data-fieldname=\"Betriebsart\">\n<td class=\"td1\"><\/td>\n<td><span title=\"\">4-tactics.<\/span><\/td>\n<\/tr>\n<tr data-fieldname=\"Betriebsart\">\n<td class=\"td1\"><\/td>\n<td><span title=\"\">spotArc<\/span><\/td>\n<\/tr>\n<tr data-fieldname=\"Betriebsart\">\n<td class=\"td1\"><\/td>\n<td><span title=\"\">spotmatic<\/span><\/td>\n<\/tr>\n<tr data-fieldname=\"Pulsart\">\n<td class=\"td1\">Pulse type<\/td>\n<td><span title=\"\">Pulse welding automation<\/span><\/td>\n<\/tr>\n<tr data-fieldname=\"Pulsart\">\n<td class=\"td1\"><\/td>\n<td><span title=\"\">Pulse second<\/span><\/td>\n<\/tr>\n<tr data-fieldname=\"Pulsart\">\n<td class=\"td1\"><\/td>\n<td><span title=\"\">Pulse kHz<\/span><\/td>\n<\/tr>\n<tr data-fieldname=\"JOBs\">\n<td class=\"td1\">Number of welding tasks<\/td>\n<td><span title=\"\">100<\/span><\/td>\n<\/tr>\n<tr class=\"last_tr\" data-fieldname=\"Allgemeine_Funktionen\">\n<td class=\"td1\">Features<\/td>\n<td><span title=\"\">Gas test, flushing<\/span><\/td>\n<\/tr>\n<\/tbody>\n<\/table>\n<p>&nbsp;<\/p>\n<table class=\"ewmPimTechData detail_table\" data-mainwp=\"Plasma\" data-voltages=\"1\" data-tablename=\"TD_Geraet\" data-productid=\"463064\">\n<tbody>\n<tr data-fieldname=\"Typenbezeichnung\">\n<td class=\"td1\">Version<\/td>\n<td><span title=\"\">Microplasma 55-2 PG<\/span><\/td>\n<\/tr>\n<tr data-fieldname=\"Einstellbereich_Schweissstrom_Coll\">\n<td class=\"td1\">Welding current adjustment range<\/td>\n<td>0.3 A &#8211; 50 A<\/td>\n<\/tr>\n<tr data-fieldname=\"Einschaltdauer_Coll\">\n<td class=\"td1\">Duty cycle 40 \u00b0C<\/td>\n<td>50 A \/ 100 %<\/td>\n<\/tr>\n<tr data-fieldname=\"Leerlaufspannung\">\n<td class=\"td1\">Idling voltage<\/td>\n<td><span title=\"\">95<\/span> V<\/td>\n<\/tr>\n<tr data-fieldname=\"Netzdaten_Netzspannung_Phasenanzahl\">\n<td class=\"td1\">Mains voltage<\/td>\n<td>1 x 230 V<\/td>\n<\/tr>\n<tr data-fieldname=\"Netzdaten_Netzspannung_Toleranz_von\">\n<td class=\"td1\">Tolerances<\/td>\n<td>-40 % to +15 %<\/td>\n<\/tr>\n<tr data-fieldname=\"Netzdaten_Netzspannung_Netzfrequenz\">\n<td class=\"td1\">Network frequency<\/td>\n<td>50 Hz \/ 60 Hz<\/td>\n<\/tr>\n<tr data-fieldname=\"Anschlussleistung_Coll\">\n<td class=\"td1\">Recommended alternator power<\/td>\n<td>4.2 kVA<\/td>\n<\/tr>\n<tr data-fieldname=\"Schutzklasse\">\n<td class=\"td1\">Degree of protection<\/td>\n<td><span title=\"\">IP23<\/span><\/td>\n<\/tr>\n<tr data-fieldname=\"Zulassung\">\n<td class=\"td1\">Safety marking<\/td>\n<td><\/td>\n<\/tr>\n<tr data-fieldname=\"EMV_Klasse\">\n<td class=\"td1\">EMC class<\/td>\n<td><span title=\"\">A<\/span><\/td>\n<\/tr>\n<tr data-fieldname=\"Masse_Coll\">\n<td class=\"td1\">Dimensions (L x B x H)<\/td>\n<td>625 mm x 377 mm x 531 mm<\/td>\n<\/tr>\n<tr data-fieldname=\"Masse_Coll\">\n<td class=\"td1\"><\/td>\n<td>24.6 inch x 14.8 inch x 20.9 inch<\/td>\n<\/tr>\n<tr data-fieldname=\"Gewicht_Coll\">\n<td class=\"td1\">Weight<\/td>\n<td>36 kg<\/td>\n<\/tr>\n<tr data-fieldname=\"Gewicht_Coll\">\n<td class=\"td1\"><\/td>\n<td>79.4 lbs<\/td>\n<\/tr>\n<tr class=\"last_tr\" data-fieldname=\"Normen_Wert\">\n<td class=\"td1\">Standards<\/td>\n<td><span title=\"\">IEC 60974-1, -3, -10 CL.A<\/span><\/td>\n<\/tr>\n<\/tbody>\n<\/table>\n<\/div>\n","protected":false},"excerpt":{"rendered":"<p>This is not the typical cheapest kit from the Internet. This is an offer aimed at companies that are looking for a kit that is new with a warranty for years. The price shown includes the following components: Cooling module with impeller pump, Manual plasma welding fixture without setting gauge, Transport cart (4 rollers) for [&hellip;]<\/p>\n","protected":false},"featured_media":14570,"template":"","meta":{"inline_featured_image":false},"product_brand":[],"product_cat":[474,509],"product_tag":[],"class_list":{"0":"post-30223","1":"product","2":"type-product","3":"status-publish","4":"has-post-thumbnail","6":"product_cat-new","7":"product_cat-plasma-welders-en","9":"first","10":"onbackorder","11":"taxable","12":"shipping-taxable","13":"purchasable","14":"product-type-simple"},"yoast_head":"<!-- This site is optimized with the Yoast SEO Premium plugin v27.0 (Yoast SEO v27.3) - https:\/\/yoast.com\/product\/yoast-seo-premium-wordpress\/ -->\n<title>EWM Microplasma 55-2 PG - SpawLab - Welding equipment and plasma cutters - store and service<\/title>\n<meta name=\"description\" content=\"Lider sprzeda\u017cy, Oficjalny Dystrybutor Premium i Serwis na Polsk\u0119 Migatronic, Gys, Voestalpine Bohler Welding. Nowe i u\u017cywane Spawarki, Przecinarki Plazmowe, Kompresory. Mgr in\u017c. Jaros\u0142aw Ko\u0142aski, IWE\" \/>\n<meta name=\"robots\" content=\"index, follow, max-snippet:-1, max-image-preview:large, max-video-preview:-1\" \/>\n<link rel=\"canonical\" href=\"https:\/\/spawlab.pl\/en\/produkt\/ewm-microplasma-55-2-pg\/\" \/>\n<meta property=\"og:locale\" content=\"en_US\" \/>\n<meta property=\"og:type\" content=\"article\" \/>\n<meta property=\"og:title\" content=\"EWM Microplasma 55-2 PG\" \/>\n<meta property=\"og:description\" content=\"Lider sprzeda\u017cy, Oficjalny Dystrybutor Premium i Serwis na Polsk\u0119 Migatronic, Gys, Voestalpine Bohler Welding. Nowe i u\u017cywane Spawarki, Przecinarki Plazmowe, Kompresory. Mgr in\u017c. Jaros\u0142aw Ko\u0142aski, IWE\" \/>\n<meta property=\"og:url\" content=\"https:\/\/spawlab.pl\/en\/produkt\/ewm-microplasma-55-2-pg\/\" \/>\n<meta property=\"og:site_name\" content=\"SpawLab - Welding equipment and plasma cutters - store and service\" \/>\n<meta property=\"article:publisher\" content=\"https:\/\/www.facebook.com\/Spawlab\/\" \/>\n<meta property=\"og:image\" content=\"https:\/\/spawlab.pl\/wp-content\/uploads\/2025\/06\/LOGO-SPOLECZN-scaled.png\" \/>\n\t<meta property=\"og:image:width\" content=\"2560\" \/>\n\t<meta property=\"og:image:height\" content=\"1440\" \/>\n\t<meta property=\"og:image:type\" content=\"image\/png\" \/>\n<meta name=\"twitter:label1\" content=\"Price\" \/>\n\t<meta name=\"twitter:data1\" content=\"80 382,72&nbsp;&#122;&#322; (65 351,80&nbsp;&#122;&#322; netto)\" \/>\n\t<meta name=\"twitter:label2\" content=\"Availability\" \/>\n\t<meta name=\"twitter:data2\" content=\"On backorder\" \/>\n<script type=\"application\/ld+json\" class=\"yoast-schema-graph\">{\"@context\":\"https:\\\/\\\/schema.org\",\"@graph\":[{\"@type\":[\"WebPage\",\"ItemPage\"],\"@id\":\"https:\\\/\\\/spawlab.pl\\\/en\\\/produkt\\\/ewm-microplasma-55-2-pg\\\/\",\"url\":\"https:\\\/\\\/spawlab.pl\\\/en\\\/produkt\\\/ewm-microplasma-55-2-pg\\\/\",\"name\":\"EWM Microplasma 55-2 PG - SpawLab - Welding equipment and plasma cutters - store and service\",\"isPartOf\":{\"@id\":\"https:\\\/\\\/spawlab.pl\\\/en\\\/#website\"},\"primaryImageOfPage\":{\"@id\":\"https:\\\/\\\/spawlab.pl\\\/en\\\/produkt\\\/ewm-microplasma-55-2-pg\\\/#primaryimage\"},\"image\":{\"@id\":\"https:\\\/\\\/spawlab.pl\\\/en\\\/produkt\\\/ewm-microplasma-55-2-pg\\\/#primaryimage\"},\"thumbnailUrl\":\"https:\\\/\\\/spawlab.pl\\\/wp-content\\\/uploads\\\/2022\\\/01\\\/IM0092536.jpg\",\"datePublished\":\"2022-01-26T14:18:16+00:00\",\"description\":\"Lider sprzeda\u017cy, Oficjalny Dystrybutor Premium i Serwis na Polsk\u0119 Migatronic, Gys, Voestalpine Bohler Welding. Nowe i u\u017cywane Spawarki, Przecinarki Plazmowe, Kompresory. Mgr in\u017c. Jaros\u0142aw Ko\u0142aski, IWE\",\"breadcrumb\":{\"@id\":\"https:\\\/\\\/spawlab.pl\\\/en\\\/produkt\\\/ewm-microplasma-55-2-pg\\\/#breadcrumb\"},\"inLanguage\":\"en-US\",\"potentialAction\":[{\"@type\":\"ReadAction\",\"target\":[\"https:\\\/\\\/spawlab.pl\\\/en\\\/produkt\\\/ewm-microplasma-55-2-pg\\\/\"]}]},{\"@type\":\"ImageObject\",\"inLanguage\":\"en-US\",\"@id\":\"https:\\\/\\\/spawlab.pl\\\/en\\\/produkt\\\/ewm-microplasma-55-2-pg\\\/#primaryimage\",\"url\":\"https:\\\/\\\/spawlab.pl\\\/wp-content\\\/uploads\\\/2022\\\/01\\\/IM0092536.jpg\",\"contentUrl\":\"https:\\\/\\\/spawlab.pl\\\/wp-content\\\/uploads\\\/2022\\\/01\\\/IM0092536.jpg\",\"width\":1869,\"height\":2048},{\"@type\":\"BreadcrumbList\",\"@id\":\"https:\\\/\\\/spawlab.pl\\\/en\\\/produkt\\\/ewm-microplasma-55-2-pg\\\/#breadcrumb\",\"itemListElement\":[{\"@type\":\"ListItem\",\"position\":1,\"name\":\"Strona g\u0142\u00f3wna\",\"item\":\"https:\\\/\\\/spawlab.pl\\\/en\\\/\"},{\"@type\":\"ListItem\",\"position\":2,\"name\":\"Store\",\"item\":\"https:\\\/\\\/spawlab.pl\\\/en\\\/shop\\\/\"},{\"@type\":\"ListItem\",\"position\":3,\"name\":\"EWM Microplasma 55-2 PG\"}]},{\"@type\":\"WebSite\",\"@id\":\"https:\\\/\\\/spawlab.pl\\\/en\\\/#website\",\"url\":\"https:\\\/\\\/spawlab.pl\\\/en\\\/\",\"name\":\"Spawlab.pl Lider - Spawarki, Przecinarki Plazmowe, Kompresory\",\"description\":\"Urz\u0105dzenia spawalnicze i Przecinarki plazmowe\\\/ nowe i u\u017cywane \\\/ Profesjonalny serwis\",\"publisher\":{\"@id\":\"https:\\\/\\\/spawlab.pl\\\/en\\\/#organization\"},\"alternateName\":\"Spawlab.pl - Dystrybutor Premium i Serwis na Polske Migatronic, Gys, Voestalpine Bohler Welding\",\"potentialAction\":[{\"@type\":\"SearchAction\",\"target\":{\"@type\":\"EntryPoint\",\"urlTemplate\":\"https:\\\/\\\/spawlab.pl\\\/en\\\/?s={search_term_string}\"},\"query-input\":{\"@type\":\"PropertyValueSpecification\",\"valueRequired\":true,\"valueName\":\"search_term_string\"}}],\"inLanguage\":\"en-US\"},{\"@type\":[\"Organization\",\"Place\"],\"@id\":\"https:\\\/\\\/spawlab.pl\\\/en\\\/#organization\",\"name\":\"Spawlab.pl\",\"url\":\"https:\\\/\\\/spawlab.pl\\\/en\\\/\",\"logo\":{\"@id\":\"https:\\\/\\\/spawlab.pl\\\/en\\\/produkt\\\/ewm-microplasma-55-2-pg\\\/#local-main-organization-logo\"},\"image\":{\"@id\":\"https:\\\/\\\/spawlab.pl\\\/en\\\/produkt\\\/ewm-microplasma-55-2-pg\\\/#local-main-organization-logo\"},\"sameAs\":[\"https:\\\/\\\/www.facebook.com\\\/Spawlab\\\/\",\"https:\\\/\\\/www.linkedin.com\\\/company\\\/spawlab\",\"https:\\\/\\\/www.instagram.com\\\/spawlab.pl\",\"https:\\\/\\\/www.tiktok.com\\\/@spawlab\"],\"description\":\"Lider sprzeda\u017cy, Oficjalny Dystrybutor Premium i Serwis na Polsk\u0119 Migatronic, Gys, Voestalpine Bohler Welding. Nowe i u\u017cywane Spawarki, Przecinarki Plazmowe, Kompresory. Mgr in\u017c. Jaros\u0142aw Ko\u0142aski, IWE\",\"hasMerchantReturnPolicy\":{\"@type\":\"MerchantReturnPolicy\",\"merchantReturnLink\":\"https:\\\/\\\/spawlab.pl\\\/polityka-prywatnosci-2\\\/\"},\"telephone\":[],\"openingHoursSpecification\":[{\"@type\":\"OpeningHoursSpecification\",\"dayOfWeek\":[\"Monday\",\"Tuesday\",\"Wednesday\",\"Thursday\",\"Friday\",\"Saturday\",\"Sunday\"],\"opens\":\"09:00\",\"closes\":\"17:00\"}]},{\"@type\":\"ImageObject\",\"inLanguage\":\"en-US\",\"@id\":\"https:\\\/\\\/spawlab.pl\\\/en\\\/produkt\\\/ewm-microplasma-55-2-pg\\\/#local-main-organization-logo\",\"url\":\"https:\\\/\\\/spawlab.pl\\\/wp-content\\\/uploads\\\/2022\\\/01\\\/olx.jpg\",\"contentUrl\":\"https:\\\/\\\/spawlab.pl\\\/wp-content\\\/uploads\\\/2022\\\/01\\\/olx.jpg\",\"width\":200,\"height\":200,\"caption\":\"Spawlab.pl\"}]}<\/script>\n<meta property=\"product:brand\" content=\"EWM\" \/>\n<meta property=\"product:price:amount\" content=\"80382.72\" \/>\n<meta property=\"product:price:currency\" content=\"PLN\" \/>\n<meta property=\"og:availability\" content=\"backorder\" \/>\n<meta property=\"product:availability\" content=\"available for order\" \/>\n<meta property=\"product:condition\" content=\"new\" \/>\n<!-- \/ Yoast SEO Premium plugin. -->","yoast_head_json":{"title":"EWM Microplasma 55-2 PG - SpawLab - Welding equipment and plasma cutters - store and service","description":"Lider sprzeda\u017cy, Oficjalny Dystrybutor Premium i Serwis na Polsk\u0119 Migatronic, Gys, Voestalpine Bohler Welding. Nowe i u\u017cywane Spawarki, Przecinarki Plazmowe, Kompresory. Mgr in\u017c. Jaros\u0142aw Ko\u0142aski, IWE","robots":{"index":"index","follow":"follow","max-snippet":"max-snippet:-1","max-image-preview":"max-image-preview:large","max-video-preview":"max-video-preview:-1"},"canonical":"https:\/\/spawlab.pl\/en\/produkt\/ewm-microplasma-55-2-pg\/","og_locale":"en_US","og_type":"article","og_title":"EWM Microplasma 55-2 PG","og_description":"Lider sprzeda\u017cy, Oficjalny Dystrybutor Premium i Serwis na Polsk\u0119 Migatronic, Gys, Voestalpine Bohler Welding. Nowe i u\u017cywane Spawarki, Przecinarki Plazmowe, Kompresory. Mgr in\u017c. Jaros\u0142aw Ko\u0142aski, IWE","og_url":"https:\/\/spawlab.pl\/en\/produkt\/ewm-microplasma-55-2-pg\/","og_site_name":"SpawLab - Welding equipment and plasma cutters - store and service","article_publisher":"https:\/\/www.facebook.com\/Spawlab\/","og_image":[{"width":2560,"height":1440,"url":"https:\/\/spawlab.pl\/wp-content\/uploads\/2025\/06\/LOGO-SPOLECZN-scaled.png","type":"image\/png"}],"twitter_misc":{"Price":"80 382,72&nbsp;&#122;&#322; (65 351,80&nbsp;&#122;&#322; netto)","Availability":"On backorder"},"schema":{"@context":"https:\/\/schema.org","@graph":[{"@type":["WebPage","ItemPage"],"@id":"https:\/\/spawlab.pl\/en\/produkt\/ewm-microplasma-55-2-pg\/","url":"https:\/\/spawlab.pl\/en\/produkt\/ewm-microplasma-55-2-pg\/","name":"EWM Microplasma 55-2 PG - SpawLab - Welding equipment and plasma cutters - store and service","isPartOf":{"@id":"https:\/\/spawlab.pl\/en\/#website"},"primaryImageOfPage":{"@id":"https:\/\/spawlab.pl\/en\/produkt\/ewm-microplasma-55-2-pg\/#primaryimage"},"image":{"@id":"https:\/\/spawlab.pl\/en\/produkt\/ewm-microplasma-55-2-pg\/#primaryimage"},"thumbnailUrl":"https:\/\/spawlab.pl\/wp-content\/uploads\/2022\/01\/IM0092536.jpg","datePublished":"2022-01-26T14:18:16+00:00","description":"Lider sprzeda\u017cy, Oficjalny Dystrybutor Premium i Serwis na Polsk\u0119 Migatronic, Gys, Voestalpine Bohler Welding. Nowe i u\u017cywane Spawarki, Przecinarki Plazmowe, Kompresory. Mgr in\u017c. Jaros\u0142aw Ko\u0142aski, IWE","breadcrumb":{"@id":"https:\/\/spawlab.pl\/en\/produkt\/ewm-microplasma-55-2-pg\/#breadcrumb"},"inLanguage":"en-US","potentialAction":[{"@type":"ReadAction","target":["https:\/\/spawlab.pl\/en\/produkt\/ewm-microplasma-55-2-pg\/"]}]},{"@type":"ImageObject","inLanguage":"en-US","@id":"https:\/\/spawlab.pl\/en\/produkt\/ewm-microplasma-55-2-pg\/#primaryimage","url":"https:\/\/spawlab.pl\/wp-content\/uploads\/2022\/01\/IM0092536.jpg","contentUrl":"https:\/\/spawlab.pl\/wp-content\/uploads\/2022\/01\/IM0092536.jpg","width":1869,"height":2048},{"@type":"BreadcrumbList","@id":"https:\/\/spawlab.pl\/en\/produkt\/ewm-microplasma-55-2-pg\/#breadcrumb","itemListElement":[{"@type":"ListItem","position":1,"name":"Strona g\u0142\u00f3wna","item":"https:\/\/spawlab.pl\/en\/"},{"@type":"ListItem","position":2,"name":"Store","item":"https:\/\/spawlab.pl\/en\/shop\/"},{"@type":"ListItem","position":3,"name":"EWM Microplasma 55-2 PG"}]},{"@type":"WebSite","@id":"https:\/\/spawlab.pl\/en\/#website","url":"https:\/\/spawlab.pl\/en\/","name":"Spawlab.pl Lider - Spawarki, Przecinarki Plazmowe, Kompresory","description":"Urz\u0105dzenia spawalnicze i Przecinarki plazmowe\/ nowe i u\u017cywane \/ Profesjonalny serwis","publisher":{"@id":"https:\/\/spawlab.pl\/en\/#organization"},"alternateName":"Spawlab.pl - Dystrybutor Premium i Serwis na Polske Migatronic, Gys, Voestalpine Bohler Welding","potentialAction":[{"@type":"SearchAction","target":{"@type":"EntryPoint","urlTemplate":"https:\/\/spawlab.pl\/en\/?s={search_term_string}"},"query-input":{"@type":"PropertyValueSpecification","valueRequired":true,"valueName":"search_term_string"}}],"inLanguage":"en-US"},{"@type":["Organization","Place"],"@id":"https:\/\/spawlab.pl\/en\/#organization","name":"Spawlab.pl","url":"https:\/\/spawlab.pl\/en\/","logo":{"@id":"https:\/\/spawlab.pl\/en\/produkt\/ewm-microplasma-55-2-pg\/#local-main-organization-logo"},"image":{"@id":"https:\/\/spawlab.pl\/en\/produkt\/ewm-microplasma-55-2-pg\/#local-main-organization-logo"},"sameAs":["https:\/\/www.facebook.com\/Spawlab\/","https:\/\/www.linkedin.com\/company\/spawlab","https:\/\/www.instagram.com\/spawlab.pl","https:\/\/www.tiktok.com\/@spawlab"],"description":"Lider sprzeda\u017cy, Oficjalny Dystrybutor Premium i Serwis na Polsk\u0119 Migatronic, Gys, Voestalpine Bohler Welding. Nowe i u\u017cywane Spawarki, Przecinarki Plazmowe, Kompresory. Mgr in\u017c. Jaros\u0142aw Ko\u0142aski, IWE","hasMerchantReturnPolicy":{"@type":"MerchantReturnPolicy","merchantReturnLink":"https:\/\/spawlab.pl\/polityka-prywatnosci-2\/"},"telephone":[],"openingHoursSpecification":[{"@type":"OpeningHoursSpecification","dayOfWeek":["Monday","Tuesday","Wednesday","Thursday","Friday","Saturday","Sunday"],"opens":"09:00","closes":"17:00"}]},{"@type":"ImageObject","inLanguage":"en-US","@id":"https:\/\/spawlab.pl\/en\/produkt\/ewm-microplasma-55-2-pg\/#local-main-organization-logo","url":"https:\/\/spawlab.pl\/wp-content\/uploads\/2022\/01\/olx.jpg","contentUrl":"https:\/\/spawlab.pl\/wp-content\/uploads\/2022\/01\/olx.jpg","width":200,"height":200,"caption":"Spawlab.pl"}]},"product_brand":"EWM","product_price_amount":"80382.72","product_price_currency":"PLN","og_availability":"backorder","product_availability":"available for order","product_condition":"new"},"_links":{"self":[{"href":"https:\/\/spawlab.pl\/en\/wp-json\/wp\/v2\/product\/30223","targetHints":{"allow":["GET"]}}],"collection":[{"href":"https:\/\/spawlab.pl\/en\/wp-json\/wp\/v2\/product"}],"about":[{"href":"https:\/\/spawlab.pl\/en\/wp-json\/wp\/v2\/types\/product"}],"wp:featuredmedia":[{"embeddable":true,"href":"https:\/\/spawlab.pl\/en\/wp-json\/wp\/v2\/media\/14570"}],"wp:attachment":[{"href":"https:\/\/spawlab.pl\/en\/wp-json\/wp\/v2\/media?parent=30223"}],"wp:term":[{"taxonomy":"product_brand","embeddable":true,"href":"https:\/\/spawlab.pl\/en\/wp-json\/wp\/v2\/product_brand?post=30223"},{"taxonomy":"product_cat","embeddable":true,"href":"https:\/\/spawlab.pl\/en\/wp-json\/wp\/v2\/product_cat?post=30223"},{"taxonomy":"product_tag","embeddable":true,"href":"https:\/\/spawlab.pl\/en\/wp-json\/wp\/v2\/product_tag?post=30223"}],"curies":[{"name":"wp","href":"https:\/\/api.w.org\/{rel}","templated":true}]}}