{"id":30225,"date":"2022-01-26T14:23:23","date_gmt":"2022-01-26T13:23:23","guid":{"rendered":"https:\/\/spawlab.pl\/produkt\/ewm-pico-350-target-pulse-pws\/"},"modified":"2022-01-26T14:23:23","modified_gmt":"2022-01-26T13:23:23","slug":"ewm-pico-350-target-pulse-pws","status":"publish","type":"product","link":"https:\/\/spawlab.pl\/en\/produkt\/ewm-pico-350-target-pulse-pws\/","title":{"rendered":"EWM Pico 350 target pulse pws"},"content":{"rendered":"<p>This is not the typical cheapest kit from the Internet. This is an offer aimed at companies that are looking for a kit that is new with a warranty for years. <\/p>\n<h3>The price shown includes the following components:<\/h3>\n<ul class=\"description_list\">\n<li class=\"first-item\" title=\"090-002061-00502\" data-id=\"16383\" data-acckind=\"000:weldingMachine\">MMA inverter welder, polarity switch<\/li>\n<li title=\"092-000004-00000\" data-id=\"91651\" data-acckind=\"1283:Elektrodenhalter\">Electrode holder with wire, 350 A \/ 60 %, 50 mm\u00b2<\/li>\n<li title=\"092-008214-00000\" data-id=\"8774\" data-acckind=\"5036:Netzstecker\">Power plug, installed,<\/li>\n<li class=\"last-item\" title=\"092-000003-00000\" data-id=\"91636\" data-acckind=\"9559:Werkst\u00fcckleitungen\">Ground wire with clamp, 350 A \/ 60 %, 50 mm\u00b2<\/li>\n<\/ul>\n<ul class=\"bgrd description_list\">\n<li class=\"first-item\" data-sortnum=\"1,00\" data-textid=\"7400820\">Multi-process CC\/CV welding on construction sites with a durable and handy inverter welder with built-in pole change switch<\/li>\n<li data-sortnum=\"6,00\" data-textid=\"3945810\"><strong><b>Methods and functions:<\/b><\/strong><\/li>\n<li data-sortnum=\"10,00\" data-textid=\"870245\">Characteristics of MIG\/MAG CC\/CV<\/li>\n<li data-sortnum=\"11,00\" data-textid=\"3973521\">Pulse welding with covered electrodes and TIG welding<\/li>\n<li data-sortnum=\"12,00\" data-textid=\"870165\">Shielded electrode welding<\/li>\n<li data-sortnum=\"22,00\" data-textid=\"870205\">TIG contact deposition welding<\/li>\n<li data-sortnum=\"25,00\" data-textid=\"7435159\">PF Pulse function<\/li>\n<li data-sortnum=\"27,00\" data-textid=\"7435160\">Characteristics Objective<\/li>\n<li data-sortnum=\"30,00\" data-textid=\"130100\">Arcforce, Hotstart, Antistick<\/li>\n<li data-sortnum=\"35,00\" data-textid=\"186722\">Adjustable Arcforcing and Hotstart<\/li>\n<li data-sortnum=\"40,00\" data-textid=\"870251\">Welding polarity switchable by polarity switch<\/li>\n<li data-sortnum=\"45,00\" data-textid=\"870243\">Gas shielded metal arc welding with Pico drive 4L wire feeder<\/li>\n<li data-sortnum=\"55,00\" data-textid=\"870244\">Designed for welding with powdered wire<\/li>\n<li data-sortnum=\"159,00\" data-textid=\"3945809\"><strong><b>Benefits:<\/b><\/strong><\/li>\n<li data-sortnum=\"160,00\" data-textid=\"130097\">PWS: Polarity change on the machine or with the remote control attachment without time-consuming terminal changes on the welding current connections<\/li>\n<li data-sortnum=\"160,00\" data-textid=\"870252\">Perfect vertical upward welding with covered electrode thanks to PF Pulse function<\/li>\n<li data-sortnum=\"165,00\" data-textid=\"130098\">Cellulose electrodes: 100% vertical weld quality<\/li>\n<li data-sortnum=\"167,00\" data-textid=\"7400825\">Possibility of unlimited generator operation and connection of long network cables due to large network tolerance values<\/li>\n<li data-sortnum=\"170,00\" data-textid=\"870250\">Durable design, suitable for use on construction sites<\/li>\n<li data-sortnum=\"172,00\" data-textid=\"870249\">Impact-resistant housing<\/li>\n<li data-sortnum=\"175,00\" data-textid=\"744831\">Possibility to connect a remote control attachment<\/li>\n<li data-sortnum=\"175,00\" data-textid=\"744633\">Proven splash protection (IP34s)<\/li>\n<li data-sortnum=\"180,00\" data-textid=\"130102\">Portable, shoulder strap<\/li>\n<li data-sortnum=\"210,00\" data-textid=\"870308\">Save electricity with high efficiency and standby function<\/li>\n<li data-sortnum=\"860,00\" data-textid=\"130123\">Network cable 5 m<\/li>\n<li class=\"last-item\" data-sortnum=\"870,00\" data-textid=\"744639\">Also available with series idle voltage reduction (VRD) (according to AS 1674.2-2003; IEC\/DIN EN 60974-1 and \u0413\u041e\u0421\u0422 12.2 007.8)<\/li>\n<\/ul>\n<p>&nbsp;<\/p>\n<table class=\"ewmPimTechData detail_table\" data-mainwp=\"\" data-voltages=\"0\" data-tablename=\"TDcontrol\" data-productid=\"154035\">\n<tbody>\n<tr data-fieldname=\"Schweissverfahren_moeglich\">\n<td class=\"td1\">Welding method<\/td>\n<td><span title=\"\">Welding with covered electrode<\/span><\/td>\n<\/tr>\n<tr data-fieldname=\"Schweissverfahren_moeglich\">\n<td class=\"td1\"><\/td>\n<td><span title=\"\">TIG<\/span><\/td>\n<\/tr>\n<tr data-fieldname=\"Schweissverfahren_moeglich\">\n<td class=\"td1\"><\/td>\n<td><span title=\"\">MIG\/MAG CC\/CV<\/span><\/td>\n<\/tr>\n<tr data-fieldname=\"Pulsart\">\n<td class=\"td1\">Type of pulsation<\/td>\n<td><span title=\"\">Pulsation with average value<\/span><\/td>\n<\/tr>\n<tr data-fieldname=\"E_Hand_Funktionen\">\n<td class=\"td1\">Functions with covered electrode<\/td>\n<td><span title=\"\">PWS<\/span><\/td>\n<\/tr>\n<tr data-fieldname=\"E_Hand_Funktionen\">\n<td class=\"td1\"><\/td>\n<td><span title=\"\">Pulsation with an average value<\/span><\/td>\n<\/tr>\n<tr data-fieldname=\"E_Hand_Funktionen\">\n<td class=\"td1\"><\/td>\n<td><span title=\"\">Antistick<\/span><\/td>\n<\/tr>\n<tr class=\"last_tr\" data-fieldname=\"E_Hand_Funktionen\">\n<td class=\"td1\"><\/td>\n<td><span title=\"\">Arcforce<\/span><\/td>\n<\/tr>\n<\/tbody>\n<\/table>\n<p>&nbsp;<\/p>\n","protected":false},"excerpt":{"rendered":"<p>This is not the typical cheapest kit from the Internet. This is an offer aimed at companies that are looking for a kit that is new with a warranty for years. The price shown includes the following components: MMA inverter welder, polarity switch Electrode holder with wire, 350 A \/ 60 %, 50 mm\u00b2 Power [&hellip;]<\/p>\n","protected":false},"featured_media":14565,"template":"","meta":{"inline_featured_image":false},"product_brand":[],"product_cat":[499,474],"product_tag":[],"class_list":{"0":"post-30225","1":"product","2":"type-product","3":"status-publish","4":"has-post-thumbnail","6":"product_cat-mma-en-2","7":"product_cat-new","9":"first","10":"onbackorder","11":"taxable","12":"shipping-taxable","13":"purchasable","14":"product-type-simple"},"yoast_head":"<!-- This site is optimized with the Yoast SEO Premium plugin v27.0 (Yoast SEO v27.3) - https:\/\/yoast.com\/product\/yoast-seo-premium-wordpress\/ -->\n<title>EWM Pico 350 target pulse pws - SpawLab - Welding equipment and plasma cutters - store and service<\/title>\n<meta name=\"description\" content=\"Lider sprzeda\u017cy, Oficjalny Dystrybutor Premium i Serwis na Polsk\u0119 Migatronic, Gys, Voestalpine Bohler Welding. Nowe i u\u017cywane Spawarki, Przecinarki Plazmowe, Kompresory. Mgr in\u017c. Jaros\u0142aw Ko\u0142aski, IWE\" \/>\n<meta name=\"robots\" content=\"index, follow, max-snippet:-1, max-image-preview:large, max-video-preview:-1\" \/>\n<link rel=\"canonical\" href=\"https:\/\/spawlab.pl\/en\/produkt\/ewm-pico-350-target-pulse-pws\/\" \/>\n<meta property=\"og:locale\" content=\"en_US\" \/>\n<meta property=\"og:type\" content=\"article\" \/>\n<meta property=\"og:title\" content=\"EWM Pico 350 target pulse pws\" \/>\n<meta property=\"og:description\" content=\"Lider sprzeda\u017cy, Oficjalny Dystrybutor Premium i Serwis na Polsk\u0119 Migatronic, Gys, Voestalpine Bohler Welding. Nowe i u\u017cywane Spawarki, Przecinarki Plazmowe, Kompresory. Mgr in\u017c. Jaros\u0142aw Ko\u0142aski, IWE\" \/>\n<meta property=\"og:url\" content=\"https:\/\/spawlab.pl\/en\/produkt\/ewm-pico-350-target-pulse-pws\/\" \/>\n<meta property=\"og:site_name\" content=\"SpawLab - Welding equipment and plasma cutters - store and service\" \/>\n<meta property=\"article:publisher\" content=\"https:\/\/www.facebook.com\/Spawlab\/\" \/>\n<meta property=\"og:image\" content=\"https:\/\/spawlab.pl\/wp-content\/uploads\/2025\/06\/LOGO-SPOLECZN-scaled.png\" \/>\n\t<meta property=\"og:image:width\" content=\"2560\" \/>\n\t<meta property=\"og:image:height\" content=\"1440\" \/>\n\t<meta property=\"og:image:type\" content=\"image\/png\" \/>\n<meta name=\"twitter:label1\" content=\"Price\" \/>\n\t<meta name=\"twitter:data1\" content=\"30 959,40&nbsp;&#122;&#322; (25 170,24&nbsp;&#122;&#322; netto)\" \/>\n\t<meta name=\"twitter:label2\" content=\"Availability\" \/>\n\t<meta name=\"twitter:data2\" content=\"On backorder\" \/>\n<script type=\"application\/ld+json\" class=\"yoast-schema-graph\">{\"@context\":\"https:\\\/\\\/schema.org\",\"@graph\":[{\"@type\":[\"WebPage\",\"ItemPage\"],\"@id\":\"https:\\\/\\\/spawlab.pl\\\/en\\\/produkt\\\/ewm-pico-350-target-pulse-pws\\\/\",\"url\":\"https:\\\/\\\/spawlab.pl\\\/en\\\/produkt\\\/ewm-pico-350-target-pulse-pws\\\/\",\"name\":\"EWM Pico 350 target pulse pws - SpawLab - Welding equipment and plasma cutters - store and service\",\"isPartOf\":{\"@id\":\"https:\\\/\\\/spawlab.pl\\\/en\\\/#website\"},\"primaryImageOfPage\":{\"@id\":\"https:\\\/\\\/spawlab.pl\\\/en\\\/produkt\\\/ewm-pico-350-target-pulse-pws\\\/#primaryimage\"},\"image\":{\"@id\":\"https:\\\/\\\/spawlab.pl\\\/en\\\/produkt\\\/ewm-pico-350-target-pulse-pws\\\/#primaryimage\"},\"thumbnailUrl\":\"https:\\\/\\\/spawlab.pl\\\/wp-content\\\/uploads\\\/2022\\\/01\\\/IM0004811.jpg\",\"datePublished\":\"2022-01-26T13:23:23+00:00\",\"description\":\"Lider sprzeda\u017cy, Oficjalny Dystrybutor Premium i Serwis na Polsk\u0119 Migatronic, Gys, Voestalpine Bohler Welding. Nowe i u\u017cywane Spawarki, Przecinarki Plazmowe, Kompresory. Mgr in\u017c. Jaros\u0142aw Ko\u0142aski, IWE\",\"breadcrumb\":{\"@id\":\"https:\\\/\\\/spawlab.pl\\\/en\\\/produkt\\\/ewm-pico-350-target-pulse-pws\\\/#breadcrumb\"},\"inLanguage\":\"en-US\",\"potentialAction\":[{\"@type\":\"ReadAction\",\"target\":[\"https:\\\/\\\/spawlab.pl\\\/en\\\/produkt\\\/ewm-pico-350-target-pulse-pws\\\/\"]}]},{\"@type\":\"ImageObject\",\"inLanguage\":\"en-US\",\"@id\":\"https:\\\/\\\/spawlab.pl\\\/en\\\/produkt\\\/ewm-pico-350-target-pulse-pws\\\/#primaryimage\",\"url\":\"https:\\\/\\\/spawlab.pl\\\/wp-content\\\/uploads\\\/2022\\\/01\\\/IM0004811.jpg\",\"contentUrl\":\"https:\\\/\\\/spawlab.pl\\\/wp-content\\\/uploads\\\/2022\\\/01\\\/IM0004811.jpg\",\"width\":2008,\"height\":1557},{\"@type\":\"BreadcrumbList\",\"@id\":\"https:\\\/\\\/spawlab.pl\\\/en\\\/produkt\\\/ewm-pico-350-target-pulse-pws\\\/#breadcrumb\",\"itemListElement\":[{\"@type\":\"ListItem\",\"position\":1,\"name\":\"Strona g\u0142\u00f3wna\",\"item\":\"https:\\\/\\\/spawlab.pl\\\/en\\\/\"},{\"@type\":\"ListItem\",\"position\":2,\"name\":\"Store\",\"item\":\"https:\\\/\\\/spawlab.pl\\\/en\\\/shop\\\/\"},{\"@type\":\"ListItem\",\"position\":3,\"name\":\"EWM Pico 350 target pulse pws\"}]},{\"@type\":\"WebSite\",\"@id\":\"https:\\\/\\\/spawlab.pl\\\/en\\\/#website\",\"url\":\"https:\\\/\\\/spawlab.pl\\\/en\\\/\",\"name\":\"Spawlab.pl Lider - Spawarki, Przecinarki Plazmowe, Kompresory\",\"description\":\"Urz\u0105dzenia spawalnicze i Przecinarki plazmowe\\\/ nowe i u\u017cywane \\\/ Profesjonalny serwis\",\"publisher\":{\"@id\":\"https:\\\/\\\/spawlab.pl\\\/en\\\/#organization\"},\"alternateName\":\"Spawlab.pl - Dystrybutor Premium i Serwis na Polske Migatronic, Gys, Voestalpine Bohler Welding\",\"potentialAction\":[{\"@type\":\"SearchAction\",\"target\":{\"@type\":\"EntryPoint\",\"urlTemplate\":\"https:\\\/\\\/spawlab.pl\\\/en\\\/?s={search_term_string}\"},\"query-input\":{\"@type\":\"PropertyValueSpecification\",\"valueRequired\":true,\"valueName\":\"search_term_string\"}}],\"inLanguage\":\"en-US\"},{\"@type\":[\"Organization\",\"Place\"],\"@id\":\"https:\\\/\\\/spawlab.pl\\\/en\\\/#organization\",\"name\":\"Spawlab.pl\",\"url\":\"https:\\\/\\\/spawlab.pl\\\/en\\\/\",\"logo\":{\"@id\":\"https:\\\/\\\/spawlab.pl\\\/en\\\/produkt\\\/ewm-pico-350-target-pulse-pws\\\/#local-main-organization-logo\"},\"image\":{\"@id\":\"https:\\\/\\\/spawlab.pl\\\/en\\\/produkt\\\/ewm-pico-350-target-pulse-pws\\\/#local-main-organization-logo\"},\"sameAs\":[\"https:\\\/\\\/www.facebook.com\\\/Spawlab\\\/\",\"https:\\\/\\\/www.linkedin.com\\\/company\\\/spawlab\",\"https:\\\/\\\/www.instagram.com\\\/spawlab.pl\",\"https:\\\/\\\/www.tiktok.com\\\/@spawlab\"],\"description\":\"Lider sprzeda\u017cy, Oficjalny Dystrybutor Premium i Serwis na Polsk\u0119 Migatronic, Gys, Voestalpine Bohler Welding. Nowe i u\u017cywane Spawarki, Przecinarki Plazmowe, Kompresory. Mgr in\u017c. Jaros\u0142aw Ko\u0142aski, IWE\",\"hasMerchantReturnPolicy\":{\"@type\":\"MerchantReturnPolicy\",\"merchantReturnLink\":\"https:\\\/\\\/spawlab.pl\\\/polityka-prywatnosci-2\\\/\"},\"telephone\":[],\"openingHoursSpecification\":[{\"@type\":\"OpeningHoursSpecification\",\"dayOfWeek\":[\"Monday\",\"Tuesday\",\"Wednesday\",\"Thursday\",\"Friday\",\"Saturday\",\"Sunday\"],\"opens\":\"09:00\",\"closes\":\"17:00\"}]},{\"@type\":\"ImageObject\",\"inLanguage\":\"en-US\",\"@id\":\"https:\\\/\\\/spawlab.pl\\\/en\\\/produkt\\\/ewm-pico-350-target-pulse-pws\\\/#local-main-organization-logo\",\"url\":\"https:\\\/\\\/spawlab.pl\\\/wp-content\\\/uploads\\\/2022\\\/01\\\/olx.jpg\",\"contentUrl\":\"https:\\\/\\\/spawlab.pl\\\/wp-content\\\/uploads\\\/2022\\\/01\\\/olx.jpg\",\"width\":200,\"height\":200,\"caption\":\"Spawlab.pl\"}]}<\/script>\n<meta property=\"product:brand\" content=\"EWM\" \/>\n<meta property=\"product:price:amount\" content=\"30959.40\" \/>\n<meta property=\"product:price:currency\" content=\"PLN\" \/>\n<meta property=\"og:availability\" content=\"backorder\" \/>\n<meta property=\"product:availability\" content=\"available for order\" \/>\n<meta property=\"product:condition\" content=\"new\" \/>\n<!-- \/ Yoast SEO Premium plugin. -->","yoast_head_json":{"title":"EWM Pico 350 target pulse pws - SpawLab - Welding equipment and plasma cutters - store and service","description":"Lider sprzeda\u017cy, Oficjalny Dystrybutor Premium i Serwis na Polsk\u0119 Migatronic, Gys, Voestalpine Bohler Welding. Nowe i u\u017cywane Spawarki, Przecinarki Plazmowe, Kompresory. Mgr in\u017c. Jaros\u0142aw Ko\u0142aski, IWE","robots":{"index":"index","follow":"follow","max-snippet":"max-snippet:-1","max-image-preview":"max-image-preview:large","max-video-preview":"max-video-preview:-1"},"canonical":"https:\/\/spawlab.pl\/en\/produkt\/ewm-pico-350-target-pulse-pws\/","og_locale":"en_US","og_type":"article","og_title":"EWM Pico 350 target pulse pws","og_description":"Lider sprzeda\u017cy, Oficjalny Dystrybutor Premium i Serwis na Polsk\u0119 Migatronic, Gys, Voestalpine Bohler Welding. Nowe i u\u017cywane Spawarki, Przecinarki Plazmowe, Kompresory. Mgr in\u017c. Jaros\u0142aw Ko\u0142aski, IWE","og_url":"https:\/\/spawlab.pl\/en\/produkt\/ewm-pico-350-target-pulse-pws\/","og_site_name":"SpawLab - Welding equipment and plasma cutters - store and service","article_publisher":"https:\/\/www.facebook.com\/Spawlab\/","og_image":[{"width":2560,"height":1440,"url":"https:\/\/spawlab.pl\/wp-content\/uploads\/2025\/06\/LOGO-SPOLECZN-scaled.png","type":"image\/png"}],"twitter_misc":{"Price":"30 959,40&nbsp;&#122;&#322; (25 170,24&nbsp;&#122;&#322; netto)","Availability":"On backorder"},"schema":{"@context":"https:\/\/schema.org","@graph":[{"@type":["WebPage","ItemPage"],"@id":"https:\/\/spawlab.pl\/en\/produkt\/ewm-pico-350-target-pulse-pws\/","url":"https:\/\/spawlab.pl\/en\/produkt\/ewm-pico-350-target-pulse-pws\/","name":"EWM Pico 350 target pulse pws - SpawLab - Welding equipment and plasma cutters - store and service","isPartOf":{"@id":"https:\/\/spawlab.pl\/en\/#website"},"primaryImageOfPage":{"@id":"https:\/\/spawlab.pl\/en\/produkt\/ewm-pico-350-target-pulse-pws\/#primaryimage"},"image":{"@id":"https:\/\/spawlab.pl\/en\/produkt\/ewm-pico-350-target-pulse-pws\/#primaryimage"},"thumbnailUrl":"https:\/\/spawlab.pl\/wp-content\/uploads\/2022\/01\/IM0004811.jpg","datePublished":"2022-01-26T13:23:23+00:00","description":"Lider sprzeda\u017cy, Oficjalny Dystrybutor Premium i Serwis na Polsk\u0119 Migatronic, Gys, Voestalpine Bohler Welding. Nowe i u\u017cywane Spawarki, Przecinarki Plazmowe, Kompresory. Mgr in\u017c. Jaros\u0142aw Ko\u0142aski, IWE","breadcrumb":{"@id":"https:\/\/spawlab.pl\/en\/produkt\/ewm-pico-350-target-pulse-pws\/#breadcrumb"},"inLanguage":"en-US","potentialAction":[{"@type":"ReadAction","target":["https:\/\/spawlab.pl\/en\/produkt\/ewm-pico-350-target-pulse-pws\/"]}]},{"@type":"ImageObject","inLanguage":"en-US","@id":"https:\/\/spawlab.pl\/en\/produkt\/ewm-pico-350-target-pulse-pws\/#primaryimage","url":"https:\/\/spawlab.pl\/wp-content\/uploads\/2022\/01\/IM0004811.jpg","contentUrl":"https:\/\/spawlab.pl\/wp-content\/uploads\/2022\/01\/IM0004811.jpg","width":2008,"height":1557},{"@type":"BreadcrumbList","@id":"https:\/\/spawlab.pl\/en\/produkt\/ewm-pico-350-target-pulse-pws\/#breadcrumb","itemListElement":[{"@type":"ListItem","position":1,"name":"Strona g\u0142\u00f3wna","item":"https:\/\/spawlab.pl\/en\/"},{"@type":"ListItem","position":2,"name":"Store","item":"https:\/\/spawlab.pl\/en\/shop\/"},{"@type":"ListItem","position":3,"name":"EWM Pico 350 target pulse pws"}]},{"@type":"WebSite","@id":"https:\/\/spawlab.pl\/en\/#website","url":"https:\/\/spawlab.pl\/en\/","name":"Spawlab.pl Lider - Spawarki, Przecinarki Plazmowe, Kompresory","description":"Urz\u0105dzenia spawalnicze i Przecinarki plazmowe\/ nowe i u\u017cywane \/ Profesjonalny serwis","publisher":{"@id":"https:\/\/spawlab.pl\/en\/#organization"},"alternateName":"Spawlab.pl - Dystrybutor Premium i Serwis na Polske Migatronic, Gys, Voestalpine Bohler Welding","potentialAction":[{"@type":"SearchAction","target":{"@type":"EntryPoint","urlTemplate":"https:\/\/spawlab.pl\/en\/?s={search_term_string}"},"query-input":{"@type":"PropertyValueSpecification","valueRequired":true,"valueName":"search_term_string"}}],"inLanguage":"en-US"},{"@type":["Organization","Place"],"@id":"https:\/\/spawlab.pl\/en\/#organization","name":"Spawlab.pl","url":"https:\/\/spawlab.pl\/en\/","logo":{"@id":"https:\/\/spawlab.pl\/en\/produkt\/ewm-pico-350-target-pulse-pws\/#local-main-organization-logo"},"image":{"@id":"https:\/\/spawlab.pl\/en\/produkt\/ewm-pico-350-target-pulse-pws\/#local-main-organization-logo"},"sameAs":["https:\/\/www.facebook.com\/Spawlab\/","https:\/\/www.linkedin.com\/company\/spawlab","https:\/\/www.instagram.com\/spawlab.pl","https:\/\/www.tiktok.com\/@spawlab"],"description":"Lider sprzeda\u017cy, Oficjalny Dystrybutor Premium i Serwis na Polsk\u0119 Migatronic, Gys, Voestalpine Bohler Welding. Nowe i u\u017cywane Spawarki, Przecinarki Plazmowe, Kompresory. Mgr in\u017c. Jaros\u0142aw Ko\u0142aski, IWE","hasMerchantReturnPolicy":{"@type":"MerchantReturnPolicy","merchantReturnLink":"https:\/\/spawlab.pl\/polityka-prywatnosci-2\/"},"telephone":[],"openingHoursSpecification":[{"@type":"OpeningHoursSpecification","dayOfWeek":["Monday","Tuesday","Wednesday","Thursday","Friday","Saturday","Sunday"],"opens":"09:00","closes":"17:00"}]},{"@type":"ImageObject","inLanguage":"en-US","@id":"https:\/\/spawlab.pl\/en\/produkt\/ewm-pico-350-target-pulse-pws\/#local-main-organization-logo","url":"https:\/\/spawlab.pl\/wp-content\/uploads\/2022\/01\/olx.jpg","contentUrl":"https:\/\/spawlab.pl\/wp-content\/uploads\/2022\/01\/olx.jpg","width":200,"height":200,"caption":"Spawlab.pl"}]},"product_brand":"EWM","product_price_amount":"30959.40","product_price_currency":"PLN","og_availability":"backorder","product_availability":"available for order","product_condition":"new"},"_links":{"self":[{"href":"https:\/\/spawlab.pl\/en\/wp-json\/wp\/v2\/product\/30225","targetHints":{"allow":["GET"]}}],"collection":[{"href":"https:\/\/spawlab.pl\/en\/wp-json\/wp\/v2\/product"}],"about":[{"href":"https:\/\/spawlab.pl\/en\/wp-json\/wp\/v2\/types\/product"}],"wp:featuredmedia":[{"embeddable":true,"href":"https:\/\/spawlab.pl\/en\/wp-json\/wp\/v2\/media\/14565"}],"wp:attachment":[{"href":"https:\/\/spawlab.pl\/en\/wp-json\/wp\/v2\/media?parent=30225"}],"wp:term":[{"taxonomy":"product_brand","embeddable":true,"href":"https:\/\/spawlab.pl\/en\/wp-json\/wp\/v2\/product_brand?post=30225"},{"taxonomy":"product_cat","embeddable":true,"href":"https:\/\/spawlab.pl\/en\/wp-json\/wp\/v2\/product_cat?post=30225"},{"taxonomy":"product_tag","embeddable":true,"href":"https:\/\/spawlab.pl\/en\/wp-json\/wp\/v2\/product_tag?post=30225"}],"curies":[{"name":"wp","href":"https:\/\/api.w.org\/{rel}","templated":true}]}}