{"id":30310,"date":"2021-11-03T13:31:55","date_gmt":"2021-11-03T12:31:55","guid":{"rendered":"https:\/\/spawlab.pl\/produkt\/optrel-crystal-2-0-and-optrel-e3000x-inflatable-device\/"},"modified":"2025-06-25T00:16:09","modified_gmt":"2025-06-24T22:16:09","slug":"optrel-crystal-2-0-and-optrel-e3000x-inflatable-device","status":"publish","type":"product","link":"https:\/\/spawlab.pl\/en\/produkt\/optrel-crystal-2-0-and-optrel-e3000x-inflatable-device\/","title":{"rendered":"OPTREL Crystal 2.0 and OPTREL e3000X inflatable device"},"content":{"rendered":"<p>The <strong>OPTREL e3000X <\/strong>blower is an improved version <strong>with increased performance and battery life<\/strong> over its predecessor, the e3000. The device is equipped with a blower powered by a <strong>high-capacity battery,<\/strong> which allows continuous operation for <strong>up to 18 hours on a single charge<\/strong>. The principle of operation of the device is based on drawing air from the environment through a filter and delivering fresh and purified air directly under the visor <strong>in the highest protection class TH3P<\/strong> according to EN 12941. OPTREL&#8217;s blowing device is designed for welders who want to effectively and continuously isolate themselves from harmful contaminants. The blowing apparatus, together with a dedicated welding visor, provides ideal protection against UV and IR radiation, spatter, metal fumes and dust generated during welding and related processes.    <\/p>\n<p>The apparatus is combined with <strong>OPTREL Crystal 2.0<\/strong> self-darkening visor, providing <strong>a clear and multicolored image of the weld<\/strong> (CLT2.0 technology) in bright mode thanks to a filter with a light transmission of <strong>31%<\/strong> (dimming level 2!). When welding in automatic mode, the visor automatically adjusts the degree of darkness depending on the external conditions<strong>(AutoPilot function<\/strong>) in a wide range of<strong> 4-12 DIN<\/strong>, additionally providing the possibility of manual adjustment <strong>\u00b1 2<\/strong>. The built-in sensor measures the intensity of the welding arc in real time regardless of the flare around the workstation.  <\/p>\n<p>In addition, thanks to the use of the latest optical technology, the visor is distinguished by a number of additional features that make the welder&#8217;s work has never been so easy, such as <strong>Autopilot<\/strong> function, <strong>True Color<\/strong>, <strong>Twilight<\/strong>,<strong> DIN 2<\/strong> grinding mode. Despite the visor&#8217;s enormous capabilities, it weighs only <strong>460 g<\/strong>. <\/p>\n<p><strong> <span class=\"Apple-style-span\"> Features\/Abilities &#8211; <\/span>OPTREL e3000X blowing apparatus.<\/strong><\/p>\n<ul>\n<li>Three levels of airflow setting:<strong> 170, 210, 240 l\/min<\/strong>.<\/li>\n<li>Intelligent electronics ensure <strong>constant airflow<\/strong> according to the set value regardless of battery status and filter contamination. Additional LEDs indicating the level of battery charge respectively: 5, 25, 50 ,75, 100 %. <\/li>\n<li><strong>Maximum safety<\/strong> with dual signaling &#8211; visual and audible &#8211; to alert you to a clogged filter or a depleted battery.<\/li>\n<li>The large filter area provides <strong>low resistance to airflow<\/strong> and delays clogging, which is associated with long cartridge life.<\/li>\n<li>A short flexible air hose<strong>(0.7 &#8211; 1.3 m<\/strong>) attached to the visor reduces the risk of entanglement in the surrounding structure.<\/li>\n<li>The face seal is made of soft fireproof fabric for a proper fit, exceptional wearing comfort and perfect seal. The seal fits easily, with no straps to break or adjustments to be made. <\/li>\n<li>The apparatus is attached by a comfortable, <strong>adjustable, fireproof strap<\/strong> attached to the user&#8217;s body at lumbar height.<\/li>\n<li>The Optrel <strong>e3000X<\/strong> operates without causing excessive noise &#8211; <strong>70dB(A)<\/strong> maximum.<\/li>\n<li><strong>The possibility of directing the air stream<\/strong>: the whole stream to the mouth area or partially to the forehead causing a very <strong>pleasant cooling effect<\/strong>.<\/li>\n<li>High-quality bearing fan motor with electronic fuse.<\/li>\n<li>Optionally, the e3000X can be equipped with an additional <strong>carbon filter<\/strong> (mountain breeze odor and ozone filter) and an <strong>A1B1E1<\/strong> class <strong>gas filter<\/strong>.<\/li>\n<li>Filter type: <strong>TH3P R SSL<\/strong>.<\/li>\n<li>Lithium-ion battery <strong>operating time of up to 18 h.<\/strong><\/li>\n<li>Weight of the camera including filter and strap: <strong>1560 g.<\/strong><\/li>\n<li>Dimensions: <strong>222x 213 x 92.6<\/strong> mm.<\/li>\n<li>Color: <strong>green<\/strong><\/li>\n<li><strong>2 year warranty<\/strong> on the device except for batteries (6 month warranty)<\/li>\n<\/ul>\n<p><strong>  Features\/Abilities &#8211; OPTREL Crystal 2.0 Visor.<br \/>\n<\/strong><\/p>\n<ul>\n<li>Uncompromising <strong>Swiss quality<\/strong> and innovation valued by experienced welders.<\/li>\n<li><strong>Crystal Lens Technology<\/strong> unrivaledly enhances contrast and visual acuity across a wide range of colors, using state-of-the-art CL2.0 optics that have increased <strong>light transmission in bright mode<\/strong> by <strong>up to 31%<\/strong>.<\/li>\n<li><strong>Autopilot function<\/strong> &#8211; thanks to an additional sensor, <strong>the visor automatically adjusts the degree of shading<\/strong> according to external conditions in a wide range of <strong>4-12 DIN<\/strong>, in addition to giving the possibility of manual adjustment \u00b1 2. The built-in sensor measures the intensity of the welding arc in real time regardless of the flare around the workstation . <\/li>\n<li><strong>Reduced switching time <\/strong>from light to dark mode: <strong>0.100 ms<\/strong> at room temperature and <strong>0.070 ms<\/strong> at <strong>55\u00b0C<\/strong>.<\/li>\n<li>Infinitely and reliably adjust the degree of sensitivity by detecting the arc through three sensors that continuously adjust to the varying intensity of the welding arc.<\/li>\n<li><strong>Constant protection<\/strong> <strong>against<\/strong> <strong>eye<\/strong> <strong>fatigue<\/strong> during post-weld glow through <strong>the Twilight delay adjustment system<\/strong> from <strong>0.1<\/strong> to <strong>2.0 seconds<\/strong>.<\/li>\n<li>Adjustable detection angle &#8211; <strong>60\u00b0<\/strong> or <strong>80\u00b0<\/strong> &#8211; which reduces the risk of accidental shading from other light sources at the workstation.<\/li>\n<li><strong>DIN 2 blackout grinding mode<\/strong>, preventing automatic blackout during grinding and soldering, eliminating the need to pull down the visor each time during these jobs.<\/li>\n<li><strong>UV<\/strong> and <strong>IR<\/strong> protection in any shade setting.<\/li>\n<li><strong>The visor can be conveniently attached to the belt<\/strong> with the included &#8220;Parking Buddy&#8221; hook.<\/li>\n<li>The shape of the shell and the materials for the visor were selected specifically for comfortable and safe work at elevated temperatures with significant smoke. The composition of reflective paints reduces the internal temperature by up to 15%, the full adjustment of the visor facilitates the fit of the visor and the optimal distribution of its weight protecting the neck and back. <\/li>\n<li>High-grade thermo-resistant shell material with improved durability reducing the weight of the mask to 460g.<\/li>\n<li><strong>Spherical shielding glass<\/strong><strong> with<\/strong> an extremely long service life<strong> with a seal to prevent the passage of: gases, welding fumes and fine particles<\/strong>.<\/li>\n<li>Powered by solar cells and 2pcs CR2032 batteries. Under normal operating conditions, there is no need to replace the batteries &#8211; the energy of welding arc radiation is used.  <\/li>\n<li>Ability to mount an extended <strong>IsoFit\u00ae<\/strong> headpiece, visor helmet and other useful accessories.<\/li>\n<li><strong>2-year warranty <\/strong>(option to extend for 1 year after online registration within the first 6 months of purchase): Link to OPTREL registration form<\/li>\n<\/ul>\n<p><strong>Delivery includes<\/strong>:<\/p>\n<ul>\n<li><strong>Crystal 2.0<\/strong> self-dimming visor<\/li>\n<li>Filtering and blowing apparatus <strong>e 3000 X<br \/>\n<\/strong><\/li>\n<li><strong>Flexible hose<\/strong> including quick couplings<\/li>\n<li><strong>Filter<\/strong>: main <strong>filter<\/strong>(TH3P R SL), <strong>pre-filter<\/strong> and spark shield<\/li>\n<li>Lithium-ion <strong>battery<\/strong> (maximum operating time of 18 h)<\/li>\n<li>Battery <strong>charger<\/strong> that supports standard plugs (EU\/AUS\/UK\/US)<\/li>\n<li><strong>Hip belt<\/strong> for attaching the camera<\/li>\n<li>Special <strong>attachment for hanging the visor<\/strong> on the &#8220;Parking Buddy&#8221; belt.<\/li>\n<li>Handy <strong>OPTREL bag<\/strong> for carrying and storing your camera<\/li>\n<li>Instructions for use<\/li>\n<\/ul>\n<p><strong>Requirements<\/strong><\/p>\n<ul>\n<li><strong>CE<\/strong> designation <strong>1024<\/strong><\/li>\n<li>Eye protection classification according to the standard: EN379: 1\/1\/1\/2<\/li>\n<li>The e3000X camera meets the standard: EN 12941 TH3P<\/li>\n<li>EN 12941:1998 + A1:2003 + A2:2008<\/li>\n<li>AS\/NZS 1716:2012,<\/li>\n<li>EAC: TP TC 019\/2011<\/li>\n<\/ul>\n<p><strong>Technical specifications<\/strong><br \/>\nBlackout level :4-12<br \/>\nSensitivity adjustment :YES<br \/>\nDetection angle adjustment :YES<br \/>\nBattery life [h] :18<br \/>\nGrinding mode :YES<br \/>\nSwitching time at 20\u00b0C [ms] :0.100<br \/>\nSwitch-off delay time [s] :adjustable from 0.1 to 2.0s<br \/>\nField of view dimensions [mm] :50 x 100<br \/>\nVisor weight [g] :460<br \/>\nCamera weight [g] :1560<br \/>\nAir flow [l\/min] :170, 210, 240<br \/>\nManufacturer&#8217;s warranty :2 years<\/p>\n<p>(No. 4530.050)<\/p>\n","protected":false},"excerpt":{"rendered":"<p>The OPTREL e3000X blower is an improved version with increased performance and battery life over its predecessor, the e3000. The device is equipped with a blower powered by a high-capacity battery, which allows continuous operation for up to 18 hours on a single charge. The principle of operation of the device is based on drawing [&hellip;]<\/p>\n","protected":false},"featured_media":13745,"template":"","meta":{"inline_featured_image":false},"product_brand":[],"product_cat":[476,475,524,477],"product_tag":[1460],"class_list":{"0":"post-30310","1":"product","2":"type-product","3":"status-publish","4":"has-post-thumbnail","6":"product_cat-accessories","7":"product_cat-accessories-parts","8":"product_cat-optrel-en-2","9":"product_cat-welding-visors","10":"product_tag-optrel-en","12":"first","13":"instock","14":"featured","15":"taxable","16":"shipping-taxable","17":"purchasable","18":"product-type-simple"},"yoast_head":"<!-- This site is optimized with the Yoast SEO Premium plugin v27.5 (Yoast SEO v27.6) - https:\/\/yoast.com\/product\/yoast-seo-premium-wordpress\/ -->\n<title>OPTREL Crystal 2.0 and OPTREL e3000X inflatable device - SpawLab - Welding equipment and plasma cutters - store and service<\/title>\n<meta name=\"description\" content=\"Lider sprzeda\u017cy, Oficjalny Dystrybutor Premium i Serwis na Polsk\u0119 Migatronic, Gys, Voestalpine Bohler Welding. Nowe i u\u017cywane Spawarki, Przecinarki Plazmowe, Kompresory. Mgr in\u017c. Jaros\u0142aw Ko\u0142aski, IWE\" \/>\n<meta name=\"robots\" content=\"index, follow, max-snippet:-1, max-image-preview:large, max-video-preview:-1\" \/>\n<link rel=\"canonical\" href=\"https:\/\/spawlab.pl\/en\/produkt\/optrel-crystal-2-0-and-optrel-e3000x-inflatable-device\/\" \/>\n<meta property=\"og:locale\" content=\"en_US\" \/>\n<meta property=\"og:type\" content=\"article\" \/>\n<meta property=\"og:title\" content=\"OPTREL Crystal 2.0 and OPTREL e3000X inflatable device\" \/>\n<meta property=\"og:description\" content=\"Lider sprzeda\u017cy, Oficjalny Dystrybutor Premium i Serwis na Polsk\u0119 Migatronic, Gys, Voestalpine Bohler Welding. Nowe i u\u017cywane Spawarki, Przecinarki Plazmowe, Kompresory. Mgr in\u017c. Jaros\u0142aw Ko\u0142aski, IWE\" \/>\n<meta property=\"og:url\" content=\"https:\/\/spawlab.pl\/en\/produkt\/optrel-crystal-2-0-and-optrel-e3000x-inflatable-device\/\" \/>\n<meta property=\"og:site_name\" content=\"SpawLab - Welding equipment and plasma cutters - store and service\" \/>\n<meta property=\"article:publisher\" content=\"https:\/\/www.facebook.com\/Spawlab\/\" \/>\n<meta property=\"article:modified_time\" content=\"2025-06-24T22:16:09+00:00\" \/>\n<meta property=\"og:image\" content=\"https:\/\/spawlab.pl\/wp-content\/uploads\/2021\/11\/zestaw-nawiew-e3000x-do-przylbicy-optrel-panoramaxx-crystal-2.0.jpg\" \/>\n\t<meta property=\"og:image:width\" content=\"656\" \/>\n\t<meta property=\"og:image:height\" content=\"456\" \/>\n\t<meta property=\"og:image:type\" content=\"image\/jpeg\" \/>\n<meta name=\"twitter:label1\" content=\"Price\" \/>\n\t<meta name=\"twitter:data1\" content=\"8 983,67&nbsp;&#122;&#322; (7 303,80&nbsp;&#122;&#322; netto)\" \/>\n\t<meta name=\"twitter:label2\" content=\"Availability\" \/>\n\t<meta name=\"twitter:data2\" content=\"In stock\" \/>\n<script type=\"application\/ld+json\" class=\"yoast-schema-graph\">{\"@context\":\"https:\\\/\\\/schema.org\",\"@graph\":[{\"@type\":[\"WebPage\",\"ItemPage\"],\"@id\":\"https:\\\/\\\/spawlab.pl\\\/en\\\/produkt\\\/optrel-crystal-2-0-and-optrel-e3000x-inflatable-device\\\/\",\"url\":\"https:\\\/\\\/spawlab.pl\\\/en\\\/produkt\\\/optrel-crystal-2-0-and-optrel-e3000x-inflatable-device\\\/\",\"name\":\"OPTREL Crystal 2.0 and OPTREL e3000X inflatable device - SpawLab - Welding equipment and plasma cutters - store and service\",\"isPartOf\":{\"@id\":\"https:\\\/\\\/spawlab.pl\\\/en\\\/#website\"},\"primaryImageOfPage\":{\"@id\":\"https:\\\/\\\/spawlab.pl\\\/en\\\/produkt\\\/optrel-crystal-2-0-and-optrel-e3000x-inflatable-device\\\/#primaryimage\"},\"image\":{\"@id\":\"https:\\\/\\\/spawlab.pl\\\/en\\\/produkt\\\/optrel-crystal-2-0-and-optrel-e3000x-inflatable-device\\\/#primaryimage\"},\"thumbnailUrl\":\"https:\\\/\\\/spawlab.pl\\\/wp-content\\\/uploads\\\/2021\\\/11\\\/zestaw-nawiew-e3000x-do-przylbicy-optrel-panoramaxx-crystal-2.0.jpg\",\"datePublished\":\"2021-11-03T12:31:55+00:00\",\"dateModified\":\"2025-06-24T22:16:09+00:00\",\"description\":\"Lider sprzeda\u017cy, Oficjalny Dystrybutor Premium i Serwis na Polsk\u0119 Migatronic, Gys, Voestalpine Bohler Welding. Nowe i u\u017cywane Spawarki, Przecinarki Plazmowe, Kompresory. Mgr in\u017c. Jaros\u0142aw Ko\u0142aski, IWE\",\"breadcrumb\":{\"@id\":\"https:\\\/\\\/spawlab.pl\\\/en\\\/produkt\\\/optrel-crystal-2-0-and-optrel-e3000x-inflatable-device\\\/#breadcrumb\"},\"inLanguage\":\"en-US\",\"potentialAction\":[{\"@type\":\"ReadAction\",\"target\":[\"https:\\\/\\\/spawlab.pl\\\/en\\\/produkt\\\/optrel-crystal-2-0-and-optrel-e3000x-inflatable-device\\\/\"]}]},{\"@type\":\"ImageObject\",\"inLanguage\":\"en-US\",\"@id\":\"https:\\\/\\\/spawlab.pl\\\/en\\\/produkt\\\/optrel-crystal-2-0-and-optrel-e3000x-inflatable-device\\\/#primaryimage\",\"url\":\"https:\\\/\\\/spawlab.pl\\\/wp-content\\\/uploads\\\/2021\\\/11\\\/zestaw-nawiew-e3000x-do-przylbicy-optrel-panoramaxx-crystal-2.0.jpg\",\"contentUrl\":\"https:\\\/\\\/spawlab.pl\\\/wp-content\\\/uploads\\\/2021\\\/11\\\/zestaw-nawiew-e3000x-do-przylbicy-optrel-panoramaxx-crystal-2.0.jpg\",\"width\":656,\"height\":456},{\"@type\":\"BreadcrumbList\",\"@id\":\"https:\\\/\\\/spawlab.pl\\\/en\\\/produkt\\\/optrel-crystal-2-0-and-optrel-e3000x-inflatable-device\\\/#breadcrumb\",\"itemListElement\":[{\"@type\":\"ListItem\",\"position\":1,\"name\":\"Strona g\u0142\u00f3wna\",\"item\":\"https:\\\/\\\/spawlab.pl\\\/en\\\/\"},{\"@type\":\"ListItem\",\"position\":2,\"name\":\"Store\",\"item\":\"https:\\\/\\\/spawlab.pl\\\/en\\\/shop\\\/\"},{\"@type\":\"ListItem\",\"position\":3,\"name\":\"OPTREL Crystal 2.0 and OPTREL e3000X inflatable device\"}]},{\"@type\":\"WebSite\",\"@id\":\"https:\\\/\\\/spawlab.pl\\\/en\\\/#website\",\"url\":\"https:\\\/\\\/spawlab.pl\\\/en\\\/\",\"name\":\"Spawlab.pl Lider - Spawarki, Przecinarki Plazmowe, Kompresory\",\"description\":\"Urz\u0105dzenia spawalnicze i Przecinarki plazmowe\\\/ nowe i u\u017cywane \\\/ Profesjonalny serwis\",\"publisher\":{\"@id\":\"https:\\\/\\\/spawlab.pl\\\/en\\\/#organization\"},\"alternateName\":\"Spawlab.pl - Dystrybutor Premium i Serwis na Polske Migatronic, Gys, Voestalpine Bohler Welding\",\"potentialAction\":[{\"@type\":\"SearchAction\",\"target\":{\"@type\":\"EntryPoint\",\"urlTemplate\":\"https:\\\/\\\/spawlab.pl\\\/en\\\/?s={search_term_string}\"},\"query-input\":{\"@type\":\"PropertyValueSpecification\",\"valueRequired\":true,\"valueName\":\"search_term_string\"}}],\"inLanguage\":\"en-US\"},{\"@type\":[\"Organization\",\"Place\"],\"@id\":\"https:\\\/\\\/spawlab.pl\\\/en\\\/#organization\",\"name\":\"Spawlab.pl\",\"url\":\"https:\\\/\\\/spawlab.pl\\\/en\\\/\",\"logo\":{\"@id\":\"https:\\\/\\\/spawlab.pl\\\/en\\\/produkt\\\/optrel-crystal-2-0-and-optrel-e3000x-inflatable-device\\\/#local-main-organization-logo\"},\"image\":{\"@id\":\"https:\\\/\\\/spawlab.pl\\\/en\\\/produkt\\\/optrel-crystal-2-0-and-optrel-e3000x-inflatable-device\\\/#local-main-organization-logo\"},\"sameAs\":[\"https:\\\/\\\/www.facebook.com\\\/Spawlab\\\/\",\"https:\\\/\\\/www.linkedin.com\\\/company\\\/spawlab\",\"https:\\\/\\\/www.instagram.com\\\/spawlab.pl\",\"https:\\\/\\\/www.tiktok.com\\\/@spawlab\"],\"description\":\"Lider sprzeda\u017cy, Oficjalny Dystrybutor Premium i Serwis na Polsk\u0119 Migatronic, Gys, Voestalpine Bohler Welding. Nowe i u\u017cywane Spawarki, Przecinarki Plazmowe, Kompresory. Mgr in\u017c. Jaros\u0142aw Ko\u0142aski, IWE\",\"hasMerchantReturnPolicy\":{\"@type\":\"MerchantReturnPolicy\",\"merchantReturnLink\":\"https:\\\/\\\/spawlab.pl\\\/polityka-prywatnosci-2\\\/\"},\"telephone\":[],\"openingHoursSpecification\":[{\"@type\":\"OpeningHoursSpecification\",\"dayOfWeek\":[\"Monday\",\"Tuesday\",\"Wednesday\",\"Thursday\",\"Friday\",\"Saturday\",\"Sunday\"],\"opens\":\"09:00\",\"closes\":\"17:00\"}]},{\"@type\":\"ImageObject\",\"inLanguage\":\"en-US\",\"@id\":\"https:\\\/\\\/spawlab.pl\\\/en\\\/produkt\\\/optrel-crystal-2-0-and-optrel-e3000x-inflatable-device\\\/#local-main-organization-logo\",\"url\":\"https:\\\/\\\/spawlab.pl\\\/wp-content\\\/uploads\\\/2022\\\/01\\\/olx.jpg\",\"contentUrl\":\"https:\\\/\\\/spawlab.pl\\\/wp-content\\\/uploads\\\/2022\\\/01\\\/olx.jpg\",\"width\":200,\"height\":200,\"caption\":\"Spawlab.pl\"}]}<\/script>\n<meta property=\"product:price:amount\" content=\"8983.67\" \/>\n<meta property=\"product:price:currency\" content=\"PLN\" \/>\n<meta property=\"og:availability\" content=\"instock\" \/>\n<meta property=\"product:availability\" content=\"instock\" \/>\n<meta property=\"product:condition\" content=\"new\" \/>\n<!-- \/ Yoast SEO Premium plugin. -->","yoast_head_json":{"title":"OPTREL Crystal 2.0 and OPTREL e3000X inflatable device - SpawLab - Welding equipment and plasma cutters - store and service","description":"Lider sprzeda\u017cy, Oficjalny Dystrybutor Premium i Serwis na Polsk\u0119 Migatronic, Gys, Voestalpine Bohler Welding. Nowe i u\u017cywane Spawarki, Przecinarki Plazmowe, Kompresory. Mgr in\u017c. Jaros\u0142aw Ko\u0142aski, IWE","robots":{"index":"index","follow":"follow","max-snippet":"max-snippet:-1","max-image-preview":"max-image-preview:large","max-video-preview":"max-video-preview:-1"},"canonical":"https:\/\/spawlab.pl\/en\/produkt\/optrel-crystal-2-0-and-optrel-e3000x-inflatable-device\/","og_locale":"en_US","og_type":"article","og_title":"OPTREL Crystal 2.0 and OPTREL e3000X inflatable device","og_description":"Lider sprzeda\u017cy, Oficjalny Dystrybutor Premium i Serwis na Polsk\u0119 Migatronic, Gys, Voestalpine Bohler Welding. Nowe i u\u017cywane Spawarki, Przecinarki Plazmowe, Kompresory. Mgr in\u017c. Jaros\u0142aw Ko\u0142aski, IWE","og_url":"https:\/\/spawlab.pl\/en\/produkt\/optrel-crystal-2-0-and-optrel-e3000x-inflatable-device\/","og_site_name":"SpawLab - Welding equipment and plasma cutters - store and service","article_publisher":"https:\/\/www.facebook.com\/Spawlab\/","article_modified_time":"2025-06-24T22:16:09+00:00","og_image":[{"width":656,"height":456,"url":"https:\/\/spawlab.pl\/wp-content\/uploads\/2021\/11\/zestaw-nawiew-e3000x-do-przylbicy-optrel-panoramaxx-crystal-2.0.jpg","type":"image\/jpeg"}],"twitter_misc":{"Price":"8 983,67&nbsp;&#122;&#322; (7 303,80&nbsp;&#122;&#322; netto)","Availability":"In stock"},"schema":{"@context":"https:\/\/schema.org","@graph":[{"@type":["WebPage","ItemPage"],"@id":"https:\/\/spawlab.pl\/en\/produkt\/optrel-crystal-2-0-and-optrel-e3000x-inflatable-device\/","url":"https:\/\/spawlab.pl\/en\/produkt\/optrel-crystal-2-0-and-optrel-e3000x-inflatable-device\/","name":"OPTREL Crystal 2.0 and OPTREL e3000X inflatable device - SpawLab - Welding equipment and plasma cutters - store and service","isPartOf":{"@id":"https:\/\/spawlab.pl\/en\/#website"},"primaryImageOfPage":{"@id":"https:\/\/spawlab.pl\/en\/produkt\/optrel-crystal-2-0-and-optrel-e3000x-inflatable-device\/#primaryimage"},"image":{"@id":"https:\/\/spawlab.pl\/en\/produkt\/optrel-crystal-2-0-and-optrel-e3000x-inflatable-device\/#primaryimage"},"thumbnailUrl":"https:\/\/spawlab.pl\/wp-content\/uploads\/2021\/11\/zestaw-nawiew-e3000x-do-przylbicy-optrel-panoramaxx-crystal-2.0.jpg","datePublished":"2021-11-03T12:31:55+00:00","dateModified":"2025-06-24T22:16:09+00:00","description":"Lider sprzeda\u017cy, Oficjalny Dystrybutor Premium i Serwis na Polsk\u0119 Migatronic, Gys, Voestalpine Bohler Welding. Nowe i u\u017cywane Spawarki, Przecinarki Plazmowe, Kompresory. Mgr in\u017c. Jaros\u0142aw Ko\u0142aski, IWE","breadcrumb":{"@id":"https:\/\/spawlab.pl\/en\/produkt\/optrel-crystal-2-0-and-optrel-e3000x-inflatable-device\/#breadcrumb"},"inLanguage":"en-US","potentialAction":[{"@type":"ReadAction","target":["https:\/\/spawlab.pl\/en\/produkt\/optrel-crystal-2-0-and-optrel-e3000x-inflatable-device\/"]}]},{"@type":"ImageObject","inLanguage":"en-US","@id":"https:\/\/spawlab.pl\/en\/produkt\/optrel-crystal-2-0-and-optrel-e3000x-inflatable-device\/#primaryimage","url":"https:\/\/spawlab.pl\/wp-content\/uploads\/2021\/11\/zestaw-nawiew-e3000x-do-przylbicy-optrel-panoramaxx-crystal-2.0.jpg","contentUrl":"https:\/\/spawlab.pl\/wp-content\/uploads\/2021\/11\/zestaw-nawiew-e3000x-do-przylbicy-optrel-panoramaxx-crystal-2.0.jpg","width":656,"height":456},{"@type":"BreadcrumbList","@id":"https:\/\/spawlab.pl\/en\/produkt\/optrel-crystal-2-0-and-optrel-e3000x-inflatable-device\/#breadcrumb","itemListElement":[{"@type":"ListItem","position":1,"name":"Strona g\u0142\u00f3wna","item":"https:\/\/spawlab.pl\/en\/"},{"@type":"ListItem","position":2,"name":"Store","item":"https:\/\/spawlab.pl\/en\/shop\/"},{"@type":"ListItem","position":3,"name":"OPTREL Crystal 2.0 and OPTREL e3000X inflatable device"}]},{"@type":"WebSite","@id":"https:\/\/spawlab.pl\/en\/#website","url":"https:\/\/spawlab.pl\/en\/","name":"Spawlab.pl Lider - Spawarki, Przecinarki Plazmowe, Kompresory","description":"Urz\u0105dzenia spawalnicze i Przecinarki plazmowe\/ nowe i u\u017cywane \/ Profesjonalny serwis","publisher":{"@id":"https:\/\/spawlab.pl\/en\/#organization"},"alternateName":"Spawlab.pl - Dystrybutor Premium i Serwis na Polske Migatronic, Gys, Voestalpine Bohler Welding","potentialAction":[{"@type":"SearchAction","target":{"@type":"EntryPoint","urlTemplate":"https:\/\/spawlab.pl\/en\/?s={search_term_string}"},"query-input":{"@type":"PropertyValueSpecification","valueRequired":true,"valueName":"search_term_string"}}],"inLanguage":"en-US"},{"@type":["Organization","Place"],"@id":"https:\/\/spawlab.pl\/en\/#organization","name":"Spawlab.pl","url":"https:\/\/spawlab.pl\/en\/","logo":{"@id":"https:\/\/spawlab.pl\/en\/produkt\/optrel-crystal-2-0-and-optrel-e3000x-inflatable-device\/#local-main-organization-logo"},"image":{"@id":"https:\/\/spawlab.pl\/en\/produkt\/optrel-crystal-2-0-and-optrel-e3000x-inflatable-device\/#local-main-organization-logo"},"sameAs":["https:\/\/www.facebook.com\/Spawlab\/","https:\/\/www.linkedin.com\/company\/spawlab","https:\/\/www.instagram.com\/spawlab.pl","https:\/\/www.tiktok.com\/@spawlab"],"description":"Lider sprzeda\u017cy, Oficjalny Dystrybutor Premium i Serwis na Polsk\u0119 Migatronic, Gys, Voestalpine Bohler Welding. Nowe i u\u017cywane Spawarki, Przecinarki Plazmowe, Kompresory. Mgr in\u017c. Jaros\u0142aw Ko\u0142aski, IWE","hasMerchantReturnPolicy":{"@type":"MerchantReturnPolicy","merchantReturnLink":"https:\/\/spawlab.pl\/polityka-prywatnosci-2\/"},"telephone":[],"openingHoursSpecification":[{"@type":"OpeningHoursSpecification","dayOfWeek":["Monday","Tuesday","Wednesday","Thursday","Friday","Saturday","Sunday"],"opens":"09:00","closes":"17:00"}]},{"@type":"ImageObject","inLanguage":"en-US","@id":"https:\/\/spawlab.pl\/en\/produkt\/optrel-crystal-2-0-and-optrel-e3000x-inflatable-device\/#local-main-organization-logo","url":"https:\/\/spawlab.pl\/wp-content\/uploads\/2022\/01\/olx.jpg","contentUrl":"https:\/\/spawlab.pl\/wp-content\/uploads\/2022\/01\/olx.jpg","width":200,"height":200,"caption":"Spawlab.pl"}]},"product_price_amount":"8983.67","product_price_currency":"PLN","og_availability":"instock","product_availability":"instock","product_condition":"new"},"_links":{"self":[{"href":"https:\/\/spawlab.pl\/en\/wp-json\/wp\/v2\/product\/30310","targetHints":{"allow":["GET"]}}],"collection":[{"href":"https:\/\/spawlab.pl\/en\/wp-json\/wp\/v2\/product"}],"about":[{"href":"https:\/\/spawlab.pl\/en\/wp-json\/wp\/v2\/types\/product"}],"wp:featuredmedia":[{"embeddable":true,"href":"https:\/\/spawlab.pl\/en\/wp-json\/wp\/v2\/media\/13745"}],"wp:attachment":[{"href":"https:\/\/spawlab.pl\/en\/wp-json\/wp\/v2\/media?parent=30310"}],"wp:term":[{"taxonomy":"product_brand","embeddable":true,"href":"https:\/\/spawlab.pl\/en\/wp-json\/wp\/v2\/product_brand?post=30310"},{"taxonomy":"product_cat","embeddable":true,"href":"https:\/\/spawlab.pl\/en\/wp-json\/wp\/v2\/product_cat?post=30310"},{"taxonomy":"product_tag","embeddable":true,"href":"https:\/\/spawlab.pl\/en\/wp-json\/wp\/v2\/product_tag?post=30310"}],"curies":[{"name":"wp","href":"https:\/\/api.w.org\/{rel}","templated":true}]}}