{"id":30314,"date":"2021-11-04T10:50:26","date_gmt":"2021-11-04T09:50:26","guid":{"rendered":"https:\/\/spawlab.pl\/produkt\/spawmix-400ml-anti-scratch-preparation\/"},"modified":"2021-11-04T10:50:26","modified_gmt":"2021-11-04T09:50:26","slug":"spawmix-400ml-anti-scratch-preparation","status":"publish","type":"product","link":"https:\/\/spawlab.pl\/en\/produkt\/spawmix-400ml-anti-scratch-preparation\/","title":{"rendered":"SPAWMIX 400ml anti-scratch preparation"},"content":{"rendered":"<h3 data-start=\"0\" data-end=\"84\"><strong data-start=\"4\" data-end=\"82\">? Spawmix 400 ml &#8211; professional anti-scratch preparation for welders! ?<\/strong><\/h3>\n<p data-start=\"86\" data-end=\"505\"><strong data-start=\"86\" data-end=\"104\">Spawmix 400 ml<\/strong> is a <strong data-start=\"108\" data-end=\"134\">safe and effective<\/strong> anti-splinter preparation in the form of an aerosol <strong data-start=\"210\" data-end=\"275\">,<\/strong> specially formulated to protect <strong data-start=\"210\" data-end=\"275\">torch nozzles, welding tools and material surfaces<\/strong> from metal splatter adhesion during the welding process with electric techniques. Regular use <strong data-start=\"388\" data-end=\"424\">prevents spatters from sticking<\/strong>, which extends the life of equipment and makes it easier to keep the workplace clean. <\/p>\n<p data-start=\"507\" data-end=\"710\">It is <strong data-start=\"512\" data-end=\"524\">odorless<\/strong>, easy to apply and <strong data-start=\"546\" data-end=\"570\">silicone-free<\/strong>, so it <strong data-start=\"585\" data-end=\"628\">does not adversely affect further processing<\/strong> &#8211; it can easily be <strong data-start=\"653\" data-end=\"673\">washed off with detergent<\/strong> before painting or plating.<\/p>\n<hr data-start=\"712\" data-end=\"715\">\n<h2 data-start=\"717\" data-end=\"759\"><strong data-start=\"720\" data-end=\"757\">\u2699\ufe0f Key features and applications:<\/strong><\/h2>\n<p data-start=\"761\" data-end=\"1613\">\u2705 <strong data-start=\"763\" data-end=\"791\">Splinter protection<\/strong> &#8211; Creates a protective layer that prevents metal <strong data-start=\"763\" data-end=\"791\">splatter<\/strong> from adhering to the torch nozzle, tools and welded surface.<br data-start=\"918\" data-end=\"921\">\u2705 <strong data-start=\"923\" data-end=\"943\">Easily removable<\/strong> &#8211; It can be washed off with ordinary detergent, allowing for subsequent painting or electroplating of the surface.<br data-start=\"1047\" data-end=\"1050\">\u2705 <strong data-start=\"1052\" data-end=\"1074\">Safe formula<\/strong> &#8211; Does not contain silicone or CFCs, so it does not affect the quality of the weld or cause problems in further processing of the material.<br data-start=\"1209\" data-end=\"1212\">\u2705 <strong data-start=\"1214\" data-end=\"1243\">Wide range of applications<\/strong> &#8211; Ideal for <strong data-start=\"1257\" data-end=\"1321\">MIG\/MAG welding, TIG welding, laser welding and soldering<\/strong>.<br data-start=\"1322\" data-end=\"1325\">\u2705 <strong data-start=\"1327\" data-end=\"1346\">Easy application<\/strong> &#8211; Convenient aerosol form allows the product to be evenly distributed on protected surfaces.<br data-start=\"1451\" data-end=\"1454\">\u2705 <strong data-start=\"1456\" data-end=\"1479\">Long-lasting protection<\/strong> &#8211; Regular use increases equipment life, reducing the need for frequent cleaning and replacement of consumable parts.<\/p>\n<hr data-start=\"1615\" data-end=\"1618\">\n<h2 data-start=\"1620\" data-end=\"1656\"><strong data-start=\"1623\" data-end=\"1654\">? Technical specifications:<\/strong><\/h2>\n<p data-start=\"1658\" data-end=\"1931\">? <strong data-start=\"1661\" data-end=\"1682\">Catalog Number:<\/strong> WYR0010<br data-start=\"1690\" data-end=\"1693\">? <strong data-start=\"1696\" data-end=\"1710\">Capacity:<\/strong> 400 ml (0.4 l)<br data-start=\"1725\" data-end=\"1728\">? <strong data-start=\"1731\" data-end=\"1746\">Packaging:<\/strong> Aerosol can<br data-start=\"1764\" data-end=\"1767\">? <strong data-start=\"1770\" data-end=\"1793\">Bulk Packing: Pack<\/strong> of 12<br data-start=\"1811\" data-end=\"1814\">? <strong data-start=\"1817\" data-end=\"1829\">Flammability:<\/strong> Flammable<br data-start=\"1835\" data-end=\"1838\">? <strong data-start=\"1841\" data-end=\"1856\">Net Weight:<\/strong> 0.324 kg<br data-start=\"1865\" data-end=\"1868\">? <strong data-start=\"1871\" data-end=\"1888\">Application:<\/strong> For gas nozzles and welded surfaces<\/p>\n<hr data-start=\"1933\" data-end=\"1936\">\n<h2 data-start=\"1938\" data-end=\"1964\"><strong data-start=\"1941\" data-end=\"1962\">? Usage:<\/strong><\/h2>\n<p data-start=\"1966\" data-end=\"2490\">1\ufe0f\u20e3 <strong data-start=\"1970\" data-end=\"1999\">Surface preparation<\/strong> &#8211; Make sure the surface is clean and dry.<br data-start=\"2051\" data-end=\"2054\">2\ufe0f\u20e3 <strong data-start=\"2058\" data-end=\"2071\">Application<\/strong> &#8211; Before use, <strong data-start=\"2088\" data-end=\"2109\">shake the can<\/strong> and spray a thin layer of the product on the torch nozzle, tools or welded surface from a distance of <strong data-start=\"2210\" data-end=\"2222\">20-30 cm<\/strong>.<br data-start=\"2223\" data-end=\"2226\">3\ufe0f\u20e3 <strong data-start=\"2230\" data-end=\"2242\">Welding<\/strong> &#8211; Start the welding process &#8211; the preparation will provide protection against spatter without affecting the quality of the weld.<br data-start=\"2344\" data-end=\"2347\">4\ufe0f\u20e3 <strong data-start=\"2351\" data-end=\"2366\">Cleaning<\/strong> &#8211; After finishing work, <strong data-start=\"2390\" data-end=\"2427\">wash off the detergent residue with water<\/strong> to prepare the surface for painting or electroplating.<\/p>\n<hr data-start=\"2492\" data-end=\"2495\">\n<h2 data-start=\"2497\" data-end=\"2535\"><strong data-start=\"2500\" data-end=\"2533\">?\ufe0f Safety Recommendations:<\/strong><\/h2>\n<p data-start=\"2537\" data-end=\"2897\">\u26a0\ufe0f <strong data-start=\"2540\" data-end=\"2558\">Storage<\/strong> &#8211; Store in a <strong data-start=\"2574\" data-end=\"2615\">cool, well-ventilated place<\/strong>, <strong data-start=\"2617\" data-end=\"2662\">away from heat sources and open flames<\/strong>.<br data-start=\"2663\" data-end=\"2666\">\u26a0\ufe0f <strong data-start=\"2669\" data-end=\"2691\">Precautions<\/strong> &#8211; Avoid contact with eyes and skin. In case of contact, <strong data-start=\"2750\" data-end=\"2774\">rinse abundantly with water<\/strong>.<br data-start=\"2775\" data-end=\"2778\">\u26a0\ufe0f <strong data-start=\"2781\" data-end=\"2795\">Disposal<\/strong> &#8211; <strong data-start=\"2815\" data-end=\"2894\">Dispose<\/strong> <strong data-start=\"2781\" data-end=\"2795\">of<\/strong> empty containers <strong data-start=\"2815\" data-end=\"2894\">in accordance with local hazardous waste regulations<\/strong>. <\/p>\n<p>year of production 2020\/2021<\/p>\n","protected":false},"excerpt":{"rendered":"<p><strong data-start=\"42\" data-end=\"60\">Spawmix 400 ml<\/strong> &#8211; professional anti-splinter spray that effectively protects <strong data-start=\"135\" data-end=\"187\">torch nozzles, tools and welded surfaces<\/strong> from metal splatter. <strong data-start=\"213\" data-end=\"282\" data-is-only-node=\"\">Silicone-free, easy to remove before painting and plating!<\/strong><\/p>\n","protected":false},"featured_media":13764,"template":"","meta":{"inline_featured_image":false},"product_brand":[],"product_cat":[476,475,541],"product_tag":[3401,3405,3403,3399,3397,8430,3400,3398,3402,5339,5290],"class_list":{"0":"post-30314","1":"product","2":"type-product","3":"status-publish","4":"has-post-thumbnail","6":"product_cat-accessories","7":"product_cat-accessories-parts","8":"product_cat-chemistry","9":"product_tag-agent-for-gas-nozzles","10":"product_tag-anti-scratch","11":"product_tag-anti-scratch-agent-for-welding","12":"product_tag-anti-scratch-preparation","13":"product_tag-mig-mag-welding","14":"product_tag-migomat-en","15":"product_tag-professional-welding-accessories","16":"product_tag-spawmix-400-ml-en","17":"product_tag-splinter-protection","18":"product_tag-splinter-free-welding","19":"product_tag-welding-accessories-en","21":"first","22":"instock","23":"featured","24":"taxable","25":"shipping-taxable","26":"purchasable","27":"product-type-simple"},"yoast_head":"<!-- This site is optimized with the Yoast SEO Premium plugin v27.5 (Yoast SEO v27.6) - https:\/\/yoast.com\/product\/yoast-seo-premium-wordpress\/ -->\n<title>SPAWMIX 400ml anti-scratch preparation - SpawLab - Welding equipment and plasma cutters - store and service<\/title>\n<meta name=\"description\" content=\"Spawmix 400 ml is a safe and effective anti-splinter spray that protects torch nozzles and welded surfaces from spatter. Silicone-free, easy to remove!\" \/>\n<meta name=\"robots\" content=\"index, follow, max-snippet:-1, max-image-preview:large, max-video-preview:-1\" \/>\n<link rel=\"canonical\" href=\"https:\/\/spawlab.pl\/en\/produkt\/spawmix-400ml-anti-scratch-preparation\/\" \/>\n<meta property=\"og:locale\" content=\"en_US\" \/>\n<meta property=\"og:type\" content=\"article\" \/>\n<meta property=\"og:title\" content=\"SPAWMIX 400ml anti-scratch preparation\" \/>\n<meta property=\"og:description\" content=\"? SPAWMIX 400 ml - your reliable partner in welding! ?? Protect nozzles, tools and surfaces from metal spatter!?\ufe0f No silicone, no odor, maximum effectiveness!? Make your work easier and take care of your equipment with SPAWMIX!? Available now on sale! ?\" \/>\n<meta property=\"og:url\" content=\"https:\/\/spawlab.pl\/en\/produkt\/spawmix-400ml-anti-scratch-preparation\/\" \/>\n<meta property=\"og:site_name\" content=\"SpawLab - Welding equipment and plasma cutters - store and service\" \/>\n<meta property=\"article:publisher\" content=\"https:\/\/www.facebook.com\/Spawlab\/\" \/>\n<meta property=\"og:image\" content=\"https:\/\/spawlab.pl\/wp-content\/uploads\/2021\/11\/251410492_122660310188967_7145297403522349892_n.jpg\" \/>\n\t<meta property=\"og:image:width\" content=\"1536\" \/>\n\t<meta property=\"og:image:height\" content=\"2048\" \/>\n\t<meta property=\"og:image:type\" content=\"image\/jpeg\" \/>\n<meta name=\"twitter:label1\" content=\"Price\" \/>\n\t<meta name=\"twitter:data1\" content=\"7,40&nbsp;&#122;&#322; (6,02&nbsp;&#122;&#322; netto)\" \/>\n\t<meta name=\"twitter:label2\" content=\"Availability\" \/>\n\t<meta name=\"twitter:data2\" content=\"In stock\" \/>\n<script type=\"application\/ld+json\" class=\"yoast-schema-graph\">{\"@context\":\"https:\\\/\\\/schema.org\",\"@graph\":[{\"@type\":[\"WebPage\",\"ItemPage\"],\"@id\":\"https:\\\/\\\/spawlab.pl\\\/en\\\/produkt\\\/spawmix-400ml-anti-scratch-preparation\\\/\",\"url\":\"https:\\\/\\\/spawlab.pl\\\/en\\\/produkt\\\/spawmix-400ml-anti-scratch-preparation\\\/\",\"name\":\"SPAWMIX 400ml anti-scratch preparation - SpawLab - Welding equipment and plasma cutters - store and service\",\"isPartOf\":{\"@id\":\"https:\\\/\\\/spawlab.pl\\\/en\\\/#website\"},\"primaryImageOfPage\":{\"@id\":\"https:\\\/\\\/spawlab.pl\\\/en\\\/produkt\\\/spawmix-400ml-anti-scratch-preparation\\\/#primaryimage\"},\"image\":{\"@id\":\"https:\\\/\\\/spawlab.pl\\\/en\\\/produkt\\\/spawmix-400ml-anti-scratch-preparation\\\/#primaryimage\"},\"thumbnailUrl\":\"https:\\\/\\\/spawlab.pl\\\/wp-content\\\/uploads\\\/2021\\\/11\\\/251410492_122660310188967_7145297403522349892_n.jpg\",\"datePublished\":\"2021-11-04T09:50:26+00:00\",\"description\":\"Spawmix 400 ml is a safe and effective anti-splinter spray that protects torch nozzles and welded surfaces from spatter. Silicone-free, easy to remove!\",\"breadcrumb\":{\"@id\":\"https:\\\/\\\/spawlab.pl\\\/en\\\/produkt\\\/spawmix-400ml-anti-scratch-preparation\\\/#breadcrumb\"},\"inLanguage\":\"en-US\",\"potentialAction\":[{\"@type\":\"ReadAction\",\"target\":[\"https:\\\/\\\/spawlab.pl\\\/en\\\/produkt\\\/spawmix-400ml-anti-scratch-preparation\\\/\"]}]},{\"@type\":\"ImageObject\",\"inLanguage\":\"en-US\",\"@id\":\"https:\\\/\\\/spawlab.pl\\\/en\\\/produkt\\\/spawmix-400ml-anti-scratch-preparation\\\/#primaryimage\",\"url\":\"https:\\\/\\\/spawlab.pl\\\/wp-content\\\/uploads\\\/2021\\\/11\\\/251410492_122660310188967_7145297403522349892_n.jpg\",\"contentUrl\":\"https:\\\/\\\/spawlab.pl\\\/wp-content\\\/uploads\\\/2021\\\/11\\\/251410492_122660310188967_7145297403522349892_n.jpg\",\"width\":1536,\"height\":2048,\"caption\":\"SPAWMIX 400 ml aerosol can on a solid background.\"},{\"@type\":\"BreadcrumbList\",\"@id\":\"https:\\\/\\\/spawlab.pl\\\/en\\\/produkt\\\/spawmix-400ml-anti-scratch-preparation\\\/#breadcrumb\",\"itemListElement\":[{\"@type\":\"ListItem\",\"position\":1,\"name\":\"Strona g\u0142\u00f3wna\",\"item\":\"https:\\\/\\\/spawlab.pl\\\/en\\\/\"},{\"@type\":\"ListItem\",\"position\":2,\"name\":\"Store\",\"item\":\"https:\\\/\\\/spawlab.pl\\\/en\\\/shop\\\/\"},{\"@type\":\"ListItem\",\"position\":3,\"name\":\"SPAWMIX 400ml anti-scratch preparation\"}]},{\"@type\":\"WebSite\",\"@id\":\"https:\\\/\\\/spawlab.pl\\\/en\\\/#website\",\"url\":\"https:\\\/\\\/spawlab.pl\\\/en\\\/\",\"name\":\"Spawlab.pl Lider - Spawarki, Przecinarki Plazmowe, Kompresory\",\"description\":\"Urz\u0105dzenia spawalnicze i Przecinarki plazmowe\\\/ nowe i u\u017cywane \\\/ Profesjonalny serwis\",\"publisher\":{\"@id\":\"https:\\\/\\\/spawlab.pl\\\/en\\\/#organization\"},\"alternateName\":\"Spawlab.pl - Dystrybutor Premium i Serwis na Polske Migatronic, Gys, Voestalpine Bohler Welding\",\"potentialAction\":[{\"@type\":\"SearchAction\",\"target\":{\"@type\":\"EntryPoint\",\"urlTemplate\":\"https:\\\/\\\/spawlab.pl\\\/en\\\/?s={search_term_string}\"},\"query-input\":{\"@type\":\"PropertyValueSpecification\",\"valueRequired\":true,\"valueName\":\"search_term_string\"}}],\"inLanguage\":\"en-US\"},{\"@type\":[\"Organization\",\"Place\"],\"@id\":\"https:\\\/\\\/spawlab.pl\\\/en\\\/#organization\",\"name\":\"Spawlab.pl\",\"url\":\"https:\\\/\\\/spawlab.pl\\\/en\\\/\",\"logo\":{\"@id\":\"https:\\\/\\\/spawlab.pl\\\/en\\\/produkt\\\/spawmix-400ml-anti-scratch-preparation\\\/#local-main-organization-logo\"},\"image\":{\"@id\":\"https:\\\/\\\/spawlab.pl\\\/en\\\/produkt\\\/spawmix-400ml-anti-scratch-preparation\\\/#local-main-organization-logo\"},\"sameAs\":[\"https:\\\/\\\/www.facebook.com\\\/Spawlab\\\/\",\"https:\\\/\\\/www.linkedin.com\\\/company\\\/spawlab\",\"https:\\\/\\\/www.instagram.com\\\/spawlab.pl\",\"https:\\\/\\\/www.tiktok.com\\\/@spawlab\"],\"description\":\"Lider sprzeda\u017cy, Oficjalny Dystrybutor Premium i Serwis na Polsk\u0119 Migatronic, Gys, Voestalpine Bohler Welding. Nowe i u\u017cywane Spawarki, Przecinarki Plazmowe, Kompresory. Mgr in\u017c. Jaros\u0142aw Ko\u0142aski, IWE\",\"hasMerchantReturnPolicy\":{\"@type\":\"MerchantReturnPolicy\",\"merchantReturnLink\":\"https:\\\/\\\/spawlab.pl\\\/polityka-prywatnosci-2\\\/\"},\"telephone\":[],\"openingHoursSpecification\":[{\"@type\":\"OpeningHoursSpecification\",\"dayOfWeek\":[\"Monday\",\"Tuesday\",\"Wednesday\",\"Thursday\",\"Friday\",\"Saturday\",\"Sunday\"],\"opens\":\"09:00\",\"closes\":\"17:00\"}]},{\"@type\":\"ImageObject\",\"inLanguage\":\"en-US\",\"@id\":\"https:\\\/\\\/spawlab.pl\\\/en\\\/produkt\\\/spawmix-400ml-anti-scratch-preparation\\\/#local-main-organization-logo\",\"url\":\"https:\\\/\\\/spawlab.pl\\\/wp-content\\\/uploads\\\/2022\\\/01\\\/olx.jpg\",\"contentUrl\":\"https:\\\/\\\/spawlab.pl\\\/wp-content\\\/uploads\\\/2022\\\/01\\\/olx.jpg\",\"width\":200,\"height\":200,\"caption\":\"Spawlab.pl\"}]}<\/script>\n<meta property=\"product:price:amount\" content=\"7.40\" \/>\n<meta property=\"product:price:currency\" content=\"PLN\" \/>\n<meta property=\"og:availability\" content=\"instock\" \/>\n<meta property=\"product:availability\" content=\"instock\" \/>\n<meta property=\"product:condition\" content=\"new\" \/>\n<!-- \/ Yoast SEO Premium plugin. -->","yoast_head_json":{"title":"SPAWMIX 400ml anti-scratch preparation - SpawLab - Welding equipment and plasma cutters - store and service","description":"Spawmix 400 ml is a safe and effective anti-splinter spray that protects torch nozzles and welded surfaces from spatter. Silicone-free, easy to remove!","robots":{"index":"index","follow":"follow","max-snippet":"max-snippet:-1","max-image-preview":"max-image-preview:large","max-video-preview":"max-video-preview:-1"},"canonical":"https:\/\/spawlab.pl\/en\/produkt\/spawmix-400ml-anti-scratch-preparation\/","og_locale":"en_US","og_type":"article","og_title":"SPAWMIX 400ml anti-scratch preparation","og_description":"? SPAWMIX 400 ml - your reliable partner in welding! ?? Protect nozzles, tools and surfaces from metal spatter!?\ufe0f No silicone, no odor, maximum effectiveness!? Make your work easier and take care of your equipment with SPAWMIX!? Available now on sale! ?","og_url":"https:\/\/spawlab.pl\/en\/produkt\/spawmix-400ml-anti-scratch-preparation\/","og_site_name":"SpawLab - Welding equipment and plasma cutters - store and service","article_publisher":"https:\/\/www.facebook.com\/Spawlab\/","og_image":[{"width":1536,"height":2048,"url":"https:\/\/spawlab.pl\/wp-content\/uploads\/2021\/11\/251410492_122660310188967_7145297403522349892_n.jpg","type":"image\/jpeg"}],"twitter_misc":{"Price":"7,40&nbsp;&#122;&#322; (6,02&nbsp;&#122;&#322; netto)","Availability":"In stock"},"schema":{"@context":"https:\/\/schema.org","@graph":[{"@type":["WebPage","ItemPage"],"@id":"https:\/\/spawlab.pl\/en\/produkt\/spawmix-400ml-anti-scratch-preparation\/","url":"https:\/\/spawlab.pl\/en\/produkt\/spawmix-400ml-anti-scratch-preparation\/","name":"SPAWMIX 400ml anti-scratch preparation - SpawLab - Welding equipment and plasma cutters - store and service","isPartOf":{"@id":"https:\/\/spawlab.pl\/en\/#website"},"primaryImageOfPage":{"@id":"https:\/\/spawlab.pl\/en\/produkt\/spawmix-400ml-anti-scratch-preparation\/#primaryimage"},"image":{"@id":"https:\/\/spawlab.pl\/en\/produkt\/spawmix-400ml-anti-scratch-preparation\/#primaryimage"},"thumbnailUrl":"https:\/\/spawlab.pl\/wp-content\/uploads\/2021\/11\/251410492_122660310188967_7145297403522349892_n.jpg","datePublished":"2021-11-04T09:50:26+00:00","description":"Spawmix 400 ml is a safe and effective anti-splinter spray that protects torch nozzles and welded surfaces from spatter. Silicone-free, easy to remove!","breadcrumb":{"@id":"https:\/\/spawlab.pl\/en\/produkt\/spawmix-400ml-anti-scratch-preparation\/#breadcrumb"},"inLanguage":"en-US","potentialAction":[{"@type":"ReadAction","target":["https:\/\/spawlab.pl\/en\/produkt\/spawmix-400ml-anti-scratch-preparation\/"]}]},{"@type":"ImageObject","inLanguage":"en-US","@id":"https:\/\/spawlab.pl\/en\/produkt\/spawmix-400ml-anti-scratch-preparation\/#primaryimage","url":"https:\/\/spawlab.pl\/wp-content\/uploads\/2021\/11\/251410492_122660310188967_7145297403522349892_n.jpg","contentUrl":"https:\/\/spawlab.pl\/wp-content\/uploads\/2021\/11\/251410492_122660310188967_7145297403522349892_n.jpg","width":1536,"height":2048,"caption":"SPAWMIX 400 ml aerosol can on a solid background."},{"@type":"BreadcrumbList","@id":"https:\/\/spawlab.pl\/en\/produkt\/spawmix-400ml-anti-scratch-preparation\/#breadcrumb","itemListElement":[{"@type":"ListItem","position":1,"name":"Strona g\u0142\u00f3wna","item":"https:\/\/spawlab.pl\/en\/"},{"@type":"ListItem","position":2,"name":"Store","item":"https:\/\/spawlab.pl\/en\/shop\/"},{"@type":"ListItem","position":3,"name":"SPAWMIX 400ml anti-scratch preparation"}]},{"@type":"WebSite","@id":"https:\/\/spawlab.pl\/en\/#website","url":"https:\/\/spawlab.pl\/en\/","name":"Spawlab.pl Lider - Spawarki, Przecinarki Plazmowe, Kompresory","description":"Urz\u0105dzenia spawalnicze i Przecinarki plazmowe\/ nowe i u\u017cywane \/ Profesjonalny serwis","publisher":{"@id":"https:\/\/spawlab.pl\/en\/#organization"},"alternateName":"Spawlab.pl - Dystrybutor Premium i Serwis na Polske Migatronic, Gys, Voestalpine Bohler Welding","potentialAction":[{"@type":"SearchAction","target":{"@type":"EntryPoint","urlTemplate":"https:\/\/spawlab.pl\/en\/?s={search_term_string}"},"query-input":{"@type":"PropertyValueSpecification","valueRequired":true,"valueName":"search_term_string"}}],"inLanguage":"en-US"},{"@type":["Organization","Place"],"@id":"https:\/\/spawlab.pl\/en\/#organization","name":"Spawlab.pl","url":"https:\/\/spawlab.pl\/en\/","logo":{"@id":"https:\/\/spawlab.pl\/en\/produkt\/spawmix-400ml-anti-scratch-preparation\/#local-main-organization-logo"},"image":{"@id":"https:\/\/spawlab.pl\/en\/produkt\/spawmix-400ml-anti-scratch-preparation\/#local-main-organization-logo"},"sameAs":["https:\/\/www.facebook.com\/Spawlab\/","https:\/\/www.linkedin.com\/company\/spawlab","https:\/\/www.instagram.com\/spawlab.pl","https:\/\/www.tiktok.com\/@spawlab"],"description":"Lider sprzeda\u017cy, Oficjalny Dystrybutor Premium i Serwis na Polsk\u0119 Migatronic, Gys, Voestalpine Bohler Welding. Nowe i u\u017cywane Spawarki, Przecinarki Plazmowe, Kompresory. Mgr in\u017c. Jaros\u0142aw Ko\u0142aski, IWE","hasMerchantReturnPolicy":{"@type":"MerchantReturnPolicy","merchantReturnLink":"https:\/\/spawlab.pl\/polityka-prywatnosci-2\/"},"telephone":[],"openingHoursSpecification":[{"@type":"OpeningHoursSpecification","dayOfWeek":["Monday","Tuesday","Wednesday","Thursday","Friday","Saturday","Sunday"],"opens":"09:00","closes":"17:00"}]},{"@type":"ImageObject","inLanguage":"en-US","@id":"https:\/\/spawlab.pl\/en\/produkt\/spawmix-400ml-anti-scratch-preparation\/#local-main-organization-logo","url":"https:\/\/spawlab.pl\/wp-content\/uploads\/2022\/01\/olx.jpg","contentUrl":"https:\/\/spawlab.pl\/wp-content\/uploads\/2022\/01\/olx.jpg","width":200,"height":200,"caption":"Spawlab.pl"}]},"product_price_amount":"7.40","product_price_currency":"PLN","og_availability":"instock","product_availability":"instock","product_condition":"new"},"_links":{"self":[{"href":"https:\/\/spawlab.pl\/en\/wp-json\/wp\/v2\/product\/30314","targetHints":{"allow":["GET"]}}],"collection":[{"href":"https:\/\/spawlab.pl\/en\/wp-json\/wp\/v2\/product"}],"about":[{"href":"https:\/\/spawlab.pl\/en\/wp-json\/wp\/v2\/types\/product"}],"wp:featuredmedia":[{"embeddable":true,"href":"https:\/\/spawlab.pl\/en\/wp-json\/wp\/v2\/media\/13764"}],"wp:attachment":[{"href":"https:\/\/spawlab.pl\/en\/wp-json\/wp\/v2\/media?parent=30314"}],"wp:term":[{"taxonomy":"product_brand","embeddable":true,"href":"https:\/\/spawlab.pl\/en\/wp-json\/wp\/v2\/product_brand?post=30314"},{"taxonomy":"product_cat","embeddable":true,"href":"https:\/\/spawlab.pl\/en\/wp-json\/wp\/v2\/product_cat?post=30314"},{"taxonomy":"product_tag","embeddable":true,"href":"https:\/\/spawlab.pl\/en\/wp-json\/wp\/v2\/product_tag?post=30314"}],"curies":[{"name":"wp","href":"https:\/\/api.w.org\/{rel}","templated":true}]}}