{"id":30327,"date":"2021-10-27T21:16:57","date_gmt":"2021-10-27T19:16:57","guid":{"rendered":"https:\/\/spawlab.pl\/produkt\/telwin-digital-spotter-9000-aqua-with-accessories-cart-and-water-cooling-for-arms-and-electrodes\/"},"modified":"2021-10-27T21:16:57","modified_gmt":"2021-10-27T19:16:57","slug":"telwin-digital-spotter-9000-aqua-with-accessories-cart-and-water-cooling-for-arms-and-electrodes","status":"publish","type":"product","link":"https:\/\/spawlab.pl\/en\/produkt\/telwin-digital-spotter-9000-aqua-with-accessories-cart-and-water-cooling-for-arms-and-electrodes\/","title":{"rendered":"Telwin DIGITAL SPOTTER 9000 AQUA &#8211; with accessories, cart and water cooling for arms and electrodes"},"content":{"rendered":"<p>Microprocessor-controlled device for double-sided welding of low-carbon, stainless, galvanized and resilient sheets.<\/p>\n<p style=\"font-weight: 400;\">Microprocessor-controlled device for double-sided welding of low-carbon, stainless, galvanized and resilient sheets.<\/p>\n<p>Designed for auto body repair and production work.<\/p>\n<p style=\"font-weight: 400;\">Easy-to-read electronic display.<\/p>\n<p>All settings of the welding machine can be accessed from the control panel. After selecting the type of tool and the thickness of the metal sheets, the device will adjust the welding current and the optimal working cycles by itself. <\/p>\n<p>Ability to manually set the time and thickness of the sheets to be welded.<\/p>\n<p>Choice between continuous and pulsating operation (for resilient sheet metal, electroplated, with oxidized coating or with traces of paint).<\/p>\n<p>Equipped with manual double-sided welding machine with pneumatic pressure, water-cooling of arms, electrodes and 1,8m wires, external cooler for arms and electrodes, cart under the device, set of arms and electrodes water-cooled L=250mm.<\/p>\n<p>Two-phase power supply.<\/p>\n<p>Overload protection.<\/p>\n<p>Fan-cooled.<\/p>\n<p>12-month warranty.<\/p>\n<table class=\" table table-striped int-el-product-attribute-table \">\n<tbody>\n<tr class=\"int-el-product-attribute-table-group\">\n<td colspan=\"2\">PHYSICAL PARAMETERS<\/td>\n<\/tr>\n<tr class=\"int-el-product-attribute-table-attribute\">\n<td class=\"int-el-product-attribute-table-attribute-name\">Degree of protection<\/td>\n<td class=\"int-el-product-attribute-table-attribute-value\">IP 22<\/td>\n<\/tr>\n<tr class=\"int-el-product-attribute-table-attribute\">\n<td class=\"int-el-product-attribute-table-attribute-name\">Weight<\/td>\n<td class=\"int-el-product-attribute-table-attribute-value\">95 kg<\/td>\n<\/tr>\n<tr class=\"int-el-product-attribute-table-attribute\">\n<td class=\"int-el-product-attribute-table-attribute-name\">Overall dimensions L x W x H<\/td>\n<td class=\"int-el-product-attribute-table-attribute-value\">790x450x900 mm<\/td>\n<\/tr>\n<tr class=\"int-el-product-attribute-table-group\">\n<td colspan=\"2\">SPECIFICATIONS<\/td>\n<\/tr>\n<tr class=\"int-el-product-attribute-table-attribute\">\n<td class=\"int-el-product-attribute-table-attribute-name\">Power<\/td>\n<td class=\"int-el-product-attribute-table-attribute-value\">47 kW<\/td>\n<\/tr>\n<tr class=\"int-el-product-attribute-table-attribute\">\n<td class=\"int-el-product-attribute-table-attribute-name\">Rated power<\/td>\n<td class=\"int-el-product-attribute-table-attribute-value\">11 kW 50%<\/td>\n<\/tr>\n<tr class=\"int-el-product-attribute-table-group\">\n<td colspan=\"2\">POWER SUPPLY PARAMETERS<\/td>\n<\/tr>\n<tr class=\"int-el-product-attribute-table-attribute\">\n<td class=\"int-el-product-attribute-table-attribute-name\">Rated supply voltage<\/td>\n<td class=\"int-el-product-attribute-table-attribute-value\">400 V; 50Hz (2ph)<\/td>\n<\/tr>\n<tr class=\"int-el-product-attribute-table-group\">\n<td colspan=\"2\">WELDING PARAMETERS<\/td>\n<\/tr>\n<tr class=\"int-el-product-attribute-table-attribute\">\n<td class=\"int-el-product-attribute-table-attribute-name\">Duty cycle<\/td>\n<td class=\"int-el-product-attribute-table-attribute-value\">5 %<\/td>\n<\/tr>\n<tr class=\"int-el-product-attribute-table-attribute\">\n<td class=\"int-el-product-attribute-table-attribute-name\">Idle secondary voltage<\/td>\n<td class=\"int-el-product-attribute-table-attribute-value\">10 V<\/td>\n<\/tr>\n<tr class=\"int-el-product-attribute-table-attribute\">\n<td class=\"int-el-product-attribute-table-attribute-name\">Maximum sheet thickness when welding on both sides<\/td>\n<td class=\"int-el-product-attribute-table-attribute-value\">3 + 3 mm<\/td>\n<\/tr>\n<tr class=\"int-el-product-attribute-table-attribute\">\n<td class=\"int-el-product-attribute-table-attribute-name\">Maximum welding current<\/td>\n<td class=\"int-el-product-attribute-table-attribute-value\">7000 A<\/td>\n<\/tr>\n<\/tbody>\n<\/table>\n","protected":false},"excerpt":{"rendered":"<p>Microprocessor-controlled device for double-sided welding of low-carbon, stainless, galvanized and resilient sheets. Microprocessor-controlled device for double-sided welding of low-carbon, stainless, galvanized and resilient sheets. Designed for auto body repair and production work. Easy-to-read electronic display. All settings of the welding machine can be accessed from the control panel. After selecting the type of tool and [&hellip;]<\/p>\n","protected":false},"featured_media":13659,"template":"","meta":{"inline_featured_image":false},"product_brand":[],"product_cat":[474,494],"product_tag":[],"class_list":{"0":"post-30327","1":"product","2":"type-product","3":"status-publish","4":"has-post-thumbnail","6":"product_cat-new","7":"product_cat-spot-welders","9":"first","10":"onbackorder","11":"taxable","12":"shipping-taxable","13":"purchasable","14":"product-type-simple"},"yoast_head":"<!-- This site is optimized with the Yoast SEO Premium plugin v27.5 (Yoast SEO v27.6) - https:\/\/yoast.com\/product\/yoast-seo-premium-wordpress\/ -->\n<title>Telwin DIGITAL SPOTTER 9000 AQUA - with accessories, cart and water cooling for arms and electrodes - SpawLab - Welding equipment and plasma cutters - store and service<\/title>\n<meta name=\"description\" content=\"Lider sprzeda\u017cy, Oficjalny Dystrybutor Premium i Serwis na Polsk\u0119 Migatronic, Gys, Voestalpine Bohler Welding. Nowe i u\u017cywane Spawarki, Przecinarki Plazmowe, Kompresory. Mgr in\u017c. Jaros\u0142aw Ko\u0142aski, IWE\" \/>\n<meta name=\"robots\" content=\"index, follow, max-snippet:-1, max-image-preview:large, max-video-preview:-1\" \/>\n<link rel=\"canonical\" href=\"https:\/\/spawlab.pl\/en\/produkt\/telwin-digital-spotter-9000-aqua-with-accessories-cart-and-water-cooling-for-arms-and-electrodes\/\" \/>\n<meta property=\"og:locale\" content=\"en_US\" \/>\n<meta property=\"og:type\" content=\"article\" \/>\n<meta property=\"og:title\" content=\"Telwin DIGITAL SPOTTER 9000 AQUA - with accessories, cart and water cooling for arms and electrodes\" \/>\n<meta property=\"og:description\" content=\"Lider sprzeda\u017cy, Oficjalny Dystrybutor Premium i Serwis na Polsk\u0119 Migatronic, Gys, Voestalpine Bohler Welding. Nowe i u\u017cywane Spawarki, Przecinarki Plazmowe, Kompresory. Mgr in\u017c. Jaros\u0142aw Ko\u0142aski, IWE\" \/>\n<meta property=\"og:url\" content=\"https:\/\/spawlab.pl\/en\/produkt\/telwin-digital-spotter-9000-aqua-with-accessories-cart-and-water-cooling-for-arms-and-electrodes\/\" \/>\n<meta property=\"og:site_name\" content=\"SpawLab - Welding equipment and plasma cutters - store and service\" \/>\n<meta property=\"article:publisher\" content=\"https:\/\/www.facebook.com\/Spawlab\/\" \/>\n<meta property=\"og:image\" content=\"https:\/\/spawlab.pl\/wp-content\/uploads\/2025\/06\/LOGO-SPOLECZN-scaled.png\" \/>\n\t<meta property=\"og:image:width\" content=\"2560\" \/>\n\t<meta property=\"og:image:height\" content=\"1440\" \/>\n\t<meta property=\"og:image:type\" content=\"image\/png\" \/>\n<meta name=\"twitter:label1\" content=\"Price\" \/>\n\t<meta name=\"twitter:data1\" content=\"20 700,00&nbsp;&#122;&#322; (16 829,27&nbsp;&#122;&#322; netto)\" \/>\n\t<meta name=\"twitter:label2\" content=\"Availability\" \/>\n\t<meta name=\"twitter:data2\" content=\"On backorder\" \/>\n<script type=\"application\/ld+json\" class=\"yoast-schema-graph\">{\"@context\":\"https:\\\/\\\/schema.org\",\"@graph\":[{\"@type\":[\"WebPage\",\"ItemPage\"],\"@id\":\"https:\\\/\\\/spawlab.pl\\\/en\\\/produkt\\\/telwin-digital-spotter-9000-aqua-with-accessories-cart-and-water-cooling-for-arms-and-electrodes\\\/\",\"url\":\"https:\\\/\\\/spawlab.pl\\\/en\\\/produkt\\\/telwin-digital-spotter-9000-aqua-with-accessories-cart-and-water-cooling-for-arms-and-electrodes\\\/\",\"name\":\"Telwin DIGITAL SPOTTER 9000 AQUA - with accessories, cart and water cooling for arms and electrodes - SpawLab - Welding equipment and plasma cutters - store and service\",\"isPartOf\":{\"@id\":\"https:\\\/\\\/spawlab.pl\\\/en\\\/#website\"},\"primaryImageOfPage\":{\"@id\":\"https:\\\/\\\/spawlab.pl\\\/en\\\/produkt\\\/telwin-digital-spotter-9000-aqua-with-accessories-cart-and-water-cooling-for-arms-and-electrodes\\\/#primaryimage\"},\"image\":{\"@id\":\"https:\\\/\\\/spawlab.pl\\\/en\\\/produkt\\\/telwin-digital-spotter-9000-aqua-with-accessories-cart-and-water-cooling-for-arms-and-electrodes\\\/#primaryimage\"},\"thumbnailUrl\":\"https:\\\/\\\/spawlab.pl\\\/wp-content\\\/uploads\\\/2021\\\/10\\\/digital-spotter-9000-aqua-z-akcesoriami-wozkiem-i-chlodzeniem-wodnym-ramion-i-elektrod-2924-b9a1a50c.jpg\",\"datePublished\":\"2021-10-27T19:16:57+00:00\",\"description\":\"Lider sprzeda\u017cy, Oficjalny Dystrybutor Premium i Serwis na Polsk\u0119 Migatronic, Gys, Voestalpine Bohler Welding. Nowe i u\u017cywane Spawarki, Przecinarki Plazmowe, Kompresory. Mgr in\u017c. Jaros\u0142aw Ko\u0142aski, IWE\",\"breadcrumb\":{\"@id\":\"https:\\\/\\\/spawlab.pl\\\/en\\\/produkt\\\/telwin-digital-spotter-9000-aqua-with-accessories-cart-and-water-cooling-for-arms-and-electrodes\\\/#breadcrumb\"},\"inLanguage\":\"en-US\",\"potentialAction\":[{\"@type\":\"ReadAction\",\"target\":[\"https:\\\/\\\/spawlab.pl\\\/en\\\/produkt\\\/telwin-digital-spotter-9000-aqua-with-accessories-cart-and-water-cooling-for-arms-and-electrodes\\\/\"]}]},{\"@type\":\"ImageObject\",\"inLanguage\":\"en-US\",\"@id\":\"https:\\\/\\\/spawlab.pl\\\/en\\\/produkt\\\/telwin-digital-spotter-9000-aqua-with-accessories-cart-and-water-cooling-for-arms-and-electrodes\\\/#primaryimage\",\"url\":\"https:\\\/\\\/spawlab.pl\\\/wp-content\\\/uploads\\\/2021\\\/10\\\/digital-spotter-9000-aqua-z-akcesoriami-wozkiem-i-chlodzeniem-wodnym-ramion-i-elektrod-2924-b9a1a50c.jpg\",\"contentUrl\":\"https:\\\/\\\/spawlab.pl\\\/wp-content\\\/uploads\\\/2021\\\/10\\\/digital-spotter-9000-aqua-z-akcesoriami-wozkiem-i-chlodzeniem-wodnym-ramion-i-elektrod-2924-b9a1a50c.jpg\",\"width\":800,\"height\":800},{\"@type\":\"BreadcrumbList\",\"@id\":\"https:\\\/\\\/spawlab.pl\\\/en\\\/produkt\\\/telwin-digital-spotter-9000-aqua-with-accessories-cart-and-water-cooling-for-arms-and-electrodes\\\/#breadcrumb\",\"itemListElement\":[{\"@type\":\"ListItem\",\"position\":1,\"name\":\"Strona g\u0142\u00f3wna\",\"item\":\"https:\\\/\\\/spawlab.pl\\\/en\\\/\"},{\"@type\":\"ListItem\",\"position\":2,\"name\":\"Store\",\"item\":\"https:\\\/\\\/spawlab.pl\\\/en\\\/shop\\\/\"},{\"@type\":\"ListItem\",\"position\":3,\"name\":\"Telwin DIGITAL SPOTTER 9000 AQUA &#8211; with accessories, cart and water cooling for arms and electrodes\"}]},{\"@type\":\"WebSite\",\"@id\":\"https:\\\/\\\/spawlab.pl\\\/en\\\/#website\",\"url\":\"https:\\\/\\\/spawlab.pl\\\/en\\\/\",\"name\":\"Spawlab.pl Lider - Spawarki, Przecinarki Plazmowe, Kompresory\",\"description\":\"Urz\u0105dzenia spawalnicze i Przecinarki plazmowe\\\/ nowe i u\u017cywane \\\/ Profesjonalny serwis\",\"publisher\":{\"@id\":\"https:\\\/\\\/spawlab.pl\\\/en\\\/#organization\"},\"alternateName\":\"Spawlab.pl - Dystrybutor Premium i Serwis na Polske Migatronic, Gys, Voestalpine Bohler Welding\",\"potentialAction\":[{\"@type\":\"SearchAction\",\"target\":{\"@type\":\"EntryPoint\",\"urlTemplate\":\"https:\\\/\\\/spawlab.pl\\\/en\\\/?s={search_term_string}\"},\"query-input\":{\"@type\":\"PropertyValueSpecification\",\"valueRequired\":true,\"valueName\":\"search_term_string\"}}],\"inLanguage\":\"en-US\"},{\"@type\":[\"Organization\",\"Place\"],\"@id\":\"https:\\\/\\\/spawlab.pl\\\/en\\\/#organization\",\"name\":\"Spawlab.pl\",\"url\":\"https:\\\/\\\/spawlab.pl\\\/en\\\/\",\"logo\":{\"@id\":\"https:\\\/\\\/spawlab.pl\\\/en\\\/produkt\\\/telwin-digital-spotter-9000-aqua-with-accessories-cart-and-water-cooling-for-arms-and-electrodes\\\/#local-main-organization-logo\"},\"image\":{\"@id\":\"https:\\\/\\\/spawlab.pl\\\/en\\\/produkt\\\/telwin-digital-spotter-9000-aqua-with-accessories-cart-and-water-cooling-for-arms-and-electrodes\\\/#local-main-organization-logo\"},\"sameAs\":[\"https:\\\/\\\/www.facebook.com\\\/Spawlab\\\/\",\"https:\\\/\\\/www.linkedin.com\\\/company\\\/spawlab\",\"https:\\\/\\\/www.instagram.com\\\/spawlab.pl\",\"https:\\\/\\\/www.tiktok.com\\\/@spawlab\"],\"description\":\"Lider sprzeda\u017cy, Oficjalny Dystrybutor Premium i Serwis na Polsk\u0119 Migatronic, Gys, Voestalpine Bohler Welding. Nowe i u\u017cywane Spawarki, Przecinarki Plazmowe, Kompresory. Mgr in\u017c. Jaros\u0142aw Ko\u0142aski, IWE\",\"hasMerchantReturnPolicy\":{\"@type\":\"MerchantReturnPolicy\",\"merchantReturnLink\":\"https:\\\/\\\/spawlab.pl\\\/polityka-prywatnosci-2\\\/\"},\"telephone\":[],\"openingHoursSpecification\":[{\"@type\":\"OpeningHoursSpecification\",\"dayOfWeek\":[\"Monday\",\"Tuesday\",\"Wednesday\",\"Thursday\",\"Friday\",\"Saturday\",\"Sunday\"],\"opens\":\"09:00\",\"closes\":\"17:00\"}]},{\"@type\":\"ImageObject\",\"inLanguage\":\"en-US\",\"@id\":\"https:\\\/\\\/spawlab.pl\\\/en\\\/produkt\\\/telwin-digital-spotter-9000-aqua-with-accessories-cart-and-water-cooling-for-arms-and-electrodes\\\/#local-main-organization-logo\",\"url\":\"https:\\\/\\\/spawlab.pl\\\/wp-content\\\/uploads\\\/2022\\\/01\\\/olx.jpg\",\"contentUrl\":\"https:\\\/\\\/spawlab.pl\\\/wp-content\\\/uploads\\\/2022\\\/01\\\/olx.jpg\",\"width\":200,\"height\":200,\"caption\":\"Spawlab.pl\"}]}<\/script>\n<meta property=\"product:price:amount\" content=\"20700.00\" \/>\n<meta property=\"product:price:currency\" content=\"PLN\" \/>\n<meta property=\"og:availability\" content=\"backorder\" \/>\n<meta property=\"product:availability\" content=\"available for order\" \/>\n<meta property=\"product:condition\" content=\"new\" \/>\n<!-- \/ Yoast SEO Premium plugin. -->","yoast_head_json":{"title":"Telwin DIGITAL SPOTTER 9000 AQUA - with accessories, cart and water cooling for arms and electrodes - SpawLab - Welding equipment and plasma cutters - store and service","description":"Lider sprzeda\u017cy, Oficjalny Dystrybutor Premium i Serwis na Polsk\u0119 Migatronic, Gys, Voestalpine Bohler Welding. Nowe i u\u017cywane Spawarki, Przecinarki Plazmowe, Kompresory. Mgr in\u017c. Jaros\u0142aw Ko\u0142aski, IWE","robots":{"index":"index","follow":"follow","max-snippet":"max-snippet:-1","max-image-preview":"max-image-preview:large","max-video-preview":"max-video-preview:-1"},"canonical":"https:\/\/spawlab.pl\/en\/produkt\/telwin-digital-spotter-9000-aqua-with-accessories-cart-and-water-cooling-for-arms-and-electrodes\/","og_locale":"en_US","og_type":"article","og_title":"Telwin DIGITAL SPOTTER 9000 AQUA - with accessories, cart and water cooling for arms and electrodes","og_description":"Lider sprzeda\u017cy, Oficjalny Dystrybutor Premium i Serwis na Polsk\u0119 Migatronic, Gys, Voestalpine Bohler Welding. Nowe i u\u017cywane Spawarki, Przecinarki Plazmowe, Kompresory. Mgr in\u017c. Jaros\u0142aw Ko\u0142aski, IWE","og_url":"https:\/\/spawlab.pl\/en\/produkt\/telwin-digital-spotter-9000-aqua-with-accessories-cart-and-water-cooling-for-arms-and-electrodes\/","og_site_name":"SpawLab - Welding equipment and plasma cutters - store and service","article_publisher":"https:\/\/www.facebook.com\/Spawlab\/","og_image":[{"width":2560,"height":1440,"url":"https:\/\/spawlab.pl\/wp-content\/uploads\/2025\/06\/LOGO-SPOLECZN-scaled.png","type":"image\/png"}],"twitter_misc":{"Price":"20 700,00&nbsp;&#122;&#322; (16 829,27&nbsp;&#122;&#322; netto)","Availability":"On backorder"},"schema":{"@context":"https:\/\/schema.org","@graph":[{"@type":["WebPage","ItemPage"],"@id":"https:\/\/spawlab.pl\/en\/produkt\/telwin-digital-spotter-9000-aqua-with-accessories-cart-and-water-cooling-for-arms-and-electrodes\/","url":"https:\/\/spawlab.pl\/en\/produkt\/telwin-digital-spotter-9000-aqua-with-accessories-cart-and-water-cooling-for-arms-and-electrodes\/","name":"Telwin DIGITAL SPOTTER 9000 AQUA - with accessories, cart and water cooling for arms and electrodes - SpawLab - Welding equipment and plasma cutters - store and service","isPartOf":{"@id":"https:\/\/spawlab.pl\/en\/#website"},"primaryImageOfPage":{"@id":"https:\/\/spawlab.pl\/en\/produkt\/telwin-digital-spotter-9000-aqua-with-accessories-cart-and-water-cooling-for-arms-and-electrodes\/#primaryimage"},"image":{"@id":"https:\/\/spawlab.pl\/en\/produkt\/telwin-digital-spotter-9000-aqua-with-accessories-cart-and-water-cooling-for-arms-and-electrodes\/#primaryimage"},"thumbnailUrl":"https:\/\/spawlab.pl\/wp-content\/uploads\/2021\/10\/digital-spotter-9000-aqua-z-akcesoriami-wozkiem-i-chlodzeniem-wodnym-ramion-i-elektrod-2924-b9a1a50c.jpg","datePublished":"2021-10-27T19:16:57+00:00","description":"Lider sprzeda\u017cy, Oficjalny Dystrybutor Premium i Serwis na Polsk\u0119 Migatronic, Gys, Voestalpine Bohler Welding. Nowe i u\u017cywane Spawarki, Przecinarki Plazmowe, Kompresory. Mgr in\u017c. Jaros\u0142aw Ko\u0142aski, IWE","breadcrumb":{"@id":"https:\/\/spawlab.pl\/en\/produkt\/telwin-digital-spotter-9000-aqua-with-accessories-cart-and-water-cooling-for-arms-and-electrodes\/#breadcrumb"},"inLanguage":"en-US","potentialAction":[{"@type":"ReadAction","target":["https:\/\/spawlab.pl\/en\/produkt\/telwin-digital-spotter-9000-aqua-with-accessories-cart-and-water-cooling-for-arms-and-electrodes\/"]}]},{"@type":"ImageObject","inLanguage":"en-US","@id":"https:\/\/spawlab.pl\/en\/produkt\/telwin-digital-spotter-9000-aqua-with-accessories-cart-and-water-cooling-for-arms-and-electrodes\/#primaryimage","url":"https:\/\/spawlab.pl\/wp-content\/uploads\/2021\/10\/digital-spotter-9000-aqua-z-akcesoriami-wozkiem-i-chlodzeniem-wodnym-ramion-i-elektrod-2924-b9a1a50c.jpg","contentUrl":"https:\/\/spawlab.pl\/wp-content\/uploads\/2021\/10\/digital-spotter-9000-aqua-z-akcesoriami-wozkiem-i-chlodzeniem-wodnym-ramion-i-elektrod-2924-b9a1a50c.jpg","width":800,"height":800},{"@type":"BreadcrumbList","@id":"https:\/\/spawlab.pl\/en\/produkt\/telwin-digital-spotter-9000-aqua-with-accessories-cart-and-water-cooling-for-arms-and-electrodes\/#breadcrumb","itemListElement":[{"@type":"ListItem","position":1,"name":"Strona g\u0142\u00f3wna","item":"https:\/\/spawlab.pl\/en\/"},{"@type":"ListItem","position":2,"name":"Store","item":"https:\/\/spawlab.pl\/en\/shop\/"},{"@type":"ListItem","position":3,"name":"Telwin DIGITAL SPOTTER 9000 AQUA &#8211; with accessories, cart and water cooling for arms and electrodes"}]},{"@type":"WebSite","@id":"https:\/\/spawlab.pl\/en\/#website","url":"https:\/\/spawlab.pl\/en\/","name":"Spawlab.pl Lider - Spawarki, Przecinarki Plazmowe, Kompresory","description":"Urz\u0105dzenia spawalnicze i Przecinarki plazmowe\/ nowe i u\u017cywane \/ Profesjonalny serwis","publisher":{"@id":"https:\/\/spawlab.pl\/en\/#organization"},"alternateName":"Spawlab.pl - Dystrybutor Premium i Serwis na Polske Migatronic, Gys, Voestalpine Bohler Welding","potentialAction":[{"@type":"SearchAction","target":{"@type":"EntryPoint","urlTemplate":"https:\/\/spawlab.pl\/en\/?s={search_term_string}"},"query-input":{"@type":"PropertyValueSpecification","valueRequired":true,"valueName":"search_term_string"}}],"inLanguage":"en-US"},{"@type":["Organization","Place"],"@id":"https:\/\/spawlab.pl\/en\/#organization","name":"Spawlab.pl","url":"https:\/\/spawlab.pl\/en\/","logo":{"@id":"https:\/\/spawlab.pl\/en\/produkt\/telwin-digital-spotter-9000-aqua-with-accessories-cart-and-water-cooling-for-arms-and-electrodes\/#local-main-organization-logo"},"image":{"@id":"https:\/\/spawlab.pl\/en\/produkt\/telwin-digital-spotter-9000-aqua-with-accessories-cart-and-water-cooling-for-arms-and-electrodes\/#local-main-organization-logo"},"sameAs":["https:\/\/www.facebook.com\/Spawlab\/","https:\/\/www.linkedin.com\/company\/spawlab","https:\/\/www.instagram.com\/spawlab.pl","https:\/\/www.tiktok.com\/@spawlab"],"description":"Lider sprzeda\u017cy, Oficjalny Dystrybutor Premium i Serwis na Polsk\u0119 Migatronic, Gys, Voestalpine Bohler Welding. Nowe i u\u017cywane Spawarki, Przecinarki Plazmowe, Kompresory. Mgr in\u017c. Jaros\u0142aw Ko\u0142aski, IWE","hasMerchantReturnPolicy":{"@type":"MerchantReturnPolicy","merchantReturnLink":"https:\/\/spawlab.pl\/polityka-prywatnosci-2\/"},"telephone":[],"openingHoursSpecification":[{"@type":"OpeningHoursSpecification","dayOfWeek":["Monday","Tuesday","Wednesday","Thursday","Friday","Saturday","Sunday"],"opens":"09:00","closes":"17:00"}]},{"@type":"ImageObject","inLanguage":"en-US","@id":"https:\/\/spawlab.pl\/en\/produkt\/telwin-digital-spotter-9000-aqua-with-accessories-cart-and-water-cooling-for-arms-and-electrodes\/#local-main-organization-logo","url":"https:\/\/spawlab.pl\/wp-content\/uploads\/2022\/01\/olx.jpg","contentUrl":"https:\/\/spawlab.pl\/wp-content\/uploads\/2022\/01\/olx.jpg","width":200,"height":200,"caption":"Spawlab.pl"}]},"product_price_amount":"20700.00","product_price_currency":"PLN","og_availability":"backorder","product_availability":"available for order","product_condition":"new"},"_links":{"self":[{"href":"https:\/\/spawlab.pl\/en\/wp-json\/wp\/v2\/product\/30327","targetHints":{"allow":["GET"]}}],"collection":[{"href":"https:\/\/spawlab.pl\/en\/wp-json\/wp\/v2\/product"}],"about":[{"href":"https:\/\/spawlab.pl\/en\/wp-json\/wp\/v2\/types\/product"}],"wp:featuredmedia":[{"embeddable":true,"href":"https:\/\/spawlab.pl\/en\/wp-json\/wp\/v2\/media\/13659"}],"wp:attachment":[{"href":"https:\/\/spawlab.pl\/en\/wp-json\/wp\/v2\/media?parent=30327"}],"wp:term":[{"taxonomy":"product_brand","embeddable":true,"href":"https:\/\/spawlab.pl\/en\/wp-json\/wp\/v2\/product_brand?post=30327"},{"taxonomy":"product_cat","embeddable":true,"href":"https:\/\/spawlab.pl\/en\/wp-json\/wp\/v2\/product_cat?post=30327"},{"taxonomy":"product_tag","embeddable":true,"href":"https:\/\/spawlab.pl\/en\/wp-json\/wp\/v2\/product_tag?post=30327"}],"curies":[{"name":"wp","href":"https:\/\/api.w.org\/{rel}","templated":true}]}}