{"id":30337,"date":"2021-10-25T11:27:56","date_gmt":"2021-10-25T09:27:56","guid":{"rendered":"https:\/\/spawlab.pl\/produkt\/sherman-by-600\/"},"modified":"2021-10-25T11:27:56","modified_gmt":"2021-10-25T09:27:56","slug":"sherman-by-600","status":"publish","type":"product","link":"https:\/\/spawlab.pl\/en\/produkt\/sherman-by-600\/","title":{"rendered":"Sherman BY-600"},"content":{"rendered":"<p>The industrial welding positioner with a load capacity of 600kg is an ideal tool for manipulating the welded part in simple or semi-automatic technological processes. It is characterized by extraordinary versatility, allowing to conduct the welding process in the optimal position and thus contributing to improving the quality of welded products. The design solutions used ensure safe operation and trouble-free operation. The positioner allows you to tilt the disc in the range of 0 &#8211; 90\u00b0. The table is equipped with mounting connection grooves for attaching chucks and jaws. The device has infinitely variable speed control, and the ability to select the direction of rotation.     <\/p>\n<table class=\"compare_featured_fields shop_attributes product_table\">\n<tbody>\n<tr>\n<th><span class=\"compare_featured_name\">Part number<\/span><\/th>\n<td width=\"40%\"><span class=\"compare_featured_value\">BY60025RPM<\/span><\/td>\n<\/tr>\n<tr>\n<th><span class=\"compare_featured_name\">Supply voltage<\/span> <span class=\"compare_featured_unit\">[V]<\/span><\/th>\n<td><span class=\"compare_featured_value\">AC 230 50Hz<\/span><\/td>\n<\/tr>\n<tr>\n<th><span class=\"compare_featured_name\">Rotating motor power<\/span> <span class=\"compare_featured_unit\">[W]<\/span><\/th>\n<td><span class=\"compare_featured_value\">200<\/span><\/td>\n<\/tr>\n<tr>\n<th><span class=\"compare_featured_name\">Load capacity when table is horizontal<\/span> <span class=\"compare_featured_unit\">[kg]<\/span><\/th>\n<td><span class=\"compare_featured_value\">600<\/span><\/td>\n<\/tr>\n<tr>\n<th><span class=\"compare_featured_name\">Load capacity at maximum table inclination<\/span> <span class=\"compare_featured_unit\">[kg]<\/span><\/th>\n<td><span class=\"compare_featured_value\">300<\/span><\/td>\n<\/tr>\n<tr>\n<th><span class=\"compare_featured_name\">Center of gravity<\/span> <span class=\"compare_featured_unit\">[mm]<\/span><\/th>\n<td><span class=\"compare_featured_value\">150<\/span><\/td>\n<\/tr>\n<tr>\n<th><span class=\"compare_featured_name\">Eccentric<\/span> <span class=\"compare_featured_unit\">[mm]<\/span><\/th>\n<td><span class=\"compare_featured_value\">150<\/span><\/td>\n<\/tr>\n<tr>\n<th><span class=\"compare_featured_name\">Table diameter<\/span> <span class=\"compare_featured_unit\">[mm]<\/span><\/th>\n<td><span class=\"compare_featured_value\">650<\/span><\/td>\n<\/tr>\n<tr>\n<th><span class=\"compare_featured_name\">Table tilt adjustment range<\/span> <span class=\"compare_featured_unit\">[\u00b0]<\/span><\/th>\n<td><span class=\"compare_featured_value\">0 &#8211; 90<\/span><\/td>\n<\/tr>\n<tr>\n<th><span class=\"compare_featured_name\">Table speed adjustment range<\/span> <span class=\"compare_featured_unit\">[rpm]<\/span><\/th>\n<td><span class=\"compare_featured_value\">0,2 &#8211; 1,8<\/span><\/td>\n<\/tr>\n<tr>\n<th><span class=\"compare_featured_name\">Weight<\/span> <span class=\"compare_featured_unit\">[kg]<\/span><\/th>\n<td><span class=\"compare_featured_value\">120<\/span><\/td>\n<\/tr>\n<tr>\n<th><span class=\"compare_featured_name\">Dimensions (L x H x W)<\/span> <span class=\"compare_featured_unit\">[mm]<\/span><\/th>\n<td><span class=\"compare_featured_value\">780 x 705 x 693<\/span><\/td>\n<\/tr>\n<\/tbody>\n<\/table>\n","protected":false},"excerpt":{"rendered":"<p>The industrial welding positioner with a load capacity of 600kg is an ideal tool for manipulating the welded part in simple or semi-automatic technological processes. It is characterized by extraordinary versatility, allowing to conduct the welding process in the optimal position and thus contributing to improving the quality of welded products. The design solutions used [&hellip;]<\/p>\n","protected":false},"featured_media":13615,"template":"","meta":{"inline_featured_image":false},"product_brand":[],"product_cat":[474,500],"product_tag":[],"class_list":{"0":"post-30337","1":"product","2":"type-product","3":"status-publish","4":"has-post-thumbnail","6":"product_cat-new","7":"product_cat-welding-swivel","9":"first","10":"onbackorder","11":"taxable","12":"shipping-taxable","13":"purchasable","14":"product-type-simple"},"yoast_head":"<!-- This site is optimized with the Yoast SEO Premium plugin v27.0 (Yoast SEO v27.3) - https:\/\/yoast.com\/product\/yoast-seo-premium-wordpress\/ -->\n<title>Sherman BY-600 - SpawLab - Welding equipment and plasma cutters - store and service<\/title>\n<meta name=\"description\" content=\"Lider sprzeda\u017cy, Oficjalny Dystrybutor Premium i Serwis na Polsk\u0119 Migatronic, Gys, Voestalpine Bohler Welding. Nowe i u\u017cywane Spawarki, Przecinarki Plazmowe, Kompresory. Mgr in\u017c. Jaros\u0142aw Ko\u0142aski, IWE\" \/>\n<meta name=\"robots\" content=\"index, follow, max-snippet:-1, max-image-preview:large, max-video-preview:-1\" \/>\n<link rel=\"canonical\" href=\"https:\/\/spawlab.pl\/en\/produkt\/sherman-by-600\/\" \/>\n<meta property=\"og:locale\" content=\"en_US\" \/>\n<meta property=\"og:type\" content=\"article\" \/>\n<meta property=\"og:title\" content=\"Sherman BY-600\" \/>\n<meta property=\"og:description\" content=\"Lider sprzeda\u017cy, Oficjalny Dystrybutor Premium i Serwis na Polsk\u0119 Migatronic, Gys, Voestalpine Bohler Welding. Nowe i u\u017cywane Spawarki, Przecinarki Plazmowe, Kompresory. Mgr in\u017c. Jaros\u0142aw Ko\u0142aski, IWE\" \/>\n<meta property=\"og:url\" content=\"https:\/\/spawlab.pl\/en\/produkt\/sherman-by-600\/\" \/>\n<meta property=\"og:site_name\" content=\"SpawLab - Welding equipment and plasma cutters - store and service\" \/>\n<meta property=\"article:publisher\" content=\"https:\/\/www.facebook.com\/Spawlab\/\" \/>\n<meta property=\"og:image\" content=\"https:\/\/spawlab.pl\/wp-content\/uploads\/2025\/06\/LOGO-SPOLECZN-scaled.png\" \/>\n\t<meta property=\"og:image:width\" content=\"2560\" \/>\n\t<meta property=\"og:image:height\" content=\"1440\" \/>\n\t<meta property=\"og:image:type\" content=\"image\/png\" \/>\n<meta name=\"twitter:label1\" content=\"Price\" \/>\n\t<meta name=\"twitter:data1\" content=\"16 700,00&nbsp;&#122;&#322; (13 577,24&nbsp;&#122;&#322; netto)\" \/>\n\t<meta name=\"twitter:label2\" content=\"Availability\" \/>\n\t<meta name=\"twitter:data2\" content=\"On backorder\" \/>\n<script type=\"application\/ld+json\" class=\"yoast-schema-graph\">{\"@context\":\"https:\\\/\\\/schema.org\",\"@graph\":[{\"@type\":[\"WebPage\",\"ItemPage\"],\"@id\":\"https:\\\/\\\/spawlab.pl\\\/en\\\/produkt\\\/sherman-by-600\\\/\",\"url\":\"https:\\\/\\\/spawlab.pl\\\/en\\\/produkt\\\/sherman-by-600\\\/\",\"name\":\"Sherman BY-600 - SpawLab - Welding equipment and plasma cutters - store and service\",\"isPartOf\":{\"@id\":\"https:\\\/\\\/spawlab.pl\\\/en\\\/#website\"},\"primaryImageOfPage\":{\"@id\":\"https:\\\/\\\/spawlab.pl\\\/en\\\/produkt\\\/sherman-by-600\\\/#primaryimage\"},\"image\":{\"@id\":\"https:\\\/\\\/spawlab.pl\\\/en\\\/produkt\\\/sherman-by-600\\\/#primaryimage\"},\"thumbnailUrl\":\"https:\\\/\\\/spawlab.pl\\\/wp-content\\\/uploads\\\/2021\\\/10\\\/pozycjoner-BY-600_pilot_700x700.jpg\",\"datePublished\":\"2021-10-25T09:27:56+00:00\",\"description\":\"Lider sprzeda\u017cy, Oficjalny Dystrybutor Premium i Serwis na Polsk\u0119 Migatronic, Gys, Voestalpine Bohler Welding. Nowe i u\u017cywane Spawarki, Przecinarki Plazmowe, Kompresory. Mgr in\u017c. Jaros\u0142aw Ko\u0142aski, IWE\",\"breadcrumb\":{\"@id\":\"https:\\\/\\\/spawlab.pl\\\/en\\\/produkt\\\/sherman-by-600\\\/#breadcrumb\"},\"inLanguage\":\"en-US\",\"potentialAction\":[{\"@type\":\"ReadAction\",\"target\":[\"https:\\\/\\\/spawlab.pl\\\/en\\\/produkt\\\/sherman-by-600\\\/\"]}]},{\"@type\":\"ImageObject\",\"inLanguage\":\"en-US\",\"@id\":\"https:\\\/\\\/spawlab.pl\\\/en\\\/produkt\\\/sherman-by-600\\\/#primaryimage\",\"url\":\"https:\\\/\\\/spawlab.pl\\\/wp-content\\\/uploads\\\/2021\\\/10\\\/pozycjoner-BY-600_pilot_700x700.jpg\",\"contentUrl\":\"https:\\\/\\\/spawlab.pl\\\/wp-content\\\/uploads\\\/2021\\\/10\\\/pozycjoner-BY-600_pilot_700x700.jpg\",\"width\":700,\"height\":700},{\"@type\":\"BreadcrumbList\",\"@id\":\"https:\\\/\\\/spawlab.pl\\\/en\\\/produkt\\\/sherman-by-600\\\/#breadcrumb\",\"itemListElement\":[{\"@type\":\"ListItem\",\"position\":1,\"name\":\"Strona g\u0142\u00f3wna\",\"item\":\"https:\\\/\\\/spawlab.pl\\\/en\\\/\"},{\"@type\":\"ListItem\",\"position\":2,\"name\":\"Store\",\"item\":\"https:\\\/\\\/spawlab.pl\\\/en\\\/shop\\\/\"},{\"@type\":\"ListItem\",\"position\":3,\"name\":\"Sherman BY-600\"}]},{\"@type\":\"WebSite\",\"@id\":\"https:\\\/\\\/spawlab.pl\\\/en\\\/#website\",\"url\":\"https:\\\/\\\/spawlab.pl\\\/en\\\/\",\"name\":\"Spawlab.pl Lider - Spawarki, Przecinarki Plazmowe, Kompresory\",\"description\":\"Urz\u0105dzenia spawalnicze i Przecinarki plazmowe\\\/ nowe i u\u017cywane \\\/ Profesjonalny serwis\",\"publisher\":{\"@id\":\"https:\\\/\\\/spawlab.pl\\\/en\\\/#organization\"},\"alternateName\":\"Spawlab.pl - Dystrybutor Premium i Serwis na Polske Migatronic, Gys, Voestalpine Bohler Welding\",\"potentialAction\":[{\"@type\":\"SearchAction\",\"target\":{\"@type\":\"EntryPoint\",\"urlTemplate\":\"https:\\\/\\\/spawlab.pl\\\/en\\\/?s={search_term_string}\"},\"query-input\":{\"@type\":\"PropertyValueSpecification\",\"valueRequired\":true,\"valueName\":\"search_term_string\"}}],\"inLanguage\":\"en-US\"},{\"@type\":[\"Organization\",\"Place\"],\"@id\":\"https:\\\/\\\/spawlab.pl\\\/en\\\/#organization\",\"name\":\"Spawlab.pl\",\"url\":\"https:\\\/\\\/spawlab.pl\\\/en\\\/\",\"logo\":{\"@id\":\"https:\\\/\\\/spawlab.pl\\\/en\\\/produkt\\\/sherman-by-600\\\/#local-main-organization-logo\"},\"image\":{\"@id\":\"https:\\\/\\\/spawlab.pl\\\/en\\\/produkt\\\/sherman-by-600\\\/#local-main-organization-logo\"},\"sameAs\":[\"https:\\\/\\\/www.facebook.com\\\/Spawlab\\\/\",\"https:\\\/\\\/www.linkedin.com\\\/company\\\/spawlab\",\"https:\\\/\\\/www.instagram.com\\\/spawlab.pl\",\"https:\\\/\\\/www.tiktok.com\\\/@spawlab\"],\"description\":\"Lider sprzeda\u017cy, Oficjalny Dystrybutor Premium i Serwis na Polsk\u0119 Migatronic, Gys, Voestalpine Bohler Welding. Nowe i u\u017cywane Spawarki, Przecinarki Plazmowe, Kompresory. Mgr in\u017c. Jaros\u0142aw Ko\u0142aski, IWE\",\"hasMerchantReturnPolicy\":{\"@type\":\"MerchantReturnPolicy\",\"merchantReturnLink\":\"https:\\\/\\\/spawlab.pl\\\/polityka-prywatnosci-2\\\/\"},\"telephone\":[],\"openingHoursSpecification\":[{\"@type\":\"OpeningHoursSpecification\",\"dayOfWeek\":[\"Monday\",\"Tuesday\",\"Wednesday\",\"Thursday\",\"Friday\",\"Saturday\",\"Sunday\"],\"opens\":\"09:00\",\"closes\":\"17:00\"}]},{\"@type\":\"ImageObject\",\"inLanguage\":\"en-US\",\"@id\":\"https:\\\/\\\/spawlab.pl\\\/en\\\/produkt\\\/sherman-by-600\\\/#local-main-organization-logo\",\"url\":\"https:\\\/\\\/spawlab.pl\\\/wp-content\\\/uploads\\\/2022\\\/01\\\/olx.jpg\",\"contentUrl\":\"https:\\\/\\\/spawlab.pl\\\/wp-content\\\/uploads\\\/2022\\\/01\\\/olx.jpg\",\"width\":200,\"height\":200,\"caption\":\"Spawlab.pl\"}]}<\/script>\n<meta property=\"product:price:amount\" content=\"16700.00\" \/>\n<meta property=\"product:price:currency\" content=\"PLN\" \/>\n<meta property=\"og:availability\" content=\"backorder\" \/>\n<meta property=\"product:availability\" content=\"available for order\" \/>\n<meta property=\"product:condition\" content=\"new\" \/>\n<!-- \/ Yoast SEO Premium plugin. -->","yoast_head_json":{"title":"Sherman BY-600 - SpawLab - Welding equipment and plasma cutters - store and service","description":"Lider sprzeda\u017cy, Oficjalny Dystrybutor Premium i Serwis na Polsk\u0119 Migatronic, Gys, Voestalpine Bohler Welding. Nowe i u\u017cywane Spawarki, Przecinarki Plazmowe, Kompresory. Mgr in\u017c. Jaros\u0142aw Ko\u0142aski, IWE","robots":{"index":"index","follow":"follow","max-snippet":"max-snippet:-1","max-image-preview":"max-image-preview:large","max-video-preview":"max-video-preview:-1"},"canonical":"https:\/\/spawlab.pl\/en\/produkt\/sherman-by-600\/","og_locale":"en_US","og_type":"article","og_title":"Sherman BY-600","og_description":"Lider sprzeda\u017cy, Oficjalny Dystrybutor Premium i Serwis na Polsk\u0119 Migatronic, Gys, Voestalpine Bohler Welding. Nowe i u\u017cywane Spawarki, Przecinarki Plazmowe, Kompresory. Mgr in\u017c. Jaros\u0142aw Ko\u0142aski, IWE","og_url":"https:\/\/spawlab.pl\/en\/produkt\/sherman-by-600\/","og_site_name":"SpawLab - Welding equipment and plasma cutters - store and service","article_publisher":"https:\/\/www.facebook.com\/Spawlab\/","og_image":[{"width":2560,"height":1440,"url":"https:\/\/spawlab.pl\/wp-content\/uploads\/2025\/06\/LOGO-SPOLECZN-scaled.png","type":"image\/png"}],"twitter_misc":{"Price":"16 700,00&nbsp;&#122;&#322; (13 577,24&nbsp;&#122;&#322; netto)","Availability":"On backorder"},"schema":{"@context":"https:\/\/schema.org","@graph":[{"@type":["WebPage","ItemPage"],"@id":"https:\/\/spawlab.pl\/en\/produkt\/sherman-by-600\/","url":"https:\/\/spawlab.pl\/en\/produkt\/sherman-by-600\/","name":"Sherman BY-600 - SpawLab - Welding equipment and plasma cutters - store and service","isPartOf":{"@id":"https:\/\/spawlab.pl\/en\/#website"},"primaryImageOfPage":{"@id":"https:\/\/spawlab.pl\/en\/produkt\/sherman-by-600\/#primaryimage"},"image":{"@id":"https:\/\/spawlab.pl\/en\/produkt\/sherman-by-600\/#primaryimage"},"thumbnailUrl":"https:\/\/spawlab.pl\/wp-content\/uploads\/2021\/10\/pozycjoner-BY-600_pilot_700x700.jpg","datePublished":"2021-10-25T09:27:56+00:00","description":"Lider sprzeda\u017cy, Oficjalny Dystrybutor Premium i Serwis na Polsk\u0119 Migatronic, Gys, Voestalpine Bohler Welding. Nowe i u\u017cywane Spawarki, Przecinarki Plazmowe, Kompresory. Mgr in\u017c. Jaros\u0142aw Ko\u0142aski, IWE","breadcrumb":{"@id":"https:\/\/spawlab.pl\/en\/produkt\/sherman-by-600\/#breadcrumb"},"inLanguage":"en-US","potentialAction":[{"@type":"ReadAction","target":["https:\/\/spawlab.pl\/en\/produkt\/sherman-by-600\/"]}]},{"@type":"ImageObject","inLanguage":"en-US","@id":"https:\/\/spawlab.pl\/en\/produkt\/sherman-by-600\/#primaryimage","url":"https:\/\/spawlab.pl\/wp-content\/uploads\/2021\/10\/pozycjoner-BY-600_pilot_700x700.jpg","contentUrl":"https:\/\/spawlab.pl\/wp-content\/uploads\/2021\/10\/pozycjoner-BY-600_pilot_700x700.jpg","width":700,"height":700},{"@type":"BreadcrumbList","@id":"https:\/\/spawlab.pl\/en\/produkt\/sherman-by-600\/#breadcrumb","itemListElement":[{"@type":"ListItem","position":1,"name":"Strona g\u0142\u00f3wna","item":"https:\/\/spawlab.pl\/en\/"},{"@type":"ListItem","position":2,"name":"Store","item":"https:\/\/spawlab.pl\/en\/shop\/"},{"@type":"ListItem","position":3,"name":"Sherman BY-600"}]},{"@type":"WebSite","@id":"https:\/\/spawlab.pl\/en\/#website","url":"https:\/\/spawlab.pl\/en\/","name":"Spawlab.pl Lider - Spawarki, Przecinarki Plazmowe, Kompresory","description":"Urz\u0105dzenia spawalnicze i Przecinarki plazmowe\/ nowe i u\u017cywane \/ Profesjonalny serwis","publisher":{"@id":"https:\/\/spawlab.pl\/en\/#organization"},"alternateName":"Spawlab.pl - Dystrybutor Premium i Serwis na Polske Migatronic, Gys, Voestalpine Bohler Welding","potentialAction":[{"@type":"SearchAction","target":{"@type":"EntryPoint","urlTemplate":"https:\/\/spawlab.pl\/en\/?s={search_term_string}"},"query-input":{"@type":"PropertyValueSpecification","valueRequired":true,"valueName":"search_term_string"}}],"inLanguage":"en-US"},{"@type":["Organization","Place"],"@id":"https:\/\/spawlab.pl\/en\/#organization","name":"Spawlab.pl","url":"https:\/\/spawlab.pl\/en\/","logo":{"@id":"https:\/\/spawlab.pl\/en\/produkt\/sherman-by-600\/#local-main-organization-logo"},"image":{"@id":"https:\/\/spawlab.pl\/en\/produkt\/sherman-by-600\/#local-main-organization-logo"},"sameAs":["https:\/\/www.facebook.com\/Spawlab\/","https:\/\/www.linkedin.com\/company\/spawlab","https:\/\/www.instagram.com\/spawlab.pl","https:\/\/www.tiktok.com\/@spawlab"],"description":"Lider sprzeda\u017cy, Oficjalny Dystrybutor Premium i Serwis na Polsk\u0119 Migatronic, Gys, Voestalpine Bohler Welding. Nowe i u\u017cywane Spawarki, Przecinarki Plazmowe, Kompresory. Mgr in\u017c. Jaros\u0142aw Ko\u0142aski, IWE","hasMerchantReturnPolicy":{"@type":"MerchantReturnPolicy","merchantReturnLink":"https:\/\/spawlab.pl\/polityka-prywatnosci-2\/"},"telephone":[],"openingHoursSpecification":[{"@type":"OpeningHoursSpecification","dayOfWeek":["Monday","Tuesday","Wednesday","Thursday","Friday","Saturday","Sunday"],"opens":"09:00","closes":"17:00"}]},{"@type":"ImageObject","inLanguage":"en-US","@id":"https:\/\/spawlab.pl\/en\/produkt\/sherman-by-600\/#local-main-organization-logo","url":"https:\/\/spawlab.pl\/wp-content\/uploads\/2022\/01\/olx.jpg","contentUrl":"https:\/\/spawlab.pl\/wp-content\/uploads\/2022\/01\/olx.jpg","width":200,"height":200,"caption":"Spawlab.pl"}]},"product_price_amount":"16700.00","product_price_currency":"PLN","og_availability":"backorder","product_availability":"available for order","product_condition":"new"},"_links":{"self":[{"href":"https:\/\/spawlab.pl\/en\/wp-json\/wp\/v2\/product\/30337","targetHints":{"allow":["GET"]}}],"collection":[{"href":"https:\/\/spawlab.pl\/en\/wp-json\/wp\/v2\/product"}],"about":[{"href":"https:\/\/spawlab.pl\/en\/wp-json\/wp\/v2\/types\/product"}],"wp:featuredmedia":[{"embeddable":true,"href":"https:\/\/spawlab.pl\/en\/wp-json\/wp\/v2\/media\/13615"}],"wp:attachment":[{"href":"https:\/\/spawlab.pl\/en\/wp-json\/wp\/v2\/media?parent=30337"}],"wp:term":[{"taxonomy":"product_brand","embeddable":true,"href":"https:\/\/spawlab.pl\/en\/wp-json\/wp\/v2\/product_brand?post=30337"},{"taxonomy":"product_cat","embeddable":true,"href":"https:\/\/spawlab.pl\/en\/wp-json\/wp\/v2\/product_cat?post=30337"},{"taxonomy":"product_tag","embeddable":true,"href":"https:\/\/spawlab.pl\/en\/wp-json\/wp\/v2\/product_tag?post=30337"}],"curies":[{"name":"wp","href":"https:\/\/api.w.org\/{rel}","templated":true}]}}