{"id":30352,"date":"2021-10-25T07:15:23","date_gmt":"2021-10-25T05:15:23","guid":{"rendered":"https:\/\/spawlab.pl\/produkt\/magnum-223-lcd-dual-puls-synergy-wi-fi\/"},"modified":"2021-10-25T07:15:23","modified_gmt":"2021-10-25T05:15:23","slug":"magnum-223-lcd-dual-puls-synergy-wi-fi","status":"publish","type":"product","link":"https:\/\/spawlab.pl\/en\/produkt\/magnum-223-lcd-dual-puls-synergy-wi-fi\/","title":{"rendered":"Magnum 223 LCD DUAL PULS SYNERGY WI-FI"},"content":{"rendered":"<p>The <strong>MAGNUM<\/strong> MIG 223X DP SYNERGIA is a lightweight portable semi-automatic welding machine powered by 230V single-phase mains with a maximum welding current of 200A. MIG 223X has an active <strong>WiFi<\/strong> module <strong>,<\/strong> when the device is turned on <strong>,<\/strong> it creates a network called <strong>&#8220;WELD&#8221;<\/strong>. Through the <strong>&#8220;WELDER&#8221;<\/strong> application running on <strong>ANDROID<\/strong> system, you can fully control the device remotely.  <\/p>\n<p>The offered device is made with inverter technology with a microcontroller <strong>MCU (integrated microprocessor system)<\/strong>. It is equipped with a large color <strong>LCD<\/strong> display and an intuitive, easy-to-use control panel, which allows you to quickly set all the most important welding parameters. The welder has single and double PULSE function and synergic control.  <\/p>\n<p><strong>AVAILABLE WELDING METHODS:<\/strong><br \/>\n&#8211;<strong> MIG\/MAG<\/strong> &#8211; synergistic settings<br \/>\n&#8211; <strong>MIG PULS<\/strong> &#8211; synergistic settings with single pulse,<br \/>\n&#8211; <strong>MIG 2-PULS<\/strong> &#8211; synergistic settings with double pulse,<br \/>\n&#8211; <strong>TIG LIFT DC<\/strong> &#8211; welding with non-fusible electrode in an inert gas shield,<br \/>\n&#8211; <strong>TIG LIFT DC<\/strong> &#8211; with PULSE,<br \/>\n&#8211; <strong>MMA<\/strong> &#8211; welding with covered electrodes (rutile, basic, acid),<\/p>\n<p>DEVICE <strong>BENEFITS:<\/strong><br \/>\n&#8211; control via Wi-Fi<br \/>\n&#8211; single and double PULSE<br \/>\n&#8211; SYNERGY function<br \/>\n&#8211; INDUCTIVITY control<br \/>\n&#8211; programs for: aluminum, stainless steel, black steel<br \/>\n&#8211; MMA welding<br \/>\n&#8211; functions: VRD, HOT START, ARC FORCE<br \/>\n&#8211; TIG LIFT PULS welding<br \/>\n&#8211; spot welding<br \/>\n&#8211; additional functions: 2T, S2T, 4T, S4T<\/p>\n<p>The current source is built on the basis of the latest technology using <strong>IGBT<\/strong> transistors <strong>,<\/strong> which translates into reduced electromagnetic interference, low power loss, increased efficiency and reliability of the current source, and has significantly reduced power consumption. The design and software, coupled with digital control, makes it possible to achieve excellent welding parameters and obtain high quality welded joints. <\/p>\n<p>The device has a stepless adjustment of welding parameters, and is equipped with an overload thermal protection system to prevent excessive overheating. The welder is equipped with a 2-roller wire feeder with a &#8220;euro connector&#8221; socket allows you to connect different types of welding fixtures. <\/p>\n<p>The welder is characterized by a wide range of applications, it is dedicated to all kinds of welding work in households, locksmith shops, repair shops, etc.<\/p>\n<p><strong>TECHNICAL DATA:<\/strong><br \/>\n&#8211; Power supply: AC 230 [V], 50 [Hz],<br \/>\n&#8211; Protection required: 20 [A] class C<br \/>\n&#8211; Efficiency: 60 [%]<br \/>\n&#8211; MIG\/MAG welding current: 30 &#8211; 200 [A]<br \/>\n&#8211; MIG\/MAG welding voltage: 17.5 &#8211; 28 [V]<br \/>\n&#8211; MMA welding current: 20 &#8211; 180 [A]<br \/>\n&#8211; TIG Lift welding current: 10 &#8211; 200 [A]<br \/>\n&#8211; Idle voltage: 69 [V]<br \/>\n&#8211; Wire spool diameter: 200 [mm]<br \/>\n&#8211; Wire spool weight: max: 5 [kg]<br \/>\n&#8211; Wire diameter: 0.8\/1.0\/1.2 [mm]<br \/>\n&#8211; Housing protection class: IP21<br \/>\n&#8211; Weight: 11 [kg]<\/p>\n<p>THE <strong>KIT INCLUDES:<\/strong><br \/>\n&#8211; Welding machine<br \/>\n&#8211; MIG\/MAG MB 24\/3m holder,<br \/>\n&#8211; Electrode holder,<br \/>\n&#8211; Ground holder,<br \/>\n&#8211; Feeder roller,<br \/>\n&#8211; User manual.<\/p>\n","protected":false},"excerpt":{"rendered":"<p>The MAGNUM MIG 223X DP SYNERGIA is a lightweight portable semi-automatic welding machine powered by 230V single-phase mains with a maximum welding current of 200A. MIG 223X has an active WiFi module , when the device is turned on , it creates a network called &#8220;WELD&#8221;. Through the &#8220;WELDER&#8221; application running on ANDROID system, you [&hellip;]<\/p>\n","protected":false},"featured_media":13522,"template":"","meta":{"inline_featured_image":false},"product_brand":[],"product_cat":[498,512,474],"product_tag":[],"class_list":{"0":"post-30352","1":"product","2":"type-product","3":"status-publish","4":"has-post-thumbnail","6":"product_cat-gas-cooled-en-7","7":"product_cat-mig-mag-en-2","8":"product_cat-new","10":"first","11":"instock","12":"taxable","13":"shipping-taxable","14":"purchasable","15":"product-type-simple"},"yoast_head":"<!-- This site is optimized with the Yoast SEO Premium plugin v27.0 (Yoast SEO v27.3) - https:\/\/yoast.com\/product\/yoast-seo-premium-wordpress\/ -->\n<title>Magnum 223 LCD DUAL PULS SYNERGY WI-FI - SpawLab - Welding equipment and plasma cutters - store and service<\/title>\n<meta name=\"description\" content=\"Lider sprzeda\u017cy, Oficjalny Dystrybutor Premium i Serwis na Polsk\u0119 Migatronic, Gys, Voestalpine Bohler Welding. Nowe i u\u017cywane Spawarki, Przecinarki Plazmowe, Kompresory. Mgr in\u017c. Jaros\u0142aw Ko\u0142aski, IWE\" \/>\n<meta name=\"robots\" content=\"index, follow, max-snippet:-1, max-image-preview:large, max-video-preview:-1\" \/>\n<link rel=\"canonical\" href=\"https:\/\/spawlab.pl\/en\/produkt\/magnum-223-lcd-dual-puls-synergy-wi-fi\/\" \/>\n<meta property=\"og:locale\" content=\"en_US\" \/>\n<meta property=\"og:type\" content=\"article\" \/>\n<meta property=\"og:title\" content=\"Magnum 223 LCD DUAL PULS SYNERGY WI-FI\" \/>\n<meta property=\"og:description\" content=\"Lider sprzeda\u017cy, Oficjalny Dystrybutor Premium i Serwis na Polsk\u0119 Migatronic, Gys, Voestalpine Bohler Welding. Nowe i u\u017cywane Spawarki, Przecinarki Plazmowe, Kompresory. Mgr in\u017c. Jaros\u0142aw Ko\u0142aski, IWE\" \/>\n<meta property=\"og:url\" content=\"https:\/\/spawlab.pl\/en\/produkt\/magnum-223-lcd-dual-puls-synergy-wi-fi\/\" \/>\n<meta property=\"og:site_name\" content=\"SpawLab - Welding equipment and plasma cutters - store and service\" \/>\n<meta property=\"article:publisher\" content=\"https:\/\/www.facebook.com\/Spawlab\/\" \/>\n<meta property=\"og:image\" content=\"https:\/\/spawlab.pl\/wp-content\/uploads\/2025\/06\/LOGO-SPOLECZN-scaled.png\" \/>\n\t<meta property=\"og:image:width\" content=\"2560\" \/>\n\t<meta property=\"og:image:height\" content=\"1440\" \/>\n\t<meta property=\"og:image:type\" content=\"image\/png\" \/>\n<meta name=\"twitter:label1\" content=\"Price\" \/>\n\t<meta name=\"twitter:data1\" content=\"2 390,00&nbsp;&#122;&#322; (1 943,09&nbsp;&#122;&#322; netto)\" \/>\n\t<meta name=\"twitter:label2\" content=\"Availability\" \/>\n\t<meta name=\"twitter:data2\" content=\"In stock\" \/>\n<script type=\"application\/ld+json\" class=\"yoast-schema-graph\">{\"@context\":\"https:\\\/\\\/schema.org\",\"@graph\":[{\"@type\":[\"WebPage\",\"ItemPage\"],\"@id\":\"https:\\\/\\\/spawlab.pl\\\/en\\\/produkt\\\/magnum-223-lcd-dual-puls-synergy-wi-fi\\\/\",\"url\":\"https:\\\/\\\/spawlab.pl\\\/en\\\/produkt\\\/magnum-223-lcd-dual-puls-synergy-wi-fi\\\/\",\"name\":\"Magnum 223 LCD DUAL PULS SYNERGY WI-FI - SpawLab - Welding equipment and plasma cutters - store and service\",\"isPartOf\":{\"@id\":\"https:\\\/\\\/spawlab.pl\\\/en\\\/#website\"},\"primaryImageOfPage\":{\"@id\":\"https:\\\/\\\/spawlab.pl\\\/en\\\/produkt\\\/magnum-223-lcd-dual-puls-synergy-wi-fi\\\/#primaryimage\"},\"image\":{\"@id\":\"https:\\\/\\\/spawlab.pl\\\/en\\\/produkt\\\/magnum-223-lcd-dual-puls-synergy-wi-fi\\\/#primaryimage\"},\"thumbnailUrl\":\"https:\\\/\\\/spawlab.pl\\\/wp-content\\\/uploads\\\/2021\\\/10\\\/polautomat-spawalniczy-mig-mag-223-lcd-dual-puls-synergia-wyposazony-w-zdalne-sterowanie-poprzez-wi-fi-.jpg\",\"datePublished\":\"2021-10-25T05:15:23+00:00\",\"description\":\"Lider sprzeda\u017cy, Oficjalny Dystrybutor Premium i Serwis na Polsk\u0119 Migatronic, Gys, Voestalpine Bohler Welding. Nowe i u\u017cywane Spawarki, Przecinarki Plazmowe, Kompresory. Mgr in\u017c. Jaros\u0142aw Ko\u0142aski, IWE\",\"breadcrumb\":{\"@id\":\"https:\\\/\\\/spawlab.pl\\\/en\\\/produkt\\\/magnum-223-lcd-dual-puls-synergy-wi-fi\\\/#breadcrumb\"},\"inLanguage\":\"en-US\",\"potentialAction\":[{\"@type\":\"ReadAction\",\"target\":[\"https:\\\/\\\/spawlab.pl\\\/en\\\/produkt\\\/magnum-223-lcd-dual-puls-synergy-wi-fi\\\/\"]}]},{\"@type\":\"ImageObject\",\"inLanguage\":\"en-US\",\"@id\":\"https:\\\/\\\/spawlab.pl\\\/en\\\/produkt\\\/magnum-223-lcd-dual-puls-synergy-wi-fi\\\/#primaryimage\",\"url\":\"https:\\\/\\\/spawlab.pl\\\/wp-content\\\/uploads\\\/2021\\\/10\\\/polautomat-spawalniczy-mig-mag-223-lcd-dual-puls-synergia-wyposazony-w-zdalne-sterowanie-poprzez-wi-fi-.jpg\",\"contentUrl\":\"https:\\\/\\\/spawlab.pl\\\/wp-content\\\/uploads\\\/2021\\\/10\\\/polautomat-spawalniczy-mig-mag-223-lcd-dual-puls-synergia-wyposazony-w-zdalne-sterowanie-poprzez-wi-fi-.jpg\",\"width\":800,\"height\":800},{\"@type\":\"BreadcrumbList\",\"@id\":\"https:\\\/\\\/spawlab.pl\\\/en\\\/produkt\\\/magnum-223-lcd-dual-puls-synergy-wi-fi\\\/#breadcrumb\",\"itemListElement\":[{\"@type\":\"ListItem\",\"position\":1,\"name\":\"Strona g\u0142\u00f3wna\",\"item\":\"https:\\\/\\\/spawlab.pl\\\/en\\\/\"},{\"@type\":\"ListItem\",\"position\":2,\"name\":\"Store\",\"item\":\"https:\\\/\\\/spawlab.pl\\\/en\\\/shop\\\/\"},{\"@type\":\"ListItem\",\"position\":3,\"name\":\"Magnum 223 LCD DUAL PULS SYNERGY WI-FI\"}]},{\"@type\":\"WebSite\",\"@id\":\"https:\\\/\\\/spawlab.pl\\\/en\\\/#website\",\"url\":\"https:\\\/\\\/spawlab.pl\\\/en\\\/\",\"name\":\"Spawlab.pl Lider - Spawarki, Przecinarki Plazmowe, Kompresory\",\"description\":\"Urz\u0105dzenia spawalnicze i Przecinarki plazmowe\\\/ nowe i u\u017cywane \\\/ Profesjonalny serwis\",\"publisher\":{\"@id\":\"https:\\\/\\\/spawlab.pl\\\/en\\\/#organization\"},\"alternateName\":\"Spawlab.pl - Dystrybutor Premium i Serwis na Polske Migatronic, Gys, Voestalpine Bohler Welding\",\"potentialAction\":[{\"@type\":\"SearchAction\",\"target\":{\"@type\":\"EntryPoint\",\"urlTemplate\":\"https:\\\/\\\/spawlab.pl\\\/en\\\/?s={search_term_string}\"},\"query-input\":{\"@type\":\"PropertyValueSpecification\",\"valueRequired\":true,\"valueName\":\"search_term_string\"}}],\"inLanguage\":\"en-US\"},{\"@type\":[\"Organization\",\"Place\"],\"@id\":\"https:\\\/\\\/spawlab.pl\\\/en\\\/#organization\",\"name\":\"Spawlab.pl\",\"url\":\"https:\\\/\\\/spawlab.pl\\\/en\\\/\",\"logo\":{\"@id\":\"https:\\\/\\\/spawlab.pl\\\/en\\\/produkt\\\/magnum-223-lcd-dual-puls-synergy-wi-fi\\\/#local-main-organization-logo\"},\"image\":{\"@id\":\"https:\\\/\\\/spawlab.pl\\\/en\\\/produkt\\\/magnum-223-lcd-dual-puls-synergy-wi-fi\\\/#local-main-organization-logo\"},\"sameAs\":[\"https:\\\/\\\/www.facebook.com\\\/Spawlab\\\/\",\"https:\\\/\\\/www.linkedin.com\\\/company\\\/spawlab\",\"https:\\\/\\\/www.instagram.com\\\/spawlab.pl\",\"https:\\\/\\\/www.tiktok.com\\\/@spawlab\"],\"description\":\"Lider sprzeda\u017cy, Oficjalny Dystrybutor Premium i Serwis na Polsk\u0119 Migatronic, Gys, Voestalpine Bohler Welding. Nowe i u\u017cywane Spawarki, Przecinarki Plazmowe, Kompresory. Mgr in\u017c. Jaros\u0142aw Ko\u0142aski, IWE\",\"hasMerchantReturnPolicy\":{\"@type\":\"MerchantReturnPolicy\",\"merchantReturnLink\":\"https:\\\/\\\/spawlab.pl\\\/polityka-prywatnosci-2\\\/\"},\"telephone\":[],\"openingHoursSpecification\":[{\"@type\":\"OpeningHoursSpecification\",\"dayOfWeek\":[\"Monday\",\"Tuesday\",\"Wednesday\",\"Thursday\",\"Friday\",\"Saturday\",\"Sunday\"],\"opens\":\"09:00\",\"closes\":\"17:00\"}]},{\"@type\":\"ImageObject\",\"inLanguage\":\"en-US\",\"@id\":\"https:\\\/\\\/spawlab.pl\\\/en\\\/produkt\\\/magnum-223-lcd-dual-puls-synergy-wi-fi\\\/#local-main-organization-logo\",\"url\":\"https:\\\/\\\/spawlab.pl\\\/wp-content\\\/uploads\\\/2022\\\/01\\\/olx.jpg\",\"contentUrl\":\"https:\\\/\\\/spawlab.pl\\\/wp-content\\\/uploads\\\/2022\\\/01\\\/olx.jpg\",\"width\":200,\"height\":200,\"caption\":\"Spawlab.pl\"}]}<\/script>\n<meta property=\"product:price:amount\" content=\"2390.00\" \/>\n<meta property=\"product:price:currency\" content=\"PLN\" \/>\n<meta property=\"og:availability\" content=\"instock\" \/>\n<meta property=\"product:availability\" content=\"instock\" \/>\n<meta property=\"product:condition\" content=\"new\" \/>\n<!-- \/ Yoast SEO Premium plugin. -->","yoast_head_json":{"title":"Magnum 223 LCD DUAL PULS SYNERGY WI-FI - SpawLab - Welding equipment and plasma cutters - store and service","description":"Lider sprzeda\u017cy, Oficjalny Dystrybutor Premium i Serwis na Polsk\u0119 Migatronic, Gys, Voestalpine Bohler Welding. Nowe i u\u017cywane Spawarki, Przecinarki Plazmowe, Kompresory. Mgr in\u017c. Jaros\u0142aw Ko\u0142aski, IWE","robots":{"index":"index","follow":"follow","max-snippet":"max-snippet:-1","max-image-preview":"max-image-preview:large","max-video-preview":"max-video-preview:-1"},"canonical":"https:\/\/spawlab.pl\/en\/produkt\/magnum-223-lcd-dual-puls-synergy-wi-fi\/","og_locale":"en_US","og_type":"article","og_title":"Magnum 223 LCD DUAL PULS SYNERGY WI-FI","og_description":"Lider sprzeda\u017cy, Oficjalny Dystrybutor Premium i Serwis na Polsk\u0119 Migatronic, Gys, Voestalpine Bohler Welding. Nowe i u\u017cywane Spawarki, Przecinarki Plazmowe, Kompresory. Mgr in\u017c. Jaros\u0142aw Ko\u0142aski, IWE","og_url":"https:\/\/spawlab.pl\/en\/produkt\/magnum-223-lcd-dual-puls-synergy-wi-fi\/","og_site_name":"SpawLab - Welding equipment and plasma cutters - store and service","article_publisher":"https:\/\/www.facebook.com\/Spawlab\/","og_image":[{"width":2560,"height":1440,"url":"https:\/\/spawlab.pl\/wp-content\/uploads\/2025\/06\/LOGO-SPOLECZN-scaled.png","type":"image\/png"}],"twitter_misc":{"Price":"2 390,00&nbsp;&#122;&#322; (1 943,09&nbsp;&#122;&#322; netto)","Availability":"In stock"},"schema":{"@context":"https:\/\/schema.org","@graph":[{"@type":["WebPage","ItemPage"],"@id":"https:\/\/spawlab.pl\/en\/produkt\/magnum-223-lcd-dual-puls-synergy-wi-fi\/","url":"https:\/\/spawlab.pl\/en\/produkt\/magnum-223-lcd-dual-puls-synergy-wi-fi\/","name":"Magnum 223 LCD DUAL PULS SYNERGY WI-FI - SpawLab - Welding equipment and plasma cutters - store and service","isPartOf":{"@id":"https:\/\/spawlab.pl\/en\/#website"},"primaryImageOfPage":{"@id":"https:\/\/spawlab.pl\/en\/produkt\/magnum-223-lcd-dual-puls-synergy-wi-fi\/#primaryimage"},"image":{"@id":"https:\/\/spawlab.pl\/en\/produkt\/magnum-223-lcd-dual-puls-synergy-wi-fi\/#primaryimage"},"thumbnailUrl":"https:\/\/spawlab.pl\/wp-content\/uploads\/2021\/10\/polautomat-spawalniczy-mig-mag-223-lcd-dual-puls-synergia-wyposazony-w-zdalne-sterowanie-poprzez-wi-fi-.jpg","datePublished":"2021-10-25T05:15:23+00:00","description":"Lider sprzeda\u017cy, Oficjalny Dystrybutor Premium i Serwis na Polsk\u0119 Migatronic, Gys, Voestalpine Bohler Welding. Nowe i u\u017cywane Spawarki, Przecinarki Plazmowe, Kompresory. Mgr in\u017c. Jaros\u0142aw Ko\u0142aski, IWE","breadcrumb":{"@id":"https:\/\/spawlab.pl\/en\/produkt\/magnum-223-lcd-dual-puls-synergy-wi-fi\/#breadcrumb"},"inLanguage":"en-US","potentialAction":[{"@type":"ReadAction","target":["https:\/\/spawlab.pl\/en\/produkt\/magnum-223-lcd-dual-puls-synergy-wi-fi\/"]}]},{"@type":"ImageObject","inLanguage":"en-US","@id":"https:\/\/spawlab.pl\/en\/produkt\/magnum-223-lcd-dual-puls-synergy-wi-fi\/#primaryimage","url":"https:\/\/spawlab.pl\/wp-content\/uploads\/2021\/10\/polautomat-spawalniczy-mig-mag-223-lcd-dual-puls-synergia-wyposazony-w-zdalne-sterowanie-poprzez-wi-fi-.jpg","contentUrl":"https:\/\/spawlab.pl\/wp-content\/uploads\/2021\/10\/polautomat-spawalniczy-mig-mag-223-lcd-dual-puls-synergia-wyposazony-w-zdalne-sterowanie-poprzez-wi-fi-.jpg","width":800,"height":800},{"@type":"BreadcrumbList","@id":"https:\/\/spawlab.pl\/en\/produkt\/magnum-223-lcd-dual-puls-synergy-wi-fi\/#breadcrumb","itemListElement":[{"@type":"ListItem","position":1,"name":"Strona g\u0142\u00f3wna","item":"https:\/\/spawlab.pl\/en\/"},{"@type":"ListItem","position":2,"name":"Store","item":"https:\/\/spawlab.pl\/en\/shop\/"},{"@type":"ListItem","position":3,"name":"Magnum 223 LCD DUAL PULS SYNERGY WI-FI"}]},{"@type":"WebSite","@id":"https:\/\/spawlab.pl\/en\/#website","url":"https:\/\/spawlab.pl\/en\/","name":"Spawlab.pl Lider - Spawarki, Przecinarki Plazmowe, Kompresory","description":"Urz\u0105dzenia spawalnicze i Przecinarki plazmowe\/ nowe i u\u017cywane \/ Profesjonalny serwis","publisher":{"@id":"https:\/\/spawlab.pl\/en\/#organization"},"alternateName":"Spawlab.pl - Dystrybutor Premium i Serwis na Polske Migatronic, Gys, Voestalpine Bohler Welding","potentialAction":[{"@type":"SearchAction","target":{"@type":"EntryPoint","urlTemplate":"https:\/\/spawlab.pl\/en\/?s={search_term_string}"},"query-input":{"@type":"PropertyValueSpecification","valueRequired":true,"valueName":"search_term_string"}}],"inLanguage":"en-US"},{"@type":["Organization","Place"],"@id":"https:\/\/spawlab.pl\/en\/#organization","name":"Spawlab.pl","url":"https:\/\/spawlab.pl\/en\/","logo":{"@id":"https:\/\/spawlab.pl\/en\/produkt\/magnum-223-lcd-dual-puls-synergy-wi-fi\/#local-main-organization-logo"},"image":{"@id":"https:\/\/spawlab.pl\/en\/produkt\/magnum-223-lcd-dual-puls-synergy-wi-fi\/#local-main-organization-logo"},"sameAs":["https:\/\/www.facebook.com\/Spawlab\/","https:\/\/www.linkedin.com\/company\/spawlab","https:\/\/www.instagram.com\/spawlab.pl","https:\/\/www.tiktok.com\/@spawlab"],"description":"Lider sprzeda\u017cy, Oficjalny Dystrybutor Premium i Serwis na Polsk\u0119 Migatronic, Gys, Voestalpine Bohler Welding. Nowe i u\u017cywane Spawarki, Przecinarki Plazmowe, Kompresory. Mgr in\u017c. Jaros\u0142aw Ko\u0142aski, IWE","hasMerchantReturnPolicy":{"@type":"MerchantReturnPolicy","merchantReturnLink":"https:\/\/spawlab.pl\/polityka-prywatnosci-2\/"},"telephone":[],"openingHoursSpecification":[{"@type":"OpeningHoursSpecification","dayOfWeek":["Monday","Tuesday","Wednesday","Thursday","Friday","Saturday","Sunday"],"opens":"09:00","closes":"17:00"}]},{"@type":"ImageObject","inLanguage":"en-US","@id":"https:\/\/spawlab.pl\/en\/produkt\/magnum-223-lcd-dual-puls-synergy-wi-fi\/#local-main-organization-logo","url":"https:\/\/spawlab.pl\/wp-content\/uploads\/2022\/01\/olx.jpg","contentUrl":"https:\/\/spawlab.pl\/wp-content\/uploads\/2022\/01\/olx.jpg","width":200,"height":200,"caption":"Spawlab.pl"}]},"product_price_amount":"2390.00","product_price_currency":"PLN","og_availability":"instock","product_availability":"instock","product_condition":"new"},"_links":{"self":[{"href":"https:\/\/spawlab.pl\/en\/wp-json\/wp\/v2\/product\/30352","targetHints":{"allow":["GET"]}}],"collection":[{"href":"https:\/\/spawlab.pl\/en\/wp-json\/wp\/v2\/product"}],"about":[{"href":"https:\/\/spawlab.pl\/en\/wp-json\/wp\/v2\/types\/product"}],"wp:featuredmedia":[{"embeddable":true,"href":"https:\/\/spawlab.pl\/en\/wp-json\/wp\/v2\/media\/13522"}],"wp:attachment":[{"href":"https:\/\/spawlab.pl\/en\/wp-json\/wp\/v2\/media?parent=30352"}],"wp:term":[{"taxonomy":"product_brand","embeddable":true,"href":"https:\/\/spawlab.pl\/en\/wp-json\/wp\/v2\/product_brand?post=30352"},{"taxonomy":"product_cat","embeddable":true,"href":"https:\/\/spawlab.pl\/en\/wp-json\/wp\/v2\/product_cat?post=30352"},{"taxonomy":"product_tag","embeddable":true,"href":"https:\/\/spawlab.pl\/en\/wp-json\/wp\/v2\/product_tag?post=30352"}],"curies":[{"name":"wp","href":"https:\/\/api.w.org\/{rel}","templated":true}]}}