{"id":30362,"date":"2021-10-24T19:13:27","date_gmt":"2021-10-24T17:13:27","guid":{"rendered":"https:\/\/spawlab.pl\/produkt\/ideal-tecno-mig-280-4x4-digital-mma\/"},"modified":"2021-10-24T19:13:27","modified_gmt":"2021-10-24T17:13:27","slug":"ideal-tecno-mig-280-4x4-digital-mma","status":"publish","type":"product","link":"https:\/\/spawlab.pl\/en\/produkt\/ideal-tecno-mig-280-4x4-digital-mma\/","title":{"rendered":"Ideal TECNO MIG 280 4&#215;4 DIGITAL MMA"},"content":{"rendered":"<p>Professional inverter semi-automatic welding machine for MIG-MAG welding with gas-shielded welding wire and MMA welding. 280A welding current. 400V power supply. Welding wire diameter 0,6-1,0mm. Wire feeder 4-roll    <\/p>\n<p>The TECNO MIG 280 4&#215;4 DIGITAL MMA is an inverter semi-automatic welding machine designed for MIG\/MAG and MMA arc welding.<\/p>\n<p>The TECNO MIG 280 is used for welding aluminum and its alloys, stainless steel and carbon and low alloy steels. Welding is carried out in an inert or active gas shield. <\/p>\n<p>The device has a welding current stabilization system to ensure that the desired output parameters are achieved. This guarantees control of the current delivered to the material to be welded and the achievement of a high quality weld. <\/p>\n<p>The electronically controlled infinitely adjustable welding current and wire feed speed and the infinitely adjustable electronic choke allows for low spatter during welding.<\/p>\n<p>With the MIG\/MAG method, we have the option to choose the function of the button in the handle between 2T (no button lock) \/ 4T (button lock for long welds) operation<\/p>\n<p>The TECNO MIG 280 MMA is equipped with a digital meter (voltmeter, ammeter) which allows you to control the welding parameters in real time.<\/p>\n<p>With the MIG\/MAG method, we can adjust:<\/p>\n<p>welding current<br \/>\nwire feed speed<br \/>\ninductance<br \/>\nProfessional 4-roller wire feeder ensures stable weld feeding.<\/p>\n<p>Physical parameters<br \/>\nThe device has a fan-cooling system which definitely increases its efficiency.<\/p>\n<p>The device is equipped with overload protection, which increases its reliability.<\/p>\n<p>Power supply parameters<br \/>\nThree-phase 400V power supply<\/p>\n<p>The device is equipped with a power plug.<\/p>\n<p>Equipment<br \/>\nThe delivery includes a device with a professional MIG 25 welding chuck with a length of 3 meters, electrode cable with a length of 3 meters, ground cable with a length of 3 meters.<\/p>\n<p>Warranty conditions<br \/>\nWarranty 12 months for professional use. Warranty service is provided door-to-door without transportation costs on the user&#8217;s side. <\/p>\n<table class=\" table table-striped int-el-product-attribute-table \">\n<tbody>\n<tr class=\"int-el-product-attribute-table-attribute\">\n<td class=\"int-el-product-attribute-table-attribute-name\">Wire spool size<\/td>\n<td class=\"int-el-product-attribute-table-attribute-value\">5 kg \/ 15 kg<\/td>\n<\/tr>\n<tr class=\"int-el-product-attribute-table-attribute\">\n<td class=\"int-el-product-attribute-table-attribute-name\">Degree of protection<\/td>\n<td class=\"int-el-product-attribute-table-attribute-value\">IP 21S<\/td>\n<\/tr>\n<tr class=\"int-el-product-attribute-table-attribute\">\n<td class=\"int-el-product-attribute-table-attribute-name\">Weight<\/td>\n<td class=\"int-el-product-attribute-table-attribute-value\">50 kg<\/td>\n<\/tr>\n<tr class=\"int-el-product-attribute-table-attribute\">\n<td class=\"int-el-product-attribute-table-attribute-name\">Overall dimensions L x W x H<\/td>\n<td class=\"int-el-product-attribute-table-attribute-value\">960x680x400 mm<\/td>\n<\/tr>\n<tr class=\"int-el-product-attribute-table-attribute\">\n<td class=\"int-el-product-attribute-table-attribute-name\">Package dimensions L x W x H<\/td>\n<td class=\"int-el-product-attribute-table-attribute-value\">860x310x580 mm<\/td>\n<\/tr>\n<tr class=\"int-el-product-attribute-table-group\">\n<td colspan=\"2\">SPECIFICATIONS<\/td>\n<\/tr>\n<tr class=\"int-el-product-attribute-table-attribute\">\n<td class=\"int-el-product-attribute-table-attribute-name\">Power<\/td>\n<td class=\"int-el-product-attribute-table-attribute-value\">8.3 kW<\/td>\n<\/tr>\n<tr class=\"int-el-product-attribute-table-attribute\">\n<td class=\"int-el-product-attribute-table-attribute-name\">Idle state voltage<\/td>\n<td class=\"int-el-product-attribute-table-attribute-value\">56 V<\/td>\n<\/tr>\n<tr class=\"int-el-product-attribute-table-attribute\">\n<td class=\"int-el-product-attribute-table-attribute-name\">Current at 100% operation<\/td>\n<td class=\"int-el-product-attribute-table-attribute-value\">210 A (MIG\/MAG) \/ 130 A (MMA)<\/td>\n<\/tr>\n<tr class=\"int-el-product-attribute-table-attribute\">\n<td class=\"int-el-product-attribute-table-attribute-name\">Diameter of aluminum wire<\/td>\n<td class=\"int-el-product-attribute-table-attribute-value\">1.0 &#8211; 1.2 mm<\/td>\n<\/tr>\n<tr class=\"int-el-product-attribute-table-attribute\">\n<td class=\"int-el-product-attribute-table-attribute-name\">Steel wire diameter<\/td>\n<td class=\"int-el-product-attribute-table-attribute-value\">0.6 &#8211; 1.2 mm<\/td>\n<\/tr>\n<tr class=\"int-el-product-attribute-table-attribute\">\n<td class=\"int-el-product-attribute-table-attribute-name\">Stainless steel wire diameter<\/td>\n<td class=\"int-el-product-attribute-table-attribute-value\">0.8 &#8211; 1.0 mm<\/td>\n<\/tr>\n<tr class=\"int-el-product-attribute-table-attribute\">\n<td class=\"int-el-product-attribute-table-attribute-name\">Welding electrode diameter<\/td>\n<td class=\"int-el-product-attribute-table-attribute-value\">1.6 &#8211; 4.0 mm<\/td>\n<\/tr>\n<tr class=\"int-el-product-attribute-table-attribute\">\n<td class=\"int-el-product-attribute-table-attribute-name\">Welding current adjustment range<\/td>\n<td class=\"int-el-product-attribute-table-attribute-value\">30 &#8211; 280 A<\/td>\n<\/tr>\n<tr class=\"int-el-product-attribute-table-group\">\n<td colspan=\"2\">POWER SUPPLY PARAMETERS<\/td>\n<\/tr>\n<tr class=\"int-el-product-attribute-table-attribute\">\n<td class=\"int-el-product-attribute-table-attribute-name\">Mains protection<\/td>\n<td class=\"int-el-product-attribute-table-attribute-value\">C16 A<\/td>\n<\/tr>\n<tr class=\"int-el-product-attribute-table-attribute\">\n<td class=\"int-el-product-attribute-table-attribute-name\">Rated supply voltage<\/td>\n<td class=\"int-el-product-attribute-table-attribute-value\">3&#215;400 V; 50Hz (3ph)<\/td>\n<\/tr>\n<\/tbody>\n<\/table>\n","protected":false},"excerpt":{"rendered":"<p>Professional inverter semi-automatic welding machine for MIG-MAG welding with gas-shielded welding wire and MMA welding. 280A welding current. 400V power supply. Welding wire diameter 0,6-1,0mm. Wire feeder 4-roll The TECNO MIG 280 4&#215;4 DIGITAL MMA is an inverter semi-automatic welding machine designed for MIG\/MAG and MMA arc welding. The TECNO MIG 280 is used for [&hellip;]<\/p>\n","protected":false},"featured_media":13359,"template":"","meta":{"inline_featured_image":false},"product_brand":[],"product_cat":[498,512,474],"product_tag":[],"class_list":{"0":"post-30362","1":"product","2":"type-product","3":"status-publish","4":"has-post-thumbnail","6":"product_cat-gas-cooled-en-7","7":"product_cat-mig-mag-en-2","8":"product_cat-new","10":"first","11":"instock","12":"taxable","13":"shipping-taxable","14":"purchasable","15":"product-type-simple"},"yoast_head":"<!-- This site is optimized with the Yoast SEO Premium plugin v27.0 (Yoast SEO v27.3) - https:\/\/yoast.com\/product\/yoast-seo-premium-wordpress\/ -->\n<title>Ideal TECNO MIG 280 4x4 DIGITAL MMA - SpawLab - Welding equipment and plasma cutters - store and service<\/title>\n<meta name=\"description\" content=\"Lider sprzeda\u017cy, Oficjalny Dystrybutor Premium i Serwis na Polsk\u0119 Migatronic, Gys, Voestalpine Bohler Welding. Nowe i u\u017cywane Spawarki, Przecinarki Plazmowe, Kompresory. Mgr in\u017c. Jaros\u0142aw Ko\u0142aski, IWE\" \/>\n<meta name=\"robots\" content=\"index, follow, max-snippet:-1, max-image-preview:large, max-video-preview:-1\" \/>\n<link rel=\"canonical\" href=\"https:\/\/spawlab.pl\/en\/produkt\/ideal-tecno-mig-280-4x4-digital-mma\/\" \/>\n<meta property=\"og:locale\" content=\"en_US\" \/>\n<meta property=\"og:type\" content=\"article\" \/>\n<meta property=\"og:title\" content=\"Ideal TECNO MIG 280 4x4 DIGITAL MMA\" \/>\n<meta property=\"og:description\" content=\"Lider sprzeda\u017cy, Oficjalny Dystrybutor Premium i Serwis na Polsk\u0119 Migatronic, Gys, Voestalpine Bohler Welding. Nowe i u\u017cywane Spawarki, Przecinarki Plazmowe, Kompresory. Mgr in\u017c. Jaros\u0142aw Ko\u0142aski, IWE\" \/>\n<meta property=\"og:url\" content=\"https:\/\/spawlab.pl\/en\/produkt\/ideal-tecno-mig-280-4x4-digital-mma\/\" \/>\n<meta property=\"og:site_name\" content=\"SpawLab - Welding equipment and plasma cutters - store and service\" \/>\n<meta property=\"article:publisher\" content=\"https:\/\/www.facebook.com\/Spawlab\/\" \/>\n<meta property=\"og:image\" content=\"https:\/\/spawlab.pl\/wp-content\/uploads\/2025\/06\/LOGO-SPOLECZN-scaled.png\" \/>\n\t<meta property=\"og:image:width\" content=\"2560\" \/>\n\t<meta property=\"og:image:height\" content=\"1440\" \/>\n\t<meta property=\"og:image:type\" content=\"image\/png\" \/>\n<meta name=\"twitter:label1\" content=\"Price\" \/>\n\t<meta name=\"twitter:data1\" content=\"3 249,00&nbsp;&#122;&#322; (2 641,46&nbsp;&#122;&#322; netto)\" \/>\n\t<meta name=\"twitter:label2\" content=\"Availability\" \/>\n\t<meta name=\"twitter:data2\" content=\"In stock\" \/>\n<script type=\"application\/ld+json\" class=\"yoast-schema-graph\">{\"@context\":\"https:\\\/\\\/schema.org\",\"@graph\":[{\"@type\":[\"WebPage\",\"ItemPage\"],\"@id\":\"https:\\\/\\\/spawlab.pl\\\/en\\\/produkt\\\/ideal-tecno-mig-280-4x4-digital-mma\\\/\",\"url\":\"https:\\\/\\\/spawlab.pl\\\/en\\\/produkt\\\/ideal-tecno-mig-280-4x4-digital-mma\\\/\",\"name\":\"Ideal TECNO MIG 280 4x4 DIGITAL MMA - SpawLab - Welding equipment and plasma cutters - store and service\",\"isPartOf\":{\"@id\":\"https:\\\/\\\/spawlab.pl\\\/en\\\/#website\"},\"primaryImageOfPage\":{\"@id\":\"https:\\\/\\\/spawlab.pl\\\/en\\\/produkt\\\/ideal-tecno-mig-280-4x4-digital-mma\\\/#primaryimage\"},\"image\":{\"@id\":\"https:\\\/\\\/spawlab.pl\\\/en\\\/produkt\\\/ideal-tecno-mig-280-4x4-digital-mma\\\/#primaryimage\"},\"thumbnailUrl\":\"https:\\\/\\\/spawlab.pl\\\/wp-content\\\/uploads\\\/2021\\\/10\\\/tecno-mig-280-4x4-digital-mma-5925-f2c40e7b.jpg\",\"datePublished\":\"2021-10-24T17:13:27+00:00\",\"description\":\"Lider sprzeda\u017cy, Oficjalny Dystrybutor Premium i Serwis na Polsk\u0119 Migatronic, Gys, Voestalpine Bohler Welding. Nowe i u\u017cywane Spawarki, Przecinarki Plazmowe, Kompresory. Mgr in\u017c. Jaros\u0142aw Ko\u0142aski, IWE\",\"breadcrumb\":{\"@id\":\"https:\\\/\\\/spawlab.pl\\\/en\\\/produkt\\\/ideal-tecno-mig-280-4x4-digital-mma\\\/#breadcrumb\"},\"inLanguage\":\"en-US\",\"potentialAction\":[{\"@type\":\"ReadAction\",\"target\":[\"https:\\\/\\\/spawlab.pl\\\/en\\\/produkt\\\/ideal-tecno-mig-280-4x4-digital-mma\\\/\"]}]},{\"@type\":\"ImageObject\",\"inLanguage\":\"en-US\",\"@id\":\"https:\\\/\\\/spawlab.pl\\\/en\\\/produkt\\\/ideal-tecno-mig-280-4x4-digital-mma\\\/#primaryimage\",\"url\":\"https:\\\/\\\/spawlab.pl\\\/wp-content\\\/uploads\\\/2021\\\/10\\\/tecno-mig-280-4x4-digital-mma-5925-f2c40e7b.jpg\",\"contentUrl\":\"https:\\\/\\\/spawlab.pl\\\/wp-content\\\/uploads\\\/2021\\\/10\\\/tecno-mig-280-4x4-digital-mma-5925-f2c40e7b.jpg\",\"width\":800,\"height\":800},{\"@type\":\"BreadcrumbList\",\"@id\":\"https:\\\/\\\/spawlab.pl\\\/en\\\/produkt\\\/ideal-tecno-mig-280-4x4-digital-mma\\\/#breadcrumb\",\"itemListElement\":[{\"@type\":\"ListItem\",\"position\":1,\"name\":\"Strona g\u0142\u00f3wna\",\"item\":\"https:\\\/\\\/spawlab.pl\\\/en\\\/\"},{\"@type\":\"ListItem\",\"position\":2,\"name\":\"Store\",\"item\":\"https:\\\/\\\/spawlab.pl\\\/en\\\/shop\\\/\"},{\"@type\":\"ListItem\",\"position\":3,\"name\":\"Ideal TECNO MIG 280 4&#215;4 DIGITAL MMA\"}]},{\"@type\":\"WebSite\",\"@id\":\"https:\\\/\\\/spawlab.pl\\\/en\\\/#website\",\"url\":\"https:\\\/\\\/spawlab.pl\\\/en\\\/\",\"name\":\"Spawlab.pl Lider - Spawarki, Przecinarki Plazmowe, Kompresory\",\"description\":\"Urz\u0105dzenia spawalnicze i Przecinarki plazmowe\\\/ nowe i u\u017cywane \\\/ Profesjonalny serwis\",\"publisher\":{\"@id\":\"https:\\\/\\\/spawlab.pl\\\/en\\\/#organization\"},\"alternateName\":\"Spawlab.pl - Dystrybutor Premium i Serwis na Polske Migatronic, Gys, Voestalpine Bohler Welding\",\"potentialAction\":[{\"@type\":\"SearchAction\",\"target\":{\"@type\":\"EntryPoint\",\"urlTemplate\":\"https:\\\/\\\/spawlab.pl\\\/en\\\/?s={search_term_string}\"},\"query-input\":{\"@type\":\"PropertyValueSpecification\",\"valueRequired\":true,\"valueName\":\"search_term_string\"}}],\"inLanguage\":\"en-US\"},{\"@type\":[\"Organization\",\"Place\"],\"@id\":\"https:\\\/\\\/spawlab.pl\\\/en\\\/#organization\",\"name\":\"Spawlab.pl\",\"url\":\"https:\\\/\\\/spawlab.pl\\\/en\\\/\",\"logo\":{\"@id\":\"https:\\\/\\\/spawlab.pl\\\/en\\\/produkt\\\/ideal-tecno-mig-280-4x4-digital-mma\\\/#local-main-organization-logo\"},\"image\":{\"@id\":\"https:\\\/\\\/spawlab.pl\\\/en\\\/produkt\\\/ideal-tecno-mig-280-4x4-digital-mma\\\/#local-main-organization-logo\"},\"sameAs\":[\"https:\\\/\\\/www.facebook.com\\\/Spawlab\\\/\",\"https:\\\/\\\/www.linkedin.com\\\/company\\\/spawlab\",\"https:\\\/\\\/www.instagram.com\\\/spawlab.pl\",\"https:\\\/\\\/www.tiktok.com\\\/@spawlab\"],\"description\":\"Lider sprzeda\u017cy, Oficjalny Dystrybutor Premium i Serwis na Polsk\u0119 Migatronic, Gys, Voestalpine Bohler Welding. Nowe i u\u017cywane Spawarki, Przecinarki Plazmowe, Kompresory. Mgr in\u017c. Jaros\u0142aw Ko\u0142aski, IWE\",\"hasMerchantReturnPolicy\":{\"@type\":\"MerchantReturnPolicy\",\"merchantReturnLink\":\"https:\\\/\\\/spawlab.pl\\\/polityka-prywatnosci-2\\\/\"},\"telephone\":[],\"openingHoursSpecification\":[{\"@type\":\"OpeningHoursSpecification\",\"dayOfWeek\":[\"Monday\",\"Tuesday\",\"Wednesday\",\"Thursday\",\"Friday\",\"Saturday\",\"Sunday\"],\"opens\":\"09:00\",\"closes\":\"17:00\"}]},{\"@type\":\"ImageObject\",\"inLanguage\":\"en-US\",\"@id\":\"https:\\\/\\\/spawlab.pl\\\/en\\\/produkt\\\/ideal-tecno-mig-280-4x4-digital-mma\\\/#local-main-organization-logo\",\"url\":\"https:\\\/\\\/spawlab.pl\\\/wp-content\\\/uploads\\\/2022\\\/01\\\/olx.jpg\",\"contentUrl\":\"https:\\\/\\\/spawlab.pl\\\/wp-content\\\/uploads\\\/2022\\\/01\\\/olx.jpg\",\"width\":200,\"height\":200,\"caption\":\"Spawlab.pl\"}]}<\/script>\n<meta property=\"product:price:amount\" content=\"3249.00\" \/>\n<meta property=\"product:price:currency\" content=\"PLN\" \/>\n<meta property=\"og:availability\" content=\"instock\" \/>\n<meta property=\"product:availability\" content=\"instock\" \/>\n<meta property=\"product:condition\" content=\"new\" \/>\n<!-- \/ Yoast SEO Premium plugin. -->","yoast_head_json":{"title":"Ideal TECNO MIG 280 4x4 DIGITAL MMA - SpawLab - Welding equipment and plasma cutters - store and service","description":"Lider sprzeda\u017cy, Oficjalny Dystrybutor Premium i Serwis na Polsk\u0119 Migatronic, Gys, Voestalpine Bohler Welding. Nowe i u\u017cywane Spawarki, Przecinarki Plazmowe, Kompresory. Mgr in\u017c. Jaros\u0142aw Ko\u0142aski, IWE","robots":{"index":"index","follow":"follow","max-snippet":"max-snippet:-1","max-image-preview":"max-image-preview:large","max-video-preview":"max-video-preview:-1"},"canonical":"https:\/\/spawlab.pl\/en\/produkt\/ideal-tecno-mig-280-4x4-digital-mma\/","og_locale":"en_US","og_type":"article","og_title":"Ideal TECNO MIG 280 4x4 DIGITAL MMA","og_description":"Lider sprzeda\u017cy, Oficjalny Dystrybutor Premium i Serwis na Polsk\u0119 Migatronic, Gys, Voestalpine Bohler Welding. Nowe i u\u017cywane Spawarki, Przecinarki Plazmowe, Kompresory. Mgr in\u017c. Jaros\u0142aw Ko\u0142aski, IWE","og_url":"https:\/\/spawlab.pl\/en\/produkt\/ideal-tecno-mig-280-4x4-digital-mma\/","og_site_name":"SpawLab - Welding equipment and plasma cutters - store and service","article_publisher":"https:\/\/www.facebook.com\/Spawlab\/","og_image":[{"width":2560,"height":1440,"url":"https:\/\/spawlab.pl\/wp-content\/uploads\/2025\/06\/LOGO-SPOLECZN-scaled.png","type":"image\/png"}],"twitter_misc":{"Price":"3 249,00&nbsp;&#122;&#322; (2 641,46&nbsp;&#122;&#322; netto)","Availability":"In stock"},"schema":{"@context":"https:\/\/schema.org","@graph":[{"@type":["WebPage","ItemPage"],"@id":"https:\/\/spawlab.pl\/en\/produkt\/ideal-tecno-mig-280-4x4-digital-mma\/","url":"https:\/\/spawlab.pl\/en\/produkt\/ideal-tecno-mig-280-4x4-digital-mma\/","name":"Ideal TECNO MIG 280 4x4 DIGITAL MMA - SpawLab - Welding equipment and plasma cutters - store and service","isPartOf":{"@id":"https:\/\/spawlab.pl\/en\/#website"},"primaryImageOfPage":{"@id":"https:\/\/spawlab.pl\/en\/produkt\/ideal-tecno-mig-280-4x4-digital-mma\/#primaryimage"},"image":{"@id":"https:\/\/spawlab.pl\/en\/produkt\/ideal-tecno-mig-280-4x4-digital-mma\/#primaryimage"},"thumbnailUrl":"https:\/\/spawlab.pl\/wp-content\/uploads\/2021\/10\/tecno-mig-280-4x4-digital-mma-5925-f2c40e7b.jpg","datePublished":"2021-10-24T17:13:27+00:00","description":"Lider sprzeda\u017cy, Oficjalny Dystrybutor Premium i Serwis na Polsk\u0119 Migatronic, Gys, Voestalpine Bohler Welding. Nowe i u\u017cywane Spawarki, Przecinarki Plazmowe, Kompresory. Mgr in\u017c. Jaros\u0142aw Ko\u0142aski, IWE","breadcrumb":{"@id":"https:\/\/spawlab.pl\/en\/produkt\/ideal-tecno-mig-280-4x4-digital-mma\/#breadcrumb"},"inLanguage":"en-US","potentialAction":[{"@type":"ReadAction","target":["https:\/\/spawlab.pl\/en\/produkt\/ideal-tecno-mig-280-4x4-digital-mma\/"]}]},{"@type":"ImageObject","inLanguage":"en-US","@id":"https:\/\/spawlab.pl\/en\/produkt\/ideal-tecno-mig-280-4x4-digital-mma\/#primaryimage","url":"https:\/\/spawlab.pl\/wp-content\/uploads\/2021\/10\/tecno-mig-280-4x4-digital-mma-5925-f2c40e7b.jpg","contentUrl":"https:\/\/spawlab.pl\/wp-content\/uploads\/2021\/10\/tecno-mig-280-4x4-digital-mma-5925-f2c40e7b.jpg","width":800,"height":800},{"@type":"BreadcrumbList","@id":"https:\/\/spawlab.pl\/en\/produkt\/ideal-tecno-mig-280-4x4-digital-mma\/#breadcrumb","itemListElement":[{"@type":"ListItem","position":1,"name":"Strona g\u0142\u00f3wna","item":"https:\/\/spawlab.pl\/en\/"},{"@type":"ListItem","position":2,"name":"Store","item":"https:\/\/spawlab.pl\/en\/shop\/"},{"@type":"ListItem","position":3,"name":"Ideal TECNO MIG 280 4&#215;4 DIGITAL MMA"}]},{"@type":"WebSite","@id":"https:\/\/spawlab.pl\/en\/#website","url":"https:\/\/spawlab.pl\/en\/","name":"Spawlab.pl Lider - Spawarki, Przecinarki Plazmowe, Kompresory","description":"Urz\u0105dzenia spawalnicze i Przecinarki plazmowe\/ nowe i u\u017cywane \/ Profesjonalny serwis","publisher":{"@id":"https:\/\/spawlab.pl\/en\/#organization"},"alternateName":"Spawlab.pl - Dystrybutor Premium i Serwis na Polske Migatronic, Gys, Voestalpine Bohler Welding","potentialAction":[{"@type":"SearchAction","target":{"@type":"EntryPoint","urlTemplate":"https:\/\/spawlab.pl\/en\/?s={search_term_string}"},"query-input":{"@type":"PropertyValueSpecification","valueRequired":true,"valueName":"search_term_string"}}],"inLanguage":"en-US"},{"@type":["Organization","Place"],"@id":"https:\/\/spawlab.pl\/en\/#organization","name":"Spawlab.pl","url":"https:\/\/spawlab.pl\/en\/","logo":{"@id":"https:\/\/spawlab.pl\/en\/produkt\/ideal-tecno-mig-280-4x4-digital-mma\/#local-main-organization-logo"},"image":{"@id":"https:\/\/spawlab.pl\/en\/produkt\/ideal-tecno-mig-280-4x4-digital-mma\/#local-main-organization-logo"},"sameAs":["https:\/\/www.facebook.com\/Spawlab\/","https:\/\/www.linkedin.com\/company\/spawlab","https:\/\/www.instagram.com\/spawlab.pl","https:\/\/www.tiktok.com\/@spawlab"],"description":"Lider sprzeda\u017cy, Oficjalny Dystrybutor Premium i Serwis na Polsk\u0119 Migatronic, Gys, Voestalpine Bohler Welding. Nowe i u\u017cywane Spawarki, Przecinarki Plazmowe, Kompresory. Mgr in\u017c. Jaros\u0142aw Ko\u0142aski, IWE","hasMerchantReturnPolicy":{"@type":"MerchantReturnPolicy","merchantReturnLink":"https:\/\/spawlab.pl\/polityka-prywatnosci-2\/"},"telephone":[],"openingHoursSpecification":[{"@type":"OpeningHoursSpecification","dayOfWeek":["Monday","Tuesday","Wednesday","Thursday","Friday","Saturday","Sunday"],"opens":"09:00","closes":"17:00"}]},{"@type":"ImageObject","inLanguage":"en-US","@id":"https:\/\/spawlab.pl\/en\/produkt\/ideal-tecno-mig-280-4x4-digital-mma\/#local-main-organization-logo","url":"https:\/\/spawlab.pl\/wp-content\/uploads\/2022\/01\/olx.jpg","contentUrl":"https:\/\/spawlab.pl\/wp-content\/uploads\/2022\/01\/olx.jpg","width":200,"height":200,"caption":"Spawlab.pl"}]},"product_price_amount":"3249.00","product_price_currency":"PLN","og_availability":"instock","product_availability":"instock","product_condition":"new"},"_links":{"self":[{"href":"https:\/\/spawlab.pl\/en\/wp-json\/wp\/v2\/product\/30362","targetHints":{"allow":["GET"]}}],"collection":[{"href":"https:\/\/spawlab.pl\/en\/wp-json\/wp\/v2\/product"}],"about":[{"href":"https:\/\/spawlab.pl\/en\/wp-json\/wp\/v2\/types\/product"}],"wp:featuredmedia":[{"embeddable":true,"href":"https:\/\/spawlab.pl\/en\/wp-json\/wp\/v2\/media\/13359"}],"wp:attachment":[{"href":"https:\/\/spawlab.pl\/en\/wp-json\/wp\/v2\/media?parent=30362"}],"wp:term":[{"taxonomy":"product_brand","embeddable":true,"href":"https:\/\/spawlab.pl\/en\/wp-json\/wp\/v2\/product_brand?post=30362"},{"taxonomy":"product_cat","embeddable":true,"href":"https:\/\/spawlab.pl\/en\/wp-json\/wp\/v2\/product_cat?post=30362"},{"taxonomy":"product_tag","embeddable":true,"href":"https:\/\/spawlab.pl\/en\/wp-json\/wp\/v2\/product_tag?post=30362"}],"curies":[{"name":"wp","href":"https:\/\/api.w.org\/{rel}","templated":true}]}}