{"id":30369,"date":"2021-10-24T13:28:09","date_gmt":"2021-10-24T11:28:09","guid":{"rendered":"https:\/\/spawlab.pl\/produkt\/ideal-expert-tig-220-ac-dc-pulse\/"},"modified":"2021-10-24T13:28:09","modified_gmt":"2021-10-24T11:28:09","slug":"ideal-expert-tig-220-ac-dc-pulse","status":"publish","type":"product","link":"https:\/\/spawlab.pl\/en\/produkt\/ideal-expert-tig-220-ac-dc-pulse\/","title":{"rendered":"Ideal EXPERT TIG 220 AC\/DC PULSE"},"content":{"rendered":"<p>EXPERT TIG 220 AC\/DC is a professional inverter welder for TIG welding of all metals including aluminum and stainless steel. The device allows TIG and TIG PULSE welding with alternating current (AC), direct current (DC) and MMA methods <\/p>\n<p>EXPERT TIG 220 AC\/DC PULSE is a portable power source, made with IGBT technology, designed for TIG and TIG PULS welding with alternating current (AC), direct current (DC), and MMA welding with direct current (DC). The small size and weight make the device ideal for both workshop and field work. <\/p>\n<p>The device has the following welding modes: TIG DC, TIG DC PULS, TIG AC, TIG AC PULS, MMA.<\/p>\n<p>The TIG DC and TIG DC PULS function is used for welding stainless steel, carbon and low-alloy steels, copper and titanium.<\/p>\n<p>TIG AC and TIG AC PULS function: allows welding of aluminum and its alloys and brass.<\/p>\n<p>By adjusting the parameters of TIG PULS pulse welding, we can influence the shape of the weld and the focus of the arc. Pulsed welding also reduces the amount of heat delivered to the material and is applicable when welding thin materials. <\/p>\n<p>The arc is engaged in either non-contact (HF) or contact (LIFT) mode. The LIFT function is used when welding in environments with a high risk of being affected by electromagnetic interference to the environment. <\/p>\n<p>With both HF non-contact ignition and LIFT touch ignition, we have the option to choose the function of the button on the TIG handle between 2-takt or 4-takt operation (button lock for long welds).<\/p>\n<p>The easy-to-read and easy-to-use digital control panel allows accurate adjustment of the device, ensures stable parameters and high quality welding.<\/p>\n<p>The device has 9 user program record locations for welding programs.<\/p>\n<p>Digital displays make it easy to adjust welder parameters:<\/p>\n<p>initial shielding gas discharge<br \/>\ninitial current<br \/>\ncurrent rise time<br \/>\nwelding current<br \/>\nbase current<br \/>\ncurrent fall time<br \/>\nfinal current<br \/>\nfinal shielding gas discharge<br \/>\npulse length<br \/>\npulse frequency<br \/>\nAC balas<br \/>\nAC frequency<br \/>\nHOT START value<br \/>\nARC FORCE value<\/p>\n<p>From the control panel we can select the AC voltage curve :<\/p>\n<p>TIG AC &#8211; rectangular voltage waveform<br \/>\nTIG AC &#8211; sinusoidal voltage waveform<\/p>\n<p>The welder also has features to facilitate the process of MMA welding with covered electrode:<\/p>\n<p>ARC FORCE: short-circuit current control (manual) &#8211; facilitates the transfer of molten electrode droplets to the material being welded, preventing the arc from being extinguished when the electrode droplet comes into contact with the welding pool<\/p>\n<p>HOT START: hot start control (manual) &#8211; facilitates electrode ignition by providing more welding current each time the arc is struck.<\/p>\n<p>ANTI STICK: anti-short-circuit &#8211; automatically shuts off the welding voltage if the electrode sticks to the material being welded, which makes it easier to peel off and prevents accidental welding arc.<\/p>\n<p>&nbsp;<\/p>\n<p>Physical parameters<br \/>\nThe device has a fan-cooling system which definitely increases its efficiency.<\/p>\n<p>The quick-connect gas connection to the welding gun allows the welding gun to be connected and disconnected instantly without tools.<\/p>\n<p>The device is equipped with overload protection, which increases its reliability.<\/p>\n<p>Power supply parameters<br \/>\nSingle-phase power supply 230V. The device is equipped with a power plug. <\/p>\n<p>&nbsp;<\/p>\n<p>Equipment<br \/>\nThe delivery includes a device with a set of TIG and MMA accessories: a TIG 26 welding chuck with remote adjustment with a length of 4 meters, an MMA electrode cable with a length of 3m, a mass cable with a length of 3m.<\/p>\n<p>&nbsp;<\/p>\n<p>Warranty conditions<br \/>\nWarranty 12 months for professional use. Warranty service is provided door-to-door without transportation costs on the user&#8217;s side. <\/p>\n<table class=\" table table-striped int-el-product-attribute-table \">\n<tbody>\n<tr class=\"int-el-product-attribute-table-group\">\n<td colspan=\"2\">PHYSICAL PARAMETERS<\/td>\n<\/tr>\n<tr class=\"int-el-product-attribute-table-attribute\">\n<td class=\"int-el-product-attribute-table-attribute-name\">Degree of protection<\/td>\n<td class=\"int-el-product-attribute-table-attribute-value\">IP 23<\/td>\n<\/tr>\n<tr class=\"int-el-product-attribute-table-attribute\">\n<td class=\"int-el-product-attribute-table-attribute-name\">Weight of device \/ set<\/td>\n<td class=\"int-el-product-attribute-table-attribute-value\">13 \/ 16 kg<\/td>\n<\/tr>\n<tr class=\"int-el-product-attribute-table-attribute\">\n<td class=\"int-el-product-attribute-table-attribute-name\">Overall dimensions L x W x H<\/td>\n<td class=\"int-el-product-attribute-table-attribute-value\">510x150x310 mm<\/td>\n<\/tr>\n<tr class=\"int-el-product-attribute-table-group\">\n<td colspan=\"2\">SPECIFICATIONS<\/td>\n<\/tr>\n<tr class=\"int-el-product-attribute-table-attribute\">\n<td class=\"int-el-product-attribute-table-attribute-name\">Current rise time (s)<\/td>\n<td class=\"int-el-product-attribute-table-attribute-value\">0 &#8211; 10<\/td>\n<\/tr>\n<tr class=\"int-el-product-attribute-table-attribute\">\n<td class=\"int-el-product-attribute-table-attribute-name\">Current drop time (s)<\/td>\n<td class=\"int-el-product-attribute-table-attribute-value\">0 &#8211; 10<\/td>\n<\/tr>\n<tr class=\"int-el-product-attribute-table-attribute\">\n<td class=\"int-el-product-attribute-table-attribute-name\">Pulse frequency Hz<\/td>\n<td class=\"int-el-product-attribute-table-attribute-value\">0,5 &#8211; 999<\/td>\n<\/tr>\n<tr class=\"int-el-product-attribute-table-attribute\">\n<td class=\"int-el-product-attribute-table-attribute-name\">Pulse length (%)<\/td>\n<td class=\"int-el-product-attribute-table-attribute-value\">5 &#8211; 95<\/td>\n<\/tr>\n<tr class=\"int-el-product-attribute-table-attribute\">\n<td class=\"int-el-product-attribute-table-attribute-name\">Gas after (s)<\/td>\n<td class=\"int-el-product-attribute-table-attribute-value\">0 &#8211; 10<\/td>\n<\/tr>\n<tr class=\"int-el-product-attribute-table-attribute\">\n<td class=\"int-el-product-attribute-table-attribute-name\">Gas before (s)<\/td>\n<td class=\"int-el-product-attribute-table-attribute-value\">0,1 &#8211; 2<\/td>\n<\/tr>\n<tr class=\"int-el-product-attribute-table-attribute\">\n<td class=\"int-el-product-attribute-table-attribute-name\">Power<\/td>\n<td class=\"int-el-product-attribute-table-attribute-value\">5 kW<\/td>\n<\/tr>\n<tr class=\"int-el-product-attribute-table-attribute\">\n<td class=\"int-el-product-attribute-table-attribute-name\">Idle voltage<\/td>\n<td class=\"int-el-product-attribute-table-attribute-value\">86 V (TIG) \/ 57 V (MMA)<\/td>\n<\/tr>\n<tr class=\"int-el-product-attribute-table-attribute\">\n<td class=\"int-el-product-attribute-table-attribute-name\">Final current<\/td>\n<td class=\"int-el-product-attribute-table-attribute-value\">5 &#8211; 200 A<\/td>\n<\/tr>\n<tr class=\"int-el-product-attribute-table-attribute\">\n<td class=\"int-el-product-attribute-table-attribute-name\">Maximum current<\/td>\n<td class=\"int-el-product-attribute-table-attribute-value\">200 A &#8211; 60%<\/td>\n<\/tr>\n<tr class=\"int-el-product-attribute-table-attribute\">\n<td class=\"int-el-product-attribute-table-attribute-name\">Current at 100% operation<\/td>\n<td class=\"int-el-product-attribute-table-attribute-value\">155 A<\/td>\n<\/tr>\n<tr class=\"int-el-product-attribute-table-attribute\">\n<td class=\"int-el-product-attribute-table-attribute-name\">Current at 60% operation<\/td>\n<td class=\"int-el-product-attribute-table-attribute-value\">200 A<\/td>\n<\/tr>\n<tr class=\"int-el-product-attribute-table-attribute\">\n<td class=\"int-el-product-attribute-table-attribute-name\">Starting current<\/td>\n<td class=\"int-el-product-attribute-table-attribute-value\">5 &#8211; 200 A<\/td>\n<\/tr>\n<tr class=\"int-el-product-attribute-table-attribute\">\n<td class=\"int-el-product-attribute-table-attribute-name\">Welding electrode diameter<\/td>\n<td class=\"int-el-product-attribute-table-attribute-value\">1,6 &#8211; 4,0<\/td>\n<\/tr>\n<tr class=\"int-el-product-attribute-table-attribute\">\n<td class=\"int-el-product-attribute-table-attribute-name\">Welding current adjustment range<\/td>\n<td class=\"int-el-product-attribute-table-attribute-value\">5 &#8211; 200 A<\/td>\n<\/tr>\n<tr class=\"int-el-product-attribute-table-group\">\n<td colspan=\"2\">POWER SUPPLY PARAMETERS<\/td>\n<\/tr>\n<tr class=\"int-el-product-attribute-table-attribute\">\n<td class=\"int-el-product-attribute-table-attribute-name\">Mains protection<\/td>\n<td class=\"int-el-product-attribute-table-attribute-value\">C25A MMA \/ C20A TIG<\/td>\n<\/tr>\n<tr class=\"int-el-product-attribute-table-attribute\">\n<td class=\"int-el-product-attribute-table-attribute-name\">Rated supply voltage<\/td>\n<td class=\"int-el-product-attribute-table-attribute-value\">230 V, 50-60Hz, 1ph<\/td>\n<\/tr>\n<\/tbody>\n<\/table>\n","protected":false},"excerpt":{"rendered":"<p>EXPERT TIG 220 AC\/DC is a professional inverter welder for TIG welding of all metals including aluminum and stainless steel. The device allows TIG and TIG PULSE welding with alternating current (AC), direct current (DC) and MMA methods EXPERT TIG 220 AC\/DC PULSE is a portable power source, made with IGBT technology, designed for TIG [&hellip;]<\/p>\n","protected":false},"featured_media":13305,"template":"","meta":{"inline_featured_image":false},"product_brand":[],"product_cat":[506,496,474,507],"product_tag":[],"class_list":{"0":"post-30369","1":"product","2":"type-product","3":"status-publish","4":"has-post-thumbnail","6":"product_cat-ac-dc-en","7":"product_cat-gas-cooled-en-5","8":"product_cat-new","9":"product_cat-tig-en-2","11":"first","12":"instock","13":"taxable","14":"shipping-taxable","15":"purchasable","16":"product-type-simple"},"yoast_head":"<!-- This site is optimized with the Yoast SEO Premium plugin v27.5 (Yoast SEO v27.6) - https:\/\/yoast.com\/product\/yoast-seo-premium-wordpress\/ -->\n<title>Ideal EXPERT TIG 220 AC\/DC PULSE - SpawLab - Welding equipment and plasma cutters - store and service<\/title>\n<meta name=\"description\" content=\"Lider sprzeda\u017cy, Oficjalny Dystrybutor Premium i Serwis na Polsk\u0119 Migatronic, Gys, Voestalpine Bohler Welding. Nowe i u\u017cywane Spawarki, Przecinarki Plazmowe, Kompresory. Mgr in\u017c. Jaros\u0142aw Ko\u0142aski, IWE\" \/>\n<meta name=\"robots\" content=\"index, follow, max-snippet:-1, max-image-preview:large, max-video-preview:-1\" \/>\n<link rel=\"canonical\" href=\"https:\/\/spawlab.pl\/en\/produkt\/ideal-expert-tig-220-ac-dc-pulse\/\" \/>\n<meta property=\"og:locale\" content=\"en_US\" \/>\n<meta property=\"og:type\" content=\"article\" \/>\n<meta property=\"og:title\" content=\"Ideal EXPERT TIG 220 AC\/DC PULSE\" \/>\n<meta property=\"og:description\" content=\"Lider sprzeda\u017cy, Oficjalny Dystrybutor Premium i Serwis na Polsk\u0119 Migatronic, Gys, Voestalpine Bohler Welding. Nowe i u\u017cywane Spawarki, Przecinarki Plazmowe, Kompresory. Mgr in\u017c. Jaros\u0142aw Ko\u0142aski, IWE\" \/>\n<meta property=\"og:url\" content=\"https:\/\/spawlab.pl\/en\/produkt\/ideal-expert-tig-220-ac-dc-pulse\/\" \/>\n<meta property=\"og:site_name\" content=\"SpawLab - Welding equipment and plasma cutters - store and service\" \/>\n<meta property=\"article:publisher\" content=\"https:\/\/www.facebook.com\/Spawlab\/\" \/>\n<meta property=\"og:image\" content=\"https:\/\/spawlab.pl\/wp-content\/uploads\/2025\/06\/LOGO-SPOLECZN-scaled.png\" \/>\n\t<meta property=\"og:image:width\" content=\"2560\" \/>\n\t<meta property=\"og:image:height\" content=\"1440\" \/>\n\t<meta property=\"og:image:type\" content=\"image\/png\" \/>\n<meta name=\"twitter:label1\" content=\"Price\" \/>\n\t<meta name=\"twitter:data1\" content=\"3 699,00&nbsp;&#122;&#322; (3 007,32&nbsp;&#122;&#322; netto)\" \/>\n\t<meta name=\"twitter:label2\" content=\"Availability\" \/>\n\t<meta name=\"twitter:data2\" content=\"In stock\" \/>\n<script type=\"application\/ld+json\" class=\"yoast-schema-graph\">{\"@context\":\"https:\\\/\\\/schema.org\",\"@graph\":[{\"@type\":[\"WebPage\",\"ItemPage\"],\"@id\":\"https:\\\/\\\/spawlab.pl\\\/en\\\/produkt\\\/ideal-expert-tig-220-ac-dc-pulse\\\/\",\"url\":\"https:\\\/\\\/spawlab.pl\\\/en\\\/produkt\\\/ideal-expert-tig-220-ac-dc-pulse\\\/\",\"name\":\"Ideal EXPERT TIG 220 AC\\\/DC PULSE - SpawLab - Welding equipment and plasma cutters - store and service\",\"isPartOf\":{\"@id\":\"https:\\\/\\\/spawlab.pl\\\/en\\\/#website\"},\"primaryImageOfPage\":{\"@id\":\"https:\\\/\\\/spawlab.pl\\\/en\\\/produkt\\\/ideal-expert-tig-220-ac-dc-pulse\\\/#primaryimage\"},\"image\":{\"@id\":\"https:\\\/\\\/spawlab.pl\\\/en\\\/produkt\\\/ideal-expert-tig-220-ac-dc-pulse\\\/#primaryimage\"},\"thumbnailUrl\":\"https:\\\/\\\/spawlab.pl\\\/wp-content\\\/uploads\\\/2021\\\/10\\\/expert-tig-220-ac-dc-pulse-zestaw-tig-4852-db8cbb96.jpg\",\"datePublished\":\"2021-10-24T11:28:09+00:00\",\"description\":\"Lider sprzeda\u017cy, Oficjalny Dystrybutor Premium i Serwis na Polsk\u0119 Migatronic, Gys, Voestalpine Bohler Welding. Nowe i u\u017cywane Spawarki, Przecinarki Plazmowe, Kompresory. Mgr in\u017c. Jaros\u0142aw Ko\u0142aski, IWE\",\"breadcrumb\":{\"@id\":\"https:\\\/\\\/spawlab.pl\\\/en\\\/produkt\\\/ideal-expert-tig-220-ac-dc-pulse\\\/#breadcrumb\"},\"inLanguage\":\"en-US\",\"potentialAction\":[{\"@type\":\"ReadAction\",\"target\":[\"https:\\\/\\\/spawlab.pl\\\/en\\\/produkt\\\/ideal-expert-tig-220-ac-dc-pulse\\\/\"]}]},{\"@type\":\"ImageObject\",\"inLanguage\":\"en-US\",\"@id\":\"https:\\\/\\\/spawlab.pl\\\/en\\\/produkt\\\/ideal-expert-tig-220-ac-dc-pulse\\\/#primaryimage\",\"url\":\"https:\\\/\\\/spawlab.pl\\\/wp-content\\\/uploads\\\/2021\\\/10\\\/expert-tig-220-ac-dc-pulse-zestaw-tig-4852-db8cbb96.jpg\",\"contentUrl\":\"https:\\\/\\\/spawlab.pl\\\/wp-content\\\/uploads\\\/2021\\\/10\\\/expert-tig-220-ac-dc-pulse-zestaw-tig-4852-db8cbb96.jpg\",\"width\":800,\"height\":800},{\"@type\":\"BreadcrumbList\",\"@id\":\"https:\\\/\\\/spawlab.pl\\\/en\\\/produkt\\\/ideal-expert-tig-220-ac-dc-pulse\\\/#breadcrumb\",\"itemListElement\":[{\"@type\":\"ListItem\",\"position\":1,\"name\":\"Strona g\u0142\u00f3wna\",\"item\":\"https:\\\/\\\/spawlab.pl\\\/en\\\/\"},{\"@type\":\"ListItem\",\"position\":2,\"name\":\"Store\",\"item\":\"https:\\\/\\\/spawlab.pl\\\/en\\\/shop\\\/\"},{\"@type\":\"ListItem\",\"position\":3,\"name\":\"Ideal EXPERT TIG 220 AC\\\/DC PULSE\"}]},{\"@type\":\"WebSite\",\"@id\":\"https:\\\/\\\/spawlab.pl\\\/en\\\/#website\",\"url\":\"https:\\\/\\\/spawlab.pl\\\/en\\\/\",\"name\":\"Spawlab.pl Lider - Spawarki, Przecinarki Plazmowe, Kompresory\",\"description\":\"Urz\u0105dzenia spawalnicze i Przecinarki plazmowe\\\/ nowe i u\u017cywane \\\/ Profesjonalny serwis\",\"publisher\":{\"@id\":\"https:\\\/\\\/spawlab.pl\\\/en\\\/#organization\"},\"alternateName\":\"Spawlab.pl - Dystrybutor Premium i Serwis na Polske Migatronic, Gys, Voestalpine Bohler Welding\",\"potentialAction\":[{\"@type\":\"SearchAction\",\"target\":{\"@type\":\"EntryPoint\",\"urlTemplate\":\"https:\\\/\\\/spawlab.pl\\\/en\\\/?s={search_term_string}\"},\"query-input\":{\"@type\":\"PropertyValueSpecification\",\"valueRequired\":true,\"valueName\":\"search_term_string\"}}],\"inLanguage\":\"en-US\"},{\"@type\":[\"Organization\",\"Place\"],\"@id\":\"https:\\\/\\\/spawlab.pl\\\/en\\\/#organization\",\"name\":\"Spawlab.pl\",\"url\":\"https:\\\/\\\/spawlab.pl\\\/en\\\/\",\"logo\":{\"@id\":\"https:\\\/\\\/spawlab.pl\\\/en\\\/produkt\\\/ideal-expert-tig-220-ac-dc-pulse\\\/#local-main-organization-logo\"},\"image\":{\"@id\":\"https:\\\/\\\/spawlab.pl\\\/en\\\/produkt\\\/ideal-expert-tig-220-ac-dc-pulse\\\/#local-main-organization-logo\"},\"sameAs\":[\"https:\\\/\\\/www.facebook.com\\\/Spawlab\\\/\",\"https:\\\/\\\/www.linkedin.com\\\/company\\\/spawlab\",\"https:\\\/\\\/www.instagram.com\\\/spawlab.pl\",\"https:\\\/\\\/www.tiktok.com\\\/@spawlab\"],\"description\":\"Lider sprzeda\u017cy, Oficjalny Dystrybutor Premium i Serwis na Polsk\u0119 Migatronic, Gys, Voestalpine Bohler Welding. Nowe i u\u017cywane Spawarki, Przecinarki Plazmowe, Kompresory. Mgr in\u017c. Jaros\u0142aw Ko\u0142aski, IWE\",\"hasMerchantReturnPolicy\":{\"@type\":\"MerchantReturnPolicy\",\"merchantReturnLink\":\"https:\\\/\\\/spawlab.pl\\\/polityka-prywatnosci-2\\\/\"},\"telephone\":[],\"openingHoursSpecification\":[{\"@type\":\"OpeningHoursSpecification\",\"dayOfWeek\":[\"Monday\",\"Tuesday\",\"Wednesday\",\"Thursday\",\"Friday\",\"Saturday\",\"Sunday\"],\"opens\":\"09:00\",\"closes\":\"17:00\"}]},{\"@type\":\"ImageObject\",\"inLanguage\":\"en-US\",\"@id\":\"https:\\\/\\\/spawlab.pl\\\/en\\\/produkt\\\/ideal-expert-tig-220-ac-dc-pulse\\\/#local-main-organization-logo\",\"url\":\"https:\\\/\\\/spawlab.pl\\\/wp-content\\\/uploads\\\/2022\\\/01\\\/olx.jpg\",\"contentUrl\":\"https:\\\/\\\/spawlab.pl\\\/wp-content\\\/uploads\\\/2022\\\/01\\\/olx.jpg\",\"width\":200,\"height\":200,\"caption\":\"Spawlab.pl\"}]}<\/script>\n<meta property=\"product:price:amount\" content=\"3699.00\" \/>\n<meta property=\"product:price:currency\" content=\"PLN\" \/>\n<meta property=\"og:availability\" content=\"instock\" \/>\n<meta property=\"product:availability\" content=\"instock\" \/>\n<meta property=\"product:condition\" content=\"new\" \/>\n<!-- \/ Yoast SEO Premium plugin. -->","yoast_head_json":{"title":"Ideal EXPERT TIG 220 AC\/DC PULSE - SpawLab - Welding equipment and plasma cutters - store and service","description":"Lider sprzeda\u017cy, Oficjalny Dystrybutor Premium i Serwis na Polsk\u0119 Migatronic, Gys, Voestalpine Bohler Welding. Nowe i u\u017cywane Spawarki, Przecinarki Plazmowe, Kompresory. Mgr in\u017c. Jaros\u0142aw Ko\u0142aski, IWE","robots":{"index":"index","follow":"follow","max-snippet":"max-snippet:-1","max-image-preview":"max-image-preview:large","max-video-preview":"max-video-preview:-1"},"canonical":"https:\/\/spawlab.pl\/en\/produkt\/ideal-expert-tig-220-ac-dc-pulse\/","og_locale":"en_US","og_type":"article","og_title":"Ideal EXPERT TIG 220 AC\/DC PULSE","og_description":"Lider sprzeda\u017cy, Oficjalny Dystrybutor Premium i Serwis na Polsk\u0119 Migatronic, Gys, Voestalpine Bohler Welding. Nowe i u\u017cywane Spawarki, Przecinarki Plazmowe, Kompresory. Mgr in\u017c. Jaros\u0142aw Ko\u0142aski, IWE","og_url":"https:\/\/spawlab.pl\/en\/produkt\/ideal-expert-tig-220-ac-dc-pulse\/","og_site_name":"SpawLab - Welding equipment and plasma cutters - store and service","article_publisher":"https:\/\/www.facebook.com\/Spawlab\/","og_image":[{"width":2560,"height":1440,"url":"https:\/\/spawlab.pl\/wp-content\/uploads\/2025\/06\/LOGO-SPOLECZN-scaled.png","type":"image\/png"}],"twitter_misc":{"Price":"3 699,00&nbsp;&#122;&#322; (3 007,32&nbsp;&#122;&#322; netto)","Availability":"In stock"},"schema":{"@context":"https:\/\/schema.org","@graph":[{"@type":["WebPage","ItemPage"],"@id":"https:\/\/spawlab.pl\/en\/produkt\/ideal-expert-tig-220-ac-dc-pulse\/","url":"https:\/\/spawlab.pl\/en\/produkt\/ideal-expert-tig-220-ac-dc-pulse\/","name":"Ideal EXPERT TIG 220 AC\/DC PULSE - SpawLab - Welding equipment and plasma cutters - store and service","isPartOf":{"@id":"https:\/\/spawlab.pl\/en\/#website"},"primaryImageOfPage":{"@id":"https:\/\/spawlab.pl\/en\/produkt\/ideal-expert-tig-220-ac-dc-pulse\/#primaryimage"},"image":{"@id":"https:\/\/spawlab.pl\/en\/produkt\/ideal-expert-tig-220-ac-dc-pulse\/#primaryimage"},"thumbnailUrl":"https:\/\/spawlab.pl\/wp-content\/uploads\/2021\/10\/expert-tig-220-ac-dc-pulse-zestaw-tig-4852-db8cbb96.jpg","datePublished":"2021-10-24T11:28:09+00:00","description":"Lider sprzeda\u017cy, Oficjalny Dystrybutor Premium i Serwis na Polsk\u0119 Migatronic, Gys, Voestalpine Bohler Welding. Nowe i u\u017cywane Spawarki, Przecinarki Plazmowe, Kompresory. Mgr in\u017c. Jaros\u0142aw Ko\u0142aski, IWE","breadcrumb":{"@id":"https:\/\/spawlab.pl\/en\/produkt\/ideal-expert-tig-220-ac-dc-pulse\/#breadcrumb"},"inLanguage":"en-US","potentialAction":[{"@type":"ReadAction","target":["https:\/\/spawlab.pl\/en\/produkt\/ideal-expert-tig-220-ac-dc-pulse\/"]}]},{"@type":"ImageObject","inLanguage":"en-US","@id":"https:\/\/spawlab.pl\/en\/produkt\/ideal-expert-tig-220-ac-dc-pulse\/#primaryimage","url":"https:\/\/spawlab.pl\/wp-content\/uploads\/2021\/10\/expert-tig-220-ac-dc-pulse-zestaw-tig-4852-db8cbb96.jpg","contentUrl":"https:\/\/spawlab.pl\/wp-content\/uploads\/2021\/10\/expert-tig-220-ac-dc-pulse-zestaw-tig-4852-db8cbb96.jpg","width":800,"height":800},{"@type":"BreadcrumbList","@id":"https:\/\/spawlab.pl\/en\/produkt\/ideal-expert-tig-220-ac-dc-pulse\/#breadcrumb","itemListElement":[{"@type":"ListItem","position":1,"name":"Strona g\u0142\u00f3wna","item":"https:\/\/spawlab.pl\/en\/"},{"@type":"ListItem","position":2,"name":"Store","item":"https:\/\/spawlab.pl\/en\/shop\/"},{"@type":"ListItem","position":3,"name":"Ideal EXPERT TIG 220 AC\/DC PULSE"}]},{"@type":"WebSite","@id":"https:\/\/spawlab.pl\/en\/#website","url":"https:\/\/spawlab.pl\/en\/","name":"Spawlab.pl Lider - Spawarki, Przecinarki Plazmowe, Kompresory","description":"Urz\u0105dzenia spawalnicze i Przecinarki plazmowe\/ nowe i u\u017cywane \/ Profesjonalny serwis","publisher":{"@id":"https:\/\/spawlab.pl\/en\/#organization"},"alternateName":"Spawlab.pl - Dystrybutor Premium i Serwis na Polske Migatronic, Gys, Voestalpine Bohler Welding","potentialAction":[{"@type":"SearchAction","target":{"@type":"EntryPoint","urlTemplate":"https:\/\/spawlab.pl\/en\/?s={search_term_string}"},"query-input":{"@type":"PropertyValueSpecification","valueRequired":true,"valueName":"search_term_string"}}],"inLanguage":"en-US"},{"@type":["Organization","Place"],"@id":"https:\/\/spawlab.pl\/en\/#organization","name":"Spawlab.pl","url":"https:\/\/spawlab.pl\/en\/","logo":{"@id":"https:\/\/spawlab.pl\/en\/produkt\/ideal-expert-tig-220-ac-dc-pulse\/#local-main-organization-logo"},"image":{"@id":"https:\/\/spawlab.pl\/en\/produkt\/ideal-expert-tig-220-ac-dc-pulse\/#local-main-organization-logo"},"sameAs":["https:\/\/www.facebook.com\/Spawlab\/","https:\/\/www.linkedin.com\/company\/spawlab","https:\/\/www.instagram.com\/spawlab.pl","https:\/\/www.tiktok.com\/@spawlab"],"description":"Lider sprzeda\u017cy, Oficjalny Dystrybutor Premium i Serwis na Polsk\u0119 Migatronic, Gys, Voestalpine Bohler Welding. Nowe i u\u017cywane Spawarki, Przecinarki Plazmowe, Kompresory. Mgr in\u017c. Jaros\u0142aw Ko\u0142aski, IWE","hasMerchantReturnPolicy":{"@type":"MerchantReturnPolicy","merchantReturnLink":"https:\/\/spawlab.pl\/polityka-prywatnosci-2\/"},"telephone":[],"openingHoursSpecification":[{"@type":"OpeningHoursSpecification","dayOfWeek":["Monday","Tuesday","Wednesday","Thursday","Friday","Saturday","Sunday"],"opens":"09:00","closes":"17:00"}]},{"@type":"ImageObject","inLanguage":"en-US","@id":"https:\/\/spawlab.pl\/en\/produkt\/ideal-expert-tig-220-ac-dc-pulse\/#local-main-organization-logo","url":"https:\/\/spawlab.pl\/wp-content\/uploads\/2022\/01\/olx.jpg","contentUrl":"https:\/\/spawlab.pl\/wp-content\/uploads\/2022\/01\/olx.jpg","width":200,"height":200,"caption":"Spawlab.pl"}]},"product_price_amount":"3699.00","product_price_currency":"PLN","og_availability":"instock","product_availability":"instock","product_condition":"new"},"_links":{"self":[{"href":"https:\/\/spawlab.pl\/en\/wp-json\/wp\/v2\/product\/30369","targetHints":{"allow":["GET"]}}],"collection":[{"href":"https:\/\/spawlab.pl\/en\/wp-json\/wp\/v2\/product"}],"about":[{"href":"https:\/\/spawlab.pl\/en\/wp-json\/wp\/v2\/types\/product"}],"wp:featuredmedia":[{"embeddable":true,"href":"https:\/\/spawlab.pl\/en\/wp-json\/wp\/v2\/media\/13305"}],"wp:attachment":[{"href":"https:\/\/spawlab.pl\/en\/wp-json\/wp\/v2\/media?parent=30369"}],"wp:term":[{"taxonomy":"product_brand","embeddable":true,"href":"https:\/\/spawlab.pl\/en\/wp-json\/wp\/v2\/product_brand?post=30369"},{"taxonomy":"product_cat","embeddable":true,"href":"https:\/\/spawlab.pl\/en\/wp-json\/wp\/v2\/product_cat?post=30369"},{"taxonomy":"product_tag","embeddable":true,"href":"https:\/\/spawlab.pl\/en\/wp-json\/wp\/v2\/product_tag?post=30369"}],"curies":[{"name":"wp","href":"https:\/\/api.w.org\/{rel}","templated":true}]}}