{"id":30370,"date":"2021-10-24T13:25:17","date_gmt":"2021-10-24T11:25:17","guid":{"rendered":"https:\/\/spawlab.pl\/produkt\/ideal-expert-tig-220-ac-dc-pulse-lcd\/"},"modified":"2021-10-24T13:25:17","modified_gmt":"2021-10-24T11:25:17","slug":"ideal-expert-tig-220-ac-dc-pulse-lcd","status":"publish","type":"product","link":"https:\/\/spawlab.pl\/en\/produkt\/ideal-expert-tig-220-ac-dc-pulse-lcd\/","title":{"rendered":"Ideal EXPERT TIG 220 AC\/DC PULSE LCD"},"content":{"rendered":"<p>EXPERT TIG 220 AC\/DC is a professional inverter welder for TIG welding of all metals including aluminum and stainless steel. The device allows TIG and TIG PULSE welding with alternating current (AC), direct current (DC) and MMA methods <\/p>\n<p><strong>EXPERT TIG 220 AC\/DC PULSE LCD<\/strong> is a portable power source, made with <strong>IGBT<\/strong> technology, designed for <strong>TIG and TIG PULS<\/strong> welding with alternating current<strong>(AC<\/strong>), direct current<strong>(DC<\/strong>), and <strong>MMA<\/strong> welding with direct current (DC). The small size and weight make the device ideal for both workshop and field work. <\/p>\n<p>The device has welding modes: <strong>TIG DC, TIG DC PULS, TIG AC, TIG AC PULS, TIG POINT, TIG 2-LEVEL, MMA AC, MMA DC MMA PULS.<\/strong><\/p>\n<p>The<strong> TIG DC <\/strong>and <strong>TIG DC PULS<\/strong> function is used for welding stainless steel, carbon and low-alloy steels, copper and titanium.<\/p>\n<p><strong>TIG AC<\/strong> and <strong>TIG AC PULS<\/strong> function: allows welding of aluminum and its alloys and brass.<\/p>\n<p><strong>TIG POINT function<\/strong>: allows you to tack thin materials.<\/p>\n<p><strong>TIG 2-LEVEL function<\/strong>: the &#8220;2-level&#8221; current control allows switching between higher and lower current levels by successive button presses on the welding handle.<\/p>\n<p>By adjusting the parameters of <strong>TIG PULS pulse welding<\/strong>, we can influence the shape of the weld and the focus of the arc. Pulsed welding also reduces the amount of heat delivered to the material and is applicable when welding thin materials. <\/p>\n<p>The arc is engaged in either non-contact<strong>(HF<\/strong>) or contact<strong>(LIFT<\/strong>) mode. The LIFT function is used when welding in environments with a high risk of being affected by electromagnetic interference to the environment. <\/p>\n<p>With both HF non-contact ignition and LIFT touch ignition, we have the option to choose the function of the button on the TIG handle between <strong>2-takt <\/strong>or<strong> 4-takt <\/strong> operation (button lock for long welds).<\/p>\n<p>The easy-to-read and easy-to-use <strong>control panel<\/strong> allows accurate adjustment of the device, ensures stable parameters and high quality welding.<\/p>\n<p>The device has 9 user program record locations for welding programs.<img decoding=\"async\" data-src=\"https:\/\/www.badek.pl\/assets\/upload\/product\/file\/f50c55d4-a5fe-4db3-836f-ac2b776049f8.JPG\" alt=\"\" src=\"data:image\/svg+xml;base64,PHN2ZyB3aWR0aD0iMSIgaGVpZ2h0PSIxIiB4bWxucz0iaHR0cDovL3d3dy53My5vcmcvMjAwMC9zdmciPjwvc3ZnPg==\" class=\"lazyload\"><\/p>\n<p><strong>LCD display<\/strong> makes it easy to adjust the parameters of the welder:<\/p>\n<ul>\n<li>initial outflow of shielding gas<\/li>\n<li>inception current<\/li>\n<li>current rise time<\/li>\n<li>welding current<\/li>\n<li>base current<\/li>\n<li>current drop time<img decoding=\"async\" data-src=\"https:\/\/www.badek.pl\/assets\/upload\/product\/file\/d5b946e2-ece2-4edc-9b13-9776de09cb54.JPG\" alt=\"\" src=\"data:image\/svg+xml;base64,PHN2ZyB3aWR0aD0iMSIgaGVpZ2h0PSIxIiB4bWxucz0iaHR0cDovL3d3dy53My5vcmcvMjAwMC9zdmciPjwvc3ZnPg==\" class=\"lazyload\"><img decoding=\"async\" data-src=\"https:\/\/www.badek.pl\/assets\/upload\/product\/file\/ee7c5255-a74e-4cc6-b55f-0a3f56e20c6e.JPG\" alt=\"\" src=\"data:image\/svg+xml;base64,PHN2ZyB3aWR0aD0iMSIgaGVpZ2h0PSIxIiB4bWxucz0iaHR0cDovL3d3dy53My5vcmcvMjAwMC9zdmciPjwvc3ZnPg==\" class=\"lazyload\"><\/li>\n<li>residual current<\/li>\n<li>end discharge of shielding gas<\/li>\n<li>pulse width<\/li>\n<li>pulse rate<\/li>\n<li>AC balance<\/li>\n<li>AC frequency<\/li>\n<li>HOT START value<\/li>\n<li><img decoding=\"async\" data-src=\"https:\/\/www.badek.pl\/assets\/upload\/product\/file\/97ceac0f-80e4-40ad-b9d3-682965c01402.JPG\" alt=\"\" src=\"data:image\/svg+xml;base64,PHN2ZyB3aWR0aD0iMSIgaGVpZ2h0PSIxIiB4bWxucz0iaHR0cDovL3d3dy53My5vcmcvMjAwMC9zdmciPjwvc3ZnPg==\" class=\"lazyload\">ARC FORCE value<\/li>\n<\/ul>\n<p>From the control panel we can select the AC voltage curve :<\/p>\n<ul>\n<li>TIG AC &#8211; triangular voltage waveform<\/li>\n<li>TIG AC &#8211; rectangular voltage waveform<\/li>\n<li>TIG AC &#8211; sinusoidal voltage waveform<\/li>\n<\/ul>\n<p>&nbsp;<\/p>\n<p>With the <strong>MMA <\/strong>method, we have the possibility of <strong>pulse <\/strong>welding <strong>, <\/strong>and adjust its following parameters:<\/p>\n<ul>\n<li>base current control<\/li>\n<li>pulse rate control<\/li>\n<li>pulse width adjustment<\/li>\n<\/ul>\n<p>The welder also has features to facilitate the process of <strong>MMA<\/strong> welding with covered electrode:<\/p>\n<p><strong>ARC FORCE<\/strong>: short-circuit current control (manual) &#8211; facilitates the transfer of molten electrode droplets to the material being welded, preventing the arc from being extinguished when the electrode droplet comes into contact with the welding pool<\/p>\n<p><strong>HOT START<\/strong>: hot start control (manual) &#8211; facilitates electrode ignition by providing more welding current each time the arc is struck.<\/p>\n<p><strong>ANTI STICK<\/strong>: anti-short-circuit &#8211; automatically shuts off the welding voltage if the electrode sticks to the material being welded, which makes it easier to peel off and prevents accidental welding arc.<\/p>\n<h2>Physical parameters<\/h2>\n<p>The device has a fan-cooling system which dramatically increases its performance.<\/p>\n<p>A fan-cooling system &#8211; <strong>activated only when needed<\/strong> &#8211; reduces contamination inside the unit.<\/p>\n<p>The quick-connect gas connection to the welding gun allows the welding gun to be connected and disconnected instantly without tools.<\/p>\n<p>The device is equipped with overload protection, which increases its reliability.<\/p>\n<h2>Power supply parameters<\/h2>\n<p>Single-phase power supply <strong>230V<\/strong>. The device is equipped with a power plug. <\/p>\n<h2>Equipment<\/h2>\n<p>Delivery includes the device with <strong>a set of TIG and MMA accessories<\/strong>: welding chuck <strong> <\/strong><strong>TIG 26 with remote control<\/strong> with a length of <strong>4 meters<\/strong>, MMA electrode cable with a length of 3m, ground cable with a length of 3m.<\/p>\n<h2>Warranty terms and conditions<\/h2>\n<p>Warranty 12 months for professional use. Warranty service is provided <strong>door-to-door <\/strong>without transportation costs on the user&#8217;s side. <\/p>\n<table class=\" table table-striped int-el-product-attribute-table \">\n<tbody>\n<tr class=\"int-el-product-attribute-table-attribute\">\n<td class=\"int-el-product-attribute-table-attribute-name\">Degree of protection<\/td>\n<td class=\"int-el-product-attribute-table-attribute-value\">IP 23<\/td>\n<\/tr>\n<tr class=\"int-el-product-attribute-table-attribute\">\n<td class=\"int-el-product-attribute-table-attribute-name\">Weight of device \/ set<\/td>\n<td class=\"int-el-product-attribute-table-attribute-value\">13 \/ 16 kg<\/td>\n<\/tr>\n<tr class=\"int-el-product-attribute-table-attribute\">\n<td class=\"int-el-product-attribute-table-attribute-name\">Overall dimensions L x W x H<\/td>\n<td class=\"int-el-product-attribute-table-attribute-value\">530x195x370 mm<\/td>\n<\/tr>\n<tr class=\"int-el-product-attribute-table-group\">\n<td colspan=\"2\">SPECIFICATIONS<\/td>\n<\/tr>\n<tr class=\"int-el-product-attribute-table-attribute\">\n<td class=\"int-el-product-attribute-table-attribute-name\">AC Balance<\/td>\n<td class=\"int-el-product-attribute-table-attribute-value\">(-5) &#8211; 5<\/td>\n<\/tr>\n<tr class=\"int-el-product-attribute-table-attribute\">\n<td class=\"int-el-product-attribute-table-attribute-name\">Current rise time (s)<\/td>\n<td class=\"int-el-product-attribute-table-attribute-value\">0 &#8211; 10<\/td>\n<\/tr>\n<tr class=\"int-el-product-attribute-table-attribute\">\n<td class=\"int-el-product-attribute-table-attribute-name\">Current drop time (s)<\/td>\n<td class=\"int-el-product-attribute-table-attribute-value\">0 &#8211; 10<\/td>\n<\/tr>\n<tr class=\"int-el-product-attribute-table-attribute\">\n<td class=\"int-el-product-attribute-table-attribute-name\">AC frequency<\/td>\n<td class=\"int-el-product-attribute-table-attribute-value\">50 &#8211; 250 Hz<\/td>\n<\/tr>\n<tr class=\"int-el-product-attribute-table-attribute\">\n<td class=\"int-el-product-attribute-table-attribute-name\">Pulse frequency Hz<\/td>\n<td class=\"int-el-product-attribute-table-attribute-value\">0,5 &#8211; 999<\/td>\n<\/tr>\n<tr class=\"int-el-product-attribute-table-attribute\">\n<td class=\"int-el-product-attribute-table-attribute-name\">Pulse length (%)<\/td>\n<td class=\"int-el-product-attribute-table-attribute-value\">5 &#8211; 95<\/td>\n<\/tr>\n<tr class=\"int-el-product-attribute-table-attribute\">\n<td class=\"int-el-product-attribute-table-attribute-name\">Gas after (s)<\/td>\n<td class=\"int-el-product-attribute-table-attribute-value\">0 &#8211; 10<\/td>\n<\/tr>\n<tr class=\"int-el-product-attribute-table-attribute\">\n<td class=\"int-el-product-attribute-table-attribute-name\">Gas before (s)<\/td>\n<td class=\"int-el-product-attribute-table-attribute-value\">0,1 &#8211; 2<\/td>\n<\/tr>\n<tr class=\"int-el-product-attribute-table-attribute\">\n<td class=\"int-el-product-attribute-table-attribute-name\">Power<\/td>\n<td class=\"int-el-product-attribute-table-attribute-value\">7.7 kW<\/td>\n<\/tr>\n<tr class=\"int-el-product-attribute-table-attribute\">\n<td class=\"int-el-product-attribute-table-attribute-name\">Idle voltage<\/td>\n<td class=\"int-el-product-attribute-table-attribute-value\">95 V<\/td>\n<\/tr>\n<tr class=\"int-el-product-attribute-table-attribute\">\n<td class=\"int-el-product-attribute-table-attribute-name\">Base current in pulse<\/td>\n<td class=\"int-el-product-attribute-table-attribute-value\">5 &#8211; 200 A<\/td>\n<\/tr>\n<tr class=\"int-el-product-attribute-table-attribute\">\n<td class=\"int-el-product-attribute-table-attribute-name\">Final current<\/td>\n<td class=\"int-el-product-attribute-table-attribute-value\">5 &#8211; 200 A<\/td>\n<\/tr>\n<tr class=\"int-el-product-attribute-table-attribute\">\n<td class=\"int-el-product-attribute-table-attribute-name\">Maximum current<\/td>\n<td class=\"int-el-product-attribute-table-attribute-value\">200 A<\/td>\n<\/tr>\n<tr class=\"int-el-product-attribute-table-attribute\">\n<td class=\"int-el-product-attribute-table-attribute-name\">Current at 100% operation<\/td>\n<td class=\"int-el-product-attribute-table-attribute-value\">155 A<\/td>\n<\/tr>\n<tr class=\"int-el-product-attribute-table-attribute\">\n<td class=\"int-el-product-attribute-table-attribute-name\">Current at 60% operation<\/td>\n<td class=\"int-el-product-attribute-table-attribute-value\">200 A<\/td>\n<\/tr>\n<tr class=\"int-el-product-attribute-table-attribute\">\n<td class=\"int-el-product-attribute-table-attribute-name\">Starting current<\/td>\n<td class=\"int-el-product-attribute-table-attribute-value\">5 &#8211; 200 A<\/td>\n<\/tr>\n<tr class=\"int-el-product-attribute-table-attribute\">\n<td class=\"int-el-product-attribute-table-attribute-name\">Welding electrode diameter<\/td>\n<td class=\"int-el-product-attribute-table-attribute-value\">1,6 &#8211; 4,0<\/td>\n<\/tr>\n<tr class=\"int-el-product-attribute-table-attribute\">\n<td class=\"int-el-product-attribute-table-attribute-name\">Welding current adjustment range<\/td>\n<td class=\"int-el-product-attribute-table-attribute-value\">5 &#8211; 200 A<\/td>\n<\/tr>\n<tr class=\"int-el-product-attribute-table-group\">\n<td colspan=\"2\">POWER SUPPLY PARAMETERS<\/td>\n<\/tr>\n<tr class=\"int-el-product-attribute-table-attribute\">\n<td class=\"int-el-product-attribute-table-attribute-name\">Mains protection<\/td>\n<td class=\"int-el-product-attribute-table-attribute-value\">C25A MMA \/ C20A TIG<\/td>\n<\/tr>\n<tr class=\"int-el-product-attribute-table-attribute\">\n<td class=\"int-el-product-attribute-table-attribute-name\">Rated supply voltage<\/td>\n<td class=\"int-el-product-attribute-table-attribute-value\">230 V, 50-60Hz, 1ph<\/td>\n<\/tr>\n<\/tbody>\n<\/table>\n","protected":false},"excerpt":{"rendered":"<p>EXPERT TIG 220 AC\/DC is a professional inverter welder for TIG welding of all metals including aluminum and stainless steel. The device allows TIG and TIG PULSE welding with alternating current (AC), direct current (DC) and MMA methods EXPERT TIG 220 AC\/DC PULSE LCD is a portable power source, made with IGBT technology, designed for [&hellip;]<\/p>\n","protected":false},"featured_media":13299,"template":"","meta":{"inline_featured_image":false},"product_brand":[],"product_cat":[506,496,474,507],"product_tag":[],"class_list":{"0":"post-30370","1":"product","2":"type-product","3":"status-publish","4":"has-post-thumbnail","6":"product_cat-ac-dc-en","7":"product_cat-gas-cooled-en-5","8":"product_cat-new","9":"product_cat-tig-en-2","11":"first","12":"instock","13":"taxable","14":"shipping-taxable","15":"purchasable","16":"product-type-simple"},"yoast_head":"<!-- This site is optimized with the Yoast SEO Premium plugin v27.0 (Yoast SEO v27.3) - https:\/\/yoast.com\/product\/yoast-seo-premium-wordpress\/ -->\n<title>Ideal EXPERT TIG 220 AC\/DC PULSE LCD - SpawLab - Welding equipment and plasma cutters - store and service<\/title>\n<meta name=\"description\" content=\"Lider sprzeda\u017cy, Oficjalny Dystrybutor Premium i Serwis na Polsk\u0119 Migatronic, Gys, Voestalpine Bohler Welding. Nowe i u\u017cywane Spawarki, Przecinarki Plazmowe, Kompresory. Mgr in\u017c. Jaros\u0142aw Ko\u0142aski, IWE\" \/>\n<meta name=\"robots\" content=\"index, follow, max-snippet:-1, max-image-preview:large, max-video-preview:-1\" \/>\n<link rel=\"canonical\" href=\"https:\/\/spawlab.pl\/en\/produkt\/ideal-expert-tig-220-ac-dc-pulse-lcd\/\" \/>\n<meta property=\"og:locale\" content=\"en_US\" \/>\n<meta property=\"og:type\" content=\"article\" \/>\n<meta property=\"og:title\" content=\"Ideal EXPERT TIG 220 AC\/DC PULSE LCD\" \/>\n<meta property=\"og:description\" content=\"Lider sprzeda\u017cy, Oficjalny Dystrybutor Premium i Serwis na Polsk\u0119 Migatronic, Gys, Voestalpine Bohler Welding. Nowe i u\u017cywane Spawarki, Przecinarki Plazmowe, Kompresory. Mgr in\u017c. Jaros\u0142aw Ko\u0142aski, IWE\" \/>\n<meta property=\"og:url\" content=\"https:\/\/spawlab.pl\/en\/produkt\/ideal-expert-tig-220-ac-dc-pulse-lcd\/\" \/>\n<meta property=\"og:site_name\" content=\"SpawLab - Welding equipment and plasma cutters - store and service\" \/>\n<meta property=\"article:publisher\" content=\"https:\/\/www.facebook.com\/Spawlab\/\" \/>\n<meta property=\"og:image\" content=\"https:\/\/www.badek.pl\/assets\/upload\/product\/file\/f50c55d4-a5fe-4db3-836f-ac2b776049f8.JPG\" \/>\n<meta name=\"twitter:label1\" content=\"Price\" \/>\n\t<meta name=\"twitter:data1\" content=\"4 199,00&nbsp;&#122;&#322; (3 413,82&nbsp;&#122;&#322; netto)\" \/>\n\t<meta name=\"twitter:label2\" content=\"Availability\" \/>\n\t<meta name=\"twitter:data2\" content=\"In stock\" \/>\n<script type=\"application\/ld+json\" class=\"yoast-schema-graph\">{\"@context\":\"https:\\\/\\\/schema.org\",\"@graph\":[{\"@type\":[\"WebPage\",\"ItemPage\"],\"@id\":\"https:\\\/\\\/spawlab.pl\\\/en\\\/produkt\\\/ideal-expert-tig-220-ac-dc-pulse-lcd\\\/\",\"url\":\"https:\\\/\\\/spawlab.pl\\\/en\\\/produkt\\\/ideal-expert-tig-220-ac-dc-pulse-lcd\\\/\",\"name\":\"Ideal EXPERT TIG 220 AC\\\/DC PULSE LCD - SpawLab - Welding equipment and plasma cutters - store and service\",\"isPartOf\":{\"@id\":\"https:\\\/\\\/spawlab.pl\\\/en\\\/#website\"},\"primaryImageOfPage\":{\"@id\":\"https:\\\/\\\/spawlab.pl\\\/en\\\/produkt\\\/ideal-expert-tig-220-ac-dc-pulse-lcd\\\/#primaryimage\"},\"image\":{\"@id\":\"https:\\\/\\\/spawlab.pl\\\/en\\\/produkt\\\/ideal-expert-tig-220-ac-dc-pulse-lcd\\\/#primaryimage\"},\"thumbnailUrl\":\"https:\\\/\\\/spawlab.pl\\\/wp-content\\\/uploads\\\/2021\\\/10\\\/expert-tig-220-ac-dc-pulse-lcd-zestaw-tig-5258-77bc6864.jpg\",\"datePublished\":\"2021-10-24T11:25:17+00:00\",\"description\":\"Lider sprzeda\u017cy, Oficjalny Dystrybutor Premium i Serwis na Polsk\u0119 Migatronic, Gys, Voestalpine Bohler Welding. Nowe i u\u017cywane Spawarki, Przecinarki Plazmowe, Kompresory. Mgr in\u017c. Jaros\u0142aw Ko\u0142aski, IWE\",\"breadcrumb\":{\"@id\":\"https:\\\/\\\/spawlab.pl\\\/en\\\/produkt\\\/ideal-expert-tig-220-ac-dc-pulse-lcd\\\/#breadcrumb\"},\"inLanguage\":\"en-US\",\"potentialAction\":[{\"@type\":\"ReadAction\",\"target\":[\"https:\\\/\\\/spawlab.pl\\\/en\\\/produkt\\\/ideal-expert-tig-220-ac-dc-pulse-lcd\\\/\"]}]},{\"@type\":\"ImageObject\",\"inLanguage\":\"en-US\",\"@id\":\"https:\\\/\\\/spawlab.pl\\\/en\\\/produkt\\\/ideal-expert-tig-220-ac-dc-pulse-lcd\\\/#primaryimage\",\"url\":\"https:\\\/\\\/spawlab.pl\\\/wp-content\\\/uploads\\\/2021\\\/10\\\/expert-tig-220-ac-dc-pulse-lcd-zestaw-tig-5258-77bc6864.jpg\",\"contentUrl\":\"https:\\\/\\\/spawlab.pl\\\/wp-content\\\/uploads\\\/2021\\\/10\\\/expert-tig-220-ac-dc-pulse-lcd-zestaw-tig-5258-77bc6864.jpg\",\"width\":800,\"height\":800},{\"@type\":\"BreadcrumbList\",\"@id\":\"https:\\\/\\\/spawlab.pl\\\/en\\\/produkt\\\/ideal-expert-tig-220-ac-dc-pulse-lcd\\\/#breadcrumb\",\"itemListElement\":[{\"@type\":\"ListItem\",\"position\":1,\"name\":\"Strona g\u0142\u00f3wna\",\"item\":\"https:\\\/\\\/spawlab.pl\\\/en\\\/\"},{\"@type\":\"ListItem\",\"position\":2,\"name\":\"Store\",\"item\":\"https:\\\/\\\/spawlab.pl\\\/en\\\/shop\\\/\"},{\"@type\":\"ListItem\",\"position\":3,\"name\":\"Ideal EXPERT TIG 220 AC\\\/DC PULSE LCD\"}]},{\"@type\":\"WebSite\",\"@id\":\"https:\\\/\\\/spawlab.pl\\\/en\\\/#website\",\"url\":\"https:\\\/\\\/spawlab.pl\\\/en\\\/\",\"name\":\"Spawlab.pl Lider - Spawarki, Przecinarki Plazmowe, Kompresory\",\"description\":\"Urz\u0105dzenia spawalnicze i Przecinarki plazmowe\\\/ nowe i u\u017cywane \\\/ Profesjonalny serwis\",\"publisher\":{\"@id\":\"https:\\\/\\\/spawlab.pl\\\/en\\\/#organization\"},\"alternateName\":\"Spawlab.pl - Dystrybutor Premium i Serwis na Polske Migatronic, Gys, Voestalpine Bohler Welding\",\"potentialAction\":[{\"@type\":\"SearchAction\",\"target\":{\"@type\":\"EntryPoint\",\"urlTemplate\":\"https:\\\/\\\/spawlab.pl\\\/en\\\/?s={search_term_string}\"},\"query-input\":{\"@type\":\"PropertyValueSpecification\",\"valueRequired\":true,\"valueName\":\"search_term_string\"}}],\"inLanguage\":\"en-US\"},{\"@type\":[\"Organization\",\"Place\"],\"@id\":\"https:\\\/\\\/spawlab.pl\\\/en\\\/#organization\",\"name\":\"Spawlab.pl\",\"url\":\"https:\\\/\\\/spawlab.pl\\\/en\\\/\",\"logo\":{\"@id\":\"https:\\\/\\\/spawlab.pl\\\/en\\\/produkt\\\/ideal-expert-tig-220-ac-dc-pulse-lcd\\\/#local-main-organization-logo\"},\"image\":{\"@id\":\"https:\\\/\\\/spawlab.pl\\\/en\\\/produkt\\\/ideal-expert-tig-220-ac-dc-pulse-lcd\\\/#local-main-organization-logo\"},\"sameAs\":[\"https:\\\/\\\/www.facebook.com\\\/Spawlab\\\/\",\"https:\\\/\\\/www.linkedin.com\\\/company\\\/spawlab\",\"https:\\\/\\\/www.instagram.com\\\/spawlab.pl\",\"https:\\\/\\\/www.tiktok.com\\\/@spawlab\"],\"description\":\"Lider sprzeda\u017cy, Oficjalny Dystrybutor Premium i Serwis na Polsk\u0119 Migatronic, Gys, Voestalpine Bohler Welding. Nowe i u\u017cywane Spawarki, Przecinarki Plazmowe, Kompresory. Mgr in\u017c. Jaros\u0142aw Ko\u0142aski, IWE\",\"hasMerchantReturnPolicy\":{\"@type\":\"MerchantReturnPolicy\",\"merchantReturnLink\":\"https:\\\/\\\/spawlab.pl\\\/polityka-prywatnosci-2\\\/\"},\"telephone\":[],\"openingHoursSpecification\":[{\"@type\":\"OpeningHoursSpecification\",\"dayOfWeek\":[\"Monday\",\"Tuesday\",\"Wednesday\",\"Thursday\",\"Friday\",\"Saturday\",\"Sunday\"],\"opens\":\"09:00\",\"closes\":\"17:00\"}]},{\"@type\":\"ImageObject\",\"inLanguage\":\"en-US\",\"@id\":\"https:\\\/\\\/spawlab.pl\\\/en\\\/produkt\\\/ideal-expert-tig-220-ac-dc-pulse-lcd\\\/#local-main-organization-logo\",\"url\":\"https:\\\/\\\/spawlab.pl\\\/wp-content\\\/uploads\\\/2022\\\/01\\\/olx.jpg\",\"contentUrl\":\"https:\\\/\\\/spawlab.pl\\\/wp-content\\\/uploads\\\/2022\\\/01\\\/olx.jpg\",\"width\":200,\"height\":200,\"caption\":\"Spawlab.pl\"}]}<\/script>\n<meta property=\"product:price:amount\" content=\"4199.00\" \/>\n<meta property=\"product:price:currency\" content=\"PLN\" \/>\n<meta property=\"og:availability\" content=\"instock\" \/>\n<meta property=\"product:availability\" content=\"instock\" \/>\n<meta property=\"product:condition\" content=\"new\" \/>\n<!-- \/ Yoast SEO Premium plugin. -->","yoast_head_json":{"title":"Ideal EXPERT TIG 220 AC\/DC PULSE LCD - SpawLab - Welding equipment and plasma cutters - store and service","description":"Lider sprzeda\u017cy, Oficjalny Dystrybutor Premium i Serwis na Polsk\u0119 Migatronic, Gys, Voestalpine Bohler Welding. Nowe i u\u017cywane Spawarki, Przecinarki Plazmowe, Kompresory. Mgr in\u017c. Jaros\u0142aw Ko\u0142aski, IWE","robots":{"index":"index","follow":"follow","max-snippet":"max-snippet:-1","max-image-preview":"max-image-preview:large","max-video-preview":"max-video-preview:-1"},"canonical":"https:\/\/spawlab.pl\/en\/produkt\/ideal-expert-tig-220-ac-dc-pulse-lcd\/","og_locale":"en_US","og_type":"article","og_title":"Ideal EXPERT TIG 220 AC\/DC PULSE LCD","og_description":"Lider sprzeda\u017cy, Oficjalny Dystrybutor Premium i Serwis na Polsk\u0119 Migatronic, Gys, Voestalpine Bohler Welding. Nowe i u\u017cywane Spawarki, Przecinarki Plazmowe, Kompresory. Mgr in\u017c. Jaros\u0142aw Ko\u0142aski, IWE","og_url":"https:\/\/spawlab.pl\/en\/produkt\/ideal-expert-tig-220-ac-dc-pulse-lcd\/","og_site_name":"SpawLab - Welding equipment and plasma cutters - store and service","article_publisher":"https:\/\/www.facebook.com\/Spawlab\/","og_image":[{"url":"https:\/\/www.badek.pl\/assets\/upload\/product\/file\/f50c55d4-a5fe-4db3-836f-ac2b776049f8.JPG","type":"","width":"","height":""}],"twitter_misc":{"Price":"4 199,00&nbsp;&#122;&#322; (3 413,82&nbsp;&#122;&#322; netto)","Availability":"In stock"},"schema":{"@context":"https:\/\/schema.org","@graph":[{"@type":["WebPage","ItemPage"],"@id":"https:\/\/spawlab.pl\/en\/produkt\/ideal-expert-tig-220-ac-dc-pulse-lcd\/","url":"https:\/\/spawlab.pl\/en\/produkt\/ideal-expert-tig-220-ac-dc-pulse-lcd\/","name":"Ideal EXPERT TIG 220 AC\/DC PULSE LCD - SpawLab - Welding equipment and plasma cutters - store and service","isPartOf":{"@id":"https:\/\/spawlab.pl\/en\/#website"},"primaryImageOfPage":{"@id":"https:\/\/spawlab.pl\/en\/produkt\/ideal-expert-tig-220-ac-dc-pulse-lcd\/#primaryimage"},"image":{"@id":"https:\/\/spawlab.pl\/en\/produkt\/ideal-expert-tig-220-ac-dc-pulse-lcd\/#primaryimage"},"thumbnailUrl":"https:\/\/spawlab.pl\/wp-content\/uploads\/2021\/10\/expert-tig-220-ac-dc-pulse-lcd-zestaw-tig-5258-77bc6864.jpg","datePublished":"2021-10-24T11:25:17+00:00","description":"Lider sprzeda\u017cy, Oficjalny Dystrybutor Premium i Serwis na Polsk\u0119 Migatronic, Gys, Voestalpine Bohler Welding. Nowe i u\u017cywane Spawarki, Przecinarki Plazmowe, Kompresory. Mgr in\u017c. Jaros\u0142aw Ko\u0142aski, IWE","breadcrumb":{"@id":"https:\/\/spawlab.pl\/en\/produkt\/ideal-expert-tig-220-ac-dc-pulse-lcd\/#breadcrumb"},"inLanguage":"en-US","potentialAction":[{"@type":"ReadAction","target":["https:\/\/spawlab.pl\/en\/produkt\/ideal-expert-tig-220-ac-dc-pulse-lcd\/"]}]},{"@type":"ImageObject","inLanguage":"en-US","@id":"https:\/\/spawlab.pl\/en\/produkt\/ideal-expert-tig-220-ac-dc-pulse-lcd\/#primaryimage","url":"https:\/\/spawlab.pl\/wp-content\/uploads\/2021\/10\/expert-tig-220-ac-dc-pulse-lcd-zestaw-tig-5258-77bc6864.jpg","contentUrl":"https:\/\/spawlab.pl\/wp-content\/uploads\/2021\/10\/expert-tig-220-ac-dc-pulse-lcd-zestaw-tig-5258-77bc6864.jpg","width":800,"height":800},{"@type":"BreadcrumbList","@id":"https:\/\/spawlab.pl\/en\/produkt\/ideal-expert-tig-220-ac-dc-pulse-lcd\/#breadcrumb","itemListElement":[{"@type":"ListItem","position":1,"name":"Strona g\u0142\u00f3wna","item":"https:\/\/spawlab.pl\/en\/"},{"@type":"ListItem","position":2,"name":"Store","item":"https:\/\/spawlab.pl\/en\/shop\/"},{"@type":"ListItem","position":3,"name":"Ideal EXPERT TIG 220 AC\/DC PULSE LCD"}]},{"@type":"WebSite","@id":"https:\/\/spawlab.pl\/en\/#website","url":"https:\/\/spawlab.pl\/en\/","name":"Spawlab.pl Lider - Spawarki, Przecinarki Plazmowe, Kompresory","description":"Urz\u0105dzenia spawalnicze i Przecinarki plazmowe\/ nowe i u\u017cywane \/ Profesjonalny serwis","publisher":{"@id":"https:\/\/spawlab.pl\/en\/#organization"},"alternateName":"Spawlab.pl - Dystrybutor Premium i Serwis na Polske Migatronic, Gys, Voestalpine Bohler Welding","potentialAction":[{"@type":"SearchAction","target":{"@type":"EntryPoint","urlTemplate":"https:\/\/spawlab.pl\/en\/?s={search_term_string}"},"query-input":{"@type":"PropertyValueSpecification","valueRequired":true,"valueName":"search_term_string"}}],"inLanguage":"en-US"},{"@type":["Organization","Place"],"@id":"https:\/\/spawlab.pl\/en\/#organization","name":"Spawlab.pl","url":"https:\/\/spawlab.pl\/en\/","logo":{"@id":"https:\/\/spawlab.pl\/en\/produkt\/ideal-expert-tig-220-ac-dc-pulse-lcd\/#local-main-organization-logo"},"image":{"@id":"https:\/\/spawlab.pl\/en\/produkt\/ideal-expert-tig-220-ac-dc-pulse-lcd\/#local-main-organization-logo"},"sameAs":["https:\/\/www.facebook.com\/Spawlab\/","https:\/\/www.linkedin.com\/company\/spawlab","https:\/\/www.instagram.com\/spawlab.pl","https:\/\/www.tiktok.com\/@spawlab"],"description":"Lider sprzeda\u017cy, Oficjalny Dystrybutor Premium i Serwis na Polsk\u0119 Migatronic, Gys, Voestalpine Bohler Welding. Nowe i u\u017cywane Spawarki, Przecinarki Plazmowe, Kompresory. Mgr in\u017c. Jaros\u0142aw Ko\u0142aski, IWE","hasMerchantReturnPolicy":{"@type":"MerchantReturnPolicy","merchantReturnLink":"https:\/\/spawlab.pl\/polityka-prywatnosci-2\/"},"telephone":[],"openingHoursSpecification":[{"@type":"OpeningHoursSpecification","dayOfWeek":["Monday","Tuesday","Wednesday","Thursday","Friday","Saturday","Sunday"],"opens":"09:00","closes":"17:00"}]},{"@type":"ImageObject","inLanguage":"en-US","@id":"https:\/\/spawlab.pl\/en\/produkt\/ideal-expert-tig-220-ac-dc-pulse-lcd\/#local-main-organization-logo","url":"https:\/\/spawlab.pl\/wp-content\/uploads\/2022\/01\/olx.jpg","contentUrl":"https:\/\/spawlab.pl\/wp-content\/uploads\/2022\/01\/olx.jpg","width":200,"height":200,"caption":"Spawlab.pl"}]},"product_price_amount":"4199.00","product_price_currency":"PLN","og_availability":"instock","product_availability":"instock","product_condition":"new"},"_links":{"self":[{"href":"https:\/\/spawlab.pl\/en\/wp-json\/wp\/v2\/product\/30370","targetHints":{"allow":["GET"]}}],"collection":[{"href":"https:\/\/spawlab.pl\/en\/wp-json\/wp\/v2\/product"}],"about":[{"href":"https:\/\/spawlab.pl\/en\/wp-json\/wp\/v2\/types\/product"}],"wp:featuredmedia":[{"embeddable":true,"href":"https:\/\/spawlab.pl\/en\/wp-json\/wp\/v2\/media\/13299"}],"wp:attachment":[{"href":"https:\/\/spawlab.pl\/en\/wp-json\/wp\/v2\/media?parent=30370"}],"wp:term":[{"taxonomy":"product_brand","embeddable":true,"href":"https:\/\/spawlab.pl\/en\/wp-json\/wp\/v2\/product_brand?post=30370"},{"taxonomy":"product_cat","embeddable":true,"href":"https:\/\/spawlab.pl\/en\/wp-json\/wp\/v2\/product_cat?post=30370"},{"taxonomy":"product_tag","embeddable":true,"href":"https:\/\/spawlab.pl\/en\/wp-json\/wp\/v2\/product_tag?post=30370"}],"curies":[{"name":"wp","href":"https:\/\/api.w.org\/{rel}","templated":true}]}}