{"id":30393,"date":"2021-10-22T20:17:18","date_gmt":"2021-10-22T18:17:18","guid":{"rendered":"https:\/\/spawlab.pl\/produkt\/sherman-digimig-300-pulse\/"},"modified":"2021-10-22T20:17:18","modified_gmt":"2021-10-22T18:17:18","slug":"sherman-digimig-300-pulse","status":"publish","type":"product","link":"https:\/\/spawlab.pl\/en\/produkt\/sherman-digimig-300-pulse\/","title":{"rendered":"Sherman DIGIMIG 300 Pulse"},"content":{"rendered":"<p>Synergic DIGIMIG 300 Pulse welder is an innovative device for manual welding of steel and non-ferrous metals by MIG\/MAG, MMA (shielded electrode) and Lift TIG methods. It can also be used for brazing thin (up to 3 mm) galvanized sheets. The welder allows connection of a Spool Gun (SG) type holder.<br \/>\nThe digital control allows full adjustment of parameters, arc dynamics, characteristics and manual or synergistic mode in the MIG\/MAG method. The use of synergistic settings in the welder for ordinary steel, stainless steel and aluminum alloys greatly simplifies its operation and allows use by people with less experience and hobbyists. The use of pulse or double pulse allows to obtain better weld quality, high aesthetics with very high productivity.<br \/>\nThe device can be welded by standard MMA or MMA with pulsation, which allows to obtain higher weld quality. In MMA, you can adjust ARC FORCE, HOT START and disable VRD.<br \/>\nDIGIMIG 300 Pulse allows TIG welding with DC pulsation along with adjustment of pulse characteristics. The welder allows the use of several operating modes including a spot welding option. The device has a memory of the last setting, that is, when it is turned off and turned on again, the last set parameters are restored. It is also possible to store 35 sets of settings with easy access to save\/restore program mode. On the inside of the spool compartment cover there is an abbreviated welder&#8217;s guide for easy day-to-day operation of the device with a detailed description of how to access the adjustable operating parameters.<br \/>\nThe welder is equipped with a unique MIG chuck with a knob in the handle for remote adjustment of welding voltage\/current during synergistic operation.<br \/>\nA practical MIG handle rack on the unit&#8217;s housing makes it easy to organize the workstation and store the welder.<br \/>\nAdditional Al rollers and a Teflon cartridge in the standard equipment make the unit fully ready to weld aluminum without the need for additional accessories.       <\/p>\n<p>&nbsp;<\/p>\n<table class=\"compare_featured_fields shop_attributes product_table\">\n<tbody>\n<tr>\n<th><span class=\"compare_featured_name\">Catalog number<\/span><\/th>\n<td width=\"40%\"><span class=\"compare_featured_value\">7812457<\/span><\/td>\n<\/tr>\n<tr>\n<th><span class=\"compare_featured_name\">Supply voltage<\/span> <span class=\"compare_featured_unit\">[V]<\/span><\/th>\n<td><span class=\"compare_featured_value\">AC 3&#215;400 50Hz<\/span><\/td>\n<\/tr>\n<tr>\n<th><span class=\"compare_featured_name\">Welding methods<\/span><\/th>\n<td><span class=\"compare_featured_value\">MIG, MMA, Lift TIG, brazing.<\/span><\/td>\n<\/tr>\n<tr>\n<th><span class=\"compare_featured_name\">Manufacturing technology<\/span><\/th>\n<td><span class=\"compare_featured_value\">IGBT<\/span><\/td>\n<\/tr>\n<tr>\n<th><span class=\"compare_featured_name\">Welding current<\/span> <span class=\"compare_featured_unit\">[A]<\/span><\/th>\n<td><span class=\"compare_featured_value\">MIG: 300 MMA: 280 TIG: 280<\/span><\/td>\n<\/tr>\n<tr>\n<th><span class=\"compare_featured_name\">Duty cycle<\/span> <span class=\"compare_featured_unit\">[%]<\/span><\/th>\n<td><span class=\"compare_featured_value\">MIG: 45 MMA: 50 TIG: 60<\/span><\/td>\n<\/tr>\n<tr>\n<th><span class=\"compare_featured_name\">Max. current consumption <\/span> <span class=\"compare_featured_unit\">[A]<\/span><\/th>\n<td><span class=\"compare_featured_value\">18 (MIG) \/ 17 (MMA) \/ 11.5 (TIG)<\/span><\/td>\n<\/tr>\n<tr>\n<th><span class=\"compare_featured_name\">Max. power consumption <\/span> <span class=\"compare_featured_unit\">[kVA].<\/span><\/th>\n<td><span class=\"compare_featured_value\">MIG: 10 MMA: 8.8 TIG: 5,8<\/span><\/td>\n<\/tr>\n<tr>\n<th><span class=\"compare_featured_name\">Welding current control<\/span><\/th>\n<td><span class=\"compare_featured_value\">Smooth<\/span><\/td>\n<\/tr>\n<tr>\n<th><span class=\"compare_featured_name\">Wire spool diameter <\/span> <span class=\"compare_featured_unit\">[mm]<\/span><\/th>\n<td><span class=\"compare_featured_value\">200, 300<\/span><\/td>\n<\/tr>\n<tr>\n<th><span class=\"compare_featured_name\">Wire feeding speed <\/span> <span class=\"compare_featured_unit\">[m\/min].<\/span><\/th>\n<td><span class=\"compare_featured_value\">2 &#8211; 14<\/span><\/td>\n<\/tr>\n<tr>\n<th><span class=\"compare_featured_name\">Weight<\/span> <span class=\"compare_featured_unit\">[kg]<\/span><\/th>\n<td><span class=\"compare_featured_value\">43<\/span><\/td>\n<\/tr>\n<tr>\n<th><span class=\"compare_featured_name\">Dimensions (L x H x W)<\/span> <span class=\"compare_featured_unit\">[mm]<\/span><\/th>\n<td><span class=\"compare_featured_value\">935 x 402 x 775<\/span><\/td>\n<\/tr>\n<\/tbody>\n<\/table>\n","protected":false},"excerpt":{"rendered":"<p>Synergic DIGIMIG 300 Pulse welder is an innovative device for manual welding of steel and non-ferrous metals by MIG\/MAG, MMA (shielded electrode) and Lift TIG methods. It can also be used for brazing thin (up to 3 mm) galvanized sheets. The welder allows connection of a Spool Gun (SG) type holder. The digital control allows [&hellip;]<\/p>\n","protected":false},"featured_media":12860,"template":"","meta":{"inline_featured_image":false},"product_brand":[],"product_cat":[498,512,474],"product_tag":[],"class_list":{"0":"post-30393","1":"product","2":"type-product","3":"status-publish","4":"has-post-thumbnail","6":"product_cat-gas-cooled-en-7","7":"product_cat-mig-mag-en-2","8":"product_cat-new","10":"first","11":"instock","12":"taxable","13":"shipping-taxable","14":"purchasable","15":"product-type-simple"},"yoast_head":"<!-- This site is optimized with the Yoast SEO Premium plugin v27.0 (Yoast SEO v27.3) - https:\/\/yoast.com\/product\/yoast-seo-premium-wordpress\/ -->\n<title>Sherman DIGIMIG 300 Pulse - SpawLab - Welding equipment and plasma cutters - store and service<\/title>\n<meta name=\"description\" content=\"Lider sprzeda\u017cy, Oficjalny Dystrybutor Premium i Serwis na Polsk\u0119 Migatronic, Gys, Voestalpine Bohler Welding. Nowe i u\u017cywane Spawarki, Przecinarki Plazmowe, Kompresory. Mgr in\u017c. Jaros\u0142aw Ko\u0142aski, IWE\" \/>\n<meta name=\"robots\" content=\"index, follow, max-snippet:-1, max-image-preview:large, max-video-preview:-1\" \/>\n<link rel=\"canonical\" href=\"https:\/\/spawlab.pl\/en\/produkt\/sherman-digimig-300-pulse\/\" \/>\n<meta property=\"og:locale\" content=\"en_US\" \/>\n<meta property=\"og:type\" content=\"article\" \/>\n<meta property=\"og:title\" content=\"Sherman DIGIMIG 300 Pulse\" \/>\n<meta property=\"og:description\" content=\"Lider sprzeda\u017cy, Oficjalny Dystrybutor Premium i Serwis na Polsk\u0119 Migatronic, Gys, Voestalpine Bohler Welding. Nowe i u\u017cywane Spawarki, Przecinarki Plazmowe, Kompresory. Mgr in\u017c. Jaros\u0142aw Ko\u0142aski, IWE\" \/>\n<meta property=\"og:url\" content=\"https:\/\/spawlab.pl\/en\/produkt\/sherman-digimig-300-pulse\/\" \/>\n<meta property=\"og:site_name\" content=\"SpawLab - Welding equipment and plasma cutters - store and service\" \/>\n<meta property=\"article:publisher\" content=\"https:\/\/www.facebook.com\/Spawlab\/\" \/>\n<meta property=\"og:image\" content=\"https:\/\/spawlab.pl\/wp-content\/uploads\/2025\/06\/LOGO-SPOLECZN-scaled.png\" \/>\n\t<meta property=\"og:image:width\" content=\"2560\" \/>\n\t<meta property=\"og:image:height\" content=\"1440\" \/>\n\t<meta property=\"og:image:type\" content=\"image\/png\" \/>\n<meta name=\"twitter:label1\" content=\"Price\" \/>\n\t<meta name=\"twitter:data1\" content=\"5 150,00&nbsp;&#122;&#322; (4 186,99&nbsp;&#122;&#322; netto)\" \/>\n\t<meta name=\"twitter:label2\" content=\"Availability\" \/>\n\t<meta name=\"twitter:data2\" content=\"In stock\" \/>\n<script type=\"application\/ld+json\" class=\"yoast-schema-graph\">{\"@context\":\"https:\\\/\\\/schema.org\",\"@graph\":[{\"@type\":[\"WebPage\",\"ItemPage\"],\"@id\":\"https:\\\/\\\/spawlab.pl\\\/en\\\/produkt\\\/sherman-digimig-300-pulse\\\/\",\"url\":\"https:\\\/\\\/spawlab.pl\\\/en\\\/produkt\\\/sherman-digimig-300-pulse\\\/\",\"name\":\"Sherman DIGIMIG 300 Pulse - SpawLab - Welding equipment and plasma cutters - store and service\",\"isPartOf\":{\"@id\":\"https:\\\/\\\/spawlab.pl\\\/en\\\/#website\"},\"primaryImageOfPage\":{\"@id\":\"https:\\\/\\\/spawlab.pl\\\/en\\\/produkt\\\/sherman-digimig-300-pulse\\\/#primaryimage\"},\"image\":{\"@id\":\"https:\\\/\\\/spawlab.pl\\\/en\\\/produkt\\\/sherman-digimig-300-pulse\\\/#primaryimage\"},\"thumbnailUrl\":\"https:\\\/\\\/spawlab.pl\\\/wp-content\\\/uploads\\\/2021\\\/10\\\/DIGIMIG-300-Pulse-_700x700.jpg\",\"datePublished\":\"2021-10-22T18:17:18+00:00\",\"description\":\"Lider sprzeda\u017cy, Oficjalny Dystrybutor Premium i Serwis na Polsk\u0119 Migatronic, Gys, Voestalpine Bohler Welding. Nowe i u\u017cywane Spawarki, Przecinarki Plazmowe, Kompresory. Mgr in\u017c. Jaros\u0142aw Ko\u0142aski, IWE\",\"breadcrumb\":{\"@id\":\"https:\\\/\\\/spawlab.pl\\\/en\\\/produkt\\\/sherman-digimig-300-pulse\\\/#breadcrumb\"},\"inLanguage\":\"en-US\",\"potentialAction\":[{\"@type\":\"ReadAction\",\"target\":[\"https:\\\/\\\/spawlab.pl\\\/en\\\/produkt\\\/sherman-digimig-300-pulse\\\/\"]}]},{\"@type\":\"ImageObject\",\"inLanguage\":\"en-US\",\"@id\":\"https:\\\/\\\/spawlab.pl\\\/en\\\/produkt\\\/sherman-digimig-300-pulse\\\/#primaryimage\",\"url\":\"https:\\\/\\\/spawlab.pl\\\/wp-content\\\/uploads\\\/2021\\\/10\\\/DIGIMIG-300-Pulse-_700x700.jpg\",\"contentUrl\":\"https:\\\/\\\/spawlab.pl\\\/wp-content\\\/uploads\\\/2021\\\/10\\\/DIGIMIG-300-Pulse-_700x700.jpg\",\"width\":700,\"height\":700},{\"@type\":\"BreadcrumbList\",\"@id\":\"https:\\\/\\\/spawlab.pl\\\/en\\\/produkt\\\/sherman-digimig-300-pulse\\\/#breadcrumb\",\"itemListElement\":[{\"@type\":\"ListItem\",\"position\":1,\"name\":\"Strona g\u0142\u00f3wna\",\"item\":\"https:\\\/\\\/spawlab.pl\\\/en\\\/\"},{\"@type\":\"ListItem\",\"position\":2,\"name\":\"Store\",\"item\":\"https:\\\/\\\/spawlab.pl\\\/en\\\/shop\\\/\"},{\"@type\":\"ListItem\",\"position\":3,\"name\":\"Sherman DIGIMIG 300 Pulse\"}]},{\"@type\":\"WebSite\",\"@id\":\"https:\\\/\\\/spawlab.pl\\\/en\\\/#website\",\"url\":\"https:\\\/\\\/spawlab.pl\\\/en\\\/\",\"name\":\"Spawlab.pl Lider - Spawarki, Przecinarki Plazmowe, Kompresory\",\"description\":\"Urz\u0105dzenia spawalnicze i Przecinarki plazmowe\\\/ nowe i u\u017cywane \\\/ Profesjonalny serwis\",\"publisher\":{\"@id\":\"https:\\\/\\\/spawlab.pl\\\/en\\\/#organization\"},\"alternateName\":\"Spawlab.pl - Dystrybutor Premium i Serwis na Polske Migatronic, Gys, Voestalpine Bohler Welding\",\"potentialAction\":[{\"@type\":\"SearchAction\",\"target\":{\"@type\":\"EntryPoint\",\"urlTemplate\":\"https:\\\/\\\/spawlab.pl\\\/en\\\/?s={search_term_string}\"},\"query-input\":{\"@type\":\"PropertyValueSpecification\",\"valueRequired\":true,\"valueName\":\"search_term_string\"}}],\"inLanguage\":\"en-US\"},{\"@type\":[\"Organization\",\"Place\"],\"@id\":\"https:\\\/\\\/spawlab.pl\\\/en\\\/#organization\",\"name\":\"Spawlab.pl\",\"url\":\"https:\\\/\\\/spawlab.pl\\\/en\\\/\",\"logo\":{\"@id\":\"https:\\\/\\\/spawlab.pl\\\/en\\\/produkt\\\/sherman-digimig-300-pulse\\\/#local-main-organization-logo\"},\"image\":{\"@id\":\"https:\\\/\\\/spawlab.pl\\\/en\\\/produkt\\\/sherman-digimig-300-pulse\\\/#local-main-organization-logo\"},\"sameAs\":[\"https:\\\/\\\/www.facebook.com\\\/Spawlab\\\/\",\"https:\\\/\\\/www.linkedin.com\\\/company\\\/spawlab\",\"https:\\\/\\\/www.instagram.com\\\/spawlab.pl\",\"https:\\\/\\\/www.tiktok.com\\\/@spawlab\"],\"description\":\"Lider sprzeda\u017cy, Oficjalny Dystrybutor Premium i Serwis na Polsk\u0119 Migatronic, Gys, Voestalpine Bohler Welding. Nowe i u\u017cywane Spawarki, Przecinarki Plazmowe, Kompresory. Mgr in\u017c. Jaros\u0142aw Ko\u0142aski, IWE\",\"hasMerchantReturnPolicy\":{\"@type\":\"MerchantReturnPolicy\",\"merchantReturnLink\":\"https:\\\/\\\/spawlab.pl\\\/polityka-prywatnosci-2\\\/\"},\"telephone\":[],\"openingHoursSpecification\":[{\"@type\":\"OpeningHoursSpecification\",\"dayOfWeek\":[\"Monday\",\"Tuesday\",\"Wednesday\",\"Thursday\",\"Friday\",\"Saturday\",\"Sunday\"],\"opens\":\"09:00\",\"closes\":\"17:00\"}]},{\"@type\":\"ImageObject\",\"inLanguage\":\"en-US\",\"@id\":\"https:\\\/\\\/spawlab.pl\\\/en\\\/produkt\\\/sherman-digimig-300-pulse\\\/#local-main-organization-logo\",\"url\":\"https:\\\/\\\/spawlab.pl\\\/wp-content\\\/uploads\\\/2022\\\/01\\\/olx.jpg\",\"contentUrl\":\"https:\\\/\\\/spawlab.pl\\\/wp-content\\\/uploads\\\/2022\\\/01\\\/olx.jpg\",\"width\":200,\"height\":200,\"caption\":\"Spawlab.pl\"}]}<\/script>\n<meta property=\"product:price:amount\" content=\"5150.00\" \/>\n<meta property=\"product:price:currency\" content=\"PLN\" \/>\n<meta property=\"og:availability\" content=\"instock\" \/>\n<meta property=\"product:availability\" content=\"instock\" \/>\n<meta property=\"product:condition\" content=\"new\" \/>\n<!-- \/ Yoast SEO Premium plugin. -->","yoast_head_json":{"title":"Sherman DIGIMIG 300 Pulse - SpawLab - Welding equipment and plasma cutters - store and service","description":"Lider sprzeda\u017cy, Oficjalny Dystrybutor Premium i Serwis na Polsk\u0119 Migatronic, Gys, Voestalpine Bohler Welding. Nowe i u\u017cywane Spawarki, Przecinarki Plazmowe, Kompresory. Mgr in\u017c. Jaros\u0142aw Ko\u0142aski, IWE","robots":{"index":"index","follow":"follow","max-snippet":"max-snippet:-1","max-image-preview":"max-image-preview:large","max-video-preview":"max-video-preview:-1"},"canonical":"https:\/\/spawlab.pl\/en\/produkt\/sherman-digimig-300-pulse\/","og_locale":"en_US","og_type":"article","og_title":"Sherman DIGIMIG 300 Pulse","og_description":"Lider sprzeda\u017cy, Oficjalny Dystrybutor Premium i Serwis na Polsk\u0119 Migatronic, Gys, Voestalpine Bohler Welding. Nowe i u\u017cywane Spawarki, Przecinarki Plazmowe, Kompresory. Mgr in\u017c. Jaros\u0142aw Ko\u0142aski, IWE","og_url":"https:\/\/spawlab.pl\/en\/produkt\/sherman-digimig-300-pulse\/","og_site_name":"SpawLab - Welding equipment and plasma cutters - store and service","article_publisher":"https:\/\/www.facebook.com\/Spawlab\/","og_image":[{"width":2560,"height":1440,"url":"https:\/\/spawlab.pl\/wp-content\/uploads\/2025\/06\/LOGO-SPOLECZN-scaled.png","type":"image\/png"}],"twitter_misc":{"Price":"5 150,00&nbsp;&#122;&#322; (4 186,99&nbsp;&#122;&#322; netto)","Availability":"In stock"},"schema":{"@context":"https:\/\/schema.org","@graph":[{"@type":["WebPage","ItemPage"],"@id":"https:\/\/spawlab.pl\/en\/produkt\/sherman-digimig-300-pulse\/","url":"https:\/\/spawlab.pl\/en\/produkt\/sherman-digimig-300-pulse\/","name":"Sherman DIGIMIG 300 Pulse - SpawLab - Welding equipment and plasma cutters - store and service","isPartOf":{"@id":"https:\/\/spawlab.pl\/en\/#website"},"primaryImageOfPage":{"@id":"https:\/\/spawlab.pl\/en\/produkt\/sherman-digimig-300-pulse\/#primaryimage"},"image":{"@id":"https:\/\/spawlab.pl\/en\/produkt\/sherman-digimig-300-pulse\/#primaryimage"},"thumbnailUrl":"https:\/\/spawlab.pl\/wp-content\/uploads\/2021\/10\/DIGIMIG-300-Pulse-_700x700.jpg","datePublished":"2021-10-22T18:17:18+00:00","description":"Lider sprzeda\u017cy, Oficjalny Dystrybutor Premium i Serwis na Polsk\u0119 Migatronic, Gys, Voestalpine Bohler Welding. Nowe i u\u017cywane Spawarki, Przecinarki Plazmowe, Kompresory. Mgr in\u017c. Jaros\u0142aw Ko\u0142aski, IWE","breadcrumb":{"@id":"https:\/\/spawlab.pl\/en\/produkt\/sherman-digimig-300-pulse\/#breadcrumb"},"inLanguage":"en-US","potentialAction":[{"@type":"ReadAction","target":["https:\/\/spawlab.pl\/en\/produkt\/sherman-digimig-300-pulse\/"]}]},{"@type":"ImageObject","inLanguage":"en-US","@id":"https:\/\/spawlab.pl\/en\/produkt\/sherman-digimig-300-pulse\/#primaryimage","url":"https:\/\/spawlab.pl\/wp-content\/uploads\/2021\/10\/DIGIMIG-300-Pulse-_700x700.jpg","contentUrl":"https:\/\/spawlab.pl\/wp-content\/uploads\/2021\/10\/DIGIMIG-300-Pulse-_700x700.jpg","width":700,"height":700},{"@type":"BreadcrumbList","@id":"https:\/\/spawlab.pl\/en\/produkt\/sherman-digimig-300-pulse\/#breadcrumb","itemListElement":[{"@type":"ListItem","position":1,"name":"Strona g\u0142\u00f3wna","item":"https:\/\/spawlab.pl\/en\/"},{"@type":"ListItem","position":2,"name":"Store","item":"https:\/\/spawlab.pl\/en\/shop\/"},{"@type":"ListItem","position":3,"name":"Sherman DIGIMIG 300 Pulse"}]},{"@type":"WebSite","@id":"https:\/\/spawlab.pl\/en\/#website","url":"https:\/\/spawlab.pl\/en\/","name":"Spawlab.pl Lider - Spawarki, Przecinarki Plazmowe, Kompresory","description":"Urz\u0105dzenia spawalnicze i Przecinarki plazmowe\/ nowe i u\u017cywane \/ Profesjonalny serwis","publisher":{"@id":"https:\/\/spawlab.pl\/en\/#organization"},"alternateName":"Spawlab.pl - Dystrybutor Premium i Serwis na Polske Migatronic, Gys, Voestalpine Bohler Welding","potentialAction":[{"@type":"SearchAction","target":{"@type":"EntryPoint","urlTemplate":"https:\/\/spawlab.pl\/en\/?s={search_term_string}"},"query-input":{"@type":"PropertyValueSpecification","valueRequired":true,"valueName":"search_term_string"}}],"inLanguage":"en-US"},{"@type":["Organization","Place"],"@id":"https:\/\/spawlab.pl\/en\/#organization","name":"Spawlab.pl","url":"https:\/\/spawlab.pl\/en\/","logo":{"@id":"https:\/\/spawlab.pl\/en\/produkt\/sherman-digimig-300-pulse\/#local-main-organization-logo"},"image":{"@id":"https:\/\/spawlab.pl\/en\/produkt\/sherman-digimig-300-pulse\/#local-main-organization-logo"},"sameAs":["https:\/\/www.facebook.com\/Spawlab\/","https:\/\/www.linkedin.com\/company\/spawlab","https:\/\/www.instagram.com\/spawlab.pl","https:\/\/www.tiktok.com\/@spawlab"],"description":"Lider sprzeda\u017cy, Oficjalny Dystrybutor Premium i Serwis na Polsk\u0119 Migatronic, Gys, Voestalpine Bohler Welding. Nowe i u\u017cywane Spawarki, Przecinarki Plazmowe, Kompresory. Mgr in\u017c. Jaros\u0142aw Ko\u0142aski, IWE","hasMerchantReturnPolicy":{"@type":"MerchantReturnPolicy","merchantReturnLink":"https:\/\/spawlab.pl\/polityka-prywatnosci-2\/"},"telephone":[],"openingHoursSpecification":[{"@type":"OpeningHoursSpecification","dayOfWeek":["Monday","Tuesday","Wednesday","Thursday","Friday","Saturday","Sunday"],"opens":"09:00","closes":"17:00"}]},{"@type":"ImageObject","inLanguage":"en-US","@id":"https:\/\/spawlab.pl\/en\/produkt\/sherman-digimig-300-pulse\/#local-main-organization-logo","url":"https:\/\/spawlab.pl\/wp-content\/uploads\/2022\/01\/olx.jpg","contentUrl":"https:\/\/spawlab.pl\/wp-content\/uploads\/2022\/01\/olx.jpg","width":200,"height":200,"caption":"Spawlab.pl"}]},"product_price_amount":"5150.00","product_price_currency":"PLN","og_availability":"instock","product_availability":"instock","product_condition":"new"},"_links":{"self":[{"href":"https:\/\/spawlab.pl\/en\/wp-json\/wp\/v2\/product\/30393","targetHints":{"allow":["GET"]}}],"collection":[{"href":"https:\/\/spawlab.pl\/en\/wp-json\/wp\/v2\/product"}],"about":[{"href":"https:\/\/spawlab.pl\/en\/wp-json\/wp\/v2\/types\/product"}],"wp:featuredmedia":[{"embeddable":true,"href":"https:\/\/spawlab.pl\/en\/wp-json\/wp\/v2\/media\/12860"}],"wp:attachment":[{"href":"https:\/\/spawlab.pl\/en\/wp-json\/wp\/v2\/media?parent=30393"}],"wp:term":[{"taxonomy":"product_brand","embeddable":true,"href":"https:\/\/spawlab.pl\/en\/wp-json\/wp\/v2\/product_brand?post=30393"},{"taxonomy":"product_cat","embeddable":true,"href":"https:\/\/spawlab.pl\/en\/wp-json\/wp\/v2\/product_cat?post=30393"},{"taxonomy":"product_tag","embeddable":true,"href":"https:\/\/spawlab.pl\/en\/wp-json\/wp\/v2\/product_tag?post=30393"}],"curies":[{"name":"wp","href":"https:\/\/api.w.org\/{rel}","templated":true}]}}