{"id":30409,"date":"2021-10-22T19:35:04","date_gmt":"2021-10-22T17:35:04","guid":{"rendered":"https:\/\/spawlab.pl\/produkt\/sherman-digitig-315-ac-dc-multipro\/"},"modified":"2021-10-22T19:35:04","modified_gmt":"2021-10-22T17:35:04","slug":"sherman-digitig-315-ac-dc-multipro","status":"publish","type":"product","link":"https:\/\/spawlab.pl\/en\/produkt\/sherman-digitig-315-ac-dc-multipro\/","title":{"rendered":"Sherman DIGITIG 315 AC\/DC Multipro"},"content":{"rendered":"<div class=\"product_description\">\n<p>The DIGITIG 315 AC\/DC MULTIPRO digital welder is the latest generation device for professional applications. It is made with IGBT technology and equipped with digital control. It is used for manual TIG HF and TIG Lift welding of steels and non-ferrous metals with direct and alternating current. The device is equipped with a MMA (shielded electrode) welding option.   <\/p>\n<p>The welder allows full digital adjustment and control of welding parameters of arc and pulse characteristics and AC current waveform selection. It has HF ignition, ARC FORCE function, 2T\/4T switch and display indicating welding current and memory sets. The device has a memory of the last setting, that is, when it is turned off and turned on again, the last set parameters are restored. It is also possible to store 20 sets of pulse and welding current parameter settings. The set includes a liquid-cooled TIG welding chuck, electrode cable and ground cable.    <\/p>\n<\/div>\n<form id=\"product_14852\" class=\"product_form\" action=\"http:\/\/tecweld.pl\/produkty\/oferta-spawalnicza\/urzadzenia\/urzadzenia-tig\/tig-sherman-digitec\/spawarka-inwertorowa-digitig-315-acdc-multipro-2\/\" enctype=\"multipart\/form-data\" method=\"post\" name=\"1\">\n<div class=\"wpsc_product_price\">\n<table class=\"compare_featured_fields shop_attributes product_table\">\n<tbody>\n<tr>\n<th><span class=\"compare_featured_name\">Catalog number<\/span><\/th>\n<td width=\"40%\"><span class=\"compare_featured_value\">7812396<\/span><\/td>\n<\/tr>\n<tr>\n<th><span class=\"compare_featured_name\">Supply voltage<\/span> <span class=\"compare_featured_unit\">[V]<\/span><\/th>\n<td><span class=\"compare_featured_value\">AC 3&#215;400 50Hz<\/span><\/td>\n<\/tr>\n<tr>\n<th><span class=\"compare_featured_name\">Welding methods<\/span><\/th>\n<td><span class=\"compare_featured_value\">TIG AC\/DC, MMA<\/span><\/td>\n<\/tr>\n<tr>\n<th><span class=\"compare_featured_name\">Manufacturing technology<\/span><\/th>\n<td><span class=\"compare_featured_value\">IGBT<\/span><\/td>\n<\/tr>\n<tr>\n<th><span class=\"compare_featured_name\">Welding current<\/span> <span class=\"compare_featured_unit\">[A]<\/span><\/th>\n<td><span class=\"compare_featured_value\">TIG: 315, MMA: 280<\/span><\/td>\n<\/tr>\n<tr>\n<th><span class=\"compare_featured_name\">Duty cycle<\/span> <span class=\"compare_featured_unit\">[%]<\/span><\/th>\n<td><span class=\"compare_featured_value\">60<\/span><\/td>\n<\/tr>\n<tr>\n<th><span class=\"compare_featured_name\">Voltage at no-load condition.<\/span> <span class=\"compare_featured_unit\">[V]<\/span><\/th>\n<td><span class=\"compare_featured_value\">67<\/span><\/td>\n<\/tr>\n<tr>\n<th><span class=\"compare_featured_name\">Max. current consumption <\/span> <span class=\"compare_featured_unit\">[A]<\/span><\/th>\n<td><span class=\"compare_featured_value\">TIG: 10.8 \/ MMA: 15,3<\/span><\/td>\n<\/tr>\n<tr>\n<th><span class=\"compare_featured_name\">Max. power consumption <\/span> <span class=\"compare_featured_unit\">[kVA].<\/span><\/th>\n<td><span class=\"compare_featured_value\">TIG: 8.3 \/ MMA: 8,2<\/span><\/td>\n<\/tr>\n<tr>\n<th><span class=\"compare_featured_name\">Welding current control<\/span><\/th>\n<td><span class=\"compare_featured_value\">Smooth<\/span><\/td>\n<\/tr>\n<tr>\n<th><span class=\"compare_featured_name\">Gas pre-flow<\/span> <span class=\"compare_featured_unit\">[s]<\/span><\/th>\n<td><span class=\"compare_featured_value\">0,1-15<\/span><\/td>\n<\/tr>\n<tr>\n<th><span class=\"compare_featured_name\">Gas outflow<\/span> <span class=\"compare_featured_unit\">[s]<\/span><\/th>\n<td><span class=\"compare_featured_value\">0,1-15<\/span><\/td>\n<\/tr>\n<tr>\n<th><span class=\"compare_featured_name\">Current build-up<\/span> <span class=\"compare_featured_unit\">[s]<\/span><\/th>\n<td><span class=\"compare_featured_value\">0-15<\/span><\/td>\n<\/tr>\n<tr>\n<th><span class=\"compare_featured_name\">Current Falls<\/span> <span class=\"compare_featured_unit\">[s]<\/span><\/th>\n<td><span class=\"compare_featured_value\">0-15<\/span><\/td>\n<\/tr>\n<tr>\n<th><span class=\"compare_featured_name\">Initial current<\/span> <span class=\"compare_featured_unit\">[A]<\/span><\/th>\n<td><span class=\"compare_featured_value\">5-315<\/span><\/td>\n<\/tr>\n<tr>\n<th><span class=\"compare_featured_name\">Base current<\/span> <span class=\"compare_featured_unit\">[A]<\/span><\/th>\n<td><span class=\"compare_featured_value\">10-90% of welding current<\/span><\/td>\n<\/tr>\n<tr>\n<th><span class=\"compare_featured_name\">Crater current<\/span> <span class=\"compare_featured_unit\">[A]<\/span><\/th>\n<td><span class=\"compare_featured_value\">5-315<\/span><\/td>\n<\/tr>\n<tr>\n<th><span class=\"compare_featured_name\">Pulse frequency<\/span> <span class=\"compare_featured_unit\">[Hz]<\/span><\/th>\n<td><span class=\"compare_featured_value\">0,5-999<\/span><\/td>\n<\/tr>\n<tr>\n<th><span class=\"compare_featured_name\">Pulse duration<\/span> <span class=\"compare_featured_unit\">[%]<\/span><\/th>\n<td><span class=\"compare_featured_value\">10-90<\/span><\/td>\n<\/tr>\n<tr>\n<th><span class=\"compare_featured_name\">AC frequency<\/span> <span class=\"compare_featured_unit\">[Hz]<\/span><\/th>\n<td><span class=\"compare_featured_value\">1-250<\/span><\/td>\n<\/tr>\n<tr>\n<th><span class=\"compare_featured_name\">AC balance<\/span> <span class=\"compare_featured_unit\">[%]<\/span><\/th>\n<td><span class=\"compare_featured_value\">15-50<\/span><\/td>\n<\/tr>\n<tr>\n<th><span class=\"compare_featured_name\">Current amplitude<\/span> <span class=\"compare_featured_unit\">[%]<\/span><\/th>\n<td><span class=\"compare_featured_value\">&#8212;<\/span><\/td>\n<\/tr>\n<tr>\n<th><span class=\"compare_featured_name\">ARC FORCE<\/span> <span class=\"compare_featured_unit\">[A]<\/span><\/th>\n<td><span class=\"compare_featured_value\">0-100<\/span><\/td>\n<\/tr>\n<tr>\n<th><span class=\"compare_featured_name\">Weight<\/span> <span class=\"compare_featured_unit\">[kg]<\/span><\/th>\n<td><span class=\"compare_featured_value\">29<\/span><\/td>\n<\/tr>\n<tr>\n<th><span class=\"compare_featured_name\">Dimensions (L x H x W)<\/span> <span class=\"compare_featured_unit\">[mm]<\/span><\/th>\n<td><span class=\"compare_featured_value\">620 x 270 x 530<\/span><\/td>\n<\/tr>\n<\/tbody>\n<\/table>\n<\/div>\n<\/form>\n","protected":false},"excerpt":{"rendered":"<p>The DIGITIG 315 AC\/DC MULTIPRO digital welder is the latest generation device for professional applications. It is made with IGBT technology and equipped with digital control. It is used for manual TIG HF and TIG Lift welding of steels and non-ferrous metals with direct and alternating current. The device is equipped with a MMA (shielded [&hellip;]<\/p>\n","protected":false},"featured_media":12793,"template":"","meta":{"inline_featured_image":false},"product_brand":[],"product_cat":[506,496,474,507],"product_tag":[],"class_list":{"0":"post-30409","1":"product","2":"type-product","3":"status-publish","4":"has-post-thumbnail","6":"product_cat-ac-dc-en","7":"product_cat-gas-cooled-en-5","8":"product_cat-new","9":"product_cat-tig-en-2","11":"first","12":"instock","13":"taxable","14":"shipping-taxable","15":"purchasable","16":"product-type-simple"},"yoast_head":"<!-- This site is optimized with the Yoast SEO Premium plugin v27.5 (Yoast SEO v27.6) - https:\/\/yoast.com\/product\/yoast-seo-premium-wordpress\/ -->\n<title>Sherman DIGITIG 315 AC\/DC Multipro - SpawLab - Welding equipment and plasma cutters - store and service<\/title>\n<meta name=\"description\" content=\"Lider sprzeda\u017cy, Oficjalny Dystrybutor Premium i Serwis na Polsk\u0119 Migatronic, Gys, Voestalpine Bohler Welding. Nowe i u\u017cywane Spawarki, Przecinarki Plazmowe, Kompresory. Mgr in\u017c. Jaros\u0142aw Ko\u0142aski, IWE\" \/>\n<meta name=\"robots\" content=\"index, follow, max-snippet:-1, max-image-preview:large, max-video-preview:-1\" \/>\n<link rel=\"canonical\" href=\"https:\/\/spawlab.pl\/en\/produkt\/sherman-digitig-315-ac-dc-multipro\/\" \/>\n<meta property=\"og:locale\" content=\"en_US\" \/>\n<meta property=\"og:type\" content=\"article\" \/>\n<meta property=\"og:title\" content=\"Sherman DIGITIG 315 AC\/DC Multipro\" \/>\n<meta property=\"og:description\" content=\"Lider sprzeda\u017cy, Oficjalny Dystrybutor Premium i Serwis na Polsk\u0119 Migatronic, Gys, Voestalpine Bohler Welding. Nowe i u\u017cywane Spawarki, Przecinarki Plazmowe, Kompresory. Mgr in\u017c. Jaros\u0142aw Ko\u0142aski, IWE\" \/>\n<meta property=\"og:url\" content=\"https:\/\/spawlab.pl\/en\/produkt\/sherman-digitig-315-ac-dc-multipro\/\" \/>\n<meta property=\"og:site_name\" content=\"SpawLab - Welding equipment and plasma cutters - store and service\" \/>\n<meta property=\"article:publisher\" content=\"https:\/\/www.facebook.com\/Spawlab\/\" \/>\n<meta property=\"og:image\" content=\"https:\/\/spawlab.pl\/wp-content\/uploads\/2025\/06\/LOGO-SPOLECZN-scaled.png\" \/>\n\t<meta property=\"og:image:width\" content=\"2560\" \/>\n\t<meta property=\"og:image:height\" content=\"1440\" \/>\n\t<meta property=\"og:image:type\" content=\"image\/png\" \/>\n<meta name=\"twitter:label1\" content=\"Price\" \/>\n\t<meta name=\"twitter:data1\" content=\"4 260,00&nbsp;&#122;&#322; (3 463,41&nbsp;&#122;&#322; netto)\" \/>\n\t<meta name=\"twitter:label2\" content=\"Availability\" \/>\n\t<meta name=\"twitter:data2\" content=\"In stock\" \/>\n<script type=\"application\/ld+json\" class=\"yoast-schema-graph\">{\"@context\":\"https:\\\/\\\/schema.org\",\"@graph\":[{\"@type\":[\"WebPage\",\"ItemPage\"],\"@id\":\"https:\\\/\\\/spawlab.pl\\\/en\\\/produkt\\\/sherman-digitig-315-ac-dc-multipro\\\/\",\"url\":\"https:\\\/\\\/spawlab.pl\\\/en\\\/produkt\\\/sherman-digitig-315-ac-dc-multipro\\\/\",\"name\":\"Sherman DIGITIG 315 AC\\\/DC Multipro - SpawLab - Welding equipment and plasma cutters - store and service\",\"isPartOf\":{\"@id\":\"https:\\\/\\\/spawlab.pl\\\/en\\\/#website\"},\"primaryImageOfPage\":{\"@id\":\"https:\\\/\\\/spawlab.pl\\\/en\\\/produkt\\\/sherman-digitig-315-ac-dc-multipro\\\/#primaryimage\"},\"image\":{\"@id\":\"https:\\\/\\\/spawlab.pl\\\/en\\\/produkt\\\/sherman-digitig-315-ac-dc-multipro\\\/#primaryimage\"},\"thumbnailUrl\":\"https:\\\/\\\/spawlab.pl\\\/wp-content\\\/uploads\\\/2021\\\/10\\\/DIGITIG-315-ACDC-MULTIPRO_700x700.jpg\",\"datePublished\":\"2021-10-22T17:35:04+00:00\",\"description\":\"Lider sprzeda\u017cy, Oficjalny Dystrybutor Premium i Serwis na Polsk\u0119 Migatronic, Gys, Voestalpine Bohler Welding. Nowe i u\u017cywane Spawarki, Przecinarki Plazmowe, Kompresory. Mgr in\u017c. Jaros\u0142aw Ko\u0142aski, IWE\",\"breadcrumb\":{\"@id\":\"https:\\\/\\\/spawlab.pl\\\/en\\\/produkt\\\/sherman-digitig-315-ac-dc-multipro\\\/#breadcrumb\"},\"inLanguage\":\"en-US\",\"potentialAction\":[{\"@type\":\"ReadAction\",\"target\":[\"https:\\\/\\\/spawlab.pl\\\/en\\\/produkt\\\/sherman-digitig-315-ac-dc-multipro\\\/\"]}]},{\"@type\":\"ImageObject\",\"inLanguage\":\"en-US\",\"@id\":\"https:\\\/\\\/spawlab.pl\\\/en\\\/produkt\\\/sherman-digitig-315-ac-dc-multipro\\\/#primaryimage\",\"url\":\"https:\\\/\\\/spawlab.pl\\\/wp-content\\\/uploads\\\/2021\\\/10\\\/DIGITIG-315-ACDC-MULTIPRO_700x700.jpg\",\"contentUrl\":\"https:\\\/\\\/spawlab.pl\\\/wp-content\\\/uploads\\\/2021\\\/10\\\/DIGITIG-315-ACDC-MULTIPRO_700x700.jpg\",\"width\":2532,\"height\":2532},{\"@type\":\"BreadcrumbList\",\"@id\":\"https:\\\/\\\/spawlab.pl\\\/en\\\/produkt\\\/sherman-digitig-315-ac-dc-multipro\\\/#breadcrumb\",\"itemListElement\":[{\"@type\":\"ListItem\",\"position\":1,\"name\":\"Strona g\u0142\u00f3wna\",\"item\":\"https:\\\/\\\/spawlab.pl\\\/en\\\/\"},{\"@type\":\"ListItem\",\"position\":2,\"name\":\"Store\",\"item\":\"https:\\\/\\\/spawlab.pl\\\/en\\\/shop\\\/\"},{\"@type\":\"ListItem\",\"position\":3,\"name\":\"Sherman DIGITIG 315 AC\\\/DC Multipro\"}]},{\"@type\":\"WebSite\",\"@id\":\"https:\\\/\\\/spawlab.pl\\\/en\\\/#website\",\"url\":\"https:\\\/\\\/spawlab.pl\\\/en\\\/\",\"name\":\"Spawlab.pl Lider - Spawarki, Przecinarki Plazmowe, Kompresory\",\"description\":\"Urz\u0105dzenia spawalnicze i Przecinarki plazmowe\\\/ nowe i u\u017cywane \\\/ Profesjonalny serwis\",\"publisher\":{\"@id\":\"https:\\\/\\\/spawlab.pl\\\/en\\\/#organization\"},\"alternateName\":\"Spawlab.pl - Dystrybutor Premium i Serwis na Polske Migatronic, Gys, Voestalpine Bohler Welding\",\"potentialAction\":[{\"@type\":\"SearchAction\",\"target\":{\"@type\":\"EntryPoint\",\"urlTemplate\":\"https:\\\/\\\/spawlab.pl\\\/en\\\/?s={search_term_string}\"},\"query-input\":{\"@type\":\"PropertyValueSpecification\",\"valueRequired\":true,\"valueName\":\"search_term_string\"}}],\"inLanguage\":\"en-US\"},{\"@type\":[\"Organization\",\"Place\"],\"@id\":\"https:\\\/\\\/spawlab.pl\\\/en\\\/#organization\",\"name\":\"Spawlab.pl\",\"url\":\"https:\\\/\\\/spawlab.pl\\\/en\\\/\",\"logo\":{\"@id\":\"https:\\\/\\\/spawlab.pl\\\/en\\\/produkt\\\/sherman-digitig-315-ac-dc-multipro\\\/#local-main-organization-logo\"},\"image\":{\"@id\":\"https:\\\/\\\/spawlab.pl\\\/en\\\/produkt\\\/sherman-digitig-315-ac-dc-multipro\\\/#local-main-organization-logo\"},\"sameAs\":[\"https:\\\/\\\/www.facebook.com\\\/Spawlab\\\/\",\"https:\\\/\\\/www.linkedin.com\\\/company\\\/spawlab\",\"https:\\\/\\\/www.instagram.com\\\/spawlab.pl\",\"https:\\\/\\\/www.tiktok.com\\\/@spawlab\"],\"description\":\"Lider sprzeda\u017cy, Oficjalny Dystrybutor Premium i Serwis na Polsk\u0119 Migatronic, Gys, Voestalpine Bohler Welding. Nowe i u\u017cywane Spawarki, Przecinarki Plazmowe, Kompresory. Mgr in\u017c. Jaros\u0142aw Ko\u0142aski, IWE\",\"hasMerchantReturnPolicy\":{\"@type\":\"MerchantReturnPolicy\",\"merchantReturnLink\":\"https:\\\/\\\/spawlab.pl\\\/polityka-prywatnosci-2\\\/\"},\"telephone\":[],\"openingHoursSpecification\":[{\"@type\":\"OpeningHoursSpecification\",\"dayOfWeek\":[\"Monday\",\"Tuesday\",\"Wednesday\",\"Thursday\",\"Friday\",\"Saturday\",\"Sunday\"],\"opens\":\"09:00\",\"closes\":\"17:00\"}]},{\"@type\":\"ImageObject\",\"inLanguage\":\"en-US\",\"@id\":\"https:\\\/\\\/spawlab.pl\\\/en\\\/produkt\\\/sherman-digitig-315-ac-dc-multipro\\\/#local-main-organization-logo\",\"url\":\"https:\\\/\\\/spawlab.pl\\\/wp-content\\\/uploads\\\/2022\\\/01\\\/olx.jpg\",\"contentUrl\":\"https:\\\/\\\/spawlab.pl\\\/wp-content\\\/uploads\\\/2022\\\/01\\\/olx.jpg\",\"width\":200,\"height\":200,\"caption\":\"Spawlab.pl\"}]}<\/script>\n<meta property=\"product:price:amount\" content=\"4260.00\" \/>\n<meta property=\"product:price:currency\" content=\"PLN\" \/>\n<meta property=\"og:availability\" content=\"instock\" \/>\n<meta property=\"product:availability\" content=\"instock\" \/>\n<meta property=\"product:condition\" content=\"new\" \/>\n<!-- \/ Yoast SEO Premium plugin. -->","yoast_head_json":{"title":"Sherman DIGITIG 315 AC\/DC Multipro - SpawLab - Welding equipment and plasma cutters - store and service","description":"Lider sprzeda\u017cy, Oficjalny Dystrybutor Premium i Serwis na Polsk\u0119 Migatronic, Gys, Voestalpine Bohler Welding. Nowe i u\u017cywane Spawarki, Przecinarki Plazmowe, Kompresory. Mgr in\u017c. Jaros\u0142aw Ko\u0142aski, IWE","robots":{"index":"index","follow":"follow","max-snippet":"max-snippet:-1","max-image-preview":"max-image-preview:large","max-video-preview":"max-video-preview:-1"},"canonical":"https:\/\/spawlab.pl\/en\/produkt\/sherman-digitig-315-ac-dc-multipro\/","og_locale":"en_US","og_type":"article","og_title":"Sherman DIGITIG 315 AC\/DC Multipro","og_description":"Lider sprzeda\u017cy, Oficjalny Dystrybutor Premium i Serwis na Polsk\u0119 Migatronic, Gys, Voestalpine Bohler Welding. Nowe i u\u017cywane Spawarki, Przecinarki Plazmowe, Kompresory. Mgr in\u017c. Jaros\u0142aw Ko\u0142aski, IWE","og_url":"https:\/\/spawlab.pl\/en\/produkt\/sherman-digitig-315-ac-dc-multipro\/","og_site_name":"SpawLab - Welding equipment and plasma cutters - store and service","article_publisher":"https:\/\/www.facebook.com\/Spawlab\/","og_image":[{"width":2560,"height":1440,"url":"https:\/\/spawlab.pl\/wp-content\/uploads\/2025\/06\/LOGO-SPOLECZN-scaled.png","type":"image\/png"}],"twitter_misc":{"Price":"4 260,00&nbsp;&#122;&#322; (3 463,41&nbsp;&#122;&#322; netto)","Availability":"In stock"},"schema":{"@context":"https:\/\/schema.org","@graph":[{"@type":["WebPage","ItemPage"],"@id":"https:\/\/spawlab.pl\/en\/produkt\/sherman-digitig-315-ac-dc-multipro\/","url":"https:\/\/spawlab.pl\/en\/produkt\/sherman-digitig-315-ac-dc-multipro\/","name":"Sherman DIGITIG 315 AC\/DC Multipro - SpawLab - Welding equipment and plasma cutters - store and service","isPartOf":{"@id":"https:\/\/spawlab.pl\/en\/#website"},"primaryImageOfPage":{"@id":"https:\/\/spawlab.pl\/en\/produkt\/sherman-digitig-315-ac-dc-multipro\/#primaryimage"},"image":{"@id":"https:\/\/spawlab.pl\/en\/produkt\/sherman-digitig-315-ac-dc-multipro\/#primaryimage"},"thumbnailUrl":"https:\/\/spawlab.pl\/wp-content\/uploads\/2021\/10\/DIGITIG-315-ACDC-MULTIPRO_700x700.jpg","datePublished":"2021-10-22T17:35:04+00:00","description":"Lider sprzeda\u017cy, Oficjalny Dystrybutor Premium i Serwis na Polsk\u0119 Migatronic, Gys, Voestalpine Bohler Welding. Nowe i u\u017cywane Spawarki, Przecinarki Plazmowe, Kompresory. Mgr in\u017c. Jaros\u0142aw Ko\u0142aski, IWE","breadcrumb":{"@id":"https:\/\/spawlab.pl\/en\/produkt\/sherman-digitig-315-ac-dc-multipro\/#breadcrumb"},"inLanguage":"en-US","potentialAction":[{"@type":"ReadAction","target":["https:\/\/spawlab.pl\/en\/produkt\/sherman-digitig-315-ac-dc-multipro\/"]}]},{"@type":"ImageObject","inLanguage":"en-US","@id":"https:\/\/spawlab.pl\/en\/produkt\/sherman-digitig-315-ac-dc-multipro\/#primaryimage","url":"https:\/\/spawlab.pl\/wp-content\/uploads\/2021\/10\/DIGITIG-315-ACDC-MULTIPRO_700x700.jpg","contentUrl":"https:\/\/spawlab.pl\/wp-content\/uploads\/2021\/10\/DIGITIG-315-ACDC-MULTIPRO_700x700.jpg","width":2532,"height":2532},{"@type":"BreadcrumbList","@id":"https:\/\/spawlab.pl\/en\/produkt\/sherman-digitig-315-ac-dc-multipro\/#breadcrumb","itemListElement":[{"@type":"ListItem","position":1,"name":"Strona g\u0142\u00f3wna","item":"https:\/\/spawlab.pl\/en\/"},{"@type":"ListItem","position":2,"name":"Store","item":"https:\/\/spawlab.pl\/en\/shop\/"},{"@type":"ListItem","position":3,"name":"Sherman DIGITIG 315 AC\/DC Multipro"}]},{"@type":"WebSite","@id":"https:\/\/spawlab.pl\/en\/#website","url":"https:\/\/spawlab.pl\/en\/","name":"Spawlab.pl Lider - Spawarki, Przecinarki Plazmowe, Kompresory","description":"Urz\u0105dzenia spawalnicze i Przecinarki plazmowe\/ nowe i u\u017cywane \/ Profesjonalny serwis","publisher":{"@id":"https:\/\/spawlab.pl\/en\/#organization"},"alternateName":"Spawlab.pl - Dystrybutor Premium i Serwis na Polske Migatronic, Gys, Voestalpine Bohler Welding","potentialAction":[{"@type":"SearchAction","target":{"@type":"EntryPoint","urlTemplate":"https:\/\/spawlab.pl\/en\/?s={search_term_string}"},"query-input":{"@type":"PropertyValueSpecification","valueRequired":true,"valueName":"search_term_string"}}],"inLanguage":"en-US"},{"@type":["Organization","Place"],"@id":"https:\/\/spawlab.pl\/en\/#organization","name":"Spawlab.pl","url":"https:\/\/spawlab.pl\/en\/","logo":{"@id":"https:\/\/spawlab.pl\/en\/produkt\/sherman-digitig-315-ac-dc-multipro\/#local-main-organization-logo"},"image":{"@id":"https:\/\/spawlab.pl\/en\/produkt\/sherman-digitig-315-ac-dc-multipro\/#local-main-organization-logo"},"sameAs":["https:\/\/www.facebook.com\/Spawlab\/","https:\/\/www.linkedin.com\/company\/spawlab","https:\/\/www.instagram.com\/spawlab.pl","https:\/\/www.tiktok.com\/@spawlab"],"description":"Lider sprzeda\u017cy, Oficjalny Dystrybutor Premium i Serwis na Polsk\u0119 Migatronic, Gys, Voestalpine Bohler Welding. Nowe i u\u017cywane Spawarki, Przecinarki Plazmowe, Kompresory. Mgr in\u017c. Jaros\u0142aw Ko\u0142aski, IWE","hasMerchantReturnPolicy":{"@type":"MerchantReturnPolicy","merchantReturnLink":"https:\/\/spawlab.pl\/polityka-prywatnosci-2\/"},"telephone":[],"openingHoursSpecification":[{"@type":"OpeningHoursSpecification","dayOfWeek":["Monday","Tuesday","Wednesday","Thursday","Friday","Saturday","Sunday"],"opens":"09:00","closes":"17:00"}]},{"@type":"ImageObject","inLanguage":"en-US","@id":"https:\/\/spawlab.pl\/en\/produkt\/sherman-digitig-315-ac-dc-multipro\/#local-main-organization-logo","url":"https:\/\/spawlab.pl\/wp-content\/uploads\/2022\/01\/olx.jpg","contentUrl":"https:\/\/spawlab.pl\/wp-content\/uploads\/2022\/01\/olx.jpg","width":200,"height":200,"caption":"Spawlab.pl"}]},"product_price_amount":"4260.00","product_price_currency":"PLN","og_availability":"instock","product_availability":"instock","product_condition":"new"},"_links":{"self":[{"href":"https:\/\/spawlab.pl\/en\/wp-json\/wp\/v2\/product\/30409","targetHints":{"allow":["GET"]}}],"collection":[{"href":"https:\/\/spawlab.pl\/en\/wp-json\/wp\/v2\/product"}],"about":[{"href":"https:\/\/spawlab.pl\/en\/wp-json\/wp\/v2\/types\/product"}],"wp:featuredmedia":[{"embeddable":true,"href":"https:\/\/spawlab.pl\/en\/wp-json\/wp\/v2\/media\/12793"}],"wp:attachment":[{"href":"https:\/\/spawlab.pl\/en\/wp-json\/wp\/v2\/media?parent=30409"}],"wp:term":[{"taxonomy":"product_brand","embeddable":true,"href":"https:\/\/spawlab.pl\/en\/wp-json\/wp\/v2\/product_brand?post=30409"},{"taxonomy":"product_cat","embeddable":true,"href":"https:\/\/spawlab.pl\/en\/wp-json\/wp\/v2\/product_cat?post=30409"},{"taxonomy":"product_tag","embeddable":true,"href":"https:\/\/spawlab.pl\/en\/wp-json\/wp\/v2\/product_tag?post=30409"}],"curies":[{"name":"wp","href":"https:\/\/api.w.org\/{rel}","templated":true}]}}