{"id":30612,"date":"2022-07-12T16:32:36","date_gmt":"2022-07-12T14:32:36","guid":{"rendered":"https:\/\/spawlab.pl\/produkt\/powermat-mig-mag-mma-pm-img-220t\/"},"modified":"2025-10-07T08:53:13","modified_gmt":"2025-10-07T06:53:13","slug":"powermat-mig-mag-mma-pm-img-220t","status":"publish","type":"product","link":"https:\/\/spawlab.pl\/en\/produkt\/powermat-mig-mag-mma-pm-img-220t\/","title":{"rendered":"Powermat Mig\/Mag MMA PM-IMG-220T"},"content":{"rendered":"<div id=\"product-info-section-description\" class=\"product-info-section\">\n<div class=\"product-description product-detail-description product-description-Schwei\u00dfkraft\" data-i18n-key=\"Article|description\" data-i18n-id=\"1081024\" data-i18n-translated=\"true\">\n<div id=\"product-detail-short-description\" data-i18n-key=\"Article|short.description\" data-i18n-id=\"1089017\" data-i18n-translated=\"true\">\n<div id=\"product-info-section-description\" class=\"product-info-section\">\n<div class=\"product-description product-detail-description product-description-Schwei\u00dfkraft\" data-i18n-key=\"Article|description\" data-i18n-id=\"1089026\" data-i18n-translated=\"true\">\n<div id=\"product-info-section-description\" class=\"product-info-section\">\n<div class=\"product-description product-detail-description product-description-Schwei\u00dfkraft\" data-i18n-key=\"Article|description\" data-i18n-id=\"1089026\" data-i18n-translated=\"true\">\n<div class=\"tresc\">\n<div class=\"as-parameters-list\">\n<div class=\"tresc\">\n<div class=\"as-parameters-list\">\n<div class=\"tresc\">\n<div class=\"as-parameters-list\">\n<div class=\"tresc\">\n<div class=\"as-parameters-list\">\n<div class=\"dane-tech\">\n<h2 class=\"tytul\"><strong>TECHNICAL DATA:<\/strong><\/h2>\n<ul>\n<li>model: PM-IMG-220T<\/li>\n<li>power supply: 230V \/ 50Hz<\/li>\n<li>MIG \/ MAG power consumption: 6.1kVA<\/li>\n<li>TIG \/ MMA power consumption: 5.8kVA<\/li>\n<li>welding methods: MIG \/ MAG \/ FCAW \/ MMA (electrode) \/ TIG<\/li>\n<li>MIG \/ MAG welding current range: 40 &#8211; 220A<\/li>\n<li>TIG \/ MMA welding current range: 20 &#8211; 170A<\/li>\n<li>welding current duty cycle 100%: (MIG \/ MAG &#8211; 170A)<\/li>\n<li>welding current duty cycle 100%: (TIG \/ MMA &#8211; 132A)<\/li>\n<li>welding current duty cycle 60%: (MIG \/ MAG &#8211; 220A)<\/li>\n<li>welding current duty cycle 60%: (TIG \/ MMA &#8211; 170A)<\/li>\n<li>supported wire diameters: 0.6 \/ 0.8 \/ 1.0mm<\/li>\n<li>supported electrode diameters: 2.5mm &#8211; 4mm<\/li>\n<li>Supported wire spools: max. up to 5kg<\/li>\n<li>wire feeder: 2 &#8211; roller (internal)<\/li>\n<li>outer diameter of the feeder roll: 30 mm<\/li>\n<li>inner diameter of the feeder roll: 10 mm (with indentation)<\/li>\n<li>feeder roll thickness: 10 mm<\/li>\n<li>insulation class: F<\/li>\n<li>degree of protection: IP21S<\/li>\n<li>dimensions: 45 x 20 x 33 cm [L\/W\/H].<\/li>\n<li>net weight; 12kg<\/li>\n<\/ul>\n<h2>EQUIPMENT:<\/h2>\n<\/div>\n<ul>\n<li>ground holder (-): &#8211; 1,9m<\/li>\n<li>MMA electrode holder (+): &#8211; 2m<\/li>\n<li>EURO MIG \/ MAG holder: 4m<\/li>\n<li>double-sided roll 0.8 \/ 1.0mm type V<\/li>\n<li>instruction manual EN<\/li>\n<li>spare nozzles<\/li>\n<\/ul>\n<h2><strong>DESCRIPTION:<\/strong><\/h2>\n<p>The Powermat <strong>PM-IMG-220T<\/strong> mig welder, thanks to its design, will find use in both home workshops and households, as well as in more professional applications, such as performing field work and all kinds of repair work inside buildings.<\/p>\n<p>Migomat from Powermat is a device with a wide range of applications, designed as an inverter power source that allows welding with gas-shielded <strong>MIG\/MAG<\/strong> or <strong>FCAW self-shielded<\/strong> wire (after changing the polarity), welding with <strong>MMA<\/strong> cover electrode, as well as <strong>TIG Lift<\/strong> method (this requires the purchase of an additional holder for <strong>TIG Lift<\/strong> welding)<\/p>\n<p>The electronics of the device are based on IGBT transistors combining the advantages of two types of transistors the ease of control of field effect transistors and the high breakdown voltage and switching speed of bipolar transistors. The welding current is very stable, which guarantees a perfect weld. Thanks to IGBT technology, the device is lightweight and compact.  <\/p>\n<h2>WELDING:<\/h2>\n<p>Adjustment of welding parameters is stepless (infinitely), <strong>the maximum welding current depends on the thickness of the wire \/ electrode used<\/strong>, welding voltage, as well as the wire feed speed in the case of <strong>MIG \/ MAG \/ FCAW<\/strong> method. The two-roller feeder works with 0.6 \/ 0.8 \/ 1.0mm diameter wire. <\/p>\n<p>The high efficiency of the welder allows it to weld <strong>220A (for MIG \/ MAG \/ FCAW), and 170A for (TIG \/ MMA)<\/strong> in 60% duty cycle. The thermal circuit breaker will turn off the device if the permissible duty cycle for a given welding current is exceeded, thus preventing the welder from overheating. <\/p>\n<p>The current parameters of the device during welding are displayed on two, very clear displays that facilitate the selection of optimal working parameters. Convenient and very clear manipulators allow you to change welding parameters even with gloves on. <\/p>\n<\/div>\n<\/div>\n<\/div>\n<\/div>\n<\/div>\n<\/div>\n<\/div>\n<\/div>\n<\/div>\n<\/div>\n<\/div>\n<\/div>\n<\/div>\n<\/div>\n<\/div>\n","protected":false},"excerpt":{"rendered":"<p>TECHNICAL DATA: model: PM-IMG-220T power supply: 230V \/ 50Hz MIG \/ MAG power consumption: 6.1kVA TIG \/ MMA power consumption: 5.8kVA welding methods: MIG \/ MAG \/ FCAW \/ MMA (electrode) \/ TIG MIG \/ MAG welding current range: 40 &#8211; 220A TIG \/ MMA welding current range: 20 &#8211; 170A welding current duty cycle [&hellip;]<\/p>\n","protected":false},"featured_media":15928,"template":"","meta":{"inline_featured_image":false},"product_brand":[],"product_cat":[498,512,474],"product_tag":[],"class_list":{"0":"post-30612","1":"product","2":"type-product","3":"status-publish","4":"has-post-thumbnail","6":"product_cat-gas-cooled-en-7","7":"product_cat-mig-mag-en-2","8":"product_cat-new","10":"first","11":"outofstock","12":"taxable","13":"shipping-taxable","14":"purchasable","15":"product-type-simple"},"yoast_head":"<!-- This site is optimized with the Yoast SEO Premium plugin v27.0 (Yoast SEO v27.3) - https:\/\/yoast.com\/product\/yoast-seo-premium-wordpress\/ -->\n<title>Powermat Mig\/Mag MMA PM-IMG-220T - SpawLab - Welding equipment and plasma cutters - store and service<\/title>\n<meta name=\"description\" content=\"Lider sprzeda\u017cy, Oficjalny Dystrybutor Premium i Serwis na Polsk\u0119 Migatronic, Gys, Voestalpine Bohler Welding. Nowe i u\u017cywane Spawarki, Przecinarki Plazmowe, Kompresory. Mgr in\u017c. Jaros\u0142aw Ko\u0142aski, IWE\" \/>\n<meta name=\"robots\" content=\"index, follow, max-snippet:-1, max-image-preview:large, max-video-preview:-1\" \/>\n<link rel=\"canonical\" href=\"https:\/\/spawlab.pl\/en\/produkt\/powermat-mig-mag-mma-pm-img-220t\/\" \/>\n<meta property=\"og:locale\" content=\"en_US\" \/>\n<meta property=\"og:type\" content=\"article\" \/>\n<meta property=\"og:title\" content=\"Powermat Mig\/Mag MMA PM-IMG-220T\" \/>\n<meta property=\"og:description\" content=\"Lider sprzeda\u017cy, Oficjalny Dystrybutor Premium i Serwis na Polsk\u0119 Migatronic, Gys, Voestalpine Bohler Welding. Nowe i u\u017cywane Spawarki, Przecinarki Plazmowe, Kompresory. Mgr in\u017c. Jaros\u0142aw Ko\u0142aski, IWE\" \/>\n<meta property=\"og:url\" content=\"https:\/\/spawlab.pl\/en\/produkt\/powermat-mig-mag-mma-pm-img-220t\/\" \/>\n<meta property=\"og:site_name\" content=\"SpawLab - Welding equipment and plasma cutters - store and service\" \/>\n<meta property=\"article:publisher\" content=\"https:\/\/www.facebook.com\/Spawlab\/\" \/>\n<meta property=\"article:modified_time\" content=\"2025-10-07T06:53:13+00:00\" \/>\n<meta property=\"og:image\" content=\"https:\/\/spawlab.pl\/wp-content\/uploads\/2022\/07\/migomat-inwertorowy-220a-mig-mag-tig-mma-pm-img-220t-1.jpg\" \/>\n\t<meta property=\"og:image:width\" content=\"1000\" \/>\n\t<meta property=\"og:image:height\" content=\"1000\" \/>\n\t<meta property=\"og:image:type\" content=\"image\/jpeg\" \/>\n<meta name=\"twitter:label1\" content=\"Price\" \/>\n\t<meta name=\"twitter:data1\" content=\"1 299,00&nbsp;&#122;&#322; (1 056,10&nbsp;&#122;&#322; netto)\" \/>\n\t<meta name=\"twitter:label2\" content=\"Availability\" \/>\n\t<meta name=\"twitter:data2\" content=\"Out of stock\" \/>\n<script type=\"application\/ld+json\" class=\"yoast-schema-graph\">{\"@context\":\"https:\\\/\\\/schema.org\",\"@graph\":[{\"@type\":[\"WebPage\",\"ItemPage\"],\"@id\":\"https:\\\/\\\/spawlab.pl\\\/en\\\/produkt\\\/powermat-mig-mag-mma-pm-img-220t\\\/\",\"url\":\"https:\\\/\\\/spawlab.pl\\\/en\\\/produkt\\\/powermat-mig-mag-mma-pm-img-220t\\\/\",\"name\":\"Powermat Mig\\\/Mag MMA PM-IMG-220T - SpawLab - Welding equipment and plasma cutters - store and service\",\"isPartOf\":{\"@id\":\"https:\\\/\\\/spawlab.pl\\\/en\\\/#website\"},\"primaryImageOfPage\":{\"@id\":\"https:\\\/\\\/spawlab.pl\\\/en\\\/produkt\\\/powermat-mig-mag-mma-pm-img-220t\\\/#primaryimage\"},\"image\":{\"@id\":\"https:\\\/\\\/spawlab.pl\\\/en\\\/produkt\\\/powermat-mig-mag-mma-pm-img-220t\\\/#primaryimage\"},\"thumbnailUrl\":\"https:\\\/\\\/spawlab.pl\\\/wp-content\\\/uploads\\\/2022\\\/07\\\/migomat-inwertorowy-220a-mig-mag-tig-mma-pm-img-220t-1.jpg\",\"datePublished\":\"2022-07-12T14:32:36+00:00\",\"dateModified\":\"2025-10-07T06:53:13+00:00\",\"description\":\"Lider sprzeda\u017cy, Oficjalny Dystrybutor Premium i Serwis na Polsk\u0119 Migatronic, Gys, Voestalpine Bohler Welding. Nowe i u\u017cywane Spawarki, Przecinarki Plazmowe, Kompresory. Mgr in\u017c. Jaros\u0142aw Ko\u0142aski, IWE\",\"breadcrumb\":{\"@id\":\"https:\\\/\\\/spawlab.pl\\\/en\\\/produkt\\\/powermat-mig-mag-mma-pm-img-220t\\\/#breadcrumb\"},\"inLanguage\":\"en-US\",\"potentialAction\":[{\"@type\":\"ReadAction\",\"target\":[\"https:\\\/\\\/spawlab.pl\\\/en\\\/produkt\\\/powermat-mig-mag-mma-pm-img-220t\\\/\"]}]},{\"@type\":\"ImageObject\",\"inLanguage\":\"en-US\",\"@id\":\"https:\\\/\\\/spawlab.pl\\\/en\\\/produkt\\\/powermat-mig-mag-mma-pm-img-220t\\\/#primaryimage\",\"url\":\"https:\\\/\\\/spawlab.pl\\\/wp-content\\\/uploads\\\/2022\\\/07\\\/migomat-inwertorowy-220a-mig-mag-tig-mma-pm-img-220t-1.jpg\",\"contentUrl\":\"https:\\\/\\\/spawlab.pl\\\/wp-content\\\/uploads\\\/2022\\\/07\\\/migomat-inwertorowy-220a-mig-mag-tig-mma-pm-img-220t-1.jpg\",\"width\":1000,\"height\":1000},{\"@type\":\"BreadcrumbList\",\"@id\":\"https:\\\/\\\/spawlab.pl\\\/en\\\/produkt\\\/powermat-mig-mag-mma-pm-img-220t\\\/#breadcrumb\",\"itemListElement\":[{\"@type\":\"ListItem\",\"position\":1,\"name\":\"Strona g\u0142\u00f3wna\",\"item\":\"https:\\\/\\\/spawlab.pl\\\/en\\\/\"},{\"@type\":\"ListItem\",\"position\":2,\"name\":\"Store\",\"item\":\"https:\\\/\\\/spawlab.pl\\\/en\\\/shop\\\/\"},{\"@type\":\"ListItem\",\"position\":3,\"name\":\"Powermat Mig\\\/Mag MMA PM-IMG-220T\"}]},{\"@type\":\"WebSite\",\"@id\":\"https:\\\/\\\/spawlab.pl\\\/en\\\/#website\",\"url\":\"https:\\\/\\\/spawlab.pl\\\/en\\\/\",\"name\":\"Spawlab.pl Lider - Spawarki, Przecinarki Plazmowe, Kompresory\",\"description\":\"Urz\u0105dzenia spawalnicze i Przecinarki plazmowe\\\/ nowe i u\u017cywane \\\/ Profesjonalny serwis\",\"publisher\":{\"@id\":\"https:\\\/\\\/spawlab.pl\\\/en\\\/#organization\"},\"alternateName\":\"Spawlab.pl - Dystrybutor Premium i Serwis na Polske Migatronic, Gys, Voestalpine Bohler Welding\",\"potentialAction\":[{\"@type\":\"SearchAction\",\"target\":{\"@type\":\"EntryPoint\",\"urlTemplate\":\"https:\\\/\\\/spawlab.pl\\\/en\\\/?s={search_term_string}\"},\"query-input\":{\"@type\":\"PropertyValueSpecification\",\"valueRequired\":true,\"valueName\":\"search_term_string\"}}],\"inLanguage\":\"en-US\"},{\"@type\":[\"Organization\",\"Place\"],\"@id\":\"https:\\\/\\\/spawlab.pl\\\/en\\\/#organization\",\"name\":\"Spawlab.pl\",\"url\":\"https:\\\/\\\/spawlab.pl\\\/en\\\/\",\"logo\":{\"@id\":\"https:\\\/\\\/spawlab.pl\\\/en\\\/produkt\\\/powermat-mig-mag-mma-pm-img-220t\\\/#local-main-organization-logo\"},\"image\":{\"@id\":\"https:\\\/\\\/spawlab.pl\\\/en\\\/produkt\\\/powermat-mig-mag-mma-pm-img-220t\\\/#local-main-organization-logo\"},\"sameAs\":[\"https:\\\/\\\/www.facebook.com\\\/Spawlab\\\/\",\"https:\\\/\\\/www.linkedin.com\\\/company\\\/spawlab\",\"https:\\\/\\\/www.instagram.com\\\/spawlab.pl\",\"https:\\\/\\\/www.tiktok.com\\\/@spawlab\"],\"description\":\"Lider sprzeda\u017cy, Oficjalny Dystrybutor Premium i Serwis na Polsk\u0119 Migatronic, Gys, Voestalpine Bohler Welding. Nowe i u\u017cywane Spawarki, Przecinarki Plazmowe, Kompresory. Mgr in\u017c. Jaros\u0142aw Ko\u0142aski, IWE\",\"hasMerchantReturnPolicy\":{\"@type\":\"MerchantReturnPolicy\",\"merchantReturnLink\":\"https:\\\/\\\/spawlab.pl\\\/polityka-prywatnosci-2\\\/\"},\"telephone\":[],\"openingHoursSpecification\":[{\"@type\":\"OpeningHoursSpecification\",\"dayOfWeek\":[\"Monday\",\"Tuesday\",\"Wednesday\",\"Thursday\",\"Friday\",\"Saturday\",\"Sunday\"],\"opens\":\"09:00\",\"closes\":\"17:00\"}]},{\"@type\":\"ImageObject\",\"inLanguage\":\"en-US\",\"@id\":\"https:\\\/\\\/spawlab.pl\\\/en\\\/produkt\\\/powermat-mig-mag-mma-pm-img-220t\\\/#local-main-organization-logo\",\"url\":\"https:\\\/\\\/spawlab.pl\\\/wp-content\\\/uploads\\\/2022\\\/01\\\/olx.jpg\",\"contentUrl\":\"https:\\\/\\\/spawlab.pl\\\/wp-content\\\/uploads\\\/2022\\\/01\\\/olx.jpg\",\"width\":200,\"height\":200,\"caption\":\"Spawlab.pl\"}]}<\/script>\n<meta property=\"product:brand\" content=\"Powermat\" \/>\n<meta property=\"product:price:amount\" content=\"1299.00\" \/>\n<meta property=\"product:price:currency\" content=\"PLN\" \/>\n<meta property=\"og:availability\" content=\"out of stock\" \/>\n<meta property=\"product:availability\" content=\"out of stock\" \/>\n<meta property=\"product:condition\" content=\"new\" \/>\n<!-- \/ Yoast SEO Premium plugin. -->","yoast_head_json":{"title":"Powermat Mig\/Mag MMA PM-IMG-220T - SpawLab - Welding equipment and plasma cutters - store and service","description":"Lider sprzeda\u017cy, Oficjalny Dystrybutor Premium i Serwis na Polsk\u0119 Migatronic, Gys, Voestalpine Bohler Welding. Nowe i u\u017cywane Spawarki, Przecinarki Plazmowe, Kompresory. Mgr in\u017c. Jaros\u0142aw Ko\u0142aski, IWE","robots":{"index":"index","follow":"follow","max-snippet":"max-snippet:-1","max-image-preview":"max-image-preview:large","max-video-preview":"max-video-preview:-1"},"canonical":"https:\/\/spawlab.pl\/en\/produkt\/powermat-mig-mag-mma-pm-img-220t\/","og_locale":"en_US","og_type":"article","og_title":"Powermat Mig\/Mag MMA PM-IMG-220T","og_description":"Lider sprzeda\u017cy, Oficjalny Dystrybutor Premium i Serwis na Polsk\u0119 Migatronic, Gys, Voestalpine Bohler Welding. Nowe i u\u017cywane Spawarki, Przecinarki Plazmowe, Kompresory. Mgr in\u017c. Jaros\u0142aw Ko\u0142aski, IWE","og_url":"https:\/\/spawlab.pl\/en\/produkt\/powermat-mig-mag-mma-pm-img-220t\/","og_site_name":"SpawLab - Welding equipment and plasma cutters - store and service","article_publisher":"https:\/\/www.facebook.com\/Spawlab\/","article_modified_time":"2025-10-07T06:53:13+00:00","og_image":[{"width":1000,"height":1000,"url":"https:\/\/spawlab.pl\/wp-content\/uploads\/2022\/07\/migomat-inwertorowy-220a-mig-mag-tig-mma-pm-img-220t-1.jpg","type":"image\/jpeg"}],"twitter_misc":{"Price":"1 299,00&nbsp;&#122;&#322; (1 056,10&nbsp;&#122;&#322; netto)","Availability":"Out of stock"},"schema":{"@context":"https:\/\/schema.org","@graph":[{"@type":["WebPage","ItemPage"],"@id":"https:\/\/spawlab.pl\/en\/produkt\/powermat-mig-mag-mma-pm-img-220t\/","url":"https:\/\/spawlab.pl\/en\/produkt\/powermat-mig-mag-mma-pm-img-220t\/","name":"Powermat Mig\/Mag MMA PM-IMG-220T - SpawLab - Welding equipment and plasma cutters - store and service","isPartOf":{"@id":"https:\/\/spawlab.pl\/en\/#website"},"primaryImageOfPage":{"@id":"https:\/\/spawlab.pl\/en\/produkt\/powermat-mig-mag-mma-pm-img-220t\/#primaryimage"},"image":{"@id":"https:\/\/spawlab.pl\/en\/produkt\/powermat-mig-mag-mma-pm-img-220t\/#primaryimage"},"thumbnailUrl":"https:\/\/spawlab.pl\/wp-content\/uploads\/2022\/07\/migomat-inwertorowy-220a-mig-mag-tig-mma-pm-img-220t-1.jpg","datePublished":"2022-07-12T14:32:36+00:00","dateModified":"2025-10-07T06:53:13+00:00","description":"Lider sprzeda\u017cy, Oficjalny Dystrybutor Premium i Serwis na Polsk\u0119 Migatronic, Gys, Voestalpine Bohler Welding. Nowe i u\u017cywane Spawarki, Przecinarki Plazmowe, Kompresory. Mgr in\u017c. Jaros\u0142aw Ko\u0142aski, IWE","breadcrumb":{"@id":"https:\/\/spawlab.pl\/en\/produkt\/powermat-mig-mag-mma-pm-img-220t\/#breadcrumb"},"inLanguage":"en-US","potentialAction":[{"@type":"ReadAction","target":["https:\/\/spawlab.pl\/en\/produkt\/powermat-mig-mag-mma-pm-img-220t\/"]}]},{"@type":"ImageObject","inLanguage":"en-US","@id":"https:\/\/spawlab.pl\/en\/produkt\/powermat-mig-mag-mma-pm-img-220t\/#primaryimage","url":"https:\/\/spawlab.pl\/wp-content\/uploads\/2022\/07\/migomat-inwertorowy-220a-mig-mag-tig-mma-pm-img-220t-1.jpg","contentUrl":"https:\/\/spawlab.pl\/wp-content\/uploads\/2022\/07\/migomat-inwertorowy-220a-mig-mag-tig-mma-pm-img-220t-1.jpg","width":1000,"height":1000},{"@type":"BreadcrumbList","@id":"https:\/\/spawlab.pl\/en\/produkt\/powermat-mig-mag-mma-pm-img-220t\/#breadcrumb","itemListElement":[{"@type":"ListItem","position":1,"name":"Strona g\u0142\u00f3wna","item":"https:\/\/spawlab.pl\/en\/"},{"@type":"ListItem","position":2,"name":"Store","item":"https:\/\/spawlab.pl\/en\/shop\/"},{"@type":"ListItem","position":3,"name":"Powermat Mig\/Mag MMA PM-IMG-220T"}]},{"@type":"WebSite","@id":"https:\/\/spawlab.pl\/en\/#website","url":"https:\/\/spawlab.pl\/en\/","name":"Spawlab.pl Lider - Spawarki, Przecinarki Plazmowe, Kompresory","description":"Urz\u0105dzenia spawalnicze i Przecinarki plazmowe\/ nowe i u\u017cywane \/ Profesjonalny serwis","publisher":{"@id":"https:\/\/spawlab.pl\/en\/#organization"},"alternateName":"Spawlab.pl - Dystrybutor Premium i Serwis na Polske Migatronic, Gys, Voestalpine Bohler Welding","potentialAction":[{"@type":"SearchAction","target":{"@type":"EntryPoint","urlTemplate":"https:\/\/spawlab.pl\/en\/?s={search_term_string}"},"query-input":{"@type":"PropertyValueSpecification","valueRequired":true,"valueName":"search_term_string"}}],"inLanguage":"en-US"},{"@type":["Organization","Place"],"@id":"https:\/\/spawlab.pl\/en\/#organization","name":"Spawlab.pl","url":"https:\/\/spawlab.pl\/en\/","logo":{"@id":"https:\/\/spawlab.pl\/en\/produkt\/powermat-mig-mag-mma-pm-img-220t\/#local-main-organization-logo"},"image":{"@id":"https:\/\/spawlab.pl\/en\/produkt\/powermat-mig-mag-mma-pm-img-220t\/#local-main-organization-logo"},"sameAs":["https:\/\/www.facebook.com\/Spawlab\/","https:\/\/www.linkedin.com\/company\/spawlab","https:\/\/www.instagram.com\/spawlab.pl","https:\/\/www.tiktok.com\/@spawlab"],"description":"Lider sprzeda\u017cy, Oficjalny Dystrybutor Premium i Serwis na Polsk\u0119 Migatronic, Gys, Voestalpine Bohler Welding. Nowe i u\u017cywane Spawarki, Przecinarki Plazmowe, Kompresory. Mgr in\u017c. Jaros\u0142aw Ko\u0142aski, IWE","hasMerchantReturnPolicy":{"@type":"MerchantReturnPolicy","merchantReturnLink":"https:\/\/spawlab.pl\/polityka-prywatnosci-2\/"},"telephone":[],"openingHoursSpecification":[{"@type":"OpeningHoursSpecification","dayOfWeek":["Monday","Tuesday","Wednesday","Thursday","Friday","Saturday","Sunday"],"opens":"09:00","closes":"17:00"}]},{"@type":"ImageObject","inLanguage":"en-US","@id":"https:\/\/spawlab.pl\/en\/produkt\/powermat-mig-mag-mma-pm-img-220t\/#local-main-organization-logo","url":"https:\/\/spawlab.pl\/wp-content\/uploads\/2022\/01\/olx.jpg","contentUrl":"https:\/\/spawlab.pl\/wp-content\/uploads\/2022\/01\/olx.jpg","width":200,"height":200,"caption":"Spawlab.pl"}]},"product_brand":"Powermat","product_price_amount":"1299.00","product_price_currency":"PLN","og_availability":"out of stock","product_availability":"out of stock","product_condition":"new"},"_links":{"self":[{"href":"https:\/\/spawlab.pl\/en\/wp-json\/wp\/v2\/product\/30612","targetHints":{"allow":["GET"]}}],"collection":[{"href":"https:\/\/spawlab.pl\/en\/wp-json\/wp\/v2\/product"}],"about":[{"href":"https:\/\/spawlab.pl\/en\/wp-json\/wp\/v2\/types\/product"}],"wp:featuredmedia":[{"embeddable":true,"href":"https:\/\/spawlab.pl\/en\/wp-json\/wp\/v2\/media\/15928"}],"wp:attachment":[{"href":"https:\/\/spawlab.pl\/en\/wp-json\/wp\/v2\/media?parent=30612"}],"wp:term":[{"taxonomy":"product_brand","embeddable":true,"href":"https:\/\/spawlab.pl\/en\/wp-json\/wp\/v2\/product_brand?post=30612"},{"taxonomy":"product_cat","embeddable":true,"href":"https:\/\/spawlab.pl\/en\/wp-json\/wp\/v2\/product_cat?post=30612"},{"taxonomy":"product_tag","embeddable":true,"href":"https:\/\/spawlab.pl\/en\/wp-json\/wp\/v2\/product_tag?post=30612"}],"curies":[{"name":"wp","href":"https:\/\/api.w.org\/{rel}","templated":true}]}}