{"id":30636,"date":"2023-05-10T08:58:00","date_gmt":"2023-05-10T06:58:00","guid":{"rendered":"https:\/\/spawlab.pl\/produkt\/weldas-44-2142-golden-brown-split-cowhide-leather-welding-apron\/"},"modified":"2023-05-10T08:58:00","modified_gmt":"2023-05-10T06:58:00","slug":"weldas-44-2142-golden-brown-split-cowhide-leather-welding-apron","status":"publish","type":"product","link":"https:\/\/spawlab.pl\/en\/produkt\/weldas-44-2142-golden-brown-split-cowhide-leather-welding-apron\/","title":{"rendered":"Weldas 44-2142 Golden Brown\u2122 split cowhide leather welding apron"},"content":{"rendered":"<div id=\"product-info-section-description\" class=\"product-info-section\">\n<div class=\"product-description product-detail-description product-description-Schwei\u00dfkraft\" data-i18n-key=\"Article|description\" data-i18n-id=\"1081024\" data-i18n-translated=\"true\">\n<div id=\"product-detail-short-description\" data-i18n-key=\"Article|short.description\" data-i18n-id=\"1089017\" data-i18n-translated=\"true\">\n<div id=\"product-info-section-description\" class=\"product-info-section\">\n<div class=\"product-description product-detail-description product-description-Schwei\u00dfkraft\" data-i18n-key=\"Article|description\" data-i18n-id=\"1089026\" data-i18n-translated=\"true\">\n<div id=\"product-info-section-description\" class=\"product-info-section\">\n<div class=\"product-description product-detail-description product-description-Schwei\u00dfkraft\" data-i18n-key=\"Article|description\" data-i18n-id=\"1089026\" data-i18n-translated=\"true\">\n<p data-start=\"0\" data-end=\"107\"><strong data-start=\"0\" data-end=\"107\">? WELDAS 44-2142 Golden Brown\u2122 welding apron &#8211; reliable protection and comfort while welding! ?<\/strong><\/p>\n<p data-start=\"109\" data-end=\"361\"><strong data-start=\"109\" data-end=\"141\">WELDAS 44-2142 Golden Brown\u2122<\/strong> is a high-quality welding apron made of selected cowhide split leather, providing excellent protection against heat and mechanical damage. Ideal for professionals who value durability and comfort. <\/p>\n<hr data-start=\"363\" data-end=\"366\">\n<h2 data-start=\"368\" data-end=\"408\"><strong data-start=\"371\" data-end=\"408\">\u2699\ufe0f Key features and applications:<\/strong><\/h2>\n<ul data-start=\"410\" data-end=\"1104\">\n<li data-start=\"410\" data-end=\"597\">\n<p data-start=\"412\" data-end=\"597\"><strong data-start=\"412\" data-end=\"433\">Durable materials:<\/strong> made of selected cowhide split leather with a thickness of at least 1 mm, which provides high resistance to heat and abrasion.<\/p>\n<\/li>\n<li data-start=\"599\" data-end=\"789\">\n<p data-start=\"601\" data-end=\"789\"><strong data-start=\"601\" data-end=\"623\">Robust Workmanship:<\/strong> Sewn with triple KEVLAR\u00ae thread, with riveted seams in high stress areas for maximum durability.<\/p>\n<\/li>\n<li data-start=\"791\" data-end=\"960\">\n<p data-start=\"793\" data-end=\"960\"><strong data-start=\"793\" data-end=\"814\">Wearing comfort:<\/strong> The self-balancing harness system provides a perfect fit and comfort while working without restricting movement.<\/p>\n<\/li>\n<li data-start=\"962\" data-end=\"1104\">\n<p data-start=\"964\" data-end=\"1104\"><strong data-start=\"964\" data-end=\"984\">Versatile:<\/strong> Ideal for all welding applications, including those requiring intense heat and spatter protection.<\/p>\n<\/li>\n<\/ul>\n<hr data-start=\"1106\" data-end=\"1109\">\n<h2 data-start=\"1111\" data-end=\"1145\"><strong data-start=\"1114\" data-end=\"1145\">? Technical specifications:<\/strong><\/h2>\n<ul data-start=\"1147\" data-end=\"1523\">\n<li data-start=\"1147\" data-end=\"1195\">\n<p data-start=\"1149\" data-end=\"1195\"><strong data-start=\"1149\" data-end=\"1162\">Material:<\/strong> selected cow split leather.<\/p>\n<\/li>\n<li data-start=\"1197\" data-end=\"1231\">\n<p data-start=\"1199\" data-end=\"1231\"><strong data-start=\"1199\" data-end=\"1217\">Thickness of leather:<\/strong> 1 mm minimum.<\/p>\n<\/li>\n<li data-start=\"1233\" data-end=\"1257\">\n<p data-start=\"1235\" data-end=\"1257\"><strong data-start=\"1235\" data-end=\"1245\">Color:<\/strong> Golden Bronze.<\/p>\n<\/li>\n<li data-start=\"1259\" data-end=\"1346\">\n<p data-start=\"1261\" data-end=\"1346\"><strong data-start=\"1261\" data-end=\"1273\">Dimensions:<\/strong> length: 107 cm, width: 60 cm.<\/p>\n<\/li>\n<li data-start=\"1348\" data-end=\"1417\">\n<p data-start=\"1350\" data-end=\"1417\"><strong data-start=\"1350\" data-end=\"1371\">Attachment system:<\/strong> Self-balancing suspenders for better comfort.<\/p>\n<\/li>\n<li data-start=\"1419\" data-end=\"1523\">\n<p data-start=\"1421\" data-end=\"1523\"><strong data-start=\"1421\" data-end=\"1438\">Certification:<\/strong> Meets EN ISO 11611:2015 CLASS 2\/A1+A2 standard.<\/p>\n<\/li>\n<\/ul>\n<hr data-start=\"1525\" data-end=\"1528\">\n<h2 data-start=\"1530\" data-end=\"1553\"><strong data-start=\"1533\" data-end=\"1553\">? Application:<\/strong><\/h2>\n<ul data-start=\"1555\" data-end=\"1871\" data-is-last-node=\"\" data-is-only-node=\"\">\n<li data-start=\"1555\" data-end=\"1641\">\n<p data-start=\"1557\" data-end=\"1641\"><strong data-start=\"1557\" data-end=\"1578\">MIG\/MAG welding:<\/strong> Effective protection against spatter and heat radiation.<\/p>\n<\/li>\n<li data-start=\"1643\" data-end=\"1725\">\n<p data-start=\"1645\" data-end=\"1725\"><strong data-start=\"1645\" data-end=\"1662\">TIG welding:<\/strong> Lightweight design allows precise movements during welding.<\/p>\n<\/li>\n<li data-start=\"1727\" data-end=\"1796\">\n<p data-start=\"1729\" data-end=\"1796\"><strong data-start=\"1729\" data-end=\"1754\">Electrode welding:<\/strong> Resistance to high temperatures and sparks.<\/p>\n<\/li>\n<li data-start=\"1798\" data-end=\"1871\" data-is-last-node=\"\">\n<p data-start=\"1800\" data-end=\"1871\" data-is-last-node=\"\"><strong data-start=\"1800\" data-end=\"1821\">Locksmith work:<\/strong> protects against mechanical damage and dirt<\/p>\n<\/li>\n<\/ul>\n<p><a title=\"Weldas manual\" href=\"https:\/\/www.weldas-ce.com\/wp-content\/uploads\/sites\/2\/2019\/01\/33-3060-44-2xxx-GB-split-clothing-Manual-PL-1.pdf\">Weldas manual<\/a><br \/>\n<a title=\"Test results - T\u00dcV Rheinland\" href=\"https:\/\/www.weldas-ce.com\/wp-content\/uploads\/sites\/2\/2018\/10\/44-2106-44-2114-44-21xx-44-2321-44-28xx-TR.pdf\">Test results &#8211; T\u00dcV Rheinland<\/a><\/p>\n<\/div>\n<\/div>\n<\/div>\n<\/div>\n<\/div>\n<\/div>\n<\/div>\n","protected":false},"excerpt":{"rendered":"<p data-start=\"3749\" data-end=\"3955\"><strong data-start=\"3749\" data-end=\"3781\">WELDAS 44-2142 Golden Brown\u2122<\/strong> &#8211; professional welding apron made of durable <strong data-start=\"3832\" data-end=\"3851\">cowhide split leather<\/strong>, resistant to high temperatures and damage. <strong data-start=\"3899\" data-end=\"3929\">Ergonomic harness system<\/strong> provides comfort.<\/p>\n","protected":false},"featured_media":16365,"template":"","meta":{"inline_featured_image":false},"product_brand":[943],"product_cat":[476,475,536,474,535],"product_tag":[3426,3427,3424,3428,3423,3419,3429,3422,3420,3421],"class_list":{"0":"post-30636","1":"product","2":"type-product","3":"status-publish","4":"has-post-thumbnail","6":"product_brand-weldas","7":"product_cat-accessories","8":"product_cat-accessories-parts","9":"product_cat-health-and-safety-clothing","10":"product_cat-new","11":"product_cat-welding-jackets","12":"product_tag-golden-brown-en","13":"product_tag-kevlar-seams","14":"product_tag-protective-clothing","15":"product_tag-riveted-seams","16":"product_tag-self-balancing-harness-system","17":"product_tag-split-cowhide","18":"product_tag-weldas-44-2142-en","19":"product_tag-welding-apron","20":"product_tag-welding-protection","21":"product_tag-workwear","23":"first","24":"instock","25":"sale","26":"taxable","27":"shipping-taxable","28":"purchasable","29":"product-type-simple"},"yoast_head":"<!-- This site is optimized with the Yoast SEO Premium plugin v27.5 (Yoast SEO v27.6) - https:\/\/yoast.com\/product\/yoast-seo-premium-wordpress\/ -->\n<title>Weldas 44-2142 Golden Brown\u2122 split cowhide leather welding apron - SpawLab - Welding equipment and plasma cutters - store and service<\/title>\n<meta name=\"description\" content=\"WELDAS 44-2142 Golden Brown\u2122 is a heavy-duty cowhide split welding apron that provides maximum protection against heat and spatter. Sewn with triple KEVLAR\u00ae thread, it meets EN ISO 11611:2015 CLASS 2\/A1+A2.\" \/>\n<meta name=\"robots\" content=\"index, follow, max-snippet:-1, max-image-preview:large, max-video-preview:-1\" \/>\n<link rel=\"canonical\" href=\"https:\/\/spawlab.pl\/en\/produkt\/weldas-44-2142-golden-brown-split-cowhide-leather-welding-apron\/\" \/>\n<meta property=\"og:locale\" content=\"en_US\" \/>\n<meta property=\"og:type\" content=\"article\" \/>\n<meta property=\"og:title\" content=\"Weldas 44-2142 Golden Brown\u2122 split cowhide leather welding apron\" \/>\n<meta property=\"og:description\" content=\"? Are you welding? Choose the best protection! WELDAS 44-2142 Golden Brown\u2122 ?\u2705 Cowhide split leather - reliable protection against heat and spatter!\u2705 KEVLAR\u00ae seams and riveted reinforcements - durability for years!\u2705 Comfortable harness system - forget about your apron slipping off!?\u200d? See why professionals choose WELDAS 44-2142 Golden Brown\u2122!\" \/>\n<meta property=\"og:url\" content=\"https:\/\/spawlab.pl\/en\/produkt\/weldas-44-2142-golden-brown-split-cowhide-leather-welding-apron\/\" \/>\n<meta property=\"og:site_name\" content=\"SpawLab - Welding equipment and plasma cutters - store and service\" \/>\n<meta property=\"article:publisher\" content=\"https:\/\/www.facebook.com\/Spawlab\/\" \/>\n<meta property=\"og:image\" content=\"https:\/\/spawlab.pl\/wp-content\/uploads\/2023\/05\/130308-44-21-apron-front-JPG.jpg\" \/>\n\t<meta property=\"og:image:width\" content=\"660\" \/>\n\t<meta property=\"og:image:height\" content=\"900\" \/>\n\t<meta property=\"og:image:type\" content=\"image\/jpeg\" \/>\n<meta name=\"twitter:label1\" content=\"Price\" \/>\n\t<meta name=\"twitter:data1\" content=\"124,99&nbsp;&#122;&#322; (101,62&nbsp;&#122;&#322; netto)\" \/>\n\t<meta name=\"twitter:label2\" content=\"Availability\" \/>\n\t<meta name=\"twitter:data2\" content=\"In stock\" \/>\n<script type=\"application\/ld+json\" class=\"yoast-schema-graph\">{\"@context\":\"https:\\\/\\\/schema.org\",\"@graph\":[{\"@type\":[\"WebPage\",\"ItemPage\"],\"@id\":\"https:\\\/\\\/spawlab.pl\\\/en\\\/produkt\\\/weldas-44-2142-golden-brown-split-cowhide-leather-welding-apron\\\/\",\"url\":\"https:\\\/\\\/spawlab.pl\\\/en\\\/produkt\\\/weldas-44-2142-golden-brown-split-cowhide-leather-welding-apron\\\/\",\"name\":\"Weldas 44-2142 Golden Brown\u2122 split cowhide leather welding apron - SpawLab - Welding equipment and plasma cutters - store and service\",\"isPartOf\":{\"@id\":\"https:\\\/\\\/spawlab.pl\\\/en\\\/#website\"},\"primaryImageOfPage\":{\"@id\":\"https:\\\/\\\/spawlab.pl\\\/en\\\/produkt\\\/weldas-44-2142-golden-brown-split-cowhide-leather-welding-apron\\\/#primaryimage\"},\"image\":{\"@id\":\"https:\\\/\\\/spawlab.pl\\\/en\\\/produkt\\\/weldas-44-2142-golden-brown-split-cowhide-leather-welding-apron\\\/#primaryimage\"},\"thumbnailUrl\":\"https:\\\/\\\/spawlab.pl\\\/wp-content\\\/uploads\\\/2023\\\/05\\\/130308-44-21-apron-front-JPG.jpg\",\"datePublished\":\"2023-05-10T06:58:00+00:00\",\"description\":\"WELDAS 44-2142 Golden Brown\u2122 is a heavy-duty cowhide split welding apron that provides maximum protection against heat and spatter. Sewn with triple KEVLAR\u00ae thread, it meets EN ISO 11611:2015 CLASS 2\\\/A1+A2.\",\"breadcrumb\":{\"@id\":\"https:\\\/\\\/spawlab.pl\\\/en\\\/produkt\\\/weldas-44-2142-golden-brown-split-cowhide-leather-welding-apron\\\/#breadcrumb\"},\"inLanguage\":\"en-US\",\"potentialAction\":[{\"@type\":\"ReadAction\",\"target\":[\"https:\\\/\\\/spawlab.pl\\\/en\\\/produkt\\\/weldas-44-2142-golden-brown-split-cowhide-leather-welding-apron\\\/\"]}]},{\"@type\":\"ImageObject\",\"inLanguage\":\"en-US\",\"@id\":\"https:\\\/\\\/spawlab.pl\\\/en\\\/produkt\\\/weldas-44-2142-golden-brown-split-cowhide-leather-welding-apron\\\/#primaryimage\",\"url\":\"https:\\\/\\\/spawlab.pl\\\/wp-content\\\/uploads\\\/2023\\\/05\\\/130308-44-21-apron-front-JPG.jpg\",\"contentUrl\":\"https:\\\/\\\/spawlab.pl\\\/wp-content\\\/uploads\\\/2023\\\/05\\\/130308-44-21-apron-front-JPG.jpg\",\"width\":660,\"height\":900},{\"@type\":\"BreadcrumbList\",\"@id\":\"https:\\\/\\\/spawlab.pl\\\/en\\\/produkt\\\/weldas-44-2142-golden-brown-split-cowhide-leather-welding-apron\\\/#breadcrumb\",\"itemListElement\":[{\"@type\":\"ListItem\",\"position\":1,\"name\":\"Strona g\u0142\u00f3wna\",\"item\":\"https:\\\/\\\/spawlab.pl\\\/en\\\/\"},{\"@type\":\"ListItem\",\"position\":2,\"name\":\"Store\",\"item\":\"https:\\\/\\\/spawlab.pl\\\/en\\\/shop\\\/\"},{\"@type\":\"ListItem\",\"position\":3,\"name\":\"Weldas 44-2142 Golden Brown\u2122 split cowhide leather welding apron\"}]},{\"@type\":\"WebSite\",\"@id\":\"https:\\\/\\\/spawlab.pl\\\/en\\\/#website\",\"url\":\"https:\\\/\\\/spawlab.pl\\\/en\\\/\",\"name\":\"Spawlab.pl Lider - Spawarki, Przecinarki Plazmowe, Kompresory\",\"description\":\"Urz\u0105dzenia spawalnicze i Przecinarki plazmowe\\\/ nowe i u\u017cywane \\\/ Profesjonalny serwis\",\"publisher\":{\"@id\":\"https:\\\/\\\/spawlab.pl\\\/en\\\/#organization\"},\"alternateName\":\"Spawlab.pl - Dystrybutor Premium i Serwis na Polske Migatronic, Gys, Voestalpine Bohler Welding\",\"potentialAction\":[{\"@type\":\"SearchAction\",\"target\":{\"@type\":\"EntryPoint\",\"urlTemplate\":\"https:\\\/\\\/spawlab.pl\\\/en\\\/?s={search_term_string}\"},\"query-input\":{\"@type\":\"PropertyValueSpecification\",\"valueRequired\":true,\"valueName\":\"search_term_string\"}}],\"inLanguage\":\"en-US\"},{\"@type\":[\"Organization\",\"Place\"],\"@id\":\"https:\\\/\\\/spawlab.pl\\\/en\\\/#organization\",\"name\":\"Spawlab.pl\",\"url\":\"https:\\\/\\\/spawlab.pl\\\/en\\\/\",\"logo\":{\"@id\":\"https:\\\/\\\/spawlab.pl\\\/en\\\/produkt\\\/weldas-44-2142-golden-brown-split-cowhide-leather-welding-apron\\\/#local-main-organization-logo\"},\"image\":{\"@id\":\"https:\\\/\\\/spawlab.pl\\\/en\\\/produkt\\\/weldas-44-2142-golden-brown-split-cowhide-leather-welding-apron\\\/#local-main-organization-logo\"},\"sameAs\":[\"https:\\\/\\\/www.facebook.com\\\/Spawlab\\\/\",\"https:\\\/\\\/www.linkedin.com\\\/company\\\/spawlab\",\"https:\\\/\\\/www.instagram.com\\\/spawlab.pl\",\"https:\\\/\\\/www.tiktok.com\\\/@spawlab\"],\"description\":\"Lider sprzeda\u017cy, Oficjalny Dystrybutor Premium i Serwis na Polsk\u0119 Migatronic, Gys, Voestalpine Bohler Welding. Nowe i u\u017cywane Spawarki, Przecinarki Plazmowe, Kompresory. Mgr in\u017c. Jaros\u0142aw Ko\u0142aski, IWE\",\"hasMerchantReturnPolicy\":{\"@type\":\"MerchantReturnPolicy\",\"merchantReturnLink\":\"https:\\\/\\\/spawlab.pl\\\/polityka-prywatnosci-2\\\/\"},\"telephone\":[],\"openingHoursSpecification\":[{\"@type\":\"OpeningHoursSpecification\",\"dayOfWeek\":[\"Monday\",\"Tuesday\",\"Wednesday\",\"Thursday\",\"Friday\",\"Saturday\",\"Sunday\"],\"opens\":\"09:00\",\"closes\":\"17:00\"}]},{\"@type\":\"ImageObject\",\"inLanguage\":\"en-US\",\"@id\":\"https:\\\/\\\/spawlab.pl\\\/en\\\/produkt\\\/weldas-44-2142-golden-brown-split-cowhide-leather-welding-apron\\\/#local-main-organization-logo\",\"url\":\"https:\\\/\\\/spawlab.pl\\\/wp-content\\\/uploads\\\/2022\\\/01\\\/olx.jpg\",\"contentUrl\":\"https:\\\/\\\/spawlab.pl\\\/wp-content\\\/uploads\\\/2022\\\/01\\\/olx.jpg\",\"width\":200,\"height\":200,\"caption\":\"Spawlab.pl\"}]}<\/script>\n<meta property=\"product:brand\" content=\"Weldas\" \/>\n<meta property=\"product:price:amount\" content=\"124.99\" \/>\n<meta property=\"product:price:currency\" content=\"PLN\" \/>\n<meta property=\"og:availability\" content=\"instock\" \/>\n<meta property=\"product:availability\" content=\"instock\" \/>\n<meta property=\"product:condition\" content=\"new\" \/>\n<!-- \/ Yoast SEO Premium plugin. -->","yoast_head_json":{"title":"Weldas 44-2142 Golden Brown\u2122 split cowhide leather welding apron - SpawLab - Welding equipment and plasma cutters - store and service","description":"WELDAS 44-2142 Golden Brown\u2122 is a heavy-duty cowhide split welding apron that provides maximum protection against heat and spatter. Sewn with triple KEVLAR\u00ae thread, it meets EN ISO 11611:2015 CLASS 2\/A1+A2.","robots":{"index":"index","follow":"follow","max-snippet":"max-snippet:-1","max-image-preview":"max-image-preview:large","max-video-preview":"max-video-preview:-1"},"canonical":"https:\/\/spawlab.pl\/en\/produkt\/weldas-44-2142-golden-brown-split-cowhide-leather-welding-apron\/","og_locale":"en_US","og_type":"article","og_title":"Weldas 44-2142 Golden Brown\u2122 split cowhide leather welding apron","og_description":"? Are you welding? Choose the best protection! WELDAS 44-2142 Golden Brown\u2122 ?\u2705 Cowhide split leather - reliable protection against heat and spatter!\u2705 KEVLAR\u00ae seams and riveted reinforcements - durability for years!\u2705 Comfortable harness system - forget about your apron slipping off!?\u200d? See why professionals choose WELDAS 44-2142 Golden Brown\u2122!","og_url":"https:\/\/spawlab.pl\/en\/produkt\/weldas-44-2142-golden-brown-split-cowhide-leather-welding-apron\/","og_site_name":"SpawLab - Welding equipment and plasma cutters - store and service","article_publisher":"https:\/\/www.facebook.com\/Spawlab\/","og_image":[{"width":660,"height":900,"url":"https:\/\/spawlab.pl\/wp-content\/uploads\/2023\/05\/130308-44-21-apron-front-JPG.jpg","type":"image\/jpeg"}],"twitter_misc":{"Price":"124,99&nbsp;&#122;&#322; (101,62&nbsp;&#122;&#322; netto)","Availability":"In stock"},"schema":{"@context":"https:\/\/schema.org","@graph":[{"@type":["WebPage","ItemPage"],"@id":"https:\/\/spawlab.pl\/en\/produkt\/weldas-44-2142-golden-brown-split-cowhide-leather-welding-apron\/","url":"https:\/\/spawlab.pl\/en\/produkt\/weldas-44-2142-golden-brown-split-cowhide-leather-welding-apron\/","name":"Weldas 44-2142 Golden Brown\u2122 split cowhide leather welding apron - SpawLab - Welding equipment and plasma cutters - store and service","isPartOf":{"@id":"https:\/\/spawlab.pl\/en\/#website"},"primaryImageOfPage":{"@id":"https:\/\/spawlab.pl\/en\/produkt\/weldas-44-2142-golden-brown-split-cowhide-leather-welding-apron\/#primaryimage"},"image":{"@id":"https:\/\/spawlab.pl\/en\/produkt\/weldas-44-2142-golden-brown-split-cowhide-leather-welding-apron\/#primaryimage"},"thumbnailUrl":"https:\/\/spawlab.pl\/wp-content\/uploads\/2023\/05\/130308-44-21-apron-front-JPG.jpg","datePublished":"2023-05-10T06:58:00+00:00","description":"WELDAS 44-2142 Golden Brown\u2122 is a heavy-duty cowhide split welding apron that provides maximum protection against heat and spatter. Sewn with triple KEVLAR\u00ae thread, it meets EN ISO 11611:2015 CLASS 2\/A1+A2.","breadcrumb":{"@id":"https:\/\/spawlab.pl\/en\/produkt\/weldas-44-2142-golden-brown-split-cowhide-leather-welding-apron\/#breadcrumb"},"inLanguage":"en-US","potentialAction":[{"@type":"ReadAction","target":["https:\/\/spawlab.pl\/en\/produkt\/weldas-44-2142-golden-brown-split-cowhide-leather-welding-apron\/"]}]},{"@type":"ImageObject","inLanguage":"en-US","@id":"https:\/\/spawlab.pl\/en\/produkt\/weldas-44-2142-golden-brown-split-cowhide-leather-welding-apron\/#primaryimage","url":"https:\/\/spawlab.pl\/wp-content\/uploads\/2023\/05\/130308-44-21-apron-front-JPG.jpg","contentUrl":"https:\/\/spawlab.pl\/wp-content\/uploads\/2023\/05\/130308-44-21-apron-front-JPG.jpg","width":660,"height":900},{"@type":"BreadcrumbList","@id":"https:\/\/spawlab.pl\/en\/produkt\/weldas-44-2142-golden-brown-split-cowhide-leather-welding-apron\/#breadcrumb","itemListElement":[{"@type":"ListItem","position":1,"name":"Strona g\u0142\u00f3wna","item":"https:\/\/spawlab.pl\/en\/"},{"@type":"ListItem","position":2,"name":"Store","item":"https:\/\/spawlab.pl\/en\/shop\/"},{"@type":"ListItem","position":3,"name":"Weldas 44-2142 Golden Brown\u2122 split cowhide leather welding apron"}]},{"@type":"WebSite","@id":"https:\/\/spawlab.pl\/en\/#website","url":"https:\/\/spawlab.pl\/en\/","name":"Spawlab.pl Lider - Spawarki, Przecinarki Plazmowe, Kompresory","description":"Urz\u0105dzenia spawalnicze i Przecinarki plazmowe\/ nowe i u\u017cywane \/ Profesjonalny serwis","publisher":{"@id":"https:\/\/spawlab.pl\/en\/#organization"},"alternateName":"Spawlab.pl - Dystrybutor Premium i Serwis na Polske Migatronic, Gys, Voestalpine Bohler Welding","potentialAction":[{"@type":"SearchAction","target":{"@type":"EntryPoint","urlTemplate":"https:\/\/spawlab.pl\/en\/?s={search_term_string}"},"query-input":{"@type":"PropertyValueSpecification","valueRequired":true,"valueName":"search_term_string"}}],"inLanguage":"en-US"},{"@type":["Organization","Place"],"@id":"https:\/\/spawlab.pl\/en\/#organization","name":"Spawlab.pl","url":"https:\/\/spawlab.pl\/en\/","logo":{"@id":"https:\/\/spawlab.pl\/en\/produkt\/weldas-44-2142-golden-brown-split-cowhide-leather-welding-apron\/#local-main-organization-logo"},"image":{"@id":"https:\/\/spawlab.pl\/en\/produkt\/weldas-44-2142-golden-brown-split-cowhide-leather-welding-apron\/#local-main-organization-logo"},"sameAs":["https:\/\/www.facebook.com\/Spawlab\/","https:\/\/www.linkedin.com\/company\/spawlab","https:\/\/www.instagram.com\/spawlab.pl","https:\/\/www.tiktok.com\/@spawlab"],"description":"Lider sprzeda\u017cy, Oficjalny Dystrybutor Premium i Serwis na Polsk\u0119 Migatronic, Gys, Voestalpine Bohler Welding. Nowe i u\u017cywane Spawarki, Przecinarki Plazmowe, Kompresory. Mgr in\u017c. Jaros\u0142aw Ko\u0142aski, IWE","hasMerchantReturnPolicy":{"@type":"MerchantReturnPolicy","merchantReturnLink":"https:\/\/spawlab.pl\/polityka-prywatnosci-2\/"},"telephone":[],"openingHoursSpecification":[{"@type":"OpeningHoursSpecification","dayOfWeek":["Monday","Tuesday","Wednesday","Thursday","Friday","Saturday","Sunday"],"opens":"09:00","closes":"17:00"}]},{"@type":"ImageObject","inLanguage":"en-US","@id":"https:\/\/spawlab.pl\/en\/produkt\/weldas-44-2142-golden-brown-split-cowhide-leather-welding-apron\/#local-main-organization-logo","url":"https:\/\/spawlab.pl\/wp-content\/uploads\/2022\/01\/olx.jpg","contentUrl":"https:\/\/spawlab.pl\/wp-content\/uploads\/2022\/01\/olx.jpg","width":200,"height":200,"caption":"Spawlab.pl"}]},"product_brand":"Weldas","product_price_amount":"124.99","product_price_currency":"PLN","og_availability":"instock","product_availability":"instock","product_condition":"new"},"_links":{"self":[{"href":"https:\/\/spawlab.pl\/en\/wp-json\/wp\/v2\/product\/30636","targetHints":{"allow":["GET"]}}],"collection":[{"href":"https:\/\/spawlab.pl\/en\/wp-json\/wp\/v2\/product"}],"about":[{"href":"https:\/\/spawlab.pl\/en\/wp-json\/wp\/v2\/types\/product"}],"wp:featuredmedia":[{"embeddable":true,"href":"https:\/\/spawlab.pl\/en\/wp-json\/wp\/v2\/media\/16365"}],"wp:attachment":[{"href":"https:\/\/spawlab.pl\/en\/wp-json\/wp\/v2\/media?parent=30636"}],"wp:term":[{"taxonomy":"product_brand","embeddable":true,"href":"https:\/\/spawlab.pl\/en\/wp-json\/wp\/v2\/product_brand?post=30636"},{"taxonomy":"product_cat","embeddable":true,"href":"https:\/\/spawlab.pl\/en\/wp-json\/wp\/v2\/product_cat?post=30636"},{"taxonomy":"product_tag","embeddable":true,"href":"https:\/\/spawlab.pl\/en\/wp-json\/wp\/v2\/product_tag?post=30636"}],"curies":[{"name":"wp","href":"https:\/\/api.w.org\/{rel}","templated":true}]}}