{"id":30655,"date":"2023-02-13T10:00:47","date_gmt":"2023-02-13T09:00:47","guid":{"rendered":"https:\/\/spawlab.pl\/produkt\/quartzsystem-lens-short-version-guard-l-24-cup-nozzle-for-2-4mm-electrode\/"},"modified":"2023-02-13T10:00:47","modified_gmt":"2023-02-13T09:00:47","slug":"quartzsystem-lens-short-version-guard-l-24-cup-nozzle-for-2-4mm-electrode","status":"publish","type":"product","link":"https:\/\/spawlab.pl\/en\/produkt\/quartzsystem-lens-short-version-guard-l-24-cup-nozzle-for-2-4mm-electrode\/","title":{"rendered":"QUARTZSystem &#8211; lens short version GUARD L #24 cup nozzle [for 2.4mm electrode]."},"content":{"rendered":"<p><strong>QUARTZSystem<\/strong> is a modern solution for welding steel alloys, stainless steel and aluminum. The special glass alloy used for <strong>QUARTZ<\/strong> nozzles is characterized by extraordinary resistance to high temperatures. The transparent nozzles provide excellent visibility and arc control during welding.  <\/p>\n<p>The new <strong>GUARD<\/strong> solution is designed to improve performance, service life and safety. The brass adapter used allows for better gas control and reduced gas dispersion. In addition, a protective ring on the <strong>QUARTZ<\/strong> nozzle strengthens it and protects it from damage, making it even more durable.  <\/p>\n<p>The use of <strong>QUARTZSystem<\/strong> solutions is a guarantee of obtaining a high-quality weld. The welding process is more precise and accurate. In addition, the use of transparent nozzles contributes to improved working comfort, making work less tiring and more efficient.  <\/p>\n<p><b>The set includes:<\/b><\/p>\n<table>\n<tbody>\n<tr>\n<td>NW17-26N10<\/td>\n<td><strong>Insulator<\/strong><\/td>\n<\/tr>\n<tr>\n<td>NW17-25T24<\/td>\n<td><strong>Collet<\/strong><\/td>\n<\/tr>\n<tr>\n<td>NW17-35S24<\/td>\n<td><b>Lens<\/b><\/td>\n<\/tr>\n<tr>\n<td>NW9-17-38A44<\/td>\n<td><b>Brass adapter<\/b><\/td>\n<\/tr>\n<tr>\n<td>NW9-17-38R44<\/td>\n<td><strong>O-ring<\/strong><\/td>\n<\/tr>\n<tr>\n<td>NW9-17-38S24<\/td>\n<td><b>Screen<\/b><\/td>\n<\/tr>\n<tr>\n<td>NW9-17-38P44<\/td>\n<td><strong>Protective ring<\/strong><\/td>\n<\/tr>\n<tr>\n<td>NW9-17-38D44<\/td>\n<td><strong>Gas nozzle<\/strong><\/td>\n<\/tr>\n<\/tbody>\n<\/table>\n<p>&nbsp;<\/p>\n","protected":false},"excerpt":{"rendered":"<p>QUARTZSystem is a modern solution for welding steel alloys, stainless steel and aluminum. The special glass alloy used for QUARTZ nozzles is characterized by extraordinary resistance to high temperatures. The transparent nozzles provide excellent visibility and arc control during welding. The new GUARD solution is designed to improve performance, service life and safety. The brass [&hellip;]<\/p>\n","protected":false},"featured_media":16192,"template":"","meta":{"inline_featured_image":false},"product_brand":[],"product_cat":[515,475,522,517],"product_tag":[],"class_list":{"0":"post-30655","1":"product","2":"type-product","3":"status-publish","4":"has-post-thumbnail","6":"product_cat-17-18-26-en","7":"product_cat-accessories-parts","8":"product_cat-parts","9":"product_cat-tig-handle","11":"first","12":"instock","13":"taxable","14":"shipping-taxable","15":"purchasable","16":"product-type-simple"},"yoast_head":"<!-- This site is optimized with the Yoast SEO Premium plugin v27.5 (Yoast SEO v27.6) - https:\/\/yoast.com\/product\/yoast-seo-premium-wordpress\/ -->\n<title>QUARTZSystem - lens short version GUARD L #24 cup nozzle [for 2.4mm electrode]. - SpawLab - Welding equipment and plasma cutters - store and service<\/title>\n<meta name=\"description\" content=\"Lider sprzeda\u017cy, Oficjalny Dystrybutor Premium i Serwis na Polsk\u0119 Migatronic, Gys, Voestalpine Bohler Welding. Nowe i u\u017cywane Spawarki, Przecinarki Plazmowe, Kompresory. Mgr in\u017c. Jaros\u0142aw Ko\u0142aski, IWE\" \/>\n<meta name=\"robots\" content=\"index, follow, max-snippet:-1, max-image-preview:large, max-video-preview:-1\" \/>\n<link rel=\"canonical\" href=\"https:\/\/spawlab.pl\/en\/produkt\/quartzsystem-lens-short-version-guard-l-24-cup-nozzle-for-2-4mm-electrode\/\" \/>\n<meta property=\"og:locale\" content=\"en_US\" \/>\n<meta property=\"og:type\" content=\"article\" \/>\n<meta property=\"og:title\" content=\"QUARTZSystem - lens short version GUARD L #24 cup nozzle [for 2.4mm electrode].\" \/>\n<meta property=\"og:description\" content=\"Lider sprzeda\u017cy, Oficjalny Dystrybutor Premium i Serwis na Polsk\u0119 Migatronic, Gys, Voestalpine Bohler Welding. Nowe i u\u017cywane Spawarki, Przecinarki Plazmowe, Kompresory. Mgr in\u017c. Jaros\u0142aw Ko\u0142aski, IWE\" \/>\n<meta property=\"og:url\" content=\"https:\/\/spawlab.pl\/en\/produkt\/quartzsystem-lens-short-version-guard-l-24-cup-nozzle-for-2-4mm-electrode\/\" \/>\n<meta property=\"og:site_name\" content=\"SpawLab - Welding equipment and plasma cutters - store and service\" \/>\n<meta property=\"article:publisher\" content=\"https:\/\/www.facebook.com\/Spawlab\/\" \/>\n<meta property=\"og:image\" content=\"https:\/\/spawlab.pl\/wp-content\/uploads\/2025\/06\/LOGO-SPOLECZN-scaled.png\" \/>\n\t<meta property=\"og:image:width\" content=\"2560\" \/>\n\t<meta property=\"og:image:height\" content=\"1440\" \/>\n\t<meta property=\"og:image:type\" content=\"image\/png\" \/>\n<meta name=\"twitter:label1\" content=\"Price\" \/>\n\t<meta name=\"twitter:data1\" content=\"151,19&nbsp;&#122;&#322; (122,92&nbsp;&#122;&#322; netto)\" \/>\n\t<meta name=\"twitter:label2\" content=\"Availability\" \/>\n\t<meta name=\"twitter:data2\" content=\"In stock\" \/>\n<script type=\"application\/ld+json\" class=\"yoast-schema-graph\">{\"@context\":\"https:\\\/\\\/schema.org\",\"@graph\":[{\"@type\":[\"WebPage\",\"ItemPage\"],\"@id\":\"https:\\\/\\\/spawlab.pl\\\/en\\\/produkt\\\/quartzsystem-lens-short-version-guard-l-24-cup-nozzle-for-2-4mm-electrode\\\/\",\"url\":\"https:\\\/\\\/spawlab.pl\\\/en\\\/produkt\\\/quartzsystem-lens-short-version-guard-l-24-cup-nozzle-for-2-4mm-electrode\\\/\",\"name\":\"QUARTZSystem - lens short version GUARD L #24 cup nozzle [for 2.4mm electrode]. - SpawLab - Welding equipment and plasma cutters - store and service\",\"isPartOf\":{\"@id\":\"https:\\\/\\\/spawlab.pl\\\/en\\\/#website\"},\"primaryImageOfPage\":{\"@id\":\"https:\\\/\\\/spawlab.pl\\\/en\\\/produkt\\\/quartzsystem-lens-short-version-guard-l-24-cup-nozzle-for-2-4mm-electrode\\\/#primaryimage\"},\"image\":{\"@id\":\"https:\\\/\\\/spawlab.pl\\\/en\\\/produkt\\\/quartzsystem-lens-short-version-guard-l-24-cup-nozzle-for-2-4mm-electrode\\\/#primaryimage\"},\"thumbnailUrl\":\"https:\\\/\\\/spawlab.pl\\\/wp-content\\\/uploads\\\/2023\\\/02\\\/nw17-38d44-24-kpl_01.jpg\",\"datePublished\":\"2023-02-13T09:00:47+00:00\",\"description\":\"Lider sprzeda\u017cy, Oficjalny Dystrybutor Premium i Serwis na Polsk\u0119 Migatronic, Gys, Voestalpine Bohler Welding. Nowe i u\u017cywane Spawarki, Przecinarki Plazmowe, Kompresory. Mgr in\u017c. Jaros\u0142aw Ko\u0142aski, IWE\",\"breadcrumb\":{\"@id\":\"https:\\\/\\\/spawlab.pl\\\/en\\\/produkt\\\/quartzsystem-lens-short-version-guard-l-24-cup-nozzle-for-2-4mm-electrode\\\/#breadcrumb\"},\"inLanguage\":\"en-US\",\"potentialAction\":[{\"@type\":\"ReadAction\",\"target\":[\"https:\\\/\\\/spawlab.pl\\\/en\\\/produkt\\\/quartzsystem-lens-short-version-guard-l-24-cup-nozzle-for-2-4mm-electrode\\\/\"]}]},{\"@type\":\"ImageObject\",\"inLanguage\":\"en-US\",\"@id\":\"https:\\\/\\\/spawlab.pl\\\/en\\\/produkt\\\/quartzsystem-lens-short-version-guard-l-24-cup-nozzle-for-2-4mm-electrode\\\/#primaryimage\",\"url\":\"https:\\\/\\\/spawlab.pl\\\/wp-content\\\/uploads\\\/2023\\\/02\\\/nw17-38d44-24-kpl_01.jpg\",\"contentUrl\":\"https:\\\/\\\/spawlab.pl\\\/wp-content\\\/uploads\\\/2023\\\/02\\\/nw17-38d44-24-kpl_01.jpg\",\"width\":1000,\"height\":1000},{\"@type\":\"BreadcrumbList\",\"@id\":\"https:\\\/\\\/spawlab.pl\\\/en\\\/produkt\\\/quartzsystem-lens-short-version-guard-l-24-cup-nozzle-for-2-4mm-electrode\\\/#breadcrumb\",\"itemListElement\":[{\"@type\":\"ListItem\",\"position\":1,\"name\":\"Strona g\u0142\u00f3wna\",\"item\":\"https:\\\/\\\/spawlab.pl\\\/en\\\/\"},{\"@type\":\"ListItem\",\"position\":2,\"name\":\"Store\",\"item\":\"https:\\\/\\\/spawlab.pl\\\/en\\\/shop\\\/\"},{\"@type\":\"ListItem\",\"position\":3,\"name\":\"QUARTZSystem &#8211; lens short version GUARD L #24 cup nozzle [for 2.4mm electrode].\"}]},{\"@type\":\"WebSite\",\"@id\":\"https:\\\/\\\/spawlab.pl\\\/en\\\/#website\",\"url\":\"https:\\\/\\\/spawlab.pl\\\/en\\\/\",\"name\":\"Spawlab.pl Lider - Spawarki, Przecinarki Plazmowe, Kompresory\",\"description\":\"Urz\u0105dzenia spawalnicze i Przecinarki plazmowe\\\/ nowe i u\u017cywane \\\/ Profesjonalny serwis\",\"publisher\":{\"@id\":\"https:\\\/\\\/spawlab.pl\\\/en\\\/#organization\"},\"alternateName\":\"Spawlab.pl - Dystrybutor Premium i Serwis na Polske Migatronic, Gys, Voestalpine Bohler Welding\",\"potentialAction\":[{\"@type\":\"SearchAction\",\"target\":{\"@type\":\"EntryPoint\",\"urlTemplate\":\"https:\\\/\\\/spawlab.pl\\\/en\\\/?s={search_term_string}\"},\"query-input\":{\"@type\":\"PropertyValueSpecification\",\"valueRequired\":true,\"valueName\":\"search_term_string\"}}],\"inLanguage\":\"en-US\"},{\"@type\":[\"Organization\",\"Place\"],\"@id\":\"https:\\\/\\\/spawlab.pl\\\/en\\\/#organization\",\"name\":\"Spawlab.pl\",\"url\":\"https:\\\/\\\/spawlab.pl\\\/en\\\/\",\"logo\":{\"@id\":\"https:\\\/\\\/spawlab.pl\\\/en\\\/produkt\\\/quartzsystem-lens-short-version-guard-l-24-cup-nozzle-for-2-4mm-electrode\\\/#local-main-organization-logo\"},\"image\":{\"@id\":\"https:\\\/\\\/spawlab.pl\\\/en\\\/produkt\\\/quartzsystem-lens-short-version-guard-l-24-cup-nozzle-for-2-4mm-electrode\\\/#local-main-organization-logo\"},\"sameAs\":[\"https:\\\/\\\/www.facebook.com\\\/Spawlab\\\/\",\"https:\\\/\\\/www.linkedin.com\\\/company\\\/spawlab\",\"https:\\\/\\\/www.instagram.com\\\/spawlab.pl\",\"https:\\\/\\\/www.tiktok.com\\\/@spawlab\"],\"description\":\"Lider sprzeda\u017cy, Oficjalny Dystrybutor Premium i Serwis na Polsk\u0119 Migatronic, Gys, Voestalpine Bohler Welding. Nowe i u\u017cywane Spawarki, Przecinarki Plazmowe, Kompresory. Mgr in\u017c. Jaros\u0142aw Ko\u0142aski, IWE\",\"hasMerchantReturnPolicy\":{\"@type\":\"MerchantReturnPolicy\",\"merchantReturnLink\":\"https:\\\/\\\/spawlab.pl\\\/polityka-prywatnosci-2\\\/\"},\"telephone\":[],\"openingHoursSpecification\":[{\"@type\":\"OpeningHoursSpecification\",\"dayOfWeek\":[\"Monday\",\"Tuesday\",\"Wednesday\",\"Thursday\",\"Friday\",\"Saturday\",\"Sunday\"],\"opens\":\"09:00\",\"closes\":\"17:00\"}]},{\"@type\":\"ImageObject\",\"inLanguage\":\"en-US\",\"@id\":\"https:\\\/\\\/spawlab.pl\\\/en\\\/produkt\\\/quartzsystem-lens-short-version-guard-l-24-cup-nozzle-for-2-4mm-electrode\\\/#local-main-organization-logo\",\"url\":\"https:\\\/\\\/spawlab.pl\\\/wp-content\\\/uploads\\\/2022\\\/01\\\/olx.jpg\",\"contentUrl\":\"https:\\\/\\\/spawlab.pl\\\/wp-content\\\/uploads\\\/2022\\\/01\\\/olx.jpg\",\"width\":200,\"height\":200,\"caption\":\"Spawlab.pl\"}]}<\/script>\n<meta property=\"product:price:amount\" content=\"151.19\" \/>\n<meta property=\"product:price:currency\" content=\"PLN\" \/>\n<meta property=\"og:availability\" content=\"instock\" \/>\n<meta property=\"product:availability\" content=\"instock\" \/>\n<meta property=\"product:condition\" content=\"new\" \/>\n<!-- \/ Yoast SEO Premium plugin. -->","yoast_head_json":{"title":"QUARTZSystem - lens short version GUARD L #24 cup nozzle [for 2.4mm electrode]. - SpawLab - Welding equipment and plasma cutters - store and service","description":"Lider sprzeda\u017cy, Oficjalny Dystrybutor Premium i Serwis na Polsk\u0119 Migatronic, Gys, Voestalpine Bohler Welding. Nowe i u\u017cywane Spawarki, Przecinarki Plazmowe, Kompresory. Mgr in\u017c. Jaros\u0142aw Ko\u0142aski, IWE","robots":{"index":"index","follow":"follow","max-snippet":"max-snippet:-1","max-image-preview":"max-image-preview:large","max-video-preview":"max-video-preview:-1"},"canonical":"https:\/\/spawlab.pl\/en\/produkt\/quartzsystem-lens-short-version-guard-l-24-cup-nozzle-for-2-4mm-electrode\/","og_locale":"en_US","og_type":"article","og_title":"QUARTZSystem - lens short version GUARD L #24 cup nozzle [for 2.4mm electrode].","og_description":"Lider sprzeda\u017cy, Oficjalny Dystrybutor Premium i Serwis na Polsk\u0119 Migatronic, Gys, Voestalpine Bohler Welding. Nowe i u\u017cywane Spawarki, Przecinarki Plazmowe, Kompresory. Mgr in\u017c. Jaros\u0142aw Ko\u0142aski, IWE","og_url":"https:\/\/spawlab.pl\/en\/produkt\/quartzsystem-lens-short-version-guard-l-24-cup-nozzle-for-2-4mm-electrode\/","og_site_name":"SpawLab - Welding equipment and plasma cutters - store and service","article_publisher":"https:\/\/www.facebook.com\/Spawlab\/","og_image":[{"width":2560,"height":1440,"url":"https:\/\/spawlab.pl\/wp-content\/uploads\/2025\/06\/LOGO-SPOLECZN-scaled.png","type":"image\/png"}],"twitter_misc":{"Price":"151,19&nbsp;&#122;&#322; (122,92&nbsp;&#122;&#322; netto)","Availability":"In stock"},"schema":{"@context":"https:\/\/schema.org","@graph":[{"@type":["WebPage","ItemPage"],"@id":"https:\/\/spawlab.pl\/en\/produkt\/quartzsystem-lens-short-version-guard-l-24-cup-nozzle-for-2-4mm-electrode\/","url":"https:\/\/spawlab.pl\/en\/produkt\/quartzsystem-lens-short-version-guard-l-24-cup-nozzle-for-2-4mm-electrode\/","name":"QUARTZSystem - lens short version GUARD L #24 cup nozzle [for 2.4mm electrode]. - SpawLab - Welding equipment and plasma cutters - store and service","isPartOf":{"@id":"https:\/\/spawlab.pl\/en\/#website"},"primaryImageOfPage":{"@id":"https:\/\/spawlab.pl\/en\/produkt\/quartzsystem-lens-short-version-guard-l-24-cup-nozzle-for-2-4mm-electrode\/#primaryimage"},"image":{"@id":"https:\/\/spawlab.pl\/en\/produkt\/quartzsystem-lens-short-version-guard-l-24-cup-nozzle-for-2-4mm-electrode\/#primaryimage"},"thumbnailUrl":"https:\/\/spawlab.pl\/wp-content\/uploads\/2023\/02\/nw17-38d44-24-kpl_01.jpg","datePublished":"2023-02-13T09:00:47+00:00","description":"Lider sprzeda\u017cy, Oficjalny Dystrybutor Premium i Serwis na Polsk\u0119 Migatronic, Gys, Voestalpine Bohler Welding. Nowe i u\u017cywane Spawarki, Przecinarki Plazmowe, Kompresory. Mgr in\u017c. Jaros\u0142aw Ko\u0142aski, IWE","breadcrumb":{"@id":"https:\/\/spawlab.pl\/en\/produkt\/quartzsystem-lens-short-version-guard-l-24-cup-nozzle-for-2-4mm-electrode\/#breadcrumb"},"inLanguage":"en-US","potentialAction":[{"@type":"ReadAction","target":["https:\/\/spawlab.pl\/en\/produkt\/quartzsystem-lens-short-version-guard-l-24-cup-nozzle-for-2-4mm-electrode\/"]}]},{"@type":"ImageObject","inLanguage":"en-US","@id":"https:\/\/spawlab.pl\/en\/produkt\/quartzsystem-lens-short-version-guard-l-24-cup-nozzle-for-2-4mm-electrode\/#primaryimage","url":"https:\/\/spawlab.pl\/wp-content\/uploads\/2023\/02\/nw17-38d44-24-kpl_01.jpg","contentUrl":"https:\/\/spawlab.pl\/wp-content\/uploads\/2023\/02\/nw17-38d44-24-kpl_01.jpg","width":1000,"height":1000},{"@type":"BreadcrumbList","@id":"https:\/\/spawlab.pl\/en\/produkt\/quartzsystem-lens-short-version-guard-l-24-cup-nozzle-for-2-4mm-electrode\/#breadcrumb","itemListElement":[{"@type":"ListItem","position":1,"name":"Strona g\u0142\u00f3wna","item":"https:\/\/spawlab.pl\/en\/"},{"@type":"ListItem","position":2,"name":"Store","item":"https:\/\/spawlab.pl\/en\/shop\/"},{"@type":"ListItem","position":3,"name":"QUARTZSystem &#8211; lens short version GUARD L #24 cup nozzle [for 2.4mm electrode]."}]},{"@type":"WebSite","@id":"https:\/\/spawlab.pl\/en\/#website","url":"https:\/\/spawlab.pl\/en\/","name":"Spawlab.pl Lider - Spawarki, Przecinarki Plazmowe, Kompresory","description":"Urz\u0105dzenia spawalnicze i Przecinarki plazmowe\/ nowe i u\u017cywane \/ Profesjonalny serwis","publisher":{"@id":"https:\/\/spawlab.pl\/en\/#organization"},"alternateName":"Spawlab.pl - Dystrybutor Premium i Serwis na Polske Migatronic, Gys, Voestalpine Bohler Welding","potentialAction":[{"@type":"SearchAction","target":{"@type":"EntryPoint","urlTemplate":"https:\/\/spawlab.pl\/en\/?s={search_term_string}"},"query-input":{"@type":"PropertyValueSpecification","valueRequired":true,"valueName":"search_term_string"}}],"inLanguage":"en-US"},{"@type":["Organization","Place"],"@id":"https:\/\/spawlab.pl\/en\/#organization","name":"Spawlab.pl","url":"https:\/\/spawlab.pl\/en\/","logo":{"@id":"https:\/\/spawlab.pl\/en\/produkt\/quartzsystem-lens-short-version-guard-l-24-cup-nozzle-for-2-4mm-electrode\/#local-main-organization-logo"},"image":{"@id":"https:\/\/spawlab.pl\/en\/produkt\/quartzsystem-lens-short-version-guard-l-24-cup-nozzle-for-2-4mm-electrode\/#local-main-organization-logo"},"sameAs":["https:\/\/www.facebook.com\/Spawlab\/","https:\/\/www.linkedin.com\/company\/spawlab","https:\/\/www.instagram.com\/spawlab.pl","https:\/\/www.tiktok.com\/@spawlab"],"description":"Lider sprzeda\u017cy, Oficjalny Dystrybutor Premium i Serwis na Polsk\u0119 Migatronic, Gys, Voestalpine Bohler Welding. Nowe i u\u017cywane Spawarki, Przecinarki Plazmowe, Kompresory. Mgr in\u017c. Jaros\u0142aw Ko\u0142aski, IWE","hasMerchantReturnPolicy":{"@type":"MerchantReturnPolicy","merchantReturnLink":"https:\/\/spawlab.pl\/polityka-prywatnosci-2\/"},"telephone":[],"openingHoursSpecification":[{"@type":"OpeningHoursSpecification","dayOfWeek":["Monday","Tuesday","Wednesday","Thursday","Friday","Saturday","Sunday"],"opens":"09:00","closes":"17:00"}]},{"@type":"ImageObject","inLanguage":"en-US","@id":"https:\/\/spawlab.pl\/en\/produkt\/quartzsystem-lens-short-version-guard-l-24-cup-nozzle-for-2-4mm-electrode\/#local-main-organization-logo","url":"https:\/\/spawlab.pl\/wp-content\/uploads\/2022\/01\/olx.jpg","contentUrl":"https:\/\/spawlab.pl\/wp-content\/uploads\/2022\/01\/olx.jpg","width":200,"height":200,"caption":"Spawlab.pl"}]},"product_price_amount":"151.19","product_price_currency":"PLN","og_availability":"instock","product_availability":"instock","product_condition":"new"},"_links":{"self":[{"href":"https:\/\/spawlab.pl\/en\/wp-json\/wp\/v2\/product\/30655","targetHints":{"allow":["GET"]}}],"collection":[{"href":"https:\/\/spawlab.pl\/en\/wp-json\/wp\/v2\/product"}],"about":[{"href":"https:\/\/spawlab.pl\/en\/wp-json\/wp\/v2\/types\/product"}],"wp:featuredmedia":[{"embeddable":true,"href":"https:\/\/spawlab.pl\/en\/wp-json\/wp\/v2\/media\/16192"}],"wp:attachment":[{"href":"https:\/\/spawlab.pl\/en\/wp-json\/wp\/v2\/media?parent=30655"}],"wp:term":[{"taxonomy":"product_brand","embeddable":true,"href":"https:\/\/spawlab.pl\/en\/wp-json\/wp\/v2\/product_brand?post=30655"},{"taxonomy":"product_cat","embeddable":true,"href":"https:\/\/spawlab.pl\/en\/wp-json\/wp\/v2\/product_cat?post=30655"},{"taxonomy":"product_tag","embeddable":true,"href":"https:\/\/spawlab.pl\/en\/wp-json\/wp\/v2\/product_tag?post=30655"}],"curies":[{"name":"wp","href":"https:\/\/api.w.org\/{rel}","templated":true}]}}