{"id":30675,"date":"2022-06-13T13:53:40","date_gmt":"2022-06-13T11:53:40","guid":{"rendered":"https:\/\/spawlab.pl\/produkt\/weldas-10-2755-steersotuffcomfoflex-and-aluminized-pfr\/"},"modified":"2022-06-13T13:53:40","modified_gmt":"2022-06-13T11:53:40","slug":"weldas-10-2755-steersotuffcomfoflex-and-aluminized-pfr","status":"publish","type":"product","link":"https:\/\/spawlab.pl\/en\/produkt\/weldas-10-2755-steersotuffcomfoflex-and-aluminized-pfr\/","title":{"rendered":"Weldas 10-2755 STEERSOtuff\u00aeCOMFOflex\u00ae and aluminized PFR"},"content":{"rendered":"<p class=\"smallh1\">STEERSOtuff\u00ae welding glove with reinforced palm in full grain cowhide, cuff in cowhide split leather and back with COMFOflex\u00ae lining and aluminized PFR<\/p>\n<table width=\"492\">\n<tbody>\n<tr>\n<td style=\"font-weight: 400;\" width=\"152\">Hand size-index<\/td>\n<td style=\"font-weight: 400;\" width=\"68\">7\u00bd<\/td>\n<td style=\"font-weight: 400;\" width=\"68\">  8\u00bd<\/td>\n<td style=\"font-weight: 400;\" width=\"68\">9<\/td>\n<td style=\"font-weight: 400;\" width=\"68\">9\u00bd<\/td>\n<td style=\"font-weight: 400;\" width=\"68\">10\u00bd<\/td>\n<\/tr>\n<tr>\n<td style=\"font-weight: 400;\">Weldas designation<\/td>\n<td style=\"font-weight: 400;\">S<\/td>\n<td style=\"font-weight: 400;\">  M<\/td>\n<td style=\"font-weight: 400;\">L<\/td>\n<td style=\"font-weight: 400;\">XL<\/td>\n<td style=\"font-weight: 400;\">XXL<\/td>\n<\/tr>\n<tr>\n<td style=\"font-weight: 400;\">Palm circumference in mm<\/td>\n<td style=\"font-weight: 400;\">190<\/td>\n<td style=\"font-weight: 400;\">216<\/td>\n<td style=\"font-weight: 400;\">229<\/td>\n<td style=\"font-weight: 400;\">241<\/td>\n<td style=\"font-weight: 400;\">267<\/td>\n<\/tr>\n<tr>\n<td style=\"font-weight: 400;\">Glove length in mm<\/td>\n<td style=\"font-weight: 400;\">310<\/td>\n<td style=\"font-weight: 400;\">320<\/td>\n<td style=\"font-weight: 400;\">330<\/td>\n<td style=\"font-weight: 400;\">340<\/td>\n<td style=\"font-weight: 400;\">350<\/td>\n<\/tr>\n<\/tbody>\n<\/table>\n<p><a title=\"Presentation - Video\" href=\"https:\/\/youtu.be\/aq8r6mMGfuo\">Presentation &#8211; Video<\/a><\/p>\n<h3 data-start=\"111\" data-end=\"224\"><strong data-start=\"115\" data-end=\"222\">? WELDAS 10-2755 STEERSOtuff\u00ae welding gloves &#8211; reliable protection and comfort during welding! ?<\/strong><\/h3>\n<p data-start=\"226\" data-end=\"504\"><strong data-start=\"226\" data-end=\"257\">WELDAS 10-2755 STEERSOtuff\u00ae<\/strong> is a high-quality welding glove created for professionals. Thanks to the use of <strong data-start=\"351\" data-end=\"389\">durable grain cowhide leather<\/strong>, aluminized PFR coating and COMFOflex\u00ae lining, they provide <strong data-start=\"455\" data-end=\"501\">maximum thermal and mechanical protection<\/strong>. <\/p>\n<hr data-start=\"506\" data-end=\"509\">\n<h2 data-start=\"511\" data-end=\"553\"><strong data-start=\"514\" data-end=\"551\">\u2699\ufe0f Key features and applications:<\/strong><\/h2>\n<p data-start=\"555\" data-end=\"740\">\u2705 <strong data-start=\"557\" data-end=\"581\">Durable materials<\/strong> &#8211; <strong data-start=\"584\" data-end=\"608\">Full grain cowhide<\/strong> on the grip area and <strong data-start=\"633\" data-end=\"651\">split cowhide<\/strong> on the cuff provide excellent protection against heat and mechanical damage.<\/p>\n<p data-start=\"742\" data-end=\"906\">\u2705 <strong data-start=\"744\" data-end=\"778\">Advanced thermal protection<\/strong> &#8211; <strong data-start=\"781\" data-end=\"805\">COMFOflex\u00ae lining<\/strong> with aluminum-coated PFR effectively reflects heat to protect the hand from radiant heat.<\/p>\n<p data-start=\"908\" data-end=\"1009\">\u2705 <strong data-start=\"910\" data-end=\"933\">Sewn with KEVLAR\u00ae thread<\/strong> &#8211; 4-layer stitching increases glove durability and abrasion resistance.<\/p>\n<p data-start=\"1011\" data-end=\"1119\">\u2705 <strong data-start=\"1013\" data-end=\"1037\">Ergonomic design<\/strong> &#8211; Provides a comfortable and precise grip, which is crucial for prolonged work.<\/p>\n<p data-start=\"1121\" data-end=\"1256\">\u2705 <strong data-start=\"1123\" data-end=\"1151\">Oil and water resistance<\/strong> &#8211; Special impregnation of the leather makes the gloves perfect for a variety of working conditions.<\/p>\n<hr data-start=\"1258\" data-end=\"1261\">\n<h2 data-start=\"1263\" data-end=\"1299\"><strong data-start=\"1266\" data-end=\"1297\">? Technical specifications:<\/strong><\/h2>\n<p data-start=\"1301\" data-end=\"1319\">? <strong data-start=\"1304\" data-end=\"1317\">Material:<\/strong><\/p>\n<ul data-start=\"1323\" data-end=\"1474\">\n<li data-start=\"1323\" data-end=\"1366\">Grip part: <strong data-start=\"1340\" data-end=\"1364\">grain cowhide leather<\/strong><\/li>\n<li data-start=\"1370\" data-end=\"1401\">Cuff: <strong data-start=\"1381\" data-end=\"1399\">cowhide split leather<\/strong><\/li>\n<li data-start=\"1405\" data-end=\"1474\">Back of the glove: <strong data-start=\"1421\" data-end=\"1472\">COMFOflex\u00ae lining with PFR aluminum coating.<\/strong><\/li>\n<\/ul>\n<p data-start=\"1476\" data-end=\"1523\">? <strong data-start=\"1479\" data-end=\"1489\">Color:<\/strong> Natural with aluminum back<\/p>\n<p data-start=\"1525\" data-end=\"1548\">? <strong data-start=\"1528\" data-end=\"1540\">Length:<\/strong> 36 cm<\/p>\n<p data-start=\"1550\" data-end=\"1592\">? <strong data-start=\"1553\" data-end=\"1575\">Available sizes:<\/strong> L (9), XL (9\u00bd)<\/p>\n<p data-start=\"1594\" data-end=\"1624\">? <strong data-start=\"1597\" data-end=\"1622\">Safety Standards:<\/strong><\/p>\n<ul data-start=\"1628\" data-end=\"1899\">\n<li data-start=\"1628\" data-end=\"1665\"><strong data-start=\"1630\" data-end=\"1663\">EN 12477 (2001+A1:2005) Type A<\/strong><\/li>\n<li data-start=\"1669\" data-end=\"1764\"><strong data-start=\"1671\" data-end=\"1686\">EN 388:2003<\/strong> &#8211; resistance to abrasion (4), cut (1), tear (3), puncture (3)<\/li>\n<li data-start=\"1768\" data-end=\"1899\"><strong data-start=\"1770\" data-end=\"1785\">EN 407:2004<\/strong> &#8211; flame resistance (4), contact heat (1), convective heat (3), small splashes of molten metal (4)<\/li>\n<\/ul>\n<hr data-start=\"1901\" data-end=\"1904\">\n<h2 data-start=\"1906\" data-end=\"1931\"><strong data-start=\"1909\" data-end=\"1929\">? Application:<\/strong><\/h2>\n<p data-start=\"1933\" data-end=\"2033\">? <strong data-start=\"1936\" data-end=\"1966\">Electrode welding (MMA)<\/strong> &#8211; Effective protection against spatter and heat radiation.<\/p>\n<p data-start=\"2035\" data-end=\"2109\">\u26a1 <strong data-start=\"2037\" data-end=\"2057\">MIG\/MAG welding<\/strong> &#8211; High resistance to sparks and high temperatures.<\/p>\n<p data-start=\"2111\" data-end=\"2200\">?\ufe0f <strong data-start=\"2115\" data-end=\"2131\">TIG welding<\/strong> &#8211; Ergonomic design allows precise handling of the electrode.<\/p>\n<p data-start=\"2202\" data-end=\"2310\">? <strong data-start=\"2205\" data-end=\"2239\">Locksmithing and mechanical work<\/strong> &#8211; Protection against mechanical damage and high temperatures.<\/p>\n<p><a title=\"Weldas manual\" href=\"https:\/\/www.weldas-ce.com\/wp-content\/uploads\/sites\/2\/2017\/07\/10-2755-Manual-PL1.pdf\">Weldas manual<\/a><br \/>\n<a title=\"Test results - T\u00dcV Rheinland\" href=\"https:\/\/www.weldas-ce.com\/wp-content\/uploads\/sites\/2\/2017\/08\/10-2755-TR.pdf\">Test results &#8211; T\u00dcV Rheinland<\/a><\/p>\n","protected":false},"excerpt":{"rendered":"<p data-start=\"3769\" data-end=\"3941\"><strong data-start=\"3769\" data-end=\"3800\">WELDAS 10-2755 STEERSOtuff\u00ae<\/strong> &#8211; professional welding gloves <strong data-start=\"3838\" data-end=\"3859\">made of cowhide leather<\/strong>, with <strong data-start=\"3863\" data-end=\"3887\">protective PFR coating<\/strong>, sewn with <strong data-start=\"3901\" data-end=\"3912\">KEVLAR\u00ae<\/strong> thread for maximum durability.<\/p>\n","protected":false},"featured_media":15869,"template":"","meta":{"inline_featured_image":false},"product_brand":[943],"product_cat":[476,475,474,534],"product_tag":[3449,3431,3448,3450,3397,3444,3447,3445,3446,3451,3420],"class_list":{"0":"post-30675","1":"product","2":"type-product","3":"status-publish","4":"has-post-thumbnail","6":"product_brand-weldas","7":"product_cat-accessories","8":"product_cat-accessories-parts","9":"product_cat-new","10":"product_cat-welding-gloves","11":"product_tag-comfoflex-en","12":"product_tag-cowhide","13":"product_tag-en-12477-type-a","14":"product_tag-kevlar-en","15":"product_tag-mig-mag-welding","16":"product_tag-mma-welding","17":"product_tag-steersotuff-en","18":"product_tag-weldas-10-2755-en","19":"product_tag-welding-gloves","20":"product_tag-welding-gloves-en","21":"product_tag-welding-protection","23":"first","24":"instock","25":"sale","26":"taxable","27":"shipping-taxable","28":"purchasable","29":"product-type-variable"},"yoast_head":"<!-- This site is optimized with the Yoast SEO Premium plugin v27.5 (Yoast SEO v27.6) - https:\/\/yoast.com\/product\/yoast-seo-premium-wordpress\/ -->\n<title>Weldas 10-2755 STEERSOtuff\u00aeCOMFOflex\u00ae and aluminized PFR - SpawLab - Welding equipment and plasma cutters - store and service<\/title>\n<meta name=\"description\" content=\"WELDAS 10-2755 STEERSOtuff\u00ae is a premium welding glove made of premium cowhide leather, with COMFOflex\u00ae lining and PFR aluminized coating for superior heat and spark protection. Sewn with KEVLAR\u00ae, oil and water resistant, they meet EN 12477 Type A.\" \/>\n<meta name=\"robots\" content=\"index, follow, max-snippet:-1, max-image-preview:large, max-video-preview:-1\" \/>\n<link rel=\"canonical\" href=\"https:\/\/spawlab.pl\/en\/produkt\/weldas-10-2755-steersotuffcomfoflex-and-aluminized-pfr\/\" \/>\n<meta property=\"og:locale\" content=\"en_US\" \/>\n<meta property=\"og:type\" content=\"article\" \/>\n<meta property=\"og:title\" content=\"Weldas 10-2755 STEERSOtuff\u00aeCOMFOflex\u00ae and aluminized PFR\" \/>\n<meta property=\"og:description\" content=\"? Are you welding? Do you need the ultimate in protection? Opt for the WELDAS 10-2755 STEERSOtuff\u00ae! ?\u2705 Premium cowhide leather and aluminized PFR coating for heat protection!\u2705 Sewn with KEVLAR\u00ae, water and oil resistant - durability for years!\u2705 Comfortable and ergonomic, ideal for prolonged work.?\u200d? Take care of your safety - choose WELDAS 10-2755 STEERSOtuff\u00ae!\" \/>\n<meta property=\"og:url\" content=\"https:\/\/spawlab.pl\/en\/produkt\/weldas-10-2755-steersotuffcomfoflex-and-aluminized-pfr\/\" \/>\n<meta property=\"og:site_name\" content=\"SpawLab - Welding equipment and plasma cutters - store and service\" \/>\n<meta property=\"article:publisher\" content=\"https:\/\/www.facebook.com\/Spawlab\/\" \/>\n<meta property=\"og:image\" content=\"https:\/\/spawlab.pl\/wp-content\/uploads\/2022\/06\/10-2755-sideview-filled-1-820x850-LR-JPG.jpg\" \/>\n\t<meta property=\"og:image:width\" content=\"820\" \/>\n\t<meta property=\"og:image:height\" content=\"850\" \/>\n\t<meta property=\"og:image:type\" content=\"image\/jpeg\" \/>\n<meta name=\"twitter:label1\" content=\"Availability\" \/>\n\t<meta name=\"twitter:data1\" content=\"In stock\" \/>\n<script type=\"application\/ld+json\" class=\"yoast-schema-graph\">{\"@context\":\"https:\\\/\\\/schema.org\",\"@graph\":[{\"@type\":[\"WebPage\",\"ItemPage\"],\"@id\":\"https:\\\/\\\/spawlab.pl\\\/en\\\/produkt\\\/weldas-10-2755-steersotuffcomfoflex-and-aluminized-pfr\\\/\",\"url\":\"https:\\\/\\\/spawlab.pl\\\/en\\\/produkt\\\/weldas-10-2755-steersotuffcomfoflex-and-aluminized-pfr\\\/\",\"name\":\"Weldas 10-2755 STEERSOtuff\u00aeCOMFOflex\u00ae and aluminized PFR - SpawLab - Welding equipment and plasma cutters - store and service\",\"isPartOf\":{\"@id\":\"https:\\\/\\\/spawlab.pl\\\/en\\\/#website\"},\"primaryImageOfPage\":{\"@id\":\"https:\\\/\\\/spawlab.pl\\\/en\\\/produkt\\\/weldas-10-2755-steersotuffcomfoflex-and-aluminized-pfr\\\/#primaryimage\"},\"image\":{\"@id\":\"https:\\\/\\\/spawlab.pl\\\/en\\\/produkt\\\/weldas-10-2755-steersotuffcomfoflex-and-aluminized-pfr\\\/#primaryimage\"},\"thumbnailUrl\":\"https:\\\/\\\/spawlab.pl\\\/wp-content\\\/uploads\\\/2022\\\/06\\\/10-2755-sideview-filled-1-820x850-LR-JPG.jpg\",\"datePublished\":\"2022-06-13T11:53:40+00:00\",\"description\":\"WELDAS 10-2755 STEERSOtuff\u00ae is a premium welding glove made of premium cowhide leather, with COMFOflex\u00ae lining and PFR aluminized coating for superior heat and spark protection. Sewn with KEVLAR\u00ae, oil and water resistant, they meet EN 12477 Type A.\",\"breadcrumb\":{\"@id\":\"https:\\\/\\\/spawlab.pl\\\/en\\\/produkt\\\/weldas-10-2755-steersotuffcomfoflex-and-aluminized-pfr\\\/#breadcrumb\"},\"inLanguage\":\"en-US\",\"potentialAction\":[{\"@type\":\"ReadAction\",\"target\":[\"https:\\\/\\\/spawlab.pl\\\/en\\\/produkt\\\/weldas-10-2755-steersotuffcomfoflex-and-aluminized-pfr\\\/\"]}]},{\"@type\":\"ImageObject\",\"inLanguage\":\"en-US\",\"@id\":\"https:\\\/\\\/spawlab.pl\\\/en\\\/produkt\\\/weldas-10-2755-steersotuffcomfoflex-and-aluminized-pfr\\\/#primaryimage\",\"url\":\"https:\\\/\\\/spawlab.pl\\\/wp-content\\\/uploads\\\/2022\\\/06\\\/10-2755-sideview-filled-1-820x850-LR-JPG.jpg\",\"contentUrl\":\"https:\\\/\\\/spawlab.pl\\\/wp-content\\\/uploads\\\/2022\\\/06\\\/10-2755-sideview-filled-1-820x850-LR-JPG.jpg\",\"width\":820,\"height\":850},{\"@type\":\"BreadcrumbList\",\"@id\":\"https:\\\/\\\/spawlab.pl\\\/en\\\/produkt\\\/weldas-10-2755-steersotuffcomfoflex-and-aluminized-pfr\\\/#breadcrumb\",\"itemListElement\":[{\"@type\":\"ListItem\",\"position\":1,\"name\":\"Strona g\u0142\u00f3wna\",\"item\":\"https:\\\/\\\/spawlab.pl\\\/en\\\/\"},{\"@type\":\"ListItem\",\"position\":2,\"name\":\"Store\",\"item\":\"https:\\\/\\\/spawlab.pl\\\/en\\\/shop\\\/\"},{\"@type\":\"ListItem\",\"position\":3,\"name\":\"Weldas 10-2755 STEERSOtuff\u00aeCOMFOflex\u00ae and aluminized PFR\"}]},{\"@type\":\"WebSite\",\"@id\":\"https:\\\/\\\/spawlab.pl\\\/en\\\/#website\",\"url\":\"https:\\\/\\\/spawlab.pl\\\/en\\\/\",\"name\":\"Spawlab.pl Lider - Spawarki, Przecinarki Plazmowe, Kompresory\",\"description\":\"Urz\u0105dzenia spawalnicze i Przecinarki plazmowe\\\/ nowe i u\u017cywane \\\/ Profesjonalny serwis\",\"publisher\":{\"@id\":\"https:\\\/\\\/spawlab.pl\\\/en\\\/#organization\"},\"alternateName\":\"Spawlab.pl - Dystrybutor Premium i Serwis na Polske Migatronic, Gys, Voestalpine Bohler Welding\",\"potentialAction\":[{\"@type\":\"SearchAction\",\"target\":{\"@type\":\"EntryPoint\",\"urlTemplate\":\"https:\\\/\\\/spawlab.pl\\\/en\\\/?s={search_term_string}\"},\"query-input\":{\"@type\":\"PropertyValueSpecification\",\"valueRequired\":true,\"valueName\":\"search_term_string\"}}],\"inLanguage\":\"en-US\"},{\"@type\":[\"Organization\",\"Place\"],\"@id\":\"https:\\\/\\\/spawlab.pl\\\/en\\\/#organization\",\"name\":\"Spawlab.pl\",\"url\":\"https:\\\/\\\/spawlab.pl\\\/en\\\/\",\"logo\":{\"@id\":\"https:\\\/\\\/spawlab.pl\\\/en\\\/produkt\\\/weldas-10-2755-steersotuffcomfoflex-and-aluminized-pfr\\\/#local-main-organization-logo\"},\"image\":{\"@id\":\"https:\\\/\\\/spawlab.pl\\\/en\\\/produkt\\\/weldas-10-2755-steersotuffcomfoflex-and-aluminized-pfr\\\/#local-main-organization-logo\"},\"sameAs\":[\"https:\\\/\\\/www.facebook.com\\\/Spawlab\\\/\",\"https:\\\/\\\/www.linkedin.com\\\/company\\\/spawlab\",\"https:\\\/\\\/www.instagram.com\\\/spawlab.pl\",\"https:\\\/\\\/www.tiktok.com\\\/@spawlab\"],\"description\":\"Lider sprzeda\u017cy, Oficjalny Dystrybutor Premium i Serwis na Polsk\u0119 Migatronic, Gys, Voestalpine Bohler Welding. Nowe i u\u017cywane Spawarki, Przecinarki Plazmowe, Kompresory. Mgr in\u017c. Jaros\u0142aw Ko\u0142aski, IWE\",\"hasMerchantReturnPolicy\":{\"@type\":\"MerchantReturnPolicy\",\"merchantReturnLink\":\"https:\\\/\\\/spawlab.pl\\\/polityka-prywatnosci-2\\\/\"},\"telephone\":[],\"openingHoursSpecification\":[{\"@type\":\"OpeningHoursSpecification\",\"dayOfWeek\":[\"Monday\",\"Tuesday\",\"Wednesday\",\"Thursday\",\"Friday\",\"Saturday\",\"Sunday\"],\"opens\":\"09:00\",\"closes\":\"17:00\"}]},{\"@type\":\"ImageObject\",\"inLanguage\":\"en-US\",\"@id\":\"https:\\\/\\\/spawlab.pl\\\/en\\\/produkt\\\/weldas-10-2755-steersotuffcomfoflex-and-aluminized-pfr\\\/#local-main-organization-logo\",\"url\":\"https:\\\/\\\/spawlab.pl\\\/wp-content\\\/uploads\\\/2022\\\/01\\\/olx.jpg\",\"contentUrl\":\"https:\\\/\\\/spawlab.pl\\\/wp-content\\\/uploads\\\/2022\\\/01\\\/olx.jpg\",\"width\":200,\"height\":200,\"caption\":\"Spawlab.pl\"}]}<\/script>\n<meta property=\"product:brand\" content=\"Weldas\" \/>\n<meta property=\"og:availability\" content=\"instock\" \/>\n<meta property=\"product:availability\" content=\"instock\" \/>\n<meta property=\"product:condition\" content=\"new\" \/>\n<!-- \/ Yoast SEO Premium plugin. -->","yoast_head_json":{"title":"Weldas 10-2755 STEERSOtuff\u00aeCOMFOflex\u00ae and aluminized PFR - SpawLab - Welding equipment and plasma cutters - store and service","description":"WELDAS 10-2755 STEERSOtuff\u00ae is a premium welding glove made of premium cowhide leather, with COMFOflex\u00ae lining and PFR aluminized coating for superior heat and spark protection. Sewn with KEVLAR\u00ae, oil and water resistant, they meet EN 12477 Type A.","robots":{"index":"index","follow":"follow","max-snippet":"max-snippet:-1","max-image-preview":"max-image-preview:large","max-video-preview":"max-video-preview:-1"},"canonical":"https:\/\/spawlab.pl\/en\/produkt\/weldas-10-2755-steersotuffcomfoflex-and-aluminized-pfr\/","og_locale":"en_US","og_type":"article","og_title":"Weldas 10-2755 STEERSOtuff\u00aeCOMFOflex\u00ae and aluminized PFR","og_description":"? Are you welding? Do you need the ultimate in protection? Opt for the WELDAS 10-2755 STEERSOtuff\u00ae! ?\u2705 Premium cowhide leather and aluminized PFR coating for heat protection!\u2705 Sewn with KEVLAR\u00ae, water and oil resistant - durability for years!\u2705 Comfortable and ergonomic, ideal for prolonged work.?\u200d? Take care of your safety - choose WELDAS 10-2755 STEERSOtuff\u00ae!","og_url":"https:\/\/spawlab.pl\/en\/produkt\/weldas-10-2755-steersotuffcomfoflex-and-aluminized-pfr\/","og_site_name":"SpawLab - Welding equipment and plasma cutters - store and service","article_publisher":"https:\/\/www.facebook.com\/Spawlab\/","og_image":[{"width":820,"height":850,"url":"https:\/\/spawlab.pl\/wp-content\/uploads\/2022\/06\/10-2755-sideview-filled-1-820x850-LR-JPG.jpg","type":"image\/jpeg"}],"twitter_misc":{"Availability":"In stock"},"schema":{"@context":"https:\/\/schema.org","@graph":[{"@type":["WebPage","ItemPage"],"@id":"https:\/\/spawlab.pl\/en\/produkt\/weldas-10-2755-steersotuffcomfoflex-and-aluminized-pfr\/","url":"https:\/\/spawlab.pl\/en\/produkt\/weldas-10-2755-steersotuffcomfoflex-and-aluminized-pfr\/","name":"Weldas 10-2755 STEERSOtuff\u00aeCOMFOflex\u00ae and aluminized PFR - SpawLab - Welding equipment and plasma cutters - store and service","isPartOf":{"@id":"https:\/\/spawlab.pl\/en\/#website"},"primaryImageOfPage":{"@id":"https:\/\/spawlab.pl\/en\/produkt\/weldas-10-2755-steersotuffcomfoflex-and-aluminized-pfr\/#primaryimage"},"image":{"@id":"https:\/\/spawlab.pl\/en\/produkt\/weldas-10-2755-steersotuffcomfoflex-and-aluminized-pfr\/#primaryimage"},"thumbnailUrl":"https:\/\/spawlab.pl\/wp-content\/uploads\/2022\/06\/10-2755-sideview-filled-1-820x850-LR-JPG.jpg","datePublished":"2022-06-13T11:53:40+00:00","description":"WELDAS 10-2755 STEERSOtuff\u00ae is a premium welding glove made of premium cowhide leather, with COMFOflex\u00ae lining and PFR aluminized coating for superior heat and spark protection. Sewn with KEVLAR\u00ae, oil and water resistant, they meet EN 12477 Type A.","breadcrumb":{"@id":"https:\/\/spawlab.pl\/en\/produkt\/weldas-10-2755-steersotuffcomfoflex-and-aluminized-pfr\/#breadcrumb"},"inLanguage":"en-US","potentialAction":[{"@type":"ReadAction","target":["https:\/\/spawlab.pl\/en\/produkt\/weldas-10-2755-steersotuffcomfoflex-and-aluminized-pfr\/"]}]},{"@type":"ImageObject","inLanguage":"en-US","@id":"https:\/\/spawlab.pl\/en\/produkt\/weldas-10-2755-steersotuffcomfoflex-and-aluminized-pfr\/#primaryimage","url":"https:\/\/spawlab.pl\/wp-content\/uploads\/2022\/06\/10-2755-sideview-filled-1-820x850-LR-JPG.jpg","contentUrl":"https:\/\/spawlab.pl\/wp-content\/uploads\/2022\/06\/10-2755-sideview-filled-1-820x850-LR-JPG.jpg","width":820,"height":850},{"@type":"BreadcrumbList","@id":"https:\/\/spawlab.pl\/en\/produkt\/weldas-10-2755-steersotuffcomfoflex-and-aluminized-pfr\/#breadcrumb","itemListElement":[{"@type":"ListItem","position":1,"name":"Strona g\u0142\u00f3wna","item":"https:\/\/spawlab.pl\/en\/"},{"@type":"ListItem","position":2,"name":"Store","item":"https:\/\/spawlab.pl\/en\/shop\/"},{"@type":"ListItem","position":3,"name":"Weldas 10-2755 STEERSOtuff\u00aeCOMFOflex\u00ae and aluminized PFR"}]},{"@type":"WebSite","@id":"https:\/\/spawlab.pl\/en\/#website","url":"https:\/\/spawlab.pl\/en\/","name":"Spawlab.pl Lider - Spawarki, Przecinarki Plazmowe, Kompresory","description":"Urz\u0105dzenia spawalnicze i Przecinarki plazmowe\/ nowe i u\u017cywane \/ Profesjonalny serwis","publisher":{"@id":"https:\/\/spawlab.pl\/en\/#organization"},"alternateName":"Spawlab.pl - Dystrybutor Premium i Serwis na Polske Migatronic, Gys, Voestalpine Bohler Welding","potentialAction":[{"@type":"SearchAction","target":{"@type":"EntryPoint","urlTemplate":"https:\/\/spawlab.pl\/en\/?s={search_term_string}"},"query-input":{"@type":"PropertyValueSpecification","valueRequired":true,"valueName":"search_term_string"}}],"inLanguage":"en-US"},{"@type":["Organization","Place"],"@id":"https:\/\/spawlab.pl\/en\/#organization","name":"Spawlab.pl","url":"https:\/\/spawlab.pl\/en\/","logo":{"@id":"https:\/\/spawlab.pl\/en\/produkt\/weldas-10-2755-steersotuffcomfoflex-and-aluminized-pfr\/#local-main-organization-logo"},"image":{"@id":"https:\/\/spawlab.pl\/en\/produkt\/weldas-10-2755-steersotuffcomfoflex-and-aluminized-pfr\/#local-main-organization-logo"},"sameAs":["https:\/\/www.facebook.com\/Spawlab\/","https:\/\/www.linkedin.com\/company\/spawlab","https:\/\/www.instagram.com\/spawlab.pl","https:\/\/www.tiktok.com\/@spawlab"],"description":"Lider sprzeda\u017cy, Oficjalny Dystrybutor Premium i Serwis na Polsk\u0119 Migatronic, Gys, Voestalpine Bohler Welding. Nowe i u\u017cywane Spawarki, Przecinarki Plazmowe, Kompresory. Mgr in\u017c. Jaros\u0142aw Ko\u0142aski, IWE","hasMerchantReturnPolicy":{"@type":"MerchantReturnPolicy","merchantReturnLink":"https:\/\/spawlab.pl\/polityka-prywatnosci-2\/"},"telephone":[],"openingHoursSpecification":[{"@type":"OpeningHoursSpecification","dayOfWeek":["Monday","Tuesday","Wednesday","Thursday","Friday","Saturday","Sunday"],"opens":"09:00","closes":"17:00"}]},{"@type":"ImageObject","inLanguage":"en-US","@id":"https:\/\/spawlab.pl\/en\/produkt\/weldas-10-2755-steersotuffcomfoflex-and-aluminized-pfr\/#local-main-organization-logo","url":"https:\/\/spawlab.pl\/wp-content\/uploads\/2022\/01\/olx.jpg","contentUrl":"https:\/\/spawlab.pl\/wp-content\/uploads\/2022\/01\/olx.jpg","width":200,"height":200,"caption":"Spawlab.pl"}]},"product_brand":"Weldas","og_availability":"instock","product_availability":"instock","product_condition":"new"},"_links":{"self":[{"href":"https:\/\/spawlab.pl\/en\/wp-json\/wp\/v2\/product\/30675","targetHints":{"allow":["GET"]}}],"collection":[{"href":"https:\/\/spawlab.pl\/en\/wp-json\/wp\/v2\/product"}],"about":[{"href":"https:\/\/spawlab.pl\/en\/wp-json\/wp\/v2\/types\/product"}],"wp:featuredmedia":[{"embeddable":true,"href":"https:\/\/spawlab.pl\/en\/wp-json\/wp\/v2\/media\/15869"}],"wp:attachment":[{"href":"https:\/\/spawlab.pl\/en\/wp-json\/wp\/v2\/media?parent=30675"}],"wp:term":[{"taxonomy":"product_brand","embeddable":true,"href":"https:\/\/spawlab.pl\/en\/wp-json\/wp\/v2\/product_brand?post=30675"},{"taxonomy":"product_cat","embeddable":true,"href":"https:\/\/spawlab.pl\/en\/wp-json\/wp\/v2\/product_cat?post=30675"},{"taxonomy":"product_tag","embeddable":true,"href":"https:\/\/spawlab.pl\/en\/wp-json\/wp\/v2\/product_tag?post=30675"}],"curies":[{"name":"wp","href":"https:\/\/api.w.org\/{rel}","templated":true}]}}