{"id":30680,"date":"2022-06-13T13:36:39","date_gmt":"2022-06-13T11:36:39","guid":{"rendered":"https:\/\/spawlab.pl\/produkt\/weldas-10-2385-comfoflex-lined-welding-glove-with-aluminized-pfr-back\/"},"modified":"2022-06-13T13:36:39","modified_gmt":"2022-06-13T11:36:39","slug":"weldas-10-2385-comfoflex-lined-welding-glove-with-aluminized-pfr-back","status":"publish","type":"product","link":"https:\/\/spawlab.pl\/en\/produkt\/weldas-10-2385-comfoflex-lined-welding-glove-with-aluminized-pfr-back\/","title":{"rendered":"Weldas 10-2385 COMFOflex\u00ae lined welding glove with aluminized PFR back."},"content":{"rendered":"<p class=\"smallh1\">COMFOflex\u00ae lined welding glove with an aluminized PFR back that reflects heat radiation, with deer split leather and cowhide split leather on the side<\/p>\n<table width=\"492\">\n<tbody>\n<tr>\n<td style=\"font-weight: 400;\" width=\"152\">Hand size-index<\/td>\n<td style=\"font-weight: 400;\" width=\"68\">7\u00bd<\/td>\n<td style=\"font-weight: 400;\" width=\"68\">  8\u00bd<\/td>\n<td style=\"font-weight: 400;\" width=\"68\">9<\/td>\n<td style=\"font-weight: 400;\" width=\"68\">9\u00bd<\/td>\n<td style=\"font-weight: 400;\" width=\"68\">10\u00bd<\/td>\n<\/tr>\n<tr>\n<td style=\"font-weight: 400;\">Weldas designation<\/td>\n<td style=\"font-weight: 400;\">S<\/td>\n<td style=\"font-weight: 400;\">  M<\/td>\n<td style=\"font-weight: 400;\">L<\/td>\n<td style=\"font-weight: 400;\">XL<\/td>\n<td style=\"font-weight: 400;\">XXL<\/td>\n<\/tr>\n<tr>\n<td style=\"font-weight: 400;\">Palm circumference in mm<\/td>\n<td style=\"font-weight: 400;\">190<\/td>\n<td style=\"font-weight: 400;\">216<\/td>\n<td style=\"font-weight: 400;\">229<\/td>\n<td style=\"font-weight: 400;\">241<\/td>\n<td style=\"font-weight: 400;\">267<\/td>\n<\/tr>\n<tr>\n<td style=\"font-weight: 400;\">Glove length in mm<\/td>\n<td style=\"font-weight: 400;\">310<\/td>\n<td style=\"font-weight: 400;\">320<\/td>\n<td style=\"font-weight: 400;\">330<\/td>\n<td style=\"font-weight: 400;\">340<\/td>\n<td style=\"font-weight: 400;\">350<\/td>\n<\/tr>\n<\/tbody>\n<\/table>\n<p><a title=\"Presentation - Video\" href=\"https:\/\/youtu.be\/Ha4tjo2U1Cw\">Presentation &#8211; Video<\/a><\/p>\n<p>This glove is intended for use as a welding glove in MIG\/MAG and electrode welding processes. Currently, there is no standardized test method for detecting UV penetration through glove materials, however, current methods of construction of protective gloves for welders usually do not allow UV penetration. In the case of arc welding installations, it is not possible to protect all voltage-carrying parts during welding from direct<br \/>\ncontact during operational work. The service life of the product depends on the level of wear during wear and the intensity of use within the application area. Hence, it is not possible to determine the service life. This glove should not be used in situations where there is a risk of entanglement with moving machine parts.     <\/p>\n<p>Materials used:<br \/>\nThe glove is made of durable and flexible split cowhide(palm), with deerskin lining and COMFOflex\u00ae, with additional aluminized PFR Rayon protection in the back. The glove is sewn with 4 times braided Dupont KEVLAR\u00ae thread to increase durability. The cuff is lined with flame-retardant cotton. All seams are additionally protected with biza   <\/p>\n<p><a title=\"Weldas manual\" href=\"https:\/\/www.weldas-ce.com\/wp-content\/uploads\/sites\/2\/2017\/07\/10-2385-Manual-PL1.pdf\">Weldas manual<\/a><br \/>\n<a title=\"Test results - T\u00dcV Rheinland\" href=\"https:\/\/www.weldas-ce.com\/wp-content\/uploads\/sites\/2\/2017\/08\/10-2385-TR.pdf\">Test results &#8211; T\u00dcV Rheinland<\/a><\/p>\n","protected":false},"excerpt":{"rendered":"<p>COMFOflex\u00ae lined welding glove with an aluminized PFR back that reflects heat radiation, with deer split leather and cowhide split leather on the side Hand size-index 7\u00bd 8\u00bd 9 9\u00bd 10\u00bd Weldas designation S M L XL XXL Palm circumference in mm 190 216 229 241 267 Glove length in mm 310 320 330 340 [&hellip;]<\/p>\n","protected":false},"featured_media":15868,"template":"","meta":{"inline_featured_image":false},"product_brand":[943],"product_cat":[476,475,474,534],"product_tag":[],"class_list":{"0":"post-30680","1":"product","2":"type-product","3":"status-publish","4":"has-post-thumbnail","6":"product_brand-weldas","7":"product_cat-accessories","8":"product_cat-accessories-parts","9":"product_cat-new","10":"product_cat-welding-gloves","12":"first","13":"instock","14":"sale","15":"taxable","16":"shipping-taxable","17":"purchasable","18":"product-type-variable"},"yoast_head":"<!-- This site is optimized with the Yoast SEO Premium plugin v27.0 (Yoast SEO v27.3) - https:\/\/yoast.com\/product\/yoast-seo-premium-wordpress\/ -->\n<title>Weldas 10-2385 COMFOflex\u00ae lined welding glove with aluminized PFR back. - SpawLab - Welding equipment and plasma cutters - store and service<\/title>\n<meta name=\"description\" content=\"Lider sprzeda\u017cy, Oficjalny Dystrybutor Premium i Serwis na Polsk\u0119 Migatronic, Gys, Voestalpine Bohler Welding. Nowe i u\u017cywane Spawarki, Przecinarki Plazmowe, Kompresory. Mgr in\u017c. Jaros\u0142aw Ko\u0142aski, IWE\" \/>\n<meta name=\"robots\" content=\"index, follow, max-snippet:-1, max-image-preview:large, max-video-preview:-1\" \/>\n<link rel=\"canonical\" href=\"https:\/\/spawlab.pl\/en\/produkt\/weldas-10-2385-comfoflex-lined-welding-glove-with-aluminized-pfr-back\/\" \/>\n<meta property=\"og:locale\" content=\"en_US\" \/>\n<meta property=\"og:type\" content=\"article\" \/>\n<meta property=\"og:title\" content=\"Weldas 10-2385 COMFOflex\u00ae lined welding glove with aluminized PFR back.\" \/>\n<meta property=\"og:description\" content=\"Lider sprzeda\u017cy, Oficjalny Dystrybutor Premium i Serwis na Polsk\u0119 Migatronic, Gys, Voestalpine Bohler Welding. Nowe i u\u017cywane Spawarki, Przecinarki Plazmowe, Kompresory. Mgr in\u017c. Jaros\u0142aw Ko\u0142aski, IWE\" \/>\n<meta property=\"og:url\" content=\"https:\/\/spawlab.pl\/en\/produkt\/weldas-10-2385-comfoflex-lined-welding-glove-with-aluminized-pfr-back\/\" \/>\n<meta property=\"og:site_name\" content=\"SpawLab - Welding equipment and plasma cutters - store and service\" \/>\n<meta property=\"article:publisher\" content=\"https:\/\/www.facebook.com\/Spawlab\/\" \/>\n<meta property=\"og:image\" content=\"https:\/\/spawlab.pl\/wp-content\/uploads\/2022\/06\/140617-10-2385-sideview-filled-1-757x850-LR-JPG.jpg\" \/>\n\t<meta property=\"og:image:width\" content=\"757\" \/>\n\t<meta property=\"og:image:height\" content=\"850\" \/>\n\t<meta property=\"og:image:type\" content=\"image\/jpeg\" \/>\n<meta name=\"twitter:label1\" content=\"Availability\" \/>\n\t<meta name=\"twitter:data1\" content=\"In stock\" \/>\n<script type=\"application\/ld+json\" class=\"yoast-schema-graph\">{\"@context\":\"https:\\\/\\\/schema.org\",\"@graph\":[{\"@type\":[\"WebPage\",\"ItemPage\"],\"@id\":\"https:\\\/\\\/spawlab.pl\\\/en\\\/produkt\\\/weldas-10-2385-comfoflex-lined-welding-glove-with-aluminized-pfr-back\\\/\",\"url\":\"https:\\\/\\\/spawlab.pl\\\/en\\\/produkt\\\/weldas-10-2385-comfoflex-lined-welding-glove-with-aluminized-pfr-back\\\/\",\"name\":\"Weldas 10-2385 COMFOflex\u00ae lined welding glove with aluminized PFR back. - SpawLab - Welding equipment and plasma cutters - store and service\",\"isPartOf\":{\"@id\":\"https:\\\/\\\/spawlab.pl\\\/en\\\/#website\"},\"primaryImageOfPage\":{\"@id\":\"https:\\\/\\\/spawlab.pl\\\/en\\\/produkt\\\/weldas-10-2385-comfoflex-lined-welding-glove-with-aluminized-pfr-back\\\/#primaryimage\"},\"image\":{\"@id\":\"https:\\\/\\\/spawlab.pl\\\/en\\\/produkt\\\/weldas-10-2385-comfoflex-lined-welding-glove-with-aluminized-pfr-back\\\/#primaryimage\"},\"thumbnailUrl\":\"https:\\\/\\\/spawlab.pl\\\/wp-content\\\/uploads\\\/2022\\\/06\\\/140617-10-2385-sideview-filled-1-757x850-LR-JPG.jpg\",\"datePublished\":\"2022-06-13T11:36:39+00:00\",\"description\":\"Lider sprzeda\u017cy, Oficjalny Dystrybutor Premium i Serwis na Polsk\u0119 Migatronic, Gys, Voestalpine Bohler Welding. Nowe i u\u017cywane Spawarki, Przecinarki Plazmowe, Kompresory. Mgr in\u017c. Jaros\u0142aw Ko\u0142aski, IWE\",\"breadcrumb\":{\"@id\":\"https:\\\/\\\/spawlab.pl\\\/en\\\/produkt\\\/weldas-10-2385-comfoflex-lined-welding-glove-with-aluminized-pfr-back\\\/#breadcrumb\"},\"inLanguage\":\"en-US\",\"potentialAction\":[{\"@type\":\"ReadAction\",\"target\":[\"https:\\\/\\\/spawlab.pl\\\/en\\\/produkt\\\/weldas-10-2385-comfoflex-lined-welding-glove-with-aluminized-pfr-back\\\/\"]}]},{\"@type\":\"ImageObject\",\"inLanguage\":\"en-US\",\"@id\":\"https:\\\/\\\/spawlab.pl\\\/en\\\/produkt\\\/weldas-10-2385-comfoflex-lined-welding-glove-with-aluminized-pfr-back\\\/#primaryimage\",\"url\":\"https:\\\/\\\/spawlab.pl\\\/wp-content\\\/uploads\\\/2022\\\/06\\\/140617-10-2385-sideview-filled-1-757x850-LR-JPG.jpg\",\"contentUrl\":\"https:\\\/\\\/spawlab.pl\\\/wp-content\\\/uploads\\\/2022\\\/06\\\/140617-10-2385-sideview-filled-1-757x850-LR-JPG.jpg\",\"width\":757,\"height\":850},{\"@type\":\"BreadcrumbList\",\"@id\":\"https:\\\/\\\/spawlab.pl\\\/en\\\/produkt\\\/weldas-10-2385-comfoflex-lined-welding-glove-with-aluminized-pfr-back\\\/#breadcrumb\",\"itemListElement\":[{\"@type\":\"ListItem\",\"position\":1,\"name\":\"Strona g\u0142\u00f3wna\",\"item\":\"https:\\\/\\\/spawlab.pl\\\/en\\\/\"},{\"@type\":\"ListItem\",\"position\":2,\"name\":\"Store\",\"item\":\"https:\\\/\\\/spawlab.pl\\\/en\\\/shop\\\/\"},{\"@type\":\"ListItem\",\"position\":3,\"name\":\"Weldas 10-2385 COMFOflex\u00ae lined welding glove with aluminized PFR back.\"}]},{\"@type\":\"WebSite\",\"@id\":\"https:\\\/\\\/spawlab.pl\\\/en\\\/#website\",\"url\":\"https:\\\/\\\/spawlab.pl\\\/en\\\/\",\"name\":\"Spawlab.pl Lider - Spawarki, Przecinarki Plazmowe, Kompresory\",\"description\":\"Urz\u0105dzenia spawalnicze i Przecinarki plazmowe\\\/ nowe i u\u017cywane \\\/ Profesjonalny serwis\",\"publisher\":{\"@id\":\"https:\\\/\\\/spawlab.pl\\\/en\\\/#organization\"},\"alternateName\":\"Spawlab.pl - Dystrybutor Premium i Serwis na Polske Migatronic, Gys, Voestalpine Bohler Welding\",\"potentialAction\":[{\"@type\":\"SearchAction\",\"target\":{\"@type\":\"EntryPoint\",\"urlTemplate\":\"https:\\\/\\\/spawlab.pl\\\/en\\\/?s={search_term_string}\"},\"query-input\":{\"@type\":\"PropertyValueSpecification\",\"valueRequired\":true,\"valueName\":\"search_term_string\"}}],\"inLanguage\":\"en-US\"},{\"@type\":[\"Organization\",\"Place\"],\"@id\":\"https:\\\/\\\/spawlab.pl\\\/en\\\/#organization\",\"name\":\"Spawlab.pl\",\"url\":\"https:\\\/\\\/spawlab.pl\\\/en\\\/\",\"logo\":{\"@id\":\"https:\\\/\\\/spawlab.pl\\\/en\\\/produkt\\\/weldas-10-2385-comfoflex-lined-welding-glove-with-aluminized-pfr-back\\\/#local-main-organization-logo\"},\"image\":{\"@id\":\"https:\\\/\\\/spawlab.pl\\\/en\\\/produkt\\\/weldas-10-2385-comfoflex-lined-welding-glove-with-aluminized-pfr-back\\\/#local-main-organization-logo\"},\"sameAs\":[\"https:\\\/\\\/www.facebook.com\\\/Spawlab\\\/\",\"https:\\\/\\\/www.linkedin.com\\\/company\\\/spawlab\",\"https:\\\/\\\/www.instagram.com\\\/spawlab.pl\",\"https:\\\/\\\/www.tiktok.com\\\/@spawlab\"],\"description\":\"Lider sprzeda\u017cy, Oficjalny Dystrybutor Premium i Serwis na Polsk\u0119 Migatronic, Gys, Voestalpine Bohler Welding. Nowe i u\u017cywane Spawarki, Przecinarki Plazmowe, Kompresory. Mgr in\u017c. Jaros\u0142aw Ko\u0142aski, IWE\",\"hasMerchantReturnPolicy\":{\"@type\":\"MerchantReturnPolicy\",\"merchantReturnLink\":\"https:\\\/\\\/spawlab.pl\\\/polityka-prywatnosci-2\\\/\"},\"telephone\":[],\"openingHoursSpecification\":[{\"@type\":\"OpeningHoursSpecification\",\"dayOfWeek\":[\"Monday\",\"Tuesday\",\"Wednesday\",\"Thursday\",\"Friday\",\"Saturday\",\"Sunday\"],\"opens\":\"09:00\",\"closes\":\"17:00\"}]},{\"@type\":\"ImageObject\",\"inLanguage\":\"en-US\",\"@id\":\"https:\\\/\\\/spawlab.pl\\\/en\\\/produkt\\\/weldas-10-2385-comfoflex-lined-welding-glove-with-aluminized-pfr-back\\\/#local-main-organization-logo\",\"url\":\"https:\\\/\\\/spawlab.pl\\\/wp-content\\\/uploads\\\/2022\\\/01\\\/olx.jpg\",\"contentUrl\":\"https:\\\/\\\/spawlab.pl\\\/wp-content\\\/uploads\\\/2022\\\/01\\\/olx.jpg\",\"width\":200,\"height\":200,\"caption\":\"Spawlab.pl\"}]}<\/script>\n<meta property=\"product:brand\" content=\"Weldas\" \/>\n<meta property=\"og:availability\" content=\"instock\" \/>\n<meta property=\"product:availability\" content=\"instock\" \/>\n<meta property=\"product:condition\" content=\"new\" \/>\n<!-- \/ Yoast SEO Premium plugin. -->","yoast_head_json":{"title":"Weldas 10-2385 COMFOflex\u00ae lined welding glove with aluminized PFR back. - SpawLab - Welding equipment and plasma cutters - store and service","description":"Lider sprzeda\u017cy, Oficjalny Dystrybutor Premium i Serwis na Polsk\u0119 Migatronic, Gys, Voestalpine Bohler Welding. Nowe i u\u017cywane Spawarki, Przecinarki Plazmowe, Kompresory. Mgr in\u017c. Jaros\u0142aw Ko\u0142aski, IWE","robots":{"index":"index","follow":"follow","max-snippet":"max-snippet:-1","max-image-preview":"max-image-preview:large","max-video-preview":"max-video-preview:-1"},"canonical":"https:\/\/spawlab.pl\/en\/produkt\/weldas-10-2385-comfoflex-lined-welding-glove-with-aluminized-pfr-back\/","og_locale":"en_US","og_type":"article","og_title":"Weldas 10-2385 COMFOflex\u00ae lined welding glove with aluminized PFR back.","og_description":"Lider sprzeda\u017cy, Oficjalny Dystrybutor Premium i Serwis na Polsk\u0119 Migatronic, Gys, Voestalpine Bohler Welding. Nowe i u\u017cywane Spawarki, Przecinarki Plazmowe, Kompresory. Mgr in\u017c. Jaros\u0142aw Ko\u0142aski, IWE","og_url":"https:\/\/spawlab.pl\/en\/produkt\/weldas-10-2385-comfoflex-lined-welding-glove-with-aluminized-pfr-back\/","og_site_name":"SpawLab - Welding equipment and plasma cutters - store and service","article_publisher":"https:\/\/www.facebook.com\/Spawlab\/","og_image":[{"width":757,"height":850,"url":"https:\/\/spawlab.pl\/wp-content\/uploads\/2022\/06\/140617-10-2385-sideview-filled-1-757x850-LR-JPG.jpg","type":"image\/jpeg"}],"twitter_misc":{"Availability":"In stock"},"schema":{"@context":"https:\/\/schema.org","@graph":[{"@type":["WebPage","ItemPage"],"@id":"https:\/\/spawlab.pl\/en\/produkt\/weldas-10-2385-comfoflex-lined-welding-glove-with-aluminized-pfr-back\/","url":"https:\/\/spawlab.pl\/en\/produkt\/weldas-10-2385-comfoflex-lined-welding-glove-with-aluminized-pfr-back\/","name":"Weldas 10-2385 COMFOflex\u00ae lined welding glove with aluminized PFR back. - SpawLab - Welding equipment and plasma cutters - store and service","isPartOf":{"@id":"https:\/\/spawlab.pl\/en\/#website"},"primaryImageOfPage":{"@id":"https:\/\/spawlab.pl\/en\/produkt\/weldas-10-2385-comfoflex-lined-welding-glove-with-aluminized-pfr-back\/#primaryimage"},"image":{"@id":"https:\/\/spawlab.pl\/en\/produkt\/weldas-10-2385-comfoflex-lined-welding-glove-with-aluminized-pfr-back\/#primaryimage"},"thumbnailUrl":"https:\/\/spawlab.pl\/wp-content\/uploads\/2022\/06\/140617-10-2385-sideview-filled-1-757x850-LR-JPG.jpg","datePublished":"2022-06-13T11:36:39+00:00","description":"Lider sprzeda\u017cy, Oficjalny Dystrybutor Premium i Serwis na Polsk\u0119 Migatronic, Gys, Voestalpine Bohler Welding. Nowe i u\u017cywane Spawarki, Przecinarki Plazmowe, Kompresory. Mgr in\u017c. Jaros\u0142aw Ko\u0142aski, IWE","breadcrumb":{"@id":"https:\/\/spawlab.pl\/en\/produkt\/weldas-10-2385-comfoflex-lined-welding-glove-with-aluminized-pfr-back\/#breadcrumb"},"inLanguage":"en-US","potentialAction":[{"@type":"ReadAction","target":["https:\/\/spawlab.pl\/en\/produkt\/weldas-10-2385-comfoflex-lined-welding-glove-with-aluminized-pfr-back\/"]}]},{"@type":"ImageObject","inLanguage":"en-US","@id":"https:\/\/spawlab.pl\/en\/produkt\/weldas-10-2385-comfoflex-lined-welding-glove-with-aluminized-pfr-back\/#primaryimage","url":"https:\/\/spawlab.pl\/wp-content\/uploads\/2022\/06\/140617-10-2385-sideview-filled-1-757x850-LR-JPG.jpg","contentUrl":"https:\/\/spawlab.pl\/wp-content\/uploads\/2022\/06\/140617-10-2385-sideview-filled-1-757x850-LR-JPG.jpg","width":757,"height":850},{"@type":"BreadcrumbList","@id":"https:\/\/spawlab.pl\/en\/produkt\/weldas-10-2385-comfoflex-lined-welding-glove-with-aluminized-pfr-back\/#breadcrumb","itemListElement":[{"@type":"ListItem","position":1,"name":"Strona g\u0142\u00f3wna","item":"https:\/\/spawlab.pl\/en\/"},{"@type":"ListItem","position":2,"name":"Store","item":"https:\/\/spawlab.pl\/en\/shop\/"},{"@type":"ListItem","position":3,"name":"Weldas 10-2385 COMFOflex\u00ae lined welding glove with aluminized PFR back."}]},{"@type":"WebSite","@id":"https:\/\/spawlab.pl\/en\/#website","url":"https:\/\/spawlab.pl\/en\/","name":"Spawlab.pl Lider - Spawarki, Przecinarki Plazmowe, Kompresory","description":"Urz\u0105dzenia spawalnicze i Przecinarki plazmowe\/ nowe i u\u017cywane \/ Profesjonalny serwis","publisher":{"@id":"https:\/\/spawlab.pl\/en\/#organization"},"alternateName":"Spawlab.pl - Dystrybutor Premium i Serwis na Polske Migatronic, Gys, Voestalpine Bohler Welding","potentialAction":[{"@type":"SearchAction","target":{"@type":"EntryPoint","urlTemplate":"https:\/\/spawlab.pl\/en\/?s={search_term_string}"},"query-input":{"@type":"PropertyValueSpecification","valueRequired":true,"valueName":"search_term_string"}}],"inLanguage":"en-US"},{"@type":["Organization","Place"],"@id":"https:\/\/spawlab.pl\/en\/#organization","name":"Spawlab.pl","url":"https:\/\/spawlab.pl\/en\/","logo":{"@id":"https:\/\/spawlab.pl\/en\/produkt\/weldas-10-2385-comfoflex-lined-welding-glove-with-aluminized-pfr-back\/#local-main-organization-logo"},"image":{"@id":"https:\/\/spawlab.pl\/en\/produkt\/weldas-10-2385-comfoflex-lined-welding-glove-with-aluminized-pfr-back\/#local-main-organization-logo"},"sameAs":["https:\/\/www.facebook.com\/Spawlab\/","https:\/\/www.linkedin.com\/company\/spawlab","https:\/\/www.instagram.com\/spawlab.pl","https:\/\/www.tiktok.com\/@spawlab"],"description":"Lider sprzeda\u017cy, Oficjalny Dystrybutor Premium i Serwis na Polsk\u0119 Migatronic, Gys, Voestalpine Bohler Welding. Nowe i u\u017cywane Spawarki, Przecinarki Plazmowe, Kompresory. Mgr in\u017c. Jaros\u0142aw Ko\u0142aski, IWE","hasMerchantReturnPolicy":{"@type":"MerchantReturnPolicy","merchantReturnLink":"https:\/\/spawlab.pl\/polityka-prywatnosci-2\/"},"telephone":[],"openingHoursSpecification":[{"@type":"OpeningHoursSpecification","dayOfWeek":["Monday","Tuesday","Wednesday","Thursday","Friday","Saturday","Sunday"],"opens":"09:00","closes":"17:00"}]},{"@type":"ImageObject","inLanguage":"en-US","@id":"https:\/\/spawlab.pl\/en\/produkt\/weldas-10-2385-comfoflex-lined-welding-glove-with-aluminized-pfr-back\/#local-main-organization-logo","url":"https:\/\/spawlab.pl\/wp-content\/uploads\/2022\/01\/olx.jpg","contentUrl":"https:\/\/spawlab.pl\/wp-content\/uploads\/2022\/01\/olx.jpg","width":200,"height":200,"caption":"Spawlab.pl"}]},"product_brand":"Weldas","og_availability":"instock","product_availability":"instock","product_condition":"new"},"_links":{"self":[{"href":"https:\/\/spawlab.pl\/en\/wp-json\/wp\/v2\/product\/30680","targetHints":{"allow":["GET"]}}],"collection":[{"href":"https:\/\/spawlab.pl\/en\/wp-json\/wp\/v2\/product"}],"about":[{"href":"https:\/\/spawlab.pl\/en\/wp-json\/wp\/v2\/types\/product"}],"wp:featuredmedia":[{"embeddable":true,"href":"https:\/\/spawlab.pl\/en\/wp-json\/wp\/v2\/media\/15868"}],"wp:attachment":[{"href":"https:\/\/spawlab.pl\/en\/wp-json\/wp\/v2\/media?parent=30680"}],"wp:term":[{"taxonomy":"product_brand","embeddable":true,"href":"https:\/\/spawlab.pl\/en\/wp-json\/wp\/v2\/product_brand?post=30680"},{"taxonomy":"product_cat","embeddable":true,"href":"https:\/\/spawlab.pl\/en\/wp-json\/wp\/v2\/product_cat?post=30680"},{"taxonomy":"product_tag","embeddable":true,"href":"https:\/\/spawlab.pl\/en\/wp-json\/wp\/v2\/product_tag?post=30680"}],"curies":[{"name":"wp","href":"https:\/\/api.w.org\/{rel}","templated":true}]}}