{"id":30681,"date":"2022-10-05T09:08:48","date_gmt":"2022-10-05T07:08:48","guid":{"rendered":"https:\/\/spawlab.pl\/produkt\/schweisskraft-varioprotect-grind\/"},"modified":"2022-10-05T09:08:48","modified_gmt":"2022-10-05T07:08:48","slug":"schweisskraft-varioprotect-grind","status":"publish","type":"product","link":"https:\/\/spawlab.pl\/en\/produkt\/schweisskraft-varioprotect-grind\/","title":{"rendered":"Schweisskraft VarioProtect GRIND"},"content":{"rendered":"<div class=\"dane2\">\n<ul>\n<li>Ideal for sanding, metal and wood working<\/li>\n<li>Unlimited and clear view<\/li>\n<li>Maximum wearing comfort thanks to optimal fit and easily adjustable headband<\/li>\n<li>Light weight<\/li>\n<\/ul>\n<div class=\"row\">\n<div class=\"product-info-section-attribute-type-table\">\n<div class=\"product-info-section-content-header\" data-i18n-key=\"Article|attribute.group.e1cb1bcd-e1bb-4bf1-895b-e4959e75e430.bdc0a764-065a-4b5a-9bdc-a563008bf6f9\" data-i18n-translated=\"true\">\n<div class=\"row\">\n<div class=\"product-info-section-attribute-type-table\">\n<div class=\"product-info-section-content-header\" data-i18n-key=\"Article|attribute.group.e1cb1bcd-e1bb-4bf1-895b-e4959e75e430.bdc0a764-065a-4b5a-9bdc-a563008bf6f9\" data-i18n-translated=\"true\">Dimensions and weights<\/div>\n<div class=\"product-info-section-attribute-type-table-row\">\n<div class=\"product-info-section-attribute-type-table-sub-row\">\n<div class=\"product-info-section-attribute-type-table-cell\" data-i18n-key=\"Article|attribute.group.e1cb1bcd-e1bb-4bf1-895b-e4959e75e430.bdc0a764-065a-4b5a-9bdc-a563008bf6f9.attribute.name.c1e34661-3042-4857-9b6e-a52a00d92402\" data-i18n-translated=\"true\">Length (product) approx<span data-i18n-key=\"Article|attribute.group.e1cb1bcd-e1bb-4bf1-895b-e4959e75e430.bdc0a764-065a-4b5a-9bdc-a563008bf6f9.attribute.value.c1e34661-3042-4857-9b6e-a52a00d92402\" data-i18n-translated=\"true\">.<\/span><span data-i18n-key=\"Article|attribute.group.e1cb1bcd-e1bb-4bf1-895b-e4959e75e430.bdc0a764-065a-4b5a-9bdc-a563008bf6f9.attribute.unit.c1e34661-3042-4857-9b6e-a52a00d92402\" data-i18n-translated=\"true\">350mm<\/span><\/div>\n<\/div>\n<div class=\"product-info-section-attribute-type-table-sub-row\">\n<div class=\"product-info-section-attribute-type-table-cell\" data-i18n-key=\"Article|attribute.group.e1cb1bcd-e1bb-4bf1-895b-e4959e75e430.bdc0a764-065a-4b5a-9bdc-a563008bf6f9.attribute.name.c82c812d-5261-4e79-a67b-a52a00d9240c\" data-i18n-translated=\"true\">Width\/depth (product) approx<span data-i18n-key=\"Article|attribute.group.e1cb1bcd-e1bb-4bf1-895b-e4959e75e430.bdc0a764-065a-4b5a-9bdc-a563008bf6f9.attribute.value.c82c812d-5261-4e79-a67b-a52a00d9240c\" data-i18n-translated=\"true\">.<\/span><span data-i18n-key=\"Article|attribute.group.e1cb1bcd-e1bb-4bf1-895b-e4959e75e430.bdc0a764-065a-4b5a-9bdc-a563008bf6f9.attribute.unit.c82c812d-5261-4e79-a67b-a52a00d9240c\" data-i18n-translated=\"true\">250mm<\/span><\/div>\n<\/div>\n<\/div>\n<div class=\"product-info-section-attribute-type-table-row\">\n<div class=\"product-info-section-attribute-type-table-sub-row\">\n<div class=\"product-info-section-attribute-type-table-cell\" data-i18n-key=\"Article|attribute.group.e1cb1bcd-e1bb-4bf1-895b-e4959e75e430.bdc0a764-065a-4b5a-9bdc-a563008bf6f9.attribute.name.34741680-b27f-4ae0-b2e4-a52a00d92416\" data-i18n-translated=\"true\">Height (product) approx<span data-i18n-key=\"Article|attribute.group.e1cb1bcd-e1bb-4bf1-895b-e4959e75e430.bdc0a764-065a-4b5a-9bdc-a563008bf6f9.attribute.value.34741680-b27f-4ae0-b2e4-a52a00d92416\" data-i18n-translated=\"true\">.<\/span><span data-i18n-key=\"Article|attribute.group.e1cb1bcd-e1bb-4bf1-895b-e4959e75e430.bdc0a764-065a-4b5a-9bdc-a563008bf6f9.attribute.unit.34741680-b27f-4ae0-b2e4-a52a00d92416\" data-i18n-translated=\"true\">190mm<\/span><\/div>\n<\/div>\n<div class=\"product-info-section-attribute-type-table-sub-row\">\n<div class=\"product-info-section-attribute-type-table-cell\" data-i18n-key=\"Article|attribute.group.e1cb1bcd-e1bb-4bf1-895b-e4959e75e430.bdc0a764-065a-4b5a-9bdc-a563008bf6f9.attribute.name.b4d3fc7d-ca54-4ef3-acab-a52a00dbf77c\" data-i18n-translated=\"true\">Weight (net) approx<span data-i18n-key=\"Article|attribute.group.e1cb1bcd-e1bb-4bf1-895b-e4959e75e430.bdc0a764-065a-4b5a-9bdc-a563008bf6f9.attribute.value.b4d3fc7d-ca54-4ef3-acab-a52a00dbf77c\" data-i18n-translated=\"true\">.<\/span><span data-i18n-key=\"Article|attribute.group.e1cb1bcd-e1bb-4bf1-895b-e4959e75e430.bdc0a764-065a-4b5a-9bdc-a563008bf6f9.attribute.unit.b4d3fc7d-ca54-4ef3-acab-a52a00dbf77c\" data-i18n-translated=\"true\">385g<\/span><\/div>\n<\/div>\n<\/div>\n<\/div>\n<\/div>\n<div class=\"row\">\n<div class=\"product-info-section-attribute-type-table\">\n<div class=\"product-info-section-content-header\" data-i18n-key=\"Article|attribute.group.e1cb1bcd-e1bb-4bf1-895b-e4959e75e430.5f4b5741-c492-4171-92c1-a98900c670a1\" data-i18n-translated=\"true\">Welding mask Material Nylon<\/div>\n<\/div>\n<\/div>\n<\/div>\n<\/div>\n<\/div>\n<\/div>\n","protected":false},"excerpt":{"rendered":"<p>Ideal for sanding, metal and wood working Unlimited and clear view Maximum wearing comfort thanks to optimal fit and easily adjustable headband Light weight Dimensions and weights Length (product) approx.350mm Width\/depth (product) approx.250mm Height (product) approx.190mm Weight (net) approx.385g Welding mask Material Nylon<\/p>\n","protected":false},"featured_media":16040,"template":"","meta":{"inline_featured_image":false},"product_brand":[],"product_cat":[476,475,477],"product_tag":[],"class_list":{"0":"post-30681","1":"product","2":"type-product","3":"status-publish","4":"has-post-thumbnail","6":"product_cat-accessories","7":"product_cat-accessories-parts","8":"product_cat-welding-visors","10":"first","11":"instock","12":"taxable","13":"shipping-taxable","14":"purchasable","15":"product-type-simple"},"yoast_head":"<!-- This site is optimized with the Yoast SEO Premium plugin v27.0 (Yoast SEO v27.3) - https:\/\/yoast.com\/product\/yoast-seo-premium-wordpress\/ -->\n<title>Schweisskraft VarioProtect GRIND - SpawLab - Welding equipment and plasma cutters - store and service<\/title>\n<meta name=\"description\" content=\"Lider sprzeda\u017cy, Oficjalny Dystrybutor Premium i Serwis na Polsk\u0119 Migatronic, Gys, Voestalpine Bohler Welding. Nowe i u\u017cywane Spawarki, Przecinarki Plazmowe, Kompresory. Mgr in\u017c. Jaros\u0142aw Ko\u0142aski, IWE\" \/>\n<meta name=\"robots\" content=\"index, follow, max-snippet:-1, max-image-preview:large, max-video-preview:-1\" \/>\n<link rel=\"canonical\" href=\"https:\/\/spawlab.pl\/en\/produkt\/schweisskraft-varioprotect-grind\/\" \/>\n<meta property=\"og:locale\" content=\"en_US\" \/>\n<meta property=\"og:type\" content=\"article\" \/>\n<meta property=\"og:title\" content=\"Schweisskraft VarioProtect GRIND\" \/>\n<meta property=\"og:description\" content=\"Lider sprzeda\u017cy, Oficjalny Dystrybutor Premium i Serwis na Polsk\u0119 Migatronic, Gys, Voestalpine Bohler Welding. Nowe i u\u017cywane Spawarki, Przecinarki Plazmowe, Kompresory. Mgr in\u017c. Jaros\u0142aw Ko\u0142aski, IWE\" \/>\n<meta property=\"og:url\" content=\"https:\/\/spawlab.pl\/en\/produkt\/schweisskraft-varioprotect-grind\/\" \/>\n<meta property=\"og:site_name\" content=\"SpawLab - Welding equipment and plasma cutters - store and service\" \/>\n<meta property=\"article:publisher\" content=\"https:\/\/www.facebook.com\/Spawlab\/\" \/>\n<meta property=\"og:image\" content=\"https:\/\/spawlab.pl\/wp-content\/uploads\/2025\/06\/LOGO-SPOLECZN-scaled.png\" \/>\n\t<meta property=\"og:image:width\" content=\"2560\" \/>\n\t<meta property=\"og:image:height\" content=\"1440\" \/>\n\t<meta property=\"og:image:type\" content=\"image\/png\" \/>\n<meta name=\"twitter:label1\" content=\"Price\" \/>\n\t<meta name=\"twitter:data1\" content=\"174,00&nbsp;&#122;&#322; (141,46&nbsp;&#122;&#322; netto)\" \/>\n\t<meta name=\"twitter:label2\" content=\"Availability\" \/>\n\t<meta name=\"twitter:data2\" content=\"In stock\" \/>\n<script type=\"application\/ld+json\" class=\"yoast-schema-graph\">{\"@context\":\"https:\\\/\\\/schema.org\",\"@graph\":[{\"@type\":[\"WebPage\",\"ItemPage\"],\"@id\":\"https:\\\/\\\/spawlab.pl\\\/en\\\/produkt\\\/schweisskraft-varioprotect-grind\\\/\",\"url\":\"https:\\\/\\\/spawlab.pl\\\/en\\\/produkt\\\/schweisskraft-varioprotect-grind\\\/\",\"name\":\"Schweisskraft VarioProtect GRIND - SpawLab - Welding equipment and plasma cutters - store and service\",\"isPartOf\":{\"@id\":\"https:\\\/\\\/spawlab.pl\\\/en\\\/#website\"},\"primaryImageOfPage\":{\"@id\":\"https:\\\/\\\/spawlab.pl\\\/en\\\/produkt\\\/schweisskraft-varioprotect-grind\\\/#primaryimage\"},\"image\":{\"@id\":\"https:\\\/\\\/spawlab.pl\\\/en\\\/produkt\\\/schweisskraft-varioprotect-grind\\\/#primaryimage\"},\"thumbnailUrl\":\"https:\\\/\\\/spawlab.pl\\\/wp-content\\\/uploads\\\/2022\\\/10\\\/1654200_H.jpg\",\"datePublished\":\"2022-10-05T07:08:48+00:00\",\"description\":\"Lider sprzeda\u017cy, Oficjalny Dystrybutor Premium i Serwis na Polsk\u0119 Migatronic, Gys, Voestalpine Bohler Welding. Nowe i u\u017cywane Spawarki, Przecinarki Plazmowe, Kompresory. Mgr in\u017c. Jaros\u0142aw Ko\u0142aski, IWE\",\"breadcrumb\":{\"@id\":\"https:\\\/\\\/spawlab.pl\\\/en\\\/produkt\\\/schweisskraft-varioprotect-grind\\\/#breadcrumb\"},\"inLanguage\":\"en-US\",\"potentialAction\":[{\"@type\":\"ReadAction\",\"target\":[\"https:\\\/\\\/spawlab.pl\\\/en\\\/produkt\\\/schweisskraft-varioprotect-grind\\\/\"]}]},{\"@type\":\"ImageObject\",\"inLanguage\":\"en-US\",\"@id\":\"https:\\\/\\\/spawlab.pl\\\/en\\\/produkt\\\/schweisskraft-varioprotect-grind\\\/#primaryimage\",\"url\":\"https:\\\/\\\/spawlab.pl\\\/wp-content\\\/uploads\\\/2022\\\/10\\\/1654200_H.jpg\",\"contentUrl\":\"https:\\\/\\\/spawlab.pl\\\/wp-content\\\/uploads\\\/2022\\\/10\\\/1654200_H.jpg\",\"width\":1465,\"height\":1778},{\"@type\":\"BreadcrumbList\",\"@id\":\"https:\\\/\\\/spawlab.pl\\\/en\\\/produkt\\\/schweisskraft-varioprotect-grind\\\/#breadcrumb\",\"itemListElement\":[{\"@type\":\"ListItem\",\"position\":1,\"name\":\"Strona g\u0142\u00f3wna\",\"item\":\"https:\\\/\\\/spawlab.pl\\\/en\\\/\"},{\"@type\":\"ListItem\",\"position\":2,\"name\":\"Store\",\"item\":\"https:\\\/\\\/spawlab.pl\\\/en\\\/shop\\\/\"},{\"@type\":\"ListItem\",\"position\":3,\"name\":\"Schweisskraft VarioProtect GRIND\"}]},{\"@type\":\"WebSite\",\"@id\":\"https:\\\/\\\/spawlab.pl\\\/en\\\/#website\",\"url\":\"https:\\\/\\\/spawlab.pl\\\/en\\\/\",\"name\":\"Spawlab.pl Lider - Spawarki, Przecinarki Plazmowe, Kompresory\",\"description\":\"Urz\u0105dzenia spawalnicze i Przecinarki plazmowe\\\/ nowe i u\u017cywane \\\/ Profesjonalny serwis\",\"publisher\":{\"@id\":\"https:\\\/\\\/spawlab.pl\\\/en\\\/#organization\"},\"alternateName\":\"Spawlab.pl - Dystrybutor Premium i Serwis na Polske Migatronic, Gys, Voestalpine Bohler Welding\",\"potentialAction\":[{\"@type\":\"SearchAction\",\"target\":{\"@type\":\"EntryPoint\",\"urlTemplate\":\"https:\\\/\\\/spawlab.pl\\\/en\\\/?s={search_term_string}\"},\"query-input\":{\"@type\":\"PropertyValueSpecification\",\"valueRequired\":true,\"valueName\":\"search_term_string\"}}],\"inLanguage\":\"en-US\"},{\"@type\":[\"Organization\",\"Place\"],\"@id\":\"https:\\\/\\\/spawlab.pl\\\/en\\\/#organization\",\"name\":\"Spawlab.pl\",\"url\":\"https:\\\/\\\/spawlab.pl\\\/en\\\/\",\"logo\":{\"@id\":\"https:\\\/\\\/spawlab.pl\\\/en\\\/produkt\\\/schweisskraft-varioprotect-grind\\\/#local-main-organization-logo\"},\"image\":{\"@id\":\"https:\\\/\\\/spawlab.pl\\\/en\\\/produkt\\\/schweisskraft-varioprotect-grind\\\/#local-main-organization-logo\"},\"sameAs\":[\"https:\\\/\\\/www.facebook.com\\\/Spawlab\\\/\",\"https:\\\/\\\/www.linkedin.com\\\/company\\\/spawlab\",\"https:\\\/\\\/www.instagram.com\\\/spawlab.pl\",\"https:\\\/\\\/www.tiktok.com\\\/@spawlab\"],\"description\":\"Lider sprzeda\u017cy, Oficjalny Dystrybutor Premium i Serwis na Polsk\u0119 Migatronic, Gys, Voestalpine Bohler Welding. Nowe i u\u017cywane Spawarki, Przecinarki Plazmowe, Kompresory. Mgr in\u017c. Jaros\u0142aw Ko\u0142aski, IWE\",\"hasMerchantReturnPolicy\":{\"@type\":\"MerchantReturnPolicy\",\"merchantReturnLink\":\"https:\\\/\\\/spawlab.pl\\\/polityka-prywatnosci-2\\\/\"},\"telephone\":[],\"openingHoursSpecification\":[{\"@type\":\"OpeningHoursSpecification\",\"dayOfWeek\":[\"Monday\",\"Tuesday\",\"Wednesday\",\"Thursday\",\"Friday\",\"Saturday\",\"Sunday\"],\"opens\":\"09:00\",\"closes\":\"17:00\"}]},{\"@type\":\"ImageObject\",\"inLanguage\":\"en-US\",\"@id\":\"https:\\\/\\\/spawlab.pl\\\/en\\\/produkt\\\/schweisskraft-varioprotect-grind\\\/#local-main-organization-logo\",\"url\":\"https:\\\/\\\/spawlab.pl\\\/wp-content\\\/uploads\\\/2022\\\/01\\\/olx.jpg\",\"contentUrl\":\"https:\\\/\\\/spawlab.pl\\\/wp-content\\\/uploads\\\/2022\\\/01\\\/olx.jpg\",\"width\":200,\"height\":200,\"caption\":\"Spawlab.pl\"}]}<\/script>\n<meta property=\"product:price:amount\" content=\"174.00\" \/>\n<meta property=\"product:price:currency\" content=\"PLN\" \/>\n<meta property=\"og:availability\" content=\"instock\" \/>\n<meta property=\"product:availability\" content=\"instock\" \/>\n<meta property=\"product:condition\" content=\"new\" \/>\n<!-- \/ Yoast SEO Premium plugin. -->","yoast_head_json":{"title":"Schweisskraft VarioProtect GRIND - SpawLab - Welding equipment and plasma cutters - store and service","description":"Lider sprzeda\u017cy, Oficjalny Dystrybutor Premium i Serwis na Polsk\u0119 Migatronic, Gys, Voestalpine Bohler Welding. Nowe i u\u017cywane Spawarki, Przecinarki Plazmowe, Kompresory. Mgr in\u017c. Jaros\u0142aw Ko\u0142aski, IWE","robots":{"index":"index","follow":"follow","max-snippet":"max-snippet:-1","max-image-preview":"max-image-preview:large","max-video-preview":"max-video-preview:-1"},"canonical":"https:\/\/spawlab.pl\/en\/produkt\/schweisskraft-varioprotect-grind\/","og_locale":"en_US","og_type":"article","og_title":"Schweisskraft VarioProtect GRIND","og_description":"Lider sprzeda\u017cy, Oficjalny Dystrybutor Premium i Serwis na Polsk\u0119 Migatronic, Gys, Voestalpine Bohler Welding. Nowe i u\u017cywane Spawarki, Przecinarki Plazmowe, Kompresory. Mgr in\u017c. Jaros\u0142aw Ko\u0142aski, IWE","og_url":"https:\/\/spawlab.pl\/en\/produkt\/schweisskraft-varioprotect-grind\/","og_site_name":"SpawLab - Welding equipment and plasma cutters - store and service","article_publisher":"https:\/\/www.facebook.com\/Spawlab\/","og_image":[{"width":2560,"height":1440,"url":"https:\/\/spawlab.pl\/wp-content\/uploads\/2025\/06\/LOGO-SPOLECZN-scaled.png","type":"image\/png"}],"twitter_misc":{"Price":"174,00&nbsp;&#122;&#322; (141,46&nbsp;&#122;&#322; netto)","Availability":"In stock"},"schema":{"@context":"https:\/\/schema.org","@graph":[{"@type":["WebPage","ItemPage"],"@id":"https:\/\/spawlab.pl\/en\/produkt\/schweisskraft-varioprotect-grind\/","url":"https:\/\/spawlab.pl\/en\/produkt\/schweisskraft-varioprotect-grind\/","name":"Schweisskraft VarioProtect GRIND - SpawLab - Welding equipment and plasma cutters - store and service","isPartOf":{"@id":"https:\/\/spawlab.pl\/en\/#website"},"primaryImageOfPage":{"@id":"https:\/\/spawlab.pl\/en\/produkt\/schweisskraft-varioprotect-grind\/#primaryimage"},"image":{"@id":"https:\/\/spawlab.pl\/en\/produkt\/schweisskraft-varioprotect-grind\/#primaryimage"},"thumbnailUrl":"https:\/\/spawlab.pl\/wp-content\/uploads\/2022\/10\/1654200_H.jpg","datePublished":"2022-10-05T07:08:48+00:00","description":"Lider sprzeda\u017cy, Oficjalny Dystrybutor Premium i Serwis na Polsk\u0119 Migatronic, Gys, Voestalpine Bohler Welding. Nowe i u\u017cywane Spawarki, Przecinarki Plazmowe, Kompresory. Mgr in\u017c. Jaros\u0142aw Ko\u0142aski, IWE","breadcrumb":{"@id":"https:\/\/spawlab.pl\/en\/produkt\/schweisskraft-varioprotect-grind\/#breadcrumb"},"inLanguage":"en-US","potentialAction":[{"@type":"ReadAction","target":["https:\/\/spawlab.pl\/en\/produkt\/schweisskraft-varioprotect-grind\/"]}]},{"@type":"ImageObject","inLanguage":"en-US","@id":"https:\/\/spawlab.pl\/en\/produkt\/schweisskraft-varioprotect-grind\/#primaryimage","url":"https:\/\/spawlab.pl\/wp-content\/uploads\/2022\/10\/1654200_H.jpg","contentUrl":"https:\/\/spawlab.pl\/wp-content\/uploads\/2022\/10\/1654200_H.jpg","width":1465,"height":1778},{"@type":"BreadcrumbList","@id":"https:\/\/spawlab.pl\/en\/produkt\/schweisskraft-varioprotect-grind\/#breadcrumb","itemListElement":[{"@type":"ListItem","position":1,"name":"Strona g\u0142\u00f3wna","item":"https:\/\/spawlab.pl\/en\/"},{"@type":"ListItem","position":2,"name":"Store","item":"https:\/\/spawlab.pl\/en\/shop\/"},{"@type":"ListItem","position":3,"name":"Schweisskraft VarioProtect GRIND"}]},{"@type":"WebSite","@id":"https:\/\/spawlab.pl\/en\/#website","url":"https:\/\/spawlab.pl\/en\/","name":"Spawlab.pl Lider - Spawarki, Przecinarki Plazmowe, Kompresory","description":"Urz\u0105dzenia spawalnicze i Przecinarki plazmowe\/ nowe i u\u017cywane \/ Profesjonalny serwis","publisher":{"@id":"https:\/\/spawlab.pl\/en\/#organization"},"alternateName":"Spawlab.pl - Dystrybutor Premium i Serwis na Polske Migatronic, Gys, Voestalpine Bohler Welding","potentialAction":[{"@type":"SearchAction","target":{"@type":"EntryPoint","urlTemplate":"https:\/\/spawlab.pl\/en\/?s={search_term_string}"},"query-input":{"@type":"PropertyValueSpecification","valueRequired":true,"valueName":"search_term_string"}}],"inLanguage":"en-US"},{"@type":["Organization","Place"],"@id":"https:\/\/spawlab.pl\/en\/#organization","name":"Spawlab.pl","url":"https:\/\/spawlab.pl\/en\/","logo":{"@id":"https:\/\/spawlab.pl\/en\/produkt\/schweisskraft-varioprotect-grind\/#local-main-organization-logo"},"image":{"@id":"https:\/\/spawlab.pl\/en\/produkt\/schweisskraft-varioprotect-grind\/#local-main-organization-logo"},"sameAs":["https:\/\/www.facebook.com\/Spawlab\/","https:\/\/www.linkedin.com\/company\/spawlab","https:\/\/www.instagram.com\/spawlab.pl","https:\/\/www.tiktok.com\/@spawlab"],"description":"Lider sprzeda\u017cy, Oficjalny Dystrybutor Premium i Serwis na Polsk\u0119 Migatronic, Gys, Voestalpine Bohler Welding. Nowe i u\u017cywane Spawarki, Przecinarki Plazmowe, Kompresory. Mgr in\u017c. Jaros\u0142aw Ko\u0142aski, IWE","hasMerchantReturnPolicy":{"@type":"MerchantReturnPolicy","merchantReturnLink":"https:\/\/spawlab.pl\/polityka-prywatnosci-2\/"},"telephone":[],"openingHoursSpecification":[{"@type":"OpeningHoursSpecification","dayOfWeek":["Monday","Tuesday","Wednesday","Thursday","Friday","Saturday","Sunday"],"opens":"09:00","closes":"17:00"}]},{"@type":"ImageObject","inLanguage":"en-US","@id":"https:\/\/spawlab.pl\/en\/produkt\/schweisskraft-varioprotect-grind\/#local-main-organization-logo","url":"https:\/\/spawlab.pl\/wp-content\/uploads\/2022\/01\/olx.jpg","contentUrl":"https:\/\/spawlab.pl\/wp-content\/uploads\/2022\/01\/olx.jpg","width":200,"height":200,"caption":"Spawlab.pl"}]},"product_price_amount":"174.00","product_price_currency":"PLN","og_availability":"instock","product_availability":"instock","product_condition":"new"},"_links":{"self":[{"href":"https:\/\/spawlab.pl\/en\/wp-json\/wp\/v2\/product\/30681","targetHints":{"allow":["GET"]}}],"collection":[{"href":"https:\/\/spawlab.pl\/en\/wp-json\/wp\/v2\/product"}],"about":[{"href":"https:\/\/spawlab.pl\/en\/wp-json\/wp\/v2\/types\/product"}],"wp:featuredmedia":[{"embeddable":true,"href":"https:\/\/spawlab.pl\/en\/wp-json\/wp\/v2\/media\/16040"}],"wp:attachment":[{"href":"https:\/\/spawlab.pl\/en\/wp-json\/wp\/v2\/media?parent=30681"}],"wp:term":[{"taxonomy":"product_brand","embeddable":true,"href":"https:\/\/spawlab.pl\/en\/wp-json\/wp\/v2\/product_brand?post=30681"},{"taxonomy":"product_cat","embeddable":true,"href":"https:\/\/spawlab.pl\/en\/wp-json\/wp\/v2\/product_cat?post=30681"},{"taxonomy":"product_tag","embeddable":true,"href":"https:\/\/spawlab.pl\/en\/wp-json\/wp\/v2\/product_tag?post=30681"}],"curies":[{"name":"wp","href":"https:\/\/api.w.org\/{rel}","templated":true}]}}