{"id":30686,"date":"2022-06-13T13:07:14","date_gmt":"2022-06-13T11:07:14","guid":{"rendered":"https:\/\/spawlab.pl\/produkt\/weldas-working-10-2064\/"},"modified":"2022-06-13T13:07:14","modified_gmt":"2022-06-13T11:07:14","slug":"weldas-working-10-2064","status":"publish","type":"product","link":"https:\/\/spawlab.pl\/en\/produkt\/weldas-working-10-2064\/","title":{"rendered":"Weldas working 10-2064"},"content":{"rendered":"<p class=\"smallh1\">General use glove, model for drivers, made of durable cowhide split leather<\/p>\n<table width=\"492\">\n<tbody>\n<tr>\n<td style=\"font-weight: 400;\" width=\"152\">Hand size-index<\/td>\n<td style=\"font-weight: 400;\" width=\"68\">7\u00bd<\/td>\n<td style=\"font-weight: 400;\" width=\"68\">  8\u00bd<\/td>\n<td style=\"font-weight: 400;\" width=\"68\">9<\/td>\n<td style=\"font-weight: 400;\" width=\"68\">9\u00bd<\/td>\n<td style=\"font-weight: 400;\" width=\"68\">10\u00bd<\/td>\n<\/tr>\n<tr>\n<td style=\"font-weight: 400;\">Weldas designation<\/td>\n<td style=\"font-weight: 400;\">S<\/td>\n<td style=\"font-weight: 400;\">  M<\/td>\n<td style=\"font-weight: 400;\">L<\/td>\n<td style=\"font-weight: 400;\">XL<\/td>\n<td style=\"font-weight: 400;\">XXL<\/td>\n<\/tr>\n<tr>\n<td style=\"font-weight: 400;\">Palm circumference in mm<\/td>\n<td style=\"font-weight: 400;\">190<\/td>\n<td style=\"font-weight: 400;\">216<\/td>\n<td style=\"font-weight: 400;\">229<\/td>\n<td style=\"font-weight: 400;\">241<\/td>\n<td style=\"font-weight: 400;\">267<\/td>\n<\/tr>\n<tr>\n<td style=\"font-weight: 400;\">Glove length in mm<\/td>\n<td style=\"font-weight: 400;\">310<\/td>\n<td style=\"font-weight: 400;\">320<\/td>\n<td style=\"font-weight: 400;\">330<\/td>\n<td style=\"font-weight: 400;\">340<\/td>\n<td style=\"font-weight: 400;\">350<\/td>\n<\/tr>\n<\/tbody>\n<\/table>\n<p><a title=\"Presentation - Video\" href=\"https:\/\/youtu.be\/Om82XowLiiw\">Presentation &#8211; Video<\/a><\/p>\n<h3 data-start=\"0\" data-end=\"75\"><strong data-start=\"4\" data-end=\"73\">? WELDAS 10-2064 work gloves &#8211; reliable hand protection! ?<\/strong><\/h3>\n<p data-start=\"77\" data-end=\"400\"><strong data-start=\"77\" data-end=\"95\">WELDAS 10-2064<\/strong> is a <strong data-start=\"99\" data-end=\"150\">high quality driver type work gloves<\/strong>, made of <strong data-start=\"163\" data-end=\"194\">durable cowhide split leather<\/strong> ?\ufe0f. They provide <strong data-start=\"211\" data-end=\"242\">excellent protection and comfort<\/strong> during work, while ensuring <strong data-start=\"283\" data-end=\"318\">precise grip and flexibility<\/strong>. Ideal for <strong data-start=\"331\" data-end=\"394\">material handling, assembly work and light welding<\/strong> ?.  <\/p>\n<hr data-start=\"402\" data-end=\"405\">\n<h2 data-start=\"407\" data-end=\"449\"><strong data-start=\"410\" data-end=\"447\">\u2699\ufe0f Key features and applications:<\/strong><\/h2>\n<p data-start=\"451\" data-end=\"561\">\u2705 <strong data-start=\"453\" data-end=\"476\">Durable material<\/strong> &#8211; <strong data-start=\"479\" data-end=\"497\">Cowhide split leather<\/strong> provides abrasion resistance and long glove life ?.<\/p>\n<p data-start=\"563\" data-end=\"681\">\u2705 <strong data-start=\"565\" data-end=\"594\">Comfortable and flexible<\/strong> fit &#8211; Provides a perfect fit, allowing <strong data-start=\"643\" data-end=\"675\">freedom of movement and a secure grip<\/strong> ?.<\/p>\n<p data-start=\"683\" data-end=\"807\">\u2705 <strong data-start=\"685\" data-end=\"715\">Versatile application<\/strong> &#8211; Ideal for <strong data-start=\"729\" data-end=\"801\">assembly, mechanical, storage and light welding work<\/strong> ?.<\/p>\n<p data-start=\"809\" data-end=\"967\">\u2705 <strong data-start=\"811\" data-end=\"839\">Damage resistance<\/strong> &#8211; They meet <strong data-start=\"858\" data-end=\"884\">EN 388:2016 (3.1.3.X.)<\/strong>, which confirms their resistance to abrasion, cutting, tearing and puncturing \u26a1.<\/p>\n<p data-start=\"969\" data-end=\"1069\">\u2705 <strong data-start=\"971\" data-end=\"1002\">Breathable natural leather<\/strong> &#8211; Provides <strong data-start=\"1014\" data-end=\"1062\">comfort even in high temperatures<\/strong> ?\ufe0f.<\/p>\n<hr data-start=\"1071\" data-end=\"1074\">\n<h2 data-start=\"1076\" data-end=\"1112\"><strong data-start=\"1079\" data-end=\"1110\">? Technical specifications:<\/strong><\/h2>\n<p data-start=\"1114\" data-end=\"1321\">? <strong data-start=\"1117\" data-end=\"1130\">Material:<\/strong> split cowhide ?<br data-start=\"1148\" data-end=\"1151\"> ? <strong data-start=\"1154\" data-end=\"1164\">Color:<\/strong> Brown ?<br data-start=\"1175\" data-end=\"1178\"> ? <strong data-start=\"1181\" data-end=\"1202\">Glove length:<\/strong> 24 cm ?<br data-start=\"1211\" data-end=\"1214\">? <strong data-start=\"1217\" data-end=\"1239\">Available sizes:<\/strong> L (9) and XL (9 1\/2) ?<br data-start=\"1261\" data-end=\"1264\">? <strong data-start=\"1267\" data-end=\"1292\">Safety standards:<\/strong> EN 388:2016 (3.1.3.X.). ?\ufe0f<\/p>\n<hr data-start=\"1323\" data-end=\"1326\">\n<h2 data-start=\"1328\" data-end=\"1353\"><strong data-start=\"1331\" data-end=\"1351\">? Application:<\/strong><\/h2>\n<p data-start=\"1355\" data-end=\"1460\">? <strong data-start=\"1358\" data-end=\"1377\">Assembly work<\/strong> &#8211; Provide <strong data-start=\"1391\" data-end=\"1406\">a firm grip<\/strong> and protect your hands when assembling various components.<\/p>\n<p data-start=\"1462\" data-end=\"1565\">? <strong data-start=\"1465\" data-end=\"1487\">Material handling<\/strong> &#8211; Great for warehouse work and handling heavy objects.<\/p>\n<p data-start=\"1567\" data-end=\"1682\">? <strong data-start=\"1570\" data-end=\"1589\">Light welding<\/strong> &#8211; Suitable for low-intensity welding work, providing <strong data-start=\"1662\" data-end=\"1679\">hand protection<\/strong>.<\/p>\n<p data-start=\"1684\" data-end=\"1783\">? <strong data-start=\"1687\" data-end=\"1720\">Mechanics and workshop work<\/strong> &#8211; Leather surface provides <strong data-start=\"1754\" data-end=\"1780\">a strong grip and durability<\/strong>.<\/p>\n<p><a title=\"Weldas manual\" href=\"https:\/\/www.weldas-ce.com\/wp-content\/uploads\/sites\/2\/2017\/07\/10-2064-Manual-PL1.pdf\">Weldas manual<\/a><br \/>\n<a title=\"Test results - T\u00dcV Rheinland\" href=\"https:\/\/www.weldas-ce.com\/wp-content\/uploads\/sites\/2\/2022\/02\/10-2064-TR.pdf\">Test results &#8211; T\u00dcV Rheinland<\/a><\/p>\n","protected":false},"excerpt":{"rendered":"<p><strong data-start=\"3395\" data-end=\"3413\">WELDAS 10-2064<\/strong> &#8211; professional work gloves made of <strong data-start=\"3449\" data-end=\"3468\">cowhide split leather<\/strong>, providing <strong data-start=\"3483\" data-end=\"3520\">excellent protection and comfort<\/strong>. Ideal for <strong data-start=\"3533\" data-end=\"3584\">assembly, material handling and light welding<\/strong>. <\/p>\n","protected":false},"featured_media":15863,"template":"","meta":{"inline_featured_image":false},"product_brand":[943],"product_cat":[476,475,474,534],"product_tag":[3456,3454,3455,3458,3459,3457,3460,3419,3452,3453],"class_list":{"0":"post-30686","1":"product","2":"type-product","3":"status-publish","4":"has-post-thumbnail","6":"product_brand-weldas","7":"product_cat-accessories","8":"product_cat-accessories-parts","9":"product_cat-new","10":"product_cat-welding-gloves","11":"product_tag-assembly-work","12":"product_tag-drivers-gloves","13":"product_tag-en-3882016-en","14":"product_tag-hand-protection","15":"product_tag-leather-gloves","16":"product_tag-light-welding","17":"product_tag-protective-gloves","18":"product_tag-split-cowhide","19":"product_tag-weldas-10-2064-en","20":"product_tag-work-gloves","22":"first","23":"instock","24":"sale","25":"taxable","26":"shipping-taxable","27":"purchasable","28":"product-type-variable"},"yoast_head":"<!-- This site is optimized with the Yoast SEO Premium plugin v27.0 (Yoast SEO v27.3) - https:\/\/yoast.com\/product\/yoast-seo-premium-wordpress\/ -->\n<title>Weldas working 10-2064 - SpawLab - Welding equipment and plasma cutters - store and service<\/title>\n<meta name=\"description\" content=\"WELDAS 10-2064 are heavy-duty work gloves made of cowhide split leather, ideal for assembly work, material handling and light welding. They provide comfort and excellent grip, meeting the EN 388:2016 (3.1.3.X.) standard.\" \/>\n<meta name=\"robots\" content=\"index, follow, max-snippet:-1, max-image-preview:large, max-video-preview:-1\" \/>\n<link rel=\"canonical\" href=\"https:\/\/spawlab.pl\/en\/produkt\/weldas-working-10-2064\/\" \/>\n<meta property=\"og:locale\" content=\"en_US\" \/>\n<meta property=\"og:type\" content=\"article\" \/>\n<meta property=\"og:title\" content=\"Weldas working 10-2064\" \/>\n<meta property=\"og:description\" content=\"? Need reliable hand protection? Check out the WELDAS 10-2064! ?\ufe0f\u2705 Strong cowhide split leather - durability and comfort!\u2705 Ideal for assembly, mechanics, welding and warehouses ?\u2705 Secure grip and damage resistance \u26a1? Reach for proven work gloves! ?\ufe0f\" \/>\n<meta property=\"og:url\" content=\"https:\/\/spawlab.pl\/en\/produkt\/weldas-working-10-2064\/\" \/>\n<meta property=\"og:site_name\" content=\"SpawLab - Welding equipment and plasma cutters - store and service\" \/>\n<meta property=\"article:publisher\" content=\"https:\/\/www.facebook.com\/Spawlab\/\" \/>\n<meta property=\"og:image\" content=\"https:\/\/spawlab.pl\/wp-content\/uploads\/2022\/06\/weldas-rekawice-10-2064.jpg\" \/>\n\t<meta property=\"og:image:width\" content=\"700\" \/>\n\t<meta property=\"og:image:height\" content=\"792\" \/>\n\t<meta property=\"og:image:type\" content=\"image\/jpeg\" \/>\n<meta name=\"twitter:label1\" content=\"Availability\" \/>\n\t<meta name=\"twitter:data1\" content=\"In stock\" \/>\n<script type=\"application\/ld+json\" class=\"yoast-schema-graph\">{\"@context\":\"https:\\\/\\\/schema.org\",\"@graph\":[{\"@type\":[\"WebPage\",\"ItemPage\"],\"@id\":\"https:\\\/\\\/spawlab.pl\\\/en\\\/produkt\\\/weldas-working-10-2064\\\/\",\"url\":\"https:\\\/\\\/spawlab.pl\\\/en\\\/produkt\\\/weldas-working-10-2064\\\/\",\"name\":\"Weldas working 10-2064 - SpawLab - Welding equipment and plasma cutters - store and service\",\"isPartOf\":{\"@id\":\"https:\\\/\\\/spawlab.pl\\\/en\\\/#website\"},\"primaryImageOfPage\":{\"@id\":\"https:\\\/\\\/spawlab.pl\\\/en\\\/produkt\\\/weldas-working-10-2064\\\/#primaryimage\"},\"image\":{\"@id\":\"https:\\\/\\\/spawlab.pl\\\/en\\\/produkt\\\/weldas-working-10-2064\\\/#primaryimage\"},\"thumbnailUrl\":\"https:\\\/\\\/spawlab.pl\\\/wp-content\\\/uploads\\\/2022\\\/06\\\/weldas-rekawice-10-2064.jpg\",\"datePublished\":\"2022-06-13T11:07:14+00:00\",\"description\":\"WELDAS 10-2064 are heavy-duty work gloves made of cowhide split leather, ideal for assembly work, material handling and light welding. They provide comfort and excellent grip, meeting the EN 388:2016 (3.1.3.X.) standard.\",\"breadcrumb\":{\"@id\":\"https:\\\/\\\/spawlab.pl\\\/en\\\/produkt\\\/weldas-working-10-2064\\\/#breadcrumb\"},\"inLanguage\":\"en-US\",\"potentialAction\":[{\"@type\":\"ReadAction\",\"target\":[\"https:\\\/\\\/spawlab.pl\\\/en\\\/produkt\\\/weldas-working-10-2064\\\/\"]}]},{\"@type\":\"ImageObject\",\"inLanguage\":\"en-US\",\"@id\":\"https:\\\/\\\/spawlab.pl\\\/en\\\/produkt\\\/weldas-working-10-2064\\\/#primaryimage\",\"url\":\"https:\\\/\\\/spawlab.pl\\\/wp-content\\\/uploads\\\/2022\\\/06\\\/weldas-rekawice-10-2064.jpg\",\"contentUrl\":\"https:\\\/\\\/spawlab.pl\\\/wp-content\\\/uploads\\\/2022\\\/06\\\/weldas-rekawice-10-2064.jpg\",\"width\":700,\"height\":792},{\"@type\":\"BreadcrumbList\",\"@id\":\"https:\\\/\\\/spawlab.pl\\\/en\\\/produkt\\\/weldas-working-10-2064\\\/#breadcrumb\",\"itemListElement\":[{\"@type\":\"ListItem\",\"position\":1,\"name\":\"Strona g\u0142\u00f3wna\",\"item\":\"https:\\\/\\\/spawlab.pl\\\/en\\\/\"},{\"@type\":\"ListItem\",\"position\":2,\"name\":\"Store\",\"item\":\"https:\\\/\\\/spawlab.pl\\\/en\\\/shop\\\/\"},{\"@type\":\"ListItem\",\"position\":3,\"name\":\"Weldas working 10-2064\"}]},{\"@type\":\"WebSite\",\"@id\":\"https:\\\/\\\/spawlab.pl\\\/en\\\/#website\",\"url\":\"https:\\\/\\\/spawlab.pl\\\/en\\\/\",\"name\":\"Spawlab.pl Lider - Spawarki, Przecinarki Plazmowe, Kompresory\",\"description\":\"Urz\u0105dzenia spawalnicze i Przecinarki plazmowe\\\/ nowe i u\u017cywane \\\/ Profesjonalny serwis\",\"publisher\":{\"@id\":\"https:\\\/\\\/spawlab.pl\\\/en\\\/#organization\"},\"alternateName\":\"Spawlab.pl - Dystrybutor Premium i Serwis na Polske Migatronic, Gys, Voestalpine Bohler Welding\",\"potentialAction\":[{\"@type\":\"SearchAction\",\"target\":{\"@type\":\"EntryPoint\",\"urlTemplate\":\"https:\\\/\\\/spawlab.pl\\\/en\\\/?s={search_term_string}\"},\"query-input\":{\"@type\":\"PropertyValueSpecification\",\"valueRequired\":true,\"valueName\":\"search_term_string\"}}],\"inLanguage\":\"en-US\"},{\"@type\":[\"Organization\",\"Place\"],\"@id\":\"https:\\\/\\\/spawlab.pl\\\/en\\\/#organization\",\"name\":\"Spawlab.pl\",\"url\":\"https:\\\/\\\/spawlab.pl\\\/en\\\/\",\"logo\":{\"@id\":\"https:\\\/\\\/spawlab.pl\\\/en\\\/produkt\\\/weldas-working-10-2064\\\/#local-main-organization-logo\"},\"image\":{\"@id\":\"https:\\\/\\\/spawlab.pl\\\/en\\\/produkt\\\/weldas-working-10-2064\\\/#local-main-organization-logo\"},\"sameAs\":[\"https:\\\/\\\/www.facebook.com\\\/Spawlab\\\/\",\"https:\\\/\\\/www.linkedin.com\\\/company\\\/spawlab\",\"https:\\\/\\\/www.instagram.com\\\/spawlab.pl\",\"https:\\\/\\\/www.tiktok.com\\\/@spawlab\"],\"description\":\"Lider sprzeda\u017cy, Oficjalny Dystrybutor Premium i Serwis na Polsk\u0119 Migatronic, Gys, Voestalpine Bohler Welding. Nowe i u\u017cywane Spawarki, Przecinarki Plazmowe, Kompresory. Mgr in\u017c. Jaros\u0142aw Ko\u0142aski, IWE\",\"hasMerchantReturnPolicy\":{\"@type\":\"MerchantReturnPolicy\",\"merchantReturnLink\":\"https:\\\/\\\/spawlab.pl\\\/polityka-prywatnosci-2\\\/\"},\"telephone\":[],\"openingHoursSpecification\":[{\"@type\":\"OpeningHoursSpecification\",\"dayOfWeek\":[\"Monday\",\"Tuesday\",\"Wednesday\",\"Thursday\",\"Friday\",\"Saturday\",\"Sunday\"],\"opens\":\"09:00\",\"closes\":\"17:00\"}]},{\"@type\":\"ImageObject\",\"inLanguage\":\"en-US\",\"@id\":\"https:\\\/\\\/spawlab.pl\\\/en\\\/produkt\\\/weldas-working-10-2064\\\/#local-main-organization-logo\",\"url\":\"https:\\\/\\\/spawlab.pl\\\/wp-content\\\/uploads\\\/2022\\\/01\\\/olx.jpg\",\"contentUrl\":\"https:\\\/\\\/spawlab.pl\\\/wp-content\\\/uploads\\\/2022\\\/01\\\/olx.jpg\",\"width\":200,\"height\":200,\"caption\":\"Spawlab.pl\"}]}<\/script>\n<meta property=\"product:brand\" content=\"Weldas\" \/>\n<meta property=\"og:availability\" content=\"instock\" \/>\n<meta property=\"product:availability\" content=\"instock\" \/>\n<meta property=\"product:condition\" content=\"new\" \/>\n<!-- \/ Yoast SEO Premium plugin. -->","yoast_head_json":{"title":"Weldas working 10-2064 - SpawLab - Welding equipment and plasma cutters - store and service","description":"WELDAS 10-2064 are heavy-duty work gloves made of cowhide split leather, ideal for assembly work, material handling and light welding. They provide comfort and excellent grip, meeting the EN 388:2016 (3.1.3.X.) standard.","robots":{"index":"index","follow":"follow","max-snippet":"max-snippet:-1","max-image-preview":"max-image-preview:large","max-video-preview":"max-video-preview:-1"},"canonical":"https:\/\/spawlab.pl\/en\/produkt\/weldas-working-10-2064\/","og_locale":"en_US","og_type":"article","og_title":"Weldas working 10-2064","og_description":"? Need reliable hand protection? Check out the WELDAS 10-2064! ?\ufe0f\u2705 Strong cowhide split leather - durability and comfort!\u2705 Ideal for assembly, mechanics, welding and warehouses ?\u2705 Secure grip and damage resistance \u26a1? Reach for proven work gloves! ?\ufe0f","og_url":"https:\/\/spawlab.pl\/en\/produkt\/weldas-working-10-2064\/","og_site_name":"SpawLab - Welding equipment and plasma cutters - store and service","article_publisher":"https:\/\/www.facebook.com\/Spawlab\/","og_image":[{"width":700,"height":792,"url":"https:\/\/spawlab.pl\/wp-content\/uploads\/2022\/06\/weldas-rekawice-10-2064.jpg","type":"image\/jpeg"}],"twitter_misc":{"Availability":"In stock"},"schema":{"@context":"https:\/\/schema.org","@graph":[{"@type":["WebPage","ItemPage"],"@id":"https:\/\/spawlab.pl\/en\/produkt\/weldas-working-10-2064\/","url":"https:\/\/spawlab.pl\/en\/produkt\/weldas-working-10-2064\/","name":"Weldas working 10-2064 - SpawLab - Welding equipment and plasma cutters - store and service","isPartOf":{"@id":"https:\/\/spawlab.pl\/en\/#website"},"primaryImageOfPage":{"@id":"https:\/\/spawlab.pl\/en\/produkt\/weldas-working-10-2064\/#primaryimage"},"image":{"@id":"https:\/\/spawlab.pl\/en\/produkt\/weldas-working-10-2064\/#primaryimage"},"thumbnailUrl":"https:\/\/spawlab.pl\/wp-content\/uploads\/2022\/06\/weldas-rekawice-10-2064.jpg","datePublished":"2022-06-13T11:07:14+00:00","description":"WELDAS 10-2064 are heavy-duty work gloves made of cowhide split leather, ideal for assembly work, material handling and light welding. They provide comfort and excellent grip, meeting the EN 388:2016 (3.1.3.X.) standard.","breadcrumb":{"@id":"https:\/\/spawlab.pl\/en\/produkt\/weldas-working-10-2064\/#breadcrumb"},"inLanguage":"en-US","potentialAction":[{"@type":"ReadAction","target":["https:\/\/spawlab.pl\/en\/produkt\/weldas-working-10-2064\/"]}]},{"@type":"ImageObject","inLanguage":"en-US","@id":"https:\/\/spawlab.pl\/en\/produkt\/weldas-working-10-2064\/#primaryimage","url":"https:\/\/spawlab.pl\/wp-content\/uploads\/2022\/06\/weldas-rekawice-10-2064.jpg","contentUrl":"https:\/\/spawlab.pl\/wp-content\/uploads\/2022\/06\/weldas-rekawice-10-2064.jpg","width":700,"height":792},{"@type":"BreadcrumbList","@id":"https:\/\/spawlab.pl\/en\/produkt\/weldas-working-10-2064\/#breadcrumb","itemListElement":[{"@type":"ListItem","position":1,"name":"Strona g\u0142\u00f3wna","item":"https:\/\/spawlab.pl\/en\/"},{"@type":"ListItem","position":2,"name":"Store","item":"https:\/\/spawlab.pl\/en\/shop\/"},{"@type":"ListItem","position":3,"name":"Weldas working 10-2064"}]},{"@type":"WebSite","@id":"https:\/\/spawlab.pl\/en\/#website","url":"https:\/\/spawlab.pl\/en\/","name":"Spawlab.pl Lider - Spawarki, Przecinarki Plazmowe, Kompresory","description":"Urz\u0105dzenia spawalnicze i Przecinarki plazmowe\/ nowe i u\u017cywane \/ Profesjonalny serwis","publisher":{"@id":"https:\/\/spawlab.pl\/en\/#organization"},"alternateName":"Spawlab.pl - Dystrybutor Premium i Serwis na Polske Migatronic, Gys, Voestalpine Bohler Welding","potentialAction":[{"@type":"SearchAction","target":{"@type":"EntryPoint","urlTemplate":"https:\/\/spawlab.pl\/en\/?s={search_term_string}"},"query-input":{"@type":"PropertyValueSpecification","valueRequired":true,"valueName":"search_term_string"}}],"inLanguage":"en-US"},{"@type":["Organization","Place"],"@id":"https:\/\/spawlab.pl\/en\/#organization","name":"Spawlab.pl","url":"https:\/\/spawlab.pl\/en\/","logo":{"@id":"https:\/\/spawlab.pl\/en\/produkt\/weldas-working-10-2064\/#local-main-organization-logo"},"image":{"@id":"https:\/\/spawlab.pl\/en\/produkt\/weldas-working-10-2064\/#local-main-organization-logo"},"sameAs":["https:\/\/www.facebook.com\/Spawlab\/","https:\/\/www.linkedin.com\/company\/spawlab","https:\/\/www.instagram.com\/spawlab.pl","https:\/\/www.tiktok.com\/@spawlab"],"description":"Lider sprzeda\u017cy, Oficjalny Dystrybutor Premium i Serwis na Polsk\u0119 Migatronic, Gys, Voestalpine Bohler Welding. Nowe i u\u017cywane Spawarki, Przecinarki Plazmowe, Kompresory. Mgr in\u017c. Jaros\u0142aw Ko\u0142aski, IWE","hasMerchantReturnPolicy":{"@type":"MerchantReturnPolicy","merchantReturnLink":"https:\/\/spawlab.pl\/polityka-prywatnosci-2\/"},"telephone":[],"openingHoursSpecification":[{"@type":"OpeningHoursSpecification","dayOfWeek":["Monday","Tuesday","Wednesday","Thursday","Friday","Saturday","Sunday"],"opens":"09:00","closes":"17:00"}]},{"@type":"ImageObject","inLanguage":"en-US","@id":"https:\/\/spawlab.pl\/en\/produkt\/weldas-working-10-2064\/#local-main-organization-logo","url":"https:\/\/spawlab.pl\/wp-content\/uploads\/2022\/01\/olx.jpg","contentUrl":"https:\/\/spawlab.pl\/wp-content\/uploads\/2022\/01\/olx.jpg","width":200,"height":200,"caption":"Spawlab.pl"}]},"product_brand":"Weldas","og_availability":"instock","product_availability":"instock","product_condition":"new"},"_links":{"self":[{"href":"https:\/\/spawlab.pl\/en\/wp-json\/wp\/v2\/product\/30686","targetHints":{"allow":["GET"]}}],"collection":[{"href":"https:\/\/spawlab.pl\/en\/wp-json\/wp\/v2\/product"}],"about":[{"href":"https:\/\/spawlab.pl\/en\/wp-json\/wp\/v2\/types\/product"}],"wp:featuredmedia":[{"embeddable":true,"href":"https:\/\/spawlab.pl\/en\/wp-json\/wp\/v2\/media\/15863"}],"wp:attachment":[{"href":"https:\/\/spawlab.pl\/en\/wp-json\/wp\/v2\/media?parent=30686"}],"wp:term":[{"taxonomy":"product_brand","embeddable":true,"href":"https:\/\/spawlab.pl\/en\/wp-json\/wp\/v2\/product_brand?post=30686"},{"taxonomy":"product_cat","embeddable":true,"href":"https:\/\/spawlab.pl\/en\/wp-json\/wp\/v2\/product_cat?post=30686"},{"taxonomy":"product_tag","embeddable":true,"href":"https:\/\/spawlab.pl\/en\/wp-json\/wp\/v2\/product_tag?post=30686"}],"curies":[{"name":"wp","href":"https:\/\/api.w.org\/{rel}","templated":true}]}}