{"id":30765,"date":"2022-04-08T07:31:32","date_gmt":"2022-04-08T05:31:32","guid":{"rendered":"https:\/\/spawlab.pl\/produkt\/schweisskraft-craft-cut-41-p\/"},"modified":"2022-04-08T07:31:32","modified_gmt":"2022-04-08T05:31:32","slug":"schweisskraft-craft-cut-41-p","status":"publish","type":"product","link":"https:\/\/spawlab.pl\/en\/produkt\/schweisskraft-craft-cut-41-p\/","title":{"rendered":"Schweisskraft CRAFT-CUT 41 P"},"content":{"rendered":"<p><strong>Compact, economical and efficient solution for professional and continuous use.<\/strong><\/p>\n<p><strong>Devices equipped with PFC module<\/strong><\/p>\n<p><strong>Product description<\/strong><\/p>\n<ul>\n<li>For stainless steel, aluminum, steel, non-ferrous metals and also for those with painted surfaces<\/li>\n<li>For thin sheets and for thick plates<\/li>\n<li>The hermetically sealed board protects against moisture and corrosion. This also makes it suitable for use in harsh and demanding conditions. <\/li>\n<li>Suitable for generator work, such as in factory workshops, ports, chemical plants, schools, metal construction, construction sites, ships or on farms.<\/li>\n<li>ARC pilot : the set cutting current is activated only when the plasma arc is struck.<\/li>\n<li>Ability to cut perforated sheets thanks to the pilot arc.<\/li>\n<li>Non-contact arc ignition, no HF<\/li>\n<li>Devices equipped with a PFC module &#8211; allowing stable operation even when powered via long extension cords.<\/li>\n<\/ul>\n<table border=\"1\">\n<tbody>\n<tr>\n<td>Technical data<\/td>\n<td><\/td>\n<td>CRAFT-CUT 41 P<\/td>\n<\/tr>\n<tr>\n<td>Max. quality cutting of steel (ST37) <\/td>\n<td>mm<\/td>\n<td>10 &#8211; 15 (depending on the security)<\/td>\n<\/tr>\n<tr>\n<td>Max. separating cut of steel (ST37) <\/td>\n<td>mm<\/td>\n<td>20<\/td>\n<\/tr>\n<tr>\n<td>Max. quality cutting of stainless steel <\/td>\n<td>mm<\/td>\n<td>15<\/td>\n<\/tr>\n<tr>\n<td>Max. separation cut of stainless steel <\/td>\n<td>mm<\/td>\n<td>20<\/td>\n<\/tr>\n<tr>\n<td>Max. quality cutting of aluminum <\/td>\n<td>mm<\/td>\n<td>14<\/td>\n<\/tr>\n<tr>\n<td>Max. aluminium parting cut <\/td>\n<td>mm<\/td>\n<td>16<\/td>\n<\/tr>\n<tr>\n<td>Duty cycle<\/td>\n<td>%<\/td>\n<td>60<\/td>\n<\/tr>\n<tr>\n<td>Current at ED 100% and 40\u00b0C<\/td>\n<td>A<\/td>\n<td>30<\/td>\n<\/tr>\n<tr>\n<td>Cutting current adjustment range<\/td>\n<td>A<\/td>\n<td>20-40<\/td>\n<\/tr>\n<tr>\n<td>Supply voltage<\/td>\n<td>V<\/td>\n<td>230 V<\/td>\n<\/tr>\n<tr>\n<td>Generator power required<\/td>\n<td>kVA<\/td>\n<td>&gt;4.8 kVA<\/td>\n<\/tr>\n<tr>\n<td>Air consumption<\/td>\n<td>l\/min<\/td>\n<td>120 at 5 bar<\/td>\n<\/tr>\n<tr>\n<td>Operating pressure<\/td>\n<td>bar<\/td>\n<td>6<\/td>\n<\/tr>\n<tr>\n<td>Idle state voltage<\/td>\n<td>V<\/td>\n<td>320<\/td>\n<\/tr>\n<tr>\n<td>Insulation class<\/td>\n<td><\/td>\n<td>H<\/td>\n<\/tr>\n<tr>\n<td>Dimensions (L x W x H)<\/td>\n<td>mm<\/td>\n<td>510 x 145 x 280<\/td>\n<\/tr>\n<tr>\n<td>Weight<\/td>\n<td>kg<\/td>\n<td>8,2<\/td>\n<\/tr>\n<\/tbody>\n<\/table>\n<p><strong>Scope of supply<\/strong><\/p>\n<ul>\n<li>S65 6-meter plasma torch<\/li>\n<li>3-meter 6 mm\u00b2 ground cable with 300 A tick clamp<\/li>\n<li>Standard central connector<\/li>\n<li>Pressure regulator with filter equipped with plug connector<\/li>\n<\/ul>\n","protected":false},"excerpt":{"rendered":"<p>Compact, economical and efficient solution for professional and continuous use. Devices equipped with PFC module Product description For stainless steel, aluminum, steel, non-ferrous metals and also for those with painted surfaces For thin sheets and for thick plates The hermetically sealed board protects against moisture and corrosion. This also makes it suitable for use in [&hellip;]<\/p>\n","protected":false},"featured_media":15598,"template":"","meta":{"inline_featured_image":false},"product_brand":[],"product_cat":[497,474,478],"product_tag":[],"class_list":{"0":"post-30765","1":"product","2":"type-product","3":"status-publish","4":"has-post-thumbnail","6":"product_cat-gas-cooled-en-6","7":"product_cat-new","8":"product_cat-plasma-cutters-en","10":"first","11":"instock","12":"taxable","13":"shipping-taxable","14":"purchasable","15":"product-type-simple"},"yoast_head":"<!-- This site is optimized with the Yoast SEO Premium plugin v27.5 (Yoast SEO v27.6) - https:\/\/yoast.com\/product\/yoast-seo-premium-wordpress\/ -->\n<title>Schweisskraft CRAFT-CUT 41 P - SpawLab - Welding equipment and plasma cutters - store and service<\/title>\n<meta name=\"description\" content=\"Lider sprzeda\u017cy, Oficjalny Dystrybutor Premium i Serwis na Polsk\u0119 Migatronic, Gys, Voestalpine Bohler Welding. Nowe i u\u017cywane Spawarki, Przecinarki Plazmowe, Kompresory. Mgr in\u017c. Jaros\u0142aw Ko\u0142aski, IWE\" \/>\n<meta name=\"robots\" content=\"index, follow, max-snippet:-1, max-image-preview:large, max-video-preview:-1\" \/>\n<link rel=\"canonical\" href=\"https:\/\/spawlab.pl\/en\/produkt\/schweisskraft-craft-cut-41-p\/\" \/>\n<meta property=\"og:locale\" content=\"en_US\" \/>\n<meta property=\"og:type\" content=\"article\" \/>\n<meta property=\"og:title\" content=\"Schweisskraft CRAFT-CUT 41 P\" \/>\n<meta property=\"og:description\" content=\"Lider sprzeda\u017cy, Oficjalny Dystrybutor Premium i Serwis na Polsk\u0119 Migatronic, Gys, Voestalpine Bohler Welding. Nowe i u\u017cywane Spawarki, Przecinarki Plazmowe, Kompresory. Mgr in\u017c. Jaros\u0142aw Ko\u0142aski, IWE\" \/>\n<meta property=\"og:url\" content=\"https:\/\/spawlab.pl\/en\/produkt\/schweisskraft-craft-cut-41-p\/\" \/>\n<meta property=\"og:site_name\" content=\"SpawLab - Welding equipment and plasma cutters - store and service\" \/>\n<meta property=\"article:publisher\" content=\"https:\/\/www.facebook.com\/Spawlab\/\" \/>\n<meta property=\"og:image\" content=\"https:\/\/spawlab.pl\/wp-content\/uploads\/2025\/06\/LOGO-SPOLECZN-scaled.png\" \/>\n\t<meta property=\"og:image:width\" content=\"2560\" \/>\n\t<meta property=\"og:image:height\" content=\"1440\" \/>\n\t<meta property=\"og:image:type\" content=\"image\/png\" \/>\n<meta name=\"twitter:label1\" content=\"Price\" \/>\n\t<meta name=\"twitter:data1\" content=\"3 635,88&nbsp;&#122;&#322; (2 956,00&nbsp;&#122;&#322; netto)\" \/>\n\t<meta name=\"twitter:label2\" content=\"Availability\" \/>\n\t<meta name=\"twitter:data2\" content=\"In stock\" \/>\n<script type=\"application\/ld+json\" class=\"yoast-schema-graph\">{\"@context\":\"https:\\\/\\\/schema.org\",\"@graph\":[{\"@type\":[\"WebPage\",\"ItemPage\"],\"@id\":\"https:\\\/\\\/spawlab.pl\\\/en\\\/produkt\\\/schweisskraft-craft-cut-41-p\\\/\",\"url\":\"https:\\\/\\\/spawlab.pl\\\/en\\\/produkt\\\/schweisskraft-craft-cut-41-p\\\/\",\"name\":\"Schweisskraft CRAFT-CUT 41 P - SpawLab - Welding equipment and plasma cutters - store and service\",\"isPartOf\":{\"@id\":\"https:\\\/\\\/spawlab.pl\\\/en\\\/#website\"},\"primaryImageOfPage\":{\"@id\":\"https:\\\/\\\/spawlab.pl\\\/en\\\/produkt\\\/schweisskraft-craft-cut-41-p\\\/#primaryimage\"},\"image\":{\"@id\":\"https:\\\/\\\/spawlab.pl\\\/en\\\/produkt\\\/schweisskraft-craft-cut-41-p\\\/#primaryimage\"},\"thumbnailUrl\":\"https:\\\/\\\/spawlab.pl\\\/wp-content\\\/uploads\\\/2022\\\/04\\\/1075041_H_01.jpg\",\"datePublished\":\"2022-04-08T05:31:32+00:00\",\"description\":\"Lider sprzeda\u017cy, Oficjalny Dystrybutor Premium i Serwis na Polsk\u0119 Migatronic, Gys, Voestalpine Bohler Welding. Nowe i u\u017cywane Spawarki, Przecinarki Plazmowe, Kompresory. Mgr in\u017c. Jaros\u0142aw Ko\u0142aski, IWE\",\"breadcrumb\":{\"@id\":\"https:\\\/\\\/spawlab.pl\\\/en\\\/produkt\\\/schweisskraft-craft-cut-41-p\\\/#breadcrumb\"},\"inLanguage\":\"en-US\",\"potentialAction\":[{\"@type\":\"ReadAction\",\"target\":[\"https:\\\/\\\/spawlab.pl\\\/en\\\/produkt\\\/schweisskraft-craft-cut-41-p\\\/\"]}]},{\"@type\":\"ImageObject\",\"inLanguage\":\"en-US\",\"@id\":\"https:\\\/\\\/spawlab.pl\\\/en\\\/produkt\\\/schweisskraft-craft-cut-41-p\\\/#primaryimage\",\"url\":\"https:\\\/\\\/spawlab.pl\\\/wp-content\\\/uploads\\\/2022\\\/04\\\/1075041_H_01.jpg\",\"contentUrl\":\"https:\\\/\\\/spawlab.pl\\\/wp-content\\\/uploads\\\/2022\\\/04\\\/1075041_H_01.jpg\",\"width\":1200,\"height\":1200},{\"@type\":\"BreadcrumbList\",\"@id\":\"https:\\\/\\\/spawlab.pl\\\/en\\\/produkt\\\/schweisskraft-craft-cut-41-p\\\/#breadcrumb\",\"itemListElement\":[{\"@type\":\"ListItem\",\"position\":1,\"name\":\"Strona g\u0142\u00f3wna\",\"item\":\"https:\\\/\\\/spawlab.pl\\\/en\\\/\"},{\"@type\":\"ListItem\",\"position\":2,\"name\":\"Store\",\"item\":\"https:\\\/\\\/spawlab.pl\\\/en\\\/shop\\\/\"},{\"@type\":\"ListItem\",\"position\":3,\"name\":\"Schweisskraft CRAFT-CUT 41 P\"}]},{\"@type\":\"WebSite\",\"@id\":\"https:\\\/\\\/spawlab.pl\\\/en\\\/#website\",\"url\":\"https:\\\/\\\/spawlab.pl\\\/en\\\/\",\"name\":\"Spawlab.pl Lider - Spawarki, Przecinarki Plazmowe, Kompresory\",\"description\":\"Urz\u0105dzenia spawalnicze i Przecinarki plazmowe\\\/ nowe i u\u017cywane \\\/ Profesjonalny serwis\",\"publisher\":{\"@id\":\"https:\\\/\\\/spawlab.pl\\\/en\\\/#organization\"},\"alternateName\":\"Spawlab.pl - Dystrybutor Premium i Serwis na Polske Migatronic, Gys, Voestalpine Bohler Welding\",\"potentialAction\":[{\"@type\":\"SearchAction\",\"target\":{\"@type\":\"EntryPoint\",\"urlTemplate\":\"https:\\\/\\\/spawlab.pl\\\/en\\\/?s={search_term_string}\"},\"query-input\":{\"@type\":\"PropertyValueSpecification\",\"valueRequired\":true,\"valueName\":\"search_term_string\"}}],\"inLanguage\":\"en-US\"},{\"@type\":[\"Organization\",\"Place\"],\"@id\":\"https:\\\/\\\/spawlab.pl\\\/en\\\/#organization\",\"name\":\"Spawlab.pl\",\"url\":\"https:\\\/\\\/spawlab.pl\\\/en\\\/\",\"logo\":{\"@id\":\"https:\\\/\\\/spawlab.pl\\\/en\\\/produkt\\\/schweisskraft-craft-cut-41-p\\\/#local-main-organization-logo\"},\"image\":{\"@id\":\"https:\\\/\\\/spawlab.pl\\\/en\\\/produkt\\\/schweisskraft-craft-cut-41-p\\\/#local-main-organization-logo\"},\"sameAs\":[\"https:\\\/\\\/www.facebook.com\\\/Spawlab\\\/\",\"https:\\\/\\\/www.linkedin.com\\\/company\\\/spawlab\",\"https:\\\/\\\/www.instagram.com\\\/spawlab.pl\",\"https:\\\/\\\/www.tiktok.com\\\/@spawlab\"],\"description\":\"Lider sprzeda\u017cy, Oficjalny Dystrybutor Premium i Serwis na Polsk\u0119 Migatronic, Gys, Voestalpine Bohler Welding. Nowe i u\u017cywane Spawarki, Przecinarki Plazmowe, Kompresory. Mgr in\u017c. Jaros\u0142aw Ko\u0142aski, IWE\",\"hasMerchantReturnPolicy\":{\"@type\":\"MerchantReturnPolicy\",\"merchantReturnLink\":\"https:\\\/\\\/spawlab.pl\\\/polityka-prywatnosci-2\\\/\"},\"telephone\":[],\"openingHoursSpecification\":[{\"@type\":\"OpeningHoursSpecification\",\"dayOfWeek\":[\"Monday\",\"Tuesday\",\"Wednesday\",\"Thursday\",\"Friday\",\"Saturday\",\"Sunday\"],\"opens\":\"09:00\",\"closes\":\"17:00\"}]},{\"@type\":\"ImageObject\",\"inLanguage\":\"en-US\",\"@id\":\"https:\\\/\\\/spawlab.pl\\\/en\\\/produkt\\\/schweisskraft-craft-cut-41-p\\\/#local-main-organization-logo\",\"url\":\"https:\\\/\\\/spawlab.pl\\\/wp-content\\\/uploads\\\/2022\\\/01\\\/olx.jpg\",\"contentUrl\":\"https:\\\/\\\/spawlab.pl\\\/wp-content\\\/uploads\\\/2022\\\/01\\\/olx.jpg\",\"width\":200,\"height\":200,\"caption\":\"Spawlab.pl\"}]}<\/script>\n<meta property=\"product:brand\" content=\"Schweisskraft\" \/>\n<meta property=\"product:price:amount\" content=\"3635.88\" \/>\n<meta property=\"product:price:currency\" content=\"PLN\" \/>\n<meta property=\"og:availability\" content=\"instock\" \/>\n<meta property=\"product:availability\" content=\"instock\" \/>\n<meta property=\"product:condition\" content=\"new\" \/>\n<!-- \/ Yoast SEO Premium plugin. -->","yoast_head_json":{"title":"Schweisskraft CRAFT-CUT 41 P - SpawLab - Welding equipment and plasma cutters - store and service","description":"Lider sprzeda\u017cy, Oficjalny Dystrybutor Premium i Serwis na Polsk\u0119 Migatronic, Gys, Voestalpine Bohler Welding. Nowe i u\u017cywane Spawarki, Przecinarki Plazmowe, Kompresory. Mgr in\u017c. Jaros\u0142aw Ko\u0142aski, IWE","robots":{"index":"index","follow":"follow","max-snippet":"max-snippet:-1","max-image-preview":"max-image-preview:large","max-video-preview":"max-video-preview:-1"},"canonical":"https:\/\/spawlab.pl\/en\/produkt\/schweisskraft-craft-cut-41-p\/","og_locale":"en_US","og_type":"article","og_title":"Schweisskraft CRAFT-CUT 41 P","og_description":"Lider sprzeda\u017cy, Oficjalny Dystrybutor Premium i Serwis na Polsk\u0119 Migatronic, Gys, Voestalpine Bohler Welding. Nowe i u\u017cywane Spawarki, Przecinarki Plazmowe, Kompresory. Mgr in\u017c. Jaros\u0142aw Ko\u0142aski, IWE","og_url":"https:\/\/spawlab.pl\/en\/produkt\/schweisskraft-craft-cut-41-p\/","og_site_name":"SpawLab - Welding equipment and plasma cutters - store and service","article_publisher":"https:\/\/www.facebook.com\/Spawlab\/","og_image":[{"width":2560,"height":1440,"url":"https:\/\/spawlab.pl\/wp-content\/uploads\/2025\/06\/LOGO-SPOLECZN-scaled.png","type":"image\/png"}],"twitter_misc":{"Price":"3 635,88&nbsp;&#122;&#322; (2 956,00&nbsp;&#122;&#322; netto)","Availability":"In stock"},"schema":{"@context":"https:\/\/schema.org","@graph":[{"@type":["WebPage","ItemPage"],"@id":"https:\/\/spawlab.pl\/en\/produkt\/schweisskraft-craft-cut-41-p\/","url":"https:\/\/spawlab.pl\/en\/produkt\/schweisskraft-craft-cut-41-p\/","name":"Schweisskraft CRAFT-CUT 41 P - SpawLab - Welding equipment and plasma cutters - store and service","isPartOf":{"@id":"https:\/\/spawlab.pl\/en\/#website"},"primaryImageOfPage":{"@id":"https:\/\/spawlab.pl\/en\/produkt\/schweisskraft-craft-cut-41-p\/#primaryimage"},"image":{"@id":"https:\/\/spawlab.pl\/en\/produkt\/schweisskraft-craft-cut-41-p\/#primaryimage"},"thumbnailUrl":"https:\/\/spawlab.pl\/wp-content\/uploads\/2022\/04\/1075041_H_01.jpg","datePublished":"2022-04-08T05:31:32+00:00","description":"Lider sprzeda\u017cy, Oficjalny Dystrybutor Premium i Serwis na Polsk\u0119 Migatronic, Gys, Voestalpine Bohler Welding. Nowe i u\u017cywane Spawarki, Przecinarki Plazmowe, Kompresory. Mgr in\u017c. Jaros\u0142aw Ko\u0142aski, IWE","breadcrumb":{"@id":"https:\/\/spawlab.pl\/en\/produkt\/schweisskraft-craft-cut-41-p\/#breadcrumb"},"inLanguage":"en-US","potentialAction":[{"@type":"ReadAction","target":["https:\/\/spawlab.pl\/en\/produkt\/schweisskraft-craft-cut-41-p\/"]}]},{"@type":"ImageObject","inLanguage":"en-US","@id":"https:\/\/spawlab.pl\/en\/produkt\/schweisskraft-craft-cut-41-p\/#primaryimage","url":"https:\/\/spawlab.pl\/wp-content\/uploads\/2022\/04\/1075041_H_01.jpg","contentUrl":"https:\/\/spawlab.pl\/wp-content\/uploads\/2022\/04\/1075041_H_01.jpg","width":1200,"height":1200},{"@type":"BreadcrumbList","@id":"https:\/\/spawlab.pl\/en\/produkt\/schweisskraft-craft-cut-41-p\/#breadcrumb","itemListElement":[{"@type":"ListItem","position":1,"name":"Strona g\u0142\u00f3wna","item":"https:\/\/spawlab.pl\/en\/"},{"@type":"ListItem","position":2,"name":"Store","item":"https:\/\/spawlab.pl\/en\/shop\/"},{"@type":"ListItem","position":3,"name":"Schweisskraft CRAFT-CUT 41 P"}]},{"@type":"WebSite","@id":"https:\/\/spawlab.pl\/en\/#website","url":"https:\/\/spawlab.pl\/en\/","name":"Spawlab.pl Lider - Spawarki, Przecinarki Plazmowe, Kompresory","description":"Urz\u0105dzenia spawalnicze i Przecinarki plazmowe\/ nowe i u\u017cywane \/ Profesjonalny serwis","publisher":{"@id":"https:\/\/spawlab.pl\/en\/#organization"},"alternateName":"Spawlab.pl - Dystrybutor Premium i Serwis na Polske Migatronic, Gys, Voestalpine Bohler Welding","potentialAction":[{"@type":"SearchAction","target":{"@type":"EntryPoint","urlTemplate":"https:\/\/spawlab.pl\/en\/?s={search_term_string}"},"query-input":{"@type":"PropertyValueSpecification","valueRequired":true,"valueName":"search_term_string"}}],"inLanguage":"en-US"},{"@type":["Organization","Place"],"@id":"https:\/\/spawlab.pl\/en\/#organization","name":"Spawlab.pl","url":"https:\/\/spawlab.pl\/en\/","logo":{"@id":"https:\/\/spawlab.pl\/en\/produkt\/schweisskraft-craft-cut-41-p\/#local-main-organization-logo"},"image":{"@id":"https:\/\/spawlab.pl\/en\/produkt\/schweisskraft-craft-cut-41-p\/#local-main-organization-logo"},"sameAs":["https:\/\/www.facebook.com\/Spawlab\/","https:\/\/www.linkedin.com\/company\/spawlab","https:\/\/www.instagram.com\/spawlab.pl","https:\/\/www.tiktok.com\/@spawlab"],"description":"Lider sprzeda\u017cy, Oficjalny Dystrybutor Premium i Serwis na Polsk\u0119 Migatronic, Gys, Voestalpine Bohler Welding. Nowe i u\u017cywane Spawarki, Przecinarki Plazmowe, Kompresory. Mgr in\u017c. Jaros\u0142aw Ko\u0142aski, IWE","hasMerchantReturnPolicy":{"@type":"MerchantReturnPolicy","merchantReturnLink":"https:\/\/spawlab.pl\/polityka-prywatnosci-2\/"},"telephone":[],"openingHoursSpecification":[{"@type":"OpeningHoursSpecification","dayOfWeek":["Monday","Tuesday","Wednesday","Thursday","Friday","Saturday","Sunday"],"opens":"09:00","closes":"17:00"}]},{"@type":"ImageObject","inLanguage":"en-US","@id":"https:\/\/spawlab.pl\/en\/produkt\/schweisskraft-craft-cut-41-p\/#local-main-organization-logo","url":"https:\/\/spawlab.pl\/wp-content\/uploads\/2022\/01\/olx.jpg","contentUrl":"https:\/\/spawlab.pl\/wp-content\/uploads\/2022\/01\/olx.jpg","width":200,"height":200,"caption":"Spawlab.pl"}]},"product_brand":"Schweisskraft","product_price_amount":"3635.88","product_price_currency":"PLN","og_availability":"instock","product_availability":"instock","product_condition":"new"},"_links":{"self":[{"href":"https:\/\/spawlab.pl\/en\/wp-json\/wp\/v2\/product\/30765","targetHints":{"allow":["GET"]}}],"collection":[{"href":"https:\/\/spawlab.pl\/en\/wp-json\/wp\/v2\/product"}],"about":[{"href":"https:\/\/spawlab.pl\/en\/wp-json\/wp\/v2\/types\/product"}],"wp:featuredmedia":[{"embeddable":true,"href":"https:\/\/spawlab.pl\/en\/wp-json\/wp\/v2\/media\/15598"}],"wp:attachment":[{"href":"https:\/\/spawlab.pl\/en\/wp-json\/wp\/v2\/media?parent=30765"}],"wp:term":[{"taxonomy":"product_brand","embeddable":true,"href":"https:\/\/spawlab.pl\/en\/wp-json\/wp\/v2\/product_brand?post=30765"},{"taxonomy":"product_cat","embeddable":true,"href":"https:\/\/spawlab.pl\/en\/wp-json\/wp\/v2\/product_cat?post=30765"},{"taxonomy":"product_tag","embeddable":true,"href":"https:\/\/spawlab.pl\/en\/wp-json\/wp\/v2\/product_tag?post=30765"}],"curies":[{"name":"wp","href":"https:\/\/api.w.org\/{rel}","templated":true}]}}