{"id":30793,"date":"2022-04-04T15:17:25","date_gmt":"2022-04-04T13:17:25","guid":{"rendered":"https:\/\/spawlab.pl\/produkt\/ewm-tetrix-xq-350-pulse-ac-dc-w-com-5p\/"},"modified":"2022-04-04T15:17:25","modified_gmt":"2022-04-04T13:17:25","slug":"ewm-tetrix-xq-350-pulse-ac-dc-w-com-5p","status":"publish","type":"product","link":"https:\/\/spawlab.pl\/en\/produkt\/ewm-tetrix-xq-350-pulse-ac-dc-w-com-5p\/","title":{"rendered":"EWM Tetrix XQ 350 pulse AC\/DC W COM 5P"},"content":{"rendered":"<p>This is not the typical cheapest kit from the Internet. This is an offer aimed at companies that are looking for a kit that is new with a warranty for years. <\/p>\n<h3>The price shown includes the following components:<\/h3>\n<ul class=\"description_list\">\n<li class=\"first-item\" title=\"090-005674-00001\" data-id=\"124682\" data-acckind=\"000:weldingMachine\">TIG-AC\/DC pulse welder with all characteristics and functions, non-modular<\/li>\n<li title=\"394-506771-10800\" data-id=\"124658\" data-acckind=\"394115:Funktionsbrenner, 5-polig\">EWM-Retox-XQ multifunctional TIG welding chuck with display and remote control functions, water-cooled,<\/li>\n<li class=\"last-item\" title=\"094-000530-00005\" data-id=\"42833\" data-acckind=\"672:K\u00fchlmittel\">Coolant to -10\u00b0C (14\u00b0F), 5 l,<\/li>\n<\/ul>\n<ul class=\"bgrd description_list\">\n<li class=\"first-item\" data-sortnum=\"\" data-textid=\"7413376\">Save electricity with high efficiency and standby function<\/li>\n<li data-sortnum=\"1,00\" data-textid=\"7537863\">TIG-AC\/ DC inverter welder of the latest generation<\/li>\n<li data-sortnum=\"7,00\" data-textid=\"7452127\">ITG-AC\/DC, ITG-DC and TIG-Puls.<\/li>\n<li data-sortnum=\"7,00\" data-textid=\"7452127\">activArc\u00ae and spotArc\u00ae<\/li>\n<li data-sortnum=\"7,00\" data-textid=\"7452127\">Shielded electrode welding, pulse shielded electrode welding, pulse shielded electrode welding Target, pulse shielded electrode welding Target<\/li>\n<li data-sortnum=\"11,00\" data-textid=\"7452087\"><b>Factory configuration of the device:<\/b><\/li>\n<li data-sortnum=\"12,00\" data-textid=\"7537871\">Tetrix XQ non-modular pulse with Comfort 3.0 controller, roller set with single cylinder holder, water cooling, EWM-X compatible 5-pin connection socket and 5m mains power cable<\/li>\n<li data-sortnum=\"14,00\" data-textid=\"7452084\">Proven Comfort 3.0 controller with two easy-to-read 7-position displays for quick and easy selection of the most important parameters<\/li>\n<li data-sortnum=\"20,00\" data-textid=\"7452137\">Temperature- and speed-controlled radiator fan &#8211; less dirt and less noise because the fan runs only when needed<\/li>\n<li data-sortnum=\"33,00\" data-textid=\"7537872\">Possibility to connect remote control attachment and function handle<\/li>\n<li data-sortnum=\"50,00\" data-textid=\"7537873\">Easy change of welding current polarity without tools<\/li>\n<li data-sortnum=\"55,00\" data-textid=\"7537874\">Protection against ground short circuit (protective conductor)<\/li>\n<li data-sortnum=\"57,00\" data-textid=\"7537875\">IP23 water splash protection<\/li>\n<li data-sortnum=\"170,00\" data-textid=\"7413242\">FlexFit chassis system: many accessories and options can be attached to the welder using standard sliding mortises<\/li>\n<li data-sortnum=\"175,00\" data-textid=\"7413252\">LED information strip: Indicates current operating status<\/li>\n<li data-sortnum=\"250,00\" data-textid=\"870313\">Optional network connectivity via LAN or WiFi gateway and ewm Xnet software<\/li>\n<li data-sortnum=\"286,00\" data-textid=\"3721163\">PC connector for PC300 XQ software<\/li>\n<li class=\"last-item\" data-sortnum=\"300,00\" data-textid=\"7424031\">Extremely good handle cooling ensures reduced costs of consumable parts for welding fixtures thanks to high cooling power of 1500 watts, powerful impeller pump and 8-liter coolant tank<\/li>\n<\/ul>\n<div class=\"descritpionListTwoCols\">\n<ul class=\"bgrd description_list\">\n<li class=\"first-item\" data-sortnum=\"\" data-textid=\"7452201\"><b>Loved, praised and simply irreplaceable<\/b><\/li>\n<li data-sortnum=\"\" data-textid=\"7452201\">Two large, easy-to-read 7-position indicators<\/li>\n<li data-sortnum=\"\" data-textid=\"7452201\">Five favorite buttons<\/li>\n<li data-sortnum=\"\" data-textid=\"7452201\">Click Wheel for convenient use with welding gloves<\/li>\n<li data-sortnum=\"\" data-textid=\"7452201\">Safe push-button operation<\/li>\n<li data-sortnum=\"\" data-textid=\"7452201\">Direct access to all important functions<\/li>\n<li data-sortnum=\"\" data-textid=\"7452201\">All parameters under control<\/li>\n<li class=\"last-item\" data-sortnum=\"\" data-textid=\"7452201\">AC and DC variants available<\/li>\n<\/ul>\n<\/div>\n<div class=\"technicalData\">\n<table class=\"ewmPimTechData detail_table\" data-mainwp=\"\" data-voltages=\"0\" data-tablename=\"TDcontrol\" data-productid=\"472003\">\n<tbody>\n<tr data-fieldname=\"Schweissverfahren_moeglich\">\n<td class=\"td1\">Welding method<\/td>\n<td><span title=\"\">WIG DC<\/span><\/td>\n<\/tr>\n<tr data-fieldname=\"Schweissverfahren_moeglich\">\n<td class=\"td1\"><\/td>\n<td><span title=\"\">TIG AC<\/span><\/td>\n<\/tr>\n<tr data-fieldname=\"Schweissverfahren_moeglich\">\n<td class=\"td1\"><\/td>\n<td><span title=\"\">MMA DC<\/span><\/td>\n<\/tr>\n<tr data-fieldname=\"Schweissverfahren_moeglich\">\n<td class=\"td1\"><\/td>\n<td><span title=\"\">MMA AC<\/span><\/td>\n<\/tr>\n<tr data-fieldname=\"Schweissverfahren_moeglich\">\n<td class=\"td1\"><\/td>\n<td><span title=\"\">E-Hand target<\/span><\/td>\n<\/tr>\n<tr data-fieldname=\"Betriebsart\">\n<td class=\"td1\">Operating modes<\/td>\n<td><span title=\"\">2-bar.<\/span><\/td>\n<\/tr>\n<tr data-fieldname=\"Betriebsart\">\n<td class=\"td1\"><\/td>\n<td><span title=\"\">4-tactics.<\/span><\/td>\n<\/tr>\n<tr data-fieldname=\"Betriebsart\">\n<td class=\"td1\"><\/td>\n<td><span title=\"\">spotArc<\/span><\/td>\n<\/tr>\n<tr data-fieldname=\"Betriebsart\">\n<td class=\"td1\"><\/td>\n<td><span title=\"\">spotmatic<\/span><\/td>\n<\/tr>\n<tr data-fieldname=\"AC_Funktionen\">\n<td class=\"td1\">AC functions<\/td>\n<td><span title=\"\">AC-Balling (ball forming)<\/span><\/td>\n<\/tr>\n<tr data-fieldname=\"AC_Funktionen\">\n<td class=\"td1\"><\/td>\n<td><span title=\"\">Sine AC<\/span><\/td>\n<\/tr>\n<tr data-fieldname=\"AC_Funktionen\">\n<td class=\"td1\"><\/td>\n<td><span title=\"\">Trapezoidal AC<\/span><\/td>\n<\/tr>\n<tr data-fieldname=\"AC_Funktionen\">\n<td class=\"td1\"><\/td>\n<td><span title=\"\">Rectangular AC<\/span><\/td>\n<\/tr>\n<tr data-fieldname=\"AC_Funktionen\">\n<td class=\"td1\"><\/td>\n<td><span title=\"\">AC-Balance<\/span><\/td>\n<\/tr>\n<tr data-fieldname=\"AC_Funktionen\">\n<td class=\"td1\"><\/td>\n<td><span title=\"\">AC amplitude balance<\/span><\/td>\n<\/tr>\n<tr data-fieldname=\"AC_Funktionen\">\n<td class=\"td1\"><\/td>\n<td><span title=\"\">AC frequency: 30 Hz to 300 Hz<\/span><\/td>\n<\/tr>\n<tr data-fieldname=\"AC_Funktionen\">\n<td class=\"td1\"><\/td>\n<td><span title=\"\">AC frequency automation<\/span><\/td>\n<\/tr>\n<tr data-fieldname=\"AC_Funktionen\">\n<td class=\"td1\"><\/td>\n<td><span title=\"\">Optimization of AC commutation for superior arc stability<\/span><\/td>\n<\/tr>\n<tr data-fieldname=\"Zuendung\">\n<td class=\"td1\">Inking capabilities<\/td>\n<td><span title=\"\">HF<\/span><\/td>\n<\/tr>\n<tr data-fieldname=\"Zuendung\">\n<td class=\"td1\"><\/td>\n<td><span title=\"\">Liftarc<\/span><\/td>\n<\/tr>\n<tr data-fieldname=\"Pulsart\">\n<td class=\"td1\">Type of pulsation<\/td>\n<td><span title=\"\">Medium pulsation (0.2Hz &#8211; 20kHz) with adjustable curve shape (soft, middle, hard)<\/span><\/td>\n<\/tr>\n<tr data-fieldname=\"Pulsart\">\n<td class=\"td1\"><\/td>\n<td><span title=\"\">Thermal pulsation (time pulsation)<\/span><\/td>\n<\/tr>\n<tr data-fieldname=\"Pulsart\">\n<td class=\"td1\"><\/td>\n<td><span title=\"\">AC Special<\/span><\/td>\n<\/tr>\n<tr data-fieldname=\"E_Hand_Funktionen\">\n<td class=\"td1\">Functions with covered electrode<\/td>\n<td><span title=\"\">Hotstart<\/span><\/td>\n<\/tr>\n<tr data-fieldname=\"E_Hand_Funktionen\">\n<td class=\"td1\"><\/td>\n<td><span title=\"\">Arcforce<\/span><\/td>\n<\/tr>\n<tr data-fieldname=\"E_Hand_Funktionen\">\n<td class=\"td1\"><\/td>\n<td><span title=\"\">Antistick<\/span><\/td>\n<\/tr>\n<tr data-fieldname=\"E_Hand_Funktionen\">\n<td class=\"td1\"><\/td>\n<td><span title=\"\">Pulsation with an average value<\/span><\/td>\n<\/tr>\n<tr data-fieldname=\"Allgemeine_Funktionen\">\n<td class=\"td1\">Features<\/td>\n<td><span title=\"\">activArc<\/span><\/td>\n<\/tr>\n<tr data-fieldname=\"Allgemeine_Funktionen\">\n<td class=\"td1\"><\/td>\n<td><span title=\"\">Automation of gas final discharge<\/span><\/td>\n<\/tr>\n<tr data-fieldname=\"Allgemeine_Funktionen\">\n<td class=\"td1\"><\/td>\n<td><span title=\"\">Setting the resistance of the circuit<\/span><\/td>\n<\/tr>\n<tr class=\"last_tr\" data-fieldname=\"Jobfunktionen\">\n<td class=\"td1\">JOB functions<\/td>\n<td><span title=\"\">Number of freely definable welding tasks 100 TIG, 8 Metal electrode welding, 8 Metal electrode welding Target<\/span><\/td>\n<\/tr>\n<\/tbody>\n<\/table>\n<table class=\"ewmPimTechData detail_table\" data-mainwp=\"WIG\" data-voltages=\"1\" data-tablename=\"TD_Geraet\" data-productid=\"473478\">\n<tbody>\n<tr data-fieldname=\"Typenbezeichnung\">\n<td class=\"td1\">Version<\/td>\n<td><span title=\"\">Tetrix XQ 350 pulse AC\/DC W EX 5P<\/span><\/td>\n<\/tr>\n<tr data-fieldname=\"Einstellbereich_Schweissstrom_Coll\">\n<td class=\"td1\">Welding current adjustment range<\/td>\n<td>3 A &#8211; 350 A<\/td>\n<\/tr>\n<tr data-fieldname=\"Einschaltdauer_Coll\">\n<td class=\"td1\">Duty cycle 40 \u00b0C<\/td>\n<td>350 A \/ 100 %<\/td>\n<\/tr>\n<tr data-fieldname=\"Leerlaufspannung\">\n<td class=\"td1\">Idling voltage<\/td>\n<td><span title=\"\">82<\/span> V<\/td>\n<\/tr>\n<tr data-fieldname=\"Netzdaten_Netzspannung_Phasenanzahl\">\n<td class=\"td1\">Mains voltage<\/td>\n<td>3 x 400 V<\/td>\n<\/tr>\n<tr data-fieldname=\"Netzdaten_Netzspannung_Toleranz_von\">\n<td class=\"td1\">Tolerances<\/td>\n<td>-25 % to +20 %<\/td>\n<\/tr>\n<tr data-fieldname=\"Netzdaten_Netzspannung_Netzfrequenz\">\n<td class=\"td1\">Network frequency<\/td>\n<td>50 Hz \/ 60 Hz<\/td>\n<\/tr>\n<tr data-fieldname=\"Anschlussleistung_Coll\">\n<td class=\"td1\">Recommended alternator power<\/td>\n<td>14.7 kVA<\/td>\n<\/tr>\n<tr data-fieldname=\"Kuehlungsystem_Kuehlleistung\">\n<td class=\"td1\">Cooling capacity at 1 l\/min<\/td>\n<td><span title=\"\">1000<\/span> W<\/td>\n<\/tr>\n<tr data-fieldname=\"Pumpendruck_max\">\n<td class=\"td1\">Pump pressure<\/td>\n<td><span title=\"\">3.5<\/span> bar<\/td>\n<\/tr>\n<tr data-fieldname=\"Kuehlungsystem_Tankinhalt\">\n<td class=\"td1\">Tank capacity<\/td>\n<td><span title=\"\">8<\/span> l<\/td>\n<\/tr>\n<tr data-fieldname=\"Schutzklasse\">\n<td class=\"td1\">Degree of protection<\/td>\n<td><span title=\"\">IP23<\/span><\/td>\n<\/tr>\n<tr data-fieldname=\"Zulassung\">\n<td class=\"td1\">Safety marking<\/td>\n<td><\/td>\n<\/tr>\n<tr data-fieldname=\"EMV_Klasse\">\n<td class=\"td1\">EMC class<\/td>\n<td><span title=\"\">A<\/span><\/td>\n<\/tr>\n<tr data-fieldname=\"Masse_Coll\">\n<td class=\"td1\">Dimensions (L x B x H)<\/td>\n<td>1150 mm x 678 mm x 972 mm<\/td>\n<\/tr>\n<tr data-fieldname=\"Masse_Coll\">\n<td class=\"td1\"><\/td>\n<td>45.3 inch x 26.7 inch x 38.3 inch<\/td>\n<\/tr>\n<tr data-fieldname=\"Gewicht_Coll\">\n<td class=\"td1\">Weight<\/td>\n<td>128.5 kg<\/td>\n<\/tr>\n<tr data-fieldname=\"Gewicht_Coll\">\n<td class=\"td1\"><\/td>\n<td>283.3 lbs<\/td>\n<\/tr>\n<tr class=\"last_tr\" data-fieldname=\"Normen_Wert\">\n<td class=\"td1\">Standards<\/td>\n<td><span title=\"\">IEC 60974-1, -2, -3, -10 CL.A<\/span><\/td>\n<\/tr>\n<\/tbody>\n<\/table>\n<\/div>\n","protected":false},"excerpt":{"rendered":"<p>This is not the typical cheapest kit from the Internet. This is an offer aimed at companies that are looking for a kit that is new with a warranty for years. The price shown includes the following components: TIG-AC\/DC pulse welder with all characteristics and functions, non-modular EWM-Retox-XQ multifunctional TIG welding chuck with display and [&hellip;]<\/p>\n","protected":false},"featured_media":15574,"template":"","meta":{"inline_featured_image":false},"product_brand":[],"product_cat":[506,503,474,507],"product_tag":[],"class_list":{"0":"post-30793","1":"product","2":"type-product","3":"status-publish","4":"has-post-thumbnail","6":"product_cat-ac-dc-en","7":"product_cat-liquid-cooled-en-5","8":"product_cat-new","9":"product_cat-tig-en-2","11":"first","12":"onbackorder","13":"taxable","14":"shipping-taxable","15":"purchasable","16":"product-type-simple"},"yoast_head":"<!-- This site is optimized with the Yoast SEO Premium plugin v27.0 (Yoast SEO v27.3) - https:\/\/yoast.com\/product\/yoast-seo-premium-wordpress\/ -->\n<title>EWM Tetrix XQ 350 pulse AC\/DC W COM 5P - SpawLab - Welding equipment and plasma cutters - store and service<\/title>\n<meta name=\"description\" content=\"Lider sprzeda\u017cy, Oficjalny Dystrybutor Premium i Serwis na Polsk\u0119 Migatronic, Gys, Voestalpine Bohler Welding. Nowe i u\u017cywane Spawarki, Przecinarki Plazmowe, Kompresory. Mgr in\u017c. Jaros\u0142aw Ko\u0142aski, IWE\" \/>\n<meta name=\"robots\" content=\"index, follow, max-snippet:-1, max-image-preview:large, max-video-preview:-1\" \/>\n<link rel=\"canonical\" href=\"https:\/\/spawlab.pl\/en\/produkt\/ewm-tetrix-xq-350-pulse-ac-dc-w-com-5p\/\" \/>\n<meta property=\"og:locale\" content=\"en_US\" \/>\n<meta property=\"og:type\" content=\"article\" \/>\n<meta property=\"og:title\" content=\"EWM Tetrix XQ 350 pulse AC\/DC W COM 5P\" \/>\n<meta property=\"og:description\" content=\"Lider sprzeda\u017cy, Oficjalny Dystrybutor Premium i Serwis na Polsk\u0119 Migatronic, Gys, Voestalpine Bohler Welding. Nowe i u\u017cywane Spawarki, Przecinarki Plazmowe, Kompresory. Mgr in\u017c. Jaros\u0142aw Ko\u0142aski, IWE\" \/>\n<meta property=\"og:url\" content=\"https:\/\/spawlab.pl\/en\/produkt\/ewm-tetrix-xq-350-pulse-ac-dc-w-com-5p\/\" \/>\n<meta property=\"og:site_name\" content=\"SpawLab - Welding equipment and plasma cutters - store and service\" \/>\n<meta property=\"article:publisher\" content=\"https:\/\/www.facebook.com\/Spawlab\/\" \/>\n<meta property=\"og:image\" content=\"https:\/\/spawlab.pl\/wp-content\/uploads\/2025\/06\/LOGO-SPOLECZN-scaled.png\" \/>\n\t<meta property=\"og:image:width\" content=\"2560\" \/>\n\t<meta property=\"og:image:height\" content=\"1440\" \/>\n\t<meta property=\"og:image:type\" content=\"image\/png\" \/>\n<meta name=\"twitter:label1\" content=\"Price\" \/>\n\t<meta name=\"twitter:data1\" content=\"71 699,95&nbsp;&#122;&#322; (58 292,64&nbsp;&#122;&#322; netto)\" \/>\n\t<meta name=\"twitter:label2\" content=\"Availability\" \/>\n\t<meta name=\"twitter:data2\" content=\"On backorder\" \/>\n<script type=\"application\/ld+json\" class=\"yoast-schema-graph\">{\"@context\":\"https:\\\/\\\/schema.org\",\"@graph\":[{\"@type\":[\"WebPage\",\"ItemPage\"],\"@id\":\"https:\\\/\\\/spawlab.pl\\\/en\\\/produkt\\\/ewm-tetrix-xq-350-pulse-ac-dc-w-com-5p\\\/\",\"url\":\"https:\\\/\\\/spawlab.pl\\\/en\\\/produkt\\\/ewm-tetrix-xq-350-pulse-ac-dc-w-com-5p\\\/\",\"name\":\"EWM Tetrix XQ 350 pulse AC\\\/DC W COM 5P - SpawLab - Welding equipment and plasma cutters - store and service\",\"isPartOf\":{\"@id\":\"https:\\\/\\\/spawlab.pl\\\/en\\\/#website\"},\"primaryImageOfPage\":{\"@id\":\"https:\\\/\\\/spawlab.pl\\\/en\\\/produkt\\\/ewm-tetrix-xq-350-pulse-ac-dc-w-com-5p\\\/#primaryimage\"},\"image\":{\"@id\":\"https:\\\/\\\/spawlab.pl\\\/en\\\/produkt\\\/ewm-tetrix-xq-350-pulse-ac-dc-w-com-5p\\\/#primaryimage\"},\"thumbnailUrl\":\"https:\\\/\\\/spawlab.pl\\\/wp-content\\\/uploads\\\/2022\\\/04\\\/IM0093664.jpg\",\"datePublished\":\"2022-04-04T13:17:25+00:00\",\"description\":\"Lider sprzeda\u017cy, Oficjalny Dystrybutor Premium i Serwis na Polsk\u0119 Migatronic, Gys, Voestalpine Bohler Welding. Nowe i u\u017cywane Spawarki, Przecinarki Plazmowe, Kompresory. Mgr in\u017c. Jaros\u0142aw Ko\u0142aski, IWE\",\"breadcrumb\":{\"@id\":\"https:\\\/\\\/spawlab.pl\\\/en\\\/produkt\\\/ewm-tetrix-xq-350-pulse-ac-dc-w-com-5p\\\/#breadcrumb\"},\"inLanguage\":\"en-US\",\"potentialAction\":[{\"@type\":\"ReadAction\",\"target\":[\"https:\\\/\\\/spawlab.pl\\\/en\\\/produkt\\\/ewm-tetrix-xq-350-pulse-ac-dc-w-com-5p\\\/\"]}]},{\"@type\":\"ImageObject\",\"inLanguage\":\"en-US\",\"@id\":\"https:\\\/\\\/spawlab.pl\\\/en\\\/produkt\\\/ewm-tetrix-xq-350-pulse-ac-dc-w-com-5p\\\/#primaryimage\",\"url\":\"https:\\\/\\\/spawlab.pl\\\/wp-content\\\/uploads\\\/2022\\\/04\\\/IM0093664.jpg\",\"contentUrl\":\"https:\\\/\\\/spawlab.pl\\\/wp-content\\\/uploads\\\/2022\\\/04\\\/IM0093664.jpg\",\"width\":1838,\"height\":2048},{\"@type\":\"BreadcrumbList\",\"@id\":\"https:\\\/\\\/spawlab.pl\\\/en\\\/produkt\\\/ewm-tetrix-xq-350-pulse-ac-dc-w-com-5p\\\/#breadcrumb\",\"itemListElement\":[{\"@type\":\"ListItem\",\"position\":1,\"name\":\"Strona g\u0142\u00f3wna\",\"item\":\"https:\\\/\\\/spawlab.pl\\\/en\\\/\"},{\"@type\":\"ListItem\",\"position\":2,\"name\":\"Store\",\"item\":\"https:\\\/\\\/spawlab.pl\\\/en\\\/shop\\\/\"},{\"@type\":\"ListItem\",\"position\":3,\"name\":\"EWM Tetrix XQ 350 pulse AC\\\/DC W COM 5P\"}]},{\"@type\":\"WebSite\",\"@id\":\"https:\\\/\\\/spawlab.pl\\\/en\\\/#website\",\"url\":\"https:\\\/\\\/spawlab.pl\\\/en\\\/\",\"name\":\"Spawlab.pl Lider - Spawarki, Przecinarki Plazmowe, Kompresory\",\"description\":\"Urz\u0105dzenia spawalnicze i Przecinarki plazmowe\\\/ nowe i u\u017cywane \\\/ Profesjonalny serwis\",\"publisher\":{\"@id\":\"https:\\\/\\\/spawlab.pl\\\/en\\\/#organization\"},\"alternateName\":\"Spawlab.pl - Dystrybutor Premium i Serwis na Polske Migatronic, Gys, Voestalpine Bohler Welding\",\"potentialAction\":[{\"@type\":\"SearchAction\",\"target\":{\"@type\":\"EntryPoint\",\"urlTemplate\":\"https:\\\/\\\/spawlab.pl\\\/en\\\/?s={search_term_string}\"},\"query-input\":{\"@type\":\"PropertyValueSpecification\",\"valueRequired\":true,\"valueName\":\"search_term_string\"}}],\"inLanguage\":\"en-US\"},{\"@type\":[\"Organization\",\"Place\"],\"@id\":\"https:\\\/\\\/spawlab.pl\\\/en\\\/#organization\",\"name\":\"Spawlab.pl\",\"url\":\"https:\\\/\\\/spawlab.pl\\\/en\\\/\",\"logo\":{\"@id\":\"https:\\\/\\\/spawlab.pl\\\/en\\\/produkt\\\/ewm-tetrix-xq-350-pulse-ac-dc-w-com-5p\\\/#local-main-organization-logo\"},\"image\":{\"@id\":\"https:\\\/\\\/spawlab.pl\\\/en\\\/produkt\\\/ewm-tetrix-xq-350-pulse-ac-dc-w-com-5p\\\/#local-main-organization-logo\"},\"sameAs\":[\"https:\\\/\\\/www.facebook.com\\\/Spawlab\\\/\",\"https:\\\/\\\/www.linkedin.com\\\/company\\\/spawlab\",\"https:\\\/\\\/www.instagram.com\\\/spawlab.pl\",\"https:\\\/\\\/www.tiktok.com\\\/@spawlab\"],\"description\":\"Lider sprzeda\u017cy, Oficjalny Dystrybutor Premium i Serwis na Polsk\u0119 Migatronic, Gys, Voestalpine Bohler Welding. Nowe i u\u017cywane Spawarki, Przecinarki Plazmowe, Kompresory. Mgr in\u017c. Jaros\u0142aw Ko\u0142aski, IWE\",\"hasMerchantReturnPolicy\":{\"@type\":\"MerchantReturnPolicy\",\"merchantReturnLink\":\"https:\\\/\\\/spawlab.pl\\\/polityka-prywatnosci-2\\\/\"},\"telephone\":[],\"openingHoursSpecification\":[{\"@type\":\"OpeningHoursSpecification\",\"dayOfWeek\":[\"Monday\",\"Tuesday\",\"Wednesday\",\"Thursday\",\"Friday\",\"Saturday\",\"Sunday\"],\"opens\":\"09:00\",\"closes\":\"17:00\"}]},{\"@type\":\"ImageObject\",\"inLanguage\":\"en-US\",\"@id\":\"https:\\\/\\\/spawlab.pl\\\/en\\\/produkt\\\/ewm-tetrix-xq-350-pulse-ac-dc-w-com-5p\\\/#local-main-organization-logo\",\"url\":\"https:\\\/\\\/spawlab.pl\\\/wp-content\\\/uploads\\\/2022\\\/01\\\/olx.jpg\",\"contentUrl\":\"https:\\\/\\\/spawlab.pl\\\/wp-content\\\/uploads\\\/2022\\\/01\\\/olx.jpg\",\"width\":200,\"height\":200,\"caption\":\"Spawlab.pl\"}]}<\/script>\n<meta property=\"product:brand\" content=\"EWM\" \/>\n<meta property=\"product:price:amount\" content=\"71699.95\" \/>\n<meta property=\"product:price:currency\" content=\"PLN\" \/>\n<meta property=\"og:availability\" content=\"backorder\" \/>\n<meta property=\"product:availability\" content=\"available for order\" \/>\n<meta property=\"product:condition\" content=\"new\" \/>\n<!-- \/ Yoast SEO Premium plugin. -->","yoast_head_json":{"title":"EWM Tetrix XQ 350 pulse AC\/DC W COM 5P - SpawLab - Welding equipment and plasma cutters - store and service","description":"Lider sprzeda\u017cy, Oficjalny Dystrybutor Premium i Serwis na Polsk\u0119 Migatronic, Gys, Voestalpine Bohler Welding. Nowe i u\u017cywane Spawarki, Przecinarki Plazmowe, Kompresory. Mgr in\u017c. Jaros\u0142aw Ko\u0142aski, IWE","robots":{"index":"index","follow":"follow","max-snippet":"max-snippet:-1","max-image-preview":"max-image-preview:large","max-video-preview":"max-video-preview:-1"},"canonical":"https:\/\/spawlab.pl\/en\/produkt\/ewm-tetrix-xq-350-pulse-ac-dc-w-com-5p\/","og_locale":"en_US","og_type":"article","og_title":"EWM Tetrix XQ 350 pulse AC\/DC W COM 5P","og_description":"Lider sprzeda\u017cy, Oficjalny Dystrybutor Premium i Serwis na Polsk\u0119 Migatronic, Gys, Voestalpine Bohler Welding. Nowe i u\u017cywane Spawarki, Przecinarki Plazmowe, Kompresory. Mgr in\u017c. Jaros\u0142aw Ko\u0142aski, IWE","og_url":"https:\/\/spawlab.pl\/en\/produkt\/ewm-tetrix-xq-350-pulse-ac-dc-w-com-5p\/","og_site_name":"SpawLab - Welding equipment and plasma cutters - store and service","article_publisher":"https:\/\/www.facebook.com\/Spawlab\/","og_image":[{"width":2560,"height":1440,"url":"https:\/\/spawlab.pl\/wp-content\/uploads\/2025\/06\/LOGO-SPOLECZN-scaled.png","type":"image\/png"}],"twitter_misc":{"Price":"71 699,95&nbsp;&#122;&#322; (58 292,64&nbsp;&#122;&#322; netto)","Availability":"On backorder"},"schema":{"@context":"https:\/\/schema.org","@graph":[{"@type":["WebPage","ItemPage"],"@id":"https:\/\/spawlab.pl\/en\/produkt\/ewm-tetrix-xq-350-pulse-ac-dc-w-com-5p\/","url":"https:\/\/spawlab.pl\/en\/produkt\/ewm-tetrix-xq-350-pulse-ac-dc-w-com-5p\/","name":"EWM Tetrix XQ 350 pulse AC\/DC W COM 5P - SpawLab - Welding equipment and plasma cutters - store and service","isPartOf":{"@id":"https:\/\/spawlab.pl\/en\/#website"},"primaryImageOfPage":{"@id":"https:\/\/spawlab.pl\/en\/produkt\/ewm-tetrix-xq-350-pulse-ac-dc-w-com-5p\/#primaryimage"},"image":{"@id":"https:\/\/spawlab.pl\/en\/produkt\/ewm-tetrix-xq-350-pulse-ac-dc-w-com-5p\/#primaryimage"},"thumbnailUrl":"https:\/\/spawlab.pl\/wp-content\/uploads\/2022\/04\/IM0093664.jpg","datePublished":"2022-04-04T13:17:25+00:00","description":"Lider sprzeda\u017cy, Oficjalny Dystrybutor Premium i Serwis na Polsk\u0119 Migatronic, Gys, Voestalpine Bohler Welding. Nowe i u\u017cywane Spawarki, Przecinarki Plazmowe, Kompresory. Mgr in\u017c. Jaros\u0142aw Ko\u0142aski, IWE","breadcrumb":{"@id":"https:\/\/spawlab.pl\/en\/produkt\/ewm-tetrix-xq-350-pulse-ac-dc-w-com-5p\/#breadcrumb"},"inLanguage":"en-US","potentialAction":[{"@type":"ReadAction","target":["https:\/\/spawlab.pl\/en\/produkt\/ewm-tetrix-xq-350-pulse-ac-dc-w-com-5p\/"]}]},{"@type":"ImageObject","inLanguage":"en-US","@id":"https:\/\/spawlab.pl\/en\/produkt\/ewm-tetrix-xq-350-pulse-ac-dc-w-com-5p\/#primaryimage","url":"https:\/\/spawlab.pl\/wp-content\/uploads\/2022\/04\/IM0093664.jpg","contentUrl":"https:\/\/spawlab.pl\/wp-content\/uploads\/2022\/04\/IM0093664.jpg","width":1838,"height":2048},{"@type":"BreadcrumbList","@id":"https:\/\/spawlab.pl\/en\/produkt\/ewm-tetrix-xq-350-pulse-ac-dc-w-com-5p\/#breadcrumb","itemListElement":[{"@type":"ListItem","position":1,"name":"Strona g\u0142\u00f3wna","item":"https:\/\/spawlab.pl\/en\/"},{"@type":"ListItem","position":2,"name":"Store","item":"https:\/\/spawlab.pl\/en\/shop\/"},{"@type":"ListItem","position":3,"name":"EWM Tetrix XQ 350 pulse AC\/DC W COM 5P"}]},{"@type":"WebSite","@id":"https:\/\/spawlab.pl\/en\/#website","url":"https:\/\/spawlab.pl\/en\/","name":"Spawlab.pl Lider - Spawarki, Przecinarki Plazmowe, Kompresory","description":"Urz\u0105dzenia spawalnicze i Przecinarki plazmowe\/ nowe i u\u017cywane \/ Profesjonalny serwis","publisher":{"@id":"https:\/\/spawlab.pl\/en\/#organization"},"alternateName":"Spawlab.pl - Dystrybutor Premium i Serwis na Polske Migatronic, Gys, Voestalpine Bohler Welding","potentialAction":[{"@type":"SearchAction","target":{"@type":"EntryPoint","urlTemplate":"https:\/\/spawlab.pl\/en\/?s={search_term_string}"},"query-input":{"@type":"PropertyValueSpecification","valueRequired":true,"valueName":"search_term_string"}}],"inLanguage":"en-US"},{"@type":["Organization","Place"],"@id":"https:\/\/spawlab.pl\/en\/#organization","name":"Spawlab.pl","url":"https:\/\/spawlab.pl\/en\/","logo":{"@id":"https:\/\/spawlab.pl\/en\/produkt\/ewm-tetrix-xq-350-pulse-ac-dc-w-com-5p\/#local-main-organization-logo"},"image":{"@id":"https:\/\/spawlab.pl\/en\/produkt\/ewm-tetrix-xq-350-pulse-ac-dc-w-com-5p\/#local-main-organization-logo"},"sameAs":["https:\/\/www.facebook.com\/Spawlab\/","https:\/\/www.linkedin.com\/company\/spawlab","https:\/\/www.instagram.com\/spawlab.pl","https:\/\/www.tiktok.com\/@spawlab"],"description":"Lider sprzeda\u017cy, Oficjalny Dystrybutor Premium i Serwis na Polsk\u0119 Migatronic, Gys, Voestalpine Bohler Welding. Nowe i u\u017cywane Spawarki, Przecinarki Plazmowe, Kompresory. Mgr in\u017c. Jaros\u0142aw Ko\u0142aski, IWE","hasMerchantReturnPolicy":{"@type":"MerchantReturnPolicy","merchantReturnLink":"https:\/\/spawlab.pl\/polityka-prywatnosci-2\/"},"telephone":[],"openingHoursSpecification":[{"@type":"OpeningHoursSpecification","dayOfWeek":["Monday","Tuesday","Wednesday","Thursday","Friday","Saturday","Sunday"],"opens":"09:00","closes":"17:00"}]},{"@type":"ImageObject","inLanguage":"en-US","@id":"https:\/\/spawlab.pl\/en\/produkt\/ewm-tetrix-xq-350-pulse-ac-dc-w-com-5p\/#local-main-organization-logo","url":"https:\/\/spawlab.pl\/wp-content\/uploads\/2022\/01\/olx.jpg","contentUrl":"https:\/\/spawlab.pl\/wp-content\/uploads\/2022\/01\/olx.jpg","width":200,"height":200,"caption":"Spawlab.pl"}]},"product_brand":"EWM","product_price_amount":"71699.95","product_price_currency":"PLN","og_availability":"backorder","product_availability":"available for order","product_condition":"new"},"_links":{"self":[{"href":"https:\/\/spawlab.pl\/en\/wp-json\/wp\/v2\/product\/30793","targetHints":{"allow":["GET"]}}],"collection":[{"href":"https:\/\/spawlab.pl\/en\/wp-json\/wp\/v2\/product"}],"about":[{"href":"https:\/\/spawlab.pl\/en\/wp-json\/wp\/v2\/types\/product"}],"wp:featuredmedia":[{"embeddable":true,"href":"https:\/\/spawlab.pl\/en\/wp-json\/wp\/v2\/media\/15574"}],"wp:attachment":[{"href":"https:\/\/spawlab.pl\/en\/wp-json\/wp\/v2\/media?parent=30793"}],"wp:term":[{"taxonomy":"product_brand","embeddable":true,"href":"https:\/\/spawlab.pl\/en\/wp-json\/wp\/v2\/product_brand?post=30793"},{"taxonomy":"product_cat","embeddable":true,"href":"https:\/\/spawlab.pl\/en\/wp-json\/wp\/v2\/product_cat?post=30793"},{"taxonomy":"product_tag","embeddable":true,"href":"https:\/\/spawlab.pl\/en\/wp-json\/wp\/v2\/product_tag?post=30793"}],"curies":[{"name":"wp","href":"https:\/\/api.w.org\/{rel}","templated":true}]}}