{"id":30797,"date":"2022-03-29T07:52:32","date_gmt":"2022-03-29T05:52:32","guid":{"rendered":"https:\/\/spawlab.pl\/produkt\/sherman-digimig-215-dualpulse\/"},"modified":"2022-03-29T07:52:32","modified_gmt":"2022-03-29T05:52:32","slug":"sherman-digimig-215-dualpulse","status":"publish","type":"product","link":"https:\/\/spawlab.pl\/en\/produkt\/sherman-digimig-215-dualpulse\/","title":{"rendered":"Sherman DIGIMIG 215 DUALPULSE"},"content":{"rendered":"<p>Synergic DIGIMIG 215 DUALPULSE welder is used for manual welding of steel and non-ferrous metals. It allows welding by MMA (covered electrode), TIG Lift, and MIG\/MAG methods. The MIG\/MAG method can be used in manual and synergistic modes, simplifying its operation and allowing people with less experience and hobbyists to use the welder. Thanks to the change of polarity, the device allows MIG\/MAG welding with both standard shielded gas wires and self-shielded powder wires. The use of pulse or double pulse makes it possible to achieve better weld quality, high aesthetics with very high productivity. Digital control allows you to fully adjust the parameters, arc dynamics, characteristics and mode of operation of the welder.<br \/>\nThe device has a memory of the last setting, that is, after switching it off and on again, the last set parameters are restored.<br \/>\nThe welder is equipped with an easy-to-read LCD display with a selectable menu in Polish.<br \/>\nThe device allows you to connect a Spool Gun (SG) holder with a mini wire feeder and a D100 spool of steel or colored wire mounted in it.<br \/>\nThe welder is factory configured for welding aluminum, the equipment also includes a steel cartridge and a roll for welding steel. It also comes with a MIG welding chuck, electrode wire, ground wire, protective gas connection hose and welding disc with brush.      <\/p>\n<table class=\"compare_featured_fields shop_attributes product_table\">\n<tbody>\n<tr>\n<th><span class=\"compare_featured_name\">Supply voltage<\/span> <span class=\"compare_featured_unit\">[V]<\/span><\/th>\n<td><span class=\"compare_featured_value\">AC 230 50Hz<\/span><\/td>\n<\/tr>\n<tr>\n<th><span class=\"compare_featured_name\">Welding methods<\/span><\/th>\n<td><span class=\"compare_featured_value\">MIG, MMA, Lift TIG, brazing.<\/span><\/td>\n<\/tr>\n<tr>\n<th><span class=\"compare_featured_name\">Manufacturing technology<\/span><\/th>\n<td><span class=\"compare_featured_value\">IGBT<\/span><\/td>\n<\/tr>\n<tr>\n<th><span class=\"compare_featured_name\">Welding current<\/span> <span class=\"compare_featured_unit\">[A]<\/span><\/th>\n<td><span class=\"compare_featured_value\">MIG: 200 MMA: 200 TIG: 200<\/span><\/td>\n<\/tr>\n<tr>\n<th><span class=\"compare_featured_name\">Duty cycle<\/span> <span class=\"compare_featured_unit\">[%]<\/span><\/th>\n<td><span class=\"compare_featured_value\">60<\/span><\/td>\n<\/tr>\n<tr>\n<th><span class=\"compare_featured_name\">Max. current consumption <\/span> <span class=\"compare_featured_unit\">[A]<\/span><\/th>\n<td><span class=\"compare_featured_value\">40,6<\/span><\/td>\n<\/tr>\n<tr>\n<th><span class=\"compare_featured_name\">Max. power consumption <\/span> <span class=\"compare_featured_unit\">[kVA].<\/span><\/th>\n<td><span class=\"compare_featured_value\">7,7<\/span><\/td>\n<\/tr>\n<tr>\n<th><span class=\"compare_featured_name\">Welding current control<\/span><\/th>\n<td><span class=\"compare_featured_value\">Smooth<\/span><\/td>\n<\/tr>\n<tr>\n<th><span class=\"compare_featured_name\">Wire spool diameter <\/span> <span class=\"compare_featured_unit\">[mm]<\/span><\/th>\n<td><span class=\"compare_featured_value\">100, 200<\/span><\/td>\n<\/tr>\n<tr>\n<th><span class=\"compare_featured_name\">Wire feeding speed <\/span> <span class=\"compare_featured_unit\">[m\/min].<\/span><\/th>\n<td><span class=\"compare_featured_value\">&#8211;<\/span><\/td>\n<\/tr>\n<tr>\n<th><span class=\"compare_featured_name\">Weight<\/span> <span class=\"compare_featured_unit\">[kg]<\/span><\/th>\n<td><span class=\"compare_featured_value\">15<\/span><\/td>\n<\/tr>\n<tr>\n<th><span class=\"compare_featured_name\">Dimensions (L x H x W)<\/span> <span class=\"compare_featured_unit\">[mm]<\/span><\/th>\n<td><span class=\"compare_featured_value\">490 x 220 x 375<\/span><\/td>\n<\/tr>\n<\/tbody>\n<\/table>\n","protected":false},"excerpt":{"rendered":"<p>Synergic DIGIMIG 215 DUALPULSE welder is used for manual welding of steel and non-ferrous metals. It allows welding by MMA (covered electrode), TIG Lift, and MIG\/MAG methods. The MIG\/MAG method can be used in manual and synergistic modes, simplifying its operation and allowing people with less experience and hobbyists to use the welder. Thanks to [&hellip;]<\/p>\n","protected":false},"featured_media":15563,"template":"","meta":{"inline_featured_image":false},"product_brand":[],"product_cat":[498,512,474],"product_tag":[],"class_list":{"0":"post-30797","1":"product","2":"type-product","3":"status-publish","4":"has-post-thumbnail","6":"product_cat-gas-cooled-en-7","7":"product_cat-mig-mag-en-2","8":"product_cat-new","10":"first","11":"instock","12":"taxable","13":"shipping-taxable","14":"purchasable","15":"product-type-simple"},"yoast_head":"<!-- This site is optimized with the Yoast SEO Premium plugin v27.0 (Yoast SEO v27.3) - https:\/\/yoast.com\/product\/yoast-seo-premium-wordpress\/ -->\n<title>Sherman DIGIMIG 215 DUALPULSE - SpawLab - Welding equipment and plasma cutters - store and service<\/title>\n<meta name=\"description\" content=\"Lider sprzeda\u017cy, Oficjalny Dystrybutor Premium i Serwis na Polsk\u0119 Migatronic, Gys, Voestalpine Bohler Welding. Nowe i u\u017cywane Spawarki, Przecinarki Plazmowe, Kompresory. Mgr in\u017c. Jaros\u0142aw Ko\u0142aski, IWE\" \/>\n<meta name=\"robots\" content=\"index, follow, max-snippet:-1, max-image-preview:large, max-video-preview:-1\" \/>\n<link rel=\"canonical\" href=\"https:\/\/spawlab.pl\/en\/produkt\/sherman-digimig-215-dualpulse\/\" \/>\n<meta property=\"og:locale\" content=\"en_US\" \/>\n<meta property=\"og:type\" content=\"article\" \/>\n<meta property=\"og:title\" content=\"Sherman DIGIMIG 215 DUALPULSE\" \/>\n<meta property=\"og:description\" content=\"Lider sprzeda\u017cy, Oficjalny Dystrybutor Premium i Serwis na Polsk\u0119 Migatronic, Gys, Voestalpine Bohler Welding. Nowe i u\u017cywane Spawarki, Przecinarki Plazmowe, Kompresory. Mgr in\u017c. Jaros\u0142aw Ko\u0142aski, IWE\" \/>\n<meta property=\"og:url\" content=\"https:\/\/spawlab.pl\/en\/produkt\/sherman-digimig-215-dualpulse\/\" \/>\n<meta property=\"og:site_name\" content=\"SpawLab - Welding equipment and plasma cutters - store and service\" \/>\n<meta property=\"article:publisher\" content=\"https:\/\/www.facebook.com\/Spawlab\/\" \/>\n<meta property=\"og:image\" content=\"https:\/\/spawlab.pl\/wp-content\/uploads\/2025\/06\/LOGO-SPOLECZN-scaled.png\" \/>\n\t<meta property=\"og:image:width\" content=\"2560\" \/>\n\t<meta property=\"og:image:height\" content=\"1440\" \/>\n\t<meta property=\"og:image:type\" content=\"image\/png\" \/>\n<meta name=\"twitter:label1\" content=\"Price\" \/>\n\t<meta name=\"twitter:data1\" content=\"2 400,00&nbsp;&#122;&#322; (1 951,22&nbsp;&#122;&#322; netto)\" \/>\n\t<meta name=\"twitter:label2\" content=\"Availability\" \/>\n\t<meta name=\"twitter:data2\" content=\"In stock\" \/>\n<script type=\"application\/ld+json\" class=\"yoast-schema-graph\">{\"@context\":\"https:\\\/\\\/schema.org\",\"@graph\":[{\"@type\":[\"WebPage\",\"ItemPage\"],\"@id\":\"https:\\\/\\\/spawlab.pl\\\/en\\\/produkt\\\/sherman-digimig-215-dualpulse\\\/\",\"url\":\"https:\\\/\\\/spawlab.pl\\\/en\\\/produkt\\\/sherman-digimig-215-dualpulse\\\/\",\"name\":\"Sherman DIGIMIG 215 DUALPULSE - SpawLab - Welding equipment and plasma cutters - store and service\",\"isPartOf\":{\"@id\":\"https:\\\/\\\/spawlab.pl\\\/en\\\/#website\"},\"primaryImageOfPage\":{\"@id\":\"https:\\\/\\\/spawlab.pl\\\/en\\\/produkt\\\/sherman-digimig-215-dualpulse\\\/#primaryimage\"},\"image\":{\"@id\":\"https:\\\/\\\/spawlab.pl\\\/en\\\/produkt\\\/sherman-digimig-215-dualpulse\\\/#primaryimage\"},\"thumbnailUrl\":\"https:\\\/\\\/spawlab.pl\\\/wp-content\\\/uploads\\\/2022\\\/03\\\/DIGIMIG-215-DUALPULSE-profil1_700x700.jpg\",\"datePublished\":\"2022-03-29T05:52:32+00:00\",\"description\":\"Lider sprzeda\u017cy, Oficjalny Dystrybutor Premium i Serwis na Polsk\u0119 Migatronic, Gys, Voestalpine Bohler Welding. Nowe i u\u017cywane Spawarki, Przecinarki Plazmowe, Kompresory. Mgr in\u017c. Jaros\u0142aw Ko\u0142aski, IWE\",\"breadcrumb\":{\"@id\":\"https:\\\/\\\/spawlab.pl\\\/en\\\/produkt\\\/sherman-digimig-215-dualpulse\\\/#breadcrumb\"},\"inLanguage\":\"en-US\",\"potentialAction\":[{\"@type\":\"ReadAction\",\"target\":[\"https:\\\/\\\/spawlab.pl\\\/en\\\/produkt\\\/sherman-digimig-215-dualpulse\\\/\"]}]},{\"@type\":\"ImageObject\",\"inLanguage\":\"en-US\",\"@id\":\"https:\\\/\\\/spawlab.pl\\\/en\\\/produkt\\\/sherman-digimig-215-dualpulse\\\/#primaryimage\",\"url\":\"https:\\\/\\\/spawlab.pl\\\/wp-content\\\/uploads\\\/2022\\\/03\\\/DIGIMIG-215-DUALPULSE-profil1_700x700.jpg\",\"contentUrl\":\"https:\\\/\\\/spawlab.pl\\\/wp-content\\\/uploads\\\/2022\\\/03\\\/DIGIMIG-215-DUALPULSE-profil1_700x700.jpg\",\"width\":700,\"height\":700},{\"@type\":\"BreadcrumbList\",\"@id\":\"https:\\\/\\\/spawlab.pl\\\/en\\\/produkt\\\/sherman-digimig-215-dualpulse\\\/#breadcrumb\",\"itemListElement\":[{\"@type\":\"ListItem\",\"position\":1,\"name\":\"Strona g\u0142\u00f3wna\",\"item\":\"https:\\\/\\\/spawlab.pl\\\/en\\\/\"},{\"@type\":\"ListItem\",\"position\":2,\"name\":\"Store\",\"item\":\"https:\\\/\\\/spawlab.pl\\\/en\\\/shop\\\/\"},{\"@type\":\"ListItem\",\"position\":3,\"name\":\"Sherman DIGIMIG 215 DUALPULSE\"}]},{\"@type\":\"WebSite\",\"@id\":\"https:\\\/\\\/spawlab.pl\\\/en\\\/#website\",\"url\":\"https:\\\/\\\/spawlab.pl\\\/en\\\/\",\"name\":\"Spawlab.pl Lider - Spawarki, Przecinarki Plazmowe, Kompresory\",\"description\":\"Urz\u0105dzenia spawalnicze i Przecinarki plazmowe\\\/ nowe i u\u017cywane \\\/ Profesjonalny serwis\",\"publisher\":{\"@id\":\"https:\\\/\\\/spawlab.pl\\\/en\\\/#organization\"},\"alternateName\":\"Spawlab.pl - Dystrybutor Premium i Serwis na Polske Migatronic, Gys, Voestalpine Bohler Welding\",\"potentialAction\":[{\"@type\":\"SearchAction\",\"target\":{\"@type\":\"EntryPoint\",\"urlTemplate\":\"https:\\\/\\\/spawlab.pl\\\/en\\\/?s={search_term_string}\"},\"query-input\":{\"@type\":\"PropertyValueSpecification\",\"valueRequired\":true,\"valueName\":\"search_term_string\"}}],\"inLanguage\":\"en-US\"},{\"@type\":[\"Organization\",\"Place\"],\"@id\":\"https:\\\/\\\/spawlab.pl\\\/en\\\/#organization\",\"name\":\"Spawlab.pl\",\"url\":\"https:\\\/\\\/spawlab.pl\\\/en\\\/\",\"logo\":{\"@id\":\"https:\\\/\\\/spawlab.pl\\\/en\\\/produkt\\\/sherman-digimig-215-dualpulse\\\/#local-main-organization-logo\"},\"image\":{\"@id\":\"https:\\\/\\\/spawlab.pl\\\/en\\\/produkt\\\/sherman-digimig-215-dualpulse\\\/#local-main-organization-logo\"},\"sameAs\":[\"https:\\\/\\\/www.facebook.com\\\/Spawlab\\\/\",\"https:\\\/\\\/www.linkedin.com\\\/company\\\/spawlab\",\"https:\\\/\\\/www.instagram.com\\\/spawlab.pl\",\"https:\\\/\\\/www.tiktok.com\\\/@spawlab\"],\"description\":\"Lider sprzeda\u017cy, Oficjalny Dystrybutor Premium i Serwis na Polsk\u0119 Migatronic, Gys, Voestalpine Bohler Welding. Nowe i u\u017cywane Spawarki, Przecinarki Plazmowe, Kompresory. Mgr in\u017c. Jaros\u0142aw Ko\u0142aski, IWE\",\"hasMerchantReturnPolicy\":{\"@type\":\"MerchantReturnPolicy\",\"merchantReturnLink\":\"https:\\\/\\\/spawlab.pl\\\/polityka-prywatnosci-2\\\/\"},\"telephone\":[],\"openingHoursSpecification\":[{\"@type\":\"OpeningHoursSpecification\",\"dayOfWeek\":[\"Monday\",\"Tuesday\",\"Wednesday\",\"Thursday\",\"Friday\",\"Saturday\",\"Sunday\"],\"opens\":\"09:00\",\"closes\":\"17:00\"}]},{\"@type\":\"ImageObject\",\"inLanguage\":\"en-US\",\"@id\":\"https:\\\/\\\/spawlab.pl\\\/en\\\/produkt\\\/sherman-digimig-215-dualpulse\\\/#local-main-organization-logo\",\"url\":\"https:\\\/\\\/spawlab.pl\\\/wp-content\\\/uploads\\\/2022\\\/01\\\/olx.jpg\",\"contentUrl\":\"https:\\\/\\\/spawlab.pl\\\/wp-content\\\/uploads\\\/2022\\\/01\\\/olx.jpg\",\"width\":200,\"height\":200,\"caption\":\"Spawlab.pl\"}]}<\/script>\n<meta property=\"product:brand\" content=\"Sherman\" \/>\n<meta property=\"product:price:amount\" content=\"2400.00\" \/>\n<meta property=\"product:price:currency\" content=\"PLN\" \/>\n<meta property=\"og:availability\" content=\"instock\" \/>\n<meta property=\"product:availability\" content=\"instock\" \/>\n<meta property=\"product:condition\" content=\"new\" \/>\n<!-- \/ Yoast SEO Premium plugin. -->","yoast_head_json":{"title":"Sherman DIGIMIG 215 DUALPULSE - SpawLab - Welding equipment and plasma cutters - store and service","description":"Lider sprzeda\u017cy, Oficjalny Dystrybutor Premium i Serwis na Polsk\u0119 Migatronic, Gys, Voestalpine Bohler Welding. Nowe i u\u017cywane Spawarki, Przecinarki Plazmowe, Kompresory. Mgr in\u017c. Jaros\u0142aw Ko\u0142aski, IWE","robots":{"index":"index","follow":"follow","max-snippet":"max-snippet:-1","max-image-preview":"max-image-preview:large","max-video-preview":"max-video-preview:-1"},"canonical":"https:\/\/spawlab.pl\/en\/produkt\/sherman-digimig-215-dualpulse\/","og_locale":"en_US","og_type":"article","og_title":"Sherman DIGIMIG 215 DUALPULSE","og_description":"Lider sprzeda\u017cy, Oficjalny Dystrybutor Premium i Serwis na Polsk\u0119 Migatronic, Gys, Voestalpine Bohler Welding. Nowe i u\u017cywane Spawarki, Przecinarki Plazmowe, Kompresory. Mgr in\u017c. Jaros\u0142aw Ko\u0142aski, IWE","og_url":"https:\/\/spawlab.pl\/en\/produkt\/sherman-digimig-215-dualpulse\/","og_site_name":"SpawLab - Welding equipment and plasma cutters - store and service","article_publisher":"https:\/\/www.facebook.com\/Spawlab\/","og_image":[{"width":2560,"height":1440,"url":"https:\/\/spawlab.pl\/wp-content\/uploads\/2025\/06\/LOGO-SPOLECZN-scaled.png","type":"image\/png"}],"twitter_misc":{"Price":"2 400,00&nbsp;&#122;&#322; (1 951,22&nbsp;&#122;&#322; netto)","Availability":"In stock"},"schema":{"@context":"https:\/\/schema.org","@graph":[{"@type":["WebPage","ItemPage"],"@id":"https:\/\/spawlab.pl\/en\/produkt\/sherman-digimig-215-dualpulse\/","url":"https:\/\/spawlab.pl\/en\/produkt\/sherman-digimig-215-dualpulse\/","name":"Sherman DIGIMIG 215 DUALPULSE - SpawLab - Welding equipment and plasma cutters - store and service","isPartOf":{"@id":"https:\/\/spawlab.pl\/en\/#website"},"primaryImageOfPage":{"@id":"https:\/\/spawlab.pl\/en\/produkt\/sherman-digimig-215-dualpulse\/#primaryimage"},"image":{"@id":"https:\/\/spawlab.pl\/en\/produkt\/sherman-digimig-215-dualpulse\/#primaryimage"},"thumbnailUrl":"https:\/\/spawlab.pl\/wp-content\/uploads\/2022\/03\/DIGIMIG-215-DUALPULSE-profil1_700x700.jpg","datePublished":"2022-03-29T05:52:32+00:00","description":"Lider sprzeda\u017cy, Oficjalny Dystrybutor Premium i Serwis na Polsk\u0119 Migatronic, Gys, Voestalpine Bohler Welding. Nowe i u\u017cywane Spawarki, Przecinarki Plazmowe, Kompresory. Mgr in\u017c. Jaros\u0142aw Ko\u0142aski, IWE","breadcrumb":{"@id":"https:\/\/spawlab.pl\/en\/produkt\/sherman-digimig-215-dualpulse\/#breadcrumb"},"inLanguage":"en-US","potentialAction":[{"@type":"ReadAction","target":["https:\/\/spawlab.pl\/en\/produkt\/sherman-digimig-215-dualpulse\/"]}]},{"@type":"ImageObject","inLanguage":"en-US","@id":"https:\/\/spawlab.pl\/en\/produkt\/sherman-digimig-215-dualpulse\/#primaryimage","url":"https:\/\/spawlab.pl\/wp-content\/uploads\/2022\/03\/DIGIMIG-215-DUALPULSE-profil1_700x700.jpg","contentUrl":"https:\/\/spawlab.pl\/wp-content\/uploads\/2022\/03\/DIGIMIG-215-DUALPULSE-profil1_700x700.jpg","width":700,"height":700},{"@type":"BreadcrumbList","@id":"https:\/\/spawlab.pl\/en\/produkt\/sherman-digimig-215-dualpulse\/#breadcrumb","itemListElement":[{"@type":"ListItem","position":1,"name":"Strona g\u0142\u00f3wna","item":"https:\/\/spawlab.pl\/en\/"},{"@type":"ListItem","position":2,"name":"Store","item":"https:\/\/spawlab.pl\/en\/shop\/"},{"@type":"ListItem","position":3,"name":"Sherman DIGIMIG 215 DUALPULSE"}]},{"@type":"WebSite","@id":"https:\/\/spawlab.pl\/en\/#website","url":"https:\/\/spawlab.pl\/en\/","name":"Spawlab.pl Lider - Spawarki, Przecinarki Plazmowe, Kompresory","description":"Urz\u0105dzenia spawalnicze i Przecinarki plazmowe\/ nowe i u\u017cywane \/ Profesjonalny serwis","publisher":{"@id":"https:\/\/spawlab.pl\/en\/#organization"},"alternateName":"Spawlab.pl - Dystrybutor Premium i Serwis na Polske Migatronic, Gys, Voestalpine Bohler Welding","potentialAction":[{"@type":"SearchAction","target":{"@type":"EntryPoint","urlTemplate":"https:\/\/spawlab.pl\/en\/?s={search_term_string}"},"query-input":{"@type":"PropertyValueSpecification","valueRequired":true,"valueName":"search_term_string"}}],"inLanguage":"en-US"},{"@type":["Organization","Place"],"@id":"https:\/\/spawlab.pl\/en\/#organization","name":"Spawlab.pl","url":"https:\/\/spawlab.pl\/en\/","logo":{"@id":"https:\/\/spawlab.pl\/en\/produkt\/sherman-digimig-215-dualpulse\/#local-main-organization-logo"},"image":{"@id":"https:\/\/spawlab.pl\/en\/produkt\/sherman-digimig-215-dualpulse\/#local-main-organization-logo"},"sameAs":["https:\/\/www.facebook.com\/Spawlab\/","https:\/\/www.linkedin.com\/company\/spawlab","https:\/\/www.instagram.com\/spawlab.pl","https:\/\/www.tiktok.com\/@spawlab"],"description":"Lider sprzeda\u017cy, Oficjalny Dystrybutor Premium i Serwis na Polsk\u0119 Migatronic, Gys, Voestalpine Bohler Welding. Nowe i u\u017cywane Spawarki, Przecinarki Plazmowe, Kompresory. Mgr in\u017c. Jaros\u0142aw Ko\u0142aski, IWE","hasMerchantReturnPolicy":{"@type":"MerchantReturnPolicy","merchantReturnLink":"https:\/\/spawlab.pl\/polityka-prywatnosci-2\/"},"telephone":[],"openingHoursSpecification":[{"@type":"OpeningHoursSpecification","dayOfWeek":["Monday","Tuesday","Wednesday","Thursday","Friday","Saturday","Sunday"],"opens":"09:00","closes":"17:00"}]},{"@type":"ImageObject","inLanguage":"en-US","@id":"https:\/\/spawlab.pl\/en\/produkt\/sherman-digimig-215-dualpulse\/#local-main-organization-logo","url":"https:\/\/spawlab.pl\/wp-content\/uploads\/2022\/01\/olx.jpg","contentUrl":"https:\/\/spawlab.pl\/wp-content\/uploads\/2022\/01\/olx.jpg","width":200,"height":200,"caption":"Spawlab.pl"}]},"product_brand":"Sherman","product_price_amount":"2400.00","product_price_currency":"PLN","og_availability":"instock","product_availability":"instock","product_condition":"new"},"_links":{"self":[{"href":"https:\/\/spawlab.pl\/en\/wp-json\/wp\/v2\/product\/30797","targetHints":{"allow":["GET"]}}],"collection":[{"href":"https:\/\/spawlab.pl\/en\/wp-json\/wp\/v2\/product"}],"about":[{"href":"https:\/\/spawlab.pl\/en\/wp-json\/wp\/v2\/types\/product"}],"wp:featuredmedia":[{"embeddable":true,"href":"https:\/\/spawlab.pl\/en\/wp-json\/wp\/v2\/media\/15563"}],"wp:attachment":[{"href":"https:\/\/spawlab.pl\/en\/wp-json\/wp\/v2\/media?parent=30797"}],"wp:term":[{"taxonomy":"product_brand","embeddable":true,"href":"https:\/\/spawlab.pl\/en\/wp-json\/wp\/v2\/product_brand?post=30797"},{"taxonomy":"product_cat","embeddable":true,"href":"https:\/\/spawlab.pl\/en\/wp-json\/wp\/v2\/product_cat?post=30797"},{"taxonomy":"product_tag","embeddable":true,"href":"https:\/\/spawlab.pl\/en\/wp-json\/wp\/v2\/product_tag?post=30797"}],"curies":[{"name":"wp","href":"https:\/\/api.w.org\/{rel}","templated":true}]}}