{"id":30821,"date":"2022-03-11T07:49:58","date_gmt":"2022-03-11T06:49:58","guid":{"rendered":"https:\/\/spawlab.pl\/produkt\/teknel-inductor-dragon-ihd08-3x400v\/"},"modified":"2022-03-11T07:49:58","modified_gmt":"2022-03-11T06:49:58","slug":"teknel-inductor-dragon-ihd08-3x400v","status":"publish","type":"product","link":"https:\/\/spawlab.pl\/en\/produkt\/teknel-inductor-dragon-ihd08-3x400v\/","title":{"rendered":"Teknel INDUCTOR DRAGON IHD08 3x400V"},"content":{"rendered":"<p>INDUCTOR DRAGON IHD08 is a revolutionary induction heater for rapid flameless heating of ferrous metals and aluminum by induction. 3x400V power supply. 10kW power.  <\/p>\n<h2>Technical parameters<\/h2>\n<p><strong>INDUCTOR 10 DRAGON IHD08<\/strong> is a revolutionary induction heater for rapid flameless heating of ferrous metals and aluminum by induction.<\/p>\n<p>Using the rules of electromagnetic induction, it can deliver a tremendous amount of heat to a specific spot in just a few seconds to a depth of 5mm. It heats metal to &#8216;red&#8217; (temperature of about 1000\u02daC) in an area 8x13mm and 5mm thick in 1 second. By heating only the selected area, it does not damage glass, rubber, plastic parts and painted surfaces in the immediate vicinity of the heater&#8217;s operation.  <\/p>\n<p>Recommended for any passenger and commercial vehicle service for body and mechanical repairs. For use in overhaul and wheel alignment, tire changers and mechanic shops. Facilitates removal of locked bolts, nuts, pins, bearings and other automotive parts.  <\/p>\n<p>It guarantees reduced repair time and maximum control of heating during operation. Unlike a gas burner &#8211; the induction heater, heating the metal only in a selected area to a temperature of 500-600\u02daC, does not change the technical characteristics of the steel. <\/p>\n<p>Power adjustable in 10% increments<\/p>\n<h2>Power supply parameters<\/h2>\n<p>Three-phase 3x400V power supply.<\/p>\n<h2>Warranty terms and conditions<\/h2>\n<p>Warranty 12 months for professional use. Warranty service is provided <strong>door-to-door <\/strong>without transportation costs on the user&#8217;s side. Manufactured in the EU.  <\/p>\n<div class=\"row-wrapper\">\n<div class=\"attribute-name\">Current drawn from the grid<\/div>\n<div class=\"attribute-values\">\n<div class=\"attribute-wrapper\">\n<div class=\"attribute-value\">12A<\/div>\n<\/div>\n<\/div>\n<\/div>\n<div class=\"row-wrapper\">\n<div class=\"attribute-name\">Mains protection<\/div>\n<div class=\"attribute-values\">\n<div class=\"attribute-wrapper\">\n<div class=\"attribute-value\">16A delayed<\/div>\n<\/div>\n<\/div>\n<\/div>\n<div class=\"row-wrapper\">\n<div class=\"attribute-name\">Rated supply voltage<\/div>\n<div class=\"attribute-values\">\n<div class=\"attribute-wrapper\">\n<div class=\"attribute-value\">3x400V; 50Hz\/60Hz (3ph)<\/div>\n<\/div>\n<\/div>\n<\/div>\n<div class=\"row-wrapper\">\n<div class=\"attribute-name\">Length of complete cable<\/div>\n<div class=\"attribute-values\">\n<div class=\"attribute-wrapper\">\n<div class=\"attribute-value\">3m<\/div>\n<\/div>\n<\/div>\n<\/div>\n<div class=\"row-wrapper\">\n<div class=\"attribute-name\">Tank capacity<\/div>\n<div class=\"attribute-values\">\n<div class=\"attribute-wrapper\">\n<div class=\"attribute-value\">20 liters<\/div>\n<\/div>\n<\/div>\n<\/div>\n<div class=\"row-wrapper\">\n<div class=\"attribute-name\">Type of cooling<\/div>\n<div class=\"attribute-values\">\n<div class=\"attribute-wrapper\">\n<div class=\"attribute-value\">liquid<\/div>\n<\/div>\n<\/div>\n<\/div>\n<div class=\"row-wrapper\">\n<div class=\"attribute-name\">Degree of protection<\/div>\n<div class=\"attribute-values\">\n<div class=\"attribute-wrapper\">\n<div class=\"attribute-value\">IP21<\/div>\n<\/div>\n<\/div>\n<\/div>\n<div class=\"row-wrapper\">\n<div class=\"attribute-name\">Weight<\/div>\n<div class=\"attribute-values\">\n<div class=\"attribute-wrapper\">\n<div class=\"attribute-value\">80kg with coolant<\/div>\n<\/div>\n<\/div>\n<\/div>\n<div class=\"row-wrapper\">\n<div class=\"attribute-name\">Overall dimensions L x W x H<\/div>\n<div class=\"attribute-values\">\n<div class=\"attribute-wrapper\">\n<div class=\"attribute-value\">43x42x104 cm<\/div>\n<\/div>\n<\/div>\n<\/div>\n<div class=\"row-wrapper\">\n<div class=\"attribute-name\">Continuous operation time<\/div>\n<div class=\"attribute-values\">\n<div class=\"attribute-wrapper\">\n<div class=\"attribute-value\">more than 30 minutes at maximum power<\/div>\n<\/div>\n<\/div>\n<\/div>\n<div class=\"row-wrapper\">\n<div class=\"attribute-name\">Frequency<\/div>\n<div class=\"attribute-values\">\n<div class=\"attribute-wrapper\">\n<div class=\"attribute-value\">15-50 kHz adjustable automatically<\/div>\n<\/div>\n<\/div>\n<\/div>\n<div class=\"row-wrapper\">\n<div class=\"attribute-name\">Continuous power<\/div>\n<div class=\"attribute-values\">\n<div class=\"attribute-wrapper\">\n<div class=\"attribute-value\">8kW<\/div>\n<\/div>\n<\/div>\n<\/div>\n<div class=\"row-wrapper\">\n<div class=\"attribute-name\">Maximum power<\/div>\n<div class=\"attribute-values\">\n<div class=\"attribute-wrapper\">\n<div class=\"attribute-value\">10kW<\/div>\n<\/div>\n<\/div>\n<\/div>\n<div class=\"row-wrapper\">\n<div class=\"attribute-name\">Heating power (temperature about 1000\u02daC)<\/div>\n<div class=\"attribute-values\">\n<div class=\"attribute-wrapper\">\n<div class=\"attribute-value\">8x13x5mm in 1 second<\/div>\n<\/div>\n<\/div>\n<\/div>\n<div class=\"row-wrapper\">\n<div class=\"attribute-name\">Adjustment steps<\/div>\n<div class=\"attribute-values\">\n<div class=\"attribute-wrapper\">\n<div class=\"attribute-value\">10<\/div>\n<\/div>\n<\/div>\n<\/div>\n","protected":false},"excerpt":{"rendered":"<p>INDUCTOR DRAGON IHD08 is a revolutionary induction heater for rapid flameless heating of ferrous metals and aluminum by induction. 3x400V power supply. 10kW power. Technical parameters INDUCTOR 10 DRAGON IHD08 is a revolutionary induction heater for rapid flameless heating of ferrous metals and aluminum by induction. Using the rules of electromagnetic induction, it can deliver [&hellip;]<\/p>\n","protected":false},"featured_media":15442,"template":"","meta":{"inline_featured_image":false},"product_brand":[],"product_cat":[501,474],"product_tag":[],"class_list":{"0":"post-30821","1":"product","2":"type-product","3":"status-publish","4":"has-post-thumbnail","6":"product_cat-induction-heaters","7":"product_cat-new","9":"first","10":"onbackorder","11":"sale","12":"taxable","13":"shipping-taxable","14":"purchasable","15":"product-type-simple"},"yoast_head":"<!-- This site is optimized with the Yoast SEO Premium plugin v27.0 (Yoast SEO v27.3) - https:\/\/yoast.com\/product\/yoast-seo-premium-wordpress\/ -->\n<title>Teknel INDUCTOR DRAGON IHD08 3x400V - SpawLab - Welding equipment and plasma cutters - store and service<\/title>\n<meta name=\"description\" content=\"Lider sprzeda\u017cy, Oficjalny Dystrybutor Premium i Serwis na Polsk\u0119 Migatronic, Gys, Voestalpine Bohler Welding. Nowe i u\u017cywane Spawarki, Przecinarki Plazmowe, Kompresory. Mgr in\u017c. Jaros\u0142aw Ko\u0142aski, IWE\" \/>\n<meta name=\"robots\" content=\"index, follow, max-snippet:-1, max-image-preview:large, max-video-preview:-1\" \/>\n<link rel=\"canonical\" href=\"https:\/\/spawlab.pl\/en\/produkt\/teknel-inductor-dragon-ihd08-3x400v\/\" \/>\n<meta property=\"og:locale\" content=\"en_US\" \/>\n<meta property=\"og:type\" content=\"article\" \/>\n<meta property=\"og:title\" content=\"Teknel INDUCTOR DRAGON IHD08 3x400V\" \/>\n<meta property=\"og:description\" content=\"Lider sprzeda\u017cy, Oficjalny Dystrybutor Premium i Serwis na Polsk\u0119 Migatronic, Gys, Voestalpine Bohler Welding. Nowe i u\u017cywane Spawarki, Przecinarki Plazmowe, Kompresory. Mgr in\u017c. Jaros\u0142aw Ko\u0142aski, IWE\" \/>\n<meta property=\"og:url\" content=\"https:\/\/spawlab.pl\/en\/produkt\/teknel-inductor-dragon-ihd08-3x400v\/\" \/>\n<meta property=\"og:site_name\" content=\"SpawLab - Welding equipment and plasma cutters - store and service\" \/>\n<meta property=\"article:publisher\" content=\"https:\/\/www.facebook.com\/Spawlab\/\" \/>\n<meta property=\"og:image\" content=\"https:\/\/spawlab.pl\/wp-content\/uploads\/2025\/06\/LOGO-SPOLECZN-scaled.png\" \/>\n\t<meta property=\"og:image:width\" content=\"2560\" \/>\n\t<meta property=\"og:image:height\" content=\"1440\" \/>\n\t<meta property=\"og:image:type\" content=\"image\/png\" \/>\n<meta name=\"twitter:label1\" content=\"Price\" \/>\n\t<meta name=\"twitter:data1\" content=\"23 189,00&nbsp;&#122;&#322; (18 852,85&nbsp;&#122;&#322; netto)\" \/>\n\t<meta name=\"twitter:label2\" content=\"Availability\" \/>\n\t<meta name=\"twitter:data2\" content=\"On backorder\" \/>\n<script type=\"application\/ld+json\" class=\"yoast-schema-graph\">{\"@context\":\"https:\\\/\\\/schema.org\",\"@graph\":[{\"@type\":[\"WebPage\",\"ItemPage\"],\"@id\":\"https:\\\/\\\/spawlab.pl\\\/en\\\/produkt\\\/teknel-inductor-dragon-ihd08-3x400v\\\/\",\"url\":\"https:\\\/\\\/spawlab.pl\\\/en\\\/produkt\\\/teknel-inductor-dragon-ihd08-3x400v\\\/\",\"name\":\"Teknel INDUCTOR DRAGON IHD08 3x400V - SpawLab - Welding equipment and plasma cutters - store and service\",\"isPartOf\":{\"@id\":\"https:\\\/\\\/spawlab.pl\\\/en\\\/#website\"},\"primaryImageOfPage\":{\"@id\":\"https:\\\/\\\/spawlab.pl\\\/en\\\/produkt\\\/teknel-inductor-dragon-ihd08-3x400v\\\/#primaryimage\"},\"image\":{\"@id\":\"https:\\\/\\\/spawlab.pl\\\/en\\\/produkt\\\/teknel-inductor-dragon-ihd08-3x400v\\\/#primaryimage\"},\"thumbnailUrl\":\"https:\\\/\\\/spawlab.pl\\\/wp-content\\\/uploads\\\/2022\\\/03\\\/podgrzewacz-indukc-inductor-dragon-ihd08-3x400v-206ae9fb6e72428698ac94c82cb39dd9-c20864ac.jpg\",\"datePublished\":\"2022-03-11T06:49:58+00:00\",\"description\":\"Lider sprzeda\u017cy, Oficjalny Dystrybutor Premium i Serwis na Polsk\u0119 Migatronic, Gys, Voestalpine Bohler Welding. Nowe i u\u017cywane Spawarki, Przecinarki Plazmowe, Kompresory. Mgr in\u017c. Jaros\u0142aw Ko\u0142aski, IWE\",\"breadcrumb\":{\"@id\":\"https:\\\/\\\/spawlab.pl\\\/en\\\/produkt\\\/teknel-inductor-dragon-ihd08-3x400v\\\/#breadcrumb\"},\"inLanguage\":\"en-US\",\"potentialAction\":[{\"@type\":\"ReadAction\",\"target\":[\"https:\\\/\\\/spawlab.pl\\\/en\\\/produkt\\\/teknel-inductor-dragon-ihd08-3x400v\\\/\"]}]},{\"@type\":\"ImageObject\",\"inLanguage\":\"en-US\",\"@id\":\"https:\\\/\\\/spawlab.pl\\\/en\\\/produkt\\\/teknel-inductor-dragon-ihd08-3x400v\\\/#primaryimage\",\"url\":\"https:\\\/\\\/spawlab.pl\\\/wp-content\\\/uploads\\\/2022\\\/03\\\/podgrzewacz-indukc-inductor-dragon-ihd08-3x400v-206ae9fb6e72428698ac94c82cb39dd9-c20864ac.jpg\",\"contentUrl\":\"https:\\\/\\\/spawlab.pl\\\/wp-content\\\/uploads\\\/2022\\\/03\\\/podgrzewacz-indukc-inductor-dragon-ihd08-3x400v-206ae9fb6e72428698ac94c82cb39dd9-c20864ac.jpg\",\"width\":490,\"height\":700},{\"@type\":\"BreadcrumbList\",\"@id\":\"https:\\\/\\\/spawlab.pl\\\/en\\\/produkt\\\/teknel-inductor-dragon-ihd08-3x400v\\\/#breadcrumb\",\"itemListElement\":[{\"@type\":\"ListItem\",\"position\":1,\"name\":\"Strona g\u0142\u00f3wna\",\"item\":\"https:\\\/\\\/spawlab.pl\\\/en\\\/\"},{\"@type\":\"ListItem\",\"position\":2,\"name\":\"Store\",\"item\":\"https:\\\/\\\/spawlab.pl\\\/en\\\/shop\\\/\"},{\"@type\":\"ListItem\",\"position\":3,\"name\":\"Teknel INDUCTOR DRAGON IHD08 3x400V\"}]},{\"@type\":\"WebSite\",\"@id\":\"https:\\\/\\\/spawlab.pl\\\/en\\\/#website\",\"url\":\"https:\\\/\\\/spawlab.pl\\\/en\\\/\",\"name\":\"Spawlab.pl Lider - Spawarki, Przecinarki Plazmowe, Kompresory\",\"description\":\"Urz\u0105dzenia spawalnicze i Przecinarki plazmowe\\\/ nowe i u\u017cywane \\\/ Profesjonalny serwis\",\"publisher\":{\"@id\":\"https:\\\/\\\/spawlab.pl\\\/en\\\/#organization\"},\"alternateName\":\"Spawlab.pl - Dystrybutor Premium i Serwis na Polske Migatronic, Gys, Voestalpine Bohler Welding\",\"potentialAction\":[{\"@type\":\"SearchAction\",\"target\":{\"@type\":\"EntryPoint\",\"urlTemplate\":\"https:\\\/\\\/spawlab.pl\\\/en\\\/?s={search_term_string}\"},\"query-input\":{\"@type\":\"PropertyValueSpecification\",\"valueRequired\":true,\"valueName\":\"search_term_string\"}}],\"inLanguage\":\"en-US\"},{\"@type\":[\"Organization\",\"Place\"],\"@id\":\"https:\\\/\\\/spawlab.pl\\\/en\\\/#organization\",\"name\":\"Spawlab.pl\",\"url\":\"https:\\\/\\\/spawlab.pl\\\/en\\\/\",\"logo\":{\"@id\":\"https:\\\/\\\/spawlab.pl\\\/en\\\/produkt\\\/teknel-inductor-dragon-ihd08-3x400v\\\/#local-main-organization-logo\"},\"image\":{\"@id\":\"https:\\\/\\\/spawlab.pl\\\/en\\\/produkt\\\/teknel-inductor-dragon-ihd08-3x400v\\\/#local-main-organization-logo\"},\"sameAs\":[\"https:\\\/\\\/www.facebook.com\\\/Spawlab\\\/\",\"https:\\\/\\\/www.linkedin.com\\\/company\\\/spawlab\",\"https:\\\/\\\/www.instagram.com\\\/spawlab.pl\",\"https:\\\/\\\/www.tiktok.com\\\/@spawlab\"],\"description\":\"Lider sprzeda\u017cy, Oficjalny Dystrybutor Premium i Serwis na Polsk\u0119 Migatronic, Gys, Voestalpine Bohler Welding. Nowe i u\u017cywane Spawarki, Przecinarki Plazmowe, Kompresory. Mgr in\u017c. Jaros\u0142aw Ko\u0142aski, IWE\",\"hasMerchantReturnPolicy\":{\"@type\":\"MerchantReturnPolicy\",\"merchantReturnLink\":\"https:\\\/\\\/spawlab.pl\\\/polityka-prywatnosci-2\\\/\"},\"telephone\":[],\"openingHoursSpecification\":[{\"@type\":\"OpeningHoursSpecification\",\"dayOfWeek\":[\"Monday\",\"Tuesday\",\"Wednesday\",\"Thursday\",\"Friday\",\"Saturday\",\"Sunday\"],\"opens\":\"09:00\",\"closes\":\"17:00\"}]},{\"@type\":\"ImageObject\",\"inLanguage\":\"en-US\",\"@id\":\"https:\\\/\\\/spawlab.pl\\\/en\\\/produkt\\\/teknel-inductor-dragon-ihd08-3x400v\\\/#local-main-organization-logo\",\"url\":\"https:\\\/\\\/spawlab.pl\\\/wp-content\\\/uploads\\\/2022\\\/01\\\/olx.jpg\",\"contentUrl\":\"https:\\\/\\\/spawlab.pl\\\/wp-content\\\/uploads\\\/2022\\\/01\\\/olx.jpg\",\"width\":200,\"height\":200,\"caption\":\"Spawlab.pl\"}]}<\/script>\n<meta property=\"product:brand\" content=\"Teknel\" \/>\n<meta property=\"product:price:amount\" content=\"23189.00\" \/>\n<meta property=\"product:price:currency\" content=\"PLN\" \/>\n<meta property=\"og:availability\" content=\"backorder\" \/>\n<meta property=\"product:availability\" content=\"available for order\" \/>\n<meta property=\"product:condition\" content=\"new\" \/>\n<!-- \/ Yoast SEO Premium plugin. -->","yoast_head_json":{"title":"Teknel INDUCTOR DRAGON IHD08 3x400V - SpawLab - Welding equipment and plasma cutters - store and service","description":"Lider sprzeda\u017cy, Oficjalny Dystrybutor Premium i Serwis na Polsk\u0119 Migatronic, Gys, Voestalpine Bohler Welding. Nowe i u\u017cywane Spawarki, Przecinarki Plazmowe, Kompresory. Mgr in\u017c. Jaros\u0142aw Ko\u0142aski, IWE","robots":{"index":"index","follow":"follow","max-snippet":"max-snippet:-1","max-image-preview":"max-image-preview:large","max-video-preview":"max-video-preview:-1"},"canonical":"https:\/\/spawlab.pl\/en\/produkt\/teknel-inductor-dragon-ihd08-3x400v\/","og_locale":"en_US","og_type":"article","og_title":"Teknel INDUCTOR DRAGON IHD08 3x400V","og_description":"Lider sprzeda\u017cy, Oficjalny Dystrybutor Premium i Serwis na Polsk\u0119 Migatronic, Gys, Voestalpine Bohler Welding. Nowe i u\u017cywane Spawarki, Przecinarki Plazmowe, Kompresory. Mgr in\u017c. Jaros\u0142aw Ko\u0142aski, IWE","og_url":"https:\/\/spawlab.pl\/en\/produkt\/teknel-inductor-dragon-ihd08-3x400v\/","og_site_name":"SpawLab - Welding equipment and plasma cutters - store and service","article_publisher":"https:\/\/www.facebook.com\/Spawlab\/","og_image":[{"width":2560,"height":1440,"url":"https:\/\/spawlab.pl\/wp-content\/uploads\/2025\/06\/LOGO-SPOLECZN-scaled.png","type":"image\/png"}],"twitter_misc":{"Price":"23 189,00&nbsp;&#122;&#322; (18 852,85&nbsp;&#122;&#322; netto)","Availability":"On backorder"},"schema":{"@context":"https:\/\/schema.org","@graph":[{"@type":["WebPage","ItemPage"],"@id":"https:\/\/spawlab.pl\/en\/produkt\/teknel-inductor-dragon-ihd08-3x400v\/","url":"https:\/\/spawlab.pl\/en\/produkt\/teknel-inductor-dragon-ihd08-3x400v\/","name":"Teknel INDUCTOR DRAGON IHD08 3x400V - SpawLab - Welding equipment and plasma cutters - store and service","isPartOf":{"@id":"https:\/\/spawlab.pl\/en\/#website"},"primaryImageOfPage":{"@id":"https:\/\/spawlab.pl\/en\/produkt\/teknel-inductor-dragon-ihd08-3x400v\/#primaryimage"},"image":{"@id":"https:\/\/spawlab.pl\/en\/produkt\/teknel-inductor-dragon-ihd08-3x400v\/#primaryimage"},"thumbnailUrl":"https:\/\/spawlab.pl\/wp-content\/uploads\/2022\/03\/podgrzewacz-indukc-inductor-dragon-ihd08-3x400v-206ae9fb6e72428698ac94c82cb39dd9-c20864ac.jpg","datePublished":"2022-03-11T06:49:58+00:00","description":"Lider sprzeda\u017cy, Oficjalny Dystrybutor Premium i Serwis na Polsk\u0119 Migatronic, Gys, Voestalpine Bohler Welding. Nowe i u\u017cywane Spawarki, Przecinarki Plazmowe, Kompresory. Mgr in\u017c. Jaros\u0142aw Ko\u0142aski, IWE","breadcrumb":{"@id":"https:\/\/spawlab.pl\/en\/produkt\/teknel-inductor-dragon-ihd08-3x400v\/#breadcrumb"},"inLanguage":"en-US","potentialAction":[{"@type":"ReadAction","target":["https:\/\/spawlab.pl\/en\/produkt\/teknel-inductor-dragon-ihd08-3x400v\/"]}]},{"@type":"ImageObject","inLanguage":"en-US","@id":"https:\/\/spawlab.pl\/en\/produkt\/teknel-inductor-dragon-ihd08-3x400v\/#primaryimage","url":"https:\/\/spawlab.pl\/wp-content\/uploads\/2022\/03\/podgrzewacz-indukc-inductor-dragon-ihd08-3x400v-206ae9fb6e72428698ac94c82cb39dd9-c20864ac.jpg","contentUrl":"https:\/\/spawlab.pl\/wp-content\/uploads\/2022\/03\/podgrzewacz-indukc-inductor-dragon-ihd08-3x400v-206ae9fb6e72428698ac94c82cb39dd9-c20864ac.jpg","width":490,"height":700},{"@type":"BreadcrumbList","@id":"https:\/\/spawlab.pl\/en\/produkt\/teknel-inductor-dragon-ihd08-3x400v\/#breadcrumb","itemListElement":[{"@type":"ListItem","position":1,"name":"Strona g\u0142\u00f3wna","item":"https:\/\/spawlab.pl\/en\/"},{"@type":"ListItem","position":2,"name":"Store","item":"https:\/\/spawlab.pl\/en\/shop\/"},{"@type":"ListItem","position":3,"name":"Teknel INDUCTOR DRAGON IHD08 3x400V"}]},{"@type":"WebSite","@id":"https:\/\/spawlab.pl\/en\/#website","url":"https:\/\/spawlab.pl\/en\/","name":"Spawlab.pl Lider - Spawarki, Przecinarki Plazmowe, Kompresory","description":"Urz\u0105dzenia spawalnicze i Przecinarki plazmowe\/ nowe i u\u017cywane \/ Profesjonalny serwis","publisher":{"@id":"https:\/\/spawlab.pl\/en\/#organization"},"alternateName":"Spawlab.pl - Dystrybutor Premium i Serwis na Polske Migatronic, Gys, Voestalpine Bohler Welding","potentialAction":[{"@type":"SearchAction","target":{"@type":"EntryPoint","urlTemplate":"https:\/\/spawlab.pl\/en\/?s={search_term_string}"},"query-input":{"@type":"PropertyValueSpecification","valueRequired":true,"valueName":"search_term_string"}}],"inLanguage":"en-US"},{"@type":["Organization","Place"],"@id":"https:\/\/spawlab.pl\/en\/#organization","name":"Spawlab.pl","url":"https:\/\/spawlab.pl\/en\/","logo":{"@id":"https:\/\/spawlab.pl\/en\/produkt\/teknel-inductor-dragon-ihd08-3x400v\/#local-main-organization-logo"},"image":{"@id":"https:\/\/spawlab.pl\/en\/produkt\/teknel-inductor-dragon-ihd08-3x400v\/#local-main-organization-logo"},"sameAs":["https:\/\/www.facebook.com\/Spawlab\/","https:\/\/www.linkedin.com\/company\/spawlab","https:\/\/www.instagram.com\/spawlab.pl","https:\/\/www.tiktok.com\/@spawlab"],"description":"Lider sprzeda\u017cy, Oficjalny Dystrybutor Premium i Serwis na Polsk\u0119 Migatronic, Gys, Voestalpine Bohler Welding. Nowe i u\u017cywane Spawarki, Przecinarki Plazmowe, Kompresory. Mgr in\u017c. Jaros\u0142aw Ko\u0142aski, IWE","hasMerchantReturnPolicy":{"@type":"MerchantReturnPolicy","merchantReturnLink":"https:\/\/spawlab.pl\/polityka-prywatnosci-2\/"},"telephone":[],"openingHoursSpecification":[{"@type":"OpeningHoursSpecification","dayOfWeek":["Monday","Tuesday","Wednesday","Thursday","Friday","Saturday","Sunday"],"opens":"09:00","closes":"17:00"}]},{"@type":"ImageObject","inLanguage":"en-US","@id":"https:\/\/spawlab.pl\/en\/produkt\/teknel-inductor-dragon-ihd08-3x400v\/#local-main-organization-logo","url":"https:\/\/spawlab.pl\/wp-content\/uploads\/2022\/01\/olx.jpg","contentUrl":"https:\/\/spawlab.pl\/wp-content\/uploads\/2022\/01\/olx.jpg","width":200,"height":200,"caption":"Spawlab.pl"}]},"product_brand":"Teknel","product_price_amount":"23189.00","product_price_currency":"PLN","og_availability":"backorder","product_availability":"available for order","product_condition":"new"},"_links":{"self":[{"href":"https:\/\/spawlab.pl\/en\/wp-json\/wp\/v2\/product\/30821","targetHints":{"allow":["GET"]}}],"collection":[{"href":"https:\/\/spawlab.pl\/en\/wp-json\/wp\/v2\/product"}],"about":[{"href":"https:\/\/spawlab.pl\/en\/wp-json\/wp\/v2\/types\/product"}],"wp:featuredmedia":[{"embeddable":true,"href":"https:\/\/spawlab.pl\/en\/wp-json\/wp\/v2\/media\/15442"}],"wp:attachment":[{"href":"https:\/\/spawlab.pl\/en\/wp-json\/wp\/v2\/media?parent=30821"}],"wp:term":[{"taxonomy":"product_brand","embeddable":true,"href":"https:\/\/spawlab.pl\/en\/wp-json\/wp\/v2\/product_brand?post=30821"},{"taxonomy":"product_cat","embeddable":true,"href":"https:\/\/spawlab.pl\/en\/wp-json\/wp\/v2\/product_cat?post=30821"},{"taxonomy":"product_tag","embeddable":true,"href":"https:\/\/spawlab.pl\/en\/wp-json\/wp\/v2\/product_tag?post=30821"}],"curies":[{"name":"wp","href":"https:\/\/api.w.org\/{rel}","templated":true}]}}