{"id":30823,"date":"2022-03-11T07:47:41","date_gmt":"2022-03-11T06:47:41","guid":{"rendered":"https:\/\/spawlab.pl\/produkt\/teknel-inductor-dragon-ihd1000-3x400\/"},"modified":"2022-03-11T07:47:41","modified_gmt":"2022-03-11T06:47:41","slug":"teknel-inductor-dragon-ihd1000-3x400","status":"publish","type":"product","link":"https:\/\/spawlab.pl\/en\/produkt\/teknel-inductor-dragon-ihd1000-3x400\/","title":{"rendered":"Teknel INDUCTOR DRAGON IHD1000 3&#215;400"},"content":{"rendered":"<p>INDUCTOR DRAGON IHD1000 is a revolutionary induction heater for rapid flameless heating of ferrous metals and aluminum by induction. 3x400V power supply. 12kW power.  <\/p>\n<p>Technical parameters<br \/>\nINDUCTOR 12 DRAGON IHD1000 is a revolutionary induction heater for rapid flameless heating of ferrous metals and aluminum by induction.<\/p>\n<p>Using the rules of electromagnetic induction, it can deliver a tremendous amount of heat to a specific spot in just a few seconds to a depth of 6mm. It heats metal to &#8216;red&#8217; (temperature of about 1000\u02daC) in an area 10x40mm and 5mm thick in 1 second. By heating only the selected area, it does not damage glass, rubber, plastic parts and painted surfaces in the immediate vicinity of the heater&#8217;s work.  <\/p>\n<p>Recommended for any passenger and commercial vehicle service for body and mechanical repairs. For use in overhaul and wheel alignment, tire changers and mechanic shops. Facilitates removal of locked bolts, nuts, pins, bearings and other automotive parts.  <\/p>\n<p>It guarantees reduced repair time and maximum control of heating during operation. Unlike a gas burner &#8211; the induction heater, heating the metal only in a selected area to a temperature of 500-600\u02daC, does not change the technical characteristics of the steel. <\/p>\n<p>Power adjustable in 10% increments<\/p>\n<p>Power supply parameters<br \/>\nThree-phase power supply 3x400V.<\/p>\n<p>Warranty conditions<br \/>\nWarranty 12 months for professional use. Warranty service is provided door-to-door without transportation costs on the user&#8217;s side. Manufactured in EU.  <\/p>\n<p><iframe title=\"Special customized inductor application\" width=\"500\" height=\"281\" data-src=\"https:\/\/www.youtube.com\/embed\/o1mmGV1Vbc8?feature=oembed\" frameborder=\"0\" allow=\"accelerometer; autoplay; clipboard-write; encrypted-media; gyroscope; picture-in-picture; web-share\" referrerpolicy=\"strict-origin-when-cross-origin\" allowfullscreen src=\"data:image\/svg+xml;base64,PHN2ZyB3aWR0aD0iMSIgaGVpZ2h0PSIxIiB4bWxucz0iaHR0cDovL3d3dy53My5vcmcvMjAwMC9zdmciPjwvc3ZnPg==\" class=\"lazyload\" data-load-mode=\"1\"><\/iframe><\/p>\n<p>Current drawn from the grid<br \/>\n16A<br \/>\nMains protection<br \/>\n16A delayed<br \/>\nRated supply voltage<br \/>\n3x400V; 50Hz\/60Hz (3ph)<br \/>\nLength of complete cable<br \/>\n5 m<br \/>\nTank capacity<br \/>\n25 liters<br \/>\nType of cooling<br \/>\nliquid<br \/>\nDegree of protection<br \/>\nIP 21<br \/>\nWeight<br \/>\n95 kg with coolant<br \/>\nOverall dimensions L x W x H<br \/>\n50x50x100 cm<br \/>\nContinuous operation time<br \/>\nmore than 30 minutes at maximum power<br \/>\nFrequency<br \/>\n15-50 kHz adjustable automatically<br \/>\nContinuous power<br \/>\n11 kW<br \/>\nMaximum power<br \/>\n12 kW<br \/>\nHeating power (temperature about 1000\u02daC)<br \/>\n10x40x5mm in 1 second<br \/>\nAdjustment steps<br \/>\n10<\/p>\n","protected":false},"excerpt":{"rendered":"<p>INDUCTOR DRAGON IHD1000 is a revolutionary induction heater for rapid flameless heating of ferrous metals and aluminum by induction. 3x400V power supply. 12kW power. Technical parameters INDUCTOR 12 DRAGON IHD1000 is a revolutionary induction heater for rapid flameless heating of ferrous metals and aluminum by induction. Using the rules of electromagnetic induction, it can deliver [&hellip;]<\/p>\n","protected":false},"featured_media":15440,"template":"","meta":{"inline_featured_image":false},"product_brand":[],"product_cat":[501,474],"product_tag":[],"class_list":{"0":"post-30823","1":"product","2":"type-product","3":"status-publish","4":"has-post-thumbnail","6":"product_cat-induction-heaters","7":"product_cat-new","9":"first","10":"onbackorder","11":"sale","12":"taxable","13":"shipping-taxable","14":"purchasable","15":"product-type-simple"},"yoast_head":"<!-- This site is optimized with the Yoast SEO Premium plugin v27.0 (Yoast SEO v27.3) - https:\/\/yoast.com\/product\/yoast-seo-premium-wordpress\/ -->\n<title>Teknel INDUCTOR DRAGON IHD1000 3x400 - SpawLab - Welding equipment and plasma cutters - store and service<\/title>\n<meta name=\"description\" content=\"Lider sprzeda\u017cy, Oficjalny Dystrybutor Premium i Serwis na Polsk\u0119 Migatronic, Gys, Voestalpine Bohler Welding. Nowe i u\u017cywane Spawarki, Przecinarki Plazmowe, Kompresory. Mgr in\u017c. Jaros\u0142aw Ko\u0142aski, IWE\" \/>\n<meta name=\"robots\" content=\"index, follow, max-snippet:-1, max-image-preview:large, max-video-preview:-1\" \/>\n<link rel=\"canonical\" href=\"https:\/\/spawlab.pl\/en\/produkt\/teknel-inductor-dragon-ihd1000-3x400\/\" \/>\n<meta property=\"og:locale\" content=\"en_US\" \/>\n<meta property=\"og:type\" content=\"article\" \/>\n<meta property=\"og:title\" content=\"Teknel INDUCTOR DRAGON IHD1000 3x400\" \/>\n<meta property=\"og:description\" content=\"Lider sprzeda\u017cy, Oficjalny Dystrybutor Premium i Serwis na Polsk\u0119 Migatronic, Gys, Voestalpine Bohler Welding. Nowe i u\u017cywane Spawarki, Przecinarki Plazmowe, Kompresory. Mgr in\u017c. Jaros\u0142aw Ko\u0142aski, IWE\" \/>\n<meta property=\"og:url\" content=\"https:\/\/spawlab.pl\/en\/produkt\/teknel-inductor-dragon-ihd1000-3x400\/\" \/>\n<meta property=\"og:site_name\" content=\"SpawLab - Welding equipment and plasma cutters - store and service\" \/>\n<meta property=\"article:publisher\" content=\"https:\/\/www.facebook.com\/Spawlab\/\" \/>\n<meta property=\"og:image\" content=\"https:\/\/spawlab.pl\/wp-content\/uploads\/2025\/06\/LOGO-SPOLECZN-scaled.png\" \/>\n\t<meta property=\"og:image:width\" content=\"2560\" \/>\n\t<meta property=\"og:image:height\" content=\"1440\" \/>\n\t<meta property=\"og:image:type\" content=\"image\/png\" \/>\n<meta name=\"twitter:label1\" content=\"Price\" \/>\n\t<meta name=\"twitter:data1\" content=\"30 149,00&nbsp;&#122;&#322; (24 511,38&nbsp;&#122;&#322; netto)\" \/>\n\t<meta name=\"twitter:label2\" content=\"Availability\" \/>\n\t<meta name=\"twitter:data2\" content=\"On backorder\" \/>\n<script type=\"application\/ld+json\" class=\"yoast-schema-graph\">{\"@context\":\"https:\\\/\\\/schema.org\",\"@graph\":[{\"@type\":[\"WebPage\",\"ItemPage\"],\"@id\":\"https:\\\/\\\/spawlab.pl\\\/en\\\/produkt\\\/teknel-inductor-dragon-ihd1000-3x400\\\/\",\"url\":\"https:\\\/\\\/spawlab.pl\\\/en\\\/produkt\\\/teknel-inductor-dragon-ihd1000-3x400\\\/\",\"name\":\"Teknel INDUCTOR DRAGON IHD1000 3x400 - SpawLab - Welding equipment and plasma cutters - store and service\",\"isPartOf\":{\"@id\":\"https:\\\/\\\/spawlab.pl\\\/en\\\/#website\"},\"primaryImageOfPage\":{\"@id\":\"https:\\\/\\\/spawlab.pl\\\/en\\\/produkt\\\/teknel-inductor-dragon-ihd1000-3x400\\\/#primaryimage\"},\"image\":{\"@id\":\"https:\\\/\\\/spawlab.pl\\\/en\\\/produkt\\\/teknel-inductor-dragon-ihd1000-3x400\\\/#primaryimage\"},\"thumbnailUrl\":\"https:\\\/\\\/spawlab.pl\\\/wp-content\\\/uploads\\\/2022\\\/03\\\/podgrzewacz-indukc-inductor-dragon-ihd1300-3x400-b9257bfb15b046fc939fc3a543653f81-d5180751.jpeg\",\"datePublished\":\"2022-03-11T06:47:41+00:00\",\"description\":\"Lider sprzeda\u017cy, Oficjalny Dystrybutor Premium i Serwis na Polsk\u0119 Migatronic, Gys, Voestalpine Bohler Welding. Nowe i u\u017cywane Spawarki, Przecinarki Plazmowe, Kompresory. Mgr in\u017c. Jaros\u0142aw Ko\u0142aski, IWE\",\"breadcrumb\":{\"@id\":\"https:\\\/\\\/spawlab.pl\\\/en\\\/produkt\\\/teknel-inductor-dragon-ihd1000-3x400\\\/#breadcrumb\"},\"inLanguage\":\"en-US\",\"potentialAction\":[{\"@type\":\"ReadAction\",\"target\":[\"https:\\\/\\\/spawlab.pl\\\/en\\\/produkt\\\/teknel-inductor-dragon-ihd1000-3x400\\\/\"]}]},{\"@type\":\"ImageObject\",\"inLanguage\":\"en-US\",\"@id\":\"https:\\\/\\\/spawlab.pl\\\/en\\\/produkt\\\/teknel-inductor-dragon-ihd1000-3x400\\\/#primaryimage\",\"url\":\"https:\\\/\\\/spawlab.pl\\\/wp-content\\\/uploads\\\/2022\\\/03\\\/podgrzewacz-indukc-inductor-dragon-ihd1300-3x400-b9257bfb15b046fc939fc3a543653f81-d5180751.jpeg\",\"contentUrl\":\"https:\\\/\\\/spawlab.pl\\\/wp-content\\\/uploads\\\/2022\\\/03\\\/podgrzewacz-indukc-inductor-dragon-ihd1300-3x400-b9257bfb15b046fc939fc3a543653f81-d5180751.jpeg\",\"width\":462,\"height\":700},{\"@type\":\"BreadcrumbList\",\"@id\":\"https:\\\/\\\/spawlab.pl\\\/en\\\/produkt\\\/teknel-inductor-dragon-ihd1000-3x400\\\/#breadcrumb\",\"itemListElement\":[{\"@type\":\"ListItem\",\"position\":1,\"name\":\"Strona g\u0142\u00f3wna\",\"item\":\"https:\\\/\\\/spawlab.pl\\\/en\\\/\"},{\"@type\":\"ListItem\",\"position\":2,\"name\":\"Store\",\"item\":\"https:\\\/\\\/spawlab.pl\\\/en\\\/shop\\\/\"},{\"@type\":\"ListItem\",\"position\":3,\"name\":\"Teknel INDUCTOR DRAGON IHD1000 3&#215;400\"}]},{\"@type\":\"WebSite\",\"@id\":\"https:\\\/\\\/spawlab.pl\\\/en\\\/#website\",\"url\":\"https:\\\/\\\/spawlab.pl\\\/en\\\/\",\"name\":\"Spawlab.pl Lider - Spawarki, Przecinarki Plazmowe, Kompresory\",\"description\":\"Urz\u0105dzenia spawalnicze i Przecinarki plazmowe\\\/ nowe i u\u017cywane \\\/ Profesjonalny serwis\",\"publisher\":{\"@id\":\"https:\\\/\\\/spawlab.pl\\\/en\\\/#organization\"},\"alternateName\":\"Spawlab.pl - Dystrybutor Premium i Serwis na Polske Migatronic, Gys, Voestalpine Bohler Welding\",\"potentialAction\":[{\"@type\":\"SearchAction\",\"target\":{\"@type\":\"EntryPoint\",\"urlTemplate\":\"https:\\\/\\\/spawlab.pl\\\/en\\\/?s={search_term_string}\"},\"query-input\":{\"@type\":\"PropertyValueSpecification\",\"valueRequired\":true,\"valueName\":\"search_term_string\"}}],\"inLanguage\":\"en-US\"},{\"@type\":[\"Organization\",\"Place\"],\"@id\":\"https:\\\/\\\/spawlab.pl\\\/en\\\/#organization\",\"name\":\"Spawlab.pl\",\"url\":\"https:\\\/\\\/spawlab.pl\\\/en\\\/\",\"logo\":{\"@id\":\"https:\\\/\\\/spawlab.pl\\\/en\\\/produkt\\\/teknel-inductor-dragon-ihd1000-3x400\\\/#local-main-organization-logo\"},\"image\":{\"@id\":\"https:\\\/\\\/spawlab.pl\\\/en\\\/produkt\\\/teknel-inductor-dragon-ihd1000-3x400\\\/#local-main-organization-logo\"},\"sameAs\":[\"https:\\\/\\\/www.facebook.com\\\/Spawlab\\\/\",\"https:\\\/\\\/www.linkedin.com\\\/company\\\/spawlab\",\"https:\\\/\\\/www.instagram.com\\\/spawlab.pl\",\"https:\\\/\\\/www.tiktok.com\\\/@spawlab\"],\"description\":\"Lider sprzeda\u017cy, Oficjalny Dystrybutor Premium i Serwis na Polsk\u0119 Migatronic, Gys, Voestalpine Bohler Welding. Nowe i u\u017cywane Spawarki, Przecinarki Plazmowe, Kompresory. Mgr in\u017c. Jaros\u0142aw Ko\u0142aski, IWE\",\"hasMerchantReturnPolicy\":{\"@type\":\"MerchantReturnPolicy\",\"merchantReturnLink\":\"https:\\\/\\\/spawlab.pl\\\/polityka-prywatnosci-2\\\/\"},\"telephone\":[],\"openingHoursSpecification\":[{\"@type\":\"OpeningHoursSpecification\",\"dayOfWeek\":[\"Monday\",\"Tuesday\",\"Wednesday\",\"Thursday\",\"Friday\",\"Saturday\",\"Sunday\"],\"opens\":\"09:00\",\"closes\":\"17:00\"}]},{\"@type\":\"ImageObject\",\"inLanguage\":\"en-US\",\"@id\":\"https:\\\/\\\/spawlab.pl\\\/en\\\/produkt\\\/teknel-inductor-dragon-ihd1000-3x400\\\/#local-main-organization-logo\",\"url\":\"https:\\\/\\\/spawlab.pl\\\/wp-content\\\/uploads\\\/2022\\\/01\\\/olx.jpg\",\"contentUrl\":\"https:\\\/\\\/spawlab.pl\\\/wp-content\\\/uploads\\\/2022\\\/01\\\/olx.jpg\",\"width\":200,\"height\":200,\"caption\":\"Spawlab.pl\"}]}<\/script>\n<meta property=\"product:brand\" content=\"Teknel\" \/>\n<meta property=\"product:price:amount\" content=\"30149.00\" \/>\n<meta property=\"product:price:currency\" content=\"PLN\" \/>\n<meta property=\"og:availability\" content=\"backorder\" \/>\n<meta property=\"product:availability\" content=\"available for order\" \/>\n<meta property=\"product:condition\" content=\"new\" \/>\n<!-- \/ Yoast SEO Premium plugin. -->","yoast_head_json":{"title":"Teknel INDUCTOR DRAGON IHD1000 3x400 - SpawLab - Welding equipment and plasma cutters - store and service","description":"Lider sprzeda\u017cy, Oficjalny Dystrybutor Premium i Serwis na Polsk\u0119 Migatronic, Gys, Voestalpine Bohler Welding. Nowe i u\u017cywane Spawarki, Przecinarki Plazmowe, Kompresory. Mgr in\u017c. Jaros\u0142aw Ko\u0142aski, IWE","robots":{"index":"index","follow":"follow","max-snippet":"max-snippet:-1","max-image-preview":"max-image-preview:large","max-video-preview":"max-video-preview:-1"},"canonical":"https:\/\/spawlab.pl\/en\/produkt\/teknel-inductor-dragon-ihd1000-3x400\/","og_locale":"en_US","og_type":"article","og_title":"Teknel INDUCTOR DRAGON IHD1000 3x400","og_description":"Lider sprzeda\u017cy, Oficjalny Dystrybutor Premium i Serwis na Polsk\u0119 Migatronic, Gys, Voestalpine Bohler Welding. Nowe i u\u017cywane Spawarki, Przecinarki Plazmowe, Kompresory. Mgr in\u017c. Jaros\u0142aw Ko\u0142aski, IWE","og_url":"https:\/\/spawlab.pl\/en\/produkt\/teknel-inductor-dragon-ihd1000-3x400\/","og_site_name":"SpawLab - Welding equipment and plasma cutters - store and service","article_publisher":"https:\/\/www.facebook.com\/Spawlab\/","og_image":[{"width":2560,"height":1440,"url":"https:\/\/spawlab.pl\/wp-content\/uploads\/2025\/06\/LOGO-SPOLECZN-scaled.png","type":"image\/png"}],"twitter_misc":{"Price":"30 149,00&nbsp;&#122;&#322; (24 511,38&nbsp;&#122;&#322; netto)","Availability":"On backorder"},"schema":{"@context":"https:\/\/schema.org","@graph":[{"@type":["WebPage","ItemPage"],"@id":"https:\/\/spawlab.pl\/en\/produkt\/teknel-inductor-dragon-ihd1000-3x400\/","url":"https:\/\/spawlab.pl\/en\/produkt\/teknel-inductor-dragon-ihd1000-3x400\/","name":"Teknel INDUCTOR DRAGON IHD1000 3x400 - SpawLab - Welding equipment and plasma cutters - store and service","isPartOf":{"@id":"https:\/\/spawlab.pl\/en\/#website"},"primaryImageOfPage":{"@id":"https:\/\/spawlab.pl\/en\/produkt\/teknel-inductor-dragon-ihd1000-3x400\/#primaryimage"},"image":{"@id":"https:\/\/spawlab.pl\/en\/produkt\/teknel-inductor-dragon-ihd1000-3x400\/#primaryimage"},"thumbnailUrl":"https:\/\/spawlab.pl\/wp-content\/uploads\/2022\/03\/podgrzewacz-indukc-inductor-dragon-ihd1300-3x400-b9257bfb15b046fc939fc3a543653f81-d5180751.jpeg","datePublished":"2022-03-11T06:47:41+00:00","description":"Lider sprzeda\u017cy, Oficjalny Dystrybutor Premium i Serwis na Polsk\u0119 Migatronic, Gys, Voestalpine Bohler Welding. Nowe i u\u017cywane Spawarki, Przecinarki Plazmowe, Kompresory. Mgr in\u017c. Jaros\u0142aw Ko\u0142aski, IWE","breadcrumb":{"@id":"https:\/\/spawlab.pl\/en\/produkt\/teknel-inductor-dragon-ihd1000-3x400\/#breadcrumb"},"inLanguage":"en-US","potentialAction":[{"@type":"ReadAction","target":["https:\/\/spawlab.pl\/en\/produkt\/teknel-inductor-dragon-ihd1000-3x400\/"]}]},{"@type":"ImageObject","inLanguage":"en-US","@id":"https:\/\/spawlab.pl\/en\/produkt\/teknel-inductor-dragon-ihd1000-3x400\/#primaryimage","url":"https:\/\/spawlab.pl\/wp-content\/uploads\/2022\/03\/podgrzewacz-indukc-inductor-dragon-ihd1300-3x400-b9257bfb15b046fc939fc3a543653f81-d5180751.jpeg","contentUrl":"https:\/\/spawlab.pl\/wp-content\/uploads\/2022\/03\/podgrzewacz-indukc-inductor-dragon-ihd1300-3x400-b9257bfb15b046fc939fc3a543653f81-d5180751.jpeg","width":462,"height":700},{"@type":"BreadcrumbList","@id":"https:\/\/spawlab.pl\/en\/produkt\/teknel-inductor-dragon-ihd1000-3x400\/#breadcrumb","itemListElement":[{"@type":"ListItem","position":1,"name":"Strona g\u0142\u00f3wna","item":"https:\/\/spawlab.pl\/en\/"},{"@type":"ListItem","position":2,"name":"Store","item":"https:\/\/spawlab.pl\/en\/shop\/"},{"@type":"ListItem","position":3,"name":"Teknel INDUCTOR DRAGON IHD1000 3&#215;400"}]},{"@type":"WebSite","@id":"https:\/\/spawlab.pl\/en\/#website","url":"https:\/\/spawlab.pl\/en\/","name":"Spawlab.pl Lider - Spawarki, Przecinarki Plazmowe, Kompresory","description":"Urz\u0105dzenia spawalnicze i Przecinarki plazmowe\/ nowe i u\u017cywane \/ Profesjonalny serwis","publisher":{"@id":"https:\/\/spawlab.pl\/en\/#organization"},"alternateName":"Spawlab.pl - Dystrybutor Premium i Serwis na Polske Migatronic, Gys, Voestalpine Bohler Welding","potentialAction":[{"@type":"SearchAction","target":{"@type":"EntryPoint","urlTemplate":"https:\/\/spawlab.pl\/en\/?s={search_term_string}"},"query-input":{"@type":"PropertyValueSpecification","valueRequired":true,"valueName":"search_term_string"}}],"inLanguage":"en-US"},{"@type":["Organization","Place"],"@id":"https:\/\/spawlab.pl\/en\/#organization","name":"Spawlab.pl","url":"https:\/\/spawlab.pl\/en\/","logo":{"@id":"https:\/\/spawlab.pl\/en\/produkt\/teknel-inductor-dragon-ihd1000-3x400\/#local-main-organization-logo"},"image":{"@id":"https:\/\/spawlab.pl\/en\/produkt\/teknel-inductor-dragon-ihd1000-3x400\/#local-main-organization-logo"},"sameAs":["https:\/\/www.facebook.com\/Spawlab\/","https:\/\/www.linkedin.com\/company\/spawlab","https:\/\/www.instagram.com\/spawlab.pl","https:\/\/www.tiktok.com\/@spawlab"],"description":"Lider sprzeda\u017cy, Oficjalny Dystrybutor Premium i Serwis na Polsk\u0119 Migatronic, Gys, Voestalpine Bohler Welding. Nowe i u\u017cywane Spawarki, Przecinarki Plazmowe, Kompresory. Mgr in\u017c. Jaros\u0142aw Ko\u0142aski, IWE","hasMerchantReturnPolicy":{"@type":"MerchantReturnPolicy","merchantReturnLink":"https:\/\/spawlab.pl\/polityka-prywatnosci-2\/"},"telephone":[],"openingHoursSpecification":[{"@type":"OpeningHoursSpecification","dayOfWeek":["Monday","Tuesday","Wednesday","Thursday","Friday","Saturday","Sunday"],"opens":"09:00","closes":"17:00"}]},{"@type":"ImageObject","inLanguage":"en-US","@id":"https:\/\/spawlab.pl\/en\/produkt\/teknel-inductor-dragon-ihd1000-3x400\/#local-main-organization-logo","url":"https:\/\/spawlab.pl\/wp-content\/uploads\/2022\/01\/olx.jpg","contentUrl":"https:\/\/spawlab.pl\/wp-content\/uploads\/2022\/01\/olx.jpg","width":200,"height":200,"caption":"Spawlab.pl"}]},"product_brand":"Teknel","product_price_amount":"30149.00","product_price_currency":"PLN","og_availability":"backorder","product_availability":"available for order","product_condition":"new"},"_links":{"self":[{"href":"https:\/\/spawlab.pl\/en\/wp-json\/wp\/v2\/product\/30823","targetHints":{"allow":["GET"]}}],"collection":[{"href":"https:\/\/spawlab.pl\/en\/wp-json\/wp\/v2\/product"}],"about":[{"href":"https:\/\/spawlab.pl\/en\/wp-json\/wp\/v2\/types\/product"}],"wp:featuredmedia":[{"embeddable":true,"href":"https:\/\/spawlab.pl\/en\/wp-json\/wp\/v2\/media\/15440"}],"wp:attachment":[{"href":"https:\/\/spawlab.pl\/en\/wp-json\/wp\/v2\/media?parent=30823"}],"wp:term":[{"taxonomy":"product_brand","embeddable":true,"href":"https:\/\/spawlab.pl\/en\/wp-json\/wp\/v2\/product_brand?post=30823"},{"taxonomy":"product_cat","embeddable":true,"href":"https:\/\/spawlab.pl\/en\/wp-json\/wp\/v2\/product_cat?post=30823"},{"taxonomy":"product_tag","embeddable":true,"href":"https:\/\/spawlab.pl\/en\/wp-json\/wp\/v2\/product_tag?post=30823"}],"curies":[{"name":"wp","href":"https:\/\/api.w.org\/{rel}","templated":true}]}}