{"id":30834,"date":"2022-03-04T10:26:13","date_gmt":"2022-03-04T09:26:13","guid":{"rendered":"https:\/\/spawlab.pl\/produkt\/welder-fantasy-arc-mma-adore-x-180-igbt\/"},"modified":"2022-03-04T10:26:13","modified_gmt":"2022-03-04T09:26:13","slug":"welder-fantasy-arc-mma-adore-x-180-igbt","status":"publish","type":"product","link":"https:\/\/spawlab.pl\/en\/produkt\/welder-fantasy-arc-mma-adore-x-180-igbt\/","title":{"rendered":"Welder Fantasy ARC MMA ADORE X\/180 IGBT"},"content":{"rendered":"<p><a title=\"Presentation - Video\" href=\"https:\/\/www.youtube.com\/watch?v=-4qmExtR6w4\">Presentation &#8211; Video<\/a><\/p>\n<table border=\"0\" cellspacing=\"0\" cellpadding=\"0\">\n<tbody>\n<tr>\n<td><strong><em><img decoding=\"async\" title=\"IGBT symbol\" data-src=\"https:\/\/fachowiec.com\/pkftp\/strona\/s_metod\/igbt.svg\" alt=\"IGBT symbol\" width=\"117\" height=\"73\" src=\"data:image\/svg+xml;base64,PHN2ZyB3aWR0aD0iMSIgaGVpZ2h0PSIxIiB4bWxucz0iaHR0cDovL3d3dy53My5vcmcvMjAwMC9zdmciPjwvc3ZnPg==\" class=\"lazyload\" style=\"--smush-placeholder-width: 117px; --smush-placeholder-aspect-ratio: 117\/73;\"><\/em><\/strong><\/td>\n<td><strong><em>These<\/em><\/strong><strong><em>ch<\/em><\/strong><strong><em>nol<\/em><\/strong><strong><em>o<\/em><\/strong><strong><em>IGBT &#8211; Insulated Gate Bipolar Transistor &#8211; gia.   <\/em><\/strong><em>is a modern<\/em><em> technology based<\/em><em> based on <\/em> <em>Bipolar transistors with an isolated gate. It combines the ease of control of transistors p <\/em><em>ol wire with high breakdown voltage and switching speed tran<\/em><em>zistors bipolar. The use of IGBT technology has the effect of significantly extending the reliable operation of welding equipment <\/em><strong><em>.<\/em><\/strong><\/td>\n<\/tr>\n<\/tbody>\n<\/table>\n<p><strong>Welder Fantasy ADORE ARC X180<\/strong> welders are the latest installment of the well-known and renowned Welder Fantasy series of welding devices, which have enjoyed unwavering recognition from customers in Poland and abroad for years. The presented device with a compact, compact design, along with a digital display of welding parameters, is designed for welding with the MMA (covered electrode) method. <\/p>\n<p>Thanks to IGBT converter-based technology, ADORE welders are characterized by small dimensions and high efficiency.<\/p>\n<p><strong>It is possible to weld with the following methods:<\/strong><\/p>\n<table border=\"0\">\n<tbody>\n<tr>\n<td><img decoding=\"async\" title=\"MMA method symbol DC+\" data-src=\"https:\/\/fachowiec.com\/pkftp\/strona\/s_metod\/mma_dc_plus.svg\" alt=\"MMA method symbol DC+\" width=\"117\" height=\"73\" src=\"data:image\/svg+xml;base64,PHN2ZyB3aWR0aD0iMSIgaGVpZ2h0PSIxIiB4bWxucz0iaHR0cDovL3d3dy53My5vcmcvMjAwMC9zdmciPjwvc3ZnPg==\" class=\"lazyload\" style=\"--smush-placeholder-width: 117px; --smush-placeholder-aspect-ratio: 117\/73;\"><\/td>\n<td><strong>MMA DC+<\/strong> &#8211; The MMA method uses a covered electrode, consisting of a metal core covered with a lagging. An electric arc is produced between the end of the electrode and the material to be welded. The arc is ignited by touching the end of the electrode to the material to be welded. MMA DC+ means welding with positive polarity &#8211; more heat is released in the material and less in the electrode.   <\/td>\n<\/tr>\n<tr>\n<td><img decoding=\"async\" title=\"MMA method symbol DC-\" data-src=\"https:\/\/fachowiec.com\/pkftp\/strona\/s_metod\/mma_dc_minus.svg\" alt=\"MMA method symbol DC-\" width=\"117\" height=\"73\" src=\"data:image\/svg+xml;base64,PHN2ZyB3aWR0aD0iMSIgaGVpZ2h0PSIxIiB4bWxucz0iaHR0cDovL3d3dy53My5vcmcvMjAwMC9zdmciPjwvc3ZnPg==\" class=\"lazyload\" style=\"--smush-placeholder-width: 117px; --smush-placeholder-aspect-ratio: 117\/73;\"><\/td>\n<td><strong>MMA DC-<\/strong> &#8211; the difference with MMA DC+ is that the polarity in the MMA DC- mode is negative, so the heat distribution is reversed &#8211; more heat is released on the electrode and less in the welded material.<\/td>\n<\/tr>\n<\/tbody>\n<\/table>\n<p><strong>Complete set includes:<\/strong><br \/>\n* WF ADORE X180 welder,<br \/>\n* mass holder with 1.5m cable<br \/>\n* electrode holder with 2.5m cable<br \/>\n* mask + brush<br \/>\n* instructions in Polish.<\/p>\n<p>TECHNICAL DATA:<\/p>\n<table border=\"1\" cellspacing=\"0\" cellpadding=\"0\">\n<tbody>\n<tr>\n<td valign=\"top\" width=\"234\">Supply voltage [V]<\/td>\n<td valign=\"top\" width=\"217\">230<\/td>\n<\/tr>\n<tr>\n<td valign=\"top\" width=\"234\">AC input current [Hz].<\/td>\n<td valign=\"top\" width=\"217\">50\/60<\/td>\n<\/tr>\n<tr>\n<td valign=\"top\" width=\"234\">Protection [A]<\/td>\n<td valign=\"top\" width=\"217\">20<\/td>\n<\/tr>\n<tr>\n<td valign=\"top\" width=\"234\">Idle current voltage [V]<\/td>\n<td valign=\"top\" width=\"217\">60-80<\/td>\n<\/tr>\n<tr>\n<td valign=\"top\" width=\"234\">Output current range [A]<\/td>\n<td valign=\"top\" width=\"217\">20-180<\/td>\n<\/tr>\n<tr>\n<td valign=\"top\" width=\"234\">Efficiency [%]<\/td>\n<td valign=\"top\" width=\"217\">30<\/td>\n<\/tr>\n<tr>\n<td valign=\"top\" width=\"234\">COS power factor<\/td>\n<td valign=\"top\" width=\"217\">0,93<\/td>\n<\/tr>\n<tr>\n<td valign=\"top\" width=\"234\">Degree of protection<\/td>\n<td valign=\"top\" width=\"217\">IP21S<\/td>\n<\/tr>\n<tr>\n<td valign=\"top\" width=\"234\">Weight [kg].<\/td>\n<td valign=\"top\" width=\"217\">4,4<\/td>\n<\/tr>\n<tr>\n<td valign=\"top\" width=\"234\">Dimensions [mm].<\/td>\n<td valign=\"top\" width=\"217\">350*250*150<\/td>\n<\/tr>\n<\/tbody>\n<\/table>\n","protected":false},"excerpt":{"rendered":"<p>Presentation &#8211; Video ThesechnoloIGBT &#8211; Insulated Gate Bipolar Transistor &#8211; gia. is a modern technology based based on Bipolar transistors with an isolated gate. It combines the ease of control of transistors p ol wire with high breakdown voltage and switching speed tranzistors bipolar. The use of IGBT technology has the effect of significantly extending [&hellip;]<\/p>\n","protected":false},"featured_media":15294,"template":"","meta":{"inline_featured_image":false},"product_brand":[],"product_cat":[499,474],"product_tag":[],"class_list":{"0":"post-30834","1":"product","2":"type-product","3":"status-publish","4":"has-post-thumbnail","6":"product_cat-mma-en-2","7":"product_cat-new","9":"first","10":"instock","11":"taxable","12":"shipping-taxable","13":"purchasable","14":"product-type-simple"},"yoast_head":"<!-- This site is optimized with the Yoast SEO Premium plugin v27.0 (Yoast SEO v27.3) - https:\/\/yoast.com\/product\/yoast-seo-premium-wordpress\/ -->\n<title>Welder Fantasy ARC MMA ADORE X\/180 IGBT - SpawLab - Welding equipment and plasma cutters - store and service<\/title>\n<meta name=\"description\" content=\"Lider sprzeda\u017cy, Oficjalny Dystrybutor Premium i Serwis na Polsk\u0119 Migatronic, Gys, Voestalpine Bohler Welding. Nowe i u\u017cywane Spawarki, Przecinarki Plazmowe, Kompresory. Mgr in\u017c. Jaros\u0142aw Ko\u0142aski, IWE\" \/>\n<meta name=\"robots\" content=\"index, follow, max-snippet:-1, max-image-preview:large, max-video-preview:-1\" \/>\n<link rel=\"canonical\" href=\"https:\/\/spawlab.pl\/en\/produkt\/welder-fantasy-arc-mma-adore-x-180-igbt\/\" \/>\n<meta property=\"og:locale\" content=\"en_US\" \/>\n<meta property=\"og:type\" content=\"article\" \/>\n<meta property=\"og:title\" content=\"Welder Fantasy ARC MMA ADORE X\/180 IGBT\" \/>\n<meta property=\"og:description\" content=\"Lider sprzeda\u017cy, Oficjalny Dystrybutor Premium i Serwis na Polsk\u0119 Migatronic, Gys, Voestalpine Bohler Welding. Nowe i u\u017cywane Spawarki, Przecinarki Plazmowe, Kompresory. Mgr in\u017c. Jaros\u0142aw Ko\u0142aski, IWE\" \/>\n<meta property=\"og:url\" content=\"https:\/\/spawlab.pl\/en\/produkt\/welder-fantasy-arc-mma-adore-x-180-igbt\/\" \/>\n<meta property=\"og:site_name\" content=\"SpawLab - Welding equipment and plasma cutters - store and service\" \/>\n<meta property=\"article:publisher\" content=\"https:\/\/www.facebook.com\/Spawlab\/\" \/>\n<meta property=\"og:image\" content=\"https:\/\/fachowiec.com\/pkftp\/strona\/s_metod\/igbt.svg\" \/>\n<meta name=\"twitter:label1\" content=\"Price\" \/>\n\t<meta name=\"twitter:data1\" content=\"510,00&nbsp;&#122;&#322; (414,63&nbsp;&#122;&#322; netto)\" \/>\n\t<meta name=\"twitter:label2\" content=\"Availability\" \/>\n\t<meta name=\"twitter:data2\" content=\"In stock\" \/>\n<script type=\"application\/ld+json\" class=\"yoast-schema-graph\">{\"@context\":\"https:\\\/\\\/schema.org\",\"@graph\":[{\"@type\":[\"WebPage\",\"ItemPage\"],\"@id\":\"https:\\\/\\\/spawlab.pl\\\/en\\\/produkt\\\/welder-fantasy-arc-mma-adore-x-180-igbt\\\/\",\"url\":\"https:\\\/\\\/spawlab.pl\\\/en\\\/produkt\\\/welder-fantasy-arc-mma-adore-x-180-igbt\\\/\",\"name\":\"Welder Fantasy ARC MMA ADORE X\\\/180 IGBT - SpawLab - Welding equipment and plasma cutters - store and service\",\"isPartOf\":{\"@id\":\"https:\\\/\\\/spawlab.pl\\\/en\\\/#website\"},\"primaryImageOfPage\":{\"@id\":\"https:\\\/\\\/spawlab.pl\\\/en\\\/produkt\\\/welder-fantasy-arc-mma-adore-x-180-igbt\\\/#primaryimage\"},\"image\":{\"@id\":\"https:\\\/\\\/spawlab.pl\\\/en\\\/produkt\\\/welder-fantasy-arc-mma-adore-x-180-igbt\\\/#primaryimage\"},\"thumbnailUrl\":\"https:\\\/\\\/spawlab.pl\\\/wp-content\\\/uploads\\\/2022\\\/03\\\/x180.jpg\",\"datePublished\":\"2022-03-04T09:26:13+00:00\",\"description\":\"Lider sprzeda\u017cy, Oficjalny Dystrybutor Premium i Serwis na Polsk\u0119 Migatronic, Gys, Voestalpine Bohler Welding. Nowe i u\u017cywane Spawarki, Przecinarki Plazmowe, Kompresory. Mgr in\u017c. Jaros\u0142aw Ko\u0142aski, IWE\",\"breadcrumb\":{\"@id\":\"https:\\\/\\\/spawlab.pl\\\/en\\\/produkt\\\/welder-fantasy-arc-mma-adore-x-180-igbt\\\/#breadcrumb\"},\"inLanguage\":\"en-US\",\"potentialAction\":[{\"@type\":\"ReadAction\",\"target\":[\"https:\\\/\\\/spawlab.pl\\\/en\\\/produkt\\\/welder-fantasy-arc-mma-adore-x-180-igbt\\\/\"]}]},{\"@type\":\"ImageObject\",\"inLanguage\":\"en-US\",\"@id\":\"https:\\\/\\\/spawlab.pl\\\/en\\\/produkt\\\/welder-fantasy-arc-mma-adore-x-180-igbt\\\/#primaryimage\",\"url\":\"https:\\\/\\\/spawlab.pl\\\/wp-content\\\/uploads\\\/2022\\\/03\\\/x180.jpg\",\"contentUrl\":\"https:\\\/\\\/spawlab.pl\\\/wp-content\\\/uploads\\\/2022\\\/03\\\/x180.jpg\",\"width\":1280,\"height\":1600},{\"@type\":\"BreadcrumbList\",\"@id\":\"https:\\\/\\\/spawlab.pl\\\/en\\\/produkt\\\/welder-fantasy-arc-mma-adore-x-180-igbt\\\/#breadcrumb\",\"itemListElement\":[{\"@type\":\"ListItem\",\"position\":1,\"name\":\"Strona g\u0142\u00f3wna\",\"item\":\"https:\\\/\\\/spawlab.pl\\\/en\\\/\"},{\"@type\":\"ListItem\",\"position\":2,\"name\":\"Store\",\"item\":\"https:\\\/\\\/spawlab.pl\\\/en\\\/shop\\\/\"},{\"@type\":\"ListItem\",\"position\":3,\"name\":\"Welder Fantasy ARC MMA ADORE X\\\/180 IGBT\"}]},{\"@type\":\"WebSite\",\"@id\":\"https:\\\/\\\/spawlab.pl\\\/en\\\/#website\",\"url\":\"https:\\\/\\\/spawlab.pl\\\/en\\\/\",\"name\":\"Spawlab.pl Lider - Spawarki, Przecinarki Plazmowe, Kompresory\",\"description\":\"Urz\u0105dzenia spawalnicze i Przecinarki plazmowe\\\/ nowe i u\u017cywane \\\/ Profesjonalny serwis\",\"publisher\":{\"@id\":\"https:\\\/\\\/spawlab.pl\\\/en\\\/#organization\"},\"alternateName\":\"Spawlab.pl - Dystrybutor Premium i Serwis na Polske Migatronic, Gys, Voestalpine Bohler Welding\",\"potentialAction\":[{\"@type\":\"SearchAction\",\"target\":{\"@type\":\"EntryPoint\",\"urlTemplate\":\"https:\\\/\\\/spawlab.pl\\\/en\\\/?s={search_term_string}\"},\"query-input\":{\"@type\":\"PropertyValueSpecification\",\"valueRequired\":true,\"valueName\":\"search_term_string\"}}],\"inLanguage\":\"en-US\"},{\"@type\":[\"Organization\",\"Place\"],\"@id\":\"https:\\\/\\\/spawlab.pl\\\/en\\\/#organization\",\"name\":\"Spawlab.pl\",\"url\":\"https:\\\/\\\/spawlab.pl\\\/en\\\/\",\"logo\":{\"@id\":\"https:\\\/\\\/spawlab.pl\\\/en\\\/produkt\\\/welder-fantasy-arc-mma-adore-x-180-igbt\\\/#local-main-organization-logo\"},\"image\":{\"@id\":\"https:\\\/\\\/spawlab.pl\\\/en\\\/produkt\\\/welder-fantasy-arc-mma-adore-x-180-igbt\\\/#local-main-organization-logo\"},\"sameAs\":[\"https:\\\/\\\/www.facebook.com\\\/Spawlab\\\/\",\"https:\\\/\\\/www.linkedin.com\\\/company\\\/spawlab\",\"https:\\\/\\\/www.instagram.com\\\/spawlab.pl\",\"https:\\\/\\\/www.tiktok.com\\\/@spawlab\"],\"description\":\"Lider sprzeda\u017cy, Oficjalny Dystrybutor Premium i Serwis na Polsk\u0119 Migatronic, Gys, Voestalpine Bohler Welding. Nowe i u\u017cywane Spawarki, Przecinarki Plazmowe, Kompresory. Mgr in\u017c. Jaros\u0142aw Ko\u0142aski, IWE\",\"hasMerchantReturnPolicy\":{\"@type\":\"MerchantReturnPolicy\",\"merchantReturnLink\":\"https:\\\/\\\/spawlab.pl\\\/polityka-prywatnosci-2\\\/\"},\"telephone\":[],\"openingHoursSpecification\":[{\"@type\":\"OpeningHoursSpecification\",\"dayOfWeek\":[\"Monday\",\"Tuesday\",\"Wednesday\",\"Thursday\",\"Friday\",\"Saturday\",\"Sunday\"],\"opens\":\"09:00\",\"closes\":\"17:00\"}]},{\"@type\":\"ImageObject\",\"inLanguage\":\"en-US\",\"@id\":\"https:\\\/\\\/spawlab.pl\\\/en\\\/produkt\\\/welder-fantasy-arc-mma-adore-x-180-igbt\\\/#local-main-organization-logo\",\"url\":\"https:\\\/\\\/spawlab.pl\\\/wp-content\\\/uploads\\\/2022\\\/01\\\/olx.jpg\",\"contentUrl\":\"https:\\\/\\\/spawlab.pl\\\/wp-content\\\/uploads\\\/2022\\\/01\\\/olx.jpg\",\"width\":200,\"height\":200,\"caption\":\"Spawlab.pl\"}]}<\/script>\n<meta property=\"product:brand\" content=\"Welder Fantasy\" \/>\n<meta property=\"product:price:amount\" content=\"510.00\" \/>\n<meta property=\"product:price:currency\" content=\"PLN\" \/>\n<meta property=\"og:availability\" content=\"instock\" \/>\n<meta property=\"product:availability\" content=\"instock\" \/>\n<meta property=\"product:condition\" content=\"new\" \/>\n<!-- \/ Yoast SEO Premium plugin. -->","yoast_head_json":{"title":"Welder Fantasy ARC MMA ADORE X\/180 IGBT - SpawLab - Welding equipment and plasma cutters - store and service","description":"Lider sprzeda\u017cy, Oficjalny Dystrybutor Premium i Serwis na Polsk\u0119 Migatronic, Gys, Voestalpine Bohler Welding. Nowe i u\u017cywane Spawarki, Przecinarki Plazmowe, Kompresory. Mgr in\u017c. Jaros\u0142aw Ko\u0142aski, IWE","robots":{"index":"index","follow":"follow","max-snippet":"max-snippet:-1","max-image-preview":"max-image-preview:large","max-video-preview":"max-video-preview:-1"},"canonical":"https:\/\/spawlab.pl\/en\/produkt\/welder-fantasy-arc-mma-adore-x-180-igbt\/","og_locale":"en_US","og_type":"article","og_title":"Welder Fantasy ARC MMA ADORE X\/180 IGBT","og_description":"Lider sprzeda\u017cy, Oficjalny Dystrybutor Premium i Serwis na Polsk\u0119 Migatronic, Gys, Voestalpine Bohler Welding. Nowe i u\u017cywane Spawarki, Przecinarki Plazmowe, Kompresory. Mgr in\u017c. Jaros\u0142aw Ko\u0142aski, IWE","og_url":"https:\/\/spawlab.pl\/en\/produkt\/welder-fantasy-arc-mma-adore-x-180-igbt\/","og_site_name":"SpawLab - Welding equipment and plasma cutters - store and service","article_publisher":"https:\/\/www.facebook.com\/Spawlab\/","og_image":[{"url":"https:\/\/fachowiec.com\/pkftp\/strona\/s_metod\/igbt.svg","type":"","width":"","height":""}],"twitter_misc":{"Price":"510,00&nbsp;&#122;&#322; (414,63&nbsp;&#122;&#322; netto)","Availability":"In stock"},"schema":{"@context":"https:\/\/schema.org","@graph":[{"@type":["WebPage","ItemPage"],"@id":"https:\/\/spawlab.pl\/en\/produkt\/welder-fantasy-arc-mma-adore-x-180-igbt\/","url":"https:\/\/spawlab.pl\/en\/produkt\/welder-fantasy-arc-mma-adore-x-180-igbt\/","name":"Welder Fantasy ARC MMA ADORE X\/180 IGBT - SpawLab - Welding equipment and plasma cutters - store and service","isPartOf":{"@id":"https:\/\/spawlab.pl\/en\/#website"},"primaryImageOfPage":{"@id":"https:\/\/spawlab.pl\/en\/produkt\/welder-fantasy-arc-mma-adore-x-180-igbt\/#primaryimage"},"image":{"@id":"https:\/\/spawlab.pl\/en\/produkt\/welder-fantasy-arc-mma-adore-x-180-igbt\/#primaryimage"},"thumbnailUrl":"https:\/\/spawlab.pl\/wp-content\/uploads\/2022\/03\/x180.jpg","datePublished":"2022-03-04T09:26:13+00:00","description":"Lider sprzeda\u017cy, Oficjalny Dystrybutor Premium i Serwis na Polsk\u0119 Migatronic, Gys, Voestalpine Bohler Welding. Nowe i u\u017cywane Spawarki, Przecinarki Plazmowe, Kompresory. Mgr in\u017c. Jaros\u0142aw Ko\u0142aski, IWE","breadcrumb":{"@id":"https:\/\/spawlab.pl\/en\/produkt\/welder-fantasy-arc-mma-adore-x-180-igbt\/#breadcrumb"},"inLanguage":"en-US","potentialAction":[{"@type":"ReadAction","target":["https:\/\/spawlab.pl\/en\/produkt\/welder-fantasy-arc-mma-adore-x-180-igbt\/"]}]},{"@type":"ImageObject","inLanguage":"en-US","@id":"https:\/\/spawlab.pl\/en\/produkt\/welder-fantasy-arc-mma-adore-x-180-igbt\/#primaryimage","url":"https:\/\/spawlab.pl\/wp-content\/uploads\/2022\/03\/x180.jpg","contentUrl":"https:\/\/spawlab.pl\/wp-content\/uploads\/2022\/03\/x180.jpg","width":1280,"height":1600},{"@type":"BreadcrumbList","@id":"https:\/\/spawlab.pl\/en\/produkt\/welder-fantasy-arc-mma-adore-x-180-igbt\/#breadcrumb","itemListElement":[{"@type":"ListItem","position":1,"name":"Strona g\u0142\u00f3wna","item":"https:\/\/spawlab.pl\/en\/"},{"@type":"ListItem","position":2,"name":"Store","item":"https:\/\/spawlab.pl\/en\/shop\/"},{"@type":"ListItem","position":3,"name":"Welder Fantasy ARC MMA ADORE X\/180 IGBT"}]},{"@type":"WebSite","@id":"https:\/\/spawlab.pl\/en\/#website","url":"https:\/\/spawlab.pl\/en\/","name":"Spawlab.pl Lider - Spawarki, Przecinarki Plazmowe, Kompresory","description":"Urz\u0105dzenia spawalnicze i Przecinarki plazmowe\/ nowe i u\u017cywane \/ Profesjonalny serwis","publisher":{"@id":"https:\/\/spawlab.pl\/en\/#organization"},"alternateName":"Spawlab.pl - Dystrybutor Premium i Serwis na Polske Migatronic, Gys, Voestalpine Bohler Welding","potentialAction":[{"@type":"SearchAction","target":{"@type":"EntryPoint","urlTemplate":"https:\/\/spawlab.pl\/en\/?s={search_term_string}"},"query-input":{"@type":"PropertyValueSpecification","valueRequired":true,"valueName":"search_term_string"}}],"inLanguage":"en-US"},{"@type":["Organization","Place"],"@id":"https:\/\/spawlab.pl\/en\/#organization","name":"Spawlab.pl","url":"https:\/\/spawlab.pl\/en\/","logo":{"@id":"https:\/\/spawlab.pl\/en\/produkt\/welder-fantasy-arc-mma-adore-x-180-igbt\/#local-main-organization-logo"},"image":{"@id":"https:\/\/spawlab.pl\/en\/produkt\/welder-fantasy-arc-mma-adore-x-180-igbt\/#local-main-organization-logo"},"sameAs":["https:\/\/www.facebook.com\/Spawlab\/","https:\/\/www.linkedin.com\/company\/spawlab","https:\/\/www.instagram.com\/spawlab.pl","https:\/\/www.tiktok.com\/@spawlab"],"description":"Lider sprzeda\u017cy, Oficjalny Dystrybutor Premium i Serwis na Polsk\u0119 Migatronic, Gys, Voestalpine Bohler Welding. Nowe i u\u017cywane Spawarki, Przecinarki Plazmowe, Kompresory. Mgr in\u017c. Jaros\u0142aw Ko\u0142aski, IWE","hasMerchantReturnPolicy":{"@type":"MerchantReturnPolicy","merchantReturnLink":"https:\/\/spawlab.pl\/polityka-prywatnosci-2\/"},"telephone":[],"openingHoursSpecification":[{"@type":"OpeningHoursSpecification","dayOfWeek":["Monday","Tuesday","Wednesday","Thursday","Friday","Saturday","Sunday"],"opens":"09:00","closes":"17:00"}]},{"@type":"ImageObject","inLanguage":"en-US","@id":"https:\/\/spawlab.pl\/en\/produkt\/welder-fantasy-arc-mma-adore-x-180-igbt\/#local-main-organization-logo","url":"https:\/\/spawlab.pl\/wp-content\/uploads\/2022\/01\/olx.jpg","contentUrl":"https:\/\/spawlab.pl\/wp-content\/uploads\/2022\/01\/olx.jpg","width":200,"height":200,"caption":"Spawlab.pl"}]},"product_brand":"Welder Fantasy","product_price_amount":"510.00","product_price_currency":"PLN","og_availability":"instock","product_availability":"instock","product_condition":"new"},"_links":{"self":[{"href":"https:\/\/spawlab.pl\/en\/wp-json\/wp\/v2\/product\/30834","targetHints":{"allow":["GET"]}}],"collection":[{"href":"https:\/\/spawlab.pl\/en\/wp-json\/wp\/v2\/product"}],"about":[{"href":"https:\/\/spawlab.pl\/en\/wp-json\/wp\/v2\/types\/product"}],"wp:featuredmedia":[{"embeddable":true,"href":"https:\/\/spawlab.pl\/en\/wp-json\/wp\/v2\/media\/15294"}],"wp:attachment":[{"href":"https:\/\/spawlab.pl\/en\/wp-json\/wp\/v2\/media?parent=30834"}],"wp:term":[{"taxonomy":"product_brand","embeddable":true,"href":"https:\/\/spawlab.pl\/en\/wp-json\/wp\/v2\/product_brand?post=30834"},{"taxonomy":"product_cat","embeddable":true,"href":"https:\/\/spawlab.pl\/en\/wp-json\/wp\/v2\/product_cat?post=30834"},{"taxonomy":"product_tag","embeddable":true,"href":"https:\/\/spawlab.pl\/en\/wp-json\/wp\/v2\/product_tag?post=30834"}],"curies":[{"name":"wp","href":"https:\/\/api.w.org\/{rel}","templated":true}]}}