{"id":30840,"date":"2022-03-03T21:19:24","date_gmt":"2022-03-03T20:19:24","guid":{"rendered":"https:\/\/spawlab.pl\/produkt\/welder-fantasy-hefty-ii-80\/"},"modified":"2022-03-03T21:19:24","modified_gmt":"2022-03-03T20:19:24","slug":"welder-fantasy-hefty-ii-80","status":"publish","type":"product","link":"https:\/\/spawlab.pl\/en\/produkt\/welder-fantasy-hefty-ii-80\/","title":{"rendered":"Welder Fantasy HEFTY II 80"},"content":{"rendered":"<p>Welder Fantasy HEFTY II 80<\/p>\n<table border=\"0\" cellspacing=\"0\" cellpadding=\"0\">\n<tbody>\n<tr>\n<td><strong><em><img decoding=\"async\" title=\"IGBT symbol\" data-src=\"https:\/\/fachowiec.com\/pkftp\/strona\/s_metod\/igbt.svg\" alt=\"IGBT symbol\" width=\"117\" height=\"73\" src=\"data:image\/svg+xml;base64,PHN2ZyB3aWR0aD0iMSIgaGVpZ2h0PSIxIiB4bWxucz0iaHR0cDovL3d3dy53My5vcmcvMjAwMC9zdmciPjwvc3ZnPg==\" class=\"lazyload\" style=\"--smush-placeholder-width: 117px; --smush-placeholder-aspect-ratio: 117\/73;\"><\/em><\/strong><\/td>\n<td><strong><em>These<\/em><\/strong><strong><em>ch<\/em><\/strong><strong><em>nol<\/em><\/strong><strong><em>o<\/em><\/strong><strong><em>IGBT &#8211; Insulated Gate Bipolar Transistor &#8211; gia.   <\/em><\/strong><em>is a modern<\/em><em> technology based<\/em><em> based on <\/em> <em>Bipolar transistors with an isolated gate. It combines the ease of control of transistors p <\/em><em>ol wire with high breakdown voltage and switching speed tran<\/em><em>zistors bipolar. The use of IGBT technology has the effect of significantly extending the reliable operation of welding equipment <\/em><strong><em>.<\/em><\/strong><\/td>\n<\/tr>\n<tr>\n<td><strong><em><img decoding=\"async\" title=\"symbol efficiency 60\" data-src=\"https:\/\/fachowiec.com\/pkftp\/strona\/s_metod\/60.svg\" alt=\"symbol efficiency 60\" width=\"117\" height=\"73\" src=\"data:image\/svg+xml;base64,PHN2ZyB3aWR0aD0iMSIgaGVpZ2h0PSIxIiB4bWxucz0iaHR0cDovL3d3dy53My5vcmcvMjAwMC9zdmciPjwvc3ZnPg==\" class=\"lazyload\" style=\"--smush-placeholder-width: 117px; --smush-placeholder-aspect-ratio: 117\/73;\"><\/em><\/strong><\/td>\n<td><em>High <strong>efficiency of<\/strong> the device <strong>60%<\/strong>.<\/em><\/td>\n<\/tr>\n<\/tbody>\n<\/table>\n<p><strong>Welder Fantasy HEFTY II 80<\/strong> plasma cutter is designed for cutting electrically conductive parts made of carbon and alloy steels, aluminum and its alloys, brass, copper, as well as cast iron. Plasma cutters of the new <strong>HEFTY<\/strong> series have 60% cutting efficiency, which allows them to work freely in all conditions, including industrial. The device, thanks to the use of state-of-the-art <strong>IGBT<\/strong> transistors, ensures continuous operation and is trouble-free. The cutter will find use in automotive workshops, shipbuilding, sheet metal, locksmith and many others.   <\/p>\n<p>It is possible to adapt <strong>HEFTY<\/strong> plasma to <strong>CNC<\/strong> machines. In order to select a suitable holder, please contact the store staff. <\/p>\n<p><strong>Features of Welder Fantasy HEFTY plasma cutters:<\/strong><\/p>\n<p>&#8211; high <strong>60% efficiency,<\/strong><\/p>\n<p>&#8211; devices using <strong>IGBT<\/strong> technology<\/p>\n<p>&#8211; <strong>HF<\/strong> pilotless arc ignition system <strong>,<\/strong><\/p>\n<p>&#8211; Compact housing and low weight,<\/p>\n<p>&#8211; Dedicated <strong>reducer with<\/strong> air <strong>filter<\/strong>,<\/p>\n<p>&#8211; A pressure gauge to check air pressure,<\/p>\n<p>&#8211; Infinitely adjustable cutting current,<\/p>\n<p>&#8211; protection against too low an air pressure level,<\/p>\n<p>&#8211; gas <strong>TEST<\/strong> function,<\/p>\n<p>&#8211; Transparent, liftable control <strong>panel cover<\/strong>,<\/p>\n<p>&#8211; <strong>digital display of<\/strong> cutting current.<\/p>\n<p><strong>The complete set includes:<\/strong><\/p>\n<p>&#8211; <strong>Welder Fantasy HEFTY II 80<\/strong> cutting machine,<\/p>\n<p>&#8211; <strong>P80-4m<\/strong> plasma holder,<br \/>\n&#8211; 3m mass holder,<\/p>\n<p>&#8211; Consumable parts<strong>(nozzles<\/strong>, <strong>electrodes<\/strong>, <strong>ceramic bushings<\/strong>),<\/p>\n<p>&#8211; Circulator carriage,<\/p>\n<p>&#8211; air filter-reducer,<\/p>\n<p>&#8211; The instruction manual in Polish and warranty card.<\/p>\n<p>TECHNICAL DATA:<\/p>\n<table border=\"1\" cellspacing=\"0\" cellpadding=\"0\">\n<tbody>\n<tr>\n<td valign=\"top\" width=\"250\">Power supply<\/td>\n<td valign=\"top\" width=\"217\">3~400V 50 Hz<\/td>\n<\/tr>\n<tr>\n<td valign=\"top\" width=\"234\">Power consumption [kVA].<\/td>\n<td valign=\"top\" width=\"217\">12,7<\/td>\n<\/tr>\n<tr>\n<td valign=\"top\" width=\"234\">Delayed protection min. [A] <\/td>\n<td valign=\"top\" width=\"217\">25<\/td>\n<\/tr>\n<tr>\n<td valign=\"top\" width=\"234\">Weight [kg].<\/td>\n<td valign=\"top\" width=\"217\">26<\/td>\n<\/tr>\n<tr>\n<td valign=\"top\" width=\"234\">Dimensions [mm].<\/td>\n<td valign=\"top\" width=\"217\">570*230*430<\/td>\n<\/tr>\n<tr>\n<td colspan=\"2\" valign=\"top\" width=\"255\"><strong>PLASMA PARAMETERS<\/strong><\/td>\n<\/tr>\n<tr>\n<td valign=\"top\" width=\"234\">Cutting current [A]<\/td>\n<td valign=\"top\" width=\"217\">20-80<\/td>\n<\/tr>\n<tr>\n<td valign=\"top\" width=\"234\">60% efficiency [A]<\/td>\n<td valign=\"top\" width=\"217\">80<\/td>\n<\/tr>\n<tr>\n<td valign=\"top\" width=\"234\">100% efficiency [A]<\/td>\n<td valign=\"top\" width=\"217\">63<\/td>\n<\/tr>\n<tr>\n<td valign=\"top\" width=\"234\">Arc striking<\/td>\n<td valign=\"top\" width=\"217\">HF \/ contact<\/td>\n<\/tr>\n<tr>\n<td valign=\"top\" width=\"234\">Thickness of quality cut [mm]<\/td>\n<td valign=\"top\" width=\"217\">27<\/td>\n<\/tr>\n<tr>\n<td valign=\"top\" width=\"234\">Thickness of parting cut [mm]<\/td>\n<td valign=\"top\" width=\"217\">30<\/td>\n<\/tr>\n<tr>\n<td valign=\"top\" width=\"234\">Air intake [l\/min]<\/td>\n<td valign=\"top\" width=\"217\">160<\/td>\n<\/tr>\n<tr>\n<td valign=\"top\" width=\"234\">Air pressure [bar]<\/td>\n<td valign=\"top\" width=\"217\">4-6<\/td>\n<\/tr>\n<\/tbody>\n<\/table>\n<p>&nbsp;<\/p>\n","protected":false},"excerpt":{"rendered":"<p>Welder Fantasy HEFTY II 80 ThesechnoloIGBT &#8211; Insulated Gate Bipolar Transistor &#8211; gia. is a modern technology based based on Bipolar transistors with an isolated gate. It combines the ease of control of transistors p ol wire with high breakdown voltage and switching speed tranzistors bipolar. The use of IGBT technology has the effect of [&hellip;]<\/p>\n","protected":false},"featured_media":15268,"template":"","meta":{"inline_featured_image":false},"product_brand":[],"product_cat":[497,474,478],"product_tag":[],"class_list":{"0":"post-30840","1":"product","2":"type-product","3":"status-publish","4":"has-post-thumbnail","6":"product_cat-gas-cooled-en-6","7":"product_cat-new","8":"product_cat-plasma-cutters-en","10":"first","11":"instock","12":"taxable","13":"shipping-taxable","14":"purchasable","15":"product-type-simple"},"yoast_head":"<!-- This site is optimized with the Yoast SEO Premium plugin v27.5 (Yoast SEO v27.6) - https:\/\/yoast.com\/product\/yoast-seo-premium-wordpress\/ -->\n<title>Welder Fantasy HEFTY II 80 - SpawLab - Welding equipment and plasma cutters - store and service<\/title>\n<meta name=\"description\" content=\"Lider sprzeda\u017cy, Oficjalny Dystrybutor Premium i Serwis na Polsk\u0119 Migatronic, Gys, Voestalpine Bohler Welding. Nowe i u\u017cywane Spawarki, Przecinarki Plazmowe, Kompresory. Mgr in\u017c. Jaros\u0142aw Ko\u0142aski, IWE\" \/>\n<meta name=\"robots\" content=\"index, follow, max-snippet:-1, max-image-preview:large, max-video-preview:-1\" \/>\n<link rel=\"canonical\" href=\"https:\/\/spawlab.pl\/en\/produkt\/welder-fantasy-hefty-ii-80\/\" \/>\n<meta property=\"og:locale\" content=\"en_US\" \/>\n<meta property=\"og:type\" content=\"article\" \/>\n<meta property=\"og:title\" content=\"Welder Fantasy HEFTY II 80\" \/>\n<meta property=\"og:description\" content=\"Lider sprzeda\u017cy, Oficjalny Dystrybutor Premium i Serwis na Polsk\u0119 Migatronic, Gys, Voestalpine Bohler Welding. Nowe i u\u017cywane Spawarki, Przecinarki Plazmowe, Kompresory. Mgr in\u017c. Jaros\u0142aw Ko\u0142aski, IWE\" \/>\n<meta property=\"og:url\" content=\"https:\/\/spawlab.pl\/en\/produkt\/welder-fantasy-hefty-ii-80\/\" \/>\n<meta property=\"og:site_name\" content=\"SpawLab - Welding equipment and plasma cutters - store and service\" \/>\n<meta property=\"article:publisher\" content=\"https:\/\/www.facebook.com\/Spawlab\/\" \/>\n<meta property=\"og:image\" content=\"https:\/\/fachowiec.com\/pkftp\/strona\/s_metod\/igbt.svg\" \/>\n<meta name=\"twitter:label1\" content=\"Price\" \/>\n\t<meta name=\"twitter:data1\" content=\"4 700,00&nbsp;&#122;&#322; (3 821,14&nbsp;&#122;&#322; netto)\" \/>\n\t<meta name=\"twitter:label2\" content=\"Availability\" \/>\n\t<meta name=\"twitter:data2\" content=\"In stock\" \/>\n<script type=\"application\/ld+json\" class=\"yoast-schema-graph\">{\"@context\":\"https:\\\/\\\/schema.org\",\"@graph\":[{\"@type\":[\"WebPage\",\"ItemPage\"],\"@id\":\"https:\\\/\\\/spawlab.pl\\\/en\\\/produkt\\\/welder-fantasy-hefty-ii-80\\\/\",\"url\":\"https:\\\/\\\/spawlab.pl\\\/en\\\/produkt\\\/welder-fantasy-hefty-ii-80\\\/\",\"name\":\"Welder Fantasy HEFTY II 80 - SpawLab - Welding equipment and plasma cutters - store and service\",\"isPartOf\":{\"@id\":\"https:\\\/\\\/spawlab.pl\\\/en\\\/#website\"},\"primaryImageOfPage\":{\"@id\":\"https:\\\/\\\/spawlab.pl\\\/en\\\/produkt\\\/welder-fantasy-hefty-ii-80\\\/#primaryimage\"},\"image\":{\"@id\":\"https:\\\/\\\/spawlab.pl\\\/en\\\/produkt\\\/welder-fantasy-hefty-ii-80\\\/#primaryimage\"},\"thumbnailUrl\":\"https:\\\/\\\/spawlab.pl\\\/wp-content\\\/uploads\\\/2022\\\/03\\\/hy80_2.jpg\",\"datePublished\":\"2022-03-03T20:19:24+00:00\",\"description\":\"Lider sprzeda\u017cy, Oficjalny Dystrybutor Premium i Serwis na Polsk\u0119 Migatronic, Gys, Voestalpine Bohler Welding. Nowe i u\u017cywane Spawarki, Przecinarki Plazmowe, Kompresory. Mgr in\u017c. Jaros\u0142aw Ko\u0142aski, IWE\",\"breadcrumb\":{\"@id\":\"https:\\\/\\\/spawlab.pl\\\/en\\\/produkt\\\/welder-fantasy-hefty-ii-80\\\/#breadcrumb\"},\"inLanguage\":\"en-US\",\"potentialAction\":[{\"@type\":\"ReadAction\",\"target\":[\"https:\\\/\\\/spawlab.pl\\\/en\\\/produkt\\\/welder-fantasy-hefty-ii-80\\\/\"]}]},{\"@type\":\"ImageObject\",\"inLanguage\":\"en-US\",\"@id\":\"https:\\\/\\\/spawlab.pl\\\/en\\\/produkt\\\/welder-fantasy-hefty-ii-80\\\/#primaryimage\",\"url\":\"https:\\\/\\\/spawlab.pl\\\/wp-content\\\/uploads\\\/2022\\\/03\\\/hy80_2.jpg\",\"contentUrl\":\"https:\\\/\\\/spawlab.pl\\\/wp-content\\\/uploads\\\/2022\\\/03\\\/hy80_2.jpg\",\"width\":630,\"height\":685},{\"@type\":\"BreadcrumbList\",\"@id\":\"https:\\\/\\\/spawlab.pl\\\/en\\\/produkt\\\/welder-fantasy-hefty-ii-80\\\/#breadcrumb\",\"itemListElement\":[{\"@type\":\"ListItem\",\"position\":1,\"name\":\"Strona g\u0142\u00f3wna\",\"item\":\"https:\\\/\\\/spawlab.pl\\\/en\\\/\"},{\"@type\":\"ListItem\",\"position\":2,\"name\":\"Store\",\"item\":\"https:\\\/\\\/spawlab.pl\\\/en\\\/shop\\\/\"},{\"@type\":\"ListItem\",\"position\":3,\"name\":\"Welder Fantasy HEFTY II 80\"}]},{\"@type\":\"WebSite\",\"@id\":\"https:\\\/\\\/spawlab.pl\\\/en\\\/#website\",\"url\":\"https:\\\/\\\/spawlab.pl\\\/en\\\/\",\"name\":\"Spawlab.pl Lider - Spawarki, Przecinarki Plazmowe, Kompresory\",\"description\":\"Urz\u0105dzenia spawalnicze i Przecinarki plazmowe\\\/ nowe i u\u017cywane \\\/ Profesjonalny serwis\",\"publisher\":{\"@id\":\"https:\\\/\\\/spawlab.pl\\\/en\\\/#organization\"},\"alternateName\":\"Spawlab.pl - Dystrybutor Premium i Serwis na Polske Migatronic, Gys, Voestalpine Bohler Welding\",\"potentialAction\":[{\"@type\":\"SearchAction\",\"target\":{\"@type\":\"EntryPoint\",\"urlTemplate\":\"https:\\\/\\\/spawlab.pl\\\/en\\\/?s={search_term_string}\"},\"query-input\":{\"@type\":\"PropertyValueSpecification\",\"valueRequired\":true,\"valueName\":\"search_term_string\"}}],\"inLanguage\":\"en-US\"},{\"@type\":[\"Organization\",\"Place\"],\"@id\":\"https:\\\/\\\/spawlab.pl\\\/en\\\/#organization\",\"name\":\"Spawlab.pl\",\"url\":\"https:\\\/\\\/spawlab.pl\\\/en\\\/\",\"logo\":{\"@id\":\"https:\\\/\\\/spawlab.pl\\\/en\\\/produkt\\\/welder-fantasy-hefty-ii-80\\\/#local-main-organization-logo\"},\"image\":{\"@id\":\"https:\\\/\\\/spawlab.pl\\\/en\\\/produkt\\\/welder-fantasy-hefty-ii-80\\\/#local-main-organization-logo\"},\"sameAs\":[\"https:\\\/\\\/www.facebook.com\\\/Spawlab\\\/\",\"https:\\\/\\\/www.linkedin.com\\\/company\\\/spawlab\",\"https:\\\/\\\/www.instagram.com\\\/spawlab.pl\",\"https:\\\/\\\/www.tiktok.com\\\/@spawlab\"],\"description\":\"Lider sprzeda\u017cy, Oficjalny Dystrybutor Premium i Serwis na Polsk\u0119 Migatronic, Gys, Voestalpine Bohler Welding. Nowe i u\u017cywane Spawarki, Przecinarki Plazmowe, Kompresory. Mgr in\u017c. Jaros\u0142aw Ko\u0142aski, IWE\",\"hasMerchantReturnPolicy\":{\"@type\":\"MerchantReturnPolicy\",\"merchantReturnLink\":\"https:\\\/\\\/spawlab.pl\\\/polityka-prywatnosci-2\\\/\"},\"telephone\":[],\"openingHoursSpecification\":[{\"@type\":\"OpeningHoursSpecification\",\"dayOfWeek\":[\"Monday\",\"Tuesday\",\"Wednesday\",\"Thursday\",\"Friday\",\"Saturday\",\"Sunday\"],\"opens\":\"09:00\",\"closes\":\"17:00\"}]},{\"@type\":\"ImageObject\",\"inLanguage\":\"en-US\",\"@id\":\"https:\\\/\\\/spawlab.pl\\\/en\\\/produkt\\\/welder-fantasy-hefty-ii-80\\\/#local-main-organization-logo\",\"url\":\"https:\\\/\\\/spawlab.pl\\\/wp-content\\\/uploads\\\/2022\\\/01\\\/olx.jpg\",\"contentUrl\":\"https:\\\/\\\/spawlab.pl\\\/wp-content\\\/uploads\\\/2022\\\/01\\\/olx.jpg\",\"width\":200,\"height\":200,\"caption\":\"Spawlab.pl\"}]}<\/script>\n<meta property=\"product:brand\" content=\"Welder Fantasy\" \/>\n<meta property=\"product:price:amount\" content=\"4700.00\" \/>\n<meta property=\"product:price:currency\" content=\"PLN\" \/>\n<meta property=\"og:availability\" content=\"instock\" \/>\n<meta property=\"product:availability\" content=\"instock\" \/>\n<meta property=\"product:condition\" content=\"new\" \/>\n<!-- \/ Yoast SEO Premium plugin. -->","yoast_head_json":{"title":"Welder Fantasy HEFTY II 80 - SpawLab - Welding equipment and plasma cutters - store and service","description":"Lider sprzeda\u017cy, Oficjalny Dystrybutor Premium i Serwis na Polsk\u0119 Migatronic, Gys, Voestalpine Bohler Welding. Nowe i u\u017cywane Spawarki, Przecinarki Plazmowe, Kompresory. Mgr in\u017c. Jaros\u0142aw Ko\u0142aski, IWE","robots":{"index":"index","follow":"follow","max-snippet":"max-snippet:-1","max-image-preview":"max-image-preview:large","max-video-preview":"max-video-preview:-1"},"canonical":"https:\/\/spawlab.pl\/en\/produkt\/welder-fantasy-hefty-ii-80\/","og_locale":"en_US","og_type":"article","og_title":"Welder Fantasy HEFTY II 80","og_description":"Lider sprzeda\u017cy, Oficjalny Dystrybutor Premium i Serwis na Polsk\u0119 Migatronic, Gys, Voestalpine Bohler Welding. Nowe i u\u017cywane Spawarki, Przecinarki Plazmowe, Kompresory. Mgr in\u017c. Jaros\u0142aw Ko\u0142aski, IWE","og_url":"https:\/\/spawlab.pl\/en\/produkt\/welder-fantasy-hefty-ii-80\/","og_site_name":"SpawLab - Welding equipment and plasma cutters - store and service","article_publisher":"https:\/\/www.facebook.com\/Spawlab\/","og_image":[{"url":"https:\/\/fachowiec.com\/pkftp\/strona\/s_metod\/igbt.svg","type":"","width":"","height":""}],"twitter_misc":{"Price":"4 700,00&nbsp;&#122;&#322; (3 821,14&nbsp;&#122;&#322; netto)","Availability":"In stock"},"schema":{"@context":"https:\/\/schema.org","@graph":[{"@type":["WebPage","ItemPage"],"@id":"https:\/\/spawlab.pl\/en\/produkt\/welder-fantasy-hefty-ii-80\/","url":"https:\/\/spawlab.pl\/en\/produkt\/welder-fantasy-hefty-ii-80\/","name":"Welder Fantasy HEFTY II 80 - SpawLab - Welding equipment and plasma cutters - store and service","isPartOf":{"@id":"https:\/\/spawlab.pl\/en\/#website"},"primaryImageOfPage":{"@id":"https:\/\/spawlab.pl\/en\/produkt\/welder-fantasy-hefty-ii-80\/#primaryimage"},"image":{"@id":"https:\/\/spawlab.pl\/en\/produkt\/welder-fantasy-hefty-ii-80\/#primaryimage"},"thumbnailUrl":"https:\/\/spawlab.pl\/wp-content\/uploads\/2022\/03\/hy80_2.jpg","datePublished":"2022-03-03T20:19:24+00:00","description":"Lider sprzeda\u017cy, Oficjalny Dystrybutor Premium i Serwis na Polsk\u0119 Migatronic, Gys, Voestalpine Bohler Welding. Nowe i u\u017cywane Spawarki, Przecinarki Plazmowe, Kompresory. Mgr in\u017c. Jaros\u0142aw Ko\u0142aski, IWE","breadcrumb":{"@id":"https:\/\/spawlab.pl\/en\/produkt\/welder-fantasy-hefty-ii-80\/#breadcrumb"},"inLanguage":"en-US","potentialAction":[{"@type":"ReadAction","target":["https:\/\/spawlab.pl\/en\/produkt\/welder-fantasy-hefty-ii-80\/"]}]},{"@type":"ImageObject","inLanguage":"en-US","@id":"https:\/\/spawlab.pl\/en\/produkt\/welder-fantasy-hefty-ii-80\/#primaryimage","url":"https:\/\/spawlab.pl\/wp-content\/uploads\/2022\/03\/hy80_2.jpg","contentUrl":"https:\/\/spawlab.pl\/wp-content\/uploads\/2022\/03\/hy80_2.jpg","width":630,"height":685},{"@type":"BreadcrumbList","@id":"https:\/\/spawlab.pl\/en\/produkt\/welder-fantasy-hefty-ii-80\/#breadcrumb","itemListElement":[{"@type":"ListItem","position":1,"name":"Strona g\u0142\u00f3wna","item":"https:\/\/spawlab.pl\/en\/"},{"@type":"ListItem","position":2,"name":"Store","item":"https:\/\/spawlab.pl\/en\/shop\/"},{"@type":"ListItem","position":3,"name":"Welder Fantasy HEFTY II 80"}]},{"@type":"WebSite","@id":"https:\/\/spawlab.pl\/en\/#website","url":"https:\/\/spawlab.pl\/en\/","name":"Spawlab.pl Lider - Spawarki, Przecinarki Plazmowe, Kompresory","description":"Urz\u0105dzenia spawalnicze i Przecinarki plazmowe\/ nowe i u\u017cywane \/ Profesjonalny serwis","publisher":{"@id":"https:\/\/spawlab.pl\/en\/#organization"},"alternateName":"Spawlab.pl - Dystrybutor Premium i Serwis na Polske Migatronic, Gys, Voestalpine Bohler Welding","potentialAction":[{"@type":"SearchAction","target":{"@type":"EntryPoint","urlTemplate":"https:\/\/spawlab.pl\/en\/?s={search_term_string}"},"query-input":{"@type":"PropertyValueSpecification","valueRequired":true,"valueName":"search_term_string"}}],"inLanguage":"en-US"},{"@type":["Organization","Place"],"@id":"https:\/\/spawlab.pl\/en\/#organization","name":"Spawlab.pl","url":"https:\/\/spawlab.pl\/en\/","logo":{"@id":"https:\/\/spawlab.pl\/en\/produkt\/welder-fantasy-hefty-ii-80\/#local-main-organization-logo"},"image":{"@id":"https:\/\/spawlab.pl\/en\/produkt\/welder-fantasy-hefty-ii-80\/#local-main-organization-logo"},"sameAs":["https:\/\/www.facebook.com\/Spawlab\/","https:\/\/www.linkedin.com\/company\/spawlab","https:\/\/www.instagram.com\/spawlab.pl","https:\/\/www.tiktok.com\/@spawlab"],"description":"Lider sprzeda\u017cy, Oficjalny Dystrybutor Premium i Serwis na Polsk\u0119 Migatronic, Gys, Voestalpine Bohler Welding. Nowe i u\u017cywane Spawarki, Przecinarki Plazmowe, Kompresory. Mgr in\u017c. Jaros\u0142aw Ko\u0142aski, IWE","hasMerchantReturnPolicy":{"@type":"MerchantReturnPolicy","merchantReturnLink":"https:\/\/spawlab.pl\/polityka-prywatnosci-2\/"},"telephone":[],"openingHoursSpecification":[{"@type":"OpeningHoursSpecification","dayOfWeek":["Monday","Tuesday","Wednesday","Thursday","Friday","Saturday","Sunday"],"opens":"09:00","closes":"17:00"}]},{"@type":"ImageObject","inLanguage":"en-US","@id":"https:\/\/spawlab.pl\/en\/produkt\/welder-fantasy-hefty-ii-80\/#local-main-organization-logo","url":"https:\/\/spawlab.pl\/wp-content\/uploads\/2022\/01\/olx.jpg","contentUrl":"https:\/\/spawlab.pl\/wp-content\/uploads\/2022\/01\/olx.jpg","width":200,"height":200,"caption":"Spawlab.pl"}]},"product_brand":"Welder Fantasy","product_price_amount":"4700.00","product_price_currency":"PLN","og_availability":"instock","product_availability":"instock","product_condition":"new"},"_links":{"self":[{"href":"https:\/\/spawlab.pl\/en\/wp-json\/wp\/v2\/product\/30840","targetHints":{"allow":["GET"]}}],"collection":[{"href":"https:\/\/spawlab.pl\/en\/wp-json\/wp\/v2\/product"}],"about":[{"href":"https:\/\/spawlab.pl\/en\/wp-json\/wp\/v2\/types\/product"}],"wp:featuredmedia":[{"embeddable":true,"href":"https:\/\/spawlab.pl\/en\/wp-json\/wp\/v2\/media\/15268"}],"wp:attachment":[{"href":"https:\/\/spawlab.pl\/en\/wp-json\/wp\/v2\/media?parent=30840"}],"wp:term":[{"taxonomy":"product_brand","embeddable":true,"href":"https:\/\/spawlab.pl\/en\/wp-json\/wp\/v2\/product_brand?post=30840"},{"taxonomy":"product_cat","embeddable":true,"href":"https:\/\/spawlab.pl\/en\/wp-json\/wp\/v2\/product_cat?post=30840"},{"taxonomy":"product_tag","embeddable":true,"href":"https:\/\/spawlab.pl\/en\/wp-json\/wp\/v2\/product_tag?post=30840"}],"curies":[{"name":"wp","href":"https:\/\/api.w.org\/{rel}","templated":true}]}}