{"id":30846,"date":"2022-03-03T21:08:38","date_gmt":"2022-03-03T20:08:38","guid":{"rendered":"https:\/\/spawlab.pl\/produkt\/welder-fantasy-kramer-cut-51\/"},"modified":"2022-03-03T21:08:38","modified_gmt":"2022-03-03T20:08:38","slug":"welder-fantasy-kramer-cut-51","status":"publish","type":"product","link":"https:\/\/spawlab.pl\/en\/produkt\/welder-fantasy-kramer-cut-51\/","title":{"rendered":"Welder Fantasy KRAMER CUT 51"},"content":{"rendered":"<p>Welder Fantasy KRAMER CUT 51<\/p>\n<p><strong>KRAMER CUT 51<\/strong> devices are modern inverter plasma cutting machines, characterized by high quality workmanship and reliability. Designed for air plasma cutting of electrically conductive parts made of carbon steel, alloy steel, aluminum and its alloys, brass, copper, as well as cast iron. <\/p>\n<p>The units are factory-equipped with 2T (two-barrel) and 4T (four-barrel), adjustable compressed air discharge time after arc extinction. They have an overload thermal protection system to protect against excessive heating of integrated circuits. They are distinguished by a high efficiency of 60%, so they perform well in all conditions, including industrial conditions. The main advantages of <strong>KRAMER CUT 51 <\/strong> devices<strong>are:<\/strong><strong> low weight, small dimensions, stepless regulation of cutting current <\/strong><strong>ensuring high quality of material cutting.<\/strong>   <strong><br \/>\n<\/strong><\/p>\n<p>Thanks to the use of modern <strong>IGBT<\/strong> technology and high-quality components,<strong> KRAMER CUT 51<\/strong> equipment is ideal for professional welding work in industries such as automotive, metal structures and many others.<\/p>\n<p><strong><em><img decoding=\"async\" title=\"igbt\" data-src=\"https:\/\/fachowiec.com\/pkftp\/strona\/s_metod\/igbt.svg\" alt=\"igbt\" width=\"83\" height=\"52\" src=\"data:image\/svg+xml;base64,PHN2ZyB3aWR0aD0iMSIgaGVpZ2h0PSIxIiB4bWxucz0iaHR0cDovL3d3dy53My5vcmcvMjAwMC9zdmciPjwvc3ZnPg==\" class=\"lazyload\" style=\"--smush-placeholder-width: 83px; --smush-placeholder-aspect-ratio: 83\/52;\"><\/em>Technolo<\/strong><strong>IGBT &#8211; Insulated Gate Bipolar Transistor &#8211; gia.   <\/strong>is a modern technology based on bipolar transistors with an isolated gate. It combines the ease of control of field-effect transistors with the high breakdown voltage and switching speed of bipolar transistors. The use of IGBT technology has the effect of significantly extending the reliable operation of welding equipment<strong>.<\/strong>  <\/p>\n<p><strong><em><img decoding=\"async\" title=\"EFFICIENCY 60%.\" data-src=\"https:\/\/fachowiec.com\/pkftp\/strona\/s_metod\/60.svg\" alt=\"SPEED 60%.\" width=\"83\" height=\"52\" src=\"data:image\/svg+xml;base64,PHN2ZyB3aWR0aD0iMSIgaGVpZ2h0PSIxIiB4bWxucz0iaHR0cDovL3d3dy53My5vcmcvMjAwMC9zdmciPjwvc3ZnPg==\" class=\"lazyload\" style=\"--smush-placeholder-width: 83px; --smush-placeholder-aspect-ratio: 83\/52;\"><\/em><\/strong><strong><em>High efficiency of the device 60%.<\/em><\/strong><\/p>\n<p><strong>THE COMPLETE SET INCLUDES:<\/strong><\/p>\n<p>&#8211; <strong>KRAMER CUT 51<\/strong> plasma cutter<strong>,<\/strong><\/p>\n<p>&#8211; 4m plasma cutting handle,<\/p>\n<p>&#8211; 2m ground wire,<\/p>\n<p>&#8211; filterreducer,<\/p>\n<p>&#8211; nozzle and electrode,<\/p>\n<p>&#8211; Manual in Polish and warranty card<strong>.<\/strong><\/p>\n<p>TECHNICAL DATA:<\/p>\n<table border=\"1\" cellspacing=\"0\" cellpadding=\"0\" align=\"center\">\n<tbody>\n<tr>\n<td valign=\"top\" width=\"234\"><strong>Parameter<\/strong><\/td>\n<td valign=\"top\" width=\"130\"><strong>KRAMER CUT 51<\/strong><\/td>\n<\/tr>\n<tr>\n<td width=\"234\">Supply voltage [V]<\/td>\n<td width=\"130\">1~230<\/td>\n<\/tr>\n<tr>\n<td width=\"234\">Frequency [Hz].<\/td>\n<td width=\"130\">50\/60<\/td>\n<\/tr>\n<tr>\n<td width=\"234\">Power consumption [kVA].<\/td>\n<td width=\"130\">6,3<\/td>\n<\/tr>\n<tr>\n<td width=\"234\"><strong>Cutting current [A].<br \/>\n<\/strong><\/td>\n<td width=\"130\">10 &#8211; 45<\/td>\n<\/tr>\n<tr>\n<td width=\"234\"><strong>Efficiency [%]<br \/>\n<\/strong><\/td>\n<td width=\"130\">60<\/td>\n<\/tr>\n<tr>\n<td width=\"234\">Idling voltage [V]<\/td>\n<td width=\"130\">230<\/td>\n<\/tr>\n<tr>\n<td width=\"130\">Power factor<\/td>\n<td width=\"130\">0,93<\/td>\n<\/tr>\n<tr>\n<td width=\"234\">Arc ignition<\/td>\n<td width=\"130\">Lift (by rubbing)<\/td>\n<\/tr>\n<tr>\n<td width=\"234\">Class of insulation<\/td>\n<td width=\"130\">F<\/td>\n<\/tr>\n<tr>\n<td width=\"234\">Protection<\/td>\n<td width=\"130\">IP21<\/td>\n<\/tr>\n<tr>\n<td width=\"234\">Maximum thickness of cut [mm]<\/td>\n<td width=\"130\">12<\/td>\n<\/tr>\n<tr>\n<td width=\"234\">Weight [kg].<\/td>\n<td width=\"130\">8<\/td>\n<\/tr>\n<tr>\n<td width=\"234\">Dimensions [mm].<\/td>\n<td width=\"130\">410\/160\/305<\/td>\n<\/tr>\n<\/tbody>\n<\/table>\n<p>&nbsp;<\/p>\n","protected":false},"excerpt":{"rendered":"<p>Welder Fantasy KRAMER CUT 51 KRAMER CUT 51 devices are modern inverter plasma cutting machines, characterized by high quality workmanship and reliability. Designed for air plasma cutting of electrically conductive parts made of carbon steel, alloy steel, aluminum and its alloys, brass, copper, as well as cast iron. The units are factory-equipped with 2T (two-barrel) [&hellip;]<\/p>\n","protected":false},"featured_media":15246,"template":"","meta":{"inline_featured_image":false},"product_brand":[],"product_cat":[497,474,478],"product_tag":[],"class_list":{"0":"post-30846","1":"product","2":"type-product","3":"status-publish","4":"has-post-thumbnail","6":"product_cat-gas-cooled-en-6","7":"product_cat-new","8":"product_cat-plasma-cutters-en","10":"first","11":"instock","12":"taxable","13":"shipping-taxable","14":"purchasable","15":"product-type-simple"},"yoast_head":"<!-- This site is optimized with the Yoast SEO Premium plugin v27.5 (Yoast SEO v27.6) - https:\/\/yoast.com\/product\/yoast-seo-premium-wordpress\/ -->\n<title>Welder Fantasy KRAMER CUT 51 - SpawLab - Welding equipment and plasma cutters - store and service<\/title>\n<meta name=\"description\" content=\"Lider sprzeda\u017cy, Oficjalny Dystrybutor Premium i Serwis na Polsk\u0119 Migatronic, Gys, Voestalpine Bohler Welding. Nowe i u\u017cywane Spawarki, Przecinarki Plazmowe, Kompresory. Mgr in\u017c. Jaros\u0142aw Ko\u0142aski, IWE\" \/>\n<meta name=\"robots\" content=\"index, follow, max-snippet:-1, max-image-preview:large, max-video-preview:-1\" \/>\n<link rel=\"canonical\" href=\"https:\/\/spawlab.pl\/en\/produkt\/welder-fantasy-kramer-cut-51\/\" \/>\n<meta property=\"og:locale\" content=\"en_US\" \/>\n<meta property=\"og:type\" content=\"article\" \/>\n<meta property=\"og:title\" content=\"Welder Fantasy KRAMER CUT 51\" \/>\n<meta property=\"og:description\" content=\"Lider sprzeda\u017cy, Oficjalny Dystrybutor Premium i Serwis na Polsk\u0119 Migatronic, Gys, Voestalpine Bohler Welding. Nowe i u\u017cywane Spawarki, Przecinarki Plazmowe, Kompresory. Mgr in\u017c. Jaros\u0142aw Ko\u0142aski, IWE\" \/>\n<meta property=\"og:url\" content=\"https:\/\/spawlab.pl\/en\/produkt\/welder-fantasy-kramer-cut-51\/\" \/>\n<meta property=\"og:site_name\" content=\"SpawLab - Welding equipment and plasma cutters - store and service\" \/>\n<meta property=\"article:publisher\" content=\"https:\/\/www.facebook.com\/Spawlab\/\" \/>\n<meta property=\"og:image\" content=\"https:\/\/fachowiec.com\/pkftp\/strona\/s_metod\/igbt.svg\" \/>\n<meta name=\"twitter:label1\" content=\"Price\" \/>\n\t<meta name=\"twitter:data1\" content=\"1 460,00&nbsp;&#122;&#322; (1 186,99&nbsp;&#122;&#322; netto)\" \/>\n\t<meta name=\"twitter:label2\" content=\"Availability\" \/>\n\t<meta name=\"twitter:data2\" content=\"In stock\" \/>\n<script type=\"application\/ld+json\" class=\"yoast-schema-graph\">{\"@context\":\"https:\\\/\\\/schema.org\",\"@graph\":[{\"@type\":[\"WebPage\",\"ItemPage\"],\"@id\":\"https:\\\/\\\/spawlab.pl\\\/en\\\/produkt\\\/welder-fantasy-kramer-cut-51\\\/\",\"url\":\"https:\\\/\\\/spawlab.pl\\\/en\\\/produkt\\\/welder-fantasy-kramer-cut-51\\\/\",\"name\":\"Welder Fantasy KRAMER CUT 51 - SpawLab - Welding equipment and plasma cutters - store and service\",\"isPartOf\":{\"@id\":\"https:\\\/\\\/spawlab.pl\\\/en\\\/#website\"},\"primaryImageOfPage\":{\"@id\":\"https:\\\/\\\/spawlab.pl\\\/en\\\/produkt\\\/welder-fantasy-kramer-cut-51\\\/#primaryimage\"},\"image\":{\"@id\":\"https:\\\/\\\/spawlab.pl\\\/en\\\/produkt\\\/welder-fantasy-kramer-cut-51\\\/#primaryimage\"},\"thumbnailUrl\":\"https:\\\/\\\/spawlab.pl\\\/wp-content\\\/uploads\\\/2022\\\/03\\\/kr51hf.jpg\",\"datePublished\":\"2022-03-03T20:08:38+00:00\",\"description\":\"Lider sprzeda\u017cy, Oficjalny Dystrybutor Premium i Serwis na Polsk\u0119 Migatronic, Gys, Voestalpine Bohler Welding. Nowe i u\u017cywane Spawarki, Przecinarki Plazmowe, Kompresory. Mgr in\u017c. Jaros\u0142aw Ko\u0142aski, IWE\",\"breadcrumb\":{\"@id\":\"https:\\\/\\\/spawlab.pl\\\/en\\\/produkt\\\/welder-fantasy-kramer-cut-51\\\/#breadcrumb\"},\"inLanguage\":\"en-US\",\"potentialAction\":[{\"@type\":\"ReadAction\",\"target\":[\"https:\\\/\\\/spawlab.pl\\\/en\\\/produkt\\\/welder-fantasy-kramer-cut-51\\\/\"]}]},{\"@type\":\"ImageObject\",\"inLanguage\":\"en-US\",\"@id\":\"https:\\\/\\\/spawlab.pl\\\/en\\\/produkt\\\/welder-fantasy-kramer-cut-51\\\/#primaryimage\",\"url\":\"https:\\\/\\\/spawlab.pl\\\/wp-content\\\/uploads\\\/2022\\\/03\\\/kr51hf.jpg\",\"contentUrl\":\"https:\\\/\\\/spawlab.pl\\\/wp-content\\\/uploads\\\/2022\\\/03\\\/kr51hf.jpg\",\"width\":1239,\"height\":1600},{\"@type\":\"BreadcrumbList\",\"@id\":\"https:\\\/\\\/spawlab.pl\\\/en\\\/produkt\\\/welder-fantasy-kramer-cut-51\\\/#breadcrumb\",\"itemListElement\":[{\"@type\":\"ListItem\",\"position\":1,\"name\":\"Strona g\u0142\u00f3wna\",\"item\":\"https:\\\/\\\/spawlab.pl\\\/en\\\/\"},{\"@type\":\"ListItem\",\"position\":2,\"name\":\"Store\",\"item\":\"https:\\\/\\\/spawlab.pl\\\/en\\\/shop\\\/\"},{\"@type\":\"ListItem\",\"position\":3,\"name\":\"Welder Fantasy KRAMER CUT 51\"}]},{\"@type\":\"WebSite\",\"@id\":\"https:\\\/\\\/spawlab.pl\\\/en\\\/#website\",\"url\":\"https:\\\/\\\/spawlab.pl\\\/en\\\/\",\"name\":\"Spawlab.pl Lider - Spawarki, Przecinarki Plazmowe, Kompresory\",\"description\":\"Urz\u0105dzenia spawalnicze i Przecinarki plazmowe\\\/ nowe i u\u017cywane \\\/ Profesjonalny serwis\",\"publisher\":{\"@id\":\"https:\\\/\\\/spawlab.pl\\\/en\\\/#organization\"},\"alternateName\":\"Spawlab.pl - Dystrybutor Premium i Serwis na Polske Migatronic, Gys, Voestalpine Bohler Welding\",\"potentialAction\":[{\"@type\":\"SearchAction\",\"target\":{\"@type\":\"EntryPoint\",\"urlTemplate\":\"https:\\\/\\\/spawlab.pl\\\/en\\\/?s={search_term_string}\"},\"query-input\":{\"@type\":\"PropertyValueSpecification\",\"valueRequired\":true,\"valueName\":\"search_term_string\"}}],\"inLanguage\":\"en-US\"},{\"@type\":[\"Organization\",\"Place\"],\"@id\":\"https:\\\/\\\/spawlab.pl\\\/en\\\/#organization\",\"name\":\"Spawlab.pl\",\"url\":\"https:\\\/\\\/spawlab.pl\\\/en\\\/\",\"logo\":{\"@id\":\"https:\\\/\\\/spawlab.pl\\\/en\\\/produkt\\\/welder-fantasy-kramer-cut-51\\\/#local-main-organization-logo\"},\"image\":{\"@id\":\"https:\\\/\\\/spawlab.pl\\\/en\\\/produkt\\\/welder-fantasy-kramer-cut-51\\\/#local-main-organization-logo\"},\"sameAs\":[\"https:\\\/\\\/www.facebook.com\\\/Spawlab\\\/\",\"https:\\\/\\\/www.linkedin.com\\\/company\\\/spawlab\",\"https:\\\/\\\/www.instagram.com\\\/spawlab.pl\",\"https:\\\/\\\/www.tiktok.com\\\/@spawlab\"],\"description\":\"Lider sprzeda\u017cy, Oficjalny Dystrybutor Premium i Serwis na Polsk\u0119 Migatronic, Gys, Voestalpine Bohler Welding. Nowe i u\u017cywane Spawarki, Przecinarki Plazmowe, Kompresory. Mgr in\u017c. Jaros\u0142aw Ko\u0142aski, IWE\",\"hasMerchantReturnPolicy\":{\"@type\":\"MerchantReturnPolicy\",\"merchantReturnLink\":\"https:\\\/\\\/spawlab.pl\\\/polityka-prywatnosci-2\\\/\"},\"telephone\":[],\"openingHoursSpecification\":[{\"@type\":\"OpeningHoursSpecification\",\"dayOfWeek\":[\"Monday\",\"Tuesday\",\"Wednesday\",\"Thursday\",\"Friday\",\"Saturday\",\"Sunday\"],\"opens\":\"09:00\",\"closes\":\"17:00\"}]},{\"@type\":\"ImageObject\",\"inLanguage\":\"en-US\",\"@id\":\"https:\\\/\\\/spawlab.pl\\\/en\\\/produkt\\\/welder-fantasy-kramer-cut-51\\\/#local-main-organization-logo\",\"url\":\"https:\\\/\\\/spawlab.pl\\\/wp-content\\\/uploads\\\/2022\\\/01\\\/olx.jpg\",\"contentUrl\":\"https:\\\/\\\/spawlab.pl\\\/wp-content\\\/uploads\\\/2022\\\/01\\\/olx.jpg\",\"width\":200,\"height\":200,\"caption\":\"Spawlab.pl\"}]}<\/script>\n<meta property=\"product:brand\" content=\"Welder Fantasy\" \/>\n<meta property=\"product:price:amount\" content=\"1460.00\" \/>\n<meta property=\"product:price:currency\" content=\"PLN\" \/>\n<meta property=\"og:availability\" content=\"instock\" \/>\n<meta property=\"product:availability\" content=\"instock\" \/>\n<meta property=\"product:condition\" content=\"new\" \/>\n<!-- \/ Yoast SEO Premium plugin. -->","yoast_head_json":{"title":"Welder Fantasy KRAMER CUT 51 - SpawLab - Welding equipment and plasma cutters - store and service","description":"Lider sprzeda\u017cy, Oficjalny Dystrybutor Premium i Serwis na Polsk\u0119 Migatronic, Gys, Voestalpine Bohler Welding. Nowe i u\u017cywane Spawarki, Przecinarki Plazmowe, Kompresory. Mgr in\u017c. Jaros\u0142aw Ko\u0142aski, IWE","robots":{"index":"index","follow":"follow","max-snippet":"max-snippet:-1","max-image-preview":"max-image-preview:large","max-video-preview":"max-video-preview:-1"},"canonical":"https:\/\/spawlab.pl\/en\/produkt\/welder-fantasy-kramer-cut-51\/","og_locale":"en_US","og_type":"article","og_title":"Welder Fantasy KRAMER CUT 51","og_description":"Lider sprzeda\u017cy, Oficjalny Dystrybutor Premium i Serwis na Polsk\u0119 Migatronic, Gys, Voestalpine Bohler Welding. Nowe i u\u017cywane Spawarki, Przecinarki Plazmowe, Kompresory. Mgr in\u017c. Jaros\u0142aw Ko\u0142aski, IWE","og_url":"https:\/\/spawlab.pl\/en\/produkt\/welder-fantasy-kramer-cut-51\/","og_site_name":"SpawLab - Welding equipment and plasma cutters - store and service","article_publisher":"https:\/\/www.facebook.com\/Spawlab\/","og_image":[{"url":"https:\/\/fachowiec.com\/pkftp\/strona\/s_metod\/igbt.svg","type":"","width":"","height":""}],"twitter_misc":{"Price":"1 460,00&nbsp;&#122;&#322; (1 186,99&nbsp;&#122;&#322; netto)","Availability":"In stock"},"schema":{"@context":"https:\/\/schema.org","@graph":[{"@type":["WebPage","ItemPage"],"@id":"https:\/\/spawlab.pl\/en\/produkt\/welder-fantasy-kramer-cut-51\/","url":"https:\/\/spawlab.pl\/en\/produkt\/welder-fantasy-kramer-cut-51\/","name":"Welder Fantasy KRAMER CUT 51 - SpawLab - Welding equipment and plasma cutters - store and service","isPartOf":{"@id":"https:\/\/spawlab.pl\/en\/#website"},"primaryImageOfPage":{"@id":"https:\/\/spawlab.pl\/en\/produkt\/welder-fantasy-kramer-cut-51\/#primaryimage"},"image":{"@id":"https:\/\/spawlab.pl\/en\/produkt\/welder-fantasy-kramer-cut-51\/#primaryimage"},"thumbnailUrl":"https:\/\/spawlab.pl\/wp-content\/uploads\/2022\/03\/kr51hf.jpg","datePublished":"2022-03-03T20:08:38+00:00","description":"Lider sprzeda\u017cy, Oficjalny Dystrybutor Premium i Serwis na Polsk\u0119 Migatronic, Gys, Voestalpine Bohler Welding. Nowe i u\u017cywane Spawarki, Przecinarki Plazmowe, Kompresory. Mgr in\u017c. Jaros\u0142aw Ko\u0142aski, IWE","breadcrumb":{"@id":"https:\/\/spawlab.pl\/en\/produkt\/welder-fantasy-kramer-cut-51\/#breadcrumb"},"inLanguage":"en-US","potentialAction":[{"@type":"ReadAction","target":["https:\/\/spawlab.pl\/en\/produkt\/welder-fantasy-kramer-cut-51\/"]}]},{"@type":"ImageObject","inLanguage":"en-US","@id":"https:\/\/spawlab.pl\/en\/produkt\/welder-fantasy-kramer-cut-51\/#primaryimage","url":"https:\/\/spawlab.pl\/wp-content\/uploads\/2022\/03\/kr51hf.jpg","contentUrl":"https:\/\/spawlab.pl\/wp-content\/uploads\/2022\/03\/kr51hf.jpg","width":1239,"height":1600},{"@type":"BreadcrumbList","@id":"https:\/\/spawlab.pl\/en\/produkt\/welder-fantasy-kramer-cut-51\/#breadcrumb","itemListElement":[{"@type":"ListItem","position":1,"name":"Strona g\u0142\u00f3wna","item":"https:\/\/spawlab.pl\/en\/"},{"@type":"ListItem","position":2,"name":"Store","item":"https:\/\/spawlab.pl\/en\/shop\/"},{"@type":"ListItem","position":3,"name":"Welder Fantasy KRAMER CUT 51"}]},{"@type":"WebSite","@id":"https:\/\/spawlab.pl\/en\/#website","url":"https:\/\/spawlab.pl\/en\/","name":"Spawlab.pl Lider - Spawarki, Przecinarki Plazmowe, Kompresory","description":"Urz\u0105dzenia spawalnicze i Przecinarki plazmowe\/ nowe i u\u017cywane \/ Profesjonalny serwis","publisher":{"@id":"https:\/\/spawlab.pl\/en\/#organization"},"alternateName":"Spawlab.pl - Dystrybutor Premium i Serwis na Polske Migatronic, Gys, Voestalpine Bohler Welding","potentialAction":[{"@type":"SearchAction","target":{"@type":"EntryPoint","urlTemplate":"https:\/\/spawlab.pl\/en\/?s={search_term_string}"},"query-input":{"@type":"PropertyValueSpecification","valueRequired":true,"valueName":"search_term_string"}}],"inLanguage":"en-US"},{"@type":["Organization","Place"],"@id":"https:\/\/spawlab.pl\/en\/#organization","name":"Spawlab.pl","url":"https:\/\/spawlab.pl\/en\/","logo":{"@id":"https:\/\/spawlab.pl\/en\/produkt\/welder-fantasy-kramer-cut-51\/#local-main-organization-logo"},"image":{"@id":"https:\/\/spawlab.pl\/en\/produkt\/welder-fantasy-kramer-cut-51\/#local-main-organization-logo"},"sameAs":["https:\/\/www.facebook.com\/Spawlab\/","https:\/\/www.linkedin.com\/company\/spawlab","https:\/\/www.instagram.com\/spawlab.pl","https:\/\/www.tiktok.com\/@spawlab"],"description":"Lider sprzeda\u017cy, Oficjalny Dystrybutor Premium i Serwis na Polsk\u0119 Migatronic, Gys, Voestalpine Bohler Welding. Nowe i u\u017cywane Spawarki, Przecinarki Plazmowe, Kompresory. Mgr in\u017c. Jaros\u0142aw Ko\u0142aski, IWE","hasMerchantReturnPolicy":{"@type":"MerchantReturnPolicy","merchantReturnLink":"https:\/\/spawlab.pl\/polityka-prywatnosci-2\/"},"telephone":[],"openingHoursSpecification":[{"@type":"OpeningHoursSpecification","dayOfWeek":["Monday","Tuesday","Wednesday","Thursday","Friday","Saturday","Sunday"],"opens":"09:00","closes":"17:00"}]},{"@type":"ImageObject","inLanguage":"en-US","@id":"https:\/\/spawlab.pl\/en\/produkt\/welder-fantasy-kramer-cut-51\/#local-main-organization-logo","url":"https:\/\/spawlab.pl\/wp-content\/uploads\/2022\/01\/olx.jpg","contentUrl":"https:\/\/spawlab.pl\/wp-content\/uploads\/2022\/01\/olx.jpg","width":200,"height":200,"caption":"Spawlab.pl"}]},"product_brand":"Welder Fantasy","product_price_amount":"1460.00","product_price_currency":"PLN","og_availability":"instock","product_availability":"instock","product_condition":"new"},"_links":{"self":[{"href":"https:\/\/spawlab.pl\/en\/wp-json\/wp\/v2\/product\/30846","targetHints":{"allow":["GET"]}}],"collection":[{"href":"https:\/\/spawlab.pl\/en\/wp-json\/wp\/v2\/product"}],"about":[{"href":"https:\/\/spawlab.pl\/en\/wp-json\/wp\/v2\/types\/product"}],"wp:featuredmedia":[{"embeddable":true,"href":"https:\/\/spawlab.pl\/en\/wp-json\/wp\/v2\/media\/15246"}],"wp:attachment":[{"href":"https:\/\/spawlab.pl\/en\/wp-json\/wp\/v2\/media?parent=30846"}],"wp:term":[{"taxonomy":"product_brand","embeddable":true,"href":"https:\/\/spawlab.pl\/en\/wp-json\/wp\/v2\/product_brand?post=30846"},{"taxonomy":"product_cat","embeddable":true,"href":"https:\/\/spawlab.pl\/en\/wp-json\/wp\/v2\/product_cat?post=30846"},{"taxonomy":"product_tag","embeddable":true,"href":"https:\/\/spawlab.pl\/en\/wp-json\/wp\/v2\/product_tag?post=30846"}],"curies":[{"name":"wp","href":"https:\/\/api.w.org\/{rel}","templated":true}]}}