{"id":30879,"date":"2022-02-20T12:54:31","date_gmt":"2022-02-20T11:54:31","guid":{"rendered":"https:\/\/spawlab.pl\/produkt\/weldman-magic-mig-200\/"},"modified":"2022-02-20T12:54:31","modified_gmt":"2022-02-20T11:54:31","slug":"weldman-magic-mig-200","status":"publish","type":"product","link":"https:\/\/spawlab.pl\/en\/produkt\/weldman-magic-mig-200\/","title":{"rendered":"Weldman MAGIC MIG 200"},"content":{"rendered":"<p><a title=\"Presentation - Video\" href=\"https:\/\/youtu.be\/n_bLu-2ChrQ\">Presentation &#8211; Video<\/a><\/p>\n<p><b>The Magic Mig 200 semi-automatic welding<\/b> machine is a single-phase powered device, which is made with IGBT inverter technology. It is used for MIG\/MAG (gas-shielded) or FLUX (non-gas-shielded) welding, as well as for welding with direct current (DC) covered electrodes. With such capabilities, <b>the Magic Mig 200 semi-automatic welding machine<\/b> is able to simplify many tasks.  <\/p>\n<p><b>The Magic Mig 200 welder<\/b> is designed for welding with welding wires of 0.6-1.0 mm diameter, 0.9 mm self-consuming wires and covered electrodes of up to 4 mm diameter of low-carbon steel, low-alloyed steel (MAG), alloyed steel (MIG), aluminum and cast iron.<\/p>\n<p>Max spool 5 kg D200.<\/p>\n<h2>Magic Mig 200 welder as an innovative device<\/h2>\n<p>The <b>Magic Mig 200 semi-automatic machine<\/b> has:<br \/>\n&#8211; digital display of welding current parameters<br \/>\n&#8211; LED indicator lights: power (green) and overload (red)<br \/>\n&#8211; electronically controlled fluent welding current control<br \/>\n&#8211; electronically controlled fluent wire feed speed control<br \/>\n&#8211; quick wire feed button<br \/>\n&#8211; euro connector<br \/>\n&#8211; overload protection.<\/p>\n<p>All the above features prove that the <b>Magic Mig 200 semi-automatic<\/b> machine is an intuitive, yet highly accurate device.<\/p>\n<p><b>The Magic Mig 200 welder<\/b> is also equipped with durable wheels and a base for the gas cylinder, which makes it very easy to transport the entire welding set.<\/p>\n<p>Semi-automatic welding machine Magic Mig 200 will find its use primarily in small workshops, service shops that deal with auto body, farms and anywhere where mobility and effective operation of the set is important for work.<\/p>\n<h2 class=\"yikes-custom-woo-tab-title yikes-custom-woo-tab-title-wyposazenie\">Equipment<\/h2>\n<p>It comes standard with:<br \/>\n&#8211; MB 15 3 m welding torch<br \/>\n&#8211; welding cable 2.5 m with 200A electrode holder (DX25)<br \/>\n&#8211; ground cable 2 m with 200A clamp (DX25)<br \/>\n&#8211; power cord 2 m with 230V plug<br \/>\n&#8211; 230V socket on the rear panel<br \/>\n&#8211; 8 mm hose spigot for gas line connection<br \/>\n&#8211; welding disc<br \/>\n&#8211; brush<\/p>\n<h2 class=\"yikes-custom-woo-tab-title yikes-custom-woo-tab-title-dane-techniczne\">Technical data<\/h2>\n<table class=\"tabela-parametry\">\n<tbody>\n<tr>\n<td>Code<\/td>\n<td>103 112<\/td>\n<\/tr>\n<tr>\n<td>Machine type<\/td>\n<td>MAGIC MIG 200<\/td>\n<\/tr>\n<tr>\n<td>Supply voltage [V]<\/td>\n<td>230<\/td>\n<\/tr>\n<tr>\n<td>Idle current voltage [V]<\/td>\n<td>56<\/td>\n<\/tr>\n<tr>\n<td>Welding current adjustment range [A]<\/td>\n<td>MIG &#8211; 15-220<br \/>\nMMA &#8211; 20-180<\/td>\n<\/tr>\n<tr>\n<td>Max efficiency at 40\u00b0C<br \/>\nEN 60974-1<\/td>\n<td>200A@60%<br \/>\n155A@100%<\/td>\n<\/tr>\n<tr>\n<td>Wire diameter [mm].<\/td>\n<td>0,6-1,0<\/td>\n<\/tr>\n<tr>\n<td>Max spool weight [kg]<\/td>\n<td>5<\/td>\n<\/tr>\n<tr>\n<td>Protection class [IP]<\/td>\n<td>21<\/td>\n<\/tr>\n<tr>\n<td>Dimensions [cm].<\/td>\n<td>54x24x42<\/td>\n<\/tr>\n<tr>\n<td>Weight [kg].<\/td>\n<td>14<\/td>\n<\/tr>\n<\/tbody>\n<\/table>\n<p><a title=\"Presentation - Video\" href=\"https:\/\/youtu.be\/n_bLu-2ChrQ\"> <\/a><\/p>\n","protected":false},"excerpt":{"rendered":"<p>Presentation &#8211; Video The Magic Mig 200 semi-automatic welding machine is a single-phase powered device, which is made with IGBT inverter technology. It is used for MIG\/MAG (gas-shielded) or FLUX (non-gas-shielded) welding, as well as for welding with direct current (DC) covered electrodes. With such capabilities, the Magic Mig 200 semi-automatic welding machine is able [&hellip;]<\/p>\n","protected":false},"featured_media":14847,"template":"","meta":{"inline_featured_image":false},"product_brand":[],"product_cat":[498,512,474],"product_tag":[],"class_list":{"0":"post-30879","1":"product","2":"type-product","3":"status-publish","4":"has-post-thumbnail","6":"product_cat-gas-cooled-en-7","7":"product_cat-mig-mag-en-2","8":"product_cat-new","10":"first","11":"instock","12":"taxable","13":"shipping-taxable","14":"purchasable","15":"product-type-simple"},"yoast_head":"<!-- This site is optimized with the Yoast SEO Premium plugin v27.0 (Yoast SEO v27.3) - https:\/\/yoast.com\/product\/yoast-seo-premium-wordpress\/ -->\n<title>Weldman MAGIC MIG 200 - SpawLab - Welding equipment and plasma cutters - store and service<\/title>\n<meta name=\"description\" content=\"Lider sprzeda\u017cy, Oficjalny Dystrybutor Premium i Serwis na Polsk\u0119 Migatronic, Gys, Voestalpine Bohler Welding. Nowe i u\u017cywane Spawarki, Przecinarki Plazmowe, Kompresory. Mgr in\u017c. Jaros\u0142aw Ko\u0142aski, IWE\" \/>\n<meta name=\"robots\" content=\"index, follow, max-snippet:-1, max-image-preview:large, max-video-preview:-1\" \/>\n<link rel=\"canonical\" href=\"https:\/\/spawlab.pl\/en\/produkt\/weldman-magic-mig-200\/\" \/>\n<meta property=\"og:locale\" content=\"en_US\" \/>\n<meta property=\"og:type\" content=\"article\" \/>\n<meta property=\"og:title\" content=\"Weldman MAGIC MIG 200\" \/>\n<meta property=\"og:description\" content=\"Lider sprzeda\u017cy, Oficjalny Dystrybutor Premium i Serwis na Polsk\u0119 Migatronic, Gys, Voestalpine Bohler Welding. Nowe i u\u017cywane Spawarki, Przecinarki Plazmowe, Kompresory. Mgr in\u017c. Jaros\u0142aw Ko\u0142aski, IWE\" \/>\n<meta property=\"og:url\" content=\"https:\/\/spawlab.pl\/en\/produkt\/weldman-magic-mig-200\/\" \/>\n<meta property=\"og:site_name\" content=\"SpawLab - Welding equipment and plasma cutters - store and service\" \/>\n<meta property=\"article:publisher\" content=\"https:\/\/www.facebook.com\/Spawlab\/\" \/>\n<meta property=\"og:image\" content=\"https:\/\/spawlab.pl\/wp-content\/uploads\/2025\/06\/LOGO-SPOLECZN-scaled.png\" \/>\n\t<meta property=\"og:image:width\" content=\"2560\" \/>\n\t<meta property=\"og:image:height\" content=\"1440\" \/>\n\t<meta property=\"og:image:type\" content=\"image\/png\" \/>\n<meta name=\"twitter:label1\" content=\"Price\" \/>\n\t<meta name=\"twitter:data1\" content=\"1 599,00&nbsp;&#122;&#322; (1 300,00&nbsp;&#122;&#322; netto)\" \/>\n\t<meta name=\"twitter:label2\" content=\"Availability\" \/>\n\t<meta name=\"twitter:data2\" content=\"In stock\" \/>\n<script type=\"application\/ld+json\" class=\"yoast-schema-graph\">{\"@context\":\"https:\\\/\\\/schema.org\",\"@graph\":[{\"@type\":[\"WebPage\",\"ItemPage\"],\"@id\":\"https:\\\/\\\/spawlab.pl\\\/en\\\/produkt\\\/weldman-magic-mig-200\\\/\",\"url\":\"https:\\\/\\\/spawlab.pl\\\/en\\\/produkt\\\/weldman-magic-mig-200\\\/\",\"name\":\"Weldman MAGIC MIG 200 - SpawLab - Welding equipment and plasma cutters - store and service\",\"isPartOf\":{\"@id\":\"https:\\\/\\\/spawlab.pl\\\/en\\\/#website\"},\"primaryImageOfPage\":{\"@id\":\"https:\\\/\\\/spawlab.pl\\\/en\\\/produkt\\\/weldman-magic-mig-200\\\/#primaryimage\"},\"image\":{\"@id\":\"https:\\\/\\\/spawlab.pl\\\/en\\\/produkt\\\/weldman-magic-mig-200\\\/#primaryimage\"},\"thumbnailUrl\":\"https:\\\/\\\/spawlab.pl\\\/wp-content\\\/uploads\\\/2022\\\/02\\\/magic-mig-200-1.png\",\"datePublished\":\"2022-02-20T11:54:31+00:00\",\"description\":\"Lider sprzeda\u017cy, Oficjalny Dystrybutor Premium i Serwis na Polsk\u0119 Migatronic, Gys, Voestalpine Bohler Welding. Nowe i u\u017cywane Spawarki, Przecinarki Plazmowe, Kompresory. Mgr in\u017c. Jaros\u0142aw Ko\u0142aski, IWE\",\"breadcrumb\":{\"@id\":\"https:\\\/\\\/spawlab.pl\\\/en\\\/produkt\\\/weldman-magic-mig-200\\\/#breadcrumb\"},\"inLanguage\":\"en-US\",\"potentialAction\":[{\"@type\":\"ReadAction\",\"target\":[\"https:\\\/\\\/spawlab.pl\\\/en\\\/produkt\\\/weldman-magic-mig-200\\\/\"]}]},{\"@type\":\"ImageObject\",\"inLanguage\":\"en-US\",\"@id\":\"https:\\\/\\\/spawlab.pl\\\/en\\\/produkt\\\/weldman-magic-mig-200\\\/#primaryimage\",\"url\":\"https:\\\/\\\/spawlab.pl\\\/wp-content\\\/uploads\\\/2022\\\/02\\\/magic-mig-200-1.png\",\"contentUrl\":\"https:\\\/\\\/spawlab.pl\\\/wp-content\\\/uploads\\\/2022\\\/02\\\/magic-mig-200-1.png\",\"width\":2000,\"height\":2000},{\"@type\":\"BreadcrumbList\",\"@id\":\"https:\\\/\\\/spawlab.pl\\\/en\\\/produkt\\\/weldman-magic-mig-200\\\/#breadcrumb\",\"itemListElement\":[{\"@type\":\"ListItem\",\"position\":1,\"name\":\"Strona g\u0142\u00f3wna\",\"item\":\"https:\\\/\\\/spawlab.pl\\\/en\\\/\"},{\"@type\":\"ListItem\",\"position\":2,\"name\":\"Store\",\"item\":\"https:\\\/\\\/spawlab.pl\\\/en\\\/shop\\\/\"},{\"@type\":\"ListItem\",\"position\":3,\"name\":\"Weldman MAGIC MIG 200\"}]},{\"@type\":\"WebSite\",\"@id\":\"https:\\\/\\\/spawlab.pl\\\/en\\\/#website\",\"url\":\"https:\\\/\\\/spawlab.pl\\\/en\\\/\",\"name\":\"Spawlab.pl Lider - Spawarki, Przecinarki Plazmowe, Kompresory\",\"description\":\"Urz\u0105dzenia spawalnicze i Przecinarki plazmowe\\\/ nowe i u\u017cywane \\\/ Profesjonalny serwis\",\"publisher\":{\"@id\":\"https:\\\/\\\/spawlab.pl\\\/en\\\/#organization\"},\"alternateName\":\"Spawlab.pl - Dystrybutor Premium i Serwis na Polske Migatronic, Gys, Voestalpine Bohler Welding\",\"potentialAction\":[{\"@type\":\"SearchAction\",\"target\":{\"@type\":\"EntryPoint\",\"urlTemplate\":\"https:\\\/\\\/spawlab.pl\\\/en\\\/?s={search_term_string}\"},\"query-input\":{\"@type\":\"PropertyValueSpecification\",\"valueRequired\":true,\"valueName\":\"search_term_string\"}}],\"inLanguage\":\"en-US\"},{\"@type\":[\"Organization\",\"Place\"],\"@id\":\"https:\\\/\\\/spawlab.pl\\\/en\\\/#organization\",\"name\":\"Spawlab.pl\",\"url\":\"https:\\\/\\\/spawlab.pl\\\/en\\\/\",\"logo\":{\"@id\":\"https:\\\/\\\/spawlab.pl\\\/en\\\/produkt\\\/weldman-magic-mig-200\\\/#local-main-organization-logo\"},\"image\":{\"@id\":\"https:\\\/\\\/spawlab.pl\\\/en\\\/produkt\\\/weldman-magic-mig-200\\\/#local-main-organization-logo\"},\"sameAs\":[\"https:\\\/\\\/www.facebook.com\\\/Spawlab\\\/\",\"https:\\\/\\\/www.linkedin.com\\\/company\\\/spawlab\",\"https:\\\/\\\/www.instagram.com\\\/spawlab.pl\",\"https:\\\/\\\/www.tiktok.com\\\/@spawlab\"],\"description\":\"Lider sprzeda\u017cy, Oficjalny Dystrybutor Premium i Serwis na Polsk\u0119 Migatronic, Gys, Voestalpine Bohler Welding. Nowe i u\u017cywane Spawarki, Przecinarki Plazmowe, Kompresory. Mgr in\u017c. Jaros\u0142aw Ko\u0142aski, IWE\",\"hasMerchantReturnPolicy\":{\"@type\":\"MerchantReturnPolicy\",\"merchantReturnLink\":\"https:\\\/\\\/spawlab.pl\\\/polityka-prywatnosci-2\\\/\"},\"telephone\":[],\"openingHoursSpecification\":[{\"@type\":\"OpeningHoursSpecification\",\"dayOfWeek\":[\"Monday\",\"Tuesday\",\"Wednesday\",\"Thursday\",\"Friday\",\"Saturday\",\"Sunday\"],\"opens\":\"09:00\",\"closes\":\"17:00\"}]},{\"@type\":\"ImageObject\",\"inLanguage\":\"en-US\",\"@id\":\"https:\\\/\\\/spawlab.pl\\\/en\\\/produkt\\\/weldman-magic-mig-200\\\/#local-main-organization-logo\",\"url\":\"https:\\\/\\\/spawlab.pl\\\/wp-content\\\/uploads\\\/2022\\\/01\\\/olx.jpg\",\"contentUrl\":\"https:\\\/\\\/spawlab.pl\\\/wp-content\\\/uploads\\\/2022\\\/01\\\/olx.jpg\",\"width\":200,\"height\":200,\"caption\":\"Spawlab.pl\"}]}<\/script>\n<meta property=\"product:brand\" content=\"Weldman\" \/>\n<meta property=\"product:price:amount\" content=\"1599.00\" \/>\n<meta property=\"product:price:currency\" content=\"PLN\" \/>\n<meta property=\"og:availability\" content=\"instock\" \/>\n<meta property=\"product:availability\" content=\"instock\" \/>\n<meta property=\"product:condition\" content=\"new\" \/>\n<!-- \/ Yoast SEO Premium plugin. -->","yoast_head_json":{"title":"Weldman MAGIC MIG 200 - SpawLab - Welding equipment and plasma cutters - store and service","description":"Lider sprzeda\u017cy, Oficjalny Dystrybutor Premium i Serwis na Polsk\u0119 Migatronic, Gys, Voestalpine Bohler Welding. Nowe i u\u017cywane Spawarki, Przecinarki Plazmowe, Kompresory. Mgr in\u017c. Jaros\u0142aw Ko\u0142aski, IWE","robots":{"index":"index","follow":"follow","max-snippet":"max-snippet:-1","max-image-preview":"max-image-preview:large","max-video-preview":"max-video-preview:-1"},"canonical":"https:\/\/spawlab.pl\/en\/produkt\/weldman-magic-mig-200\/","og_locale":"en_US","og_type":"article","og_title":"Weldman MAGIC MIG 200","og_description":"Lider sprzeda\u017cy, Oficjalny Dystrybutor Premium i Serwis na Polsk\u0119 Migatronic, Gys, Voestalpine Bohler Welding. Nowe i u\u017cywane Spawarki, Przecinarki Plazmowe, Kompresory. Mgr in\u017c. Jaros\u0142aw Ko\u0142aski, IWE","og_url":"https:\/\/spawlab.pl\/en\/produkt\/weldman-magic-mig-200\/","og_site_name":"SpawLab - Welding equipment and plasma cutters - store and service","article_publisher":"https:\/\/www.facebook.com\/Spawlab\/","og_image":[{"width":2560,"height":1440,"url":"https:\/\/spawlab.pl\/wp-content\/uploads\/2025\/06\/LOGO-SPOLECZN-scaled.png","type":"image\/png"}],"twitter_misc":{"Price":"1 599,00&nbsp;&#122;&#322; (1 300,00&nbsp;&#122;&#322; netto)","Availability":"In stock"},"schema":{"@context":"https:\/\/schema.org","@graph":[{"@type":["WebPage","ItemPage"],"@id":"https:\/\/spawlab.pl\/en\/produkt\/weldman-magic-mig-200\/","url":"https:\/\/spawlab.pl\/en\/produkt\/weldman-magic-mig-200\/","name":"Weldman MAGIC MIG 200 - SpawLab - Welding equipment and plasma cutters - store and service","isPartOf":{"@id":"https:\/\/spawlab.pl\/en\/#website"},"primaryImageOfPage":{"@id":"https:\/\/spawlab.pl\/en\/produkt\/weldman-magic-mig-200\/#primaryimage"},"image":{"@id":"https:\/\/spawlab.pl\/en\/produkt\/weldman-magic-mig-200\/#primaryimage"},"thumbnailUrl":"https:\/\/spawlab.pl\/wp-content\/uploads\/2022\/02\/magic-mig-200-1.png","datePublished":"2022-02-20T11:54:31+00:00","description":"Lider sprzeda\u017cy, Oficjalny Dystrybutor Premium i Serwis na Polsk\u0119 Migatronic, Gys, Voestalpine Bohler Welding. Nowe i u\u017cywane Spawarki, Przecinarki Plazmowe, Kompresory. Mgr in\u017c. Jaros\u0142aw Ko\u0142aski, IWE","breadcrumb":{"@id":"https:\/\/spawlab.pl\/en\/produkt\/weldman-magic-mig-200\/#breadcrumb"},"inLanguage":"en-US","potentialAction":[{"@type":"ReadAction","target":["https:\/\/spawlab.pl\/en\/produkt\/weldman-magic-mig-200\/"]}]},{"@type":"ImageObject","inLanguage":"en-US","@id":"https:\/\/spawlab.pl\/en\/produkt\/weldman-magic-mig-200\/#primaryimage","url":"https:\/\/spawlab.pl\/wp-content\/uploads\/2022\/02\/magic-mig-200-1.png","contentUrl":"https:\/\/spawlab.pl\/wp-content\/uploads\/2022\/02\/magic-mig-200-1.png","width":2000,"height":2000},{"@type":"BreadcrumbList","@id":"https:\/\/spawlab.pl\/en\/produkt\/weldman-magic-mig-200\/#breadcrumb","itemListElement":[{"@type":"ListItem","position":1,"name":"Strona g\u0142\u00f3wna","item":"https:\/\/spawlab.pl\/en\/"},{"@type":"ListItem","position":2,"name":"Store","item":"https:\/\/spawlab.pl\/en\/shop\/"},{"@type":"ListItem","position":3,"name":"Weldman MAGIC MIG 200"}]},{"@type":"WebSite","@id":"https:\/\/spawlab.pl\/en\/#website","url":"https:\/\/spawlab.pl\/en\/","name":"Spawlab.pl Lider - Spawarki, Przecinarki Plazmowe, Kompresory","description":"Urz\u0105dzenia spawalnicze i Przecinarki plazmowe\/ nowe i u\u017cywane \/ Profesjonalny serwis","publisher":{"@id":"https:\/\/spawlab.pl\/en\/#organization"},"alternateName":"Spawlab.pl - Dystrybutor Premium i Serwis na Polske Migatronic, Gys, Voestalpine Bohler Welding","potentialAction":[{"@type":"SearchAction","target":{"@type":"EntryPoint","urlTemplate":"https:\/\/spawlab.pl\/en\/?s={search_term_string}"},"query-input":{"@type":"PropertyValueSpecification","valueRequired":true,"valueName":"search_term_string"}}],"inLanguage":"en-US"},{"@type":["Organization","Place"],"@id":"https:\/\/spawlab.pl\/en\/#organization","name":"Spawlab.pl","url":"https:\/\/spawlab.pl\/en\/","logo":{"@id":"https:\/\/spawlab.pl\/en\/produkt\/weldman-magic-mig-200\/#local-main-organization-logo"},"image":{"@id":"https:\/\/spawlab.pl\/en\/produkt\/weldman-magic-mig-200\/#local-main-organization-logo"},"sameAs":["https:\/\/www.facebook.com\/Spawlab\/","https:\/\/www.linkedin.com\/company\/spawlab","https:\/\/www.instagram.com\/spawlab.pl","https:\/\/www.tiktok.com\/@spawlab"],"description":"Lider sprzeda\u017cy, Oficjalny Dystrybutor Premium i Serwis na Polsk\u0119 Migatronic, Gys, Voestalpine Bohler Welding. Nowe i u\u017cywane Spawarki, Przecinarki Plazmowe, Kompresory. Mgr in\u017c. Jaros\u0142aw Ko\u0142aski, IWE","hasMerchantReturnPolicy":{"@type":"MerchantReturnPolicy","merchantReturnLink":"https:\/\/spawlab.pl\/polityka-prywatnosci-2\/"},"telephone":[],"openingHoursSpecification":[{"@type":"OpeningHoursSpecification","dayOfWeek":["Monday","Tuesday","Wednesday","Thursday","Friday","Saturday","Sunday"],"opens":"09:00","closes":"17:00"}]},{"@type":"ImageObject","inLanguage":"en-US","@id":"https:\/\/spawlab.pl\/en\/produkt\/weldman-magic-mig-200\/#local-main-organization-logo","url":"https:\/\/spawlab.pl\/wp-content\/uploads\/2022\/01\/olx.jpg","contentUrl":"https:\/\/spawlab.pl\/wp-content\/uploads\/2022\/01\/olx.jpg","width":200,"height":200,"caption":"Spawlab.pl"}]},"product_brand":"Weldman","product_price_amount":"1599.00","product_price_currency":"PLN","og_availability":"instock","product_availability":"instock","product_condition":"new"},"_links":{"self":[{"href":"https:\/\/spawlab.pl\/en\/wp-json\/wp\/v2\/product\/30879","targetHints":{"allow":["GET"]}}],"collection":[{"href":"https:\/\/spawlab.pl\/en\/wp-json\/wp\/v2\/product"}],"about":[{"href":"https:\/\/spawlab.pl\/en\/wp-json\/wp\/v2\/types\/product"}],"wp:featuredmedia":[{"embeddable":true,"href":"https:\/\/spawlab.pl\/en\/wp-json\/wp\/v2\/media\/14847"}],"wp:attachment":[{"href":"https:\/\/spawlab.pl\/en\/wp-json\/wp\/v2\/media?parent=30879"}],"wp:term":[{"taxonomy":"product_brand","embeddable":true,"href":"https:\/\/spawlab.pl\/en\/wp-json\/wp\/v2\/product_brand?post=30879"},{"taxonomy":"product_cat","embeddable":true,"href":"https:\/\/spawlab.pl\/en\/wp-json\/wp\/v2\/product_cat?post=30879"},{"taxonomy":"product_tag","embeddable":true,"href":"https:\/\/spawlab.pl\/en\/wp-json\/wp\/v2\/product_tag?post=30879"}],"curies":[{"name":"wp","href":"https:\/\/api.w.org\/{rel}","templated":true}]}}