{"id":30885,"date":"2022-02-20T12:26:16","date_gmt":"2022-02-20T11:26:16","guid":{"rendered":"https:\/\/spawlab.pl\/produkt\/weldman-power-mig-210-lcd-synergy-mig-tig-mma-4x4\/"},"modified":"2022-02-20T12:26:16","modified_gmt":"2022-02-20T11:26:16","slug":"weldman-power-mig-210-lcd-synergy-mig-tig-mma-4x4","status":"publish","type":"product","link":"https:\/\/spawlab.pl\/en\/produkt\/weldman-power-mig-210-lcd-synergy-mig-tig-mma-4x4\/","title":{"rendered":"Weldman POWER MIG 210 LCD SYNERGY MIG\/TIG\/MMA 4\u00d74"},"content":{"rendered":"<p><a title=\"Presentation - Video\" href=\"https:\/\/youtu.be\/5BgrStofN4s\">Presentation &#8211; Video<\/a><\/p>\n<h1>Semi-automatic welding machine POWER MIG 210 LCD<\/h1>\n<p>The POWER MIG 210 LCD semi-automatic welding machine is a single-phase powered device with microprocessor control. This product was created according to IGBT inverter technology, and it is designed to weld with several specific methods. Of these, the following can be distinguished: welding with covered electrodes with direct current (DC), MIG\/MAG welding (with gas shielding), or FLUX welding (without gas shielding), as well as TIG Lift welding with direct current (DC) with contact arc ignition and brazing. <b>The POWER MIG 210 LCD semi-automatic<\/b> welding machine uses 0.9 mm diameter self-consuming wires, 0.6-1.0 mm welding wires, as well as covered electrodes and 4 mm tungsten electrodes. The device performs very well when welding low-alloy steel (MAG), aluminum, low-carbon steel, iron castings, as well as alloyed steel (MIG).   <\/p>\n<h2>Semi-automatic welding machine POWER MIG 210 LCD &#8211; capabilities reflect quality<\/h2>\n<p>The maximum spool for this product is 5 kg D200. It is worth mentioning that <b>the POWER MIG 210 LCD semi-automatic<\/b> welding machine is characterized by seamless electronic regulation of wire feed speed and welding current. For synergy welding, 9 programs have been prepared, including a soldering program. The MIG 210 LCD semi-automatic welding machine has a graphical menu that makes it easy to operate and allows you to select the type of material to be welded. The 4-roller wire feeder, on the other hand, allows welding with a spool gun welding chuck. <b>The POWER MIG 210 LCD semi-automatic<\/b> welding machine operates in spot welding mode, 2-takt mode, as well as 4-takt mode.    <\/p>\n<h3>POWER MIG 210 LCD semi-automatic welding machine and features useful for MMA welding<\/h3>\n<ul>\n<li>VRD (reduction of the idle voltage on the covered electrode to a safe level) providing additional safety for the operator especially when working in high humidity environments<\/li>\n<li>ARC FORCE (arc dynamics): shortens the arc length when increasing the welding current optimizing the transfer of molten electrode droplets to the welded material, preventing arc extinction when the electrode comes into contact with the welded material<\/li>\n<li>HOT START (hot start): increases welding current during arc ignition to facilitate electrode ignition<\/li>\n<li>ANTI STICK: limits the welding current by preventing the electrode from sticking to the material being welded<\/li>\n<\/ul>\n<h3>Semi-automatic welding machine POWER MIG 210 LCD &#8211; the device you need<\/h3>\n<p>The POWER MIG 210 LCD semi-automatic welding machine has additionally received a ground wire and a Euro connector. A very important advantage of this product is also thermal protection, which contributes to safe operation. If you need a compact device that has a multitude of functions, <b>the POWER MIG 210 LCD semi-automatic welding<\/b> machine will be the best choice.  <\/p>\n<h2 class=\"yikes-custom-woo-tab-title yikes-custom-woo-tab-title-wyposazenie\">Equipment<\/h2>\n<p>It comes standard with:<br \/>\n&#8211; power cord 2.3 m with 230V plug<br \/>\n&#8211; BINZEL MB 15 3 m welding chuck<br \/>\n&#8211; ground wire 3 m with 300A clamp (DX50)<br \/>\n&#8211; gas tube 4 m with an inner diameter of 8 mm<br \/>\n&#8211; gas connection (spigot) for 8 mm technical hose<\/p>\n<h2 class=\"yikes-custom-woo-tab-title yikes-custom-woo-tab-title-dane-techniczne\">Technical data<\/h2>\n<table class=\"tabela-parametry\">\n<tbody>\n<tr>\n<td>Code<\/td>\n<td>104 722<\/td>\n<\/tr>\n<tr>\n<td>Type of device<\/td>\n<td>POWER MIG 210 LCD<\/td>\n<\/tr>\n<tr>\n<td>Supply voltage [V]<\/td>\n<td>230<\/td>\n<\/tr>\n<tr>\n<td>Idle current voltage [V]<\/td>\n<td>69<\/td>\n<\/tr>\n<tr>\n<td>Welding current adjustment range [A]<\/td>\n<td>MIG 40-200<br \/>\nTIG DC 10-180<br \/>\nMMA 10-180<\/td>\n<\/tr>\n<tr>\n<td>Max efficiency at 40\u00b0C<br \/>\nEN 60974-1<\/td>\n<td>200A@20%<br \/>\n89A@100%<\/td>\n<\/tr>\n<tr>\n<td>Wire diameter [mm].<\/td>\n<td>0,6-1,0<\/td>\n<\/tr>\n<tr>\n<td>Protection class [IP]<\/td>\n<td>21S<\/td>\n<\/tr>\n<tr>\n<td>Dimensions [cm].<\/td>\n<td>54x25x44<\/td>\n<\/tr>\n<tr>\n<td>Weight [kg].<\/td>\n<td>21<\/td>\n<\/tr>\n<\/tbody>\n<\/table>\n","protected":false},"excerpt":{"rendered":"<p>Presentation &#8211; Video Semi-automatic welding machine POWER MIG 210 LCD The POWER MIG 210 LCD semi-automatic welding machine is a single-phase powered device with microprocessor control. This product was created according to IGBT inverter technology, and it is designed to weld with several specific methods. Of these, the following can be distinguished: welding with covered [&hellip;]<\/p>\n","protected":false},"featured_media":14837,"template":"","meta":{"inline_featured_image":false},"product_brand":[],"product_cat":[498,512,474],"product_tag":[],"class_list":{"0":"post-30885","1":"product","2":"type-product","3":"status-publish","4":"has-post-thumbnail","6":"product_cat-gas-cooled-en-7","7":"product_cat-mig-mag-en-2","8":"product_cat-new","10":"first","11":"instock","12":"taxable","13":"shipping-taxable","14":"purchasable","15":"product-type-simple"},"yoast_head":"<!-- This site is optimized with the Yoast SEO Premium plugin v27.0 (Yoast SEO v27.3) - https:\/\/yoast.com\/product\/yoast-seo-premium-wordpress\/ -->\n<title>Weldman POWER MIG 210 LCD SYNERGY MIG\/TIG\/MMA 4\u00d74 - SpawLab - Welding equipment and plasma cutters - store and service<\/title>\n<meta name=\"description\" content=\"Lider sprzeda\u017cy, Oficjalny Dystrybutor Premium i Serwis na Polsk\u0119 Migatronic, Gys, Voestalpine Bohler Welding. Nowe i u\u017cywane Spawarki, Przecinarki Plazmowe, Kompresory. Mgr in\u017c. Jaros\u0142aw Ko\u0142aski, IWE\" \/>\n<meta name=\"robots\" content=\"index, follow, max-snippet:-1, max-image-preview:large, max-video-preview:-1\" \/>\n<link rel=\"canonical\" href=\"https:\/\/spawlab.pl\/en\/produkt\/weldman-power-mig-210-lcd-synergy-mig-tig-mma-4x4\/\" \/>\n<meta property=\"og:locale\" content=\"en_US\" \/>\n<meta property=\"og:type\" content=\"article\" \/>\n<meta property=\"og:title\" content=\"Weldman POWER MIG 210 LCD SYNERGY MIG\/TIG\/MMA 4\u00d74\" \/>\n<meta property=\"og:description\" content=\"Lider sprzeda\u017cy, Oficjalny Dystrybutor Premium i Serwis na Polsk\u0119 Migatronic, Gys, Voestalpine Bohler Welding. Nowe i u\u017cywane Spawarki, Przecinarki Plazmowe, Kompresory. Mgr in\u017c. Jaros\u0142aw Ko\u0142aski, IWE\" \/>\n<meta property=\"og:url\" content=\"https:\/\/spawlab.pl\/en\/produkt\/weldman-power-mig-210-lcd-synergy-mig-tig-mma-4x4\/\" \/>\n<meta property=\"og:site_name\" content=\"SpawLab - Welding equipment and plasma cutters - store and service\" \/>\n<meta property=\"article:publisher\" content=\"https:\/\/www.facebook.com\/Spawlab\/\" \/>\n<meta property=\"og:image\" content=\"https:\/\/spawlab.pl\/wp-content\/uploads\/2025\/06\/LOGO-SPOLECZN-scaled.png\" \/>\n\t<meta property=\"og:image:width\" content=\"2560\" \/>\n\t<meta property=\"og:image:height\" content=\"1440\" \/>\n\t<meta property=\"og:image:type\" content=\"image\/png\" \/>\n<meta name=\"twitter:label1\" content=\"Price\" \/>\n\t<meta name=\"twitter:data1\" content=\"3 299,00&nbsp;&#122;&#322; (2 682,11&nbsp;&#122;&#322; netto)\" \/>\n\t<meta name=\"twitter:label2\" content=\"Availability\" \/>\n\t<meta name=\"twitter:data2\" content=\"In stock\" \/>\n<script type=\"application\/ld+json\" class=\"yoast-schema-graph\">{\"@context\":\"https:\\\/\\\/schema.org\",\"@graph\":[{\"@type\":[\"WebPage\",\"ItemPage\"],\"@id\":\"https:\\\/\\\/spawlab.pl\\\/en\\\/produkt\\\/weldman-power-mig-210-lcd-synergy-mig-tig-mma-4x4\\\/\",\"url\":\"https:\\\/\\\/spawlab.pl\\\/en\\\/produkt\\\/weldman-power-mig-210-lcd-synergy-mig-tig-mma-4x4\\\/\",\"name\":\"Weldman POWER MIG 210 LCD SYNERGY MIG\\\/TIG\\\/MMA 4\u00d74 - SpawLab - Welding equipment and plasma cutters - store and service\",\"isPartOf\":{\"@id\":\"https:\\\/\\\/spawlab.pl\\\/en\\\/#website\"},\"primaryImageOfPage\":{\"@id\":\"https:\\\/\\\/spawlab.pl\\\/en\\\/produkt\\\/weldman-power-mig-210-lcd-synergy-mig-tig-mma-4x4\\\/#primaryimage\"},\"image\":{\"@id\":\"https:\\\/\\\/spawlab.pl\\\/en\\\/produkt\\\/weldman-power-mig-210-lcd-synergy-mig-tig-mma-4x4\\\/#primaryimage\"},\"thumbnailUrl\":\"https:\\\/\\\/spawlab.pl\\\/wp-content\\\/uploads\\\/2022\\\/02\\\/power-mig-210-DSC00467.png\",\"datePublished\":\"2022-02-20T11:26:16+00:00\",\"description\":\"Lider sprzeda\u017cy, Oficjalny Dystrybutor Premium i Serwis na Polsk\u0119 Migatronic, Gys, Voestalpine Bohler Welding. Nowe i u\u017cywane Spawarki, Przecinarki Plazmowe, Kompresory. Mgr in\u017c. Jaros\u0142aw Ko\u0142aski, IWE\",\"breadcrumb\":{\"@id\":\"https:\\\/\\\/spawlab.pl\\\/en\\\/produkt\\\/weldman-power-mig-210-lcd-synergy-mig-tig-mma-4x4\\\/#breadcrumb\"},\"inLanguage\":\"en-US\",\"potentialAction\":[{\"@type\":\"ReadAction\",\"target\":[\"https:\\\/\\\/spawlab.pl\\\/en\\\/produkt\\\/weldman-power-mig-210-lcd-synergy-mig-tig-mma-4x4\\\/\"]}]},{\"@type\":\"ImageObject\",\"inLanguage\":\"en-US\",\"@id\":\"https:\\\/\\\/spawlab.pl\\\/en\\\/produkt\\\/weldman-power-mig-210-lcd-synergy-mig-tig-mma-4x4\\\/#primaryimage\",\"url\":\"https:\\\/\\\/spawlab.pl\\\/wp-content\\\/uploads\\\/2022\\\/02\\\/power-mig-210-DSC00467.png\",\"contentUrl\":\"https:\\\/\\\/spawlab.pl\\\/wp-content\\\/uploads\\\/2022\\\/02\\\/power-mig-210-DSC00467.png\",\"width\":1312,\"height\":2000},{\"@type\":\"BreadcrumbList\",\"@id\":\"https:\\\/\\\/spawlab.pl\\\/en\\\/produkt\\\/weldman-power-mig-210-lcd-synergy-mig-tig-mma-4x4\\\/#breadcrumb\",\"itemListElement\":[{\"@type\":\"ListItem\",\"position\":1,\"name\":\"Strona g\u0142\u00f3wna\",\"item\":\"https:\\\/\\\/spawlab.pl\\\/en\\\/\"},{\"@type\":\"ListItem\",\"position\":2,\"name\":\"Store\",\"item\":\"https:\\\/\\\/spawlab.pl\\\/en\\\/shop\\\/\"},{\"@type\":\"ListItem\",\"position\":3,\"name\":\"Weldman POWER MIG 210 LCD SYNERGY MIG\\\/TIG\\\/MMA 4\u00d74\"}]},{\"@type\":\"WebSite\",\"@id\":\"https:\\\/\\\/spawlab.pl\\\/en\\\/#website\",\"url\":\"https:\\\/\\\/spawlab.pl\\\/en\\\/\",\"name\":\"Spawlab.pl Lider - Spawarki, Przecinarki Plazmowe, Kompresory\",\"description\":\"Urz\u0105dzenia spawalnicze i Przecinarki plazmowe\\\/ nowe i u\u017cywane \\\/ Profesjonalny serwis\",\"publisher\":{\"@id\":\"https:\\\/\\\/spawlab.pl\\\/en\\\/#organization\"},\"alternateName\":\"Spawlab.pl - Dystrybutor Premium i Serwis na Polske Migatronic, Gys, Voestalpine Bohler Welding\",\"potentialAction\":[{\"@type\":\"SearchAction\",\"target\":{\"@type\":\"EntryPoint\",\"urlTemplate\":\"https:\\\/\\\/spawlab.pl\\\/en\\\/?s={search_term_string}\"},\"query-input\":{\"@type\":\"PropertyValueSpecification\",\"valueRequired\":true,\"valueName\":\"search_term_string\"}}],\"inLanguage\":\"en-US\"},{\"@type\":[\"Organization\",\"Place\"],\"@id\":\"https:\\\/\\\/spawlab.pl\\\/en\\\/#organization\",\"name\":\"Spawlab.pl\",\"url\":\"https:\\\/\\\/spawlab.pl\\\/en\\\/\",\"logo\":{\"@id\":\"https:\\\/\\\/spawlab.pl\\\/en\\\/produkt\\\/weldman-power-mig-210-lcd-synergy-mig-tig-mma-4x4\\\/#local-main-organization-logo\"},\"image\":{\"@id\":\"https:\\\/\\\/spawlab.pl\\\/en\\\/produkt\\\/weldman-power-mig-210-lcd-synergy-mig-tig-mma-4x4\\\/#local-main-organization-logo\"},\"sameAs\":[\"https:\\\/\\\/www.facebook.com\\\/Spawlab\\\/\",\"https:\\\/\\\/www.linkedin.com\\\/company\\\/spawlab\",\"https:\\\/\\\/www.instagram.com\\\/spawlab.pl\",\"https:\\\/\\\/www.tiktok.com\\\/@spawlab\"],\"description\":\"Lider sprzeda\u017cy, Oficjalny Dystrybutor Premium i Serwis na Polsk\u0119 Migatronic, Gys, Voestalpine Bohler Welding. Nowe i u\u017cywane Spawarki, Przecinarki Plazmowe, Kompresory. Mgr in\u017c. Jaros\u0142aw Ko\u0142aski, IWE\",\"hasMerchantReturnPolicy\":{\"@type\":\"MerchantReturnPolicy\",\"merchantReturnLink\":\"https:\\\/\\\/spawlab.pl\\\/polityka-prywatnosci-2\\\/\"},\"telephone\":[],\"openingHoursSpecification\":[{\"@type\":\"OpeningHoursSpecification\",\"dayOfWeek\":[\"Monday\",\"Tuesday\",\"Wednesday\",\"Thursday\",\"Friday\",\"Saturday\",\"Sunday\"],\"opens\":\"09:00\",\"closes\":\"17:00\"}]},{\"@type\":\"ImageObject\",\"inLanguage\":\"en-US\",\"@id\":\"https:\\\/\\\/spawlab.pl\\\/en\\\/produkt\\\/weldman-power-mig-210-lcd-synergy-mig-tig-mma-4x4\\\/#local-main-organization-logo\",\"url\":\"https:\\\/\\\/spawlab.pl\\\/wp-content\\\/uploads\\\/2022\\\/01\\\/olx.jpg\",\"contentUrl\":\"https:\\\/\\\/spawlab.pl\\\/wp-content\\\/uploads\\\/2022\\\/01\\\/olx.jpg\",\"width\":200,\"height\":200,\"caption\":\"Spawlab.pl\"}]}<\/script>\n<meta property=\"product:brand\" content=\"Weldman\" \/>\n<meta property=\"product:price:amount\" content=\"3299.00\" \/>\n<meta property=\"product:price:currency\" content=\"PLN\" \/>\n<meta property=\"og:availability\" content=\"instock\" \/>\n<meta property=\"product:availability\" content=\"instock\" \/>\n<meta property=\"product:condition\" content=\"new\" \/>\n<!-- \/ Yoast SEO Premium plugin. -->","yoast_head_json":{"title":"Weldman POWER MIG 210 LCD SYNERGY MIG\/TIG\/MMA 4\u00d74 - SpawLab - Welding equipment and plasma cutters - store and service","description":"Lider sprzeda\u017cy, Oficjalny Dystrybutor Premium i Serwis na Polsk\u0119 Migatronic, Gys, Voestalpine Bohler Welding. Nowe i u\u017cywane Spawarki, Przecinarki Plazmowe, Kompresory. Mgr in\u017c. Jaros\u0142aw Ko\u0142aski, IWE","robots":{"index":"index","follow":"follow","max-snippet":"max-snippet:-1","max-image-preview":"max-image-preview:large","max-video-preview":"max-video-preview:-1"},"canonical":"https:\/\/spawlab.pl\/en\/produkt\/weldman-power-mig-210-lcd-synergy-mig-tig-mma-4x4\/","og_locale":"en_US","og_type":"article","og_title":"Weldman POWER MIG 210 LCD SYNERGY MIG\/TIG\/MMA 4\u00d74","og_description":"Lider sprzeda\u017cy, Oficjalny Dystrybutor Premium i Serwis na Polsk\u0119 Migatronic, Gys, Voestalpine Bohler Welding. Nowe i u\u017cywane Spawarki, Przecinarki Plazmowe, Kompresory. Mgr in\u017c. Jaros\u0142aw Ko\u0142aski, IWE","og_url":"https:\/\/spawlab.pl\/en\/produkt\/weldman-power-mig-210-lcd-synergy-mig-tig-mma-4x4\/","og_site_name":"SpawLab - Welding equipment and plasma cutters - store and service","article_publisher":"https:\/\/www.facebook.com\/Spawlab\/","og_image":[{"width":2560,"height":1440,"url":"https:\/\/spawlab.pl\/wp-content\/uploads\/2025\/06\/LOGO-SPOLECZN-scaled.png","type":"image\/png"}],"twitter_misc":{"Price":"3 299,00&nbsp;&#122;&#322; (2 682,11&nbsp;&#122;&#322; netto)","Availability":"In stock"},"schema":{"@context":"https:\/\/schema.org","@graph":[{"@type":["WebPage","ItemPage"],"@id":"https:\/\/spawlab.pl\/en\/produkt\/weldman-power-mig-210-lcd-synergy-mig-tig-mma-4x4\/","url":"https:\/\/spawlab.pl\/en\/produkt\/weldman-power-mig-210-lcd-synergy-mig-tig-mma-4x4\/","name":"Weldman POWER MIG 210 LCD SYNERGY MIG\/TIG\/MMA 4\u00d74 - SpawLab - Welding equipment and plasma cutters - store and service","isPartOf":{"@id":"https:\/\/spawlab.pl\/en\/#website"},"primaryImageOfPage":{"@id":"https:\/\/spawlab.pl\/en\/produkt\/weldman-power-mig-210-lcd-synergy-mig-tig-mma-4x4\/#primaryimage"},"image":{"@id":"https:\/\/spawlab.pl\/en\/produkt\/weldman-power-mig-210-lcd-synergy-mig-tig-mma-4x4\/#primaryimage"},"thumbnailUrl":"https:\/\/spawlab.pl\/wp-content\/uploads\/2022\/02\/power-mig-210-DSC00467.png","datePublished":"2022-02-20T11:26:16+00:00","description":"Lider sprzeda\u017cy, Oficjalny Dystrybutor Premium i Serwis na Polsk\u0119 Migatronic, Gys, Voestalpine Bohler Welding. Nowe i u\u017cywane Spawarki, Przecinarki Plazmowe, Kompresory. Mgr in\u017c. Jaros\u0142aw Ko\u0142aski, IWE","breadcrumb":{"@id":"https:\/\/spawlab.pl\/en\/produkt\/weldman-power-mig-210-lcd-synergy-mig-tig-mma-4x4\/#breadcrumb"},"inLanguage":"en-US","potentialAction":[{"@type":"ReadAction","target":["https:\/\/spawlab.pl\/en\/produkt\/weldman-power-mig-210-lcd-synergy-mig-tig-mma-4x4\/"]}]},{"@type":"ImageObject","inLanguage":"en-US","@id":"https:\/\/spawlab.pl\/en\/produkt\/weldman-power-mig-210-lcd-synergy-mig-tig-mma-4x4\/#primaryimage","url":"https:\/\/spawlab.pl\/wp-content\/uploads\/2022\/02\/power-mig-210-DSC00467.png","contentUrl":"https:\/\/spawlab.pl\/wp-content\/uploads\/2022\/02\/power-mig-210-DSC00467.png","width":1312,"height":2000},{"@type":"BreadcrumbList","@id":"https:\/\/spawlab.pl\/en\/produkt\/weldman-power-mig-210-lcd-synergy-mig-tig-mma-4x4\/#breadcrumb","itemListElement":[{"@type":"ListItem","position":1,"name":"Strona g\u0142\u00f3wna","item":"https:\/\/spawlab.pl\/en\/"},{"@type":"ListItem","position":2,"name":"Store","item":"https:\/\/spawlab.pl\/en\/shop\/"},{"@type":"ListItem","position":3,"name":"Weldman POWER MIG 210 LCD SYNERGY MIG\/TIG\/MMA 4\u00d74"}]},{"@type":"WebSite","@id":"https:\/\/spawlab.pl\/en\/#website","url":"https:\/\/spawlab.pl\/en\/","name":"Spawlab.pl Lider - Spawarki, Przecinarki Plazmowe, Kompresory","description":"Urz\u0105dzenia spawalnicze i Przecinarki plazmowe\/ nowe i u\u017cywane \/ Profesjonalny serwis","publisher":{"@id":"https:\/\/spawlab.pl\/en\/#organization"},"alternateName":"Spawlab.pl - Dystrybutor Premium i Serwis na Polske Migatronic, Gys, Voestalpine Bohler Welding","potentialAction":[{"@type":"SearchAction","target":{"@type":"EntryPoint","urlTemplate":"https:\/\/spawlab.pl\/en\/?s={search_term_string}"},"query-input":{"@type":"PropertyValueSpecification","valueRequired":true,"valueName":"search_term_string"}}],"inLanguage":"en-US"},{"@type":["Organization","Place"],"@id":"https:\/\/spawlab.pl\/en\/#organization","name":"Spawlab.pl","url":"https:\/\/spawlab.pl\/en\/","logo":{"@id":"https:\/\/spawlab.pl\/en\/produkt\/weldman-power-mig-210-lcd-synergy-mig-tig-mma-4x4\/#local-main-organization-logo"},"image":{"@id":"https:\/\/spawlab.pl\/en\/produkt\/weldman-power-mig-210-lcd-synergy-mig-tig-mma-4x4\/#local-main-organization-logo"},"sameAs":["https:\/\/www.facebook.com\/Spawlab\/","https:\/\/www.linkedin.com\/company\/spawlab","https:\/\/www.instagram.com\/spawlab.pl","https:\/\/www.tiktok.com\/@spawlab"],"description":"Lider sprzeda\u017cy, Oficjalny Dystrybutor Premium i Serwis na Polsk\u0119 Migatronic, Gys, Voestalpine Bohler Welding. Nowe i u\u017cywane Spawarki, Przecinarki Plazmowe, Kompresory. Mgr in\u017c. Jaros\u0142aw Ko\u0142aski, IWE","hasMerchantReturnPolicy":{"@type":"MerchantReturnPolicy","merchantReturnLink":"https:\/\/spawlab.pl\/polityka-prywatnosci-2\/"},"telephone":[],"openingHoursSpecification":[{"@type":"OpeningHoursSpecification","dayOfWeek":["Monday","Tuesday","Wednesday","Thursday","Friday","Saturday","Sunday"],"opens":"09:00","closes":"17:00"}]},{"@type":"ImageObject","inLanguage":"en-US","@id":"https:\/\/spawlab.pl\/en\/produkt\/weldman-power-mig-210-lcd-synergy-mig-tig-mma-4x4\/#local-main-organization-logo","url":"https:\/\/spawlab.pl\/wp-content\/uploads\/2022\/01\/olx.jpg","contentUrl":"https:\/\/spawlab.pl\/wp-content\/uploads\/2022\/01\/olx.jpg","width":200,"height":200,"caption":"Spawlab.pl"}]},"product_brand":"Weldman","product_price_amount":"3299.00","product_price_currency":"PLN","og_availability":"instock","product_availability":"instock","product_condition":"new"},"_links":{"self":[{"href":"https:\/\/spawlab.pl\/en\/wp-json\/wp\/v2\/product\/30885","targetHints":{"allow":["GET"]}}],"collection":[{"href":"https:\/\/spawlab.pl\/en\/wp-json\/wp\/v2\/product"}],"about":[{"href":"https:\/\/spawlab.pl\/en\/wp-json\/wp\/v2\/types\/product"}],"wp:featuredmedia":[{"embeddable":true,"href":"https:\/\/spawlab.pl\/en\/wp-json\/wp\/v2\/media\/14837"}],"wp:attachment":[{"href":"https:\/\/spawlab.pl\/en\/wp-json\/wp\/v2\/media?parent=30885"}],"wp:term":[{"taxonomy":"product_brand","embeddable":true,"href":"https:\/\/spawlab.pl\/en\/wp-json\/wp\/v2\/product_brand?post=30885"},{"taxonomy":"product_cat","embeddable":true,"href":"https:\/\/spawlab.pl\/en\/wp-json\/wp\/v2\/product_cat?post=30885"},{"taxonomy":"product_tag","embeddable":true,"href":"https:\/\/spawlab.pl\/en\/wp-json\/wp\/v2\/product_tag?post=30885"}],"curies":[{"name":"wp","href":"https:\/\/api.w.org\/{rel}","templated":true}]}}