{"id":30917,"date":"2022-02-06T12:51:41","date_gmt":"2022-02-06T11:51:41","guid":{"rendered":"https:\/\/spawlab.pl\/produkt\/kemppi-minarctig-evo-200-mlp\/"},"modified":"2022-02-06T12:51:41","modified_gmt":"2022-02-06T11:51:41","slug":"kemppi-minarctig-evo-200-mlp","status":"publish","type":"product","link":"https:\/\/spawlab.pl\/en\/produkt\/kemppi-minarctig-evo-200-mlp\/","title":{"rendered":"Kemppi MinarcTig Evo 200 MLP"},"content":{"rendered":"<p><strong>This is an unusual set from portals where the price is undercut and the customer buys the poorest version. We are professionals and select equipment as if it were being bought for us. <\/strong><\/p>\n<div class=\"container element-padding-top\">\n<h2 class=\"sub-heading\">PRECISE, EFFICIENT AND STRONG<\/h2>\n<\/div>\n<div class=\"rich-text wysiwyg-content no-top-padding text-content\">\n<div class=\"container \">\n<p><strong>The MinarcTig has all the features you expect from a TIG welder made by Kemppi.  <\/strong>Precise and reliable high-frequency ignition, combined with full control, high power and high duty cycle, enables a wide variety of welding tasks to be performed with confidence and professionalism. The MinarcTig Evo machine is the ideal solution for DC TIG welding in light industrial production applications, as well as installation, repair and maintenance work. Its compact size and weight are an important advantage when frequent relocation is required.  <\/p>\n<p><strong>Choose between the MinarcTig Evo 200 or MinarcTig Evo 200MLP models.  <\/strong>The powerful power source, which uses PFC technology, provides excellent performance, including high energy efficiency and the ability to work reliably with power cables longer than 100 meters.<\/p>\n<p><strong>The MinarcTig Evo features large LCD displays<\/strong> and numerous utility functions, including pre-gas and post-gas time control, current rise and fall time control, and the ability to attach a remote control The MLP models have additional functions, including Minilog and semi-automatic pulse welding. The MinarcTig Evo is a dual-process machine that also enables high-quality MMA welding with direct current and various types of electrodes. <\/p>\n<p><img fetchpriority=\"high\" decoding=\"async\" class=\"img-responsive lazyloaded\" src=\"https:\/\/d3dbtvmfwwhlf2.cloudfront.net\/pub\/Products+and+Services\/Equipment\/Manual+Welding\/TIG+Welders\/MinarcTig+Evo\/Images\/minarc-tig-evo-200mlp_sRGB-w.tif?c=system_640x\" alt=\"\" width=\"640\" height=\"640\" data-src=\"https:\/\/d3dbtvmfwwhlf2.cloudfront.net\/pub\/Products+and+Services\/Equipment\/Manual+Welding\/TIG+Welders\/MinarcTig+Evo\/Images\/minarc-tig-evo-200mlp_sRGB-w.tif?c=system_640x\"><\/p>\n<p>Included in the price of the TX 225 G 4M TIG gas-cooled TIG chuck<\/p>\n<\/div>\n<\/div>\n<div class=\"element-padding-bottom\">\n<div class=\"container benefit-story main-benefit\">\n<div class=\"row\">\n<div class=\"col-sm-11\">\n<div class=\"row row-centered\">\n<div class=\" col-sm-6 benefit-story-content\">\n<h2>BENEFITS<\/h2>\n<ul>\n<li>200 A DC at 35% duty cycle, 1~ 230 V<\/li>\n<li>High quality welds<\/li>\n<li>Reliable arc ignition from 5 A<\/li>\n<li>Pre-gas and post-gas time control<\/li>\n<li>Control of current rise and fall time<\/li>\n<li>2-tact\/4-tact<\/li>\n<li>MLP and pulse welding option<\/li>\n<li>Optional remote current control<\/li>\n<li>Maximum energy efficiency thanks to PFC technology<\/li>\n<li>Mains or generator power supply<\/li>\n<li>Kemppi 3+ Warranty\n<div class=\"item col-xs-12 col-sm-6 col-md-3\">\n<div class=\"relative\">\n<div class=\"image-container\"><img decoding=\"async\" class=\"img-responsive lazyloaded\" src=\"https:\/\/d3dbtvmfwwhlf2.cloudfront.net\/pub\/Marketing\/Icons+and+symbols\/Numbers\/11kg.png?c=small_list\" alt=\"LIGHTWEIGHT AND PORTABLE DESIGN\" width=\"320\" height=\"320\" data-src=\"https:\/\/d3dbtvmfwwhlf2.cloudfront.net\/pub\/Marketing\/Icons+and+symbols\/Numbers\/11kg.png?c=small_list\"><\/div>\n<\/div>\n<div class=\"item-content\">\n<h3>LIGHTWEIGHT AND PORTABLE DESIGN<\/h3>\n<p>No additional help needed to carry the device<\/p>\n<\/div>\n<\/div>\n<div class=\"item col-xs-12 col-sm-6 col-md-3\">\n<div class=\"relative\">\n<div class=\"image-container\"><img decoding=\"async\" class=\"img-responsive lazyloaded\" src=\"https:\/\/d3dbtvmfwwhlf2.cloudfront.net\/pub\/Marketing\/Icons+and+symbols\/Numbers\/10.png?c=small_list\" alt=\"COMPARABLE INCREASE IN WELDING SPEED\" width=\"320\" height=\"320\" data-src=\"https:\/\/d3dbtvmfwwhlf2.cloudfront.net\/pub\/Marketing\/Icons+and+symbols\/Numbers\/10.png?c=small_list\"><\/div>\n<\/div>\n<div class=\"item-content\">\n<h3>COMPARABLE INCREASE IN WELDING SPEED<\/h3>\n<p>thanks to pulsed TIG function<\/p>\n<\/div>\n<\/div>\n<div class=\"item col-xs-12 col-sm-6 col-md-3\">\n<div class=\"relative\">\n<div class=\"image-container\"><img loading=\"lazy\" decoding=\"async\" class=\"img-responsive lazyloaded\" src=\"https:\/\/d3dbtvmfwwhlf2.cloudfront.net\/pub\/Marketing\/Icons+and+symbols\/Numbers\/plus100m.png?c=small_list\" alt=\"CABLE LENGTH ADJUSTABLE\" width=\"320\" height=\"320\" data-src=\"https:\/\/d3dbtvmfwwhlf2.cloudfront.net\/pub\/Marketing\/Icons+and+symbols\/Numbers\/plus100m.png?c=small_list\"><\/div>\n<\/div>\n<div class=\"item-content\">\n<h3>CABLE LENGTH ADJUSTABLE<\/h3>\n<p>Increased functionality when performing field work<\/p>\n<p>&nbsp;<\/p>\n<\/div>\n<\/div>\n<div class=\"tech-data\">\n<div class=\"property\">Supply voltage 1~, 50\/60 Hz<\/div>\n<div class=\"value\">230 V \u00b115%<\/div>\n<\/div>\n<div class=\"tech-data\">\n<div class=\"property\">Delayed protection<\/div>\n<div class=\"value\">16 A<\/div>\n<\/div>\n<div class=\"tech-data\">\n<div class=\"property\">Min. power of the generator set <\/div>\n<div class=\"value\">5.6kVA<\/div>\n<\/div>\n<div class=\"tech-data\">\n<div class=\"property\">Max. current (TIG) (35%) <\/div>\n<div class=\"value\">200 A\/18.0 V<\/div>\n<\/div>\n<div class=\"tech-data\">\n<div class=\"property\">Max. current (TIG) (60%) <\/div>\n<div class=\"value\">160 A\/16.4 V<\/div>\n<\/div>\n<div class=\"tech-data\">\n<div class=\"property\">Max. current (TIG) (100%) <\/div>\n<div class=\"value\">140 A\/15.6 V<\/div>\n<\/div>\n<div class=\"tech-data\">\n<div class=\"property\">Max. current (MMA) (35%) <\/div>\n<div class=\"value\">170 A\/26.8 V<\/div>\n<\/div>\n<div class=\"tech-data\">\n<div class=\"property\">Max. current (MMA) (60%) <\/div>\n<div class=\"value\">130 A\/25.2 V<\/div>\n<\/div>\n<div class=\"tech-data\">\n<div class=\"property\">Max. current (MMA) (100%) <\/div>\n<div class=\"value\">110 A\/24.4 V<\/div>\n<\/div>\n<div class=\"tech-data\">\n<div class=\"property\">Idle voltage<\/div>\n<div class=\"value\">95 V<\/div>\n<\/div>\n<div class=\"tech-data\">\n<div class=\"property\">Sizes of covered electrodes<\/div>\n<div class=\"value\">1.5-4.0 mm<\/div>\n<\/div>\n<div class=\"tech-data\">\n<div class=\"property\">Range of welding parameters (MMA)<\/div>\n<div class=\"value\">From 10 A\/20.4 V to 170 A\/26.8 V<\/div>\n<\/div>\n<div class=\"tech-data\">\n<div class=\"property\">Range of welding parameters (TIG)<\/div>\n<div class=\"value\">From 5 A\/10.2 V to 200 A\/18.0 V<\/div>\n<\/div>\n<div class=\"tech-data\">\n<div class=\"property\">Operating temperature range<\/div>\n<div class=\"value\">From -20\u00b0C to +40\u00b0C<\/div>\n<\/div>\n<div class=\"tech-data\">\n<div class=\"property\">External dimensions (L x W x H)<\/div>\n<div class=\"value\">449 \u00d7 210 \u00d7 358 mm<\/div>\n<\/div>\n<div class=\"tech-data\">\n<div class=\"property\">Weight (without accessories)<\/div>\n<div class=\"value\">11 kg<\/div>\n<\/div>\n<div class=\"tech-data\">\n<div class=\"property\">Degree of protection<\/div>\n<div class=\"value\">IP23S<\/div>\n<\/div>\n<div class=\"tech-data\">\n<div class=\"property\">Standards met<\/div>\n<div class=\"value\">IEC 60974-1, IEC 60974-3, IEC 60974-10, IEC 61000-3-12<\/div>\n<\/div>\n<\/li>\n<\/ul>\n<\/div>\n<\/div>\n<\/div>\n<\/div>\n<\/div>\n<\/div>\n<p>y IP23S<\/p>\n","protected":false},"excerpt":{"rendered":"<p>This is an unusual set from portals where the price is undercut and the customer buys the poorest version. We are professionals and select equipment as if it were being bought for us. PRECISE, EFFICIENT AND STRONG The MinarcTig has all the features you expect from a TIG welder made by Kemppi. Precise and reliable [&hellip;]<\/p>\n","protected":false},"featured_media":14734,"template":"","meta":{"inline_featured_image":false},"product_brand":[],"product_cat":[505,495,474,507],"product_tag":[],"class_list":{"0":"post-30917","1":"product","2":"type-product","3":"status-publish","4":"has-post-thumbnail","6":"product_cat-dc-en","7":"product_cat-gas-cooled-en-4","8":"product_cat-new","9":"product_cat-tig-en-2","11":"first","12":"onbackorder","13":"sale","14":"taxable","15":"shipping-taxable","16":"purchasable","17":"product-type-simple"},"yoast_head":"<!-- This site is optimized with the Yoast SEO Premium plugin v27.0 (Yoast SEO v27.3) - https:\/\/yoast.com\/product\/yoast-seo-premium-wordpress\/ -->\n<title>Kemppi MinarcTig Evo 200 MLP - SpawLab - Welding equipment and plasma cutters - store and service<\/title>\n<meta name=\"description\" content=\"Lider sprzeda\u017cy, Oficjalny Dystrybutor Premium i Serwis na Polsk\u0119 Migatronic, Gys, Voestalpine Bohler Welding. Nowe i u\u017cywane Spawarki, Przecinarki Plazmowe, Kompresory. Mgr in\u017c. Jaros\u0142aw Ko\u0142aski, IWE\" \/>\n<meta name=\"robots\" content=\"index, follow, max-snippet:-1, max-image-preview:large, max-video-preview:-1\" \/>\n<link rel=\"canonical\" href=\"https:\/\/spawlab.pl\/en\/produkt\/kemppi-minarctig-evo-200-mlp\/\" \/>\n<meta property=\"og:locale\" content=\"en_US\" \/>\n<meta property=\"og:type\" content=\"article\" \/>\n<meta property=\"og:title\" content=\"Kemppi MinarcTig Evo 200 MLP\" \/>\n<meta property=\"og:description\" content=\"Lider sprzeda\u017cy, Oficjalny Dystrybutor Premium i Serwis na Polsk\u0119 Migatronic, Gys, Voestalpine Bohler Welding. Nowe i u\u017cywane Spawarki, Przecinarki Plazmowe, Kompresory. Mgr in\u017c. Jaros\u0142aw Ko\u0142aski, IWE\" \/>\n<meta property=\"og:url\" content=\"https:\/\/spawlab.pl\/en\/produkt\/kemppi-minarctig-evo-200-mlp\/\" \/>\n<meta property=\"og:site_name\" content=\"SpawLab - Welding equipment and plasma cutters - store and service\" \/>\n<meta property=\"article:publisher\" content=\"https:\/\/www.facebook.com\/Spawlab\/\" \/>\n<meta property=\"og:image\" content=\"https:\/\/d3dbtvmfwwhlf2.cloudfront.net\/pub\/Products+and+Services\/Equipment\/Manual+Welding\/TIG+Welders\/MinarcTig+Evo\/Images\/minarc-tig-evo-200mlp_sRGB-w.tif?c=system_640x\" \/>\n<meta name=\"twitter:label1\" content=\"Price\" \/>\n\t<meta name=\"twitter:data1\" content=\"12 600,00&nbsp;&#122;&#322; (10 243,90&nbsp;&#122;&#322; netto)\" \/>\n\t<meta name=\"twitter:label2\" content=\"Availability\" \/>\n\t<meta name=\"twitter:data2\" content=\"On backorder\" \/>\n<script type=\"application\/ld+json\" class=\"yoast-schema-graph\">{\"@context\":\"https:\\\/\\\/schema.org\",\"@graph\":[{\"@type\":[\"WebPage\",\"ItemPage\"],\"@id\":\"https:\\\/\\\/spawlab.pl\\\/en\\\/produkt\\\/kemppi-minarctig-evo-200-mlp\\\/\",\"url\":\"https:\\\/\\\/spawlab.pl\\\/en\\\/produkt\\\/kemppi-minarctig-evo-200-mlp\\\/\",\"name\":\"Kemppi MinarcTig Evo 200 MLP - SpawLab - Welding equipment and plasma cutters - store and service\",\"isPartOf\":{\"@id\":\"https:\\\/\\\/spawlab.pl\\\/en\\\/#website\"},\"primaryImageOfPage\":{\"@id\":\"https:\\\/\\\/spawlab.pl\\\/en\\\/produkt\\\/kemppi-minarctig-evo-200-mlp\\\/#primaryimage\"},\"image\":{\"@id\":\"https:\\\/\\\/spawlab.pl\\\/en\\\/produkt\\\/kemppi-minarctig-evo-200-mlp\\\/#primaryimage\"},\"thumbnailUrl\":\"https:\\\/\\\/spawlab.pl\\\/wp-content\\\/uploads\\\/2022\\\/02\\\/minarc-tig-evo-200mlp_sRGB-w.jpg\",\"datePublished\":\"2022-02-06T11:51:41+00:00\",\"description\":\"Lider sprzeda\u017cy, Oficjalny Dystrybutor Premium i Serwis na Polsk\u0119 Migatronic, Gys, Voestalpine Bohler Welding. Nowe i u\u017cywane Spawarki, Przecinarki Plazmowe, Kompresory. Mgr in\u017c. Jaros\u0142aw Ko\u0142aski, IWE\",\"breadcrumb\":{\"@id\":\"https:\\\/\\\/spawlab.pl\\\/en\\\/produkt\\\/kemppi-minarctig-evo-200-mlp\\\/#breadcrumb\"},\"inLanguage\":\"en-US\",\"potentialAction\":[{\"@type\":\"ReadAction\",\"target\":[\"https:\\\/\\\/spawlab.pl\\\/en\\\/produkt\\\/kemppi-minarctig-evo-200-mlp\\\/\"]}]},{\"@type\":\"ImageObject\",\"inLanguage\":\"en-US\",\"@id\":\"https:\\\/\\\/spawlab.pl\\\/en\\\/produkt\\\/kemppi-minarctig-evo-200-mlp\\\/#primaryimage\",\"url\":\"https:\\\/\\\/spawlab.pl\\\/wp-content\\\/uploads\\\/2022\\\/02\\\/minarc-tig-evo-200mlp_sRGB-w.jpg\",\"contentUrl\":\"https:\\\/\\\/spawlab.pl\\\/wp-content\\\/uploads\\\/2022\\\/02\\\/minarc-tig-evo-200mlp_sRGB-w.jpg\",\"width\":640,\"height\":640},{\"@type\":\"BreadcrumbList\",\"@id\":\"https:\\\/\\\/spawlab.pl\\\/en\\\/produkt\\\/kemppi-minarctig-evo-200-mlp\\\/#breadcrumb\",\"itemListElement\":[{\"@type\":\"ListItem\",\"position\":1,\"name\":\"Strona g\u0142\u00f3wna\",\"item\":\"https:\\\/\\\/spawlab.pl\\\/en\\\/\"},{\"@type\":\"ListItem\",\"position\":2,\"name\":\"Store\",\"item\":\"https:\\\/\\\/spawlab.pl\\\/en\\\/shop\\\/\"},{\"@type\":\"ListItem\",\"position\":3,\"name\":\"Kemppi MinarcTig Evo 200 MLP\"}]},{\"@type\":\"WebSite\",\"@id\":\"https:\\\/\\\/spawlab.pl\\\/en\\\/#website\",\"url\":\"https:\\\/\\\/spawlab.pl\\\/en\\\/\",\"name\":\"Spawlab.pl Lider - Spawarki, Przecinarki Plazmowe, Kompresory\",\"description\":\"Urz\u0105dzenia spawalnicze i Przecinarki plazmowe\\\/ nowe i u\u017cywane \\\/ Profesjonalny serwis\",\"publisher\":{\"@id\":\"https:\\\/\\\/spawlab.pl\\\/en\\\/#organization\"},\"alternateName\":\"Spawlab.pl - Dystrybutor Premium i Serwis na Polske Migatronic, Gys, Voestalpine Bohler Welding\",\"potentialAction\":[{\"@type\":\"SearchAction\",\"target\":{\"@type\":\"EntryPoint\",\"urlTemplate\":\"https:\\\/\\\/spawlab.pl\\\/en\\\/?s={search_term_string}\"},\"query-input\":{\"@type\":\"PropertyValueSpecification\",\"valueRequired\":true,\"valueName\":\"search_term_string\"}}],\"inLanguage\":\"en-US\"},{\"@type\":[\"Organization\",\"Place\"],\"@id\":\"https:\\\/\\\/spawlab.pl\\\/en\\\/#organization\",\"name\":\"Spawlab.pl\",\"url\":\"https:\\\/\\\/spawlab.pl\\\/en\\\/\",\"logo\":{\"@id\":\"https:\\\/\\\/spawlab.pl\\\/en\\\/produkt\\\/kemppi-minarctig-evo-200-mlp\\\/#local-main-organization-logo\"},\"image\":{\"@id\":\"https:\\\/\\\/spawlab.pl\\\/en\\\/produkt\\\/kemppi-minarctig-evo-200-mlp\\\/#local-main-organization-logo\"},\"sameAs\":[\"https:\\\/\\\/www.facebook.com\\\/Spawlab\\\/\",\"https:\\\/\\\/www.linkedin.com\\\/company\\\/spawlab\",\"https:\\\/\\\/www.instagram.com\\\/spawlab.pl\",\"https:\\\/\\\/www.tiktok.com\\\/@spawlab\"],\"description\":\"Lider sprzeda\u017cy, Oficjalny Dystrybutor Premium i Serwis na Polsk\u0119 Migatronic, Gys, Voestalpine Bohler Welding. Nowe i u\u017cywane Spawarki, Przecinarki Plazmowe, Kompresory. Mgr in\u017c. Jaros\u0142aw Ko\u0142aski, IWE\",\"hasMerchantReturnPolicy\":{\"@type\":\"MerchantReturnPolicy\",\"merchantReturnLink\":\"https:\\\/\\\/spawlab.pl\\\/polityka-prywatnosci-2\\\/\"},\"telephone\":[],\"openingHoursSpecification\":[{\"@type\":\"OpeningHoursSpecification\",\"dayOfWeek\":[\"Monday\",\"Tuesday\",\"Wednesday\",\"Thursday\",\"Friday\",\"Saturday\",\"Sunday\"],\"opens\":\"09:00\",\"closes\":\"17:00\"}]},{\"@type\":\"ImageObject\",\"inLanguage\":\"en-US\",\"@id\":\"https:\\\/\\\/spawlab.pl\\\/en\\\/produkt\\\/kemppi-minarctig-evo-200-mlp\\\/#local-main-organization-logo\",\"url\":\"https:\\\/\\\/spawlab.pl\\\/wp-content\\\/uploads\\\/2022\\\/01\\\/olx.jpg\",\"contentUrl\":\"https:\\\/\\\/spawlab.pl\\\/wp-content\\\/uploads\\\/2022\\\/01\\\/olx.jpg\",\"width\":200,\"height\":200,\"caption\":\"Spawlab.pl\"}]}<\/script>\n<meta property=\"product:brand\" content=\"Kemppi\" \/>\n<meta property=\"product:price:amount\" content=\"12600.00\" \/>\n<meta property=\"product:price:currency\" content=\"PLN\" \/>\n<meta property=\"og:availability\" content=\"backorder\" \/>\n<meta property=\"product:availability\" content=\"available for order\" \/>\n<meta property=\"product:condition\" content=\"new\" \/>\n<!-- \/ Yoast SEO Premium plugin. -->","yoast_head_json":{"title":"Kemppi MinarcTig Evo 200 MLP - SpawLab - Welding equipment and plasma cutters - store and service","description":"Lider sprzeda\u017cy, Oficjalny Dystrybutor Premium i Serwis na Polsk\u0119 Migatronic, Gys, Voestalpine Bohler Welding. Nowe i u\u017cywane Spawarki, Przecinarki Plazmowe, Kompresory. Mgr in\u017c. Jaros\u0142aw Ko\u0142aski, IWE","robots":{"index":"index","follow":"follow","max-snippet":"max-snippet:-1","max-image-preview":"max-image-preview:large","max-video-preview":"max-video-preview:-1"},"canonical":"https:\/\/spawlab.pl\/en\/produkt\/kemppi-minarctig-evo-200-mlp\/","og_locale":"en_US","og_type":"article","og_title":"Kemppi MinarcTig Evo 200 MLP","og_description":"Lider sprzeda\u017cy, Oficjalny Dystrybutor Premium i Serwis na Polsk\u0119 Migatronic, Gys, Voestalpine Bohler Welding. Nowe i u\u017cywane Spawarki, Przecinarki Plazmowe, Kompresory. Mgr in\u017c. Jaros\u0142aw Ko\u0142aski, IWE","og_url":"https:\/\/spawlab.pl\/en\/produkt\/kemppi-minarctig-evo-200-mlp\/","og_site_name":"SpawLab - Welding equipment and plasma cutters - store and service","article_publisher":"https:\/\/www.facebook.com\/Spawlab\/","og_image":[{"url":"https:\/\/d3dbtvmfwwhlf2.cloudfront.net\/pub\/Products+and+Services\/Equipment\/Manual+Welding\/TIG+Welders\/MinarcTig+Evo\/Images\/minarc-tig-evo-200mlp_sRGB-w.tif?c=system_640x","type":"","width":"","height":""}],"twitter_misc":{"Price":"12 600,00&nbsp;&#122;&#322; (10 243,90&nbsp;&#122;&#322; netto)","Availability":"On backorder"},"schema":{"@context":"https:\/\/schema.org","@graph":[{"@type":["WebPage","ItemPage"],"@id":"https:\/\/spawlab.pl\/en\/produkt\/kemppi-minarctig-evo-200-mlp\/","url":"https:\/\/spawlab.pl\/en\/produkt\/kemppi-minarctig-evo-200-mlp\/","name":"Kemppi MinarcTig Evo 200 MLP - SpawLab - Welding equipment and plasma cutters - store and service","isPartOf":{"@id":"https:\/\/spawlab.pl\/en\/#website"},"primaryImageOfPage":{"@id":"https:\/\/spawlab.pl\/en\/produkt\/kemppi-minarctig-evo-200-mlp\/#primaryimage"},"image":{"@id":"https:\/\/spawlab.pl\/en\/produkt\/kemppi-minarctig-evo-200-mlp\/#primaryimage"},"thumbnailUrl":"https:\/\/spawlab.pl\/wp-content\/uploads\/2022\/02\/minarc-tig-evo-200mlp_sRGB-w.jpg","datePublished":"2022-02-06T11:51:41+00:00","description":"Lider sprzeda\u017cy, Oficjalny Dystrybutor Premium i Serwis na Polsk\u0119 Migatronic, Gys, Voestalpine Bohler Welding. Nowe i u\u017cywane Spawarki, Przecinarki Plazmowe, Kompresory. Mgr in\u017c. Jaros\u0142aw Ko\u0142aski, IWE","breadcrumb":{"@id":"https:\/\/spawlab.pl\/en\/produkt\/kemppi-minarctig-evo-200-mlp\/#breadcrumb"},"inLanguage":"en-US","potentialAction":[{"@type":"ReadAction","target":["https:\/\/spawlab.pl\/en\/produkt\/kemppi-minarctig-evo-200-mlp\/"]}]},{"@type":"ImageObject","inLanguage":"en-US","@id":"https:\/\/spawlab.pl\/en\/produkt\/kemppi-minarctig-evo-200-mlp\/#primaryimage","url":"https:\/\/spawlab.pl\/wp-content\/uploads\/2022\/02\/minarc-tig-evo-200mlp_sRGB-w.jpg","contentUrl":"https:\/\/spawlab.pl\/wp-content\/uploads\/2022\/02\/minarc-tig-evo-200mlp_sRGB-w.jpg","width":640,"height":640},{"@type":"BreadcrumbList","@id":"https:\/\/spawlab.pl\/en\/produkt\/kemppi-minarctig-evo-200-mlp\/#breadcrumb","itemListElement":[{"@type":"ListItem","position":1,"name":"Strona g\u0142\u00f3wna","item":"https:\/\/spawlab.pl\/en\/"},{"@type":"ListItem","position":2,"name":"Store","item":"https:\/\/spawlab.pl\/en\/shop\/"},{"@type":"ListItem","position":3,"name":"Kemppi MinarcTig Evo 200 MLP"}]},{"@type":"WebSite","@id":"https:\/\/spawlab.pl\/en\/#website","url":"https:\/\/spawlab.pl\/en\/","name":"Spawlab.pl Lider - Spawarki, Przecinarki Plazmowe, Kompresory","description":"Urz\u0105dzenia spawalnicze i Przecinarki plazmowe\/ nowe i u\u017cywane \/ Profesjonalny serwis","publisher":{"@id":"https:\/\/spawlab.pl\/en\/#organization"},"alternateName":"Spawlab.pl - Dystrybutor Premium i Serwis na Polske Migatronic, Gys, Voestalpine Bohler Welding","potentialAction":[{"@type":"SearchAction","target":{"@type":"EntryPoint","urlTemplate":"https:\/\/spawlab.pl\/en\/?s={search_term_string}"},"query-input":{"@type":"PropertyValueSpecification","valueRequired":true,"valueName":"search_term_string"}}],"inLanguage":"en-US"},{"@type":["Organization","Place"],"@id":"https:\/\/spawlab.pl\/en\/#organization","name":"Spawlab.pl","url":"https:\/\/spawlab.pl\/en\/","logo":{"@id":"https:\/\/spawlab.pl\/en\/produkt\/kemppi-minarctig-evo-200-mlp\/#local-main-organization-logo"},"image":{"@id":"https:\/\/spawlab.pl\/en\/produkt\/kemppi-minarctig-evo-200-mlp\/#local-main-organization-logo"},"sameAs":["https:\/\/www.facebook.com\/Spawlab\/","https:\/\/www.linkedin.com\/company\/spawlab","https:\/\/www.instagram.com\/spawlab.pl","https:\/\/www.tiktok.com\/@spawlab"],"description":"Lider sprzeda\u017cy, Oficjalny Dystrybutor Premium i Serwis na Polsk\u0119 Migatronic, Gys, Voestalpine Bohler Welding. Nowe i u\u017cywane Spawarki, Przecinarki Plazmowe, Kompresory. Mgr in\u017c. Jaros\u0142aw Ko\u0142aski, IWE","hasMerchantReturnPolicy":{"@type":"MerchantReturnPolicy","merchantReturnLink":"https:\/\/spawlab.pl\/polityka-prywatnosci-2\/"},"telephone":[],"openingHoursSpecification":[{"@type":"OpeningHoursSpecification","dayOfWeek":["Monday","Tuesday","Wednesday","Thursday","Friday","Saturday","Sunday"],"opens":"09:00","closes":"17:00"}]},{"@type":"ImageObject","inLanguage":"en-US","@id":"https:\/\/spawlab.pl\/en\/produkt\/kemppi-minarctig-evo-200-mlp\/#local-main-organization-logo","url":"https:\/\/spawlab.pl\/wp-content\/uploads\/2022\/01\/olx.jpg","contentUrl":"https:\/\/spawlab.pl\/wp-content\/uploads\/2022\/01\/olx.jpg","width":200,"height":200,"caption":"Spawlab.pl"}]},"product_brand":"Kemppi","product_price_amount":"12600.00","product_price_currency":"PLN","og_availability":"backorder","product_availability":"available for order","product_condition":"new"},"_links":{"self":[{"href":"https:\/\/spawlab.pl\/en\/wp-json\/wp\/v2\/product\/30917","targetHints":{"allow":["GET"]}}],"collection":[{"href":"https:\/\/spawlab.pl\/en\/wp-json\/wp\/v2\/product"}],"about":[{"href":"https:\/\/spawlab.pl\/en\/wp-json\/wp\/v2\/types\/product"}],"wp:featuredmedia":[{"embeddable":true,"href":"https:\/\/spawlab.pl\/en\/wp-json\/wp\/v2\/media\/14734"}],"wp:attachment":[{"href":"https:\/\/spawlab.pl\/en\/wp-json\/wp\/v2\/media?parent=30917"}],"wp:term":[{"taxonomy":"product_brand","embeddable":true,"href":"https:\/\/spawlab.pl\/en\/wp-json\/wp\/v2\/product_brand?post=30917"},{"taxonomy":"product_cat","embeddable":true,"href":"https:\/\/spawlab.pl\/en\/wp-json\/wp\/v2\/product_cat?post=30917"},{"taxonomy":"product_tag","embeddable":true,"href":"https:\/\/spawlab.pl\/en\/wp-json\/wp\/v2\/product_tag?post=30917"}],"curies":[{"name":"wp","href":"https:\/\/api.w.org\/{rel}","templated":true}]}}