{"id":30925,"date":"2022-02-03T09:59:17","date_gmt":"2022-02-03T08:59:17","guid":{"rendered":"https:\/\/spawlab.pl\/produkt\/kemppi-minarc-evo-180\/"},"modified":"2022-02-03T09:59:17","modified_gmt":"2022-02-03T08:59:17","slug":"kemppi-minarc-evo-180","status":"publish","type":"product","link":"https:\/\/spawlab.pl\/en\/produkt\/kemppi-minarc-evo-180\/","title":{"rendered":"Kemppi Minarc Evo 180"},"content":{"rendered":"<p><strong>This is an unusual set from portals where the price is undercut and the customer buys the poorest version. We are professionals and select equipment as if it were being bought for us. <\/strong><\/p>\n<p>HIGHER POWER AND LOWER COSTS<br \/>\nWithout a shadow of an exaggeration, we can say: superior welding performance. All components of the Minarc Evo 180 are designed to meet the needs of professional welders who use lightweight, portable equipment. When it comes to the optimal combination of size, weight and welding quality, this device has no equal. With the ability to be powered by mains or genset, the Minarc Evo 180 units are ideal for field work, even with very long power cables. Because Minarc Evo units are lightweight and portable,<br \/>\nall the equipment you need can be taken with you in one go. Included: ground cable, welding cables (3 m) and carrying strap.     <\/p>\n<p>LIGHT<br \/>\nEasy to carry to any location<\/p>\n<p>ANNUAL SAVINGS<br \/>\nLonger welding time and greater range<\/p>\n<p>ION RUNNING TENSION<br \/>\nBenefits of better control of the welding pool<\/p>\n<p>BENEFITS<br \/>\n&#8211; Superior welding quality<br \/>\n&#8211; Welding with all types of electrodes<br \/>\n&#8211; Trouble-free operation with long power cables<br \/>\n&#8211; PFC technology for ultimate energy efficiency<br \/>\n&#8211; High welding current and duty cycle<br \/>\n&#8211; Lightweight and portable<br \/>\n&#8211; Durable housing<br \/>\n&#8211; Precision Lift TIG contact ignition<br \/>\n&#8211; Mains or generator power<br \/>\n&#8211; Optional remote control<br \/>\n&#8211; Kemppi 3 warranty on parts and labor<\/p>\n<p>Excellent arc stability<br \/>\nThe large voltage reserve and automatic arc pressure control produce an extremely stable arc, regardless of the welding position and type of electrode, and that means top-quality welding every time.<\/p>\n<p>Large, easy-to-read parameter display The large, easy-to-read parameter display allows you to accurately set the correct current, and the precise TIG arc contact ignition ensures high-quality DC TIG welding. For maximum convenience and control over the weld pool, an optional remote control can be connected to the machine, allowing you to remotely correct parameter values during welding. Maximize your welding time With a voltage reserve of 8.2 V at<br \/>\n170 A, the Minarc EVO 180 welder can maintain maximum welding power longer than competing units. This means longer working time and greater range, as well as reducing<br \/>\nthe need to move equipment on the job site &#8211; this welder is simply unbeatable!   <\/p>\n<p>Better control over the weld pool<\/p>\n<p>Ability to adjust welding current from the workstation while working at a distance or at height &#8211; greater control over the weld pool and welding accuracy &#8211; less time wasted moving between the welding site and the machine &#8211; greater work efficiency and cost savings Less touch-ups, more welding itself<br \/>\nThe Minarc Evo 180 provides precise power adjustment to reduce the need for touch-ups through better weld quality. Selecting the right current level for any electrode size is simple, making it dramatically easier to comply with Welding Process Instructions (WPS). Stop wasting time grinding and just weld more.  <\/p>\n<p>Lightweight, compact and ultra-portable Welding does not always take place in warm and stable workshops and factories. But with the Minarc Evo welder, you can weld even in the harshest conditions. The Minarc Evo 180 welder can be powered from the mains or genset even with very long power cables. It&#8217;s also easily portable, allowing you to take all the equipment you need in one go.   <\/p>\n<p>Minarc Evo 180<br \/>\nProduct code 61002180<br \/>\nSupply voltage 1~, 50\/60 Hz 230 V \u00b115%<br \/>\nShort-circuit protection 16 A<br \/>\nMin. power of generator 5.5 kVA<br \/>\nMax. current (40\u00b0C) TIG 100%, 130 A\/15.2 V<br \/>\n35%, 180 A\/17.2 V<br \/>\nMax. current (TIG (60%), 180 A\/17.2 V Max. current (TIG (60%), 130 A\/15.2 V max. (TIG) (35%) 180 A\/17.2 V<br \/>\nCurrent max. (TIG) (60%) 150 A\/15 V<br \/>\nCurrent max. (TIG) (100%) 130 A\/15.2 V<br \/>\nCurrent max. (MMA) (30%) 170 A\/26.8 V (140 AU: 28%, 140 A\/25.6 V)<br \/>\nCurrent max. (MMA) (60%) 140 A\/25.6 V<br \/>\nCurrent max.         (MMA) (100%) 115 A\/24.6 V (140 AU: 80 A\/23.2 V)<br \/>\nIdle voltage 90 V<br \/>\nCovered electrode sizes 1.5-4.0 mm<br \/>\nWelding performance range (MMA) 10 A\/15 V to 170 A\/32 V<br \/>\nWelding performance range (TIG) 10 A\/10 V to 180 A\/30 V<br \/>\nPower consumed at max. current (30%) (MMA) 170 A\/5.7 kVA<br \/>\nPower consumed at max.  current (35%) (TIG) 180 A\/4.0 kVA<br \/>\nPower factor for 100% 0.99<br \/>\nEfficiency for 100% (MMA) 84%<br \/>\nOperating temperature range -20\u00b0C to +40\u00b0C<br \/>\nExternal dimensions (L x W x H.) 361 x 139 x 267 mm<br \/>\nWeight (without accessories) 5.4 kg<br \/>\nDegree of protection IP23S<br \/>\nStandards met IEC 60974-1<br \/>\nIEC 60974-10<br \/>\nIEC 61000-3-12<br \/>\nWeight (with power cord) 5.85 kg<br \/>\nElectromagnetic compatibility class A<br \/>\nStandards IEC 60974-1, -10, IEC 61000-3-12<\/p>\n","protected":false},"excerpt":{"rendered":"<p>This is an unusual set from portals where the price is undercut and the customer buys the poorest version. We are professionals and select equipment as if it were being bought for us. HIGHER POWER AND LOWER COSTS Without a shadow of an exaggeration, we can say: superior welding performance. All components of the Minarc [&hellip;]<\/p>\n","protected":false},"featured_media":14730,"template":"","meta":{"inline_featured_image":false},"product_brand":[],"product_cat":[499,474],"product_tag":[],"class_list":{"0":"post-30925","1":"product","2":"type-product","3":"status-publish","4":"has-post-thumbnail","6":"product_cat-mma-en-2","7":"product_cat-new","9":"first","10":"instock","11":"sale","12":"taxable","13":"shipping-taxable","14":"purchasable","15":"product-type-simple"},"yoast_head":"<!-- This site is optimized with the Yoast SEO Premium plugin v27.5 (Yoast SEO v27.6) - https:\/\/yoast.com\/product\/yoast-seo-premium-wordpress\/ -->\n<title>Kemppi Minarc Evo 180 - SpawLab - Welding equipment and plasma cutters - store and service<\/title>\n<meta name=\"description\" content=\"Lider sprzeda\u017cy, Oficjalny Dystrybutor Premium i Serwis na Polsk\u0119 Migatronic, Gys, Voestalpine Bohler Welding. Nowe i u\u017cywane Spawarki, Przecinarki Plazmowe, Kompresory. Mgr in\u017c. Jaros\u0142aw Ko\u0142aski, IWE\" \/>\n<meta name=\"robots\" content=\"index, follow, max-snippet:-1, max-image-preview:large, max-video-preview:-1\" \/>\n<link rel=\"canonical\" href=\"https:\/\/spawlab.pl\/en\/produkt\/kemppi-minarc-evo-180\/\" \/>\n<meta property=\"og:locale\" content=\"en_US\" \/>\n<meta property=\"og:type\" content=\"article\" \/>\n<meta property=\"og:title\" content=\"Kemppi Minarc Evo 180\" \/>\n<meta property=\"og:description\" content=\"Lider sprzeda\u017cy, Oficjalny Dystrybutor Premium i Serwis na Polsk\u0119 Migatronic, Gys, Voestalpine Bohler Welding. Nowe i u\u017cywane Spawarki, Przecinarki Plazmowe, Kompresory. Mgr in\u017c. Jaros\u0142aw Ko\u0142aski, IWE\" \/>\n<meta property=\"og:url\" content=\"https:\/\/spawlab.pl\/en\/produkt\/kemppi-minarc-evo-180\/\" \/>\n<meta property=\"og:site_name\" content=\"SpawLab - Welding equipment and plasma cutters - store and service\" \/>\n<meta property=\"article:publisher\" content=\"https:\/\/www.facebook.com\/Spawlab\/\" \/>\n<meta property=\"og:image\" content=\"https:\/\/spawlab.pl\/wp-content\/uploads\/2025\/06\/LOGO-SPOLECZN-scaled.png\" \/>\n\t<meta property=\"og:image:width\" content=\"2560\" \/>\n\t<meta property=\"og:image:height\" content=\"1440\" \/>\n\t<meta property=\"og:image:type\" content=\"image\/png\" \/>\n<meta name=\"twitter:label1\" content=\"Price\" \/>\n\t<meta name=\"twitter:data1\" content=\"4 400,00&nbsp;&#122;&#322; (3 577,24&nbsp;&#122;&#322; netto)\" \/>\n\t<meta name=\"twitter:label2\" content=\"Availability\" \/>\n\t<meta name=\"twitter:data2\" content=\"In stock\" \/>\n<script type=\"application\/ld+json\" class=\"yoast-schema-graph\">{\"@context\":\"https:\\\/\\\/schema.org\",\"@graph\":[{\"@type\":[\"WebPage\",\"ItemPage\"],\"@id\":\"https:\\\/\\\/spawlab.pl\\\/en\\\/produkt\\\/kemppi-minarc-evo-180\\\/\",\"url\":\"https:\\\/\\\/spawlab.pl\\\/en\\\/produkt\\\/kemppi-minarc-evo-180\\\/\",\"name\":\"Kemppi Minarc Evo 180 - SpawLab - Welding equipment and plasma cutters - store and service\",\"isPartOf\":{\"@id\":\"https:\\\/\\\/spawlab.pl\\\/en\\\/#website\"},\"primaryImageOfPage\":{\"@id\":\"https:\\\/\\\/spawlab.pl\\\/en\\\/produkt\\\/kemppi-minarc-evo-180\\\/#primaryimage\"},\"image\":{\"@id\":\"https:\\\/\\\/spawlab.pl\\\/en\\\/produkt\\\/kemppi-minarc-evo-180\\\/#primaryimage\"},\"thumbnailUrl\":\"https:\\\/\\\/spawlab.pl\\\/wp-content\\\/uploads\\\/2022\\\/02\\\/MinarcEvo180-w.jpg\",\"datePublished\":\"2022-02-03T08:59:17+00:00\",\"description\":\"Lider sprzeda\u017cy, Oficjalny Dystrybutor Premium i Serwis na Polsk\u0119 Migatronic, Gys, Voestalpine Bohler Welding. Nowe i u\u017cywane Spawarki, Przecinarki Plazmowe, Kompresory. Mgr in\u017c. Jaros\u0142aw Ko\u0142aski, IWE\",\"breadcrumb\":{\"@id\":\"https:\\\/\\\/spawlab.pl\\\/en\\\/produkt\\\/kemppi-minarc-evo-180\\\/#breadcrumb\"},\"inLanguage\":\"en-US\",\"potentialAction\":[{\"@type\":\"ReadAction\",\"target\":[\"https:\\\/\\\/spawlab.pl\\\/en\\\/produkt\\\/kemppi-minarc-evo-180\\\/\"]}]},{\"@type\":\"ImageObject\",\"inLanguage\":\"en-US\",\"@id\":\"https:\\\/\\\/spawlab.pl\\\/en\\\/produkt\\\/kemppi-minarc-evo-180\\\/#primaryimage\",\"url\":\"https:\\\/\\\/spawlab.pl\\\/wp-content\\\/uploads\\\/2022\\\/02\\\/MinarcEvo180-w.jpg\",\"contentUrl\":\"https:\\\/\\\/spawlab.pl\\\/wp-content\\\/uploads\\\/2022\\\/02\\\/MinarcEvo180-w.jpg\",\"width\":640,\"height\":640},{\"@type\":\"BreadcrumbList\",\"@id\":\"https:\\\/\\\/spawlab.pl\\\/en\\\/produkt\\\/kemppi-minarc-evo-180\\\/#breadcrumb\",\"itemListElement\":[{\"@type\":\"ListItem\",\"position\":1,\"name\":\"Strona g\u0142\u00f3wna\",\"item\":\"https:\\\/\\\/spawlab.pl\\\/en\\\/\"},{\"@type\":\"ListItem\",\"position\":2,\"name\":\"Store\",\"item\":\"https:\\\/\\\/spawlab.pl\\\/en\\\/shop\\\/\"},{\"@type\":\"ListItem\",\"position\":3,\"name\":\"Kemppi Minarc Evo 180\"}]},{\"@type\":\"WebSite\",\"@id\":\"https:\\\/\\\/spawlab.pl\\\/en\\\/#website\",\"url\":\"https:\\\/\\\/spawlab.pl\\\/en\\\/\",\"name\":\"Spawlab.pl Lider - Spawarki, Przecinarki Plazmowe, Kompresory\",\"description\":\"Urz\u0105dzenia spawalnicze i Przecinarki plazmowe\\\/ nowe i u\u017cywane \\\/ Profesjonalny serwis\",\"publisher\":{\"@id\":\"https:\\\/\\\/spawlab.pl\\\/en\\\/#organization\"},\"alternateName\":\"Spawlab.pl - Dystrybutor Premium i Serwis na Polske Migatronic, Gys, Voestalpine Bohler Welding\",\"potentialAction\":[{\"@type\":\"SearchAction\",\"target\":{\"@type\":\"EntryPoint\",\"urlTemplate\":\"https:\\\/\\\/spawlab.pl\\\/en\\\/?s={search_term_string}\"},\"query-input\":{\"@type\":\"PropertyValueSpecification\",\"valueRequired\":true,\"valueName\":\"search_term_string\"}}],\"inLanguage\":\"en-US\"},{\"@type\":[\"Organization\",\"Place\"],\"@id\":\"https:\\\/\\\/spawlab.pl\\\/en\\\/#organization\",\"name\":\"Spawlab.pl\",\"url\":\"https:\\\/\\\/spawlab.pl\\\/en\\\/\",\"logo\":{\"@id\":\"https:\\\/\\\/spawlab.pl\\\/en\\\/produkt\\\/kemppi-minarc-evo-180\\\/#local-main-organization-logo\"},\"image\":{\"@id\":\"https:\\\/\\\/spawlab.pl\\\/en\\\/produkt\\\/kemppi-minarc-evo-180\\\/#local-main-organization-logo\"},\"sameAs\":[\"https:\\\/\\\/www.facebook.com\\\/Spawlab\\\/\",\"https:\\\/\\\/www.linkedin.com\\\/company\\\/spawlab\",\"https:\\\/\\\/www.instagram.com\\\/spawlab.pl\",\"https:\\\/\\\/www.tiktok.com\\\/@spawlab\"],\"description\":\"Lider sprzeda\u017cy, Oficjalny Dystrybutor Premium i Serwis na Polsk\u0119 Migatronic, Gys, Voestalpine Bohler Welding. Nowe i u\u017cywane Spawarki, Przecinarki Plazmowe, Kompresory. Mgr in\u017c. Jaros\u0142aw Ko\u0142aski, IWE\",\"hasMerchantReturnPolicy\":{\"@type\":\"MerchantReturnPolicy\",\"merchantReturnLink\":\"https:\\\/\\\/spawlab.pl\\\/polityka-prywatnosci-2\\\/\"},\"telephone\":[],\"openingHoursSpecification\":[{\"@type\":\"OpeningHoursSpecification\",\"dayOfWeek\":[\"Monday\",\"Tuesday\",\"Wednesday\",\"Thursday\",\"Friday\",\"Saturday\",\"Sunday\"],\"opens\":\"09:00\",\"closes\":\"17:00\"}]},{\"@type\":\"ImageObject\",\"inLanguage\":\"en-US\",\"@id\":\"https:\\\/\\\/spawlab.pl\\\/en\\\/produkt\\\/kemppi-minarc-evo-180\\\/#local-main-organization-logo\",\"url\":\"https:\\\/\\\/spawlab.pl\\\/wp-content\\\/uploads\\\/2022\\\/01\\\/olx.jpg\",\"contentUrl\":\"https:\\\/\\\/spawlab.pl\\\/wp-content\\\/uploads\\\/2022\\\/01\\\/olx.jpg\",\"width\":200,\"height\":200,\"caption\":\"Spawlab.pl\"}]}<\/script>\n<meta property=\"product:brand\" content=\"Kemppi\" \/>\n<meta property=\"product:price:amount\" content=\"4400.00\" \/>\n<meta property=\"product:price:currency\" content=\"PLN\" \/>\n<meta property=\"og:availability\" content=\"instock\" \/>\n<meta property=\"product:availability\" content=\"instock\" \/>\n<meta property=\"product:condition\" content=\"new\" \/>\n<!-- \/ Yoast SEO Premium plugin. -->","yoast_head_json":{"title":"Kemppi Minarc Evo 180 - SpawLab - Welding equipment and plasma cutters - store and service","description":"Lider sprzeda\u017cy, Oficjalny Dystrybutor Premium i Serwis na Polsk\u0119 Migatronic, Gys, Voestalpine Bohler Welding. Nowe i u\u017cywane Spawarki, Przecinarki Plazmowe, Kompresory. Mgr in\u017c. Jaros\u0142aw Ko\u0142aski, IWE","robots":{"index":"index","follow":"follow","max-snippet":"max-snippet:-1","max-image-preview":"max-image-preview:large","max-video-preview":"max-video-preview:-1"},"canonical":"https:\/\/spawlab.pl\/en\/produkt\/kemppi-minarc-evo-180\/","og_locale":"en_US","og_type":"article","og_title":"Kemppi Minarc Evo 180","og_description":"Lider sprzeda\u017cy, Oficjalny Dystrybutor Premium i Serwis na Polsk\u0119 Migatronic, Gys, Voestalpine Bohler Welding. Nowe i u\u017cywane Spawarki, Przecinarki Plazmowe, Kompresory. Mgr in\u017c. Jaros\u0142aw Ko\u0142aski, IWE","og_url":"https:\/\/spawlab.pl\/en\/produkt\/kemppi-minarc-evo-180\/","og_site_name":"SpawLab - Welding equipment and plasma cutters - store and service","article_publisher":"https:\/\/www.facebook.com\/Spawlab\/","og_image":[{"width":2560,"height":1440,"url":"https:\/\/spawlab.pl\/wp-content\/uploads\/2025\/06\/LOGO-SPOLECZN-scaled.png","type":"image\/png"}],"twitter_misc":{"Price":"4 400,00&nbsp;&#122;&#322; (3 577,24&nbsp;&#122;&#322; netto)","Availability":"In stock"},"schema":{"@context":"https:\/\/schema.org","@graph":[{"@type":["WebPage","ItemPage"],"@id":"https:\/\/spawlab.pl\/en\/produkt\/kemppi-minarc-evo-180\/","url":"https:\/\/spawlab.pl\/en\/produkt\/kemppi-minarc-evo-180\/","name":"Kemppi Minarc Evo 180 - SpawLab - Welding equipment and plasma cutters - store and service","isPartOf":{"@id":"https:\/\/spawlab.pl\/en\/#website"},"primaryImageOfPage":{"@id":"https:\/\/spawlab.pl\/en\/produkt\/kemppi-minarc-evo-180\/#primaryimage"},"image":{"@id":"https:\/\/spawlab.pl\/en\/produkt\/kemppi-minarc-evo-180\/#primaryimage"},"thumbnailUrl":"https:\/\/spawlab.pl\/wp-content\/uploads\/2022\/02\/MinarcEvo180-w.jpg","datePublished":"2022-02-03T08:59:17+00:00","description":"Lider sprzeda\u017cy, Oficjalny Dystrybutor Premium i Serwis na Polsk\u0119 Migatronic, Gys, Voestalpine Bohler Welding. Nowe i u\u017cywane Spawarki, Przecinarki Plazmowe, Kompresory. Mgr in\u017c. Jaros\u0142aw Ko\u0142aski, IWE","breadcrumb":{"@id":"https:\/\/spawlab.pl\/en\/produkt\/kemppi-minarc-evo-180\/#breadcrumb"},"inLanguage":"en-US","potentialAction":[{"@type":"ReadAction","target":["https:\/\/spawlab.pl\/en\/produkt\/kemppi-minarc-evo-180\/"]}]},{"@type":"ImageObject","inLanguage":"en-US","@id":"https:\/\/spawlab.pl\/en\/produkt\/kemppi-minarc-evo-180\/#primaryimage","url":"https:\/\/spawlab.pl\/wp-content\/uploads\/2022\/02\/MinarcEvo180-w.jpg","contentUrl":"https:\/\/spawlab.pl\/wp-content\/uploads\/2022\/02\/MinarcEvo180-w.jpg","width":640,"height":640},{"@type":"BreadcrumbList","@id":"https:\/\/spawlab.pl\/en\/produkt\/kemppi-minarc-evo-180\/#breadcrumb","itemListElement":[{"@type":"ListItem","position":1,"name":"Strona g\u0142\u00f3wna","item":"https:\/\/spawlab.pl\/en\/"},{"@type":"ListItem","position":2,"name":"Store","item":"https:\/\/spawlab.pl\/en\/shop\/"},{"@type":"ListItem","position":3,"name":"Kemppi Minarc Evo 180"}]},{"@type":"WebSite","@id":"https:\/\/spawlab.pl\/en\/#website","url":"https:\/\/spawlab.pl\/en\/","name":"Spawlab.pl Lider - Spawarki, Przecinarki Plazmowe, Kompresory","description":"Urz\u0105dzenia spawalnicze i Przecinarki plazmowe\/ nowe i u\u017cywane \/ Profesjonalny serwis","publisher":{"@id":"https:\/\/spawlab.pl\/en\/#organization"},"alternateName":"Spawlab.pl - Dystrybutor Premium i Serwis na Polske Migatronic, Gys, Voestalpine Bohler Welding","potentialAction":[{"@type":"SearchAction","target":{"@type":"EntryPoint","urlTemplate":"https:\/\/spawlab.pl\/en\/?s={search_term_string}"},"query-input":{"@type":"PropertyValueSpecification","valueRequired":true,"valueName":"search_term_string"}}],"inLanguage":"en-US"},{"@type":["Organization","Place"],"@id":"https:\/\/spawlab.pl\/en\/#organization","name":"Spawlab.pl","url":"https:\/\/spawlab.pl\/en\/","logo":{"@id":"https:\/\/spawlab.pl\/en\/produkt\/kemppi-minarc-evo-180\/#local-main-organization-logo"},"image":{"@id":"https:\/\/spawlab.pl\/en\/produkt\/kemppi-minarc-evo-180\/#local-main-organization-logo"},"sameAs":["https:\/\/www.facebook.com\/Spawlab\/","https:\/\/www.linkedin.com\/company\/spawlab","https:\/\/www.instagram.com\/spawlab.pl","https:\/\/www.tiktok.com\/@spawlab"],"description":"Lider sprzeda\u017cy, Oficjalny Dystrybutor Premium i Serwis na Polsk\u0119 Migatronic, Gys, Voestalpine Bohler Welding. Nowe i u\u017cywane Spawarki, Przecinarki Plazmowe, Kompresory. Mgr in\u017c. Jaros\u0142aw Ko\u0142aski, IWE","hasMerchantReturnPolicy":{"@type":"MerchantReturnPolicy","merchantReturnLink":"https:\/\/spawlab.pl\/polityka-prywatnosci-2\/"},"telephone":[],"openingHoursSpecification":[{"@type":"OpeningHoursSpecification","dayOfWeek":["Monday","Tuesday","Wednesday","Thursday","Friday","Saturday","Sunday"],"opens":"09:00","closes":"17:00"}]},{"@type":"ImageObject","inLanguage":"en-US","@id":"https:\/\/spawlab.pl\/en\/produkt\/kemppi-minarc-evo-180\/#local-main-organization-logo","url":"https:\/\/spawlab.pl\/wp-content\/uploads\/2022\/01\/olx.jpg","contentUrl":"https:\/\/spawlab.pl\/wp-content\/uploads\/2022\/01\/olx.jpg","width":200,"height":200,"caption":"Spawlab.pl"}]},"product_brand":"Kemppi","product_price_amount":"4400.00","product_price_currency":"PLN","og_availability":"instock","product_availability":"instock","product_condition":"new"},"_links":{"self":[{"href":"https:\/\/spawlab.pl\/en\/wp-json\/wp\/v2\/product\/30925","targetHints":{"allow":["GET"]}}],"collection":[{"href":"https:\/\/spawlab.pl\/en\/wp-json\/wp\/v2\/product"}],"about":[{"href":"https:\/\/spawlab.pl\/en\/wp-json\/wp\/v2\/types\/product"}],"wp:featuredmedia":[{"embeddable":true,"href":"https:\/\/spawlab.pl\/en\/wp-json\/wp\/v2\/media\/14730"}],"wp:attachment":[{"href":"https:\/\/spawlab.pl\/en\/wp-json\/wp\/v2\/media?parent=30925"}],"wp:term":[{"taxonomy":"product_brand","embeddable":true,"href":"https:\/\/spawlab.pl\/en\/wp-json\/wp\/v2\/product_brand?post=30925"},{"taxonomy":"product_cat","embeddable":true,"href":"https:\/\/spawlab.pl\/en\/wp-json\/wp\/v2\/product_cat?post=30925"},{"taxonomy":"product_tag","embeddable":true,"href":"https:\/\/spawlab.pl\/en\/wp-json\/wp\/v2\/product_tag?post=30925"}],"curies":[{"name":"wp","href":"https:\/\/api.w.org\/{rel}","templated":true}]}}