{"id":30939,"date":"2022-02-01T22:52:16","date_gmt":"2022-02-01T21:52:16","guid":{"rendered":"https:\/\/spawlab.pl\/produkt\/migatronic-pi-250-tig-dc\/"},"modified":"2022-02-01T22:52:16","modified_gmt":"2022-02-01T21:52:16","slug":"migatronic-pi-250-tig-dc","status":"publish","type":"product","link":"https:\/\/spawlab.pl\/en\/produkt\/migatronic-pi-250-tig-dc\/","title":{"rendered":"Migatronic PI 250 TIG DC"},"content":{"rendered":"<p>New welder with warranty<\/p>\n<p>Liquid-cooled version<\/p>\n<p>Migatronic Pi welding equipment combines proven inverter technology with new control and communication options. These features optimize welding parameters and make the most advanced functions child&#8217;s play. <\/p>\n<p>NEW PULSE SOUND WITH SYNERGY PLUS\u2122 FUNCTION In addition to traditional pulse and high-speed pulse in DC TIG technology, Pi machines are equipped with a Migatronic invention called Synergy PLUS\u2122, a special pulse function that allows automatic and dynamic setting of all main pulse parameters during synergy welding.<br \/>\nThus, with the Synergy PLUS\u2122 function, the traditional pulse welding sound has been replaced by a pure metallic sound.<\/p>\n<p>WELDING UP TO 200 A WITH A SMALL 16 A FUSE Both single-phase versions of the Pi 200 TIG welders feature PFC (Power Factor Correction), an electronic circuit that allows welding up to 200 A with a small 16 A fuse.<\/p>\n<p>UP TO 4 X 64 PROGRAM SETTINGS All Pi 350-500 TIG welders<br \/>\nallow you to enter 64 program settings for each welding technique: TIG DC, TIG AC, MMA DC and MMA AC, so the welder can quickly and safely recall<br \/>\ncustomized settings, which is very helpful for repetitive tasks. The Pi 200 &#8211; 250 TIG welders allow 10 program settings for each welding technique <\/p>\n<p>TIG LIFTIG\u00ae IN THE STANDARD EQUIPMENT OF ALL SPAWARDS All Pi TIG and MMA machines come standard with the TIG LIFTIG\u00ae function (HF-free &#8211; high-frequency ignition) for TIG welding in voltage-sensitive environments.<\/p>\n<p>WELDING MODES IN THE SUBMENU The user-friendly panels of the Pi welders offer many shortcuts to make welding much easier. The submenus contain a variety of different options for making custom settings for the welding process. <\/p>\n<p>TIG-A-TACK\u2122 &#8211; THE PINNACLE OF TACK WELDING<\/p>\n<p>TIG-A-Tack\u2122 (standard) is Migatronic&#8217;s newly developed feature for making extremely small and precise tack welds quickly. It makes it possible to reduce the risk of distortion and material damage. <\/p>\n<p>REDUCTION OF FAN NOISE AND ENERGY CONSUMPTION<\/p>\n<p>Migatronic Pi was developed with respect for both the environment and the working environment. The infinitely adjustable fan operates with precision and adjusts automatically to the current load\/cooling degree required of the machine. The result is reduced fan noise, lower energy consumption and dust absorption, as well as longer welder life.  <\/p>\n<p>GRAZING THICK MATERIAL Pi 500 has a gouging function used for gouging ridge layers or locating melting deficiencies<\/p>\n<p>AC WELDING: ONE BUTTON &#8211; FOUR PARAMETERS<br \/>\nThe art of simplification: the PI AC\/DC versions allow the welder to adjust four main AC parameters with just one button:<\/p>\n<p>1 Balanced time &#8211; overall control of the cleaning effect<\/p>\n<p>2 Frequency of alternating current &#8211; control of the arc and lake<br \/>\n3 Preheating of the electrode- perfect ignition and reduction of electrode wear &#8211; device prepared to work with new types of gases<br \/>\n4 Balance of current &#8211; thanks to it, the tip of the tungsten electrode behaves as in the case of direct current &#8211; we get the correct focus of the arc<\/p>\n<p>D.O.C\u00ae &#8211; Faster Alternating Current Welding All Pi AC welders feature D.O.C.\u00ae (Dynamic Oxide Control), a Migatronic patent that ensures that a controlled, narrow cleaning zone is maintained. The result is an increase in welding speed of up to 30%, and a corresponding reduction in both energy and tungsten electrode consumption.<\/p>\n<p>AC SYNCHRONOUS WELDING<\/p>\n<p>Pi 350\/500 welders can be used for AC synchronous welding using a synchronization kit; this is an efficient method of welding with two arcs in a welding pool. Used for butt welding of large aluminum structures with wall thicknesses of more than about 3 mm, it makes it possible to obtain metallurgically clean welds  <\/p>\n<p>INTELLIGENT GAS CONTROL<br \/>\nIntelligent Gas Control IGC\u00ae is a configurable option on the Pi 350 and Pi 500 for TIG welding. An efficient gas saver kit combined with dynamic gas control that monitors gas consumption and optimizes gas shielding in both DC and AC welding. In many cases, the IGC function can provide more than 50% less gas consumption, and proportionally fewer gas cylinder changes, to the benefit of company finances, the environment and productivity.  <\/p>\n<p>LEVEL WELDING, LEVEL PERFORMANCE<br \/>\nAt the beginning of the welding process, Migatronic IGC\u00ae prevents excessive gas consumption and ensures good initial results.<br \/>\nIGC\u00ae takes over after the formation of the weld pool and provides significant savings thanks to controlled gas consumption that always remains optimal for current needs.<\/p>\n<p>IGC\u00ae OFFERS MORE BENEFITS FOR INDUSTRIAL EQUIPMENT<\/p>\n<p>Synergistic final gas discharge, a special feature used together with IGC, is designed for large Pi welders (350 and 500). Synergistic final gas discharge automatically adjusts the required final gas discharge time, so that oxides on the tungsten electrode and in the welds do not occur during final welds. <\/p>\n<p>&#8220;GAS MONITORING&#8221; &#8211; A FOLLOWING FUNCTION IN THE IGC\u00ae IGC\u00ae framework additionally acts as an efficient &#8220;gas monitor&#8221; that automatically stops the process if<br \/>\ninsufficient shielding occurs.<\/p>\n<p>REDUCE GAS CONSUMPTION ON A LARGE SCALE Savings depend on your company&#8217;s welding profile, arc time and number of welders. Calculate how much you are able to save in the final bill. Visit www.intelligentgascontrol.com  <\/p>\n<p><img fetchpriority=\"high\" decoding=\"async\" class=\"alignnone wp-image-6437\" src=\"https:\/\/spawlab.pl\/wp-content\/smush-avif\/2022\/02\/pi.jpg.avif\" alt=\"\" width=\"788\" height=\"634\" srcset=\"https:\/\/spawlab.pl\/wp-content\/smush-avif\/2022\/02\/pi.jpg.avif 1394w, https:\/\/spawlab.pl\/wp-content\/smush-avif\/2022\/02\/pi-300x241.jpg.avif 300w, https:\/\/spawlab.pl\/wp-content\/smush-avif\/2022\/02\/pi-1024x823.jpg.avif 1024w, https:\/\/spawlab.pl\/wp-content\/smush-avif\/2022\/02\/pi-768x618.jpg.avif 768w, https:\/\/spawlab.pl\/wp-content\/smush-avif\/2022\/02\/pi-1320x1061.jpg.avif 1320w, https:\/\/spawlab.pl\/wp-content\/smush-avif\/2022\/02\/pi-600x482.jpg.avif 600w, https:\/\/spawlab.pl\/wp-content\/smush-avif\/2022\/02\/pi-64x51.jpg.avif 64w\" sizes=\"(max-width: 788px) 100vw, 788px\" data-smush-avif-fallback=\"{&quot;src&quot;:&quot;https:\\\/\\\/spawlab.pl\\\/wp-content\\\/uploads\\\/2022\\\/02\\\/pi.jpg&quot;,&quot;srcset&quot;:&quot;https:\\\/\\\/spawlab.pl\\\/wp-content\\\/uploads\\\/2022\\\/02\\\/pi.jpg 1394w, https:\\\/\\\/spawlab.pl\\\/wp-content\\\/uploads\\\/2022\\\/02\\\/pi-300x241.jpg 300w, https:\\\/\\\/spawlab.pl\\\/wp-content\\\/uploads\\\/2022\\\/02\\\/pi-1024x823.jpg 1024w, https:\\\/\\\/spawlab.pl\\\/wp-content\\\/uploads\\\/2022\\\/02\\\/pi-768x618.jpg 768w, https:\\\/\\\/spawlab.pl\\\/wp-content\\\/uploads\\\/2022\\\/02\\\/pi-1320x1061.jpg 1320w, https:\\\/\\\/spawlab.pl\\\/wp-content\\\/uploads\\\/2022\\\/02\\\/pi-600x482.jpg 600w, https:\\\/\\\/spawlab.pl\\\/wp-content\\\/uploads\\\/2022\\\/02\\\/pi-64x51.jpg 64w&quot;}\" \/><\/p>\n<p>catalog no. 79510268<\/p>\n","protected":false},"excerpt":{"rendered":"<p>New welder with warranty Liquid-cooled version Migatronic Pi welding equipment combines proven inverter technology with new control and communication options. These features optimize welding parameters and make the most advanced functions child&#8217;s play. NEW PULSE SOUND WITH SYNERGY PLUS\u2122 FUNCTION In addition to traditional pulse and high-speed pulse in DC TIG technology, Pi machines are [&hellip;]<\/p>\n","protected":false},"featured_media":14704,"template":"","meta":{"inline_featured_image":false},"product_brand":[822],"product_cat":[505,504,474,507],"product_tag":[],"class_list":{"0":"post-30939","1":"product","2":"type-product","3":"status-publish","4":"has-post-thumbnail","6":"product_brand-migatronic","7":"product_cat-dc-en","8":"product_cat-liquid-cooled-en-6","9":"product_cat-new","10":"product_cat-tig-en-2","12":"first","13":"onbackorder","14":"sale","15":"taxable","16":"shipping-taxable","17":"purchasable","18":"product-type-simple"},"yoast_head":"<!-- This site is optimized with the Yoast SEO Premium plugin v27.0 (Yoast SEO v27.3) - https:\/\/yoast.com\/product\/yoast-seo-premium-wordpress\/ -->\n<title>Migatronic PI 250 TIG DC - SpawLab - Welding equipment and plasma cutters - store and service<\/title>\n<meta name=\"description\" content=\"Lider sprzeda\u017cy, Oficjalny Dystrybutor Premium i Serwis na Polsk\u0119 Migatronic, Gys, Voestalpine Bohler Welding. Nowe i u\u017cywane Spawarki, Przecinarki Plazmowe, Kompresory. Mgr in\u017c. Jaros\u0142aw Ko\u0142aski, IWE\" \/>\n<meta name=\"robots\" content=\"index, follow, max-snippet:-1, max-image-preview:large, max-video-preview:-1\" \/>\n<link rel=\"canonical\" href=\"https:\/\/spawlab.pl\/en\/produkt\/migatronic-pi-250-tig-dc\/\" \/>\n<meta property=\"og:locale\" content=\"en_US\" \/>\n<meta property=\"og:type\" content=\"article\" \/>\n<meta property=\"og:title\" content=\"Migatronic PI 250 TIG DC\" \/>\n<meta property=\"og:description\" content=\"Lider sprzeda\u017cy, Oficjalny Dystrybutor Premium i Serwis na Polsk\u0119 Migatronic, Gys, Voestalpine Bohler Welding. Nowe i u\u017cywane Spawarki, Przecinarki Plazmowe, Kompresory. Mgr in\u017c. Jaros\u0142aw Ko\u0142aski, IWE\" \/>\n<meta property=\"og:url\" content=\"https:\/\/spawlab.pl\/en\/produkt\/migatronic-pi-250-tig-dc\/\" \/>\n<meta property=\"og:site_name\" content=\"SpawLab - Welding equipment and plasma cutters - store and service\" \/>\n<meta property=\"article:publisher\" content=\"https:\/\/www.facebook.com\/Spawlab\/\" \/>\n<meta property=\"og:image\" content=\"https:\/\/spawlab.pl\/wp-content\/uploads\/2022\/02\/pi.jpg\" \/>\n\t<meta property=\"og:image:width\" content=\"1394\" \/>\n\t<meta property=\"og:image:height\" content=\"1121\" \/>\n\t<meta property=\"og:image:type\" content=\"image\/jpeg\" \/>\n<meta name=\"twitter:label1\" content=\"Price\" \/>\n\t<meta name=\"twitter:data1\" content=\"15 450,00&nbsp;&#122;&#322; (12 560,98&nbsp;&#122;&#322; netto)\" \/>\n\t<meta name=\"twitter:label2\" content=\"Availability\" \/>\n\t<meta name=\"twitter:data2\" content=\"On backorder\" \/>\n<script type=\"application\/ld+json\" class=\"yoast-schema-graph\">{\"@context\":\"https:\\\/\\\/schema.org\",\"@graph\":[{\"@type\":[\"WebPage\",\"ItemPage\"],\"@id\":\"https:\\\/\\\/spawlab.pl\\\/en\\\/produkt\\\/migatronic-pi-250-tig-dc\\\/\",\"url\":\"https:\\\/\\\/spawlab.pl\\\/en\\\/produkt\\\/migatronic-pi-250-tig-dc\\\/\",\"name\":\"Migatronic PI 250 TIG DC - SpawLab - Welding equipment and plasma cutters - store and service\",\"isPartOf\":{\"@id\":\"https:\\\/\\\/spawlab.pl\\\/en\\\/#website\"},\"primaryImageOfPage\":{\"@id\":\"https:\\\/\\\/spawlab.pl\\\/en\\\/produkt\\\/migatronic-pi-250-tig-dc\\\/#primaryimage\"},\"image\":{\"@id\":\"https:\\\/\\\/spawlab.pl\\\/en\\\/produkt\\\/migatronic-pi-250-tig-dc\\\/#primaryimage\"},\"thumbnailUrl\":\"https:\\\/\\\/spawlab.pl\\\/wp-content\\\/uploads\\\/2022\\\/02\\\/pi-200-acdc_500x540.webp\",\"datePublished\":\"2022-02-01T21:52:16+00:00\",\"description\":\"Lider sprzeda\u017cy, Oficjalny Dystrybutor Premium i Serwis na Polsk\u0119 Migatronic, Gys, Voestalpine Bohler Welding. Nowe i u\u017cywane Spawarki, Przecinarki Plazmowe, Kompresory. Mgr in\u017c. Jaros\u0142aw Ko\u0142aski, IWE\",\"breadcrumb\":{\"@id\":\"https:\\\/\\\/spawlab.pl\\\/en\\\/produkt\\\/migatronic-pi-250-tig-dc\\\/#breadcrumb\"},\"inLanguage\":\"en-US\",\"potentialAction\":[{\"@type\":\"ReadAction\",\"target\":[\"https:\\\/\\\/spawlab.pl\\\/en\\\/produkt\\\/migatronic-pi-250-tig-dc\\\/\"]}]},{\"@type\":\"ImageObject\",\"inLanguage\":\"en-US\",\"@id\":\"https:\\\/\\\/spawlab.pl\\\/en\\\/produkt\\\/migatronic-pi-250-tig-dc\\\/#primaryimage\",\"url\":\"https:\\\/\\\/spawlab.pl\\\/wp-content\\\/uploads\\\/2022\\\/02\\\/pi-200-acdc_500x540.webp\",\"contentUrl\":\"https:\\\/\\\/spawlab.pl\\\/wp-content\\\/uploads\\\/2022\\\/02\\\/pi-200-acdc_500x540.webp\",\"width\":500,\"height\":540},{\"@type\":\"BreadcrumbList\",\"@id\":\"https:\\\/\\\/spawlab.pl\\\/en\\\/produkt\\\/migatronic-pi-250-tig-dc\\\/#breadcrumb\",\"itemListElement\":[{\"@type\":\"ListItem\",\"position\":1,\"name\":\"Strona g\u0142\u00f3wna\",\"item\":\"https:\\\/\\\/spawlab.pl\\\/en\\\/\"},{\"@type\":\"ListItem\",\"position\":2,\"name\":\"Store\",\"item\":\"https:\\\/\\\/spawlab.pl\\\/en\\\/shop\\\/\"},{\"@type\":\"ListItem\",\"position\":3,\"name\":\"Migatronic PI 250 TIG DC\"}]},{\"@type\":\"WebSite\",\"@id\":\"https:\\\/\\\/spawlab.pl\\\/en\\\/#website\",\"url\":\"https:\\\/\\\/spawlab.pl\\\/en\\\/\",\"name\":\"Spawlab.pl Lider - Spawarki, Przecinarki Plazmowe, Kompresory\",\"description\":\"Urz\u0105dzenia spawalnicze i Przecinarki plazmowe\\\/ nowe i u\u017cywane \\\/ Profesjonalny serwis\",\"publisher\":{\"@id\":\"https:\\\/\\\/spawlab.pl\\\/en\\\/#organization\"},\"alternateName\":\"Spawlab.pl - Dystrybutor Premium i Serwis na Polske Migatronic, Gys, Voestalpine Bohler Welding\",\"potentialAction\":[{\"@type\":\"SearchAction\",\"target\":{\"@type\":\"EntryPoint\",\"urlTemplate\":\"https:\\\/\\\/spawlab.pl\\\/en\\\/?s={search_term_string}\"},\"query-input\":{\"@type\":\"PropertyValueSpecification\",\"valueRequired\":true,\"valueName\":\"search_term_string\"}}],\"inLanguage\":\"en-US\"},{\"@type\":[\"Organization\",\"Place\"],\"@id\":\"https:\\\/\\\/spawlab.pl\\\/en\\\/#organization\",\"name\":\"Spawlab.pl\",\"url\":\"https:\\\/\\\/spawlab.pl\\\/en\\\/\",\"logo\":{\"@id\":\"https:\\\/\\\/spawlab.pl\\\/en\\\/produkt\\\/migatronic-pi-250-tig-dc\\\/#local-main-organization-logo\"},\"image\":{\"@id\":\"https:\\\/\\\/spawlab.pl\\\/en\\\/produkt\\\/migatronic-pi-250-tig-dc\\\/#local-main-organization-logo\"},\"sameAs\":[\"https:\\\/\\\/www.facebook.com\\\/Spawlab\\\/\",\"https:\\\/\\\/www.linkedin.com\\\/company\\\/spawlab\",\"https:\\\/\\\/www.instagram.com\\\/spawlab.pl\",\"https:\\\/\\\/www.tiktok.com\\\/@spawlab\"],\"description\":\"Lider sprzeda\u017cy, Oficjalny Dystrybutor Premium i Serwis na Polsk\u0119 Migatronic, Gys, Voestalpine Bohler Welding. Nowe i u\u017cywane Spawarki, Przecinarki Plazmowe, Kompresory. Mgr in\u017c. Jaros\u0142aw Ko\u0142aski, IWE\",\"hasMerchantReturnPolicy\":{\"@type\":\"MerchantReturnPolicy\",\"merchantReturnLink\":\"https:\\\/\\\/spawlab.pl\\\/polityka-prywatnosci-2\\\/\"},\"telephone\":[],\"openingHoursSpecification\":[{\"@type\":\"OpeningHoursSpecification\",\"dayOfWeek\":[\"Monday\",\"Tuesday\",\"Wednesday\",\"Thursday\",\"Friday\",\"Saturday\",\"Sunday\"],\"opens\":\"09:00\",\"closes\":\"17:00\"}]},{\"@type\":\"ImageObject\",\"inLanguage\":\"en-US\",\"@id\":\"https:\\\/\\\/spawlab.pl\\\/en\\\/produkt\\\/migatronic-pi-250-tig-dc\\\/#local-main-organization-logo\",\"url\":\"https:\\\/\\\/spawlab.pl\\\/wp-content\\\/uploads\\\/2022\\\/01\\\/olx.jpg\",\"contentUrl\":\"https:\\\/\\\/spawlab.pl\\\/wp-content\\\/uploads\\\/2022\\\/01\\\/olx.jpg\",\"width\":200,\"height\":200,\"caption\":\"Spawlab.pl\"}]}<\/script>\n<meta property=\"product:brand\" content=\"Migatronic\" \/>\n<meta property=\"product:price:amount\" content=\"15450.00\" \/>\n<meta property=\"product:price:currency\" content=\"PLN\" \/>\n<meta property=\"og:availability\" content=\"backorder\" \/>\n<meta property=\"product:availability\" content=\"available for order\" \/>\n<meta property=\"product:condition\" content=\"new\" \/>\n<!-- \/ Yoast SEO Premium plugin. -->","yoast_head_json":{"title":"Migatronic PI 250 TIG DC - SpawLab - Welding equipment and plasma cutters - store and service","description":"Lider sprzeda\u017cy, Oficjalny Dystrybutor Premium i Serwis na Polsk\u0119 Migatronic, Gys, Voestalpine Bohler Welding. Nowe i u\u017cywane Spawarki, Przecinarki Plazmowe, Kompresory. Mgr in\u017c. Jaros\u0142aw Ko\u0142aski, IWE","robots":{"index":"index","follow":"follow","max-snippet":"max-snippet:-1","max-image-preview":"max-image-preview:large","max-video-preview":"max-video-preview:-1"},"canonical":"https:\/\/spawlab.pl\/en\/produkt\/migatronic-pi-250-tig-dc\/","og_locale":"en_US","og_type":"article","og_title":"Migatronic PI 250 TIG DC","og_description":"Lider sprzeda\u017cy, Oficjalny Dystrybutor Premium i Serwis na Polsk\u0119 Migatronic, Gys, Voestalpine Bohler Welding. Nowe i u\u017cywane Spawarki, Przecinarki Plazmowe, Kompresory. Mgr in\u017c. Jaros\u0142aw Ko\u0142aski, IWE","og_url":"https:\/\/spawlab.pl\/en\/produkt\/migatronic-pi-250-tig-dc\/","og_site_name":"SpawLab - Welding equipment and plasma cutters - store and service","article_publisher":"https:\/\/www.facebook.com\/Spawlab\/","og_image":[{"width":1394,"height":1121,"url":"https:\/\/spawlab.pl\/wp-content\/uploads\/2022\/02\/pi.jpg","type":"image\/jpeg"}],"twitter_misc":{"Price":"15 450,00&nbsp;&#122;&#322; (12 560,98&nbsp;&#122;&#322; netto)","Availability":"On backorder"},"schema":{"@context":"https:\/\/schema.org","@graph":[{"@type":["WebPage","ItemPage"],"@id":"https:\/\/spawlab.pl\/en\/produkt\/migatronic-pi-250-tig-dc\/","url":"https:\/\/spawlab.pl\/en\/produkt\/migatronic-pi-250-tig-dc\/","name":"Migatronic PI 250 TIG DC - SpawLab - Welding equipment and plasma cutters - store and service","isPartOf":{"@id":"https:\/\/spawlab.pl\/en\/#website"},"primaryImageOfPage":{"@id":"https:\/\/spawlab.pl\/en\/produkt\/migatronic-pi-250-tig-dc\/#primaryimage"},"image":{"@id":"https:\/\/spawlab.pl\/en\/produkt\/migatronic-pi-250-tig-dc\/#primaryimage"},"thumbnailUrl":"https:\/\/spawlab.pl\/wp-content\/uploads\/2022\/02\/pi-200-acdc_500x540.webp","datePublished":"2022-02-01T21:52:16+00:00","description":"Lider sprzeda\u017cy, Oficjalny Dystrybutor Premium i Serwis na Polsk\u0119 Migatronic, Gys, Voestalpine Bohler Welding. Nowe i u\u017cywane Spawarki, Przecinarki Plazmowe, Kompresory. Mgr in\u017c. Jaros\u0142aw Ko\u0142aski, IWE","breadcrumb":{"@id":"https:\/\/spawlab.pl\/en\/produkt\/migatronic-pi-250-tig-dc\/#breadcrumb"},"inLanguage":"en-US","potentialAction":[{"@type":"ReadAction","target":["https:\/\/spawlab.pl\/en\/produkt\/migatronic-pi-250-tig-dc\/"]}]},{"@type":"ImageObject","inLanguage":"en-US","@id":"https:\/\/spawlab.pl\/en\/produkt\/migatronic-pi-250-tig-dc\/#primaryimage","url":"https:\/\/spawlab.pl\/wp-content\/uploads\/2022\/02\/pi-200-acdc_500x540.webp","contentUrl":"https:\/\/spawlab.pl\/wp-content\/uploads\/2022\/02\/pi-200-acdc_500x540.webp","width":500,"height":540},{"@type":"BreadcrumbList","@id":"https:\/\/spawlab.pl\/en\/produkt\/migatronic-pi-250-tig-dc\/#breadcrumb","itemListElement":[{"@type":"ListItem","position":1,"name":"Strona g\u0142\u00f3wna","item":"https:\/\/spawlab.pl\/en\/"},{"@type":"ListItem","position":2,"name":"Store","item":"https:\/\/spawlab.pl\/en\/shop\/"},{"@type":"ListItem","position":3,"name":"Migatronic PI 250 TIG DC"}]},{"@type":"WebSite","@id":"https:\/\/spawlab.pl\/en\/#website","url":"https:\/\/spawlab.pl\/en\/","name":"Spawlab.pl Lider - Spawarki, Przecinarki Plazmowe, Kompresory","description":"Urz\u0105dzenia spawalnicze i Przecinarki plazmowe\/ nowe i u\u017cywane \/ Profesjonalny serwis","publisher":{"@id":"https:\/\/spawlab.pl\/en\/#organization"},"alternateName":"Spawlab.pl - Dystrybutor Premium i Serwis na Polske Migatronic, Gys, Voestalpine Bohler Welding","potentialAction":[{"@type":"SearchAction","target":{"@type":"EntryPoint","urlTemplate":"https:\/\/spawlab.pl\/en\/?s={search_term_string}"},"query-input":{"@type":"PropertyValueSpecification","valueRequired":true,"valueName":"search_term_string"}}],"inLanguage":"en-US"},{"@type":["Organization","Place"],"@id":"https:\/\/spawlab.pl\/en\/#organization","name":"Spawlab.pl","url":"https:\/\/spawlab.pl\/en\/","logo":{"@id":"https:\/\/spawlab.pl\/en\/produkt\/migatronic-pi-250-tig-dc\/#local-main-organization-logo"},"image":{"@id":"https:\/\/spawlab.pl\/en\/produkt\/migatronic-pi-250-tig-dc\/#local-main-organization-logo"},"sameAs":["https:\/\/www.facebook.com\/Spawlab\/","https:\/\/www.linkedin.com\/company\/spawlab","https:\/\/www.instagram.com\/spawlab.pl","https:\/\/www.tiktok.com\/@spawlab"],"description":"Lider sprzeda\u017cy, Oficjalny Dystrybutor Premium i Serwis na Polsk\u0119 Migatronic, Gys, Voestalpine Bohler Welding. Nowe i u\u017cywane Spawarki, Przecinarki Plazmowe, Kompresory. Mgr in\u017c. Jaros\u0142aw Ko\u0142aski, IWE","hasMerchantReturnPolicy":{"@type":"MerchantReturnPolicy","merchantReturnLink":"https:\/\/spawlab.pl\/polityka-prywatnosci-2\/"},"telephone":[],"openingHoursSpecification":[{"@type":"OpeningHoursSpecification","dayOfWeek":["Monday","Tuesday","Wednesday","Thursday","Friday","Saturday","Sunday"],"opens":"09:00","closes":"17:00"}]},{"@type":"ImageObject","inLanguage":"en-US","@id":"https:\/\/spawlab.pl\/en\/produkt\/migatronic-pi-250-tig-dc\/#local-main-organization-logo","url":"https:\/\/spawlab.pl\/wp-content\/uploads\/2022\/01\/olx.jpg","contentUrl":"https:\/\/spawlab.pl\/wp-content\/uploads\/2022\/01\/olx.jpg","width":200,"height":200,"caption":"Spawlab.pl"}]},"product_brand":"Migatronic","product_price_amount":"15450.00","product_price_currency":"PLN","og_availability":"backorder","product_availability":"available for order","product_condition":"new"},"_links":{"self":[{"href":"https:\/\/spawlab.pl\/en\/wp-json\/wp\/v2\/product\/30939","targetHints":{"allow":["GET"]}}],"collection":[{"href":"https:\/\/spawlab.pl\/en\/wp-json\/wp\/v2\/product"}],"about":[{"href":"https:\/\/spawlab.pl\/en\/wp-json\/wp\/v2\/types\/product"}],"wp:featuredmedia":[{"embeddable":true,"href":"https:\/\/spawlab.pl\/en\/wp-json\/wp\/v2\/media\/14704"}],"wp:attachment":[{"href":"https:\/\/spawlab.pl\/en\/wp-json\/wp\/v2\/media?parent=30939"}],"wp:term":[{"taxonomy":"product_brand","embeddable":true,"href":"https:\/\/spawlab.pl\/en\/wp-json\/wp\/v2\/product_brand?post=30939"},{"taxonomy":"product_cat","embeddable":true,"href":"https:\/\/spawlab.pl\/en\/wp-json\/wp\/v2\/product_cat?post=30939"},{"taxonomy":"product_tag","embeddable":true,"href":"https:\/\/spawlab.pl\/en\/wp-json\/wp\/v2\/product_tag?post=30939"}],"curies":[{"name":"wp","href":"https:\/\/api.w.org\/{rel}","templated":true}]}}