{"id":30956,"date":"2022-01-27T20:20:59","date_gmt":"2022-01-27T19:20:59","guid":{"rendered":"https:\/\/spawlab.pl\/produkt\/migatronic-automig2-273i-autopuls\/"},"modified":"2022-01-27T20:20:59","modified_gmt":"2022-01-27T19:20:59","slug":"migatronic-automig2-273i-autopuls","status":"publish","type":"product","link":"https:\/\/spawlab.pl\/en\/produkt\/migatronic-automig2-273i-autopuls\/","title":{"rendered":"Migatronic Automig2 273i AutoPuls"},"content":{"rendered":"<p>New welder with warranty<\/p>\n<p>AUTOMIG\u00b2 and the GENERATION of DIGITAL welding machines for modern workshops.<\/p>\n<p>The Automig\u00b2-i series welders are designed for the automotive and light industry. The easy-to-machine welders for MIG\/MAG welding with or without dual pulse and MIG brazing of galvanized steel sheets are equipped with Digital and Synergic control panels with pre-set programs. The DUO version welders feature easy switching between welding and brazing tasks.  <\/p>\n<p>THREE POWER SOURCES -TWO CONTROL PANELS EACH GENERATION OF WELDERS HAS ITS OWN MIGATRONIC AUTOMIG WELDER<\/p>\n<p>In 1970, Migatronic launched its first welding machine for the automotive industry. Since then, as many as seven generations of welders have met, each in its own way, the requirements of the automotive industry, the commercial sector and light industry. And the Automig\u00b2-i series is stronger than ever.  <\/p>\n<p>FULLY DIGITAL REVOLUTION &#8211; TURN ON, PRESS AND WELD<\/p>\n<p>The Automig\u00b2-i series are compact and fully digital welding machines with synergistic factory preset programs and automated functions. The machines are designed to work in modern materials used by the automotive industry and meet the growing requirements for joining materials; from steel sheets to car bodies &#8211; with or without double-pulsed current welding. <\/p>\n<p>WELDERS WITH INTRODUCED BENEFITS<br \/>\nAutomig\u00b2-i series welders are equipped with a four-roll wire feed system for precise and stable feeding. All versions of the Automig\u00b2 273i offer a reverse polarity function for welding with self-shielded (gas-free) wire. <\/p>\n<p>MIG BRAZING<\/p>\n<p>In addition to MIG\/MAG welding, the Automig\u00b2-i series welders allow MIG brazing of galvanized steel sheets. This function maintains the material&#8217;s properties of corrosion resistance and strength, and also reduces to a minimum the need to work on the deformations of sheets and profiles created during welding. The result is economical and efficient welding.  <\/p>\n<p>AUTOPULSE\u2122 WITH DUAL PULSE FOR WELDING AND SOLDERING<\/p>\n<p>The Automig2 273i welder is available with an AUTOPULS\u2122 control panel. The control panel is equipped with an advanced double pulsed current welding function (DUO Plus) providing pulsed wire feeding. This function guarantees better arc control and minimal weld spatter, which translates into maintaining the strength and surface protection of sheet metal and profiles.  <\/p>\n<p>BOOST TO WORK UNDER ANY MAINS VOLTAGE<\/p>\n<p>All versions of the Automig\u00b2 273i and 273i DUO can be equipped with a Voltage Booster Converter (autotransformer) for welding and brazing at any voltage from single-phase or three-phase mains.<\/p>\n<p>DUO VERSIONS<\/p>\n<p>All versions of the Automig\u00b2 are available in a DUO version that has room for two wire spools: one for MIG brazing and the other for other welding work, making it easy to switch between welding tasks without having to change hoses, wires, feeder rolls, as well as gas.<\/p>\n<p>AUTOMIG\u00b2 TYPOSEREG and USER BENEFITS<\/p>\n<p>&#8211; Designed to weld any<br \/>\nmaterials and for customized welding applications<br \/>\n&#8211; Digital synergistic control panels<br \/>\n&#8211; Pulsed or double pulse welding<br \/>\n&#8211; MIG brazing of galvanized steel<br \/>\n&#8211; AUTOPULS\u2122 for advanced pulse welding and brazing with pulse of high strength steel tensile strength<br \/>\n&#8211; DUO versions for simple switching between welding and brazing operations<br \/>\n&#8211; Reverse polarity for welding with self-consuming wire (without gas)<br \/>\n&#8211; Boost versions for any line voltage<br \/>\n&#8211; Software update via<br \/>\nSD card &#8211; download from<br \/>\nmigatronic.dk\/MY MIGATRONIC<br \/>\nAutomig\u00b2 273i on cart<\/p>\n<p>TYPOSEREG \/ PANEL AUTOMIG II AUTOPULSTM II Reverse<br \/>\nSPAWAR polarity<\/p>\n<p>INDIVIDUAL VERSIONS FOR INDUSTRY<br \/>\nMOTORIZATION AND LIGHT INDUSTRY<br \/>\nBENEFITS OF THE WELDING machine<br \/>\n&#8211; Compact design\/low weight &#8211; easy to use, flexible and mobile<br \/>\n&#8211; Standby function (15-30 W during idle operation): energy saving, lower CO2 emissions, longer component life<br \/>\n&#8211; Color coded drive rollers: easy replacement<br \/>\n&#8211; Four-roller wire feed system for precise feeding<br \/>\n&#8211; Digital motor control: stability in all operating conditions<br \/>\n&#8211; Digital fan control:<br \/>\noptimal cooling in all operating conditions<br \/>\n&#8211; Lacquered circuit boards: less frequent maintenance and longer service life<\/p>\n<p><img fetchpriority=\"high\" decoding=\"async\" class=\"alignnone wp-image-6232\" src=\"https:\/\/spawlab.pl\/wp-content\/smush-avif\/2022\/01\/2-2.jpg.avif\" alt=\"\" width=\"949\" height=\"779\" srcset=\"https:\/\/spawlab.pl\/wp-content\/smush-avif\/2022\/01\/2-2.jpg.avif 1311w, https:\/\/spawlab.pl\/wp-content\/smush-avif\/2022\/01\/2-2-300x246.jpg.avif 300w, https:\/\/spawlab.pl\/wp-content\/smush-avif\/2022\/01\/2-2-1024x840.jpg.avif 1024w, https:\/\/spawlab.pl\/wp-content\/smush-avif\/2022\/01\/2-2-768x630.jpg.avif 768w, https:\/\/spawlab.pl\/wp-content\/smush-avif\/2022\/01\/2-2-600x492.jpg.avif 600w, https:\/\/spawlab.pl\/wp-content\/smush-avif\/2022\/01\/2-2-64x53.jpg.avif 64w\" sizes=\"(max-width: 949px) 100vw, 949px\" data-smush-avif-fallback=\"{&quot;src&quot;:&quot;https:\\\/\\\/spawlab.pl\\\/wp-content\\\/uploads\\\/2022\\\/01\\\/2-2.jpg&quot;,&quot;srcset&quot;:&quot;https:\\\/\\\/spawlab.pl\\\/wp-content\\\/uploads\\\/2022\\\/01\\\/2-2.jpg 1311w, https:\\\/\\\/spawlab.pl\\\/wp-content\\\/uploads\\\/2022\\\/01\\\/2-2-300x246.jpg 300w, https:\\\/\\\/spawlab.pl\\\/wp-content\\\/uploads\\\/2022\\\/01\\\/2-2-1024x840.jpg 1024w, https:\\\/\\\/spawlab.pl\\\/wp-content\\\/uploads\\\/2022\\\/01\\\/2-2-768x630.jpg 768w, https:\\\/\\\/spawlab.pl\\\/wp-content\\\/uploads\\\/2022\\\/01\\\/2-2-600x492.jpg 600w, https:\\\/\\\/spawlab.pl\\\/wp-content\\\/uploads\\\/2022\\\/01\\\/2-2-64x53.jpg 64w&quot;}\" \/><\/p>\n<p>catalog no. 79100217<\/p>\n","protected":false},"excerpt":{"rendered":"<p>New welder with warranty AUTOMIG\u00b2 and the GENERATION of DIGITAL welding machines for modern workshops. The Automig\u00b2-i series welders are designed for the automotive and light industry. The easy-to-machine welders for MIG\/MAG welding with or without dual pulse and MIG brazing of galvanized steel sheets are equipped with Digital and Synergic control panels with pre-set [&hellip;]<\/p>\n","protected":false},"featured_media":14594,"template":"","meta":{"inline_featured_image":false},"product_brand":[822],"product_cat":[498,512,474],"product_tag":[],"class_list":{"0":"post-30956","1":"product","2":"type-product","3":"status-publish","4":"has-post-thumbnail","6":"product_brand-migatronic","7":"product_cat-gas-cooled-en-7","8":"product_cat-mig-mag-en-2","9":"product_cat-new","11":"first","12":"onbackorder","13":"sale","14":"taxable","15":"shipping-taxable","16":"purchasable","17":"product-type-simple"},"yoast_head":"<!-- This site is optimized with the Yoast SEO Premium plugin v27.0 (Yoast SEO v27.3) - https:\/\/yoast.com\/product\/yoast-seo-premium-wordpress\/ -->\n<title>Migatronic Automig2 273i AutoPuls - SpawLab - Welding equipment and plasma cutters - store and service<\/title>\n<meta name=\"description\" content=\"Lider sprzeda\u017cy, Oficjalny Dystrybutor Premium i Serwis na Polsk\u0119 Migatronic, Gys, Voestalpine Bohler Welding. Nowe i u\u017cywane Spawarki, Przecinarki Plazmowe, Kompresory. Mgr in\u017c. Jaros\u0142aw Ko\u0142aski, IWE\" \/>\n<meta name=\"robots\" content=\"index, follow, max-snippet:-1, max-image-preview:large, max-video-preview:-1\" \/>\n<link rel=\"canonical\" href=\"https:\/\/spawlab.pl\/en\/produkt\/migatronic-automig2-273i-autopuls\/\" \/>\n<meta property=\"og:locale\" content=\"en_US\" \/>\n<meta property=\"og:type\" content=\"article\" \/>\n<meta property=\"og:title\" content=\"Migatronic Automig2 273i AutoPuls\" \/>\n<meta property=\"og:description\" content=\"Lider sprzeda\u017cy, Oficjalny Dystrybutor Premium i Serwis na Polsk\u0119 Migatronic, Gys, Voestalpine Bohler Welding. Nowe i u\u017cywane Spawarki, Przecinarki Plazmowe, Kompresory. Mgr in\u017c. Jaros\u0142aw Ko\u0142aski, IWE\" \/>\n<meta property=\"og:url\" content=\"https:\/\/spawlab.pl\/en\/produkt\/migatronic-automig2-273i-autopuls\/\" \/>\n<meta property=\"og:site_name\" content=\"SpawLab - Welding equipment and plasma cutters - store and service\" \/>\n<meta property=\"article:publisher\" content=\"https:\/\/www.facebook.com\/Spawlab\/\" \/>\n<meta property=\"og:image\" content=\"https:\/\/spawlab.pl\/wp-content\/uploads\/2022\/01\/2-2.jpg\" \/>\n\t<meta property=\"og:image:width\" content=\"1311\" \/>\n\t<meta property=\"og:image:height\" content=\"1076\" \/>\n\t<meta property=\"og:image:type\" content=\"image\/jpeg\" \/>\n<meta name=\"twitter:label1\" content=\"Price\" \/>\n\t<meta name=\"twitter:data1\" content=\"18 750,00&nbsp;&#122;&#322; (15 243,90&nbsp;&#122;&#322; netto)\" \/>\n\t<meta name=\"twitter:label2\" content=\"Availability\" \/>\n\t<meta name=\"twitter:data2\" content=\"On backorder\" \/>\n<script type=\"application\/ld+json\" class=\"yoast-schema-graph\">{\"@context\":\"https:\\\/\\\/schema.org\",\"@graph\":[{\"@type\":[\"WebPage\",\"ItemPage\"],\"@id\":\"https:\\\/\\\/spawlab.pl\\\/en\\\/produkt\\\/migatronic-automig2-273i-autopuls\\\/\",\"url\":\"https:\\\/\\\/spawlab.pl\\\/en\\\/produkt\\\/migatronic-automig2-273i-autopuls\\\/\",\"name\":\"Migatronic Automig2 273i AutoPuls - SpawLab - Welding equipment and plasma cutters - store and service\",\"isPartOf\":{\"@id\":\"https:\\\/\\\/spawlab.pl\\\/en\\\/#website\"},\"primaryImageOfPage\":{\"@id\":\"https:\\\/\\\/spawlab.pl\\\/en\\\/produkt\\\/migatronic-automig2-273i-autopuls\\\/#primaryimage\"},\"image\":{\"@id\":\"https:\\\/\\\/spawlab.pl\\\/en\\\/produkt\\\/migatronic-automig2-273i-autopuls\\\/#primaryimage\"},\"thumbnailUrl\":\"https:\\\/\\\/spawlab.pl\\\/wp-content\\\/uploads\\\/2022\\\/01\\\/automig_productgroup_540x500.webp\",\"datePublished\":\"2022-01-27T19:20:59+00:00\",\"description\":\"Lider sprzeda\u017cy, Oficjalny Dystrybutor Premium i Serwis na Polsk\u0119 Migatronic, Gys, Voestalpine Bohler Welding. Nowe i u\u017cywane Spawarki, Przecinarki Plazmowe, Kompresory. Mgr in\u017c. Jaros\u0142aw Ko\u0142aski, IWE\",\"breadcrumb\":{\"@id\":\"https:\\\/\\\/spawlab.pl\\\/en\\\/produkt\\\/migatronic-automig2-273i-autopuls\\\/#breadcrumb\"},\"inLanguage\":\"en-US\",\"potentialAction\":[{\"@type\":\"ReadAction\",\"target\":[\"https:\\\/\\\/spawlab.pl\\\/en\\\/produkt\\\/migatronic-automig2-273i-autopuls\\\/\"]}]},{\"@type\":\"ImageObject\",\"inLanguage\":\"en-US\",\"@id\":\"https:\\\/\\\/spawlab.pl\\\/en\\\/produkt\\\/migatronic-automig2-273i-autopuls\\\/#primaryimage\",\"url\":\"https:\\\/\\\/spawlab.pl\\\/wp-content\\\/uploads\\\/2022\\\/01\\\/automig_productgroup_540x500.webp\",\"contentUrl\":\"https:\\\/\\\/spawlab.pl\\\/wp-content\\\/uploads\\\/2022\\\/01\\\/automig_productgroup_540x500.webp\",\"width\":540,\"height\":500},{\"@type\":\"BreadcrumbList\",\"@id\":\"https:\\\/\\\/spawlab.pl\\\/en\\\/produkt\\\/migatronic-automig2-273i-autopuls\\\/#breadcrumb\",\"itemListElement\":[{\"@type\":\"ListItem\",\"position\":1,\"name\":\"Strona g\u0142\u00f3wna\",\"item\":\"https:\\\/\\\/spawlab.pl\\\/en\\\/\"},{\"@type\":\"ListItem\",\"position\":2,\"name\":\"Store\",\"item\":\"https:\\\/\\\/spawlab.pl\\\/en\\\/shop\\\/\"},{\"@type\":\"ListItem\",\"position\":3,\"name\":\"Migatronic Automig2 273i AutoPuls\"}]},{\"@type\":\"WebSite\",\"@id\":\"https:\\\/\\\/spawlab.pl\\\/en\\\/#website\",\"url\":\"https:\\\/\\\/spawlab.pl\\\/en\\\/\",\"name\":\"Spawlab.pl Lider - Spawarki, Przecinarki Plazmowe, Kompresory\",\"description\":\"Urz\u0105dzenia spawalnicze i Przecinarki plazmowe\\\/ nowe i u\u017cywane \\\/ Profesjonalny serwis\",\"publisher\":{\"@id\":\"https:\\\/\\\/spawlab.pl\\\/en\\\/#organization\"},\"alternateName\":\"Spawlab.pl - Dystrybutor Premium i Serwis na Polske Migatronic, Gys, Voestalpine Bohler Welding\",\"potentialAction\":[{\"@type\":\"SearchAction\",\"target\":{\"@type\":\"EntryPoint\",\"urlTemplate\":\"https:\\\/\\\/spawlab.pl\\\/en\\\/?s={search_term_string}\"},\"query-input\":{\"@type\":\"PropertyValueSpecification\",\"valueRequired\":true,\"valueName\":\"search_term_string\"}}],\"inLanguage\":\"en-US\"},{\"@type\":[\"Organization\",\"Place\"],\"@id\":\"https:\\\/\\\/spawlab.pl\\\/en\\\/#organization\",\"name\":\"Spawlab.pl\",\"url\":\"https:\\\/\\\/spawlab.pl\\\/en\\\/\",\"logo\":{\"@id\":\"https:\\\/\\\/spawlab.pl\\\/en\\\/produkt\\\/migatronic-automig2-273i-autopuls\\\/#local-main-organization-logo\"},\"image\":{\"@id\":\"https:\\\/\\\/spawlab.pl\\\/en\\\/produkt\\\/migatronic-automig2-273i-autopuls\\\/#local-main-organization-logo\"},\"sameAs\":[\"https:\\\/\\\/www.facebook.com\\\/Spawlab\\\/\",\"https:\\\/\\\/www.linkedin.com\\\/company\\\/spawlab\",\"https:\\\/\\\/www.instagram.com\\\/spawlab.pl\",\"https:\\\/\\\/www.tiktok.com\\\/@spawlab\"],\"description\":\"Lider sprzeda\u017cy, Oficjalny Dystrybutor Premium i Serwis na Polsk\u0119 Migatronic, Gys, Voestalpine Bohler Welding. Nowe i u\u017cywane Spawarki, Przecinarki Plazmowe, Kompresory. Mgr in\u017c. Jaros\u0142aw Ko\u0142aski, IWE\",\"hasMerchantReturnPolicy\":{\"@type\":\"MerchantReturnPolicy\",\"merchantReturnLink\":\"https:\\\/\\\/spawlab.pl\\\/polityka-prywatnosci-2\\\/\"},\"telephone\":[],\"openingHoursSpecification\":[{\"@type\":\"OpeningHoursSpecification\",\"dayOfWeek\":[\"Monday\",\"Tuesday\",\"Wednesday\",\"Thursday\",\"Friday\",\"Saturday\",\"Sunday\"],\"opens\":\"09:00\",\"closes\":\"17:00\"}]},{\"@type\":\"ImageObject\",\"inLanguage\":\"en-US\",\"@id\":\"https:\\\/\\\/spawlab.pl\\\/en\\\/produkt\\\/migatronic-automig2-273i-autopuls\\\/#local-main-organization-logo\",\"url\":\"https:\\\/\\\/spawlab.pl\\\/wp-content\\\/uploads\\\/2022\\\/01\\\/olx.jpg\",\"contentUrl\":\"https:\\\/\\\/spawlab.pl\\\/wp-content\\\/uploads\\\/2022\\\/01\\\/olx.jpg\",\"width\":200,\"height\":200,\"caption\":\"Spawlab.pl\"}]}<\/script>\n<meta property=\"product:brand\" content=\"Migatronic\" \/>\n<meta property=\"product:price:amount\" content=\"18750.00\" \/>\n<meta property=\"product:price:currency\" content=\"PLN\" \/>\n<meta property=\"og:availability\" content=\"backorder\" \/>\n<meta property=\"product:availability\" content=\"available for order\" \/>\n<meta property=\"product:condition\" content=\"new\" \/>\n<!-- \/ Yoast SEO Premium plugin. -->","yoast_head_json":{"title":"Migatronic Automig2 273i AutoPuls - SpawLab - Welding equipment and plasma cutters - store and service","description":"Lider sprzeda\u017cy, Oficjalny Dystrybutor Premium i Serwis na Polsk\u0119 Migatronic, Gys, Voestalpine Bohler Welding. Nowe i u\u017cywane Spawarki, Przecinarki Plazmowe, Kompresory. Mgr in\u017c. Jaros\u0142aw Ko\u0142aski, IWE","robots":{"index":"index","follow":"follow","max-snippet":"max-snippet:-1","max-image-preview":"max-image-preview:large","max-video-preview":"max-video-preview:-1"},"canonical":"https:\/\/spawlab.pl\/en\/produkt\/migatronic-automig2-273i-autopuls\/","og_locale":"en_US","og_type":"article","og_title":"Migatronic Automig2 273i AutoPuls","og_description":"Lider sprzeda\u017cy, Oficjalny Dystrybutor Premium i Serwis na Polsk\u0119 Migatronic, Gys, Voestalpine Bohler Welding. Nowe i u\u017cywane Spawarki, Przecinarki Plazmowe, Kompresory. Mgr in\u017c. Jaros\u0142aw Ko\u0142aski, IWE","og_url":"https:\/\/spawlab.pl\/en\/produkt\/migatronic-automig2-273i-autopuls\/","og_site_name":"SpawLab - Welding equipment and plasma cutters - store and service","article_publisher":"https:\/\/www.facebook.com\/Spawlab\/","og_image":[{"width":1311,"height":1076,"url":"https:\/\/spawlab.pl\/wp-content\/uploads\/2022\/01\/2-2.jpg","type":"image\/jpeg"}],"twitter_misc":{"Price":"18 750,00&nbsp;&#122;&#322; (15 243,90&nbsp;&#122;&#322; netto)","Availability":"On backorder"},"schema":{"@context":"https:\/\/schema.org","@graph":[{"@type":["WebPage","ItemPage"],"@id":"https:\/\/spawlab.pl\/en\/produkt\/migatronic-automig2-273i-autopuls\/","url":"https:\/\/spawlab.pl\/en\/produkt\/migatronic-automig2-273i-autopuls\/","name":"Migatronic Automig2 273i AutoPuls - SpawLab - Welding equipment and plasma cutters - store and service","isPartOf":{"@id":"https:\/\/spawlab.pl\/en\/#website"},"primaryImageOfPage":{"@id":"https:\/\/spawlab.pl\/en\/produkt\/migatronic-automig2-273i-autopuls\/#primaryimage"},"image":{"@id":"https:\/\/spawlab.pl\/en\/produkt\/migatronic-automig2-273i-autopuls\/#primaryimage"},"thumbnailUrl":"https:\/\/spawlab.pl\/wp-content\/uploads\/2022\/01\/automig_productgroup_540x500.webp","datePublished":"2022-01-27T19:20:59+00:00","description":"Lider sprzeda\u017cy, Oficjalny Dystrybutor Premium i Serwis na Polsk\u0119 Migatronic, Gys, Voestalpine Bohler Welding. Nowe i u\u017cywane Spawarki, Przecinarki Plazmowe, Kompresory. Mgr in\u017c. Jaros\u0142aw Ko\u0142aski, IWE","breadcrumb":{"@id":"https:\/\/spawlab.pl\/en\/produkt\/migatronic-automig2-273i-autopuls\/#breadcrumb"},"inLanguage":"en-US","potentialAction":[{"@type":"ReadAction","target":["https:\/\/spawlab.pl\/en\/produkt\/migatronic-automig2-273i-autopuls\/"]}]},{"@type":"ImageObject","inLanguage":"en-US","@id":"https:\/\/spawlab.pl\/en\/produkt\/migatronic-automig2-273i-autopuls\/#primaryimage","url":"https:\/\/spawlab.pl\/wp-content\/uploads\/2022\/01\/automig_productgroup_540x500.webp","contentUrl":"https:\/\/spawlab.pl\/wp-content\/uploads\/2022\/01\/automig_productgroup_540x500.webp","width":540,"height":500},{"@type":"BreadcrumbList","@id":"https:\/\/spawlab.pl\/en\/produkt\/migatronic-automig2-273i-autopuls\/#breadcrumb","itemListElement":[{"@type":"ListItem","position":1,"name":"Strona g\u0142\u00f3wna","item":"https:\/\/spawlab.pl\/en\/"},{"@type":"ListItem","position":2,"name":"Store","item":"https:\/\/spawlab.pl\/en\/shop\/"},{"@type":"ListItem","position":3,"name":"Migatronic Automig2 273i AutoPuls"}]},{"@type":"WebSite","@id":"https:\/\/spawlab.pl\/en\/#website","url":"https:\/\/spawlab.pl\/en\/","name":"Spawlab.pl Lider - Spawarki, Przecinarki Plazmowe, Kompresory","description":"Urz\u0105dzenia spawalnicze i Przecinarki plazmowe\/ nowe i u\u017cywane \/ Profesjonalny serwis","publisher":{"@id":"https:\/\/spawlab.pl\/en\/#organization"},"alternateName":"Spawlab.pl - Dystrybutor Premium i Serwis na Polske Migatronic, Gys, Voestalpine Bohler Welding","potentialAction":[{"@type":"SearchAction","target":{"@type":"EntryPoint","urlTemplate":"https:\/\/spawlab.pl\/en\/?s={search_term_string}"},"query-input":{"@type":"PropertyValueSpecification","valueRequired":true,"valueName":"search_term_string"}}],"inLanguage":"en-US"},{"@type":["Organization","Place"],"@id":"https:\/\/spawlab.pl\/en\/#organization","name":"Spawlab.pl","url":"https:\/\/spawlab.pl\/en\/","logo":{"@id":"https:\/\/spawlab.pl\/en\/produkt\/migatronic-automig2-273i-autopuls\/#local-main-organization-logo"},"image":{"@id":"https:\/\/spawlab.pl\/en\/produkt\/migatronic-automig2-273i-autopuls\/#local-main-organization-logo"},"sameAs":["https:\/\/www.facebook.com\/Spawlab\/","https:\/\/www.linkedin.com\/company\/spawlab","https:\/\/www.instagram.com\/spawlab.pl","https:\/\/www.tiktok.com\/@spawlab"],"description":"Lider sprzeda\u017cy, Oficjalny Dystrybutor Premium i Serwis na Polsk\u0119 Migatronic, Gys, Voestalpine Bohler Welding. Nowe i u\u017cywane Spawarki, Przecinarki Plazmowe, Kompresory. Mgr in\u017c. Jaros\u0142aw Ko\u0142aski, IWE","hasMerchantReturnPolicy":{"@type":"MerchantReturnPolicy","merchantReturnLink":"https:\/\/spawlab.pl\/polityka-prywatnosci-2\/"},"telephone":[],"openingHoursSpecification":[{"@type":"OpeningHoursSpecification","dayOfWeek":["Monday","Tuesday","Wednesday","Thursday","Friday","Saturday","Sunday"],"opens":"09:00","closes":"17:00"}]},{"@type":"ImageObject","inLanguage":"en-US","@id":"https:\/\/spawlab.pl\/en\/produkt\/migatronic-automig2-273i-autopuls\/#local-main-organization-logo","url":"https:\/\/spawlab.pl\/wp-content\/uploads\/2022\/01\/olx.jpg","contentUrl":"https:\/\/spawlab.pl\/wp-content\/uploads\/2022\/01\/olx.jpg","width":200,"height":200,"caption":"Spawlab.pl"}]},"product_brand":"Migatronic","product_price_amount":"18750.00","product_price_currency":"PLN","og_availability":"backorder","product_availability":"available for order","product_condition":"new"},"_links":{"self":[{"href":"https:\/\/spawlab.pl\/en\/wp-json\/wp\/v2\/product\/30956","targetHints":{"allow":["GET"]}}],"collection":[{"href":"https:\/\/spawlab.pl\/en\/wp-json\/wp\/v2\/product"}],"about":[{"href":"https:\/\/spawlab.pl\/en\/wp-json\/wp\/v2\/types\/product"}],"wp:featuredmedia":[{"embeddable":true,"href":"https:\/\/spawlab.pl\/en\/wp-json\/wp\/v2\/media\/14594"}],"wp:attachment":[{"href":"https:\/\/spawlab.pl\/en\/wp-json\/wp\/v2\/media?parent=30956"}],"wp:term":[{"taxonomy":"product_brand","embeddable":true,"href":"https:\/\/spawlab.pl\/en\/wp-json\/wp\/v2\/product_brand?post=30956"},{"taxonomy":"product_cat","embeddable":true,"href":"https:\/\/spawlab.pl\/en\/wp-json\/wp\/v2\/product_cat?post=30956"},{"taxonomy":"product_tag","embeddable":true,"href":"https:\/\/spawlab.pl\/en\/wp-json\/wp\/v2\/product_tag?post=30956"}],"curies":[{"name":"wp","href":"https:\/\/api.w.org\/{rel}","templated":true}]}}