{"id":31106,"date":"2025-01-16T16:02:36","date_gmt":"2025-01-16T15:02:36","guid":{"rendered":"https:\/\/spawlab.pl\/produkt\/ideal-expert-tig-202-ac-dc-pulse-pro3-5-lcd\/"},"modified":"2025-08-27T16:53:50","modified_gmt":"2025-08-27T14:53:50","slug":"ideal-expert-tig-202-ac-dc-pulse-pro3-5-lcd","status":"publish","type":"product","link":"https:\/\/spawlab.pl\/en\/produkt\/ideal-expert-tig-202-ac-dc-pulse-pro3-5-lcd\/","title":{"rendered":"Ideal EXPERT TIG 202 AC\/DC PULSE Pro3.5 LCD"},"content":{"rendered":"<p><strong>EXPERT TIG 202 AC\/DC PULSE Pro3.5 LCD<\/strong> &#8211; a compact, portable and incredibly versatile welder that surprises you with its capabilities! ? Thanks to <strong>IGBT<\/strong> technology, precision <strong>AC\/DC<\/strong> welding is now available for any situation &#8211; from the workshop to off-road challenges. Ideal for aluminum, stainless steel and other metals.  <\/p>\n<h3><strong>Welding modes &#8211; maximum flexibility<\/strong><\/h3>\n<p>The EXPERT TIG 202 supports a variety of welding modes:<\/p>\n<ul>\n<li><strong>TIG DC and TIG DC PULS<\/strong> &#8211; perfect precision for stainless steel, carbon steel, copper and titanium.<\/li>\n<li><strong>TIG AC and TIG AC PULS<\/strong> &#8211; ideal for aluminum and brass.<\/li>\n<li><strong>Spot TIG (SPOT)<\/strong> &#8211; precision suturing of thin materials.<\/li>\n<li><strong>MMA and MMA PULS<\/strong> &#8211; for stable covered electrode welds.<\/li>\n<\/ul>\n<p>With the <strong>TIG PULS<\/strong> function, you can control the focus of the arc and limit the amount of heat input, which is crucial for thin materials.<\/p>\n<h3><strong>Full control and intuitive operation<\/strong><\/h3>\n<p>The <strong>LCD<\/strong> display and digital control panel allow easy adjustment of parameters: <\/p>\n<ul>\n<li>Initial and final currents,<\/li>\n<li>Outflow of shielding gas,<\/li>\n<li>Pulse length and frequency,<\/li>\n<li>HOT START, ARC FORCE and ANTI STICK modes.<\/li>\n<\/ul>\n<p>In addition, the user can adjust the shape of the AC voltage curve (rectangular, sinusoidal, triangular) to perfectly match the welding characteristics to the material.<\/p>\n<h3><strong>Reliability and mobility<\/strong><\/h3>\n<ul>\n<li><strong>A fan-cooling system<\/strong> ensures performance even during intensive work.<\/li>\n<li><strong>A quick-connect gas coupler<\/strong> allows you to instantly connect the handle without tools.<\/li>\n<li>Compact design and single-phase power supply (230V) make this device ready to work in any conditions.<\/li>\n<\/ul>\n<h3><strong>Kit ready to go<\/strong><\/h3>\n<p>The set includes:<\/p>\n<ul>\n<li><strong>TIG 26 handle<\/strong> with remote adjustment (4 m),<\/li>\n<li>MMA electrode cable (3 m),<\/li>\n<li>Ground wire (3 m),<\/li>\n<li>Gas hose with quick-connect coupling.<\/li>\n<\/ul>\n<h3><strong>Warranty terms and conditions<\/strong><\/h3>\n<p>12-month warranty with door-to-door service &#8211; no additional transportation costs for the user.<\/p>\n<div class=\"row-wrapper\">\n<div class=\"attribute-name\">Mains protection<\/div>\n<div class=\"attribute-values\">\n<div class=\"attribute-wrapper\">\n<div class=\"attribute-value\">C25A MMA \/ C20A TIG<\/div>\n<\/div>\n<\/div>\n<\/div>\n<div class=\"row-wrapper\">\n<div class=\"attribute-name\">Rated supply voltage<\/div>\n<div class=\"attribute-values\">\n<div class=\"attribute-wrapper\">\n<div class=\"attribute-value\">230V, 50-60Hz, 1ph<\/div>\n<\/div>\n<\/div>\n<\/div>\n<div class=\"row-wrapper\">\n<div class=\"attribute-name\">AC balance<\/div>\n<div class=\"attribute-values\">\n<div class=\"attribute-wrapper\">\n<div class=\"attribute-value\">(-5) &#8211; 5<\/div>\n<\/div>\n<\/div>\n<\/div>\n<div class=\"row-wrapper\">\n<div class=\"attribute-name\">Current rise time<\/div>\n<div class=\"attribute-values\">\n<div class=\"attribute-wrapper\">\n<div class=\"attribute-value\">0 &#8211; 20 s<\/div>\n<\/div>\n<\/div>\n<\/div>\n<div class=\"row-wrapper\">\n<div class=\"attribute-name\">Current drop time<\/div>\n<div class=\"attribute-values\">\n<div class=\"attribute-wrapper\">\n<div class=\"attribute-value\">0 &#8211; 20 s<\/div>\n<\/div>\n<\/div>\n<\/div>\n<div class=\"row-wrapper\">\n<div class=\"attribute-name\">AC frequency<\/div>\n<div class=\"attribute-values\">\n<div class=\"attribute-wrapper\">\n<div class=\"attribute-value\">50 &#8211; 250 Hz<\/div>\n<\/div>\n<\/div>\n<\/div>\n<div class=\"row-wrapper\">\n<div class=\"attribute-name\">Pulse rate<\/div>\n<div class=\"attribute-values\">\n<div class=\"attribute-wrapper\">\n<div class=\"attribute-value\">0.5 &#8211; 999Hz<\/div>\n<\/div>\n<\/div>\n<\/div>\n<div class=\"row-wrapper\">\n<div class=\"attribute-name\">Pulse length<\/div>\n<div class=\"attribute-values\">\n<div class=\"attribute-wrapper\">\n<div class=\"attribute-value\">5 &#8211; 95%<\/div>\n<\/div>\n<\/div>\n<\/div>\n<div class=\"row-wrapper\">\n<div class=\"attribute-name\">Gas after<\/div>\n<div class=\"attribute-values\">\n<div class=\"attribute-wrapper\">\n<div class=\"attribute-value\">0 &#8211; 20 s<\/div>\n<\/div>\n<\/div>\n<\/div>\n<div class=\"row-wrapper\">\n<div class=\"attribute-name\">Gas before<\/div>\n<div class=\"attribute-values\">\n<div class=\"attribute-wrapper\">\n<div class=\"attribute-value\">0 &#8211; 20 s<\/div>\n<\/div>\n<\/div>\n<\/div>\n<div class=\"row-wrapper\">\n<div class=\"attribute-name\">Power<\/div>\n<div class=\"attribute-values\">\n<div class=\"attribute-wrapper\">\n<div class=\"attribute-value\">7.6 kW<\/div>\n<\/div>\n<\/div>\n<\/div>\n<div class=\"row-wrapper\">\n<div class=\"attribute-name\">Idle state voltage<\/div>\n<div class=\"attribute-values\">\n<div class=\"attribute-wrapper\">\n<div class=\"attribute-value\">67 V<\/div>\n<\/div>\n<\/div>\n<\/div>\n<div class=\"row-wrapper\">\n<div class=\"attribute-name\">Base current in the pulse<\/div>\n<div class=\"attribute-values\">\n<div class=\"attribute-wrapper\">\n<div class=\"attribute-value\">10 &#8211; 200 A<\/div>\n<\/div>\n<\/div>\n<\/div>\n<div class=\"row-wrapper\">\n<div class=\"attribute-name\">Final current<\/div>\n<div class=\"attribute-values\">\n<div class=\"attribute-wrapper\">\n<div class=\"attribute-value\">10 &#8211; 200 A<\/div>\n<\/div>\n<\/div>\n<\/div>\n<div class=\"row-wrapper\">\n<div class=\"attribute-name\">Maximum current<\/div>\n<div class=\"attribute-values\">\n<div class=\"attribute-wrapper\">\n<div class=\"attribute-value\">200 A &#8211; 60%<\/div>\n<\/div>\n<\/div>\n<\/div>\n<div class=\"row-wrapper\">\n<div class=\"attribute-name\">Current at 100% operation<\/div>\n<div class=\"attribute-values\">\n<div class=\"attribute-wrapper\">\n<div class=\"attribute-value\">100 A<\/div>\n<\/div>\n<\/div>\n<\/div>\n<div class=\"row-wrapper\">\n<div class=\"attribute-name\">Current at 60% operation<\/div>\n<div class=\"attribute-values\">\n<div class=\"attribute-wrapper\">\n<div class=\"attribute-value\">200 A<\/div>\n<\/div>\n<\/div>\n<\/div>\n<div class=\"row-wrapper\">\n<div class=\"attribute-name\">Starting current<\/div>\n<div class=\"attribute-values\">\n<div class=\"attribute-wrapper\">\n<div class=\"attribute-value\">10 &#8211; 200 A<\/div>\n<\/div>\n<\/div>\n<\/div>\n<div class=\"row-wrapper\">\n<div class=\"attribute-name\">Welding electrode diameter<\/div>\n<div class=\"attribute-values\">\n<div class=\"attribute-wrapper\">\n<div class=\"attribute-value\">1.6 &#8211; 4.0mm<\/div>\n<\/div>\n<\/div>\n<\/div>\n<div class=\"row-wrapper\">\n<div class=\"attribute-name\">Welding current adjustment range<\/div>\n<div class=\"attribute-values\">\n<div class=\"attribute-wrapper\">\n<div class=\"attribute-value\">10 &#8211; 200 A<\/div>\n<\/div>\n<\/div>\n<\/div>\n<div class=\"row-wrapper\">\n<div class=\"attribute-name\">Degree of protection<\/div>\n<div class=\"attribute-values\">\n<div class=\"attribute-wrapper\">\n<div class=\"attribute-value\">IP21S<\/div>\n<\/div>\n<\/div>\n<\/div>\n<div class=\"row-wrapper\">\n<div class=\"attribute-name\">Weight of the device \/ set<\/div>\n<div class=\"attribute-values\">\n<div class=\"attribute-wrapper\">\n<div class=\"attribute-value\">9 \/ 14 kg<\/div>\n<\/div>\n<\/div>\n<\/div>\n<div class=\"row-wrapper\">\n<div class=\"attribute-name\">Overall dimensions L x W x H<\/div>\n<div class=\"attribute-values\">\n<div class=\"attribute-wrapper\">\n<div class=\"attribute-value\">505x160x305 mm<\/div>\n<\/div>\n<\/div>\n<\/div>\n<div class=\"row-wrapper\">\n<div class=\"attribute-name\">Package dimensions L x W x H<\/div>\n<div class=\"attribute-values\">\n<div class=\"attribute-wrapper\">\n<div class=\"attribute-value\">565x220x360 mm<\/div>\n<\/div>\n<\/div>\n<\/div>\n","protected":false},"excerpt":{"rendered":"<div class=\"flex max-w-full flex-col flex-grow\">\n<div class=\"min-h-8 text-message flex w-full flex-col items-end gap-2 whitespace-normal break-words text-start [.text-message+&amp;]:mt-5\" dir=\"auto\" data-message-author-role=\"assistant\" data-message-id=\"62d5a5fd-371b-4d5b-87ce-9e67faeec65b\" data-message-model-slug=\"gpt-4o\">\n<div class=\"flex w-full flex-col gap-1 empty:hidden first:pt-[3px]\">\n<div class=\"markdown prose w-full break-words dark:prose-invert dark\">\n<p><strong>EXPERT TIG 202 AC\/DC PULSE Pro3.5 LCD<\/strong> is a compact TIG welder with 10-200A welding current and single-phase (230V) power supply. With AC\/DC, TIG PULSE functions and an intuitive LCD panel, it is ideal for welding aluminum, stainless steel and other metals. Ideal for professionals who value mobility and precision.  <\/p>\n<\/div>\n<\/div>\n<\/div>\n<\/div>\n","protected":false},"featured_media":18759,"template":"","meta":{"inline_featured_image":false},"product_brand":[],"product_cat":[506,496,474,507],"product_tag":[3505,3490,3500,3499,3503,3476,3504,3502,3498,3471,3444,3473,3475,3496,3501,3474],"class_list":{"0":"post-31106","1":"product","2":"type-product","3":"status-publish","4":"has-post-thumbnail","6":"product_cat-ac-dc-en","7":"product_cat-gas-cooled-en-5","8":"product_cat-new","9":"product_cat-tig-en-2","10":"product_tag-10-200a-welding-current","11":"product_tag-aluminum-welding","12":"product_tag-anti-stick-function","13":"product_tag-arc-force-function","14":"product_tag-compact-welder","15":"product_tag-dc-tig-welding","16":"product_tag-digital-lcd-display","17":"product_tag-expert-tig-202-ac-dc-pulse-pro3-5-lcd-en","18":"product_tag-hot-start-function","19":"product_tag-inverter-welder","20":"product_tag-mma-welding","21":"product_tag-stainless-steel-welding","22":"product_tag-tig-ac-welding","23":"product_tag-tig-puls-welding","24":"product_tag-tig-spot","25":"product_tag-tig-welder","27":"first","28":"onbackorder","29":"taxable","30":"shipping-taxable","31":"purchasable","32":"product-type-simple"},"yoast_head":"<!-- This site is optimized with the Yoast SEO Premium plugin v27.0 (Yoast SEO v27.3) - https:\/\/yoast.com\/product\/yoast-seo-premium-wordpress\/ -->\n<title>Ideal EXPERT TIG 202 AC\/DC PULSE Pro3.5 LCD - SpawLab - Welding equipment and plasma cutters - store and service<\/title>\n<meta name=\"description\" content=\"Lider sprzeda\u017cy, Oficjalny Dystrybutor Premium i Serwis na Polsk\u0119 Migatronic, Gys, Voestalpine Bohler Welding. Nowe i u\u017cywane Spawarki, Przecinarki Plazmowe, Kompresory. Mgr in\u017c. Jaros\u0142aw Ko\u0142aski, IWE\" \/>\n<meta name=\"robots\" content=\"index, follow, max-snippet:-1, max-image-preview:large, max-video-preview:-1\" \/>\n<link rel=\"canonical\" href=\"https:\/\/spawlab.pl\/en\/produkt\/ideal-expert-tig-202-ac-dc-pulse-pro3-5-lcd\/\" \/>\n<meta property=\"og:locale\" content=\"en_US\" \/>\n<meta property=\"og:type\" content=\"article\" \/>\n<meta property=\"og:title\" content=\"Ideal EXPERT TIG 202 AC\/DC PULSE Pro3.5 LCD\" \/>\n<meta property=\"og:description\" content=\"Lider sprzeda\u017cy, Oficjalny Dystrybutor Premium i Serwis na Polsk\u0119 Migatronic, Gys, Voestalpine Bohler Welding. Nowe i u\u017cywane Spawarki, Przecinarki Plazmowe, Kompresory. Mgr in\u017c. Jaros\u0142aw Ko\u0142aski, IWE\" \/>\n<meta property=\"og:url\" content=\"https:\/\/spawlab.pl\/en\/produkt\/ideal-expert-tig-202-ac-dc-pulse-pro3-5-lcd\/\" \/>\n<meta property=\"og:site_name\" content=\"SpawLab - Welding equipment and plasma cutters - store and service\" \/>\n<meta property=\"article:publisher\" content=\"https:\/\/www.facebook.com\/Spawlab\/\" \/>\n<meta property=\"article:modified_time\" content=\"2025-08-27T14:53:50+00:00\" \/>\n<meta property=\"og:image\" content=\"https:\/\/spawlab.pl\/wp-content\/uploads\/2025\/01\/expert-tig-202-ac-dc-pulse-pro3-5-lcd-2eca31d6a3cb4ec788849ca2106a9f03-5d02f820.jpg\" \/>\n\t<meta property=\"og:image:width\" content=\"700\" \/>\n\t<meta property=\"og:image:height\" content=\"510\" \/>\n\t<meta property=\"og:image:type\" content=\"image\/jpeg\" \/>\n<meta name=\"twitter:label1\" content=\"Price\" \/>\n\t<meta name=\"twitter:data1\" content=\"3 249,00&nbsp;&#122;&#322; (2 641,46&nbsp;&#122;&#322; netto)\" \/>\n\t<meta name=\"twitter:label2\" content=\"Availability\" \/>\n\t<meta name=\"twitter:data2\" content=\"On backorder\" \/>\n<script type=\"application\/ld+json\" class=\"yoast-schema-graph\">{\"@context\":\"https:\\\/\\\/schema.org\",\"@graph\":[{\"@type\":[\"WebPage\",\"ItemPage\"],\"@id\":\"https:\\\/\\\/spawlab.pl\\\/en\\\/produkt\\\/ideal-expert-tig-202-ac-dc-pulse-pro3-5-lcd\\\/\",\"url\":\"https:\\\/\\\/spawlab.pl\\\/en\\\/produkt\\\/ideal-expert-tig-202-ac-dc-pulse-pro3-5-lcd\\\/\",\"name\":\"Ideal EXPERT TIG 202 AC\\\/DC PULSE Pro3.5 LCD - SpawLab - Welding equipment and plasma cutters - store and service\",\"isPartOf\":{\"@id\":\"https:\\\/\\\/spawlab.pl\\\/en\\\/#website\"},\"primaryImageOfPage\":{\"@id\":\"https:\\\/\\\/spawlab.pl\\\/en\\\/produkt\\\/ideal-expert-tig-202-ac-dc-pulse-pro3-5-lcd\\\/#primaryimage\"},\"image\":{\"@id\":\"https:\\\/\\\/spawlab.pl\\\/en\\\/produkt\\\/ideal-expert-tig-202-ac-dc-pulse-pro3-5-lcd\\\/#primaryimage\"},\"thumbnailUrl\":\"https:\\\/\\\/spawlab.pl\\\/wp-content\\\/uploads\\\/2025\\\/01\\\/expert-tig-202-ac-dc-pulse-pro3-5-lcd-2eca31d6a3cb4ec788849ca2106a9f03-5d02f820.jpg\",\"datePublished\":\"2025-01-16T15:02:36+00:00\",\"dateModified\":\"2025-08-27T14:53:50+00:00\",\"description\":\"Lider sprzeda\u017cy, Oficjalny Dystrybutor Premium i Serwis na Polsk\u0119 Migatronic, Gys, Voestalpine Bohler Welding. Nowe i u\u017cywane Spawarki, Przecinarki Plazmowe, Kompresory. Mgr in\u017c. Jaros\u0142aw Ko\u0142aski, IWE\",\"breadcrumb\":{\"@id\":\"https:\\\/\\\/spawlab.pl\\\/en\\\/produkt\\\/ideal-expert-tig-202-ac-dc-pulse-pro3-5-lcd\\\/#breadcrumb\"},\"inLanguage\":\"en-US\",\"potentialAction\":[{\"@type\":\"ReadAction\",\"target\":[\"https:\\\/\\\/spawlab.pl\\\/en\\\/produkt\\\/ideal-expert-tig-202-ac-dc-pulse-pro3-5-lcd\\\/\"]}]},{\"@type\":\"ImageObject\",\"inLanguage\":\"en-US\",\"@id\":\"https:\\\/\\\/spawlab.pl\\\/en\\\/produkt\\\/ideal-expert-tig-202-ac-dc-pulse-pro3-5-lcd\\\/#primaryimage\",\"url\":\"https:\\\/\\\/spawlab.pl\\\/wp-content\\\/uploads\\\/2025\\\/01\\\/expert-tig-202-ac-dc-pulse-pro3-5-lcd-2eca31d6a3cb4ec788849ca2106a9f03-5d02f820.jpg\",\"contentUrl\":\"https:\\\/\\\/spawlab.pl\\\/wp-content\\\/uploads\\\/2025\\\/01\\\/expert-tig-202-ac-dc-pulse-pro3-5-lcd-2eca31d6a3cb4ec788849ca2106a9f03-5d02f820.jpg\",\"width\":700,\"height\":510},{\"@type\":\"BreadcrumbList\",\"@id\":\"https:\\\/\\\/spawlab.pl\\\/en\\\/produkt\\\/ideal-expert-tig-202-ac-dc-pulse-pro3-5-lcd\\\/#breadcrumb\",\"itemListElement\":[{\"@type\":\"ListItem\",\"position\":1,\"name\":\"Strona g\u0142\u00f3wna\",\"item\":\"https:\\\/\\\/spawlab.pl\\\/en\\\/\"},{\"@type\":\"ListItem\",\"position\":2,\"name\":\"Store\",\"item\":\"https:\\\/\\\/spawlab.pl\\\/en\\\/shop\\\/\"},{\"@type\":\"ListItem\",\"position\":3,\"name\":\"Ideal EXPERT TIG 202 AC\\\/DC PULSE Pro3.5 LCD\"}]},{\"@type\":\"WebSite\",\"@id\":\"https:\\\/\\\/spawlab.pl\\\/en\\\/#website\",\"url\":\"https:\\\/\\\/spawlab.pl\\\/en\\\/\",\"name\":\"Spawlab.pl Lider - Spawarki, Przecinarki Plazmowe, Kompresory\",\"description\":\"Urz\u0105dzenia spawalnicze i Przecinarki plazmowe\\\/ nowe i u\u017cywane \\\/ Profesjonalny serwis\",\"publisher\":{\"@id\":\"https:\\\/\\\/spawlab.pl\\\/en\\\/#organization\"},\"alternateName\":\"Spawlab.pl - Dystrybutor Premium i Serwis na Polske Migatronic, Gys, Voestalpine Bohler Welding\",\"potentialAction\":[{\"@type\":\"SearchAction\",\"target\":{\"@type\":\"EntryPoint\",\"urlTemplate\":\"https:\\\/\\\/spawlab.pl\\\/en\\\/?s={search_term_string}\"},\"query-input\":{\"@type\":\"PropertyValueSpecification\",\"valueRequired\":true,\"valueName\":\"search_term_string\"}}],\"inLanguage\":\"en-US\"},{\"@type\":[\"Organization\",\"Place\"],\"@id\":\"https:\\\/\\\/spawlab.pl\\\/en\\\/#organization\",\"name\":\"Spawlab.pl\",\"url\":\"https:\\\/\\\/spawlab.pl\\\/en\\\/\",\"logo\":{\"@id\":\"https:\\\/\\\/spawlab.pl\\\/en\\\/produkt\\\/ideal-expert-tig-202-ac-dc-pulse-pro3-5-lcd\\\/#local-main-organization-logo\"},\"image\":{\"@id\":\"https:\\\/\\\/spawlab.pl\\\/en\\\/produkt\\\/ideal-expert-tig-202-ac-dc-pulse-pro3-5-lcd\\\/#local-main-organization-logo\"},\"sameAs\":[\"https:\\\/\\\/www.facebook.com\\\/Spawlab\\\/\",\"https:\\\/\\\/www.linkedin.com\\\/company\\\/spawlab\",\"https:\\\/\\\/www.instagram.com\\\/spawlab.pl\",\"https:\\\/\\\/www.tiktok.com\\\/@spawlab\"],\"description\":\"Lider sprzeda\u017cy, Oficjalny Dystrybutor Premium i Serwis na Polsk\u0119 Migatronic, Gys, Voestalpine Bohler Welding. Nowe i u\u017cywane Spawarki, Przecinarki Plazmowe, Kompresory. Mgr in\u017c. Jaros\u0142aw Ko\u0142aski, IWE\",\"hasMerchantReturnPolicy\":{\"@type\":\"MerchantReturnPolicy\",\"merchantReturnLink\":\"https:\\\/\\\/spawlab.pl\\\/polityka-prywatnosci-2\\\/\"},\"telephone\":[],\"openingHoursSpecification\":[{\"@type\":\"OpeningHoursSpecification\",\"dayOfWeek\":[\"Monday\",\"Tuesday\",\"Wednesday\",\"Thursday\",\"Friday\",\"Saturday\",\"Sunday\"],\"opens\":\"09:00\",\"closes\":\"17:00\"}]},{\"@type\":\"ImageObject\",\"inLanguage\":\"en-US\",\"@id\":\"https:\\\/\\\/spawlab.pl\\\/en\\\/produkt\\\/ideal-expert-tig-202-ac-dc-pulse-pro3-5-lcd\\\/#local-main-organization-logo\",\"url\":\"https:\\\/\\\/spawlab.pl\\\/wp-content\\\/uploads\\\/2022\\\/01\\\/olx.jpg\",\"contentUrl\":\"https:\\\/\\\/spawlab.pl\\\/wp-content\\\/uploads\\\/2022\\\/01\\\/olx.jpg\",\"width\":200,\"height\":200,\"caption\":\"Spawlab.pl\"}]}<\/script>\n<meta property=\"product:brand\" content=\"Ideal\" \/>\n<meta property=\"product:price:amount\" content=\"3249.00\" \/>\n<meta property=\"product:price:currency\" content=\"PLN\" \/>\n<meta property=\"og:availability\" content=\"backorder\" \/>\n<meta property=\"product:availability\" content=\"available for order\" \/>\n<meta property=\"product:condition\" content=\"new\" \/>\n<!-- \/ Yoast SEO Premium plugin. -->","yoast_head_json":{"title":"Ideal EXPERT TIG 202 AC\/DC PULSE Pro3.5 LCD - SpawLab - Welding equipment and plasma cutters - store and service","description":"Lider sprzeda\u017cy, Oficjalny Dystrybutor Premium i Serwis na Polsk\u0119 Migatronic, Gys, Voestalpine Bohler Welding. Nowe i u\u017cywane Spawarki, Przecinarki Plazmowe, Kompresory. Mgr in\u017c. Jaros\u0142aw Ko\u0142aski, IWE","robots":{"index":"index","follow":"follow","max-snippet":"max-snippet:-1","max-image-preview":"max-image-preview:large","max-video-preview":"max-video-preview:-1"},"canonical":"https:\/\/spawlab.pl\/en\/produkt\/ideal-expert-tig-202-ac-dc-pulse-pro3-5-lcd\/","og_locale":"en_US","og_type":"article","og_title":"Ideal EXPERT TIG 202 AC\/DC PULSE Pro3.5 LCD","og_description":"Lider sprzeda\u017cy, Oficjalny Dystrybutor Premium i Serwis na Polsk\u0119 Migatronic, Gys, Voestalpine Bohler Welding. Nowe i u\u017cywane Spawarki, Przecinarki Plazmowe, Kompresory. Mgr in\u017c. Jaros\u0142aw Ko\u0142aski, IWE","og_url":"https:\/\/spawlab.pl\/en\/produkt\/ideal-expert-tig-202-ac-dc-pulse-pro3-5-lcd\/","og_site_name":"SpawLab - Welding equipment and plasma cutters - store and service","article_publisher":"https:\/\/www.facebook.com\/Spawlab\/","article_modified_time":"2025-08-27T14:53:50+00:00","og_image":[{"width":700,"height":510,"url":"https:\/\/spawlab.pl\/wp-content\/uploads\/2025\/01\/expert-tig-202-ac-dc-pulse-pro3-5-lcd-2eca31d6a3cb4ec788849ca2106a9f03-5d02f820.jpg","type":"image\/jpeg"}],"twitter_misc":{"Price":"3 249,00&nbsp;&#122;&#322; (2 641,46&nbsp;&#122;&#322; netto)","Availability":"On backorder"},"schema":{"@context":"https:\/\/schema.org","@graph":[{"@type":["WebPage","ItemPage"],"@id":"https:\/\/spawlab.pl\/en\/produkt\/ideal-expert-tig-202-ac-dc-pulse-pro3-5-lcd\/","url":"https:\/\/spawlab.pl\/en\/produkt\/ideal-expert-tig-202-ac-dc-pulse-pro3-5-lcd\/","name":"Ideal EXPERT TIG 202 AC\/DC PULSE Pro3.5 LCD - SpawLab - Welding equipment and plasma cutters - store and service","isPartOf":{"@id":"https:\/\/spawlab.pl\/en\/#website"},"primaryImageOfPage":{"@id":"https:\/\/spawlab.pl\/en\/produkt\/ideal-expert-tig-202-ac-dc-pulse-pro3-5-lcd\/#primaryimage"},"image":{"@id":"https:\/\/spawlab.pl\/en\/produkt\/ideal-expert-tig-202-ac-dc-pulse-pro3-5-lcd\/#primaryimage"},"thumbnailUrl":"https:\/\/spawlab.pl\/wp-content\/uploads\/2025\/01\/expert-tig-202-ac-dc-pulse-pro3-5-lcd-2eca31d6a3cb4ec788849ca2106a9f03-5d02f820.jpg","datePublished":"2025-01-16T15:02:36+00:00","dateModified":"2025-08-27T14:53:50+00:00","description":"Lider sprzeda\u017cy, Oficjalny Dystrybutor Premium i Serwis na Polsk\u0119 Migatronic, Gys, Voestalpine Bohler Welding. Nowe i u\u017cywane Spawarki, Przecinarki Plazmowe, Kompresory. Mgr in\u017c. Jaros\u0142aw Ko\u0142aski, IWE","breadcrumb":{"@id":"https:\/\/spawlab.pl\/en\/produkt\/ideal-expert-tig-202-ac-dc-pulse-pro3-5-lcd\/#breadcrumb"},"inLanguage":"en-US","potentialAction":[{"@type":"ReadAction","target":["https:\/\/spawlab.pl\/en\/produkt\/ideal-expert-tig-202-ac-dc-pulse-pro3-5-lcd\/"]}]},{"@type":"ImageObject","inLanguage":"en-US","@id":"https:\/\/spawlab.pl\/en\/produkt\/ideal-expert-tig-202-ac-dc-pulse-pro3-5-lcd\/#primaryimage","url":"https:\/\/spawlab.pl\/wp-content\/uploads\/2025\/01\/expert-tig-202-ac-dc-pulse-pro3-5-lcd-2eca31d6a3cb4ec788849ca2106a9f03-5d02f820.jpg","contentUrl":"https:\/\/spawlab.pl\/wp-content\/uploads\/2025\/01\/expert-tig-202-ac-dc-pulse-pro3-5-lcd-2eca31d6a3cb4ec788849ca2106a9f03-5d02f820.jpg","width":700,"height":510},{"@type":"BreadcrumbList","@id":"https:\/\/spawlab.pl\/en\/produkt\/ideal-expert-tig-202-ac-dc-pulse-pro3-5-lcd\/#breadcrumb","itemListElement":[{"@type":"ListItem","position":1,"name":"Strona g\u0142\u00f3wna","item":"https:\/\/spawlab.pl\/en\/"},{"@type":"ListItem","position":2,"name":"Store","item":"https:\/\/spawlab.pl\/en\/shop\/"},{"@type":"ListItem","position":3,"name":"Ideal EXPERT TIG 202 AC\/DC PULSE Pro3.5 LCD"}]},{"@type":"WebSite","@id":"https:\/\/spawlab.pl\/en\/#website","url":"https:\/\/spawlab.pl\/en\/","name":"Spawlab.pl Lider - Spawarki, Przecinarki Plazmowe, Kompresory","description":"Urz\u0105dzenia spawalnicze i Przecinarki plazmowe\/ nowe i u\u017cywane \/ Profesjonalny serwis","publisher":{"@id":"https:\/\/spawlab.pl\/en\/#organization"},"alternateName":"Spawlab.pl - Dystrybutor Premium i Serwis na Polske Migatronic, Gys, Voestalpine Bohler Welding","potentialAction":[{"@type":"SearchAction","target":{"@type":"EntryPoint","urlTemplate":"https:\/\/spawlab.pl\/en\/?s={search_term_string}"},"query-input":{"@type":"PropertyValueSpecification","valueRequired":true,"valueName":"search_term_string"}}],"inLanguage":"en-US"},{"@type":["Organization","Place"],"@id":"https:\/\/spawlab.pl\/en\/#organization","name":"Spawlab.pl","url":"https:\/\/spawlab.pl\/en\/","logo":{"@id":"https:\/\/spawlab.pl\/en\/produkt\/ideal-expert-tig-202-ac-dc-pulse-pro3-5-lcd\/#local-main-organization-logo"},"image":{"@id":"https:\/\/spawlab.pl\/en\/produkt\/ideal-expert-tig-202-ac-dc-pulse-pro3-5-lcd\/#local-main-organization-logo"},"sameAs":["https:\/\/www.facebook.com\/Spawlab\/","https:\/\/www.linkedin.com\/company\/spawlab","https:\/\/www.instagram.com\/spawlab.pl","https:\/\/www.tiktok.com\/@spawlab"],"description":"Lider sprzeda\u017cy, Oficjalny Dystrybutor Premium i Serwis na Polsk\u0119 Migatronic, Gys, Voestalpine Bohler Welding. Nowe i u\u017cywane Spawarki, Przecinarki Plazmowe, Kompresory. Mgr in\u017c. Jaros\u0142aw Ko\u0142aski, IWE","hasMerchantReturnPolicy":{"@type":"MerchantReturnPolicy","merchantReturnLink":"https:\/\/spawlab.pl\/polityka-prywatnosci-2\/"},"telephone":[],"openingHoursSpecification":[{"@type":"OpeningHoursSpecification","dayOfWeek":["Monday","Tuesday","Wednesday","Thursday","Friday","Saturday","Sunday"],"opens":"09:00","closes":"17:00"}]},{"@type":"ImageObject","inLanguage":"en-US","@id":"https:\/\/spawlab.pl\/en\/produkt\/ideal-expert-tig-202-ac-dc-pulse-pro3-5-lcd\/#local-main-organization-logo","url":"https:\/\/spawlab.pl\/wp-content\/uploads\/2022\/01\/olx.jpg","contentUrl":"https:\/\/spawlab.pl\/wp-content\/uploads\/2022\/01\/olx.jpg","width":200,"height":200,"caption":"Spawlab.pl"}]},"product_brand":"Ideal","product_price_amount":"3249.00","product_price_currency":"PLN","og_availability":"backorder","product_availability":"available for order","product_condition":"new"},"_links":{"self":[{"href":"https:\/\/spawlab.pl\/en\/wp-json\/wp\/v2\/product\/31106","targetHints":{"allow":["GET"]}}],"collection":[{"href":"https:\/\/spawlab.pl\/en\/wp-json\/wp\/v2\/product"}],"about":[{"href":"https:\/\/spawlab.pl\/en\/wp-json\/wp\/v2\/types\/product"}],"wp:featuredmedia":[{"embeddable":true,"href":"https:\/\/spawlab.pl\/en\/wp-json\/wp\/v2\/media\/18759"}],"wp:attachment":[{"href":"https:\/\/spawlab.pl\/en\/wp-json\/wp\/v2\/media?parent=31106"}],"wp:term":[{"taxonomy":"product_brand","embeddable":true,"href":"https:\/\/spawlab.pl\/en\/wp-json\/wp\/v2\/product_brand?post=31106"},{"taxonomy":"product_cat","embeddable":true,"href":"https:\/\/spawlab.pl\/en\/wp-json\/wp\/v2\/product_cat?post=31106"},{"taxonomy":"product_tag","embeddable":true,"href":"https:\/\/spawlab.pl\/en\/wp-json\/wp\/v2\/product_tag?post=31106"}],"curies":[{"name":"wp","href":"https:\/\/api.w.org\/{rel}","templated":true}]}}